{"id":7329,"date":"2023-01-20T17:40:09","date_gmt":"2023-01-20T17:40:09","guid":{"rendered":"https:\/\/emea.technetix.com\/sobre-nosotros\/proveedores\/"},"modified":"2023-04-17T23:06:52","modified_gmt":"2023-04-17T23:06:52","slug":"proveedores","status":"publish","type":"page","link":"https:\/\/emea.technetix.com\/es\/sobre-nosotros\/proveedores\/","title":{"rendered":"Proveedores"},"content":{"rendered":"<div class=\"gb-container gb-container-f86f3f4f gb-container-hero-banner\"><div class=\"gb-inside-container\">\n<h1 class=\"gb-headline gb-headline-e1547755 gb-headline-text gb-headline-hero-banner-title\">Proveedores<\/h1>\n<\/div><\/div>\n\n<div class=\"gb-container gb-container-51ab8b9c gb-container-inner-back-page-con\">\n\n<h2 class=\"gb-headline gb-headline-d02c52e4 gb-headline-text\">Technetix trabaja con proveedores l\u00edderes en la industria dentro del mercado de banda ancha y fibra para proporcionarle una amplia selecci\u00f3n de productos de calidad para su red. Hemos construido nuestras asociaciones con marcas l\u00edderes de la industria que conocemos y en las que confiamos.\u200e <\/h2>\n\n\n<div class=\"gb-grid-wrapper gb-grid-wrapper-a3574b78\">\n<div class=\"gb-grid-column gb-grid-column-7b116ef5\"><div class=\"gb-container gb-container-7b116ef5\"><a class=\"gb-container-link\" href=\"https:\/\/www.corning.com\/worldwide\/en.html\" rel=\"noopener noreferrer\" target=\"_blank\"><\/a><div class=\"gb-inside-container\">\n<div class=\"gb-container gb-container-0ada68e6 awards-image-container\"><div class=\"gb-inside-container\">\n\n<figure class=\"gb-block-image gb-block-image-2fffffa1\"><img loading=\"lazy\" decoding=\"async\" width=\"200\" height=\"200\" class=\"gb-image gb-image-2fffffa1\" src=\"https:\/\/emea.technetix.com\/wp-content\/uploads\/sites\/2\/2023\/01\/Corning-200.jpeg\" alt=\"Corning logo\" srcset=\"https:\/\/emea.technetix.com\/wp-content\/uploads\/sites\/2\/2023\/01\/Corning-200.jpeg 200w, https:\/\/emea.technetix.com\/wp-content\/uploads\/sites\/2\/2023\/01\/Corning-200-150x150.jpeg 150w, https:\/\/emea.technetix.com\/wp-content\/uploads\/sites\/2\/2023\/01\/Corning-200-100x100.jpeg 100w\" sizes=\"auto, (max-width: 200px) 100vw, 200px\" \/><\/figure>\n\n<\/div><\/div>\n<\/div><\/div><\/div>\n\n<div class=\"gb-grid-column gb-grid-column-81f006c9\"><div class=\"gb-container gb-container-81f006c9\"><a class=\"gb-container-link\" href=\"https:\/\/www.ppc-online.com\/\" rel=\"noopener noreferrer\" target=\"_blank\"><\/a><div class=\"gb-inside-container\">\n<div class=\"gb-container gb-container-bb5480a1 awards-image-container\"><div class=\"gb-inside-container\">\n\n<figure class=\"gb-block-image gb-block-image-f93c6552\"><img loading=\"lazy\" decoding=\"async\" width=\"200\" height=\"200\" class=\"gb-image gb-image-f93c6552\" src=\"https:\/\/emea.technetix.com\/wp-content\/uploads\/sites\/2\/2023\/01\/PPC-200.jpeg\" alt=\"PPC logo\" srcset=\"https:\/\/emea.technetix.com\/wp-content\/uploads\/sites\/2\/2023\/01\/PPC-200.jpeg 200w, https:\/\/emea.technetix.com\/wp-content\/uploads\/sites\/2\/2023\/01\/PPC-200-150x150.jpeg 150w, https:\/\/emea.technetix.com\/wp-content\/uploads\/sites\/2\/2023\/01\/PPC-200-100x100.jpeg 100w\" sizes=\"auto, (max-width: 200px) 100vw, 200px\" \/><\/figure>\n\n<\/div><\/div>\n<\/div><\/div><\/div>\n\n<div class=\"gb-grid-column gb-grid-column-eade3199\"><div class=\"gb-container gb-container-eade3199\"><a class=\"gb-container-link\" href=\"https:\/\/www.amphenolbroadband.com\/\" rel=\"noopener noreferrer\" target=\"_blank\"><\/a><div class=\"gb-inside-container\">\n<div class=\"gb-container gb-container-96a7c4c3 awards-image-container\"><div class=\"gb-inside-container\">\n\n<figure class=\"gb-block-image gb-block-image-cd57c847\"><img loading=\"lazy\" decoding=\"async\" width=\"200\" height=\"200\" class=\"gb-image gb-image-cd57c847\" src=\"https:\/\/emea.technetix.com\/wp-content\/uploads\/sites\/2\/2023\/01\/AMPHENOL-200.jpeg\" alt=\"Amphenol logo\" srcset=\"https:\/\/emea.technetix.com\/wp-content\/uploads\/sites\/2\/2023\/01\/AMPHENOL-200.jpeg 200w, https:\/\/emea.technetix.com\/wp-content\/uploads\/sites\/2\/2023\/01\/AMPHENOL-200-150x150.jpeg 150w, https:\/\/emea.technetix.com\/wp-content\/uploads\/sites\/2\/2023\/01\/AMPHENOL-200-100x100.jpeg 100w\" sizes=\"auto, (max-width: 200px) 100vw, 200px\" \/><\/figure>\n\n<\/div><\/div>\n<\/div><\/div><\/div>\n\n<div class=\"gb-grid-column gb-grid-column-acebbabd\"><div class=\"gb-container gb-container-acebbabd\"><a class=\"gb-container-link\" href=\"https:\/\/www.ripley-tools.com\/\" rel=\"noopener noreferrer\" target=\"_blank\"><\/a><div class=\"gb-inside-container\">\n<div class=\"gb-container gb-container-09af4dd4 awards-image-container\"><div class=\"gb-inside-container\">\n\n<figure class=\"gb-block-image gb-block-image-9ced033d\"><img loading=\"lazy\" decoding=\"async\" width=\"200\" height=\"200\" class=\"gb-image gb-image-9ced033d\" src=\"https:\/\/emea.technetix.com\/wp-content\/uploads\/sites\/2\/2023\/01\/RIPLEY-TOOLS-200.jpeg\" alt=\"Ripley logo\" srcset=\"https:\/\/emea.technetix.com\/wp-content\/uploads\/sites\/2\/2023\/01\/RIPLEY-TOOLS-200.jpeg 200w, https:\/\/emea.technetix.com\/wp-content\/uploads\/sites\/2\/2023\/01\/RIPLEY-TOOLS-200-150x150.jpeg 150w, https:\/\/emea.technetix.com\/wp-content\/uploads\/sites\/2\/2023\/01\/RIPLEY-TOOLS-200-100x100.jpeg 100w\" sizes=\"auto, (max-width: 200px) 100vw, 200px\" \/><\/figure>\n\n<\/div><\/div>\n<\/div><\/div><\/div>\n<\/div>\n\n<div class=\"gb-grid-wrapper gb-grid-wrapper-7e263a27\">\n<div class=\"gb-grid-column gb-grid-column-bbc9686d\"><div class=\"gb-container gb-container-bbc9686d\"><a class=\"gb-container-link\" href=\"https:\/\/uk.rs-online.com\/web\/\" rel=\"noopener noreferrer\" target=\"_blank\"><\/a><div class=\"gb-inside-container\">\n<div class=\"gb-container gb-container-3560096e awards-image-container\"><div class=\"gb-inside-container\">\n\n<figure class=\"gb-block-image gb-block-image-2859880b\"><img loading=\"lazy\" decoding=\"async\" width=\"200\" height=\"200\" class=\"gb-image gb-image-2859880b\" src=\"https:\/\/emea.technetix.com\/wp-content\/uploads\/sites\/2\/2023\/01\/RS-COMPONENTS-200.jpeg\" alt=\"RS Components logo\" srcset=\"https:\/\/emea.technetix.com\/wp-content\/uploads\/sites\/2\/2023\/01\/RS-COMPONENTS-200.jpeg 200w, https:\/\/emea.technetix.com\/wp-content\/uploads\/sites\/2\/2023\/01\/RS-COMPONENTS-200-150x150.jpeg 150w, https:\/\/emea.technetix.com\/wp-content\/uploads\/sites\/2\/2023\/01\/RS-COMPONENTS-200-100x100.jpeg 100w\" sizes=\"auto, (max-width: 200px) 100vw, 200px\" \/><\/figure>\n\n<\/div><\/div>\n<\/div><\/div><\/div>\n\n<div class=\"gb-grid-column gb-grid-column-f36c9cef\"><div class=\"gb-container gb-container-f36c9cef\"><a class=\"gb-container-link\" href=\"http:\/\/www.devisertek.com\/index.html\" rel=\"noopener noreferrer\" target=\"_blank\"><\/a><div class=\"gb-inside-container\">\n<div class=\"gb-container gb-container-5a40a9e0 awards-image-container\"><div class=\"gb-inside-container\">\n\n<figure class=\"gb-block-image gb-block-image-a5b9c2b2\"><img loading=\"lazy\" decoding=\"async\" width=\"200\" height=\"200\" class=\"gb-image gb-image-a5b9c2b2\" src=\"https:\/\/emea.technetix.com\/wp-content\/uploads\/sites\/2\/2023\/01\/DEVISER-200.jpeg\" alt=\"DEVISER logo\" srcset=\"https:\/\/emea.technetix.com\/wp-content\/uploads\/sites\/2\/2023\/01\/DEVISER-200.jpeg 200w, https:\/\/emea.technetix.com\/wp-content\/uploads\/sites\/2\/2023\/01\/DEVISER-200-150x150.jpeg 150w, https:\/\/emea.technetix.com\/wp-content\/uploads\/sites\/2\/2023\/01\/DEVISER-200-100x100.jpeg 100w\" sizes=\"auto, (max-width: 200px) 100vw, 200px\" \/><\/figure>\n\n<\/div><\/div>\n<\/div><\/div><\/div>\n\n<div class=\"gb-grid-column gb-grid-column-bc5578eb\"><div class=\"gb-container gb-container-bc5578eb\"><a class=\"gb-container-link\" href=\"https:\/\/www.fusionsplicer.fujikura.com\/\" rel=\"noopener noreferrer\" target=\"_blank\"><\/a><div class=\"gb-inside-container\">\n<div class=\"gb-container gb-container-a98bfaea awards-image-container\"><div class=\"gb-inside-container\">\n\n<figure class=\"gb-block-image gb-block-image-07ecc19a\"><img loading=\"lazy\" decoding=\"async\" width=\"200\" height=\"200\" class=\"gb-image gb-image-07ecc19a\" src=\"https:\/\/emea.technetix.com\/wp-content\/uploads\/sites\/2\/2023\/01\/FUJIKURA-200.jpeg\" alt=\"Fujikura logo\" srcset=\"https:\/\/emea.technetix.com\/wp-content\/uploads\/sites\/2\/2023\/01\/FUJIKURA-200.jpeg 200w, https:\/\/emea.technetix.com\/wp-content\/uploads\/sites\/2\/2023\/01\/FUJIKURA-200-150x150.jpeg 150w, https:\/\/emea.technetix.com\/wp-content\/uploads\/sites\/2\/2023\/01\/FUJIKURA-200-100x100.jpeg 100w\" sizes=\"auto, (max-width: 200px) 100vw, 200px\" \/><\/figure>\n\n<\/div><\/div>\n<\/div><\/div><\/div>\n\n<div class=\"gb-grid-column gb-grid-column-f3695064\"><div class=\"gb-container gb-container-f3695064\"><a class=\"gb-container-link\" href=\"https:\/\/www.incoax.com\/\" rel=\"noopener noreferrer\" target=\"_blank\"><\/a><div class=\"gb-inside-container\">\n<div class=\"gb-container gb-container-8ae23f80 awards-image-container\"><div class=\"gb-inside-container\">\n\n<figure class=\"gb-block-image gb-block-image-97935675\"><img loading=\"lazy\" decoding=\"async\" width=\"200\" height=\"200\" class=\"gb-image gb-image-97935675\" src=\"https:\/\/emea.technetix.com\/wp-content\/uploads\/sites\/2\/2023\/01\/INCOAX-200.jpeg\" alt=\"INCOAX logo\" srcset=\"https:\/\/emea.technetix.com\/wp-content\/uploads\/sites\/2\/2023\/01\/INCOAX-200.jpeg 200w, https:\/\/emea.technetix.com\/wp-content\/uploads\/sites\/2\/2023\/01\/INCOAX-200-150x150.jpeg 150w, https:\/\/emea.technetix.com\/wp-content\/uploads\/sites\/2\/2023\/01\/INCOAX-200-100x100.jpeg 100w\" sizes=\"auto, (max-width: 200px) 100vw, 200px\" \/><\/figure>\n\n<\/div><\/div>\n<\/div><\/div><\/div>\n<\/div>\n<\/div>","protected":false},"excerpt":{"rendered":"<p>Proveedores Technetix trabaja con proveedores l\u00edderes en la industria dentro del mercado de banda ancha y fibra para proporcionarle una amplia selecci\u00f3n de productos de calidad para su red. Hemos construido nuestras asociaciones con marcas l\u00edderes de la industria que conocemos y en las que confiamos.\u200e<\/p>\n","protected":false},"author":1,"featured_media":960,"parent":7168,"menu_order":0,"comment_status":"open","ping_status":"closed","template":"","meta":{"_acf_changed":false,"_gspb_post_css":"","footnotes":""},"class_list":["post-7329","page","type-page","status-publish","has-post-thumbnail"],"yoast_head":"<!-- This site is optimized with the Yoast SEO Premium plugin v22.5 (Yoast SEO v27.4) - https:\/\/yoast.com\/product\/yoast-seo-premium-wordpress\/ -->\n<title>Proveedores - Technetix EMEA<\/title>\n<meta name=\"robots\" content=\"index, follow, max-snippet:-1, max-image-preview:large, max-video-preview:-1\" \/>\n<link rel=\"canonical\" href=\"https:\/\/emea.technetix.com\/es\/sobre-nosotros\/proveedores\/\" \/>\n<meta property=\"og:locale\" content=\"es_ES\" \/>\n<meta property=\"og:type\" content=\"article\" \/>\n<meta property=\"og:title\" content=\"Proveedores - Technetix EMEA\" \/>\n<meta property=\"og:description\" content=\"Proveedores Technetix trabaja con proveedores l\u00edderes en la industria dentro del mercado de banda ancha y fibra para proporcionarle una amplia selecci\u00f3n de productos de calidad para su red. Hemos construido nuestras asociaciones con marcas l\u00edderes de la industria que conocemos y en las que confiamos.\u200e\" \/>\n<meta property=\"og:url\" content=\"https:\/\/emea.technetix.com\/es\/sobre-nosotros\/proveedores\/\" \/>\n<meta property=\"og:site_name\" content=\"Technetix EMEA\" \/>\n<meta property=\"article:modified_time\" content=\"2023-04-17T23:06:52+00:00\" \/>\n<meta property=\"og:image\" content=\"https:\/\/emea.technetix.com\/wp-content\/uploads\/sites\/2\/2023\/01\/ABOUT_LARGE_PARTNERS_FINAL.jpg\" \/>\n\t<meta property=\"og:image:width\" content=\"1920\" \/>\n\t<meta property=\"og:image:height\" content=\"450\" \/>\n\t<meta property=\"og:image:type\" content=\"image\/jpeg\" \/>\n<meta name=\"twitter:card\" content=\"summary_large_image\" \/>\n<meta name=\"twitter:site\" content=\"@technetixgroup\" \/>\n<meta name=\"twitter:label1\" content=\"Tiempo de lectura\" \/>\n\t<meta name=\"twitter:data1\" content=\"2 minutos\" \/>\n<script type=\"application\/ld+json\" class=\"yoast-schema-graph\">{\"@context\":\"https:\\\/\\\/schema.org\",\"@graph\":[{\"@type\":\"WebPage\",\"@id\":\"https:\\\/\\\/emea.technetix.com\\\/es\\\/sobre-nosotros\\\/proveedores\\\/\",\"url\":\"https:\\\/\\\/emea.technetix.com\\\/es\\\/sobre-nosotros\\\/proveedores\\\/\",\"name\":\"Proveedores - Technetix EMEA\",\"isPartOf\":{\"@id\":\"https:\\\/\\\/emea.technetix.com\\\/es\\\/#website\"},\"primaryImageOfPage\":{\"@id\":\"https:\\\/\\\/emea.technetix.com\\\/es\\\/sobre-nosotros\\\/proveedores\\\/#primaryimage\"},\"image\":{\"@id\":\"https:\\\/\\\/emea.technetix.com\\\/es\\\/sobre-nosotros\\\/proveedores\\\/#primaryimage\"},\"thumbnailUrl\":\"https:\\\/\\\/emea.technetix.com\\\/wp-content\\\/uploads\\\/sites\\\/2\\\/2023\\\/01\\\/ABOUT_LARGE_PARTNERS_FINAL.jpg\",\"datePublished\":\"2023-01-20T17:40:09+00:00\",\"dateModified\":\"2023-04-17T23:06:52+00:00\",\"breadcrumb\":{\"@id\":\"https:\\\/\\\/emea.technetix.com\\\/es\\\/sobre-nosotros\\\/proveedores\\\/#breadcrumb\"},\"inLanguage\":\"es\",\"potentialAction\":[{\"@type\":\"ReadAction\",\"target\":[\"https:\\\/\\\/emea.technetix.com\\\/es\\\/sobre-nosotros\\\/proveedores\\\/\"]}]},{\"@type\":\"ImageObject\",\"inLanguage\":\"es\",\"@id\":\"https:\\\/\\\/emea.technetix.com\\\/es\\\/sobre-nosotros\\\/proveedores\\\/#primaryimage\",\"url\":\"https:\\\/\\\/emea.technetix.com\\\/wp-content\\\/uploads\\\/sites\\\/2\\\/2023\\\/01\\\/ABOUT_LARGE_PARTNERS_FINAL.jpg\",\"contentUrl\":\"https:\\\/\\\/emea.technetix.com\\\/wp-content\\\/uploads\\\/sites\\\/2\\\/2023\\\/01\\\/ABOUT_LARGE_PARTNERS_FINAL.jpg\",\"width\":1920,\"height\":450},{\"@type\":\"BreadcrumbList\",\"@id\":\"https:\\\/\\\/emea.technetix.com\\\/es\\\/sobre-nosotros\\\/proveedores\\\/#breadcrumb\",\"itemListElement\":[{\"@type\":\"ListItem\",\"position\":1,\"name\":\"Home\",\"item\":\"https:\\\/\\\/emea.technetix.com\\\/es\\\/\"},{\"@type\":\"ListItem\",\"position\":2,\"name\":\"Sobre nosotros\",\"item\":\"https:\\\/\\\/emea.technetix.com\\\/es\\\/sobre-nosotros\\\/\"},{\"@type\":\"ListItem\",\"position\":3,\"name\":\"Proveedores\"}]},{\"@type\":\"WebSite\",\"@id\":\"https:\\\/\\\/emea.technetix.com\\\/es\\\/#website\",\"url\":\"https:\\\/\\\/emea.technetix.com\\\/es\\\/\",\"name\":\"Technetix\",\"description\":\"Next-generation broadband equipment engineering\",\"publisher\":{\"@id\":\"https:\\\/\\\/emea.technetix.com\\\/es\\\/#organization\"},\"potentialAction\":[{\"@type\":\"SearchAction\",\"target\":{\"@type\":\"EntryPoint\",\"urlTemplate\":\"https:\\\/\\\/emea.technetix.com\\\/es\\\/?s={search_term_string}\"},\"query-input\":{\"@type\":\"PropertyValueSpecification\",\"valueRequired\":true,\"valueName\":\"search_term_string\"}}],\"inLanguage\":\"es\"},{\"@type\":\"Organization\",\"@id\":\"https:\\\/\\\/emea.technetix.com\\\/es\\\/#organization\",\"name\":\"Technetix\",\"url\":\"https:\\\/\\\/emea.technetix.com\\\/es\\\/\",\"logo\":{\"@type\":\"ImageObject\",\"inLanguage\":\"es\",\"@id\":\"https:\\\/\\\/emea.technetix.com\\\/es\\\/#\\\/schema\\\/logo\\\/image\\\/\",\"url\":\"https:\\\/\\\/emea.technetix.com\\\/wp-content\\\/uploads\\\/sites\\\/2\\\/2023\\\/06\\\/logo-Technetix-1000x1000-1.png\",\"contentUrl\":\"https:\\\/\\\/emea.technetix.com\\\/wp-content\\\/uploads\\\/sites\\\/2\\\/2023\\\/06\\\/logo-Technetix-1000x1000-1.png\",\"width\":1000,\"height\":1000,\"caption\":\"Technetix\"},\"image\":{\"@id\":\"https:\\\/\\\/emea.technetix.com\\\/es\\\/#\\\/schema\\\/logo\\\/image\\\/\"},\"sameAs\":[\"https:\\\/\\\/x.com\\\/technetixgroup\",\"https:\\\/\\\/www.linkedin.com\\\/company\\\/technetix\\\/\",\"https:\\\/\\\/www.youtube.com\\\/c\\\/Technetix-group\"]}]}<\/script>\n<!-- \/ Yoast SEO Premium plugin. -->","yoast_head_json":{"title":"Proveedores - Technetix EMEA","robots":{"index":"index","follow":"follow","max-snippet":"max-snippet:-1","max-image-preview":"max-image-preview:large","max-video-preview":"max-video-preview:-1"},"canonical":"https:\/\/emea.technetix.com\/es\/sobre-nosotros\/proveedores\/","og_locale":"es_ES","og_type":"article","og_title":"Proveedores - Technetix EMEA","og_description":"Proveedores Technetix trabaja con proveedores l\u00edderes en la industria dentro del mercado de banda ancha y fibra para proporcionarle una amplia selecci\u00f3n de productos de calidad para su red. Hemos construido nuestras asociaciones con marcas l\u00edderes de la industria que conocemos y en las que confiamos.\u200e","og_url":"https:\/\/emea.technetix.com\/es\/sobre-nosotros\/proveedores\/","og_site_name":"Technetix EMEA","article_modified_time":"2023-04-17T23:06:52+00:00","og_image":[{"width":1920,"height":450,"url":"https:\/\/emea.technetix.com\/wp-content\/uploads\/sites\/2\/2023\/01\/ABOUT_LARGE_PARTNERS_FINAL.jpg","type":"image\/jpeg"}],"twitter_card":"summary_large_image","twitter_site":"@technetixgroup","twitter_misc":{"Tiempo de lectura":"2 minutos"},"schema":{"@context":"https:\/\/schema.org","@graph":[{"@type":"WebPage","@id":"https:\/\/emea.technetix.com\/es\/sobre-nosotros\/proveedores\/","url":"https:\/\/emea.technetix.com\/es\/sobre-nosotros\/proveedores\/","name":"Proveedores - Technetix EMEA","isPartOf":{"@id":"https:\/\/emea.technetix.com\/es\/#website"},"primaryImageOfPage":{"@id":"https:\/\/emea.technetix.com\/es\/sobre-nosotros\/proveedores\/#primaryimage"},"image":{"@id":"https:\/\/emea.technetix.com\/es\/sobre-nosotros\/proveedores\/#primaryimage"},"thumbnailUrl":"https:\/\/emea.technetix.com\/wp-content\/uploads\/sites\/2\/2023\/01\/ABOUT_LARGE_PARTNERS_FINAL.jpg","datePublished":"2023-01-20T17:40:09+00:00","dateModified":"2023-04-17T23:06:52+00:00","breadcrumb":{"@id":"https:\/\/emea.technetix.com\/es\/sobre-nosotros\/proveedores\/#breadcrumb"},"inLanguage":"es","potentialAction":[{"@type":"ReadAction","target":["https:\/\/emea.technetix.com\/es\/sobre-nosotros\/proveedores\/"]}]},{"@type":"ImageObject","inLanguage":"es","@id":"https:\/\/emea.technetix.com\/es\/sobre-nosotros\/proveedores\/#primaryimage","url":"https:\/\/emea.technetix.com\/wp-content\/uploads\/sites\/2\/2023\/01\/ABOUT_LARGE_PARTNERS_FINAL.jpg","contentUrl":"https:\/\/emea.technetix.com\/wp-content\/uploads\/sites\/2\/2023\/01\/ABOUT_LARGE_PARTNERS_FINAL.jpg","width":1920,"height":450},{"@type":"BreadcrumbList","@id":"https:\/\/emea.technetix.com\/es\/sobre-nosotros\/proveedores\/#breadcrumb","itemListElement":[{"@type":"ListItem","position":1,"name":"Home","item":"https:\/\/emea.technetix.com\/es\/"},{"@type":"ListItem","position":2,"name":"Sobre nosotros","item":"https:\/\/emea.technetix.com\/es\/sobre-nosotros\/"},{"@type":"ListItem","position":3,"name":"Proveedores"}]},{"@type":"WebSite","@id":"https:\/\/emea.technetix.com\/es\/#website","url":"https:\/\/emea.technetix.com\/es\/","name":"Technetix","description":"Next-generation broadband equipment engineering","publisher":{"@id":"https:\/\/emea.technetix.com\/es\/#organization"},"potentialAction":[{"@type":"SearchAction","target":{"@type":"EntryPoint","urlTemplate":"https:\/\/emea.technetix.com\/es\/?s={search_term_string}"},"query-input":{"@type":"PropertyValueSpecification","valueRequired":true,"valueName":"search_term_string"}}],"inLanguage":"es"},{"@type":"Organization","@id":"https:\/\/emea.technetix.com\/es\/#organization","name":"Technetix","url":"https:\/\/emea.technetix.com\/es\/","logo":{"@type":"ImageObject","inLanguage":"es","@id":"https:\/\/emea.technetix.com\/es\/#\/schema\/logo\/image\/","url":"https:\/\/emea.technetix.com\/wp-content\/uploads\/sites\/2\/2023\/06\/logo-Technetix-1000x1000-1.png","contentUrl":"https:\/\/emea.technetix.com\/wp-content\/uploads\/sites\/2\/2023\/06\/logo-Technetix-1000x1000-1.png","width":1000,"height":1000,"caption":"Technetix"},"image":{"@id":"https:\/\/emea.technetix.com\/es\/#\/schema\/logo\/image\/"},"sameAs":["https:\/\/x.com\/technetixgroup","https:\/\/www.linkedin.com\/company\/technetix\/","https:\/\/www.youtube.com\/c\/Technetix-group"]}]}},"acf":[],"publishpress_future_workflow_manual_trigger":{"enabledWorkflows":[]},"_links":{"self":[{"href":"https:\/\/emea.technetix.com\/es\/wp-json\/wp\/v2\/pages\/7329","targetHints":{"allow":["GET"]}}],"collection":[{"href":"https:\/\/emea.technetix.com\/es\/wp-json\/wp\/v2\/pages"}],"about":[{"href":"https:\/\/emea.technetix.com\/es\/wp-json\/wp\/v2\/types\/page"}],"author":[{"embeddable":true,"href":"https:\/\/emea.technetix.com\/es\/wp-json\/wp\/v2\/users\/1"}],"replies":[{"embeddable":true,"href":"https:\/\/emea.technetix.com\/es\/wp-json\/wp\/v2\/comments?post=7329"}],"version-history":[{"count":0,"href":"https:\/\/emea.technetix.com\/es\/wp-json\/wp\/v2\/pages\/7329\/revisions"}],"up":[{"embeddable":true,"href":"https:\/\/emea.technetix.com\/es\/wp-json\/wp\/v2\/pages\/7168"}],"wp:featuredmedia":[{"embeddable":true,"href":"https:\/\/emea.technetix.com\/es\/wp-json\/wp\/v2\/media\/960"}],"wp:attachment":[{"href":"https:\/\/emea.technetix.com\/es\/wp-json\/wp\/v2\/media?parent=7329"}],"curies":[{"name":"wp","href":"https:\/\/api.w.org\/{rel}","templated":true}]}}