{"id":7321,"date":"2023-02-02T22:33:53","date_gmt":"2023-02-02T22:33:53","guid":{"rendered":"https:\/\/emea.technetix.com\/redes-hfc\/redes-en-el-hogar\/soluciones-de-autoinstalacion\/"},"modified":"2023-04-17T07:46:48","modified_gmt":"2023-04-17T07:46:48","slug":"soluciones-de-autoinstalacion","status":"publish","type":"page","link":"https:\/\/emea.technetix.com\/es\/redes-hfc\/redes-en-el-hogar\/soluciones-de-autoinstalacion\/","title":{"rendered":"Soluciones de autoinstalaci\u00f3n"},"content":{"rendered":"<div class=\"gb-container gb-container-f86f3f4f gb-container-hero-banner\"><div class=\"gb-inside-container\">\n<h1 class=\"gb-headline gb-headline-e1547755 gb-headline-text gb-headline-hero-banner-title\">Soluciones de autoinstalaci\u00f3n<\/h1>\n<\/div><\/div>\n\n<div class=\"gb-container gb-container-75afa178 gb-container-inner-back-page-con\">\n\n<h2 class=\"gb-headline gb-headline-d02c52e4 gb-headline-text\">Maximice la satisfacci\u00f3n del cliente y reduzca los costos operativos con kits de autoinstalaci\u00f3n de alta calidad y f\u00e1ciles de usar.<\/h2>\n\n\n\n<p class=\"gb-headline gb-headline-6656b5c3 gb-headline-text\">Usted y sus clientes pueden beneficiarse de:<\/p>\n\n\n\n<ul class=\"wp-block-list\">\n<li>Costos de conexi\u00f3n reducidos<\/li>\n\n\n\n<li>Instalaci\u00f3n a conveniencia del cliente<\/li>\n\n\n\n<li>Los ingenieros no necesitan entrar en las viviendas.<\/li>\n\n\n\n<li>Los componentes son de alta calidad y f\u00e1ciles de usar, reducen la cantidad de visitas por problemas de mantenimiento.<\/li>\n<\/ul>\n\n\n\n<p class=\"gb-headline gb-headline-623f5b86 gb-headline-text\">Qu\u00e9 podemos ofrecer:<\/p>\n\n\n\n<ul class=\"wp-block-list\">\n<li>Los materiales del kit incluyen cables de RF, cables HDMI, divisores, adaptadores y fuentes de alimentaci\u00f3n<\/li>\n\n\n\n<li>Kits de amplificadores para el hogar con todos los accesorios y un manual f\u00e1cil de usar<\/li>\n\n\n\n<li>Se encuentra disponible un servicio completo de equipamiento para todos los accesorios que permiten crear un kit de autoinstalaci\u00f3n de m\u00f3dem o decodificador.<\/li>\n<\/ul>\n\n\n\n<p class=\"gb-headline gb-headline-c9b08205 gb-headline-text\">Si desea obtener m\u00e1s informaci\u00f3n sobre c\u00f3mo optimizar la experiencia de incorporaci\u00f3n de sus clientes con los kits de autoinstalaci\u00f3n, <a href=\"https:\/\/emea.technetix.com\/contact-us\/\">comun\u00edquese con nosotros<\/a>.<\/p>\n\n\n<div class=\"gb-grid-wrapper gb-grid-wrapper-4617d5ff\">\n<div class=\"gb-grid-column gb-grid-column-c98865de\"><div class=\"gb-container gb-container-c98865de\"><div class=\"gb-inside-container\">\n\n<figure class=\"gb-block-image gb-block-image-61e35e7d\"><img loading=\"lazy\" decoding=\"async\" width=\"1000\" height=\"1000\" class=\"gb-image gb-image-61e35e7d\" src=\"https:\/\/emea.technetix.com\/wp-content\/uploads\/sites\/2\/2023\/02\/19013732_DG100-VM-1.5M_PRFL_02.jpg\" alt=\"Los materiales del kit incluyen cables de RF, cables HDMI, divisores, adaptadores y fuentes de alimentaci\u00f3n\" srcset=\"https:\/\/emea.technetix.com\/wp-content\/uploads\/sites\/2\/2023\/02\/19013732_DG100-VM-1.5M_PRFL_02.jpg 1000w, https:\/\/emea.technetix.com\/wp-content\/uploads\/sites\/2\/2023\/02\/19013732_DG100-VM-1.5M_PRFL_02-300x300.jpg 300w, https:\/\/emea.technetix.com\/wp-content\/uploads\/sites\/2\/2023\/02\/19013732_DG100-VM-1.5M_PRFL_02-150x150.jpg 150w, https:\/\/emea.technetix.com\/wp-content\/uploads\/sites\/2\/2023\/02\/19013732_DG100-VM-1.5M_PRFL_02-768x768.jpg 768w, https:\/\/emea.technetix.com\/wp-content\/uploads\/sites\/2\/2023\/02\/19013732_DG100-VM-1.5M_PRFL_02-600x600.jpg 600w, https:\/\/emea.technetix.com\/wp-content\/uploads\/sites\/2\/2023\/02\/19013732_DG100-VM-1.5M_PRFL_02-100x100.jpg 100w\" sizes=\"auto, (max-width: 1000px) 100vw, 1000px\" \/><\/figure>\n\n<\/div><\/div><\/div>\n\n<div class=\"gb-grid-column gb-grid-column-ed8ec11b\"><div class=\"gb-container gb-container-ed8ec11b\"><div class=\"gb-inside-container\">\n\n<figure class=\"gb-block-image gb-block-image-f5380205\"><img loading=\"lazy\" decoding=\"async\" width=\"1000\" height=\"1000\" class=\"gb-image gb-image-f5380205\" src=\"https:\/\/emea.technetix.com\/wp-content\/uploads\/sites\/2\/2023\/02\/HDMIwithPaperTies.jpeg\" alt=\"Kits de amplificadores para el hogar con todos los accesorios y un manual f\u00e1cil de usar\" srcset=\"https:\/\/emea.technetix.com\/wp-content\/uploads\/sites\/2\/2023\/02\/HDMIwithPaperTies.jpeg 1000w, https:\/\/emea.technetix.com\/wp-content\/uploads\/sites\/2\/2023\/02\/HDMIwithPaperTies-300x300.jpeg 300w, https:\/\/emea.technetix.com\/wp-content\/uploads\/sites\/2\/2023\/02\/HDMIwithPaperTies-150x150.jpeg 150w, https:\/\/emea.technetix.com\/wp-content\/uploads\/sites\/2\/2023\/02\/HDMIwithPaperTies-768x768.jpeg 768w, https:\/\/emea.technetix.com\/wp-content\/uploads\/sites\/2\/2023\/02\/HDMIwithPaperTies-600x600.jpeg 600w, https:\/\/emea.technetix.com\/wp-content\/uploads\/sites\/2\/2023\/02\/HDMIwithPaperTies-100x100.jpeg 100w\" sizes=\"auto, (max-width: 1000px) 100vw, 1000px\" \/><\/figure>\n\n<\/div><\/div><\/div>\n\n<div class=\"gb-grid-column gb-grid-column-80bf310d\"><div class=\"gb-container gb-container-80bf310d\"><div class=\"gb-inside-container\">\n\n<figure class=\"gb-block-image gb-block-image-dd19386a\"><img loading=\"lazy\" decoding=\"async\" width=\"1000\" height=\"1000\" class=\"gb-image gb-image-dd19386a\" src=\"https:\/\/emea.technetix.com\/wp-content\/uploads\/sites\/2\/2023\/02\/10300135_MCP-03_PRFL_02.jpeg\" alt=\"Se encuentra disponible un servicio completo de equipamiento para todos los accesorios que permiten crear un kit de autoinstalaci\u00f3n de m\u00f3dem o decodificador.\" srcset=\"https:\/\/emea.technetix.com\/wp-content\/uploads\/sites\/2\/2023\/02\/10300135_MCP-03_PRFL_02.jpeg 1000w, https:\/\/emea.technetix.com\/wp-content\/uploads\/sites\/2\/2023\/02\/10300135_MCP-03_PRFL_02-300x300.jpeg 300w, https:\/\/emea.technetix.com\/wp-content\/uploads\/sites\/2\/2023\/02\/10300135_MCP-03_PRFL_02-150x150.jpeg 150w, https:\/\/emea.technetix.com\/wp-content\/uploads\/sites\/2\/2023\/02\/10300135_MCP-03_PRFL_02-768x768.jpeg 768w, https:\/\/emea.technetix.com\/wp-content\/uploads\/sites\/2\/2023\/02\/10300135_MCP-03_PRFL_02-600x600.jpeg 600w, https:\/\/emea.technetix.com\/wp-content\/uploads\/sites\/2\/2023\/02\/10300135_MCP-03_PRFL_02-100x100.jpeg 100w\" sizes=\"auto, (max-width: 1000px) 100vw, 1000px\" \/><\/figure>\n\n<\/div><\/div><\/div>\n<\/div>\n<\/div>\n\n<div class=\"gb-container gb-container-7dc52369 gb-container-con-buttons-bottom\">\n\n<h2 class=\"gb-headline gb-headline-7ce6fa4b gb-headline-text gb-headline-head-bottom-buttons\">Enlaces de inter\u00e9s<\/h2>\n\n\n<div class=\"gb-button-wrapper gb-button-wrapper-5300c273 gb-button-wrapper-after-con-buttons\">\n\n<a class=\"gb-button gb-button-74bfad52 gb-button-text gb-button-bottom-button\" href=\"https:\/\/emea.technetix.com\/es\/contactenos\/\">Cont\u00e1ctenos<\/a>\n\n<\/div>\n<\/div>","protected":false},"excerpt":{"rendered":"<p>Soluciones de autoinstalaci\u00f3n Maximice la satisfacci\u00f3n del cliente y reduzca los costos operativos con kits de autoinstalaci\u00f3n de alta calidad y f\u00e1ciles de usar. Usted y sus clientes pueden beneficiarse de: Qu\u00e9 podemos ofrecer: Si desea obtener m\u00e1s informaci\u00f3n sobre c\u00f3mo optimizar la experiencia de incorporaci\u00f3n de sus clientes con los kits de autoinstalaci\u00f3n, comun\u00edquese &#8230; <a title=\"Soluciones de autoinstalaci\u00f3n\" class=\"read-more\" href=\"https:\/\/emea.technetix.com\/es\/redes-hfc\/redes-en-el-hogar\/soluciones-de-autoinstalacion\/\" aria-label=\"Leer m\u00e1s sobre Soluciones de autoinstalaci\u00f3n\">Read more<\/a><\/p>\n","protected":false},"author":1,"featured_media":2518,"parent":7132,"menu_order":0,"comment_status":"open","ping_status":"closed","template":"","meta":{"_acf_changed":false,"_gspb_post_css":"","footnotes":""},"class_list":["post-7321","page","type-page","status-publish","has-post-thumbnail"],"yoast_head":"<!-- This site is optimized with the Yoast SEO Premium plugin v22.5 (Yoast SEO v27.3) - https:\/\/yoast.com\/product\/yoast-seo-premium-wordpress\/ -->\n<title>Soluciones de autoinstalaci\u00f3n - Technetix EMEA<\/title>\n<meta name=\"robots\" content=\"index, follow, max-snippet:-1, max-image-preview:large, max-video-preview:-1\" \/>\n<link rel=\"canonical\" href=\"https:\/\/emea.technetix.com\/es\/redes-hfc\/redes-en-el-hogar\/soluciones-de-autoinstalacion\/\" \/>\n<meta property=\"og:locale\" content=\"es_ES\" \/>\n<meta property=\"og:type\" content=\"article\" \/>\n<meta property=\"og:title\" content=\"Soluciones de autoinstalaci\u00f3n - Technetix EMEA\" \/>\n<meta property=\"og:description\" content=\"Soluciones de autoinstalaci\u00f3n Maximice la satisfacci\u00f3n del cliente y reduzca los costos operativos con kits de autoinstalaci\u00f3n de alta calidad y f\u00e1ciles de usar. Usted y sus clientes pueden beneficiarse de: Qu\u00e9 podemos ofrecer: Si desea obtener m\u00e1s informaci\u00f3n sobre c\u00f3mo optimizar la experiencia de incorporaci\u00f3n de sus clientes con los kits de autoinstalaci\u00f3n, comun\u00edquese ... Read more\" \/>\n<meta property=\"og:url\" content=\"https:\/\/emea.technetix.com\/es\/redes-hfc\/redes-en-el-hogar\/soluciones-de-autoinstalacion\/\" \/>\n<meta property=\"og:site_name\" content=\"Technetix EMEA\" \/>\n<meta property=\"article:modified_time\" content=\"2023-04-17T07:46:48+00:00\" \/>\n<meta property=\"og:image\" content=\"https:\/\/emea.technetix.com\/wp-content\/uploads\/sites\/2\/2023\/02\/LANDING_PAGE_LARGE_SELF-INSTALL_FINAL.jpeg\" \/>\n\t<meta property=\"og:image:width\" content=\"1920\" \/>\n\t<meta property=\"og:image:height\" content=\"450\" \/>\n\t<meta property=\"og:image:type\" content=\"image\/jpeg\" \/>\n<meta name=\"twitter:card\" content=\"summary_large_image\" \/>\n<meta name=\"twitter:site\" content=\"@technetixgroup\" \/>\n<meta name=\"twitter:label1\" content=\"Tiempo de lectura\" \/>\n\t<meta name=\"twitter:data1\" content=\"2 minutos\" \/>\n<script type=\"application\/ld+json\" class=\"yoast-schema-graph\">{\"@context\":\"https:\\\/\\\/schema.org\",\"@graph\":[{\"@type\":\"WebPage\",\"@id\":\"https:\\\/\\\/emea.technetix.com\\\/es\\\/redes-hfc\\\/redes-en-el-hogar\\\/soluciones-de-autoinstalacion\\\/\",\"url\":\"https:\\\/\\\/emea.technetix.com\\\/es\\\/redes-hfc\\\/redes-en-el-hogar\\\/soluciones-de-autoinstalacion\\\/\",\"name\":\"Soluciones de autoinstalaci\u00f3n - Technetix EMEA\",\"isPartOf\":{\"@id\":\"https:\\\/\\\/emea.technetix.com\\\/es\\\/#website\"},\"primaryImageOfPage\":{\"@id\":\"https:\\\/\\\/emea.technetix.com\\\/es\\\/redes-hfc\\\/redes-en-el-hogar\\\/soluciones-de-autoinstalacion\\\/#primaryimage\"},\"image\":{\"@id\":\"https:\\\/\\\/emea.technetix.com\\\/es\\\/redes-hfc\\\/redes-en-el-hogar\\\/soluciones-de-autoinstalacion\\\/#primaryimage\"},\"thumbnailUrl\":\"https:\\\/\\\/emea.technetix.com\\\/wp-content\\\/uploads\\\/sites\\\/2\\\/2023\\\/02\\\/LANDING_PAGE_LARGE_SELF-INSTALL_FINAL.jpeg\",\"datePublished\":\"2023-02-02T22:33:53+00:00\",\"dateModified\":\"2023-04-17T07:46:48+00:00\",\"breadcrumb\":{\"@id\":\"https:\\\/\\\/emea.technetix.com\\\/es\\\/redes-hfc\\\/redes-en-el-hogar\\\/soluciones-de-autoinstalacion\\\/#breadcrumb\"},\"inLanguage\":\"es\",\"potentialAction\":[{\"@type\":\"ReadAction\",\"target\":[\"https:\\\/\\\/emea.technetix.com\\\/es\\\/redes-hfc\\\/redes-en-el-hogar\\\/soluciones-de-autoinstalacion\\\/\"]}]},{\"@type\":\"ImageObject\",\"inLanguage\":\"es\",\"@id\":\"https:\\\/\\\/emea.technetix.com\\\/es\\\/redes-hfc\\\/redes-en-el-hogar\\\/soluciones-de-autoinstalacion\\\/#primaryimage\",\"url\":\"https:\\\/\\\/emea.technetix.com\\\/wp-content\\\/uploads\\\/sites\\\/2\\\/2023\\\/02\\\/LANDING_PAGE_LARGE_SELF-INSTALL_FINAL.jpeg\",\"contentUrl\":\"https:\\\/\\\/emea.technetix.com\\\/wp-content\\\/uploads\\\/sites\\\/2\\\/2023\\\/02\\\/LANDING_PAGE_LARGE_SELF-INSTALL_FINAL.jpeg\",\"width\":1920,\"height\":450},{\"@type\":\"BreadcrumbList\",\"@id\":\"https:\\\/\\\/emea.technetix.com\\\/es\\\/redes-hfc\\\/redes-en-el-hogar\\\/soluciones-de-autoinstalacion\\\/#breadcrumb\",\"itemListElement\":[{\"@type\":\"ListItem\",\"position\":1,\"name\":\"Home\",\"item\":\"https:\\\/\\\/emea.technetix.com\\\/es\\\/\"},{\"@type\":\"ListItem\",\"position\":2,\"name\":\"Banda ancha de cable\",\"item\":\"https:\\\/\\\/emea.technetix.com\\\/es\\\/redes-hfc\\\/\"},{\"@type\":\"ListItem\",\"position\":3,\"name\":\"Redes en el hogar\",\"item\":\"https:\\\/\\\/emea.technetix.com\\\/es\\\/redes-hfc\\\/redes-en-el-hogar\\\/\"},{\"@type\":\"ListItem\",\"position\":4,\"name\":\"Soluciones de autoinstalaci\u00f3n\"}]},{\"@type\":\"WebSite\",\"@id\":\"https:\\\/\\\/emea.technetix.com\\\/es\\\/#website\",\"url\":\"https:\\\/\\\/emea.technetix.com\\\/es\\\/\",\"name\":\"Technetix\",\"description\":\"Next-generation broadband equipment engineering\",\"publisher\":{\"@id\":\"https:\\\/\\\/emea.technetix.com\\\/es\\\/#organization\"},\"potentialAction\":[{\"@type\":\"SearchAction\",\"target\":{\"@type\":\"EntryPoint\",\"urlTemplate\":\"https:\\\/\\\/emea.technetix.com\\\/es\\\/?s={search_term_string}\"},\"query-input\":{\"@type\":\"PropertyValueSpecification\",\"valueRequired\":true,\"valueName\":\"search_term_string\"}}],\"inLanguage\":\"es\"},{\"@type\":\"Organization\",\"@id\":\"https:\\\/\\\/emea.technetix.com\\\/es\\\/#organization\",\"name\":\"Technetix\",\"url\":\"https:\\\/\\\/emea.technetix.com\\\/es\\\/\",\"logo\":{\"@type\":\"ImageObject\",\"inLanguage\":\"es\",\"@id\":\"https:\\\/\\\/emea.technetix.com\\\/es\\\/#\\\/schema\\\/logo\\\/image\\\/\",\"url\":\"https:\\\/\\\/emea.technetix.com\\\/wp-content\\\/uploads\\\/sites\\\/2\\\/2023\\\/06\\\/logo-Technetix-1000x1000-1.png\",\"contentUrl\":\"https:\\\/\\\/emea.technetix.com\\\/wp-content\\\/uploads\\\/sites\\\/2\\\/2023\\\/06\\\/logo-Technetix-1000x1000-1.png\",\"width\":1000,\"height\":1000,\"caption\":\"Technetix\"},\"image\":{\"@id\":\"https:\\\/\\\/emea.technetix.com\\\/es\\\/#\\\/schema\\\/logo\\\/image\\\/\"},\"sameAs\":[\"https:\\\/\\\/x.com\\\/technetixgroup\",\"https:\\\/\\\/www.linkedin.com\\\/company\\\/technetix\\\/\",\"https:\\\/\\\/www.youtube.com\\\/c\\\/Technetix-group\"]}]}<\/script>\n<!-- \/ Yoast SEO Premium plugin. -->","yoast_head_json":{"title":"Soluciones de autoinstalaci\u00f3n - Technetix EMEA","robots":{"index":"index","follow":"follow","max-snippet":"max-snippet:-1","max-image-preview":"max-image-preview:large","max-video-preview":"max-video-preview:-1"},"canonical":"https:\/\/emea.technetix.com\/es\/redes-hfc\/redes-en-el-hogar\/soluciones-de-autoinstalacion\/","og_locale":"es_ES","og_type":"article","og_title":"Soluciones de autoinstalaci\u00f3n - Technetix EMEA","og_description":"Soluciones de autoinstalaci\u00f3n Maximice la satisfacci\u00f3n del cliente y reduzca los costos operativos con kits de autoinstalaci\u00f3n de alta calidad y f\u00e1ciles de usar. Usted y sus clientes pueden beneficiarse de: Qu\u00e9 podemos ofrecer: Si desea obtener m\u00e1s informaci\u00f3n sobre c\u00f3mo optimizar la experiencia de incorporaci\u00f3n de sus clientes con los kits de autoinstalaci\u00f3n, comun\u00edquese ... Read more","og_url":"https:\/\/emea.technetix.com\/es\/redes-hfc\/redes-en-el-hogar\/soluciones-de-autoinstalacion\/","og_site_name":"Technetix EMEA","article_modified_time":"2023-04-17T07:46:48+00:00","og_image":[{"width":1920,"height":450,"url":"https:\/\/emea.technetix.com\/wp-content\/uploads\/sites\/2\/2023\/02\/LANDING_PAGE_LARGE_SELF-INSTALL_FINAL.jpeg","type":"image\/jpeg"}],"twitter_card":"summary_large_image","twitter_site":"@technetixgroup","twitter_misc":{"Tiempo de lectura":"2 minutos"},"schema":{"@context":"https:\/\/schema.org","@graph":[{"@type":"WebPage","@id":"https:\/\/emea.technetix.com\/es\/redes-hfc\/redes-en-el-hogar\/soluciones-de-autoinstalacion\/","url":"https:\/\/emea.technetix.com\/es\/redes-hfc\/redes-en-el-hogar\/soluciones-de-autoinstalacion\/","name":"Soluciones de autoinstalaci\u00f3n - Technetix EMEA","isPartOf":{"@id":"https:\/\/emea.technetix.com\/es\/#website"},"primaryImageOfPage":{"@id":"https:\/\/emea.technetix.com\/es\/redes-hfc\/redes-en-el-hogar\/soluciones-de-autoinstalacion\/#primaryimage"},"image":{"@id":"https:\/\/emea.technetix.com\/es\/redes-hfc\/redes-en-el-hogar\/soluciones-de-autoinstalacion\/#primaryimage"},"thumbnailUrl":"https:\/\/emea.technetix.com\/wp-content\/uploads\/sites\/2\/2023\/02\/LANDING_PAGE_LARGE_SELF-INSTALL_FINAL.jpeg","datePublished":"2023-02-02T22:33:53+00:00","dateModified":"2023-04-17T07:46:48+00:00","breadcrumb":{"@id":"https:\/\/emea.technetix.com\/es\/redes-hfc\/redes-en-el-hogar\/soluciones-de-autoinstalacion\/#breadcrumb"},"inLanguage":"es","potentialAction":[{"@type":"ReadAction","target":["https:\/\/emea.technetix.com\/es\/redes-hfc\/redes-en-el-hogar\/soluciones-de-autoinstalacion\/"]}]},{"@type":"ImageObject","inLanguage":"es","@id":"https:\/\/emea.technetix.com\/es\/redes-hfc\/redes-en-el-hogar\/soluciones-de-autoinstalacion\/#primaryimage","url":"https:\/\/emea.technetix.com\/wp-content\/uploads\/sites\/2\/2023\/02\/LANDING_PAGE_LARGE_SELF-INSTALL_FINAL.jpeg","contentUrl":"https:\/\/emea.technetix.com\/wp-content\/uploads\/sites\/2\/2023\/02\/LANDING_PAGE_LARGE_SELF-INSTALL_FINAL.jpeg","width":1920,"height":450},{"@type":"BreadcrumbList","@id":"https:\/\/emea.technetix.com\/es\/redes-hfc\/redes-en-el-hogar\/soluciones-de-autoinstalacion\/#breadcrumb","itemListElement":[{"@type":"ListItem","position":1,"name":"Home","item":"https:\/\/emea.technetix.com\/es\/"},{"@type":"ListItem","position":2,"name":"Banda ancha de cable","item":"https:\/\/emea.technetix.com\/es\/redes-hfc\/"},{"@type":"ListItem","position":3,"name":"Redes en el hogar","item":"https:\/\/emea.technetix.com\/es\/redes-hfc\/redes-en-el-hogar\/"},{"@type":"ListItem","position":4,"name":"Soluciones de autoinstalaci\u00f3n"}]},{"@type":"WebSite","@id":"https:\/\/emea.technetix.com\/es\/#website","url":"https:\/\/emea.technetix.com\/es\/","name":"Technetix","description":"Next-generation broadband equipment engineering","publisher":{"@id":"https:\/\/emea.technetix.com\/es\/#organization"},"potentialAction":[{"@type":"SearchAction","target":{"@type":"EntryPoint","urlTemplate":"https:\/\/emea.technetix.com\/es\/?s={search_term_string}"},"query-input":{"@type":"PropertyValueSpecification","valueRequired":true,"valueName":"search_term_string"}}],"inLanguage":"es"},{"@type":"Organization","@id":"https:\/\/emea.technetix.com\/es\/#organization","name":"Technetix","url":"https:\/\/emea.technetix.com\/es\/","logo":{"@type":"ImageObject","inLanguage":"es","@id":"https:\/\/emea.technetix.com\/es\/#\/schema\/logo\/image\/","url":"https:\/\/emea.technetix.com\/wp-content\/uploads\/sites\/2\/2023\/06\/logo-Technetix-1000x1000-1.png","contentUrl":"https:\/\/emea.technetix.com\/wp-content\/uploads\/sites\/2\/2023\/06\/logo-Technetix-1000x1000-1.png","width":1000,"height":1000,"caption":"Technetix"},"image":{"@id":"https:\/\/emea.technetix.com\/es\/#\/schema\/logo\/image\/"},"sameAs":["https:\/\/x.com\/technetixgroup","https:\/\/www.linkedin.com\/company\/technetix\/","https:\/\/www.youtube.com\/c\/Technetix-group"]}]}},"acf":[],"publishpress_future_workflow_manual_trigger":{"enabledWorkflows":[]},"_links":{"self":[{"href":"https:\/\/emea.technetix.com\/es\/wp-json\/wp\/v2\/pages\/7321","targetHints":{"allow":["GET"]}}],"collection":[{"href":"https:\/\/emea.technetix.com\/es\/wp-json\/wp\/v2\/pages"}],"about":[{"href":"https:\/\/emea.technetix.com\/es\/wp-json\/wp\/v2\/types\/page"}],"author":[{"embeddable":true,"href":"https:\/\/emea.technetix.com\/es\/wp-json\/wp\/v2\/users\/1"}],"replies":[{"embeddable":true,"href":"https:\/\/emea.technetix.com\/es\/wp-json\/wp\/v2\/comments?post=7321"}],"version-history":[{"count":0,"href":"https:\/\/emea.technetix.com\/es\/wp-json\/wp\/v2\/pages\/7321\/revisions"}],"up":[{"embeddable":true,"href":"https:\/\/emea.technetix.com\/es\/wp-json\/wp\/v2\/pages\/7132"}],"wp:featuredmedia":[{"embeddable":true,"href":"https:\/\/emea.technetix.com\/es\/wp-json\/wp\/v2\/media\/2518"}],"wp:attachment":[{"href":"https:\/\/emea.technetix.com\/es\/wp-json\/wp\/v2\/media?parent=7321"}],"curies":[{"name":"wp","href":"https:\/\/api.w.org\/{rel}","templated":true}]}}