{"id":7315,"date":"2023-02-02T22:08:22","date_gmt":"2023-02-02T22:08:22","guid":{"rendered":"https:\/\/emea.technetix.com\/redes-hfc\/redes-en-el-hogar\/cables-hdmi\/"},"modified":"2023-05-05T14:17:13","modified_gmt":"2023-05-05T14:17:13","slug":"cables-hdmi","status":"publish","type":"page","link":"https:\/\/emea.technetix.com\/es\/redes-hfc\/redes-en-el-hogar\/cables-hdmi\/","title":{"rendered":"Cables HDMI"},"content":{"rendered":"<div class=\"gb-container gb-container-f86f3f4f gb-container-hero-banner\"><div class=\"gb-inside-container\">\n<h1 class=\"gb-headline gb-headline-e1547755 gb-headline-text gb-headline-hero-banner-title\">Cables HDMI<\/h1>\n<\/div><\/div>\n\n<div class=\"gb-container gb-container-5874dbc5 gb-container-inner-back-page-con\">\n\n<h2 class=\"gb-headline gb-headline-d02c52e4 gb-headline-text\">El ultimo eslabon. Entregando la imagen perfecta. <\/h2>\n\n\n\n<ul class=\"wp-block-list\">\n<li>Soporta la \u00faltima tecnolog\u00eda 4K UHD, ARC, 3D<\/li>\n\n\n\n<li>Rendimiento certificado v1.4, v2.0 o v2.1 garantizado<\/li>\n\n\n\n<li>Especificaciones y dise\u00f1o personalizables para soluciones a medida<\/li>\n<\/ul>\n\n\n\n<p class=\"gb-headline gb-headline-6656b5c3 gb-headline-text\">Las se\u00f1ales de RF llegan perfectamente a la casa y han sido decodificadas por el decodificador, ahora necesitan llegar al televisor en el mismo estado. El cable HDMI apropiado es, por supuesto, la mejor manera de hacerlo, pero a menudo se olvida, con pantallas 4K que ahora son la norma y un gran aumento en la disponibilidad de contenido 4K, material HDR y formatos de audio de alta resoluci\u00f3n que un cable HDMI est\u00e1ndar no siempre puede hacer frente. <\/p>\n\n\n\n<figure class=\"gb-block-image gb-block-image-61e35e7d\"><img loading=\"lazy\" decoding=\"async\" width=\"1920\" height=\"992\" class=\"gb-image gb-image-61e35e7d\" src=\"https:\/\/emea.technetix.com\/wp-content\/uploads\/sites\/2\/2023\/02\/hdmi-diagram.jpeg\" alt=\"Imagen perfecta garantizada\" srcset=\"https:\/\/emea.technetix.com\/wp-content\/uploads\/sites\/2\/2023\/02\/hdmi-diagram.jpeg 1920w, https:\/\/emea.technetix.com\/wp-content\/uploads\/sites\/2\/2023\/02\/hdmi-diagram-300x155.jpeg 300w, https:\/\/emea.technetix.com\/wp-content\/uploads\/sites\/2\/2023\/02\/hdmi-diagram-1024x529.jpeg 1024w, https:\/\/emea.technetix.com\/wp-content\/uploads\/sites\/2\/2023\/02\/hdmi-diagram-768x397.jpeg 768w, https:\/\/emea.technetix.com\/wp-content\/uploads\/sites\/2\/2023\/02\/hdmi-diagram-1536x794.jpeg 1536w, https:\/\/emea.technetix.com\/wp-content\/uploads\/sites\/2\/2023\/02\/hdmi-diagram-600x310.jpeg 600w\" sizes=\"auto, (max-width: 1920px) 100vw, 1920px\" \/><\/figure>\n\n\n\n<h2 class=\"gb-headline gb-headline-6b17d0fd gb-headline-text gb-headline-h2-in-content\">Imagen perfecta garantizada<\/h2>\n\n\n\n<p class=\"gb-headline gb-headline-623f5b86 gb-headline-text\">Los cables HDMI de Technetix se fabrican con materiales cuidadosamente seleccionados y se ensamblan para cumplir con todos los requisitos de la \u00faltima generaci\u00f3n de hardware. Cumplen plenamente con los est\u00e1ndares establecidos por el Administrador de Licencias HDMI (HDMI.org). Solo utilizamos proveedores de conectores aprobados y nuestras instalaciones de fabricaci\u00f3n son adoptantes oficiales del programa de desarrollo de HDMI.org. Nuestros cables pasan por un riguroso proceso de control de calidad durante el montaje y se prueban completamente antes del env\u00edo.   <\/p>\n\n\n\n<p class=\"gb-headline gb-headline-c9b08205 gb-headline-text\">Los cables HDMI est\u00e1n disponibles en 3 categor\u00edas principales seg\u00fan lo definido por HDMI.org:<\/p>\n\n\n\n<ul class=\"wp-block-list\">\n<li>Alta velocidad: recomendado para se\u00f1ales de hasta 1080p<\/li>\n\n\n\n<li>Alta velocidad premium: perfecto para todo el hardware con resoluci\u00f3n 4K<\/li>\n\n\n\n<li>Velocidad ultra alta: esencial para juegos de resoluci\u00f3n extrema de 8K y 10K<\/li>\n<\/ul>\n\n\n\n<p class=\"gb-headline gb-headline-7d9b84a1 gb-headline-text\">Nuestros cables pueden soportar todas las \u00faltimas tecnolog\u00edas, incluyendo Deep Colour, 3D, ARC y Ethernet Channel se pueden especificar para adaptarse perfectamente a cualquier aplicaci\u00f3n. Tenemos muchas opciones de personalizaci\u00f3n con respecto a longitudes, colores, tipos de cabezales, di\u00e1metros de cables y opciones de embalaje. Incluso podemos moldear logotipos y dise\u00f1os personalizados en cabezales de enchufe para proporcionar un producto a medida para sus necesidades, lo que garantiza que el cable se adapte perfectamente al hardware.  <\/p>\n\n\n\n<p class=\"gb-headline gb-headline-712dbc3d gb-headline-text\">Si necesita un cable delgado especial con un rendimiento superior o simplemente un cable HDMI convencional de 2 metros, Technetix puede proporcionarle la soluci\u00f3n. Las opciones de embalaje listas para la venta al por menor van desde simples etiquetas colgantes hasta cajas impresas en papel de aluminio y son todos complementos opcionales para su producto. <\/p>\n\n\n\n<p class=\"gb-headline gb-headline-1ec254a9 gb-headline-text\">P\u00f3ngase en contacto y aseg\u00farese de que sus clientes obtengan el rendimiento que merecen, \u00a1garantizado!<\/p>\n\n\n\n<figure class=\"gb-block-image gb-block-image-6c544550\"><img loading=\"lazy\" decoding=\"async\" width=\"1000\" height=\"1000\" class=\"gb-image gb-image-6c544550\" src=\"https:\/\/emea.technetix.com\/wp-content\/uploads\/sites\/2\/2023\/02\/HDMIwithPaperTies.jpeg\" alt=\"Los cables HDMI de Technetix se fabrican con materiales cuidadosamente seleccionados y se ensamblan para cumplir con todos los requisitos de la \u00faltima generaci\u00f3n de hardware\" srcset=\"https:\/\/emea.technetix.com\/wp-content\/uploads\/sites\/2\/2023\/02\/HDMIwithPaperTies.jpeg 1000w, https:\/\/emea.technetix.com\/wp-content\/uploads\/sites\/2\/2023\/02\/HDMIwithPaperTies-300x300.jpeg 300w, https:\/\/emea.technetix.com\/wp-content\/uploads\/sites\/2\/2023\/02\/HDMIwithPaperTies-150x150.jpeg 150w, https:\/\/emea.technetix.com\/wp-content\/uploads\/sites\/2\/2023\/02\/HDMIwithPaperTies-768x768.jpeg 768w, https:\/\/emea.technetix.com\/wp-content\/uploads\/sites\/2\/2023\/02\/HDMIwithPaperTies-600x600.jpeg 600w, https:\/\/emea.technetix.com\/wp-content\/uploads\/sites\/2\/2023\/02\/HDMIwithPaperTies-100x100.jpeg 100w\" sizes=\"auto, (max-width: 1000px) 100vw, 1000px\" \/><\/figure>\n\n<\/div>\n\n<div class=\"gb-container gb-container-d2a8dd60 gb-container-con-buttons-bottom\">\n\n<h2 class=\"gb-headline gb-headline-7ce6fa4b gb-headline-text gb-headline-head-bottom-buttons\">Enlaces de inter\u00e9s<\/h2>\n\n\n<div class=\"gb-button-wrapper gb-button-wrapper-5300c273 gb-button-wrapper-after-con-buttons\">\n\n<a class=\"gb-button gb-button-3eadfa91 gb-button-text gb-button-bottom-button\" href=\"https:\/\/emea.technetix.com\/wp-content\/uploads\/sites\/2\/2023\/02\/19008246_HDMI-LGI-2P_DS_EN.pdf\" target=\"_blank\" rel=\"noopener noreferrer\">Ficha t\u00e9cnicas<\/a>\n\n\n\n<a class=\"gb-button gb-button-4ceed201 gb-button-text gb-button-bottom-button\" href=\"https:\/\/emea.technetix.com\/es\/productos\/tecnologia-de-banda-ancha\/equipos-de-cliente-cpe-y-perifericos\/\">Explora las series<\/a>\n\n\n\n<a class=\"gb-button gb-button-74bfad52 gb-button-text gb-button-bottom-button\" href=\"https:\/\/emea.technetix.com\/es\/contactenos\/\">Cont\u00e1ctenos<\/a>\n\n<\/div>\n<\/div>","protected":false},"excerpt":{"rendered":"<p>Cables HDMI El ultimo eslabon. Entregando la imagen perfecta. Las se\u00f1ales de RF llegan perfectamente a la casa y han sido decodificadas por el decodificador, ahora necesitan llegar al televisor en el mismo estado. El cable HDMI apropiado es, por supuesto, la mejor manera de hacerlo, pero a menudo se olvida, con pantallas 4K que &#8230; <a title=\"Cables HDMI\" class=\"read-more\" href=\"https:\/\/emea.technetix.com\/es\/redes-hfc\/redes-en-el-hogar\/cables-hdmi\/\" aria-label=\"Leer m\u00e1s sobre Cables HDMI\">Read more<\/a><\/p>\n","protected":false},"author":1,"featured_media":2515,"parent":7132,"menu_order":0,"comment_status":"open","ping_status":"closed","template":"","meta":{"_acf_changed":false,"_gspb_post_css":"","footnotes":""},"class_list":["post-7315","page","type-page","status-publish","has-post-thumbnail"],"yoast_head":"<!-- This site is optimized with the Yoast SEO Premium plugin v22.5 (Yoast SEO v27.3) - https:\/\/yoast.com\/product\/yoast-seo-premium-wordpress\/ -->\n<title>Cables HDMI - Technetix EMEA<\/title>\n<meta name=\"robots\" content=\"index, follow, max-snippet:-1, max-image-preview:large, max-video-preview:-1\" \/>\n<link rel=\"canonical\" href=\"https:\/\/emea.technetix.com\/es\/redes-hfc\/redes-en-el-hogar\/cables-hdmi\/\" \/>\n<meta property=\"og:locale\" content=\"es_ES\" \/>\n<meta property=\"og:type\" content=\"article\" \/>\n<meta property=\"og:title\" content=\"Cables HDMI - Technetix EMEA\" \/>\n<meta property=\"og:description\" content=\"Cables HDMI El ultimo eslabon. Entregando la imagen perfecta. Las se\u00f1ales de RF llegan perfectamente a la casa y han sido decodificadas por el decodificador, ahora necesitan llegar al televisor en el mismo estado. El cable HDMI apropiado es, por supuesto, la mejor manera de hacerlo, pero a menudo se olvida, con pantallas 4K que ... Read more\" \/>\n<meta property=\"og:url\" content=\"https:\/\/emea.technetix.com\/es\/redes-hfc\/redes-en-el-hogar\/cables-hdmi\/\" \/>\n<meta property=\"og:site_name\" content=\"Technetix EMEA\" \/>\n<meta property=\"article:modified_time\" content=\"2023-05-05T14:17:13+00:00\" \/>\n<meta property=\"og:image\" content=\"https:\/\/emea.technetix.com\/wp-content\/uploads\/sites\/2\/2023\/02\/LANDING_PAGE_LARGE_HDMI_FINAL.jpeg\" \/>\n\t<meta property=\"og:image:width\" content=\"1920\" \/>\n\t<meta property=\"og:image:height\" content=\"450\" \/>\n\t<meta property=\"og:image:type\" content=\"image\/jpeg\" \/>\n<meta name=\"twitter:card\" content=\"summary_large_image\" \/>\n<meta name=\"twitter:site\" content=\"@technetixgroup\" \/>\n<meta name=\"twitter:label1\" content=\"Tiempo de lectura\" \/>\n\t<meta name=\"twitter:data1\" content=\"3 minutos\" \/>\n<script type=\"application\/ld+json\" class=\"yoast-schema-graph\">{\"@context\":\"https:\\\/\\\/schema.org\",\"@graph\":[{\"@type\":\"WebPage\",\"@id\":\"https:\\\/\\\/emea.technetix.com\\\/es\\\/redes-hfc\\\/redes-en-el-hogar\\\/cables-hdmi\\\/\",\"url\":\"https:\\\/\\\/emea.technetix.com\\\/es\\\/redes-hfc\\\/redes-en-el-hogar\\\/cables-hdmi\\\/\",\"name\":\"Cables HDMI - Technetix EMEA\",\"isPartOf\":{\"@id\":\"https:\\\/\\\/emea.technetix.com\\\/es\\\/#website\"},\"primaryImageOfPage\":{\"@id\":\"https:\\\/\\\/emea.technetix.com\\\/es\\\/redes-hfc\\\/redes-en-el-hogar\\\/cables-hdmi\\\/#primaryimage\"},\"image\":{\"@id\":\"https:\\\/\\\/emea.technetix.com\\\/es\\\/redes-hfc\\\/redes-en-el-hogar\\\/cables-hdmi\\\/#primaryimage\"},\"thumbnailUrl\":\"https:\\\/\\\/emea.technetix.com\\\/wp-content\\\/uploads\\\/sites\\\/2\\\/2023\\\/02\\\/LANDING_PAGE_LARGE_HDMI_FINAL.jpeg\",\"datePublished\":\"2023-02-02T22:08:22+00:00\",\"dateModified\":\"2023-05-05T14:17:13+00:00\",\"breadcrumb\":{\"@id\":\"https:\\\/\\\/emea.technetix.com\\\/es\\\/redes-hfc\\\/redes-en-el-hogar\\\/cables-hdmi\\\/#breadcrumb\"},\"inLanguage\":\"es\",\"potentialAction\":[{\"@type\":\"ReadAction\",\"target\":[\"https:\\\/\\\/emea.technetix.com\\\/es\\\/redes-hfc\\\/redes-en-el-hogar\\\/cables-hdmi\\\/\"]}]},{\"@type\":\"ImageObject\",\"inLanguage\":\"es\",\"@id\":\"https:\\\/\\\/emea.technetix.com\\\/es\\\/redes-hfc\\\/redes-en-el-hogar\\\/cables-hdmi\\\/#primaryimage\",\"url\":\"https:\\\/\\\/emea.technetix.com\\\/wp-content\\\/uploads\\\/sites\\\/2\\\/2023\\\/02\\\/LANDING_PAGE_LARGE_HDMI_FINAL.jpeg\",\"contentUrl\":\"https:\\\/\\\/emea.technetix.com\\\/wp-content\\\/uploads\\\/sites\\\/2\\\/2023\\\/02\\\/LANDING_PAGE_LARGE_HDMI_FINAL.jpeg\",\"width\":1920,\"height\":450},{\"@type\":\"BreadcrumbList\",\"@id\":\"https:\\\/\\\/emea.technetix.com\\\/es\\\/redes-hfc\\\/redes-en-el-hogar\\\/cables-hdmi\\\/#breadcrumb\",\"itemListElement\":[{\"@type\":\"ListItem\",\"position\":1,\"name\":\"Home\",\"item\":\"https:\\\/\\\/emea.technetix.com\\\/es\\\/\"},{\"@type\":\"ListItem\",\"position\":2,\"name\":\"Banda ancha de cable\",\"item\":\"https:\\\/\\\/emea.technetix.com\\\/es\\\/redes-hfc\\\/\"},{\"@type\":\"ListItem\",\"position\":3,\"name\":\"Redes en el hogar\",\"item\":\"https:\\\/\\\/emea.technetix.com\\\/es\\\/redes-hfc\\\/redes-en-el-hogar\\\/\"},{\"@type\":\"ListItem\",\"position\":4,\"name\":\"Cables HDMI\"}]},{\"@type\":\"WebSite\",\"@id\":\"https:\\\/\\\/emea.technetix.com\\\/es\\\/#website\",\"url\":\"https:\\\/\\\/emea.technetix.com\\\/es\\\/\",\"name\":\"Technetix\",\"description\":\"Next-generation broadband equipment engineering\",\"publisher\":{\"@id\":\"https:\\\/\\\/emea.technetix.com\\\/es\\\/#organization\"},\"potentialAction\":[{\"@type\":\"SearchAction\",\"target\":{\"@type\":\"EntryPoint\",\"urlTemplate\":\"https:\\\/\\\/emea.technetix.com\\\/es\\\/?s={search_term_string}\"},\"query-input\":{\"@type\":\"PropertyValueSpecification\",\"valueRequired\":true,\"valueName\":\"search_term_string\"}}],\"inLanguage\":\"es\"},{\"@type\":\"Organization\",\"@id\":\"https:\\\/\\\/emea.technetix.com\\\/es\\\/#organization\",\"name\":\"Technetix\",\"url\":\"https:\\\/\\\/emea.technetix.com\\\/es\\\/\",\"logo\":{\"@type\":\"ImageObject\",\"inLanguage\":\"es\",\"@id\":\"https:\\\/\\\/emea.technetix.com\\\/es\\\/#\\\/schema\\\/logo\\\/image\\\/\",\"url\":\"https:\\\/\\\/emea.technetix.com\\\/wp-content\\\/uploads\\\/sites\\\/2\\\/2023\\\/06\\\/logo-Technetix-1000x1000-1.png\",\"contentUrl\":\"https:\\\/\\\/emea.technetix.com\\\/wp-content\\\/uploads\\\/sites\\\/2\\\/2023\\\/06\\\/logo-Technetix-1000x1000-1.png\",\"width\":1000,\"height\":1000,\"caption\":\"Technetix\"},\"image\":{\"@id\":\"https:\\\/\\\/emea.technetix.com\\\/es\\\/#\\\/schema\\\/logo\\\/image\\\/\"},\"sameAs\":[\"https:\\\/\\\/x.com\\\/technetixgroup\",\"https:\\\/\\\/www.linkedin.com\\\/company\\\/technetix\\\/\",\"https:\\\/\\\/www.youtube.com\\\/c\\\/Technetix-group\"]}]}<\/script>\n<!-- \/ Yoast SEO Premium plugin. -->","yoast_head_json":{"title":"Cables HDMI - Technetix EMEA","robots":{"index":"index","follow":"follow","max-snippet":"max-snippet:-1","max-image-preview":"max-image-preview:large","max-video-preview":"max-video-preview:-1"},"canonical":"https:\/\/emea.technetix.com\/es\/redes-hfc\/redes-en-el-hogar\/cables-hdmi\/","og_locale":"es_ES","og_type":"article","og_title":"Cables HDMI - Technetix EMEA","og_description":"Cables HDMI El ultimo eslabon. Entregando la imagen perfecta. Las se\u00f1ales de RF llegan perfectamente a la casa y han sido decodificadas por el decodificador, ahora necesitan llegar al televisor en el mismo estado. El cable HDMI apropiado es, por supuesto, la mejor manera de hacerlo, pero a menudo se olvida, con pantallas 4K que ... Read more","og_url":"https:\/\/emea.technetix.com\/es\/redes-hfc\/redes-en-el-hogar\/cables-hdmi\/","og_site_name":"Technetix EMEA","article_modified_time":"2023-05-05T14:17:13+00:00","og_image":[{"width":1920,"height":450,"url":"https:\/\/emea.technetix.com\/wp-content\/uploads\/sites\/2\/2023\/02\/LANDING_PAGE_LARGE_HDMI_FINAL.jpeg","type":"image\/jpeg"}],"twitter_card":"summary_large_image","twitter_site":"@technetixgroup","twitter_misc":{"Tiempo de lectura":"3 minutos"},"schema":{"@context":"https:\/\/schema.org","@graph":[{"@type":"WebPage","@id":"https:\/\/emea.technetix.com\/es\/redes-hfc\/redes-en-el-hogar\/cables-hdmi\/","url":"https:\/\/emea.technetix.com\/es\/redes-hfc\/redes-en-el-hogar\/cables-hdmi\/","name":"Cables HDMI - Technetix EMEA","isPartOf":{"@id":"https:\/\/emea.technetix.com\/es\/#website"},"primaryImageOfPage":{"@id":"https:\/\/emea.technetix.com\/es\/redes-hfc\/redes-en-el-hogar\/cables-hdmi\/#primaryimage"},"image":{"@id":"https:\/\/emea.technetix.com\/es\/redes-hfc\/redes-en-el-hogar\/cables-hdmi\/#primaryimage"},"thumbnailUrl":"https:\/\/emea.technetix.com\/wp-content\/uploads\/sites\/2\/2023\/02\/LANDING_PAGE_LARGE_HDMI_FINAL.jpeg","datePublished":"2023-02-02T22:08:22+00:00","dateModified":"2023-05-05T14:17:13+00:00","breadcrumb":{"@id":"https:\/\/emea.technetix.com\/es\/redes-hfc\/redes-en-el-hogar\/cables-hdmi\/#breadcrumb"},"inLanguage":"es","potentialAction":[{"@type":"ReadAction","target":["https:\/\/emea.technetix.com\/es\/redes-hfc\/redes-en-el-hogar\/cables-hdmi\/"]}]},{"@type":"ImageObject","inLanguage":"es","@id":"https:\/\/emea.technetix.com\/es\/redes-hfc\/redes-en-el-hogar\/cables-hdmi\/#primaryimage","url":"https:\/\/emea.technetix.com\/wp-content\/uploads\/sites\/2\/2023\/02\/LANDING_PAGE_LARGE_HDMI_FINAL.jpeg","contentUrl":"https:\/\/emea.technetix.com\/wp-content\/uploads\/sites\/2\/2023\/02\/LANDING_PAGE_LARGE_HDMI_FINAL.jpeg","width":1920,"height":450},{"@type":"BreadcrumbList","@id":"https:\/\/emea.technetix.com\/es\/redes-hfc\/redes-en-el-hogar\/cables-hdmi\/#breadcrumb","itemListElement":[{"@type":"ListItem","position":1,"name":"Home","item":"https:\/\/emea.technetix.com\/es\/"},{"@type":"ListItem","position":2,"name":"Banda ancha de cable","item":"https:\/\/emea.technetix.com\/es\/redes-hfc\/"},{"@type":"ListItem","position":3,"name":"Redes en el hogar","item":"https:\/\/emea.technetix.com\/es\/redes-hfc\/redes-en-el-hogar\/"},{"@type":"ListItem","position":4,"name":"Cables HDMI"}]},{"@type":"WebSite","@id":"https:\/\/emea.technetix.com\/es\/#website","url":"https:\/\/emea.technetix.com\/es\/","name":"Technetix","description":"Next-generation broadband equipment engineering","publisher":{"@id":"https:\/\/emea.technetix.com\/es\/#organization"},"potentialAction":[{"@type":"SearchAction","target":{"@type":"EntryPoint","urlTemplate":"https:\/\/emea.technetix.com\/es\/?s={search_term_string}"},"query-input":{"@type":"PropertyValueSpecification","valueRequired":true,"valueName":"search_term_string"}}],"inLanguage":"es"},{"@type":"Organization","@id":"https:\/\/emea.technetix.com\/es\/#organization","name":"Technetix","url":"https:\/\/emea.technetix.com\/es\/","logo":{"@type":"ImageObject","inLanguage":"es","@id":"https:\/\/emea.technetix.com\/es\/#\/schema\/logo\/image\/","url":"https:\/\/emea.technetix.com\/wp-content\/uploads\/sites\/2\/2023\/06\/logo-Technetix-1000x1000-1.png","contentUrl":"https:\/\/emea.technetix.com\/wp-content\/uploads\/sites\/2\/2023\/06\/logo-Technetix-1000x1000-1.png","width":1000,"height":1000,"caption":"Technetix"},"image":{"@id":"https:\/\/emea.technetix.com\/es\/#\/schema\/logo\/image\/"},"sameAs":["https:\/\/x.com\/technetixgroup","https:\/\/www.linkedin.com\/company\/technetix\/","https:\/\/www.youtube.com\/c\/Technetix-group"]}]}},"acf":[],"publishpress_future_workflow_manual_trigger":{"enabledWorkflows":[]},"_links":{"self":[{"href":"https:\/\/emea.technetix.com\/es\/wp-json\/wp\/v2\/pages\/7315","targetHints":{"allow":["GET"]}}],"collection":[{"href":"https:\/\/emea.technetix.com\/es\/wp-json\/wp\/v2\/pages"}],"about":[{"href":"https:\/\/emea.technetix.com\/es\/wp-json\/wp\/v2\/types\/page"}],"author":[{"embeddable":true,"href":"https:\/\/emea.technetix.com\/es\/wp-json\/wp\/v2\/users\/1"}],"replies":[{"embeddable":true,"href":"https:\/\/emea.technetix.com\/es\/wp-json\/wp\/v2\/comments?post=7315"}],"version-history":[{"count":0,"href":"https:\/\/emea.technetix.com\/es\/wp-json\/wp\/v2\/pages\/7315\/revisions"}],"up":[{"embeddable":true,"href":"https:\/\/emea.technetix.com\/es\/wp-json\/wp\/v2\/pages\/7132"}],"wp:featuredmedia":[{"embeddable":true,"href":"https:\/\/emea.technetix.com\/es\/wp-json\/wp\/v2\/media\/2515"}],"wp:attachment":[{"href":"https:\/\/emea.technetix.com\/es\/wp-json\/wp\/v2\/media?parent=7315"}],"curies":[{"name":"wp","href":"https:\/\/api.w.org\/{rel}","templated":true}]}}