{"id":7311,"date":"2023-02-02T21:40:15","date_gmt":"2023-02-02T21:40:15","guid":{"rendered":"https:\/\/emea.technetix.com\/redes-hfc\/redes-en-el-hogar\/latiguillos-rla\/"},"modified":"2023-05-05T17:16:18","modified_gmt":"2023-05-05T17:16:18","slug":"latiguillos-rla","status":"publish","type":"page","link":"https:\/\/emea.technetix.com\/es\/redes-hfc\/redes-en-el-hogar\/latiguillos-rla\/","title":{"rendered":"Latiguillos RLA++"},"content":{"rendered":"<div class=\"gb-container gb-container-f86f3f4f gb-container-hero-banner\"><div class=\"gb-inside-container\">\n<h1 class=\"gb-headline gb-headline-e1547755 gb-headline-text gb-headline-hero-banner-title\">Latiguillos RLA++<\/h1>\n<\/div><\/div>\n\n<div class=\"gb-container gb-container-eba9ca6e gb-container-inner-back-page-con\">\n\n<h2 class=\"gb-headline gb-headline-d02c52e4 gb-headline-text\">La calidad de construcci\u00f3n es clave<\/h2>\n\n\n\n<ul class=\"wp-block-list\">\n<li>Eficacia de detecci\u00f3n de clase A++ protegida por LTE de extremo a extremo<\/li>\n\n\n\n<li>El rendimiento superior de RF se mantiene mediante un conector push on<\/li>\n\n\n\n<li>Instalaci\u00f3n sin herramientas en las instalaciones del cliente<\/li>\n<\/ul>\n\n\n\n<p class=\"gb-headline gb-headline-6656b5c3 gb-headline-text\">La calidad de la conexi\u00f3n y la calidad del servicio experimentado por el cliente son tan fuertes como el eslab\u00f3n m\u00e1s d\u00e9bil. Por lo tanto, la calidad y confianza de los flyleads es tan importante como los otros componentes de un sistema de cable. La atenci\u00f3n al detalle en la especificaci\u00f3n de los materiales, adem\u00e1s de las caracter\u00edsticas de construcci\u00f3n y rendimiento, aseguran que la experiencia del cliente se optimice desde la instalaci\u00f3n y durante una larga vida \u00fatil.  <\/p>\n\n\n\n<p class=\"gb-headline gb-headline-27ae2a35 gb-headline-text\">Los conectores est\u00e1n bien fijos y ajustados a los cables para garantizar un buen alivio de tracci\u00f3n y tensi\u00f3n. Los conductores internos de los cables est\u00e1n soldados a sus pines internos (en lugar de engarzados) para mantener un excelente rendimiento el\u00e9ctrico y mec\u00e1nico. El rendimiento de transmisi\u00f3n est\u00e1 garantizado de 5 a 2400 MHz, lo que hace que los latiguillos RLA++ est\u00e9 listo para DOCSIS 4.0.  <\/p>\n\n\n\n<figure class=\"gb-block-image gb-block-image-61e35e7d\"><img loading=\"lazy\" decoding=\"async\" width=\"600\" height=\"600\" class=\"gb-image gb-image-61e35e7d\" src=\"https:\/\/emea.technetix.com\/wp-content\/uploads\/sites\/2\/2023\/02\/problem_rla.jpeg\" alt=\"Proteccion quadshield para una protecci\u00f3n contra los ruidos\" srcset=\"https:\/\/emea.technetix.com\/wp-content\/uploads\/sites\/2\/2023\/02\/problem_rla.jpeg 600w, https:\/\/emea.technetix.com\/wp-content\/uploads\/sites\/2\/2023\/02\/problem_rla-300x300.jpeg 300w, https:\/\/emea.technetix.com\/wp-content\/uploads\/sites\/2\/2023\/02\/problem_rla-150x150.jpeg 150w, https:\/\/emea.technetix.com\/wp-content\/uploads\/sites\/2\/2023\/02\/problem_rla-100x100.jpeg 100w\" sizes=\"auto, (max-width: 600px) 100vw, 600px\" \/><\/figure>\n\n\n\n<h2 class=\"gb-headline gb-headline-6b17d0fd gb-headline-text gb-headline-h2-in-content\">Proteccion quadshield para una protecci\u00f3n contra los ruidos<\/h2>\n\n\n\n<p class=\"gb-headline gb-headline-623f5b86 gb-headline-text\">Hay muchas fuentes externas de interferencia de radiaci\u00f3n electromagn\u00e9tica presentes en el entorno dom\u00e9stico, particularmente los tel\u00e9fonos m\u00f3viles LTE y 5G que transmiten en el rango de frecuencia de 663 a 915 MHz. Por lo tanto, la eficacia de detecci\u00f3n de un cable debe mitigar los efectos tanto de la salida como de la entrada de se\u00f1ales no deseadas. Para cumplir con estos requisitos, la especificaci\u00f3n de RF de Technetix supera la eficacia de cribado de Clase A ++ en todo el rango de frecuencias, utilizando trenzado de 4 pantallas.  <\/p>\n\n<\/div>\n\n<div class=\"gb-container gb-container-f76116c9\"><div class=\"gb-inside-container\">\n\n<figure class=\"gb-block-image gb-block-image-ce509f07\"><img loading=\"lazy\" decoding=\"async\" width=\"1400\" height=\"400\" class=\"gb-image gb-image-ce509f07\" src=\"https:\/\/emea.technetix.com\/wp-content\/uploads\/sites\/2\/2023\/02\/lifestyle_rla.jpeg\" alt=\"Tasa de \u00e9xito de autoinstalaci\u00f3n\" srcset=\"https:\/\/emea.technetix.com\/wp-content\/uploads\/sites\/2\/2023\/02\/lifestyle_rla.jpeg 1400w, https:\/\/emea.technetix.com\/wp-content\/uploads\/sites\/2\/2023\/02\/lifestyle_rla-300x86.jpeg 300w, https:\/\/emea.technetix.com\/wp-content\/uploads\/sites\/2\/2023\/02\/lifestyle_rla-1024x293.jpeg 1024w, https:\/\/emea.technetix.com\/wp-content\/uploads\/sites\/2\/2023\/02\/lifestyle_rla-768x219.jpeg 768w, https:\/\/emea.technetix.com\/wp-content\/uploads\/sites\/2\/2023\/02\/lifestyle_rla-600x171.jpeg 600w\" sizes=\"auto, (max-width: 1400px) 100vw, 1400px\" \/><\/figure>\n\n<\/div><\/div>\n\n<div class=\"gb-container gb-container-10d2090b gb-container-inner-back-page-con\">\n\n<h2 class=\"gb-headline gb-headline-cbd6fa86 gb-headline-text gb-headline-h2-in-content\">Tasa de \u00e9xito de autoinstalaci\u00f3n<\/h2>\n\n\n\n<p class=\"gb-headline gb-headline-6a45ac49 gb-headline-text\">La autoinstalaci\u00f3n para nuevos suscriptores ha desempe\u00f1ado un papel clave en la incorporaci\u00f3n de nuevos clientes sin que un t\u00e9cnico visite el hogar. Los conectores push-on &#8216;F&#8217; no dependen de que el cliente use una llave dinamom\u00e9trica para lograr una baja entrada de ruido garantizada e interferencia m\u00f3vil, lo que aumenta la tasa de \u00e9xito de los paquetes de autoinstalaci\u00f3n y disminuye el costo total de la incorporaci\u00f3n de un nuevo cliente. La gama RLA++ se puede personalizar seg\u00fan las especificaciones, todas las longitudes, combinaciones de conectores y colores de cable disponibles para su kit de autoinstalaci\u00f3n o cualquier otro prop\u00f3sito.  <\/p>\n\n\n\n<figure class=\"gb-block-image gb-block-image-4586c52f\"><img loading=\"lazy\" decoding=\"async\" width=\"600\" height=\"600\" class=\"gb-image gb-image-4586c52f\" src=\"https:\/\/emea.technetix.com\/wp-content\/uploads\/sites\/2\/2023\/02\/solution_rla-new.jpeg\" alt=\"La gama RLA++ se puede personalizar seg\u00fan las especificaciones, todas las longitudes, combinaciones de conectores y colores de cable disponibles para su kit de autoinstalaci\u00f3n o cualquier otro prop\u00f3sito\" srcset=\"https:\/\/emea.technetix.com\/wp-content\/uploads\/sites\/2\/2023\/02\/solution_rla-new.jpeg 600w, https:\/\/emea.technetix.com\/wp-content\/uploads\/sites\/2\/2023\/02\/solution_rla-new-300x300.jpeg 300w, https:\/\/emea.technetix.com\/wp-content\/uploads\/sites\/2\/2023\/02\/solution_rla-new-150x150.jpeg 150w, https:\/\/emea.technetix.com\/wp-content\/uploads\/sites\/2\/2023\/02\/solution_rla-new-100x100.jpeg 100w\" sizes=\"auto, (max-width: 600px) 100vw, 600px\" \/><\/figure>\n\n\n\n<figure class=\"gb-block-image gb-block-image-a55371d1\"><img loading=\"lazy\" decoding=\"async\" width=\"300\" height=\"169\" class=\"gb-image gb-image-a55371d1\" src=\"https:\/\/emea.technetix.com\/wp-content\/uploads\/sites\/2\/2023\/02\/f-safe_300px-10fps.gif\" alt=\"Latiguillos RLA++ con spliter\" title=\"Latiguillos RLA++ con spliter\"\/><\/figure>\n\n<\/div>\n\n<div class=\"gb-container gb-container-21788e07 gb-container-con-buttons-bottom\">\n\n<h2 class=\"gb-headline gb-headline-ff6231f4 gb-headline-text gb-headline-head-bottom-buttons\">Enlaces de inter\u00e9s<\/h2>\n\n\n<div class=\"gb-button-wrapper gb-button-wrapper-9ccb3c2c gb-button-wrapper-after-con-buttons\">\n\n<a class=\"gb-button gb-button-312db0d3 gb-button-text gb-button-bottom-button\" href=\"https:\/\/emea.technetix.com\/es\/productos\/tecnologia-de-banda-ancha\/conectividad-rf-en-el-hogar\/\">Explora el material<\/a>\n\n\n\n<a class=\"gb-button gb-button-df21d661 gb-button-text gb-button-bottom-button\" href=\"https:\/\/emea.technetix.com\/wp-content\/uploads\/sites\/2\/2023\/02\/NextGenFlyLeads_BRC_EN.pdf\" target=\"_blank\" rel=\"noopener noreferrer\">Notas de producto<\/a>\n\n\n\n<a class=\"gb-button gb-button-630ff88a gb-button-text gb-button-bottom-button\" href=\"https:\/\/emea.technetix.com\/wp-content\/uploads\/sites\/2\/2023\/02\/19014194_RLA-40-15BA_DS_EN.pdf\" target=\"_blank\" rel=\"noopener noreferrer\">Ficha t\u00e9cnica<\/a>\n\n\n\n<a class=\"gb-button gb-button-89973003 gb-button-text gb-button-bottom-button\" href=\"https:\/\/emea.technetix.com\/es\/contactenos\/\">Cont\u00e1ctenos<\/a>\n\n<\/div>\n<\/div>","protected":false},"excerpt":{"rendered":"<p>Latiguillos RLA++ La calidad de construcci\u00f3n es clave La calidad de la conexi\u00f3n y la calidad del servicio experimentado por el cliente son tan fuertes como el eslab\u00f3n m\u00e1s d\u00e9bil. Por lo tanto, la calidad y confianza de los flyleads es tan importante como los otros componentes de un sistema de cable. La atenci\u00f3n al &#8230; <a title=\"Latiguillos RLA++\" class=\"read-more\" href=\"https:\/\/emea.technetix.com\/es\/redes-hfc\/redes-en-el-hogar\/latiguillos-rla\/\" aria-label=\"Leer m\u00e1s sobre Latiguillos RLA++\">Read more<\/a><\/p>\n","protected":false},"author":1,"featured_media":2509,"parent":7132,"menu_order":0,"comment_status":"closed","ping_status":"closed","template":"","meta":{"_acf_changed":false,"_gspb_post_css":"","footnotes":""},"class_list":["post-7311","page","type-page","status-publish","has-post-thumbnail"],"yoast_head":"<!-- This site is optimized with the Yoast SEO Premium plugin v22.5 (Yoast SEO v27.3) - https:\/\/yoast.com\/product\/yoast-seo-premium-wordpress\/ -->\n<title>Latiguillos RLA++ - Technetix EMEA<\/title>\n<meta name=\"robots\" content=\"index, follow, max-snippet:-1, max-image-preview:large, max-video-preview:-1\" \/>\n<link rel=\"canonical\" href=\"https:\/\/emea.technetix.com\/es\/redes-hfc\/redes-en-el-hogar\/latiguillos-rla\/\" \/>\n<meta property=\"og:locale\" content=\"es_ES\" \/>\n<meta property=\"og:type\" content=\"article\" \/>\n<meta property=\"og:title\" content=\"Latiguillos RLA++ - Technetix EMEA\" \/>\n<meta property=\"og:description\" content=\"Latiguillos RLA++ La calidad de construcci\u00f3n es clave La calidad de la conexi\u00f3n y la calidad del servicio experimentado por el cliente son tan fuertes como el eslab\u00f3n m\u00e1s d\u00e9bil. Por lo tanto, la calidad y confianza de los flyleads es tan importante como los otros componentes de un sistema de cable. La atenci\u00f3n al ... Read more\" \/>\n<meta property=\"og:url\" content=\"https:\/\/emea.technetix.com\/es\/redes-hfc\/redes-en-el-hogar\/latiguillos-rla\/\" \/>\n<meta property=\"og:site_name\" content=\"Technetix EMEA\" \/>\n<meta property=\"article:modified_time\" content=\"2023-05-05T17:16:18+00:00\" \/>\n<meta property=\"og:image\" content=\"https:\/\/emea.technetix.com\/wp-content\/uploads\/sites\/2\/2023\/02\/LANDING_PAGE_LARGE_RLApp_FINAL.jpeg\" \/>\n\t<meta property=\"og:image:width\" content=\"1920\" \/>\n\t<meta property=\"og:image:height\" content=\"450\" \/>\n\t<meta property=\"og:image:type\" content=\"image\/jpeg\" \/>\n<meta name=\"twitter:card\" content=\"summary_large_image\" \/>\n<meta name=\"twitter:site\" content=\"@technetixgroup\" \/>\n<meta name=\"twitter:label1\" content=\"Tiempo de lectura\" \/>\n\t<meta name=\"twitter:data1\" content=\"3 minutos\" \/>\n<script type=\"application\/ld+json\" class=\"yoast-schema-graph\">{\"@context\":\"https:\\\/\\\/schema.org\",\"@graph\":[{\"@type\":\"WebPage\",\"@id\":\"https:\\\/\\\/emea.technetix.com\\\/es\\\/redes-hfc\\\/redes-en-el-hogar\\\/latiguillos-rla\\\/\",\"url\":\"https:\\\/\\\/emea.technetix.com\\\/es\\\/redes-hfc\\\/redes-en-el-hogar\\\/latiguillos-rla\\\/\",\"name\":\"Latiguillos RLA++ - Technetix EMEA\",\"isPartOf\":{\"@id\":\"https:\\\/\\\/emea.technetix.com\\\/es\\\/#website\"},\"primaryImageOfPage\":{\"@id\":\"https:\\\/\\\/emea.technetix.com\\\/es\\\/redes-hfc\\\/redes-en-el-hogar\\\/latiguillos-rla\\\/#primaryimage\"},\"image\":{\"@id\":\"https:\\\/\\\/emea.technetix.com\\\/es\\\/redes-hfc\\\/redes-en-el-hogar\\\/latiguillos-rla\\\/#primaryimage\"},\"thumbnailUrl\":\"https:\\\/\\\/emea.technetix.com\\\/wp-content\\\/uploads\\\/sites\\\/2\\\/2023\\\/02\\\/LANDING_PAGE_LARGE_RLApp_FINAL.jpeg\",\"datePublished\":\"2023-02-02T21:40:15+00:00\",\"dateModified\":\"2023-05-05T17:16:18+00:00\",\"breadcrumb\":{\"@id\":\"https:\\\/\\\/emea.technetix.com\\\/es\\\/redes-hfc\\\/redes-en-el-hogar\\\/latiguillos-rla\\\/#breadcrumb\"},\"inLanguage\":\"es\",\"potentialAction\":[{\"@type\":\"ReadAction\",\"target\":[\"https:\\\/\\\/emea.technetix.com\\\/es\\\/redes-hfc\\\/redes-en-el-hogar\\\/latiguillos-rla\\\/\"]}]},{\"@type\":\"ImageObject\",\"inLanguage\":\"es\",\"@id\":\"https:\\\/\\\/emea.technetix.com\\\/es\\\/redes-hfc\\\/redes-en-el-hogar\\\/latiguillos-rla\\\/#primaryimage\",\"url\":\"https:\\\/\\\/emea.technetix.com\\\/wp-content\\\/uploads\\\/sites\\\/2\\\/2023\\\/02\\\/LANDING_PAGE_LARGE_RLApp_FINAL.jpeg\",\"contentUrl\":\"https:\\\/\\\/emea.technetix.com\\\/wp-content\\\/uploads\\\/sites\\\/2\\\/2023\\\/02\\\/LANDING_PAGE_LARGE_RLApp_FINAL.jpeg\",\"width\":1920,\"height\":450},{\"@type\":\"BreadcrumbList\",\"@id\":\"https:\\\/\\\/emea.technetix.com\\\/es\\\/redes-hfc\\\/redes-en-el-hogar\\\/latiguillos-rla\\\/#breadcrumb\",\"itemListElement\":[{\"@type\":\"ListItem\",\"position\":1,\"name\":\"Home\",\"item\":\"https:\\\/\\\/emea.technetix.com\\\/es\\\/\"},{\"@type\":\"ListItem\",\"position\":2,\"name\":\"Banda ancha de cable\",\"item\":\"https:\\\/\\\/emea.technetix.com\\\/es\\\/redes-hfc\\\/\"},{\"@type\":\"ListItem\",\"position\":3,\"name\":\"Redes en el hogar\",\"item\":\"https:\\\/\\\/emea.technetix.com\\\/es\\\/redes-hfc\\\/redes-en-el-hogar\\\/\"},{\"@type\":\"ListItem\",\"position\":4,\"name\":\"Latiguillos RLA++\"}]},{\"@type\":\"WebSite\",\"@id\":\"https:\\\/\\\/emea.technetix.com\\\/es\\\/#website\",\"url\":\"https:\\\/\\\/emea.technetix.com\\\/es\\\/\",\"name\":\"Technetix\",\"description\":\"Next-generation broadband equipment engineering\",\"publisher\":{\"@id\":\"https:\\\/\\\/emea.technetix.com\\\/es\\\/#organization\"},\"potentialAction\":[{\"@type\":\"SearchAction\",\"target\":{\"@type\":\"EntryPoint\",\"urlTemplate\":\"https:\\\/\\\/emea.technetix.com\\\/es\\\/?s={search_term_string}\"},\"query-input\":{\"@type\":\"PropertyValueSpecification\",\"valueRequired\":true,\"valueName\":\"search_term_string\"}}],\"inLanguage\":\"es\"},{\"@type\":\"Organization\",\"@id\":\"https:\\\/\\\/emea.technetix.com\\\/es\\\/#organization\",\"name\":\"Technetix\",\"url\":\"https:\\\/\\\/emea.technetix.com\\\/es\\\/\",\"logo\":{\"@type\":\"ImageObject\",\"inLanguage\":\"es\",\"@id\":\"https:\\\/\\\/emea.technetix.com\\\/es\\\/#\\\/schema\\\/logo\\\/image\\\/\",\"url\":\"https:\\\/\\\/emea.technetix.com\\\/wp-content\\\/uploads\\\/sites\\\/2\\\/2023\\\/06\\\/logo-Technetix-1000x1000-1.png\",\"contentUrl\":\"https:\\\/\\\/emea.technetix.com\\\/wp-content\\\/uploads\\\/sites\\\/2\\\/2023\\\/06\\\/logo-Technetix-1000x1000-1.png\",\"width\":1000,\"height\":1000,\"caption\":\"Technetix\"},\"image\":{\"@id\":\"https:\\\/\\\/emea.technetix.com\\\/es\\\/#\\\/schema\\\/logo\\\/image\\\/\"},\"sameAs\":[\"https:\\\/\\\/x.com\\\/technetixgroup\",\"https:\\\/\\\/www.linkedin.com\\\/company\\\/technetix\\\/\",\"https:\\\/\\\/www.youtube.com\\\/c\\\/Technetix-group\"]}]}<\/script>\n<!-- \/ Yoast SEO Premium plugin. -->","yoast_head_json":{"title":"Latiguillos RLA++ - Technetix EMEA","robots":{"index":"index","follow":"follow","max-snippet":"max-snippet:-1","max-image-preview":"max-image-preview:large","max-video-preview":"max-video-preview:-1"},"canonical":"https:\/\/emea.technetix.com\/es\/redes-hfc\/redes-en-el-hogar\/latiguillos-rla\/","og_locale":"es_ES","og_type":"article","og_title":"Latiguillos RLA++ - Technetix EMEA","og_description":"Latiguillos RLA++ La calidad de construcci\u00f3n es clave La calidad de la conexi\u00f3n y la calidad del servicio experimentado por el cliente son tan fuertes como el eslab\u00f3n m\u00e1s d\u00e9bil. Por lo tanto, la calidad y confianza de los flyleads es tan importante como los otros componentes de un sistema de cable. La atenci\u00f3n al ... Read more","og_url":"https:\/\/emea.technetix.com\/es\/redes-hfc\/redes-en-el-hogar\/latiguillos-rla\/","og_site_name":"Technetix EMEA","article_modified_time":"2023-05-05T17:16:18+00:00","og_image":[{"width":1920,"height":450,"url":"https:\/\/emea.technetix.com\/wp-content\/uploads\/sites\/2\/2023\/02\/LANDING_PAGE_LARGE_RLApp_FINAL.jpeg","type":"image\/jpeg"}],"twitter_card":"summary_large_image","twitter_site":"@technetixgroup","twitter_misc":{"Tiempo de lectura":"3 minutos"},"schema":{"@context":"https:\/\/schema.org","@graph":[{"@type":"WebPage","@id":"https:\/\/emea.technetix.com\/es\/redes-hfc\/redes-en-el-hogar\/latiguillos-rla\/","url":"https:\/\/emea.technetix.com\/es\/redes-hfc\/redes-en-el-hogar\/latiguillos-rla\/","name":"Latiguillos RLA++ - Technetix EMEA","isPartOf":{"@id":"https:\/\/emea.technetix.com\/es\/#website"},"primaryImageOfPage":{"@id":"https:\/\/emea.technetix.com\/es\/redes-hfc\/redes-en-el-hogar\/latiguillos-rla\/#primaryimage"},"image":{"@id":"https:\/\/emea.technetix.com\/es\/redes-hfc\/redes-en-el-hogar\/latiguillos-rla\/#primaryimage"},"thumbnailUrl":"https:\/\/emea.technetix.com\/wp-content\/uploads\/sites\/2\/2023\/02\/LANDING_PAGE_LARGE_RLApp_FINAL.jpeg","datePublished":"2023-02-02T21:40:15+00:00","dateModified":"2023-05-05T17:16:18+00:00","breadcrumb":{"@id":"https:\/\/emea.technetix.com\/es\/redes-hfc\/redes-en-el-hogar\/latiguillos-rla\/#breadcrumb"},"inLanguage":"es","potentialAction":[{"@type":"ReadAction","target":["https:\/\/emea.technetix.com\/es\/redes-hfc\/redes-en-el-hogar\/latiguillos-rla\/"]}]},{"@type":"ImageObject","inLanguage":"es","@id":"https:\/\/emea.technetix.com\/es\/redes-hfc\/redes-en-el-hogar\/latiguillos-rla\/#primaryimage","url":"https:\/\/emea.technetix.com\/wp-content\/uploads\/sites\/2\/2023\/02\/LANDING_PAGE_LARGE_RLApp_FINAL.jpeg","contentUrl":"https:\/\/emea.technetix.com\/wp-content\/uploads\/sites\/2\/2023\/02\/LANDING_PAGE_LARGE_RLApp_FINAL.jpeg","width":1920,"height":450},{"@type":"BreadcrumbList","@id":"https:\/\/emea.technetix.com\/es\/redes-hfc\/redes-en-el-hogar\/latiguillos-rla\/#breadcrumb","itemListElement":[{"@type":"ListItem","position":1,"name":"Home","item":"https:\/\/emea.technetix.com\/es\/"},{"@type":"ListItem","position":2,"name":"Banda ancha de cable","item":"https:\/\/emea.technetix.com\/es\/redes-hfc\/"},{"@type":"ListItem","position":3,"name":"Redes en el hogar","item":"https:\/\/emea.technetix.com\/es\/redes-hfc\/redes-en-el-hogar\/"},{"@type":"ListItem","position":4,"name":"Latiguillos RLA++"}]},{"@type":"WebSite","@id":"https:\/\/emea.technetix.com\/es\/#website","url":"https:\/\/emea.technetix.com\/es\/","name":"Technetix","description":"Next-generation broadband equipment engineering","publisher":{"@id":"https:\/\/emea.technetix.com\/es\/#organization"},"potentialAction":[{"@type":"SearchAction","target":{"@type":"EntryPoint","urlTemplate":"https:\/\/emea.technetix.com\/es\/?s={search_term_string}"},"query-input":{"@type":"PropertyValueSpecification","valueRequired":true,"valueName":"search_term_string"}}],"inLanguage":"es"},{"@type":"Organization","@id":"https:\/\/emea.technetix.com\/es\/#organization","name":"Technetix","url":"https:\/\/emea.technetix.com\/es\/","logo":{"@type":"ImageObject","inLanguage":"es","@id":"https:\/\/emea.technetix.com\/es\/#\/schema\/logo\/image\/","url":"https:\/\/emea.technetix.com\/wp-content\/uploads\/sites\/2\/2023\/06\/logo-Technetix-1000x1000-1.png","contentUrl":"https:\/\/emea.technetix.com\/wp-content\/uploads\/sites\/2\/2023\/06\/logo-Technetix-1000x1000-1.png","width":1000,"height":1000,"caption":"Technetix"},"image":{"@id":"https:\/\/emea.technetix.com\/es\/#\/schema\/logo\/image\/"},"sameAs":["https:\/\/x.com\/technetixgroup","https:\/\/www.linkedin.com\/company\/technetix\/","https:\/\/www.youtube.com\/c\/Technetix-group"]}]}},"acf":[],"publishpress_future_workflow_manual_trigger":{"enabledWorkflows":[]},"_links":{"self":[{"href":"https:\/\/emea.technetix.com\/es\/wp-json\/wp\/v2\/pages\/7311","targetHints":{"allow":["GET"]}}],"collection":[{"href":"https:\/\/emea.technetix.com\/es\/wp-json\/wp\/v2\/pages"}],"about":[{"href":"https:\/\/emea.technetix.com\/es\/wp-json\/wp\/v2\/types\/page"}],"author":[{"embeddable":true,"href":"https:\/\/emea.technetix.com\/es\/wp-json\/wp\/v2\/users\/1"}],"replies":[{"embeddable":true,"href":"https:\/\/emea.technetix.com\/es\/wp-json\/wp\/v2\/comments?post=7311"}],"version-history":[{"count":0,"href":"https:\/\/emea.technetix.com\/es\/wp-json\/wp\/v2\/pages\/7311\/revisions"}],"up":[{"embeddable":true,"href":"https:\/\/emea.technetix.com\/es\/wp-json\/wp\/v2\/pages\/7132"}],"wp:featuredmedia":[{"embeddable":true,"href":"https:\/\/emea.technetix.com\/es\/wp-json\/wp\/v2\/media\/2509"}],"wp:attachment":[{"href":"https:\/\/emea.technetix.com\/es\/wp-json\/wp\/v2\/media?parent=7311"}],"curies":[{"name":"wp","href":"https:\/\/api.w.org\/{rel}","templated":true}]}}