{"id":7297,"date":"2023-04-11T17:52:55","date_gmt":"2023-04-11T17:52:55","guid":{"rendered":"https:\/\/emea.technetix.com\/core-series\/"},"modified":"2024-02-08T10:02:59","modified_gmt":"2024-02-08T10:02:59","slug":"core-series","status":"publish","type":"page","link":"https:\/\/emea.technetix.com\/es\/redes-hfc\/pasivos-de-interior\/core-series\/","title":{"rendered":"Series Core 1.8 GHz"},"content":{"rendered":"<div class=\"gb-container gb-container-f86f3f4f gb-container-hero-banner\"><div class=\"gb-inside-container\">\n<h1 class=\"gb-headline gb-headline-e1547755 gb-headline-text gb-headline-hero-banner-title\">Series Core 1.8 GHz<\/h1>\n<\/div><\/div>\n\n<div class=\"gb-container gb-container-2848dbe4 gb-container-inner-back-page-con\">\n\n<h2 class=\"gb-headline gb-headline-d02c52e4 gb-headline-text\">La serie Core 1.8 GHz es la mejor gama de divisores y taps de Technetix preparados para el futuro.<\/h2>\n\n\n\n<p class=\"gb-headline gb-headline-6656b5c3 gb-headline-text\">Caracter\u00edsticas mas importantes:<\/p>\n\n\n\n<p class=\"gb-headline gb-headline-05c08209 gb-headline-text\">1. Rendimiento ECM clase A++ (&gt;105 dB a 1 GHz)<\/p>\n\n\n\n<p class=\"gb-headline gb-headline-8ae16e73 gb-headline-text\">Offers great protection against ingress caused by ever-increasing 4G\/5G signals.<\/p>\n\n\n\n<p class=\"gb-headline gb-headline-db71ec52 gb-headline-text\">2. Rendimiento de intermodulaci\u00f3n de -115 dBc despu\u00e9s de una sobretensi\u00f3n de 1kV en todos los puertos<\/p>\n\n\n\n<p class=\"gb-headline gb-headline-df637b88 gb-headline-text\">La interferencia de las se\u00f1ales ascendentes en las se\u00f1ales descendentes es un problema creciente cuando se avanza hacia divisiones de banda mas altas. La serie Core tiene el mejor rendimiento de intermodulaci\u00f3n despu\u00e9s de una sobretensi\u00f3n disponible en el mercado. <\/p>\n\n\n\n<p class=\"gb-headline gb-headline-a85318c8 gb-headline-text\">3. Chapado en bronce blanco<\/p>\n\n\n\n<p class=\"gb-headline gb-headline-aa67841d gb-headline-text\">El ba\u00f1o en bronce blanco (en lugar de esta\u00f1o-n\u00edquel) es mucho mejor para soldar las tapas traseras, lo cual es clave para un excelente rendimiento de EMC. Adem\u00e1s el bronce blanco no tiene degradaci\u00f3n del color sobre el zinc. <\/p>\n\n\n\n<p class=\"gb-headline gb-headline-73ce2b9a gb-headline-text\">4. Conector F superior.<\/p>\n\n\n\n<p>Cuenta con un dise\u00f1o de conector de 1.8GHz con una fuerza de sujeci\u00f3n mejorada para aumentar el rendimiento a largo plazo y reducir las aver\u00edas.<\/p>\n\n\n\n<ul class=\"wp-block-list\">\n<li>Despu\u00e9s de girar los pins internos (0.7 &#8211; 1.2 &#8211; 0.7 &#8211; 1.2 &#8211; 0.7 mm) la fuerza de extracci\u00f3n del pin es &gt;115 gramos<\/li>\n\n\n\n<li>Contacto interno BeCu plateado<\/li>\n\n\n\n<li>Acepta conductores internos macho con 0.64-1.30 mm de di\u00e1metro<\/li>\n<\/ul>\n\n\n\n<p class=\"gb-headline gb-headline-09757075 gb-headline-text\">5. Modem Safe<sup>TM<\/sup><\/p>\n\n\n\n<p class=\"gb-headline gb-headline-0adde0c0 gb-headline-text\">Modem Safe es una soluci\u00f3n que ofrece protecci\u00f3n contra sobretensiones muy efectiva contra pulsos de alto y bajo voltaje en todos los puertos. Protege el equipo CPE contra pulsos de voltaje provenientes de la red de acceso y la red de acceso contra pulsos provenientes del hogar.  Modem Safe Evita que las ferritas internas del aparato se magneticen, evitando el problema de la intermodulaci\u00f3n pasiva (PIM). Esta tecnologia evita aver\u00edas en las redes dom\u00e9sticas. <\/p>\n\n\n\n<p class=\"gb-headline gb-headline-b8e3a3d0 gb-headline-text\">Datasheets:<\/p>\n\n\n\n<ul class=\"wp-block-list\">\n<li><a href=\"https:\/\/emea.technetix.com\/wp-content\/uploads\/sites\/2\/2023\/04\/PP0191_CSZ-xx_DS_EN.pdf\" target=\"_blank\" rel=\"noreferrer noopener\">Technetix Core series inline splitters 1.8 GHz<\/a><\/li>\n\n\n\n<li><a href=\"https:\/\/emea.technetix.com\/wp-content\/uploads\/sites\/2\/2023\/04\/PP0195_CTZ-1-xx_DS_EN.pdf\" target=\"_blank\" rel=\"noreferrer noopener\">Technetix Core series inline 1-way taps 1.8 GHz<\/a><\/li>\n\n\n\n<li><a href=\"https:\/\/emea.technetix.com\/wp-content\/uploads\/sites\/2\/2023\/04\/PP0175_CTZ-2-xx_DS_EN.pdf\" target=\"_blank\" rel=\"noreferrer noopener\">Technetix Core series inline 2-way taps 1.8 GHz<\/a><\/li>\n\n\n\n<li><a href=\"https:\/\/emea.technetix.com\/wp-content\/uploads\/sites\/2\/2023\/04\/PP0176_CTZ-3-xx_DS_EN.pdf\" target=\"_blank\" rel=\"noreferrer noopener\">Technetix Core series inline 3-way taps 1.8 GHz<\/a><\/li>\n\n\n\n<li><a href=\"https:\/\/emea.technetix.com\/wp-content\/uploads\/sites\/2\/2023\/04\/PP0177_CTZ-4-xx_DS_EN.pdf\" target=\"_blank\" rel=\"noreferrer noopener\">Technetix Core series inline 4-way taps 1.8 GHz<\/a><\/li>\n\n\n\n<li><a href=\"https:\/\/emea.technetix.com\/wp-content\/uploads\/sites\/2\/2023\/04\/PP0178_CTZ-8-xx_DS_EN.pdf\" target=\"_blank\" rel=\"noreferrer noopener\">Technetix Core series inline 8-way taps 1.8 GHz<\/a><\/li>\n\n\n\n<li><a href=\"https:\/\/emea.technetix.com\/wp-content\/uploads\/sites\/2\/2023\/04\/PP0190_CSTZ-xx_DS_EN.pdf\" target=\"_blank\" rel=\"noreferrer noopener\">Technetix Core series topless splitters 1.8 GHz<\/a><\/li>\n\n\n\n<li><a href=\"https:\/\/emea.technetix.com\/wp-content\/uploads\/sites\/2\/2023\/04\/PP0192_CTTZ-1-xx_DS_EN.pdf\" target=\"_blank\" rel=\"noreferrer noopener\">Technetix Core series topless 1-way taps 1.8 GHz<\/a><\/li>\n\n\n\n<li><a href=\"https:\/\/emea.technetix.com\/wp-content\/uploads\/sites\/2\/2023\/04\/PP0174_CTTZ-2-xx_DS_EN.pdf\" target=\"_blank\" rel=\"noreferrer noopener\">Technetix Core series topless 2-way taps 1.8 GHz<\/a><\/li>\n\n\n\n<li><a href=\"https:\/\/emea.technetix.com\/wp-content\/uploads\/sites\/2\/2023\/04\/PP0197_CTTZ-3-xx_DS_EN.pdf\" target=\"_blank\" rel=\"noreferrer noopener\">Technetix Core series topless 3-way taps 1.8 GHz<\/a><\/li>\n\n\n\n<li><a href=\"https:\/\/emea.technetix.com\/wp-content\/uploads\/sites\/2\/2023\/04\/PP0196_CTTZ-4-xx_DS_EN.pdf\" target=\"_blank\" rel=\"noreferrer noopener\">Technetix Core series topless 4-way taps 1.8 GHz<\/a><\/li>\n\n\n\n<li><a href=\"https:\/\/emea.technetix.com\/wp-content\/uploads\/sites\/2\/2023\/04\/19014156_CTTZ-6-14T_DS_EN.pdf\" target=\"_blank\" rel=\"noreferrer noopener\">Technetix Core series topless 6-way tap 1.8 GHz<\/a><\/li>\n\n\n\n<li><a href=\"https:\/\/emea.technetix.com\/wp-content\/uploads\/sites\/2\/2023\/04\/19014157_CTTZ-8-15T_DS_EN.pdf\" target=\"_blank\" rel=\"noreferrer noopener\">Technetix Core series topless 8-way tap 1.8 GHz<\/a><\/li>\n\n\n\n<li><a href=\"https:\/\/emea.technetix.com\/wp-content\/uploads\/sites\/2\/2023\/04\/19014656_CTVZ-6-16-21_DS_EN.pdf\" target=\"_blank\" rel=\"noreferrer noopener\">Technetix Core series vertical graded multitap 6-way 1.8 GHz<\/a><\/li>\n\n\n\n<li><a href=\"https:\/\/emea.technetix.com\/wp-content\/uploads\/sites\/2\/2023\/04\/19014657_CTVZ-8-16-23_DS_EN.pdf\" target=\"_blank\" rel=\"noreferrer noopener\">Technetix Core series vertical graded multitap 8-way 1.8 GHz<\/a><\/li>\n<\/ul>\n\n<\/div>\n\n<div class=\"gb-container gb-container-dbeed0b8 gb-container-con-buttons-bottom\">\n\n<h2 class=\"gb-headline gb-headline-7ce6fa4b gb-headline-text gb-headline-head-bottom-buttons\">Enlaces de inter\u00e9s<\/h2>\n\n\n<div class=\"gb-button-wrapper gb-button-wrapper-5300c273 gb-button-wrapper-after-con-buttons\">\n\n<a class=\"gb-button gb-button-3eadfa91 gb-button-text gb-button-bottom-button\" href=\"https:\/\/emea.technetix.com\/es\/productos\/tecnologia-de-banda-ancha\/instalacion-de-taps-y-splitters\/?swoof=1&amp;pa_style-sub-brand=core-series&amp;really_curr_tax=648-product_cat\">Hojear<\/a>\n\n\n\n<a class=\"gb-button gb-button-74bfad52 gb-button-text gb-button-bottom-button\" href=\"https:\/\/emea.technetix.com\/es\/contactenos\/\">Cont\u00e1ctenos<\/a>\n\n<\/div>\n<\/div>","protected":false},"excerpt":{"rendered":"<p>Series Core 1.8 GHz La serie Core 1.8 GHz es la mejor gama de divisores y taps de Technetix preparados para el futuro. Caracter\u00edsticas mas importantes: 1. Rendimiento ECM clase A++ (&gt;105 dB a 1 GHz) Offers great protection against ingress caused by ever-increasing 4G\/5G signals. 2. Rendimiento de intermodulaci\u00f3n de -115 dBc despu\u00e9s de &#8230; <a title=\"Series Core 1.8 GHz\" class=\"read-more\" href=\"https:\/\/emea.technetix.com\/es\/redes-hfc\/pasivos-de-interior\/core-series\/\" aria-label=\"Leer m\u00e1s sobre Series Core 1.8 GHz\">Read more<\/a><\/p>\n","protected":false},"author":1,"featured_media":7244,"parent":7130,"menu_order":0,"comment_status":"closed","ping_status":"closed","template":"","meta":{"_acf_changed":false,"_gspb_post_css":"","footnotes":""},"class_list":["post-7297","page","type-page","status-publish","has-post-thumbnail"],"yoast_head":"<!-- This site is optimized with the Yoast SEO Premium plugin v22.5 (Yoast SEO v27.3) - https:\/\/yoast.com\/product\/yoast-seo-premium-wordpress\/ -->\n<title>Series Core 1.8 GHz - Technetix EMEA<\/title>\n<meta name=\"robots\" content=\"index, follow, max-snippet:-1, max-image-preview:large, max-video-preview:-1\" \/>\n<link rel=\"canonical\" href=\"https:\/\/emea.technetix.com\/es\/redes-hfc\/pasivos-de-interior\/core-series\/\" \/>\n<meta property=\"og:locale\" content=\"es_ES\" \/>\n<meta property=\"og:type\" content=\"article\" \/>\n<meta property=\"og:title\" content=\"Series Core 1.8 GHz - Technetix EMEA\" \/>\n<meta property=\"og:description\" content=\"Series Core 1.8 GHz La serie Core 1.8 GHz es la mejor gama de divisores y taps de Technetix preparados para el futuro. Caracter\u00edsticas mas importantes: 1. Rendimiento ECM clase A++ (&gt;105 dB a 1 GHz) Offers great protection against ingress caused by ever-increasing 4G\/5G signals. 2. Rendimiento de intermodulaci\u00f3n de -115 dBc despu\u00e9s de ... Read more\" \/>\n<meta property=\"og:url\" content=\"https:\/\/emea.technetix.com\/es\/redes-hfc\/pasivos-de-interior\/core-series\/\" \/>\n<meta property=\"og:site_name\" content=\"Technetix EMEA\" \/>\n<meta property=\"article:modified_time\" content=\"2024-02-08T10:02:59+00:00\" \/>\n<meta property=\"og:image\" content=\"https:\/\/emea.technetix.com\/wp-content\/uploads\/sites\/2\/2023\/04\/LANDING_PAGE_LARGE_INDOOR_PASSIVES_FINAL.jpeg\" \/>\n\t<meta property=\"og:image:width\" content=\"1920\" \/>\n\t<meta property=\"og:image:height\" content=\"450\" \/>\n\t<meta property=\"og:image:type\" content=\"image\/jpeg\" \/>\n<meta name=\"twitter:card\" content=\"summary_large_image\" \/>\n<meta name=\"twitter:site\" content=\"@technetixgroup\" \/>\n<meta name=\"twitter:label1\" content=\"Tiempo de lectura\" \/>\n\t<meta name=\"twitter:data1\" content=\"2 minutos\" \/>\n<script type=\"application\/ld+json\" class=\"yoast-schema-graph\">{\"@context\":\"https:\\\/\\\/schema.org\",\"@graph\":[{\"@type\":\"WebPage\",\"@id\":\"https:\\\/\\\/emea.technetix.com\\\/es\\\/redes-hfc\\\/pasivos-de-interior\\\/core-series\\\/\",\"url\":\"https:\\\/\\\/emea.technetix.com\\\/es\\\/redes-hfc\\\/pasivos-de-interior\\\/core-series\\\/\",\"name\":\"Series Core 1.8 GHz - Technetix EMEA\",\"isPartOf\":{\"@id\":\"https:\\\/\\\/emea.technetix.com\\\/es\\\/#website\"},\"primaryImageOfPage\":{\"@id\":\"https:\\\/\\\/emea.technetix.com\\\/es\\\/redes-hfc\\\/pasivos-de-interior\\\/core-series\\\/#primaryimage\"},\"image\":{\"@id\":\"https:\\\/\\\/emea.technetix.com\\\/es\\\/redes-hfc\\\/pasivos-de-interior\\\/core-series\\\/#primaryimage\"},\"thumbnailUrl\":\"https:\\\/\\\/emea.technetix.com\\\/wp-content\\\/uploads\\\/sites\\\/2\\\/2023\\\/04\\\/LANDING_PAGE_LARGE_INDOOR_PASSIVES_FINAL.jpeg\",\"datePublished\":\"2023-04-11T17:52:55+00:00\",\"dateModified\":\"2024-02-08T10:02:59+00:00\",\"breadcrumb\":{\"@id\":\"https:\\\/\\\/emea.technetix.com\\\/es\\\/redes-hfc\\\/pasivos-de-interior\\\/core-series\\\/#breadcrumb\"},\"inLanguage\":\"es\",\"potentialAction\":[{\"@type\":\"ReadAction\",\"target\":[\"https:\\\/\\\/emea.technetix.com\\\/es\\\/redes-hfc\\\/pasivos-de-interior\\\/core-series\\\/\"]}]},{\"@type\":\"ImageObject\",\"inLanguage\":\"es\",\"@id\":\"https:\\\/\\\/emea.technetix.com\\\/es\\\/redes-hfc\\\/pasivos-de-interior\\\/core-series\\\/#primaryimage\",\"url\":\"https:\\\/\\\/emea.technetix.com\\\/wp-content\\\/uploads\\\/sites\\\/2\\\/2023\\\/04\\\/LANDING_PAGE_LARGE_INDOOR_PASSIVES_FINAL.jpeg\",\"contentUrl\":\"https:\\\/\\\/emea.technetix.com\\\/wp-content\\\/uploads\\\/sites\\\/2\\\/2023\\\/04\\\/LANDING_PAGE_LARGE_INDOOR_PASSIVES_FINAL.jpeg\",\"width\":1920,\"height\":450,\"caption\":\"Series Core 1.8 GHz\"},{\"@type\":\"BreadcrumbList\",\"@id\":\"https:\\\/\\\/emea.technetix.com\\\/es\\\/redes-hfc\\\/pasivos-de-interior\\\/core-series\\\/#breadcrumb\",\"itemListElement\":[{\"@type\":\"ListItem\",\"position\":1,\"name\":\"Home\",\"item\":\"https:\\\/\\\/emea.technetix.com\\\/es\\\/\"},{\"@type\":\"ListItem\",\"position\":2,\"name\":\"Banda ancha de cable\",\"item\":\"https:\\\/\\\/emea.technetix.com\\\/es\\\/redes-hfc\\\/\"},{\"@type\":\"ListItem\",\"position\":3,\"name\":\"Pasivos de interior\",\"item\":\"https:\\\/\\\/emea.technetix.com\\\/es\\\/redes-hfc\\\/pasivos-de-interior\\\/\"},{\"@type\":\"ListItem\",\"position\":4,\"name\":\"Series Core 1.8 GHz\"}]},{\"@type\":\"WebSite\",\"@id\":\"https:\\\/\\\/emea.technetix.com\\\/es\\\/#website\",\"url\":\"https:\\\/\\\/emea.technetix.com\\\/es\\\/\",\"name\":\"Technetix\",\"description\":\"Next-generation broadband equipment engineering\",\"publisher\":{\"@id\":\"https:\\\/\\\/emea.technetix.com\\\/es\\\/#organization\"},\"potentialAction\":[{\"@type\":\"SearchAction\",\"target\":{\"@type\":\"EntryPoint\",\"urlTemplate\":\"https:\\\/\\\/emea.technetix.com\\\/es\\\/?s={search_term_string}\"},\"query-input\":{\"@type\":\"PropertyValueSpecification\",\"valueRequired\":true,\"valueName\":\"search_term_string\"}}],\"inLanguage\":\"es\"},{\"@type\":\"Organization\",\"@id\":\"https:\\\/\\\/emea.technetix.com\\\/es\\\/#organization\",\"name\":\"Technetix\",\"url\":\"https:\\\/\\\/emea.technetix.com\\\/es\\\/\",\"logo\":{\"@type\":\"ImageObject\",\"inLanguage\":\"es\",\"@id\":\"https:\\\/\\\/emea.technetix.com\\\/es\\\/#\\\/schema\\\/logo\\\/image\\\/\",\"url\":\"https:\\\/\\\/emea.technetix.com\\\/wp-content\\\/uploads\\\/sites\\\/2\\\/2023\\\/06\\\/logo-Technetix-1000x1000-1.png\",\"contentUrl\":\"https:\\\/\\\/emea.technetix.com\\\/wp-content\\\/uploads\\\/sites\\\/2\\\/2023\\\/06\\\/logo-Technetix-1000x1000-1.png\",\"width\":1000,\"height\":1000,\"caption\":\"Technetix\"},\"image\":{\"@id\":\"https:\\\/\\\/emea.technetix.com\\\/es\\\/#\\\/schema\\\/logo\\\/image\\\/\"},\"sameAs\":[\"https:\\\/\\\/x.com\\\/technetixgroup\",\"https:\\\/\\\/www.linkedin.com\\\/company\\\/technetix\\\/\",\"https:\\\/\\\/www.youtube.com\\\/c\\\/Technetix-group\"]}]}<\/script>\n<!-- \/ Yoast SEO Premium plugin. -->","yoast_head_json":{"title":"Series Core 1.8 GHz - Technetix EMEA","robots":{"index":"index","follow":"follow","max-snippet":"max-snippet:-1","max-image-preview":"max-image-preview:large","max-video-preview":"max-video-preview:-1"},"canonical":"https:\/\/emea.technetix.com\/es\/redes-hfc\/pasivos-de-interior\/core-series\/","og_locale":"es_ES","og_type":"article","og_title":"Series Core 1.8 GHz - Technetix EMEA","og_description":"Series Core 1.8 GHz La serie Core 1.8 GHz es la mejor gama de divisores y taps de Technetix preparados para el futuro. Caracter\u00edsticas mas importantes: 1. Rendimiento ECM clase A++ (&gt;105 dB a 1 GHz) Offers great protection against ingress caused by ever-increasing 4G\/5G signals. 2. Rendimiento de intermodulaci\u00f3n de -115 dBc despu\u00e9s de ... Read more","og_url":"https:\/\/emea.technetix.com\/es\/redes-hfc\/pasivos-de-interior\/core-series\/","og_site_name":"Technetix EMEA","article_modified_time":"2024-02-08T10:02:59+00:00","og_image":[{"width":1920,"height":450,"url":"https:\/\/emea.technetix.com\/wp-content\/uploads\/sites\/2\/2023\/04\/LANDING_PAGE_LARGE_INDOOR_PASSIVES_FINAL.jpeg","type":"image\/jpeg"}],"twitter_card":"summary_large_image","twitter_site":"@technetixgroup","twitter_misc":{"Tiempo de lectura":"2 minutos"},"schema":{"@context":"https:\/\/schema.org","@graph":[{"@type":"WebPage","@id":"https:\/\/emea.technetix.com\/es\/redes-hfc\/pasivos-de-interior\/core-series\/","url":"https:\/\/emea.technetix.com\/es\/redes-hfc\/pasivos-de-interior\/core-series\/","name":"Series Core 1.8 GHz - Technetix EMEA","isPartOf":{"@id":"https:\/\/emea.technetix.com\/es\/#website"},"primaryImageOfPage":{"@id":"https:\/\/emea.technetix.com\/es\/redes-hfc\/pasivos-de-interior\/core-series\/#primaryimage"},"image":{"@id":"https:\/\/emea.technetix.com\/es\/redes-hfc\/pasivos-de-interior\/core-series\/#primaryimage"},"thumbnailUrl":"https:\/\/emea.technetix.com\/wp-content\/uploads\/sites\/2\/2023\/04\/LANDING_PAGE_LARGE_INDOOR_PASSIVES_FINAL.jpeg","datePublished":"2023-04-11T17:52:55+00:00","dateModified":"2024-02-08T10:02:59+00:00","breadcrumb":{"@id":"https:\/\/emea.technetix.com\/es\/redes-hfc\/pasivos-de-interior\/core-series\/#breadcrumb"},"inLanguage":"es","potentialAction":[{"@type":"ReadAction","target":["https:\/\/emea.technetix.com\/es\/redes-hfc\/pasivos-de-interior\/core-series\/"]}]},{"@type":"ImageObject","inLanguage":"es","@id":"https:\/\/emea.technetix.com\/es\/redes-hfc\/pasivos-de-interior\/core-series\/#primaryimage","url":"https:\/\/emea.technetix.com\/wp-content\/uploads\/sites\/2\/2023\/04\/LANDING_PAGE_LARGE_INDOOR_PASSIVES_FINAL.jpeg","contentUrl":"https:\/\/emea.technetix.com\/wp-content\/uploads\/sites\/2\/2023\/04\/LANDING_PAGE_LARGE_INDOOR_PASSIVES_FINAL.jpeg","width":1920,"height":450,"caption":"Series Core 1.8 GHz"},{"@type":"BreadcrumbList","@id":"https:\/\/emea.technetix.com\/es\/redes-hfc\/pasivos-de-interior\/core-series\/#breadcrumb","itemListElement":[{"@type":"ListItem","position":1,"name":"Home","item":"https:\/\/emea.technetix.com\/es\/"},{"@type":"ListItem","position":2,"name":"Banda ancha de cable","item":"https:\/\/emea.technetix.com\/es\/redes-hfc\/"},{"@type":"ListItem","position":3,"name":"Pasivos de interior","item":"https:\/\/emea.technetix.com\/es\/redes-hfc\/pasivos-de-interior\/"},{"@type":"ListItem","position":4,"name":"Series Core 1.8 GHz"}]},{"@type":"WebSite","@id":"https:\/\/emea.technetix.com\/es\/#website","url":"https:\/\/emea.technetix.com\/es\/","name":"Technetix","description":"Next-generation broadband equipment engineering","publisher":{"@id":"https:\/\/emea.technetix.com\/es\/#organization"},"potentialAction":[{"@type":"SearchAction","target":{"@type":"EntryPoint","urlTemplate":"https:\/\/emea.technetix.com\/es\/?s={search_term_string}"},"query-input":{"@type":"PropertyValueSpecification","valueRequired":true,"valueName":"search_term_string"}}],"inLanguage":"es"},{"@type":"Organization","@id":"https:\/\/emea.technetix.com\/es\/#organization","name":"Technetix","url":"https:\/\/emea.technetix.com\/es\/","logo":{"@type":"ImageObject","inLanguage":"es","@id":"https:\/\/emea.technetix.com\/es\/#\/schema\/logo\/image\/","url":"https:\/\/emea.technetix.com\/wp-content\/uploads\/sites\/2\/2023\/06\/logo-Technetix-1000x1000-1.png","contentUrl":"https:\/\/emea.technetix.com\/wp-content\/uploads\/sites\/2\/2023\/06\/logo-Technetix-1000x1000-1.png","width":1000,"height":1000,"caption":"Technetix"},"image":{"@id":"https:\/\/emea.technetix.com\/es\/#\/schema\/logo\/image\/"},"sameAs":["https:\/\/x.com\/technetixgroup","https:\/\/www.linkedin.com\/company\/technetix\/","https:\/\/www.youtube.com\/c\/Technetix-group"]}]}},"acf":[],"publishpress_future_workflow_manual_trigger":{"enabledWorkflows":[]},"_links":{"self":[{"href":"https:\/\/emea.technetix.com\/es\/wp-json\/wp\/v2\/pages\/7297","targetHints":{"allow":["GET"]}}],"collection":[{"href":"https:\/\/emea.technetix.com\/es\/wp-json\/wp\/v2\/pages"}],"about":[{"href":"https:\/\/emea.technetix.com\/es\/wp-json\/wp\/v2\/types\/page"}],"author":[{"embeddable":true,"href":"https:\/\/emea.technetix.com\/es\/wp-json\/wp\/v2\/users\/1"}],"replies":[{"embeddable":true,"href":"https:\/\/emea.technetix.com\/es\/wp-json\/wp\/v2\/comments?post=7297"}],"version-history":[{"count":0,"href":"https:\/\/emea.technetix.com\/es\/wp-json\/wp\/v2\/pages\/7297\/revisions"}],"up":[{"embeddable":true,"href":"https:\/\/emea.technetix.com\/es\/wp-json\/wp\/v2\/pages\/7130"}],"wp:featuredmedia":[{"embeddable":true,"href":"https:\/\/emea.technetix.com\/es\/wp-json\/wp\/v2\/media\/7244"}],"wp:attachment":[{"href":"https:\/\/emea.technetix.com\/es\/wp-json\/wp\/v2\/media?parent=7297"}],"curies":[{"name":"wp","href":"https:\/\/api.w.org\/{rel}","templated":true}]}}