{"id":7234,"date":"2023-02-02T20:06:55","date_gmt":"2023-02-02T20:06:55","guid":{"rendered":"https:\/\/emea.technetix.com\/redes-hfc\/multitaps-y-pasivos-de-linea\/taps-xgt\/"},"modified":"2023-08-30T15:28:07","modified_gmt":"2023-08-30T15:28:07","slug":"taps-xgt","status":"publish","type":"page","link":"https:\/\/emea.technetix.com\/es\/redes-hfc\/multitaps-y-pasivos-de-linea\/taps-xgt\/","title":{"rendered":"Taps XGT"},"content":{"rendered":"<div class=\"gb-container gb-container-f86f3f4f gb-container-hero-banner\"><div class=\"gb-inside-container\">\n<h1 class=\"gb-headline gb-headline-e1547755 gb-headline-text gb-headline-hero-banner-title\">Taps XGT<\/h1>\n<\/div><\/div>\n\n<div class=\"gb-container gb-container-1257a39d gb-container-inner-back-page-con\">\n\n<h2 class=\"gb-headline gb-headline-d02c52e4 gb-headline-text wp-embed-aspect-16-9 wp-has-aspect-ratio\">La gama XGT incluye un nuevo multitap modular de 1,8 GHz dise\u00f1ado para ampliar su planta de exterior a 10G ahora y estar listo para 25G en el futuro.<\/h2>\n\n\n\n<ul type=\"video\" class=\"wp-embed-aspect-16-9 wp-has-aspect-ratio wp-block-list\">\n<li>Preparado para DOCSIS 4.0 con placas frontales de 1,8 GHz y m\u00f3dulos de acoplamiento (CM) de serie<\/li>\n\n\n\n<li>Las cajas traseras est\u00e1n preparadas para DOCSIS 4.1 con un rendimiento excepcional de hasta 3 GHz<\/li>\n\n\n\n<li>El enfoque modular conduce a un menor costo total de propiedad (TCO) en comparaci\u00f3n con los grifos convencionales debido a ahorros significativos en la gesti\u00f3n de inventario.<\/li>\n<\/ul>\n\n\n\n<figure class=\"gb-block-image gb-block-image-61e35e7d\"><img loading=\"lazy\" decoding=\"async\" width=\"400\" height=\"255\" class=\"gb-image gb-image-61e35e7d wp-embed-aspect-16-9 wp-has-aspect-ratio\" src=\"https:\/\/emea.technetix.com\/wp-content\/uploads\/sites\/2\/2023\/02\/BTR21_DTR_4-1.jpeg\" alt=\"Broadband Technology Report 4 diamonds para el XGT gigabit multitaps modular de planta de exterior\" srcset=\"https:\/\/emea.technetix.com\/wp-content\/uploads\/sites\/2\/2023\/02\/BTR21_DTR_4-1.jpeg 400w, https:\/\/emea.technetix.com\/wp-content\/uploads\/sites\/2\/2023\/02\/BTR21_DTR_4-1-300x191.jpeg 300w\" sizes=\"auto, (max-width: 400px) 100vw, 400px\" \/><\/figure>\n\n\n\n<figure class=\"gb-block-image gb-block-image-f5380205\"><img loading=\"lazy\" decoding=\"async\" width=\"900\" height=\"650\" class=\"gb-image gb-image-f5380205 wp-embed-aspect-16-9 wp-has-aspect-ratio\" src=\"https:\/\/emea.technetix.com\/wp-content\/uploads\/sites\/2\/2023\/02\/XGT_TAP_EXPLODED_900PX_web.jpeg\" alt=\"El enfoque modular conduce a un menor costo total de propiedad (TCO) en comparaci\u00f3n con los grifos convencionales debido a ahorros significativos en la gesti\u00f3n de inventario.\" srcset=\"https:\/\/emea.technetix.com\/wp-content\/uploads\/sites\/2\/2023\/02\/XGT_TAP_EXPLODED_900PX_web.jpeg 900w, https:\/\/emea.technetix.com\/wp-content\/uploads\/sites\/2\/2023\/02\/XGT_TAP_EXPLODED_900PX_web-300x217.jpeg 300w, https:\/\/emea.technetix.com\/wp-content\/uploads\/sites\/2\/2023\/02\/XGT_TAP_EXPLODED_900PX_web-768x555.jpeg 768w, https:\/\/emea.technetix.com\/wp-content\/uploads\/sites\/2\/2023\/02\/XGT_TAP_EXPLODED_900PX_web-600x433.jpeg 600w\" sizes=\"auto, (max-width: 900px) 100vw, 900px\" \/><\/figure>\n\n\n\n<figure class=\"wp-block-table wp-embed-aspect-16-9 wp-has-aspect-ratio is-style-regular\"><table><tbody><tr><td>1<\/td><td>placa frontal de 1,8 GHz: se puede reemplazar sin romper las se\u00f1ales de alimentaci\u00f3n o RF en la l\u00ednea<\/td><\/tr><tr><td>2<\/td><td>Plug-in de acondicionamiento de se\u00f1al<\/td><\/tr><tr><td>3<\/td><td>Marcador de posici\u00f3n para el m\u00f3dulo de acoplador (para mantenimiento sin tornillos)<\/td><\/tr><tr><td>4<\/td><td>Caja trasera de 3 GHz para futuras actualizaciones<\/td><\/tr><tr><td>5<\/td><td>Dise\u00f1o especial de conector sin tornillo para un rendimiento de alta calidad a 3 GHz que elimina CPD<\/td><\/tr><tr><td>6<\/td><td>Interruptor que evita la interrupci\u00f3n de AC y un posible reinicio de RPD<\/td><\/tr><tr><td>7<\/td><td>M\u00f3dulo acoplador de 1,8 GHz para establecer el valor de toque (de las 9 opciones posibles)<\/td><\/tr><\/tbody><\/table><\/figure>\n\n\n\n<h2 class=\"gb-headline gb-headline-6b17d0fd gb-headline-text gb-headline-h2-in-content wp-embed-aspect-16-9 wp-has-aspect-ratio\">Conector XGT de 3 GHz: m\u00e1s r\u00e1pido, mejor y m\u00e1s f\u00e1cil<\/h2>\n\n\n\n<ul type=\"video\" class=\"wp-embed-aspect-16-9 wp-has-aspect-ratio wp-block-list\">\n<li>75% m\u00e1s r\u00e1pido de instalar que los conectores IN y OUT convencionales de multitaps<\/li>\n\n\n\n<li>Elimina errores humanos como el exceso o el par bajo<\/li>\n\n\n\n<li>La CPD se reduce considerablemente debido a una mayor \u00e1rea de contacto en el conductor interno<\/li>\n\n\n\n<li>Conector sin tornillo accesible desde el lateral y la parte inferior del grifo<\/li>\n<\/ul>\n\n\n<div class=\"gb-grid-wrapper gb-grid-wrapper-7c47a3bf wp-embed-aspect-16-9 wp-has-aspect-ratio\">\n<div class=\"gb-grid-column gb-grid-column-32ae082f\"><div class=\"gb-container gb-container-32ae082f\"><div class=\"gb-inside-container\">\n\n<figure class=\"gb-block-image gb-block-image-dd19386a\"><img loading=\"lazy\" decoding=\"async\" width=\"902\" height=\"454\" class=\"gb-image gb-image-dd19386a\" src=\"https:\/\/emea.technetix.com\/wp-content\/uploads\/sites\/2\/2023\/02\/XGT_OUT.png\" alt=\"Conector XGT de 3 GHz: m\u00e1s r\u00e1pido, mejor y m\u00e1s f\u00e1cil\" srcset=\"https:\/\/emea.technetix.com\/wp-content\/uploads\/sites\/2\/2023\/02\/XGT_OUT.png 902w, https:\/\/emea.technetix.com\/wp-content\/uploads\/sites\/2\/2023\/02\/XGT_OUT-300x151.png 300w, https:\/\/emea.technetix.com\/wp-content\/uploads\/sites\/2\/2023\/02\/XGT_OUT-768x387.png 768w, https:\/\/emea.technetix.com\/wp-content\/uploads\/sites\/2\/2023\/02\/XGT_OUT-600x302.png 600w\" sizes=\"auto, (max-width: 902px) 100vw, 902px\" \/><\/figure>\n\n<\/div><\/div><\/div>\n\n<div class=\"gb-grid-column gb-grid-column-d3dfeb82\"><div class=\"gb-container gb-container-d3dfeb82\"><div class=\"gb-inside-container\">\n\n<figure class=\"gb-block-image gb-block-image-46a4f270\"><img loading=\"lazy\" decoding=\"async\" width=\"901\" height=\"454\" class=\"gb-image gb-image-46a4f270\" src=\"https:\/\/emea.technetix.com\/wp-content\/uploads\/sites\/2\/2023\/02\/XGT_IN.png\" alt=\"75% m\u00e1s r\u00e1pido de instalar que los conectores IN y OUT convencionales de multitaps\" srcset=\"https:\/\/emea.technetix.com\/wp-content\/uploads\/sites\/2\/2023\/02\/XGT_IN.png 901w, https:\/\/emea.technetix.com\/wp-content\/uploads\/sites\/2\/2023\/02\/XGT_IN-300x151.png 300w, https:\/\/emea.technetix.com\/wp-content\/uploads\/sites\/2\/2023\/02\/XGT_IN-768x387.png 768w, https:\/\/emea.technetix.com\/wp-content\/uploads\/sites\/2\/2023\/02\/XGT_IN-600x302.png 600w\" sizes=\"auto, (max-width: 901px) 100vw, 901px\" \/><\/figure>\n\n<\/div><\/div><\/div>\n<\/div>\n\n\n<h2 class=\"gb-headline gb-headline-4b572e45 gb-headline-text wp-embed-aspect-16-9 wp-has-aspect-ratio\">Ahorro de inventario<\/h2>\n\n\n\n<p class=\"gb-headline gb-headline-6656b5c3 gb-headline-text wp-embed-aspect-16-9 wp-has-aspect-ratio\">El concepto de m\u00f3dulo de acoplamiento significa que el acoplador direccional es un componente separado de la placa frontal y se pueden combinar para lograr el valor de grifo requerido, eliminando del 60% al 80% de los SKU de grifo, facilitando la gesti\u00f3n de inventario y reduciendo el capital de trabajo. La cadena de suministro operativa desde los almacenes centrales y los centros de distribuci\u00f3n hasta los camiones de los t\u00e9cnicos se beneficiar\u00e1 de esta reducci\u00f3n de inventario. M\u00f3dulo de acoplador con placa frontal de 2 v\u00edas (dB) con placa frontal de 4 v\u00edas (dB) con placa frontal de 8 v\u00edas (dB). <\/p>\n\n\n\n<figure class=\"wp-block-table wp-embed-aspect-16-9 wp-has-aspect-ratio centered-columns-table is-style-regular\"><table><tbody><tr><td>M\u00f3dulo de acoplador<\/td><td>con placa frontal de 2 v\u00edas (dB)<\/td><td>con placa frontal de 4 v\u00edas (dB)<\/td><td>con placa frontal de 8 v\u00edas (dB)<\/td><\/tr><tr><td>XGT1800-CM0T<\/td><td>4T<\/td><td>8T<\/td><td>11T<\/td><\/tr><tr><td>XGT1800-CM04<\/td><td>8<\/td><td>11<\/td><td>14<\/td><\/tr><tr><td>XGT1800-CM07<\/td><td>11<\/td><td>14<\/td><td>17<\/td><\/tr><tr><td>XGT1800-CM10<\/td><td>14<\/td><td>17<\/td><td>20<\/td><\/tr><tr><td>XGT1800-CM13<\/td><td>17<\/td><td>20<\/td><td>23<\/td><\/tr><tr><td>XGT1800-CM16<\/td><td>20<\/td><td>23<\/td><td>26<\/td><\/tr><tr><td>XGT1800-CM19<\/td><td>23<\/td><td>26<\/td><td>29<\/td><\/tr><tr><td>XGT1800-CM22<\/td><td>26<\/td><td>29<\/td><td>32<\/td><\/tr><tr><td>XGT1800-CM25<\/td><td>29<\/td><td>32<\/td><td>35<\/td><\/tr><\/tbody><\/table><\/figure>\n\n\n\n<hr class=\"wp-block-separator has-text-color has-white-color has-alpha-channel-opacity has-white-background-color has-background wp-embed-aspect-16-9 wp-has-aspect-ratio\" \/>\n\n\n\n<figure class=\"wp-block-embed is-type-video is-provider-youtube wp-block-embed-youtube wp-embed-aspect-16-9 wp-has-aspect-ratio\"><div class=\"wp-block-embed__wrapper\">\n<iframe loading=\"lazy\" title=\"XGT gigabit modular outdoor multitaps\" width=\"1200\" height=\"675\" src=\"https:\/\/www.youtube.com\/embed\/xf1_d7Xo-0c?feature=oembed\" frameborder=\"0\" allow=\"accelerometer; autoplay; clipboard-write; encrypted-media; gyroscope; picture-in-picture; web-share\" referrerpolicy=\"strict-origin-when-cross-origin\" allowfullscreen><\/iframe>\n<\/div><\/figure>\n\n<\/div>\n\n<div class=\"gb-container gb-container-5e99f6e7 gb-container-con-buttons-bottom\">\n\n<h2 class=\"gb-headline gb-headline-7ce6fa4b gb-headline-text gb-headline-head-bottom-buttons\">Enlaces de inter\u00e9s<\/h2>\n\n\n<div class=\"gb-button-wrapper gb-button-wrapper-12bd3953 gb-button-wrapper-after-con-buttons\">\n\n<a class=\"gb-button gb-button-2490a6f0 gb-button-text gb-button-bottom-button\" href=\"https:\/\/emea.technetix.com\/wp-content\/uploads\/sites\/2\/2023\/02\/PP0185_XGT-SERIES_DS_AE.pdf\" target=\"_blank\" rel=\"noopener noreferrer\">Ficha tecnica de XGT multitaps<\/a>\n\n\n\n<a class=\"gb-button gb-button-8f52b4e8 gb-button-text gb-button-bottom-button\" href=\"https:\/\/emea.technetix.com\/wp-content\/uploads\/sites\/2\/2023\/02\/XGT_MAN_AE.pdf\">Manuales de usuario<\/a>\n\n\n\n<a class=\"gb-button gb-button-e3ee3c25 gb-button-text gb-button-bottom-button\" href=\"https:\/\/emea.technetix.com\/wp-content\/uploads\/sites\/2\/2023\/08\/19013831_XGx_V12_DS_EN.pdf\" target=\"_blank\" rel=\"noopener noreferrer\">Ficha tecnica de pasivos XGx<\/a>\n\n\n\n<a class=\"gb-button gb-button-9a520146 gb-button-text gb-button-bottom-button\" href=\"https:\/\/emea.technetix.com\/wp-content\/uploads\/sites\/2\/2023\/08\/19013856_XGT1200-CEXX_DS_AE_V3.pdf\" target=\"_blank\" rel=\"noopener noreferrer\">Insertables para acondicionamiento de se\u00f1al<\/a>\n\n\n\n<a class=\"gb-button gb-button-bfb590dd gb-button-text gb-button-bottom-button\" href=\"https:\/\/emea.technetix.com\/es\/productos\/tecnologia-de-banda-ancha\/taps-de-exterior\/?swoof=1&amp;pa_style-sub-brand=xg-series&amp;really_curr_tax=665-product_cat\">Hojear<\/a>\n\n\n\n<a class=\"gb-button gb-button-d5281588 gb-button-text gb-button-bottom-button\" href=\"https:\/\/emea.technetix.com\/es\/contactenos\/\">Cont\u00e1ctenos<\/a>\n\n<\/div>\n<\/div>","protected":false},"excerpt":{"rendered":"<p>Taps XGT La gama XGT incluye un nuevo multitap modular de 1,8 GHz dise\u00f1ado para ampliar su planta de exterior a 10G ahora y estar listo para 25G en el futuro. 1 placa frontal de 1,8 GHz: se puede reemplazar sin romper las se\u00f1ales de alimentaci\u00f3n o RF en la l\u00ednea 2 Plug-in de acondicionamiento &#8230; <a title=\"Taps XGT\" class=\"read-more\" href=\"https:\/\/emea.technetix.com\/es\/redes-hfc\/multitaps-y-pasivos-de-linea\/taps-xgt\/\" aria-label=\"Leer m\u00e1s sobre Taps XGT\">Read more<\/a><\/p>\n","protected":false},"author":1,"featured_media":2449,"parent":7128,"menu_order":0,"comment_status":"open","ping_status":"closed","template":"","meta":{"_acf_changed":false,"_gspb_post_css":"","footnotes":""},"class_list":["post-7234","page","type-page","status-publish","has-post-thumbnail"],"yoast_head":"<!-- This site is optimized with the Yoast SEO Premium plugin v22.5 (Yoast SEO v27.3) - https:\/\/yoast.com\/product\/yoast-seo-premium-wordpress\/ -->\n<title>Taps XGT - Technetix EMEA<\/title>\n<meta name=\"robots\" content=\"index, follow, max-snippet:-1, max-image-preview:large, max-video-preview:-1\" \/>\n<link rel=\"canonical\" href=\"https:\/\/emea.technetix.com\/es\/redes-hfc\/multitaps-y-pasivos-de-linea\/taps-xgt\/\" \/>\n<meta property=\"og:locale\" content=\"es_ES\" \/>\n<meta property=\"og:type\" content=\"article\" \/>\n<meta property=\"og:title\" content=\"Taps XGT - Technetix EMEA\" \/>\n<meta property=\"og:description\" content=\"Taps XGT La gama XGT incluye un nuevo multitap modular de 1,8 GHz dise\u00f1ado para ampliar su planta de exterior a 10G ahora y estar listo para 25G en el futuro. 1 placa frontal de 1,8 GHz: se puede reemplazar sin romper las se\u00f1ales de alimentaci\u00f3n o RF en la l\u00ednea 2 Plug-in de acondicionamiento ... Read more\" \/>\n<meta property=\"og:url\" content=\"https:\/\/emea.technetix.com\/es\/redes-hfc\/multitaps-y-pasivos-de-linea\/taps-xgt\/\" \/>\n<meta property=\"og:site_name\" content=\"Technetix EMEA\" \/>\n<meta property=\"article:modified_time\" content=\"2023-08-30T15:28:07+00:00\" \/>\n<meta property=\"og:image\" content=\"https:\/\/emea.technetix.com\/wp-content\/uploads\/sites\/2\/2023\/02\/LANDING_PAGE_LARGE_XGT_FINAL.jpeg\" \/>\n\t<meta property=\"og:image:width\" content=\"1920\" \/>\n\t<meta property=\"og:image:height\" content=\"450\" \/>\n\t<meta property=\"og:image:type\" content=\"image\/jpeg\" \/>\n<meta name=\"twitter:card\" content=\"summary_large_image\" \/>\n<meta name=\"twitter:site\" content=\"@technetixgroup\" \/>\n<meta name=\"twitter:label1\" content=\"Tiempo de lectura\" \/>\n\t<meta name=\"twitter:data1\" content=\"3 minutos\" \/>\n<script type=\"application\/ld+json\" class=\"yoast-schema-graph\">{\"@context\":\"https:\\\/\\\/schema.org\",\"@graph\":[{\"@type\":\"WebPage\",\"@id\":\"https:\\\/\\\/emea.technetix.com\\\/es\\\/redes-hfc\\\/multitaps-y-pasivos-de-linea\\\/taps-xgt\\\/\",\"url\":\"https:\\\/\\\/emea.technetix.com\\\/es\\\/redes-hfc\\\/multitaps-y-pasivos-de-linea\\\/taps-xgt\\\/\",\"name\":\"Taps XGT - Technetix EMEA\",\"isPartOf\":{\"@id\":\"https:\\\/\\\/emea.technetix.com\\\/es\\\/#website\"},\"primaryImageOfPage\":{\"@id\":\"https:\\\/\\\/emea.technetix.com\\\/es\\\/redes-hfc\\\/multitaps-y-pasivos-de-linea\\\/taps-xgt\\\/#primaryimage\"},\"image\":{\"@id\":\"https:\\\/\\\/emea.technetix.com\\\/es\\\/redes-hfc\\\/multitaps-y-pasivos-de-linea\\\/taps-xgt\\\/#primaryimage\"},\"thumbnailUrl\":\"https:\\\/\\\/emea.technetix.com\\\/wp-content\\\/uploads\\\/sites\\\/2\\\/2023\\\/02\\\/LANDING_PAGE_LARGE_XGT_FINAL.jpeg\",\"datePublished\":\"2023-02-02T20:06:55+00:00\",\"dateModified\":\"2023-08-30T15:28:07+00:00\",\"breadcrumb\":{\"@id\":\"https:\\\/\\\/emea.technetix.com\\\/es\\\/redes-hfc\\\/multitaps-y-pasivos-de-linea\\\/taps-xgt\\\/#breadcrumb\"},\"inLanguage\":\"es\",\"potentialAction\":[{\"@type\":\"ReadAction\",\"target\":[\"https:\\\/\\\/emea.technetix.com\\\/es\\\/redes-hfc\\\/multitaps-y-pasivos-de-linea\\\/taps-xgt\\\/\"]}]},{\"@type\":\"ImageObject\",\"inLanguage\":\"es\",\"@id\":\"https:\\\/\\\/emea.technetix.com\\\/es\\\/redes-hfc\\\/multitaps-y-pasivos-de-linea\\\/taps-xgt\\\/#primaryimage\",\"url\":\"https:\\\/\\\/emea.technetix.com\\\/wp-content\\\/uploads\\\/sites\\\/2\\\/2023\\\/02\\\/LANDING_PAGE_LARGE_XGT_FINAL.jpeg\",\"contentUrl\":\"https:\\\/\\\/emea.technetix.com\\\/wp-content\\\/uploads\\\/sites\\\/2\\\/2023\\\/02\\\/LANDING_PAGE_LARGE_XGT_FINAL.jpeg\",\"width\":1920,\"height\":450},{\"@type\":\"BreadcrumbList\",\"@id\":\"https:\\\/\\\/emea.technetix.com\\\/es\\\/redes-hfc\\\/multitaps-y-pasivos-de-linea\\\/taps-xgt\\\/#breadcrumb\",\"itemListElement\":[{\"@type\":\"ListItem\",\"position\":1,\"name\":\"Home\",\"item\":\"https:\\\/\\\/emea.technetix.com\\\/es\\\/\"},{\"@type\":\"ListItem\",\"position\":2,\"name\":\"Banda ancha de cable\",\"item\":\"https:\\\/\\\/emea.technetix.com\\\/es\\\/redes-hfc\\\/\"},{\"@type\":\"ListItem\",\"position\":3,\"name\":\"Multitaps y pasivos de l\u00ednea\",\"item\":\"https:\\\/\\\/emea.technetix.com\\\/es\\\/redes-hfc\\\/multitaps-y-pasivos-de-linea\\\/\"},{\"@type\":\"ListItem\",\"position\":4,\"name\":\"Taps XGT\"}]},{\"@type\":\"WebSite\",\"@id\":\"https:\\\/\\\/emea.technetix.com\\\/es\\\/#website\",\"url\":\"https:\\\/\\\/emea.technetix.com\\\/es\\\/\",\"name\":\"Technetix\",\"description\":\"Next-generation broadband equipment engineering\",\"publisher\":{\"@id\":\"https:\\\/\\\/emea.technetix.com\\\/es\\\/#organization\"},\"potentialAction\":[{\"@type\":\"SearchAction\",\"target\":{\"@type\":\"EntryPoint\",\"urlTemplate\":\"https:\\\/\\\/emea.technetix.com\\\/es\\\/?s={search_term_string}\"},\"query-input\":{\"@type\":\"PropertyValueSpecification\",\"valueRequired\":true,\"valueName\":\"search_term_string\"}}],\"inLanguage\":\"es\"},{\"@type\":\"Organization\",\"@id\":\"https:\\\/\\\/emea.technetix.com\\\/es\\\/#organization\",\"name\":\"Technetix\",\"url\":\"https:\\\/\\\/emea.technetix.com\\\/es\\\/\",\"logo\":{\"@type\":\"ImageObject\",\"inLanguage\":\"es\",\"@id\":\"https:\\\/\\\/emea.technetix.com\\\/es\\\/#\\\/schema\\\/logo\\\/image\\\/\",\"url\":\"https:\\\/\\\/emea.technetix.com\\\/wp-content\\\/uploads\\\/sites\\\/2\\\/2023\\\/06\\\/logo-Technetix-1000x1000-1.png\",\"contentUrl\":\"https:\\\/\\\/emea.technetix.com\\\/wp-content\\\/uploads\\\/sites\\\/2\\\/2023\\\/06\\\/logo-Technetix-1000x1000-1.png\",\"width\":1000,\"height\":1000,\"caption\":\"Technetix\"},\"image\":{\"@id\":\"https:\\\/\\\/emea.technetix.com\\\/es\\\/#\\\/schema\\\/logo\\\/image\\\/\"},\"sameAs\":[\"https:\\\/\\\/x.com\\\/technetixgroup\",\"https:\\\/\\\/www.linkedin.com\\\/company\\\/technetix\\\/\",\"https:\\\/\\\/www.youtube.com\\\/c\\\/Technetix-group\"]}]}<\/script>\n<!-- \/ Yoast SEO Premium plugin. -->","yoast_head_json":{"title":"Taps XGT - Technetix EMEA","robots":{"index":"index","follow":"follow","max-snippet":"max-snippet:-1","max-image-preview":"max-image-preview:large","max-video-preview":"max-video-preview:-1"},"canonical":"https:\/\/emea.technetix.com\/es\/redes-hfc\/multitaps-y-pasivos-de-linea\/taps-xgt\/","og_locale":"es_ES","og_type":"article","og_title":"Taps XGT - Technetix EMEA","og_description":"Taps XGT La gama XGT incluye un nuevo multitap modular de 1,8 GHz dise\u00f1ado para ampliar su planta de exterior a 10G ahora y estar listo para 25G en el futuro. 1 placa frontal de 1,8 GHz: se puede reemplazar sin romper las se\u00f1ales de alimentaci\u00f3n o RF en la l\u00ednea 2 Plug-in de acondicionamiento ... Read more","og_url":"https:\/\/emea.technetix.com\/es\/redes-hfc\/multitaps-y-pasivos-de-linea\/taps-xgt\/","og_site_name":"Technetix EMEA","article_modified_time":"2023-08-30T15:28:07+00:00","og_image":[{"width":1920,"height":450,"url":"https:\/\/emea.technetix.com\/wp-content\/uploads\/sites\/2\/2023\/02\/LANDING_PAGE_LARGE_XGT_FINAL.jpeg","type":"image\/jpeg"}],"twitter_card":"summary_large_image","twitter_site":"@technetixgroup","twitter_misc":{"Tiempo de lectura":"3 minutos"},"schema":{"@context":"https:\/\/schema.org","@graph":[{"@type":"WebPage","@id":"https:\/\/emea.technetix.com\/es\/redes-hfc\/multitaps-y-pasivos-de-linea\/taps-xgt\/","url":"https:\/\/emea.technetix.com\/es\/redes-hfc\/multitaps-y-pasivos-de-linea\/taps-xgt\/","name":"Taps XGT - Technetix EMEA","isPartOf":{"@id":"https:\/\/emea.technetix.com\/es\/#website"},"primaryImageOfPage":{"@id":"https:\/\/emea.technetix.com\/es\/redes-hfc\/multitaps-y-pasivos-de-linea\/taps-xgt\/#primaryimage"},"image":{"@id":"https:\/\/emea.technetix.com\/es\/redes-hfc\/multitaps-y-pasivos-de-linea\/taps-xgt\/#primaryimage"},"thumbnailUrl":"https:\/\/emea.technetix.com\/wp-content\/uploads\/sites\/2\/2023\/02\/LANDING_PAGE_LARGE_XGT_FINAL.jpeg","datePublished":"2023-02-02T20:06:55+00:00","dateModified":"2023-08-30T15:28:07+00:00","breadcrumb":{"@id":"https:\/\/emea.technetix.com\/es\/redes-hfc\/multitaps-y-pasivos-de-linea\/taps-xgt\/#breadcrumb"},"inLanguage":"es","potentialAction":[{"@type":"ReadAction","target":["https:\/\/emea.technetix.com\/es\/redes-hfc\/multitaps-y-pasivos-de-linea\/taps-xgt\/"]}]},{"@type":"ImageObject","inLanguage":"es","@id":"https:\/\/emea.technetix.com\/es\/redes-hfc\/multitaps-y-pasivos-de-linea\/taps-xgt\/#primaryimage","url":"https:\/\/emea.technetix.com\/wp-content\/uploads\/sites\/2\/2023\/02\/LANDING_PAGE_LARGE_XGT_FINAL.jpeg","contentUrl":"https:\/\/emea.technetix.com\/wp-content\/uploads\/sites\/2\/2023\/02\/LANDING_PAGE_LARGE_XGT_FINAL.jpeg","width":1920,"height":450},{"@type":"BreadcrumbList","@id":"https:\/\/emea.technetix.com\/es\/redes-hfc\/multitaps-y-pasivos-de-linea\/taps-xgt\/#breadcrumb","itemListElement":[{"@type":"ListItem","position":1,"name":"Home","item":"https:\/\/emea.technetix.com\/es\/"},{"@type":"ListItem","position":2,"name":"Banda ancha de cable","item":"https:\/\/emea.technetix.com\/es\/redes-hfc\/"},{"@type":"ListItem","position":3,"name":"Multitaps y pasivos de l\u00ednea","item":"https:\/\/emea.technetix.com\/es\/redes-hfc\/multitaps-y-pasivos-de-linea\/"},{"@type":"ListItem","position":4,"name":"Taps XGT"}]},{"@type":"WebSite","@id":"https:\/\/emea.technetix.com\/es\/#website","url":"https:\/\/emea.technetix.com\/es\/","name":"Technetix","description":"Next-generation broadband equipment engineering","publisher":{"@id":"https:\/\/emea.technetix.com\/es\/#organization"},"potentialAction":[{"@type":"SearchAction","target":{"@type":"EntryPoint","urlTemplate":"https:\/\/emea.technetix.com\/es\/?s={search_term_string}"},"query-input":{"@type":"PropertyValueSpecification","valueRequired":true,"valueName":"search_term_string"}}],"inLanguage":"es"},{"@type":"Organization","@id":"https:\/\/emea.technetix.com\/es\/#organization","name":"Technetix","url":"https:\/\/emea.technetix.com\/es\/","logo":{"@type":"ImageObject","inLanguage":"es","@id":"https:\/\/emea.technetix.com\/es\/#\/schema\/logo\/image\/","url":"https:\/\/emea.technetix.com\/wp-content\/uploads\/sites\/2\/2023\/06\/logo-Technetix-1000x1000-1.png","contentUrl":"https:\/\/emea.technetix.com\/wp-content\/uploads\/sites\/2\/2023\/06\/logo-Technetix-1000x1000-1.png","width":1000,"height":1000,"caption":"Technetix"},"image":{"@id":"https:\/\/emea.technetix.com\/es\/#\/schema\/logo\/image\/"},"sameAs":["https:\/\/x.com\/technetixgroup","https:\/\/www.linkedin.com\/company\/technetix\/","https:\/\/www.youtube.com\/c\/Technetix-group"]}]}},"acf":[],"publishpress_future_workflow_manual_trigger":{"enabledWorkflows":[]},"_links":{"self":[{"href":"https:\/\/emea.technetix.com\/es\/wp-json\/wp\/v2\/pages\/7234","targetHints":{"allow":["GET"]}}],"collection":[{"href":"https:\/\/emea.technetix.com\/es\/wp-json\/wp\/v2\/pages"}],"about":[{"href":"https:\/\/emea.technetix.com\/es\/wp-json\/wp\/v2\/types\/page"}],"author":[{"embeddable":true,"href":"https:\/\/emea.technetix.com\/es\/wp-json\/wp\/v2\/users\/1"}],"replies":[{"embeddable":true,"href":"https:\/\/emea.technetix.com\/es\/wp-json\/wp\/v2\/comments?post=7234"}],"version-history":[{"count":0,"href":"https:\/\/emea.technetix.com\/es\/wp-json\/wp\/v2\/pages\/7234\/revisions"}],"up":[{"embeddable":true,"href":"https:\/\/emea.technetix.com\/es\/wp-json\/wp\/v2\/pages\/7128"}],"wp:featuredmedia":[{"embeddable":true,"href":"https:\/\/emea.technetix.com\/es\/wp-json\/wp\/v2\/media\/2449"}],"wp:attachment":[{"href":"https:\/\/emea.technetix.com\/es\/wp-json\/wp\/v2\/media?parent=7234"}],"curies":[{"name":"wp","href":"https:\/\/api.w.org\/{rel}","templated":true}]}}