{"id":7202,"date":"2023-01-31T19:17:49","date_gmt":"2023-01-31T19:17:49","guid":{"rendered":"https:\/\/emea.technetix.com\/redes-hfc\/fibra-y-daa\/nodos-inteligentes-dbx\/"},"modified":"2023-07-10T08:20:28","modified_gmt":"2023-07-10T08:20:28","slug":"nodos-inteligentes-dbx","status":"publish","type":"page","link":"https:\/\/emea.technetix.com\/es\/redes-hfc\/fibra-y-daa\/nodos-inteligentes-dbx\/","title":{"rendered":"Nodos inteligentes DBx"},"content":{"rendered":"<div class=\"gb-container gb-container-f86f3f4f gb-container-hero-banner\"><div class=\"gb-inside-container\">\n<h1 class=\"gb-headline gb-headline-e1547755 gb-headline-text gb-headline-hero-banner-title\">Nodos inteligentes DBx<\/h1>\n<\/div><\/div>\n\n<div class=\"gb-container gb-container-7dd35efd gb-container-con-centered-header\">\n\n<h2 class=\"gb-headline gb-headline-d02c52e4 gb-headline-text\">Plataforma modular abierta para la red de acceso compatible con DOCSIS 3.1, como amplificadores de RF, nodos \u00f3ptico o nodos PHY remotos.<\/h2>\n\n<\/div>\n\n<div class=\"gb-container gb-container-621beba2 gb-container-wide-back-page-con\">\n<div class=\"gb-grid-wrapper gb-grid-wrapper-53f55656\">\n<div class=\"gb-grid-column gb-grid-column-111762de\"><div class=\"gb-container gb-container-111762de image-link-block\"><a class=\"gb-container-link\" href=\"https:\/\/emea.technetix.com\/es\/redes-hfc\/fibra-y-daa\/nodos-inteligentes-dbx\/22047-2\/\"><\/a><div class=\"gb-inside-container\">\n<div class=\"gb-container gb-container-c51a427e\"><div class=\"gb-inside-container\">\n\n<figure class=\"gb-block-image gb-block-image-92ef0c3b\"><img loading=\"lazy\" decoding=\"async\" width=\"1000\" height=\"500\" class=\"gb-image gb-image-92ef0c3b\" src=\"https:\/\/emea.technetix.com\/wp-content\/uploads\/sites\/2\/2023\/07\/TILE_DBC-LiteNode-1.png\" alt=\"\" title=\"TILE_DBC-LiteNode\" srcset=\"https:\/\/emea.technetix.com\/wp-content\/uploads\/sites\/2\/2023\/07\/TILE_DBC-LiteNode-1.png 1000w, https:\/\/emea.technetix.com\/wp-content\/uploads\/sites\/2\/2023\/07\/TILE_DBC-LiteNode-1-300x150.png 300w, https:\/\/emea.technetix.com\/wp-content\/uploads\/sites\/2\/2023\/07\/TILE_DBC-LiteNode-1-768x384.png 768w, https:\/\/emea.technetix.com\/wp-content\/uploads\/sites\/2\/2023\/07\/TILE_DBC-LiteNode-1-600x300.png 600w\" sizes=\"auto, (max-width: 1000px) 100vw, 1000px\" \/><\/figure>\n\n\n\n<h2 class=\"gb-headline gb-headline-8057c017 gb-headline-text\">DBC-1200 Lite Node<\/h2>\n\n\n\n<p class=\"gb-headline gb-headline-380a8e6b gb-headline-text\">El Digital Broadband Compact (DBC) Lite Node es un nodo \u00f3ptico de RF con una transmisi\u00f3n bidireccional de fibra \u00fanica y un filtro CWDM integrado.<\/p>\n\n<\/div><\/div>\n<\/div><\/div><\/div>\n\n<div class=\"gb-grid-column gb-grid-column-858bde5c\"><div class=\"gb-container gb-container-858bde5c image-link-block\"><a class=\"gb-container-link\" href=\"https:\/\/emea.technetix.com\/es\/redes-hfc\/fibra-y-daa\/nodos-inteligentes-dbx\/dbc-node\/\"><\/a><div class=\"gb-inside-container\">\n<div class=\"gb-container gb-container-9f163184\"><div class=\"gb-inside-container\">\n\n<figure class=\"gb-block-image gb-block-image-9aaccd4f\"><img loading=\"lazy\" decoding=\"async\" width=\"1000\" height=\"500\" class=\"gb-image gb-image-9aaccd4f\" src=\"https:\/\/emea.technetix.com\/wp-content\/uploads\/sites\/2\/2023\/01\/301_DBC-1200-BASE.png\" alt=\"DBC-1200 - El Digital Broadband Compact (DBC) es un nodo \u00f3ptico inteligente de RF configurable, con una sola salida activa\" srcset=\"https:\/\/emea.technetix.com\/wp-content\/uploads\/sites\/2\/2023\/01\/301_DBC-1200-BASE.png 1000w, https:\/\/emea.technetix.com\/wp-content\/uploads\/sites\/2\/2023\/01\/301_DBC-1200-BASE-300x150.png 300w, https:\/\/emea.technetix.com\/wp-content\/uploads\/sites\/2\/2023\/01\/301_DBC-1200-BASE-768x384.png 768w, https:\/\/emea.technetix.com\/wp-content\/uploads\/sites\/2\/2023\/01\/301_DBC-1200-BASE-600x300.png 600w\" sizes=\"auto, (max-width: 1000px) 100vw, 1000px\" \/><\/figure>\n\n\n\n<h2 class=\"gb-headline gb-headline-319dd90f gb-headline-text\">DBC-1200<\/h2>\n\n\n\n<p class=\"gb-headline gb-headline-e941a418 gb-headline-text\">El Digital Broadband Compact (DBC) es un nodo \u00f3ptico inteligente de RF configurable, con una sola salida activa.<\/p>\n\n<\/div><\/div>\n<\/div><\/div><\/div>\n\n<div class=\"gb-grid-column gb-grid-column-7a4bf16e\"><div class=\"gb-container gb-container-7a4bf16e image-link-block\"><a class=\"gb-container-link\" href=\"https:\/\/emea.technetix.com\/es\/redes-hfc\/fibra-y-daa\/nodos-inteligentes-dbx\/dbcs-node\/\"><\/a><div class=\"gb-inside-container\">\n<div class=\"gb-container gb-container-9300bbd2\"><div class=\"gb-inside-container\">\n\n<figure class=\"gb-block-image gb-block-image-6f84a4e9\"><img loading=\"lazy\" decoding=\"async\" width=\"1000\" height=\"500\" class=\"gb-image gb-image-6f84a4e9\" src=\"https:\/\/emea.technetix.com\/wp-content\/uploads\/sites\/2\/2023\/01\/304_DBC-1200.png\" alt=\"DBC-1200S - El Digital Broadband Compact Strand (DBCS) de montaje en poste, es un nodo \u00f3ptico inteligente de RF configurable, con una sola salida activa\" srcset=\"https:\/\/emea.technetix.com\/wp-content\/uploads\/sites\/2\/2023\/01\/304_DBC-1200.png 1000w, https:\/\/emea.technetix.com\/wp-content\/uploads\/sites\/2\/2023\/01\/304_DBC-1200-300x150.png 300w, https:\/\/emea.technetix.com\/wp-content\/uploads\/sites\/2\/2023\/01\/304_DBC-1200-768x384.png 768w, https:\/\/emea.technetix.com\/wp-content\/uploads\/sites\/2\/2023\/01\/304_DBC-1200-600x300.png 600w\" sizes=\"auto, (max-width: 1000px) 100vw, 1000px\" \/><\/figure>\n\n\n\n<h2 class=\"gb-headline gb-headline-e57d4edf gb-headline-text\">DBC-1200S<\/h2>\n\n\n\n<p class=\"gb-headline gb-headline-d30bd382 gb-headline-text\">El Digital Broadband Compact Strand (DBCS) de montaje en poste, es un nodo \u00f3ptico inteligente de RF configurable, con una sola salida activa.<\/p>\n\n<\/div><\/div>\n<\/div><\/div><\/div>\n\n<div class=\"gb-grid-column gb-grid-column-275da853\"><div class=\"gb-container gb-container-275da853 image-link-block\"><a class=\"gb-container-link\" href=\"https:\/\/emea.technetix.com\/es\/redes-hfc\/fibra-y-daa\/nodos-inteligentes-dbx\/dbd-node\/\"><\/a><div class=\"gb-inside-container\">\n<div class=\"gb-container gb-container-d6319ced\"><div class=\"gb-inside-container\">\n\n<figure class=\"gb-block-image gb-block-image-67a1585e\"><img loading=\"lazy\" decoding=\"async\" width=\"1000\" height=\"500\" class=\"gb-image gb-image-67a1585e\" src=\"https:\/\/emea.technetix.com\/wp-content\/uploads\/sites\/2\/2023\/01\/302_DBD-1200.png\" alt=\"DBD-1200 - El Digital Broadband Distribution (DBD) es un nodo \u00f3ptico inteligente de RF configurable, con doble salida activa\" srcset=\"https:\/\/emea.technetix.com\/wp-content\/uploads\/sites\/2\/2023\/01\/302_DBD-1200.png 1000w, https:\/\/emea.technetix.com\/wp-content\/uploads\/sites\/2\/2023\/01\/302_DBD-1200-300x150.png 300w, https:\/\/emea.technetix.com\/wp-content\/uploads\/sites\/2\/2023\/01\/302_DBD-1200-768x384.png 768w, https:\/\/emea.technetix.com\/wp-content\/uploads\/sites\/2\/2023\/01\/302_DBD-1200-600x300.png 600w\" sizes=\"auto, (max-width: 1000px) 100vw, 1000px\" \/><\/figure>\n\n\n\n<h2 class=\"gb-headline gb-headline-23c0d750 gb-headline-text\">DBD-1200<\/h2>\n\n\n\n<p class=\"gb-headline gb-headline-5fe141aa gb-headline-text\">El Digital Broadband Distribution (DBD) es un nodo \u00f3ptico inteligente de RF configurable, con doble salida activa.<\/p>\n\n<\/div><\/div>\n<\/div><\/div><\/div>\n\n<div class=\"gb-grid-column gb-grid-column-d18fa710\"><div class=\"gb-container gb-container-d18fa710 image-link-block\"><a class=\"gb-container-link\" href=\"https:\/\/emea.technetix.com\/es\/redes-hfc\/fibra-y-daa\/nodos-inteligentes-dbx\/dbe-node\/\"><\/a><div class=\"gb-inside-container\">\n<div class=\"gb-container gb-container-844acd73\"><div class=\"gb-inside-container\">\n\n<figure class=\"gb-block-image gb-block-image-906a5986\"><img loading=\"lazy\" decoding=\"async\" width=\"1000\" height=\"500\" class=\"gb-image gb-image-906a5986\" src=\"https:\/\/emea.technetix.com\/wp-content\/uploads\/sites\/2\/2023\/01\/303_DBE-1200-BASE.png\" alt=\"DBE-1200 - El Digital Broadband Edge (DBE), de montaje en poste, es un nodo \u00f3ptico inteligente de RF configurable con una triple salida activa\" srcset=\"https:\/\/emea.technetix.com\/wp-content\/uploads\/sites\/2\/2023\/01\/303_DBE-1200-BASE.png 1000w, https:\/\/emea.technetix.com\/wp-content\/uploads\/sites\/2\/2023\/01\/303_DBE-1200-BASE-300x150.png 300w, https:\/\/emea.technetix.com\/wp-content\/uploads\/sites\/2\/2023\/01\/303_DBE-1200-BASE-768x384.png 768w, https:\/\/emea.technetix.com\/wp-content\/uploads\/sites\/2\/2023\/01\/303_DBE-1200-BASE-600x300.png 600w\" sizes=\"auto, (max-width: 1000px) 100vw, 1000px\" \/><\/figure>\n\n\n\n<h2 class=\"gb-headline gb-headline-80f7d0cc gb-headline-text\">DBE-1200<\/h2>\n\n\n\n<p class=\"gb-headline gb-headline-91195e9d gb-headline-text\">El Digital Broadband Edge (DBE), de montaje en poste, es un nodo \u00f3ptico inteligente de RF configurable con una triple salida activa.<\/p>\n\n<\/div><\/div>\n<\/div><\/div><\/div>\n\n<div class=\"gb-grid-column gb-grid-column-b2ab680b\"><div class=\"gb-container gb-container-b2ab680b image-link-block\"><a class=\"gb-container-link\" href=\"https:\/\/emea.technetix.com\/es\/redes-hfc\/fibra-y-daa\/nodos-inteligentes-dbx\/dbes-node\/\"><\/a><div class=\"gb-inside-container\">\n<div class=\"gb-container gb-container-fb68fc6b\"><div class=\"gb-inside-container\">\n\n<figure class=\"gb-block-image gb-block-image-dd468d1c\"><img loading=\"lazy\" decoding=\"async\" width=\"1000\" height=\"500\" class=\"gb-image gb-image-dd468d1c\" src=\"https:\/\/emea.technetix.com\/wp-content\/uploads\/sites\/2\/2023\/01\/305_DBE-1200.png\" alt=\"DBE-1200S - El Digital Broadband Edge (DBE) es un nodo \u00f3ptico inteligente de RF configurable con cu\u00e1druple salida activa\" srcset=\"https:\/\/emea.technetix.com\/wp-content\/uploads\/sites\/2\/2023\/01\/305_DBE-1200.png 1000w, https:\/\/emea.technetix.com\/wp-content\/uploads\/sites\/2\/2023\/01\/305_DBE-1200-300x150.png 300w, https:\/\/emea.technetix.com\/wp-content\/uploads\/sites\/2\/2023\/01\/305_DBE-1200-768x384.png 768w, https:\/\/emea.technetix.com\/wp-content\/uploads\/sites\/2\/2023\/01\/305_DBE-1200-600x300.png 600w\" sizes=\"auto, (max-width: 1000px) 100vw, 1000px\" \/><\/figure>\n\n\n\n<h2 class=\"gb-headline gb-headline-6ae97ef1 gb-headline-text\">DBE-1200S<\/h2>\n\n\n\n<p class=\"gb-headline gb-headline-1dc54919 gb-headline-text\">El Digital Broadband Edge (DBE) es un nodo \u00f3ptico inteligente de RF configurable con cu\u00e1druple salida activa.<\/p>\n\n<\/div><\/div>\n<\/div><\/div><\/div>\n<\/div>\n<\/div>","protected":false},"excerpt":{"rendered":"<p>Nodos inteligentes DBx Plataforma modular abierta para la red de acceso compatible con DOCSIS 3.1, como amplificadores de RF, nodos \u00f3ptico o nodos PHY remotos.<\/p>\n","protected":false},"author":1,"featured_media":2304,"parent":7124,"menu_order":0,"comment_status":"open","ping_status":"closed","template":"","meta":{"_acf_changed":false,"_gspb_post_css":"","footnotes":""},"class_list":["post-7202","page","type-page","status-publish","has-post-thumbnail"],"yoast_head":"<!-- This site is optimized with the Yoast SEO Premium plugin v22.5 (Yoast SEO v27.4) - https:\/\/yoast.com\/product\/yoast-seo-premium-wordpress\/ -->\n<title>Nodos inteligentes DBx - Technetix EMEA<\/title>\n<meta name=\"robots\" content=\"index, follow, max-snippet:-1, max-image-preview:large, max-video-preview:-1\" \/>\n<link rel=\"canonical\" href=\"https:\/\/emea.technetix.com\/es\/redes-hfc\/fibra-y-daa\/nodos-inteligentes-dbx\/\" \/>\n<meta property=\"og:locale\" content=\"es_ES\" \/>\n<meta property=\"og:type\" content=\"article\" \/>\n<meta property=\"og:title\" content=\"Nodos inteligentes DBx - Technetix EMEA\" \/>\n<meta property=\"og:description\" content=\"Nodos inteligentes DBx Plataforma modular abierta para la red de acceso compatible con DOCSIS 3.1, como amplificadores de RF, nodos \u00f3ptico o nodos PHY remotos.\" \/>\n<meta property=\"og:url\" content=\"https:\/\/emea.technetix.com\/es\/redes-hfc\/fibra-y-daa\/nodos-inteligentes-dbx\/\" \/>\n<meta property=\"og:site_name\" content=\"Technetix EMEA\" \/>\n<meta property=\"article:modified_time\" content=\"2023-07-10T08:20:28+00:00\" \/>\n<meta property=\"og:image\" content=\"https:\/\/emea.technetix.com\/wp-content\/uploads\/sites\/2\/2023\/01\/LANDING_PAGE_LARGE_DBX_FINAL.jpeg\" \/>\n\t<meta property=\"og:image:width\" content=\"1920\" \/>\n\t<meta property=\"og:image:height\" content=\"450\" \/>\n\t<meta property=\"og:image:type\" content=\"image\/jpeg\" \/>\n<meta name=\"twitter:card\" content=\"summary_large_image\" \/>\n<meta name=\"twitter:site\" content=\"@technetixgroup\" \/>\n<meta name=\"twitter:label1\" content=\"Tiempo de lectura\" \/>\n\t<meta name=\"twitter:data1\" content=\"2 minutos\" \/>\n<script type=\"application\/ld+json\" class=\"yoast-schema-graph\">{\"@context\":\"https:\\\/\\\/schema.org\",\"@graph\":[{\"@type\":\"WebPage\",\"@id\":\"https:\\\/\\\/emea.technetix.com\\\/es\\\/redes-hfc\\\/fibra-y-daa\\\/nodos-inteligentes-dbx\\\/\",\"url\":\"https:\\\/\\\/emea.technetix.com\\\/es\\\/redes-hfc\\\/fibra-y-daa\\\/nodos-inteligentes-dbx\\\/\",\"name\":\"Nodos inteligentes DBx - Technetix EMEA\",\"isPartOf\":{\"@id\":\"https:\\\/\\\/emea.technetix.com\\\/es\\\/#website\"},\"primaryImageOfPage\":{\"@id\":\"https:\\\/\\\/emea.technetix.com\\\/es\\\/redes-hfc\\\/fibra-y-daa\\\/nodos-inteligentes-dbx\\\/#primaryimage\"},\"image\":{\"@id\":\"https:\\\/\\\/emea.technetix.com\\\/es\\\/redes-hfc\\\/fibra-y-daa\\\/nodos-inteligentes-dbx\\\/#primaryimage\"},\"thumbnailUrl\":\"https:\\\/\\\/emea.technetix.com\\\/wp-content\\\/uploads\\\/sites\\\/2\\\/2023\\\/01\\\/LANDING_PAGE_LARGE_DBX_FINAL.jpeg\",\"datePublished\":\"2023-01-31T19:17:49+00:00\",\"dateModified\":\"2023-07-10T08:20:28+00:00\",\"breadcrumb\":{\"@id\":\"https:\\\/\\\/emea.technetix.com\\\/es\\\/redes-hfc\\\/fibra-y-daa\\\/nodos-inteligentes-dbx\\\/#breadcrumb\"},\"inLanguage\":\"es\",\"potentialAction\":[{\"@type\":\"ReadAction\",\"target\":[\"https:\\\/\\\/emea.technetix.com\\\/es\\\/redes-hfc\\\/fibra-y-daa\\\/nodos-inteligentes-dbx\\\/\"]}]},{\"@type\":\"ImageObject\",\"inLanguage\":\"es\",\"@id\":\"https:\\\/\\\/emea.technetix.com\\\/es\\\/redes-hfc\\\/fibra-y-daa\\\/nodos-inteligentes-dbx\\\/#primaryimage\",\"url\":\"https:\\\/\\\/emea.technetix.com\\\/wp-content\\\/uploads\\\/sites\\\/2\\\/2023\\\/01\\\/LANDING_PAGE_LARGE_DBX_FINAL.jpeg\",\"contentUrl\":\"https:\\\/\\\/emea.technetix.com\\\/wp-content\\\/uploads\\\/sites\\\/2\\\/2023\\\/01\\\/LANDING_PAGE_LARGE_DBX_FINAL.jpeg\",\"width\":1920,\"height\":450},{\"@type\":\"BreadcrumbList\",\"@id\":\"https:\\\/\\\/emea.technetix.com\\\/es\\\/redes-hfc\\\/fibra-y-daa\\\/nodos-inteligentes-dbx\\\/#breadcrumb\",\"itemListElement\":[{\"@type\":\"ListItem\",\"position\":1,\"name\":\"Home\",\"item\":\"https:\\\/\\\/emea.technetix.com\\\/es\\\/\"},{\"@type\":\"ListItem\",\"position\":2,\"name\":\"Banda ancha de cable\",\"item\":\"https:\\\/\\\/emea.technetix.com\\\/es\\\/redes-hfc\\\/\"},{\"@type\":\"ListItem\",\"position\":3,\"name\":\"Fibra y DAA nodes\",\"item\":\"https:\\\/\\\/emea.technetix.com\\\/es\\\/redes-hfc\\\/fibra-y-daa\\\/\"},{\"@type\":\"ListItem\",\"position\":4,\"name\":\"Nodos inteligentes DBx\"}]},{\"@type\":\"WebSite\",\"@id\":\"https:\\\/\\\/emea.technetix.com\\\/es\\\/#website\",\"url\":\"https:\\\/\\\/emea.technetix.com\\\/es\\\/\",\"name\":\"Technetix\",\"description\":\"Next-generation broadband equipment engineering\",\"publisher\":{\"@id\":\"https:\\\/\\\/emea.technetix.com\\\/es\\\/#organization\"},\"potentialAction\":[{\"@type\":\"SearchAction\",\"target\":{\"@type\":\"EntryPoint\",\"urlTemplate\":\"https:\\\/\\\/emea.technetix.com\\\/es\\\/?s={search_term_string}\"},\"query-input\":{\"@type\":\"PropertyValueSpecification\",\"valueRequired\":true,\"valueName\":\"search_term_string\"}}],\"inLanguage\":\"es\"},{\"@type\":\"Organization\",\"@id\":\"https:\\\/\\\/emea.technetix.com\\\/es\\\/#organization\",\"name\":\"Technetix\",\"url\":\"https:\\\/\\\/emea.technetix.com\\\/es\\\/\",\"logo\":{\"@type\":\"ImageObject\",\"inLanguage\":\"es\",\"@id\":\"https:\\\/\\\/emea.technetix.com\\\/es\\\/#\\\/schema\\\/logo\\\/image\\\/\",\"url\":\"https:\\\/\\\/emea.technetix.com\\\/wp-content\\\/uploads\\\/sites\\\/2\\\/2023\\\/06\\\/logo-Technetix-1000x1000-1.png\",\"contentUrl\":\"https:\\\/\\\/emea.technetix.com\\\/wp-content\\\/uploads\\\/sites\\\/2\\\/2023\\\/06\\\/logo-Technetix-1000x1000-1.png\",\"width\":1000,\"height\":1000,\"caption\":\"Technetix\"},\"image\":{\"@id\":\"https:\\\/\\\/emea.technetix.com\\\/es\\\/#\\\/schema\\\/logo\\\/image\\\/\"},\"sameAs\":[\"https:\\\/\\\/x.com\\\/technetixgroup\",\"https:\\\/\\\/www.linkedin.com\\\/company\\\/technetix\\\/\",\"https:\\\/\\\/www.youtube.com\\\/c\\\/Technetix-group\"]}]}<\/script>\n<!-- \/ Yoast SEO Premium plugin. -->","yoast_head_json":{"title":"Nodos inteligentes DBx - Technetix EMEA","robots":{"index":"index","follow":"follow","max-snippet":"max-snippet:-1","max-image-preview":"max-image-preview:large","max-video-preview":"max-video-preview:-1"},"canonical":"https:\/\/emea.technetix.com\/es\/redes-hfc\/fibra-y-daa\/nodos-inteligentes-dbx\/","og_locale":"es_ES","og_type":"article","og_title":"Nodos inteligentes DBx - Technetix EMEA","og_description":"Nodos inteligentes DBx Plataforma modular abierta para la red de acceso compatible con DOCSIS 3.1, como amplificadores de RF, nodos \u00f3ptico o nodos PHY remotos.","og_url":"https:\/\/emea.technetix.com\/es\/redes-hfc\/fibra-y-daa\/nodos-inteligentes-dbx\/","og_site_name":"Technetix EMEA","article_modified_time":"2023-07-10T08:20:28+00:00","og_image":[{"width":1920,"height":450,"url":"https:\/\/emea.technetix.com\/wp-content\/uploads\/sites\/2\/2023\/01\/LANDING_PAGE_LARGE_DBX_FINAL.jpeg","type":"image\/jpeg"}],"twitter_card":"summary_large_image","twitter_site":"@technetixgroup","twitter_misc":{"Tiempo de lectura":"2 minutos"},"schema":{"@context":"https:\/\/schema.org","@graph":[{"@type":"WebPage","@id":"https:\/\/emea.technetix.com\/es\/redes-hfc\/fibra-y-daa\/nodos-inteligentes-dbx\/","url":"https:\/\/emea.technetix.com\/es\/redes-hfc\/fibra-y-daa\/nodos-inteligentes-dbx\/","name":"Nodos inteligentes DBx - Technetix EMEA","isPartOf":{"@id":"https:\/\/emea.technetix.com\/es\/#website"},"primaryImageOfPage":{"@id":"https:\/\/emea.technetix.com\/es\/redes-hfc\/fibra-y-daa\/nodos-inteligentes-dbx\/#primaryimage"},"image":{"@id":"https:\/\/emea.technetix.com\/es\/redes-hfc\/fibra-y-daa\/nodos-inteligentes-dbx\/#primaryimage"},"thumbnailUrl":"https:\/\/emea.technetix.com\/wp-content\/uploads\/sites\/2\/2023\/01\/LANDING_PAGE_LARGE_DBX_FINAL.jpeg","datePublished":"2023-01-31T19:17:49+00:00","dateModified":"2023-07-10T08:20:28+00:00","breadcrumb":{"@id":"https:\/\/emea.technetix.com\/es\/redes-hfc\/fibra-y-daa\/nodos-inteligentes-dbx\/#breadcrumb"},"inLanguage":"es","potentialAction":[{"@type":"ReadAction","target":["https:\/\/emea.technetix.com\/es\/redes-hfc\/fibra-y-daa\/nodos-inteligentes-dbx\/"]}]},{"@type":"ImageObject","inLanguage":"es","@id":"https:\/\/emea.technetix.com\/es\/redes-hfc\/fibra-y-daa\/nodos-inteligentes-dbx\/#primaryimage","url":"https:\/\/emea.technetix.com\/wp-content\/uploads\/sites\/2\/2023\/01\/LANDING_PAGE_LARGE_DBX_FINAL.jpeg","contentUrl":"https:\/\/emea.technetix.com\/wp-content\/uploads\/sites\/2\/2023\/01\/LANDING_PAGE_LARGE_DBX_FINAL.jpeg","width":1920,"height":450},{"@type":"BreadcrumbList","@id":"https:\/\/emea.technetix.com\/es\/redes-hfc\/fibra-y-daa\/nodos-inteligentes-dbx\/#breadcrumb","itemListElement":[{"@type":"ListItem","position":1,"name":"Home","item":"https:\/\/emea.technetix.com\/es\/"},{"@type":"ListItem","position":2,"name":"Banda ancha de cable","item":"https:\/\/emea.technetix.com\/es\/redes-hfc\/"},{"@type":"ListItem","position":3,"name":"Fibra y DAA nodes","item":"https:\/\/emea.technetix.com\/es\/redes-hfc\/fibra-y-daa\/"},{"@type":"ListItem","position":4,"name":"Nodos inteligentes DBx"}]},{"@type":"WebSite","@id":"https:\/\/emea.technetix.com\/es\/#website","url":"https:\/\/emea.technetix.com\/es\/","name":"Technetix","description":"Next-generation broadband equipment engineering","publisher":{"@id":"https:\/\/emea.technetix.com\/es\/#organization"},"potentialAction":[{"@type":"SearchAction","target":{"@type":"EntryPoint","urlTemplate":"https:\/\/emea.technetix.com\/es\/?s={search_term_string}"},"query-input":{"@type":"PropertyValueSpecification","valueRequired":true,"valueName":"search_term_string"}}],"inLanguage":"es"},{"@type":"Organization","@id":"https:\/\/emea.technetix.com\/es\/#organization","name":"Technetix","url":"https:\/\/emea.technetix.com\/es\/","logo":{"@type":"ImageObject","inLanguage":"es","@id":"https:\/\/emea.technetix.com\/es\/#\/schema\/logo\/image\/","url":"https:\/\/emea.technetix.com\/wp-content\/uploads\/sites\/2\/2023\/06\/logo-Technetix-1000x1000-1.png","contentUrl":"https:\/\/emea.technetix.com\/wp-content\/uploads\/sites\/2\/2023\/06\/logo-Technetix-1000x1000-1.png","width":1000,"height":1000,"caption":"Technetix"},"image":{"@id":"https:\/\/emea.technetix.com\/es\/#\/schema\/logo\/image\/"},"sameAs":["https:\/\/x.com\/technetixgroup","https:\/\/www.linkedin.com\/company\/technetix\/","https:\/\/www.youtube.com\/c\/Technetix-group"]}]}},"acf":[],"publishpress_future_workflow_manual_trigger":{"enabledWorkflows":[]},"_links":{"self":[{"href":"https:\/\/emea.technetix.com\/es\/wp-json\/wp\/v2\/pages\/7202","targetHints":{"allow":["GET"]}}],"collection":[{"href":"https:\/\/emea.technetix.com\/es\/wp-json\/wp\/v2\/pages"}],"about":[{"href":"https:\/\/emea.technetix.com\/es\/wp-json\/wp\/v2\/types\/page"}],"author":[{"embeddable":true,"href":"https:\/\/emea.technetix.com\/es\/wp-json\/wp\/v2\/users\/1"}],"replies":[{"embeddable":true,"href":"https:\/\/emea.technetix.com\/es\/wp-json\/wp\/v2\/comments?post=7202"}],"version-history":[{"count":0,"href":"https:\/\/emea.technetix.com\/es\/wp-json\/wp\/v2\/pages\/7202\/revisions"}],"up":[{"embeddable":true,"href":"https:\/\/emea.technetix.com\/es\/wp-json\/wp\/v2\/pages\/7124"}],"wp:featuredmedia":[{"embeddable":true,"href":"https:\/\/emea.technetix.com\/es\/wp-json\/wp\/v2\/media\/2304"}],"wp:attachment":[{"href":"https:\/\/emea.technetix.com\/es\/wp-json\/wp\/v2\/media?parent=7202"}],"curies":[{"name":"wp","href":"https:\/\/api.w.org\/{rel}","templated":true}]}}