{"id":7198,"date":"2023-01-31T13:17:34","date_gmt":"2023-01-31T13:17:34","guid":{"rendered":"https:\/\/emea.technetix.com\/redes-hfc\/soluciones-de-cabecera\/solucion-de-panel-flexible\/"},"modified":"2024-02-08T09:50:18","modified_gmt":"2024-02-08T09:50:18","slug":"solucion-de-panel-flexible","status":"publish","type":"page","link":"https:\/\/emea.technetix.com\/es\/redes-hfc\/soluciones-de-cabecera\/solucion-de-panel-flexible\/","title":{"rendered":"Soluci\u00f3n de panel flexible"},"content":{"rendered":"<div class=\"gb-container gb-container-f86f3f4f gb-container-hero-banner\"><div class=\"gb-inside-container\">\n<h1 class=\"gb-headline gb-headline-e1547755 gb-headline-text gb-headline-hero-banner-title\">Soluci\u00f3n de panel flexible<\/h1>\n<\/div><\/div>\n\n<div class=\"gb-container gb-container-93c24776 gb-container-inner-back-page-con\">\n\n<h2 class=\"gb-headline gb-headline-d02c52e4 gb-headline-text\">Technetix es capaz de ofrecer una soluci\u00f3n integral totalmente personalizada para paneles de parches flexibles.<\/h2>\n\n\n\n<ul class=\"wp-block-list\">\n<li>Se puede utilizar para cualquier escenario en la cabecera que implique dividir o combinar se\u00f1ales<\/li>\n\n\n\n<li>Pegatina de placa frontal dise\u00f1ada a medida, con etiquetado claro para una f\u00e1cil organizaci\u00f3n y reconocimiento de las funciones del conector<\/li>\n\n\n\n<li>Soluci\u00f3n puramente pasiva: sin requisitos de alimentaci\u00f3n adicionales, sin cables desordenados que ocultar y sin restricciones de colocaci\u00f3n<\/li>\n\n\n\n<li>Accesorios de tornillo Phillips-head est\u00e1ndar para una f\u00e1cil instalaci\u00f3n y mantenimiento continuo<\/li>\n<\/ul>\n\n\n\n<p class=\"gb-headline gb-headline-623f5b86 gb-headline-text\">Simplemente h\u00e1ganos saber cu\u00e1les son sus necesidades de divisi\u00f3n y combinaci\u00f3n y le proporcionaremos una soluci\u00f3n de panel personalizada que se adapte a sus requisitos exactos.<\/p>\n\n\n\n<figure class=\"gb-block-image gb-block-image-61e35e7d\"><img loading=\"lazy\" decoding=\"async\" width=\"1000\" height=\"1200\" class=\"gb-image gb-image-61e35e7d\" src=\"https:\/\/emea.technetix.com\/wp-content\/uploads\/sites\/2\/2023\/01\/FlexiblePanelSolution.jpeg\" alt=\"Technetix es capaz de ofrecer una soluci\u00f3n integral totalmente personalizada para paneles de parches flexibles.\" srcset=\"https:\/\/emea.technetix.com\/wp-content\/uploads\/sites\/2\/2023\/01\/FlexiblePanelSolution.jpeg 1000w, https:\/\/emea.technetix.com\/wp-content\/uploads\/sites\/2\/2023\/01\/FlexiblePanelSolution-250x300.jpeg 250w, https:\/\/emea.technetix.com\/wp-content\/uploads\/sites\/2\/2023\/01\/FlexiblePanelSolution-853x1024.jpeg 853w, https:\/\/emea.technetix.com\/wp-content\/uploads\/sites\/2\/2023\/01\/FlexiblePanelSolution-768x922.jpeg 768w, https:\/\/emea.technetix.com\/wp-content\/uploads\/sites\/2\/2023\/01\/FlexiblePanelSolution-600x720.jpeg 600w\" sizes=\"auto, (max-width: 1000px) 100vw, 1000px\" \/><\/figure>\n\n\n\n<p class=\"gb-headline gb-headline-a8348cf5 gb-headline-text\">Estandarizado: dise\u00f1o modular, f\u00e1cil de instalar, mantener y actualizar a medida que se desarrollan los requisitos de divisi\u00f3n y combinaci\u00f3n de su red. 1, 2 y 3 paneles RU disponibles. <\/p>\n\n\n\n<p class=\"gb-headline gb-headline-8fe160e1 gb-headline-text\">Personalizado: equipo que cumple con sus requisitos espec\u00edficos de red, f\u00e1cil de usar, flexible, funcional y atractivo. Pegatina de placa frontal personalizada con su marca disponible. <\/p>\n\n\n\n<p class=\"gb-headline gb-headline-d1b839b3 gb-headline-text\">Optimizado: utiliza divisores pasivos de alta calidad y acopladores direccionales que se pueden montar tanto vertical como horizontalmente en una placa posterior duradera.<\/p>\n\n<\/div>\n\n<div class=\"gb-container gb-container-f49a946f gb-container-con-buttons-bottom\">\n\n<h2 class=\"gb-headline gb-headline-7ce6fa4b gb-headline-text gb-headline-head-bottom-buttons\">Enlaces de inter\u00e9s<\/h2>\n\n\n<div class=\"gb-button-wrapper gb-button-wrapper-5300c273 gb-button-wrapper-after-con-buttons\">\n\n<a class=\"gb-button gb-button-4ceed201 gb-button-text gb-button-bottom-button\" href=\"https:\/\/emea.technetix.com\/wp-content\/uploads\/sites\/2\/2023\/02\/Flexible-Panel-Solution_BRC_EN.pdf\" target=\"_blank\" rel=\"noopener noreferrer\">Folleto<\/a>\n\n\n\n<a class=\"gb-button gb-button-74bfad52 gb-button-text gb-button-bottom-button\" href=\"https:\/\/emea.technetix.com\/es\/contactenos\/\">Cont\u00e1ctenos<\/a>\n\n<\/div>\n<\/div>","protected":false},"excerpt":{"rendered":"<p>Soluci\u00f3n de panel flexible Technetix es capaz de ofrecer una soluci\u00f3n integral totalmente personalizada para paneles de parches flexibles. Simplemente h\u00e1ganos saber cu\u00e1les son sus necesidades de divisi\u00f3n y combinaci\u00f3n y le proporcionaremos una soluci\u00f3n de panel personalizada que se adapte a sus requisitos exactos. Estandarizado: dise\u00f1o modular, f\u00e1cil de instalar, mantener y actualizar a &#8230; <a title=\"Soluci\u00f3n de panel flexible\" class=\"read-more\" href=\"https:\/\/emea.technetix.com\/es\/redes-hfc\/soluciones-de-cabecera\/solucion-de-panel-flexible\/\" aria-label=\"Leer m\u00e1s sobre Soluci\u00f3n de panel flexible\">Read more<\/a><\/p>\n","protected":false},"author":1,"featured_media":2288,"parent":7122,"menu_order":0,"comment_status":"closed","ping_status":"closed","template":"","meta":{"_acf_changed":false,"_gspb_post_css":"","footnotes":""},"class_list":["post-7198","page","type-page","status-publish","has-post-thumbnail"],"yoast_head":"<!-- This site is optimized with the Yoast SEO Premium plugin v22.5 (Yoast SEO v27.4) - https:\/\/yoast.com\/product\/yoast-seo-premium-wordpress\/ -->\n<title>Soluci\u00f3n de panel flexible - Technetix EMEA<\/title>\n<meta name=\"robots\" content=\"index, follow, max-snippet:-1, max-image-preview:large, max-video-preview:-1\" \/>\n<link rel=\"canonical\" href=\"https:\/\/emea.technetix.com\/es\/redes-hfc\/soluciones-de-cabecera\/solucion-de-panel-flexible\/\" \/>\n<meta property=\"og:locale\" content=\"es_ES\" \/>\n<meta property=\"og:type\" content=\"article\" \/>\n<meta property=\"og:title\" content=\"Soluci\u00f3n de panel flexible - Technetix EMEA\" \/>\n<meta property=\"og:description\" content=\"Soluci\u00f3n de panel flexible Technetix es capaz de ofrecer una soluci\u00f3n integral totalmente personalizada para paneles de parches flexibles. Simplemente h\u00e1ganos saber cu\u00e1les son sus necesidades de divisi\u00f3n y combinaci\u00f3n y le proporcionaremos una soluci\u00f3n de panel personalizada que se adapte a sus requisitos exactos. Estandarizado: dise\u00f1o modular, f\u00e1cil de instalar, mantener y actualizar a ... Read more\" \/>\n<meta property=\"og:url\" content=\"https:\/\/emea.technetix.com\/es\/redes-hfc\/soluciones-de-cabecera\/solucion-de-panel-flexible\/\" \/>\n<meta property=\"og:site_name\" content=\"Technetix EMEA\" \/>\n<meta property=\"article:modified_time\" content=\"2024-02-08T09:50:18+00:00\" \/>\n<meta property=\"og:image\" content=\"https:\/\/emea.technetix.com\/wp-content\/uploads\/sites\/2\/2023\/01\/LANDING_PAGE_LARGE_FLEXIBLE-PANEL_FINAL.jpeg\" \/>\n\t<meta property=\"og:image:width\" content=\"1920\" \/>\n\t<meta property=\"og:image:height\" content=\"450\" \/>\n\t<meta property=\"og:image:type\" content=\"image\/jpeg\" \/>\n<meta name=\"twitter:card\" content=\"summary_large_image\" \/>\n<meta name=\"twitter:site\" content=\"@technetixgroup\" \/>\n<meta name=\"twitter:label1\" content=\"Tiempo de lectura\" \/>\n\t<meta name=\"twitter:data1\" content=\"2 minutos\" \/>\n<script type=\"application\/ld+json\" class=\"yoast-schema-graph\">{\"@context\":\"https:\\\/\\\/schema.org\",\"@graph\":[{\"@type\":\"WebPage\",\"@id\":\"https:\\\/\\\/emea.technetix.com\\\/es\\\/redes-hfc\\\/soluciones-de-cabecera\\\/solucion-de-panel-flexible\\\/\",\"url\":\"https:\\\/\\\/emea.technetix.com\\\/es\\\/redes-hfc\\\/soluciones-de-cabecera\\\/solucion-de-panel-flexible\\\/\",\"name\":\"Soluci\u00f3n de panel flexible - Technetix EMEA\",\"isPartOf\":{\"@id\":\"https:\\\/\\\/emea.technetix.com\\\/es\\\/#website\"},\"primaryImageOfPage\":{\"@id\":\"https:\\\/\\\/emea.technetix.com\\\/es\\\/redes-hfc\\\/soluciones-de-cabecera\\\/solucion-de-panel-flexible\\\/#primaryimage\"},\"image\":{\"@id\":\"https:\\\/\\\/emea.technetix.com\\\/es\\\/redes-hfc\\\/soluciones-de-cabecera\\\/solucion-de-panel-flexible\\\/#primaryimage\"},\"thumbnailUrl\":\"https:\\\/\\\/emea.technetix.com\\\/wp-content\\\/uploads\\\/sites\\\/2\\\/2023\\\/01\\\/LANDING_PAGE_LARGE_FLEXIBLE-PANEL_FINAL.jpeg\",\"datePublished\":\"2023-01-31T13:17:34+00:00\",\"dateModified\":\"2024-02-08T09:50:18+00:00\",\"breadcrumb\":{\"@id\":\"https:\\\/\\\/emea.technetix.com\\\/es\\\/redes-hfc\\\/soluciones-de-cabecera\\\/solucion-de-panel-flexible\\\/#breadcrumb\"},\"inLanguage\":\"es\",\"potentialAction\":[{\"@type\":\"ReadAction\",\"target\":[\"https:\\\/\\\/emea.technetix.com\\\/es\\\/redes-hfc\\\/soluciones-de-cabecera\\\/solucion-de-panel-flexible\\\/\"]}]},{\"@type\":\"ImageObject\",\"inLanguage\":\"es\",\"@id\":\"https:\\\/\\\/emea.technetix.com\\\/es\\\/redes-hfc\\\/soluciones-de-cabecera\\\/solucion-de-panel-flexible\\\/#primaryimage\",\"url\":\"https:\\\/\\\/emea.technetix.com\\\/wp-content\\\/uploads\\\/sites\\\/2\\\/2023\\\/01\\\/LANDING_PAGE_LARGE_FLEXIBLE-PANEL_FINAL.jpeg\",\"contentUrl\":\"https:\\\/\\\/emea.technetix.com\\\/wp-content\\\/uploads\\\/sites\\\/2\\\/2023\\\/01\\\/LANDING_PAGE_LARGE_FLEXIBLE-PANEL_FINAL.jpeg\",\"width\":1920,\"height\":450},{\"@type\":\"BreadcrumbList\",\"@id\":\"https:\\\/\\\/emea.technetix.com\\\/es\\\/redes-hfc\\\/soluciones-de-cabecera\\\/solucion-de-panel-flexible\\\/#breadcrumb\",\"itemListElement\":[{\"@type\":\"ListItem\",\"position\":1,\"name\":\"Home\",\"item\":\"https:\\\/\\\/emea.technetix.com\\\/es\\\/\"},{\"@type\":\"ListItem\",\"position\":2,\"name\":\"Banda ancha de cable\",\"item\":\"https:\\\/\\\/emea.technetix.com\\\/es\\\/redes-hfc\\\/\"},{\"@type\":\"ListItem\",\"position\":3,\"name\":\"Soluciones de cabecera\u200e\",\"item\":\"https:\\\/\\\/emea.technetix.com\\\/es\\\/redes-hfc\\\/soluciones-de-cabecera\\\/\"},{\"@type\":\"ListItem\",\"position\":4,\"name\":\"Soluci\u00f3n de panel flexible\"}]},{\"@type\":\"WebSite\",\"@id\":\"https:\\\/\\\/emea.technetix.com\\\/es\\\/#website\",\"url\":\"https:\\\/\\\/emea.technetix.com\\\/es\\\/\",\"name\":\"Technetix\",\"description\":\"Next-generation broadband equipment engineering\",\"publisher\":{\"@id\":\"https:\\\/\\\/emea.technetix.com\\\/es\\\/#organization\"},\"potentialAction\":[{\"@type\":\"SearchAction\",\"target\":{\"@type\":\"EntryPoint\",\"urlTemplate\":\"https:\\\/\\\/emea.technetix.com\\\/es\\\/?s={search_term_string}\"},\"query-input\":{\"@type\":\"PropertyValueSpecification\",\"valueRequired\":true,\"valueName\":\"search_term_string\"}}],\"inLanguage\":\"es\"},{\"@type\":\"Organization\",\"@id\":\"https:\\\/\\\/emea.technetix.com\\\/es\\\/#organization\",\"name\":\"Technetix\",\"url\":\"https:\\\/\\\/emea.technetix.com\\\/es\\\/\",\"logo\":{\"@type\":\"ImageObject\",\"inLanguage\":\"es\",\"@id\":\"https:\\\/\\\/emea.technetix.com\\\/es\\\/#\\\/schema\\\/logo\\\/image\\\/\",\"url\":\"https:\\\/\\\/emea.technetix.com\\\/wp-content\\\/uploads\\\/sites\\\/2\\\/2023\\\/06\\\/logo-Technetix-1000x1000-1.png\",\"contentUrl\":\"https:\\\/\\\/emea.technetix.com\\\/wp-content\\\/uploads\\\/sites\\\/2\\\/2023\\\/06\\\/logo-Technetix-1000x1000-1.png\",\"width\":1000,\"height\":1000,\"caption\":\"Technetix\"},\"image\":{\"@id\":\"https:\\\/\\\/emea.technetix.com\\\/es\\\/#\\\/schema\\\/logo\\\/image\\\/\"},\"sameAs\":[\"https:\\\/\\\/x.com\\\/technetixgroup\",\"https:\\\/\\\/www.linkedin.com\\\/company\\\/technetix\\\/\",\"https:\\\/\\\/www.youtube.com\\\/c\\\/Technetix-group\"]}]}<\/script>\n<!-- \/ Yoast SEO Premium plugin. -->","yoast_head_json":{"title":"Soluci\u00f3n de panel flexible - Technetix EMEA","robots":{"index":"index","follow":"follow","max-snippet":"max-snippet:-1","max-image-preview":"max-image-preview:large","max-video-preview":"max-video-preview:-1"},"canonical":"https:\/\/emea.technetix.com\/es\/redes-hfc\/soluciones-de-cabecera\/solucion-de-panel-flexible\/","og_locale":"es_ES","og_type":"article","og_title":"Soluci\u00f3n de panel flexible - Technetix EMEA","og_description":"Soluci\u00f3n de panel flexible Technetix es capaz de ofrecer una soluci\u00f3n integral totalmente personalizada para paneles de parches flexibles. Simplemente h\u00e1ganos saber cu\u00e1les son sus necesidades de divisi\u00f3n y combinaci\u00f3n y le proporcionaremos una soluci\u00f3n de panel personalizada que se adapte a sus requisitos exactos. Estandarizado: dise\u00f1o modular, f\u00e1cil de instalar, mantener y actualizar a ... Read more","og_url":"https:\/\/emea.technetix.com\/es\/redes-hfc\/soluciones-de-cabecera\/solucion-de-panel-flexible\/","og_site_name":"Technetix EMEA","article_modified_time":"2024-02-08T09:50:18+00:00","og_image":[{"width":1920,"height":450,"url":"https:\/\/emea.technetix.com\/wp-content\/uploads\/sites\/2\/2023\/01\/LANDING_PAGE_LARGE_FLEXIBLE-PANEL_FINAL.jpeg","type":"image\/jpeg"}],"twitter_card":"summary_large_image","twitter_site":"@technetixgroup","twitter_misc":{"Tiempo de lectura":"2 minutos"},"schema":{"@context":"https:\/\/schema.org","@graph":[{"@type":"WebPage","@id":"https:\/\/emea.technetix.com\/es\/redes-hfc\/soluciones-de-cabecera\/solucion-de-panel-flexible\/","url":"https:\/\/emea.technetix.com\/es\/redes-hfc\/soluciones-de-cabecera\/solucion-de-panel-flexible\/","name":"Soluci\u00f3n de panel flexible - Technetix EMEA","isPartOf":{"@id":"https:\/\/emea.technetix.com\/es\/#website"},"primaryImageOfPage":{"@id":"https:\/\/emea.technetix.com\/es\/redes-hfc\/soluciones-de-cabecera\/solucion-de-panel-flexible\/#primaryimage"},"image":{"@id":"https:\/\/emea.technetix.com\/es\/redes-hfc\/soluciones-de-cabecera\/solucion-de-panel-flexible\/#primaryimage"},"thumbnailUrl":"https:\/\/emea.technetix.com\/wp-content\/uploads\/sites\/2\/2023\/01\/LANDING_PAGE_LARGE_FLEXIBLE-PANEL_FINAL.jpeg","datePublished":"2023-01-31T13:17:34+00:00","dateModified":"2024-02-08T09:50:18+00:00","breadcrumb":{"@id":"https:\/\/emea.technetix.com\/es\/redes-hfc\/soluciones-de-cabecera\/solucion-de-panel-flexible\/#breadcrumb"},"inLanguage":"es","potentialAction":[{"@type":"ReadAction","target":["https:\/\/emea.technetix.com\/es\/redes-hfc\/soluciones-de-cabecera\/solucion-de-panel-flexible\/"]}]},{"@type":"ImageObject","inLanguage":"es","@id":"https:\/\/emea.technetix.com\/es\/redes-hfc\/soluciones-de-cabecera\/solucion-de-panel-flexible\/#primaryimage","url":"https:\/\/emea.technetix.com\/wp-content\/uploads\/sites\/2\/2023\/01\/LANDING_PAGE_LARGE_FLEXIBLE-PANEL_FINAL.jpeg","contentUrl":"https:\/\/emea.technetix.com\/wp-content\/uploads\/sites\/2\/2023\/01\/LANDING_PAGE_LARGE_FLEXIBLE-PANEL_FINAL.jpeg","width":1920,"height":450},{"@type":"BreadcrumbList","@id":"https:\/\/emea.technetix.com\/es\/redes-hfc\/soluciones-de-cabecera\/solucion-de-panel-flexible\/#breadcrumb","itemListElement":[{"@type":"ListItem","position":1,"name":"Home","item":"https:\/\/emea.technetix.com\/es\/"},{"@type":"ListItem","position":2,"name":"Banda ancha de cable","item":"https:\/\/emea.technetix.com\/es\/redes-hfc\/"},{"@type":"ListItem","position":3,"name":"Soluciones de cabecera\u200e","item":"https:\/\/emea.technetix.com\/es\/redes-hfc\/soluciones-de-cabecera\/"},{"@type":"ListItem","position":4,"name":"Soluci\u00f3n de panel flexible"}]},{"@type":"WebSite","@id":"https:\/\/emea.technetix.com\/es\/#website","url":"https:\/\/emea.technetix.com\/es\/","name":"Technetix","description":"Next-generation broadband equipment engineering","publisher":{"@id":"https:\/\/emea.technetix.com\/es\/#organization"},"potentialAction":[{"@type":"SearchAction","target":{"@type":"EntryPoint","urlTemplate":"https:\/\/emea.technetix.com\/es\/?s={search_term_string}"},"query-input":{"@type":"PropertyValueSpecification","valueRequired":true,"valueName":"search_term_string"}}],"inLanguage":"es"},{"@type":"Organization","@id":"https:\/\/emea.technetix.com\/es\/#organization","name":"Technetix","url":"https:\/\/emea.technetix.com\/es\/","logo":{"@type":"ImageObject","inLanguage":"es","@id":"https:\/\/emea.technetix.com\/es\/#\/schema\/logo\/image\/","url":"https:\/\/emea.technetix.com\/wp-content\/uploads\/sites\/2\/2023\/06\/logo-Technetix-1000x1000-1.png","contentUrl":"https:\/\/emea.technetix.com\/wp-content\/uploads\/sites\/2\/2023\/06\/logo-Technetix-1000x1000-1.png","width":1000,"height":1000,"caption":"Technetix"},"image":{"@id":"https:\/\/emea.technetix.com\/es\/#\/schema\/logo\/image\/"},"sameAs":["https:\/\/x.com\/technetixgroup","https:\/\/www.linkedin.com\/company\/technetix\/","https:\/\/www.youtube.com\/c\/Technetix-group"]}]}},"acf":[],"publishpress_future_workflow_manual_trigger":{"enabledWorkflows":[]},"_links":{"self":[{"href":"https:\/\/emea.technetix.com\/es\/wp-json\/wp\/v2\/pages\/7198","targetHints":{"allow":["GET"]}}],"collection":[{"href":"https:\/\/emea.technetix.com\/es\/wp-json\/wp\/v2\/pages"}],"about":[{"href":"https:\/\/emea.technetix.com\/es\/wp-json\/wp\/v2\/types\/page"}],"author":[{"embeddable":true,"href":"https:\/\/emea.technetix.com\/es\/wp-json\/wp\/v2\/users\/1"}],"replies":[{"embeddable":true,"href":"https:\/\/emea.technetix.com\/es\/wp-json\/wp\/v2\/comments?post=7198"}],"version-history":[{"count":0,"href":"https:\/\/emea.technetix.com\/es\/wp-json\/wp\/v2\/pages\/7198\/revisions"}],"up":[{"embeddable":true,"href":"https:\/\/emea.technetix.com\/es\/wp-json\/wp\/v2\/pages\/7122"}],"wp:featuredmedia":[{"embeddable":true,"href":"https:\/\/emea.technetix.com\/es\/wp-json\/wp\/v2\/media\/2288"}],"wp:attachment":[{"href":"https:\/\/emea.technetix.com\/es\/wp-json\/wp\/v2\/media?parent=7198"}],"curies":[{"name":"wp","href":"https:\/\/api.w.org\/{rel}","templated":true}]}}