{"id":7192,"date":"2023-01-31T12:54:25","date_gmt":"2023-01-31T12:54:25","guid":{"rendered":"https:\/\/emea.technetix.com\/redes-hfc\/soluciones-de-cabecera\/aima-3000-cabecera-optica-para-hfc-y-fttx\/"},"modified":"2023-05-05T13:20:44","modified_gmt":"2023-05-05T13:20:44","slug":"aima-3000-cabecera-optica-para-hfc-y-fttx","status":"publish","type":"page","link":"https:\/\/emea.technetix.com\/es\/redes-hfc\/soluciones-de-cabecera\/aima-3000-cabecera-optica-para-hfc-y-fttx\/","title":{"rendered":"AIMA3000 &#8211; Cabecera \u00f3ptica para HFC y FTTx"},"content":{"rendered":"<div class=\"gb-container gb-container-f86f3f4f gb-container-hero-banner\"><div class=\"gb-inside-container\">\n<h1 class=\"gb-headline gb-headline-e1547755 gb-headline-text gb-headline-hero-banner-title\">AIMA3000 &#8211; Cabecera \u00f3ptica para HFC y FTTx<\/h1>\n<\/div><\/div>\n\n<div class=\"gb-container gb-container-cac7ed2e gb-container-inner-back-page-con\">\n\n<h2 class=\"gb-headline gb-headline-d02c52e4 gb-headline-text\">Plataforma de cabecera multiservicio avanzada.<\/h2>\n\n\n\n<ul class=\"wp-block-list\">\n<li>AIMA3000 demuestra es una soluci\u00f3n optimizada para la migraci\u00f3n a DOCSIS 3.1<\/li>\n\n\n\n<li>1El costo total de propiedad (TCO) considerado de manera integral es uno de los m\u00e1s optimizados<\/li>\n\n\n\n<li>La experiencia de Technetix con productos de cabecera activos y pasivos, as\u00ed como soluciones de red de acceso \u00fanico, nos permiten garantizar un rendimiento inigualable del sistema.<\/li>\n<\/ul>\n\n\n\n<p class=\"gb-headline gb-headline-6656b5c3 gb-headline-text\">Si bien muchos operadores se est\u00e1n preparando para implementar Remote PHY en una arquitectura DAA, una gran cantidad de operadores contin\u00faan expandiendo su arquitectura CAA existente. El espacio de la cabecera, la refrigeraci\u00f3n y la complejidad operativa son preocupaciones que la plataforma AIMA3000 soluciona.Con un dise\u00f1o muy compacto, f\u00e1cil de administrar y de alto rendimiento es una de las mejores soluciones del mercado. <\/p>\n\n\n\n<figure class=\"gb-block-image gb-block-image-61e35e7d\"><img loading=\"lazy\" decoding=\"async\" width=\"1000\" height=\"406\" class=\"gb-image gb-image-61e35e7d\" src=\"https:\/\/emea.technetix.com\/wp-content\/uploads\/sites\/2\/2023\/01\/AIMA3000_1.jpeg\" alt=\"AIMA: High Density, Low Power\" srcset=\"https:\/\/emea.technetix.com\/wp-content\/uploads\/sites\/2\/2023\/01\/AIMA3000_1.jpeg 1000w, https:\/\/emea.technetix.com\/wp-content\/uploads\/sites\/2\/2023\/01\/AIMA3000_1-300x122.jpeg 300w, https:\/\/emea.technetix.com\/wp-content\/uploads\/sites\/2\/2023\/01\/AIMA3000_1-768x312.jpeg 768w, https:\/\/emea.technetix.com\/wp-content\/uploads\/sites\/2\/2023\/01\/AIMA3000_1-600x244.jpeg 600w\" sizes=\"auto, (max-width: 1000px) 100vw, 1000px\" \/><\/figure>\n\n<\/div>\n\n<div class=\"gb-container gb-container-dae5ca67\"><div class=\"gb-inside-container\"><\/div><\/div>\n\n<div class=\"gb-container gb-container-fbc7a710 gb-container-inner-back-page-con\">\n\n<figure class=\"gb-block-image gb-block-image-ed31d729\"><img loading=\"lazy\" decoding=\"async\" width=\"600\" height=\"600\" class=\"gb-image gb-image-ed31d729\" src=\"https:\/\/emea.technetix.com\/wp-content\/uploads\/sites\/2\/2023\/01\/solution_aima.jpeg\" alt=\"DOCSIS 3.1: plataforma \u00f3ptica CAA\" srcset=\"https:\/\/emea.technetix.com\/wp-content\/uploads\/sites\/2\/2023\/01\/solution_aima.jpeg 600w, https:\/\/emea.technetix.com\/wp-content\/uploads\/sites\/2\/2023\/01\/solution_aima-300x300.jpeg 300w, https:\/\/emea.technetix.com\/wp-content\/uploads\/sites\/2\/2023\/01\/solution_aima-150x150.jpeg 150w, https:\/\/emea.technetix.com\/wp-content\/uploads\/sites\/2\/2023\/01\/solution_aima-100x100.jpeg 100w\" sizes=\"auto, (max-width: 600px) 100vw, 600px\" \/><\/figure>\n\n\n\n<h2 class=\"gb-headline gb-headline-e9eab6aa gb-headline-text gb-headline-h2-in-content\">DOCSIS 3.1: plataforma \u00f3ptica CAA<\/h2>\n\n\n\n<p class=\"gb-headline gb-headline-f6b3f62d gb-headline-text\">AIMA3000 es una plataforma de cabecera \u00f3ptica integral que permite el despliegue en redes CAA HFC y redes FTTx, as\u00ed como en cualquier tipo de distribuci\u00f3n de sub-cabecera donde tambi\u00e9n se requiera transporte de RF.<\/p>\n\n\n\n<p class=\"gb-headline gb-headline-eb310b0e gb-headline-text\">Con su transmisor DWDM sintonizable \u00fanico, AIMA3000 permite al operador reducir el stock y optimizar el tiempo de reparaci\u00f3n, ya que los canales DWDM solo los selecciona el usuario y no est\u00e1n fijos en el hardware.<\/p>\n\n\n\n<p class=\"gb-headline gb-headline-0ac7ffea gb-headline-text\">Su sistema de administraci\u00f3n \u00fanico permite que incluso el personal no capacitado reemplace el hardware muy r\u00e1pidamente y con una interrupci\u00f3n m\u00ednima del cliente.<\/p>\n\n<\/div>\n\n<div class=\"gb-container gb-container-6ffaf5cd gb-container-con-buttons-bottom\">\n\n<h2 class=\"gb-headline gb-headline-534ef62b gb-headline-text gb-headline-head-bottom-buttons\">Enlaces de inter\u00e9s<\/h2>\n\n\n<div class=\"gb-button-wrapper gb-button-wrapper-d4d87f89 gb-button-wrapper-after-con-buttons\">\n\n<a class=\"gb-button gb-button-b98271f1 gb-button-text gb-button-bottom-button\" href=\"https:\/\/emea.technetix.com\/wp-content\/uploads\/sites\/2\/2023\/02\/HFC-Solutions_BRC_EN.pdf\" target=\"_blank\" rel=\"noopener noreferrer\">Cat\u00e1logo<\/a>\n\n\n\n<a class=\"gb-button gb-button-047421dc gb-button-text gb-button-bottom-button\" href=\"https:\/\/emea.technetix.com\/es\/productos\/tecnologia-de-banda-ancha\/cabecera-optica\/\">Navegar por la serie<\/a>\n\n\n\n<a class=\"gb-button gb-button-baffd93c gb-button-text gb-button-bottom-button\" href=\"https:\/\/emea.technetix.com\/es\/contactenos\/\">Cont\u00e1ctenos<\/a>\n\n<\/div>\n<\/div>","protected":false},"excerpt":{"rendered":"<p>AIMA3000 &#8211; Cabecera \u00f3ptica para HFC y FTTx Plataforma de cabecera multiservicio avanzada. Si bien muchos operadores se est\u00e1n preparando para implementar Remote PHY en una arquitectura DAA, una gran cantidad de operadores contin\u00faan expandiendo su arquitectura CAA existente. El espacio de la cabecera, la refrigeraci\u00f3n y la complejidad operativa son preocupaciones que la plataforma &#8230; <a title=\"AIMA3000 &#8211; Cabecera \u00f3ptica para HFC y FTTx\" class=\"read-more\" href=\"https:\/\/emea.technetix.com\/es\/redes-hfc\/soluciones-de-cabecera\/aima-3000-cabecera-optica-para-hfc-y-fttx\/\" aria-label=\"Leer m\u00e1s sobre AIMA3000 &#8211; Cabecera \u00f3ptica para HFC y FTTx\">Read more<\/a><\/p>\n","protected":false},"author":1,"featured_media":2238,"parent":7122,"menu_order":0,"comment_status":"open","ping_status":"closed","template":"","meta":{"_acf_changed":false,"_gspb_post_css":"","footnotes":""},"class_list":["post-7192","page","type-page","status-publish","has-post-thumbnail"],"yoast_head":"<!-- This site is optimized with the Yoast SEO Premium plugin v22.5 (Yoast SEO v27.3) - https:\/\/yoast.com\/product\/yoast-seo-premium-wordpress\/ -->\n<title>AIMA3000 - Cabecera \u00f3ptica para HFC y FTTx - Technetix EMEA<\/title>\n<meta name=\"robots\" content=\"index, follow, max-snippet:-1, max-image-preview:large, max-video-preview:-1\" \/>\n<link rel=\"canonical\" href=\"https:\/\/emea.technetix.com\/es\/redes-hfc\/soluciones-de-cabecera\/aima-3000-cabecera-optica-para-hfc-y-fttx\/\" \/>\n<meta property=\"og:locale\" content=\"es_ES\" \/>\n<meta property=\"og:type\" content=\"article\" \/>\n<meta property=\"og:title\" content=\"AIMA3000 - Cabecera \u00f3ptica para HFC y FTTx - Technetix EMEA\" \/>\n<meta property=\"og:description\" content=\"AIMA3000 &#8211; Cabecera \u00f3ptica para HFC y FTTx Plataforma de cabecera multiservicio avanzada. Si bien muchos operadores se est\u00e1n preparando para implementar Remote PHY en una arquitectura DAA, una gran cantidad de operadores contin\u00faan expandiendo su arquitectura CAA existente. El espacio de la cabecera, la refrigeraci\u00f3n y la complejidad operativa son preocupaciones que la plataforma ... Read more\" \/>\n<meta property=\"og:url\" content=\"https:\/\/emea.technetix.com\/es\/redes-hfc\/soluciones-de-cabecera\/aima-3000-cabecera-optica-para-hfc-y-fttx\/\" \/>\n<meta property=\"og:site_name\" content=\"Technetix EMEA\" \/>\n<meta property=\"article:modified_time\" content=\"2023-05-05T13:20:44+00:00\" \/>\n<meta property=\"og:image\" content=\"https:\/\/emea.technetix.com\/wp-content\/uploads\/sites\/2\/2023\/01\/AIMA3000_1.jpeg\" \/>\n<meta name=\"twitter:card\" content=\"summary_large_image\" \/>\n<meta name=\"twitter:site\" content=\"@technetixgroup\" \/>\n<meta name=\"twitter:label1\" content=\"Tiempo de lectura\" \/>\n\t<meta name=\"twitter:data1\" content=\"2 minutos\" \/>\n<script type=\"application\/ld+json\" class=\"yoast-schema-graph\">{\"@context\":\"https:\\\/\\\/schema.org\",\"@graph\":[{\"@type\":\"WebPage\",\"@id\":\"https:\\\/\\\/emea.technetix.com\\\/es\\\/redes-hfc\\\/soluciones-de-cabecera\\\/aima-3000-cabecera-optica-para-hfc-y-fttx\\\/\",\"url\":\"https:\\\/\\\/emea.technetix.com\\\/es\\\/redes-hfc\\\/soluciones-de-cabecera\\\/aima-3000-cabecera-optica-para-hfc-y-fttx\\\/\",\"name\":\"AIMA3000 - Cabecera \u00f3ptica para HFC y FTTx - Technetix EMEA\",\"isPartOf\":{\"@id\":\"https:\\\/\\\/emea.technetix.com\\\/es\\\/#website\"},\"primaryImageOfPage\":{\"@id\":\"https:\\\/\\\/emea.technetix.com\\\/es\\\/redes-hfc\\\/soluciones-de-cabecera\\\/aima-3000-cabecera-optica-para-hfc-y-fttx\\\/#primaryimage\"},\"image\":{\"@id\":\"https:\\\/\\\/emea.technetix.com\\\/es\\\/redes-hfc\\\/soluciones-de-cabecera\\\/aima-3000-cabecera-optica-para-hfc-y-fttx\\\/#primaryimage\"},\"thumbnailUrl\":\"https:\\\/\\\/emea.technetix.com\\\/wp-content\\\/uploads\\\/sites\\\/2\\\/2023\\\/01\\\/LANDING_PAGE_LARGE_AIMA-3000_FINAL.jpeg\",\"datePublished\":\"2023-01-31T12:54:25+00:00\",\"dateModified\":\"2023-05-05T13:20:44+00:00\",\"breadcrumb\":{\"@id\":\"https:\\\/\\\/emea.technetix.com\\\/es\\\/redes-hfc\\\/soluciones-de-cabecera\\\/aima-3000-cabecera-optica-para-hfc-y-fttx\\\/#breadcrumb\"},\"inLanguage\":\"es\",\"potentialAction\":[{\"@type\":\"ReadAction\",\"target\":[\"https:\\\/\\\/emea.technetix.com\\\/es\\\/redes-hfc\\\/soluciones-de-cabecera\\\/aima-3000-cabecera-optica-para-hfc-y-fttx\\\/\"]}]},{\"@type\":\"ImageObject\",\"inLanguage\":\"es\",\"@id\":\"https:\\\/\\\/emea.technetix.com\\\/es\\\/redes-hfc\\\/soluciones-de-cabecera\\\/aima-3000-cabecera-optica-para-hfc-y-fttx\\\/#primaryimage\",\"url\":\"https:\\\/\\\/emea.technetix.com\\\/wp-content\\\/uploads\\\/sites\\\/2\\\/2023\\\/01\\\/LANDING_PAGE_LARGE_AIMA-3000_FINAL.jpeg\",\"contentUrl\":\"https:\\\/\\\/emea.technetix.com\\\/wp-content\\\/uploads\\\/sites\\\/2\\\/2023\\\/01\\\/LANDING_PAGE_LARGE_AIMA-3000_FINAL.jpeg\",\"width\":1920,\"height\":450},{\"@type\":\"BreadcrumbList\",\"@id\":\"https:\\\/\\\/emea.technetix.com\\\/es\\\/redes-hfc\\\/soluciones-de-cabecera\\\/aima-3000-cabecera-optica-para-hfc-y-fttx\\\/#breadcrumb\",\"itemListElement\":[{\"@type\":\"ListItem\",\"position\":1,\"name\":\"Home\",\"item\":\"https:\\\/\\\/emea.technetix.com\\\/es\\\/\"},{\"@type\":\"ListItem\",\"position\":2,\"name\":\"Banda ancha de cable\",\"item\":\"https:\\\/\\\/emea.technetix.com\\\/es\\\/redes-hfc\\\/\"},{\"@type\":\"ListItem\",\"position\":3,\"name\":\"Soluciones de cabecera\u200e\",\"item\":\"https:\\\/\\\/emea.technetix.com\\\/es\\\/redes-hfc\\\/soluciones-de-cabecera\\\/\"},{\"@type\":\"ListItem\",\"position\":4,\"name\":\"AIMA3000 &#8211; Cabecera \u00f3ptica para HFC y FTTx\"}]},{\"@type\":\"WebSite\",\"@id\":\"https:\\\/\\\/emea.technetix.com\\\/es\\\/#website\",\"url\":\"https:\\\/\\\/emea.technetix.com\\\/es\\\/\",\"name\":\"Technetix\",\"description\":\"Next-generation broadband equipment engineering\",\"publisher\":{\"@id\":\"https:\\\/\\\/emea.technetix.com\\\/es\\\/#organization\"},\"potentialAction\":[{\"@type\":\"SearchAction\",\"target\":{\"@type\":\"EntryPoint\",\"urlTemplate\":\"https:\\\/\\\/emea.technetix.com\\\/es\\\/?s={search_term_string}\"},\"query-input\":{\"@type\":\"PropertyValueSpecification\",\"valueRequired\":true,\"valueName\":\"search_term_string\"}}],\"inLanguage\":\"es\"},{\"@type\":\"Organization\",\"@id\":\"https:\\\/\\\/emea.technetix.com\\\/es\\\/#organization\",\"name\":\"Technetix\",\"url\":\"https:\\\/\\\/emea.technetix.com\\\/es\\\/\",\"logo\":{\"@type\":\"ImageObject\",\"inLanguage\":\"es\",\"@id\":\"https:\\\/\\\/emea.technetix.com\\\/es\\\/#\\\/schema\\\/logo\\\/image\\\/\",\"url\":\"https:\\\/\\\/emea.technetix.com\\\/wp-content\\\/uploads\\\/sites\\\/2\\\/2023\\\/06\\\/logo-Technetix-1000x1000-1.png\",\"contentUrl\":\"https:\\\/\\\/emea.technetix.com\\\/wp-content\\\/uploads\\\/sites\\\/2\\\/2023\\\/06\\\/logo-Technetix-1000x1000-1.png\",\"width\":1000,\"height\":1000,\"caption\":\"Technetix\"},\"image\":{\"@id\":\"https:\\\/\\\/emea.technetix.com\\\/es\\\/#\\\/schema\\\/logo\\\/image\\\/\"},\"sameAs\":[\"https:\\\/\\\/x.com\\\/technetixgroup\",\"https:\\\/\\\/www.linkedin.com\\\/company\\\/technetix\\\/\",\"https:\\\/\\\/www.youtube.com\\\/c\\\/Technetix-group\"]}]}<\/script>\n<!-- \/ Yoast SEO Premium plugin. -->","yoast_head_json":{"title":"AIMA3000 - Cabecera \u00f3ptica para HFC y FTTx - Technetix EMEA","robots":{"index":"index","follow":"follow","max-snippet":"max-snippet:-1","max-image-preview":"max-image-preview:large","max-video-preview":"max-video-preview:-1"},"canonical":"https:\/\/emea.technetix.com\/es\/redes-hfc\/soluciones-de-cabecera\/aima-3000-cabecera-optica-para-hfc-y-fttx\/","og_locale":"es_ES","og_type":"article","og_title":"AIMA3000 - Cabecera \u00f3ptica para HFC y FTTx - Technetix EMEA","og_description":"AIMA3000 &#8211; Cabecera \u00f3ptica para HFC y FTTx Plataforma de cabecera multiservicio avanzada. Si bien muchos operadores se est\u00e1n preparando para implementar Remote PHY en una arquitectura DAA, una gran cantidad de operadores contin\u00faan expandiendo su arquitectura CAA existente. El espacio de la cabecera, la refrigeraci\u00f3n y la complejidad operativa son preocupaciones que la plataforma ... Read more","og_url":"https:\/\/emea.technetix.com\/es\/redes-hfc\/soluciones-de-cabecera\/aima-3000-cabecera-optica-para-hfc-y-fttx\/","og_site_name":"Technetix EMEA","article_modified_time":"2023-05-05T13:20:44+00:00","og_image":[{"url":"https:\/\/emea.technetix.com\/wp-content\/uploads\/sites\/2\/2023\/01\/AIMA3000_1.jpeg","type":"","width":"","height":""}],"twitter_card":"summary_large_image","twitter_site":"@technetixgroup","twitter_misc":{"Tiempo de lectura":"2 minutos"},"schema":{"@context":"https:\/\/schema.org","@graph":[{"@type":"WebPage","@id":"https:\/\/emea.technetix.com\/es\/redes-hfc\/soluciones-de-cabecera\/aima-3000-cabecera-optica-para-hfc-y-fttx\/","url":"https:\/\/emea.technetix.com\/es\/redes-hfc\/soluciones-de-cabecera\/aima-3000-cabecera-optica-para-hfc-y-fttx\/","name":"AIMA3000 - Cabecera \u00f3ptica para HFC y FTTx - Technetix EMEA","isPartOf":{"@id":"https:\/\/emea.technetix.com\/es\/#website"},"primaryImageOfPage":{"@id":"https:\/\/emea.technetix.com\/es\/redes-hfc\/soluciones-de-cabecera\/aima-3000-cabecera-optica-para-hfc-y-fttx\/#primaryimage"},"image":{"@id":"https:\/\/emea.technetix.com\/es\/redes-hfc\/soluciones-de-cabecera\/aima-3000-cabecera-optica-para-hfc-y-fttx\/#primaryimage"},"thumbnailUrl":"https:\/\/emea.technetix.com\/wp-content\/uploads\/sites\/2\/2023\/01\/LANDING_PAGE_LARGE_AIMA-3000_FINAL.jpeg","datePublished":"2023-01-31T12:54:25+00:00","dateModified":"2023-05-05T13:20:44+00:00","breadcrumb":{"@id":"https:\/\/emea.technetix.com\/es\/redes-hfc\/soluciones-de-cabecera\/aima-3000-cabecera-optica-para-hfc-y-fttx\/#breadcrumb"},"inLanguage":"es","potentialAction":[{"@type":"ReadAction","target":["https:\/\/emea.technetix.com\/es\/redes-hfc\/soluciones-de-cabecera\/aima-3000-cabecera-optica-para-hfc-y-fttx\/"]}]},{"@type":"ImageObject","inLanguage":"es","@id":"https:\/\/emea.technetix.com\/es\/redes-hfc\/soluciones-de-cabecera\/aima-3000-cabecera-optica-para-hfc-y-fttx\/#primaryimage","url":"https:\/\/emea.technetix.com\/wp-content\/uploads\/sites\/2\/2023\/01\/LANDING_PAGE_LARGE_AIMA-3000_FINAL.jpeg","contentUrl":"https:\/\/emea.technetix.com\/wp-content\/uploads\/sites\/2\/2023\/01\/LANDING_PAGE_LARGE_AIMA-3000_FINAL.jpeg","width":1920,"height":450},{"@type":"BreadcrumbList","@id":"https:\/\/emea.technetix.com\/es\/redes-hfc\/soluciones-de-cabecera\/aima-3000-cabecera-optica-para-hfc-y-fttx\/#breadcrumb","itemListElement":[{"@type":"ListItem","position":1,"name":"Home","item":"https:\/\/emea.technetix.com\/es\/"},{"@type":"ListItem","position":2,"name":"Banda ancha de cable","item":"https:\/\/emea.technetix.com\/es\/redes-hfc\/"},{"@type":"ListItem","position":3,"name":"Soluciones de cabecera\u200e","item":"https:\/\/emea.technetix.com\/es\/redes-hfc\/soluciones-de-cabecera\/"},{"@type":"ListItem","position":4,"name":"AIMA3000 &#8211; Cabecera \u00f3ptica para HFC y FTTx"}]},{"@type":"WebSite","@id":"https:\/\/emea.technetix.com\/es\/#website","url":"https:\/\/emea.technetix.com\/es\/","name":"Technetix","description":"Next-generation broadband equipment engineering","publisher":{"@id":"https:\/\/emea.technetix.com\/es\/#organization"},"potentialAction":[{"@type":"SearchAction","target":{"@type":"EntryPoint","urlTemplate":"https:\/\/emea.technetix.com\/es\/?s={search_term_string}"},"query-input":{"@type":"PropertyValueSpecification","valueRequired":true,"valueName":"search_term_string"}}],"inLanguage":"es"},{"@type":"Organization","@id":"https:\/\/emea.technetix.com\/es\/#organization","name":"Technetix","url":"https:\/\/emea.technetix.com\/es\/","logo":{"@type":"ImageObject","inLanguage":"es","@id":"https:\/\/emea.technetix.com\/es\/#\/schema\/logo\/image\/","url":"https:\/\/emea.technetix.com\/wp-content\/uploads\/sites\/2\/2023\/06\/logo-Technetix-1000x1000-1.png","contentUrl":"https:\/\/emea.technetix.com\/wp-content\/uploads\/sites\/2\/2023\/06\/logo-Technetix-1000x1000-1.png","width":1000,"height":1000,"caption":"Technetix"},"image":{"@id":"https:\/\/emea.technetix.com\/es\/#\/schema\/logo\/image\/"},"sameAs":["https:\/\/x.com\/technetixgroup","https:\/\/www.linkedin.com\/company\/technetix\/","https:\/\/www.youtube.com\/c\/Technetix-group"]}]}},"acf":[],"publishpress_future_workflow_manual_trigger":{"enabledWorkflows":[]},"_links":{"self":[{"href":"https:\/\/emea.technetix.com\/es\/wp-json\/wp\/v2\/pages\/7192","targetHints":{"allow":["GET"]}}],"collection":[{"href":"https:\/\/emea.technetix.com\/es\/wp-json\/wp\/v2\/pages"}],"about":[{"href":"https:\/\/emea.technetix.com\/es\/wp-json\/wp\/v2\/types\/page"}],"author":[{"embeddable":true,"href":"https:\/\/emea.technetix.com\/es\/wp-json\/wp\/v2\/users\/1"}],"replies":[{"embeddable":true,"href":"https:\/\/emea.technetix.com\/es\/wp-json\/wp\/v2\/comments?post=7192"}],"version-history":[{"count":0,"href":"https:\/\/emea.technetix.com\/es\/wp-json\/wp\/v2\/pages\/7192\/revisions"}],"up":[{"embeddable":true,"href":"https:\/\/emea.technetix.com\/es\/wp-json\/wp\/v2\/pages\/7122"}],"wp:featuredmedia":[{"embeddable":true,"href":"https:\/\/emea.technetix.com\/es\/wp-json\/wp\/v2\/media\/2238"}],"wp:attachment":[{"href":"https:\/\/emea.technetix.com\/es\/wp-json\/wp\/v2\/media?parent=7192"}],"curies":[{"name":"wp","href":"https:\/\/api.w.org\/{rel}","templated":true}]}}