{"id":7186,"date":"2023-01-17T17:30:00","date_gmt":"2023-01-17T17:30:00","guid":{"rendered":"https:\/\/emea.technetix.com\/declaracion-sobre-la-esclavitud-y-trata-de-personas\/"},"modified":"2023-04-11T15:34:46","modified_gmt":"2023-04-11T15:34:46","slug":"declaracion-sobre-la-esclavitud-y-trata-de-personas","status":"publish","type":"page","link":"https:\/\/emea.technetix.com\/es\/declaracion-sobre-la-esclavitud-y-trata-de-personas\/","title":{"rendered":"\u200eDeclaraci\u00f3n contra la esclavitud moderna\u200e"},"content":{"rendered":"<div class=\"gb-container gb-container-f86f3f4f gb-container-hero-banner\"><div class=\"gb-inside-container\">\n<h1 class=\"gb-headline gb-headline-e1547755 gb-headline-text gb-headline-hero-banner-title\">\u200eDeclaraci\u00f3n contra la esclavitud moderna\u200e<\/h1>\n<\/div><\/div><div class=\"gb-container gb-container-8481168f gb-container-inner-back-page-con\">\n\n<h2 class=\"gb-headline gb-headline-d02c52e4 gb-headline-text gb-headline-h2-in-content\">Technetix Group Limited<\/h2>\n\n\n\n<p class=\"gb-headline gb-headline-6656b5c3 gb-headline-text\">\u200eTechnetix no tolera la esclavitud, la trata de personas o cualquier otra violaci\u00f3n de los derechos humanos en ninguna parte de su negocio o su cadena de suministro. Todos los empleados y proveedores est\u00e1n obligados a actuar \u00e9ticamente y cumplir con los requisitos legales en todo momento.\u200e <\/p>\n\n\n\n<p class=\"gb-headline gb-headline-47ee4086 gb-headline-text\">\u200eLa informaci\u00f3n de esta declaraci\u00f3n se refiere al ejercicio financiero finalizado el 31 de diciembre de 2022.\u200e<\/p>\n\n\n\n<h2 class=\"gb-headline gb-headline-6b17d0fd gb-headline-text gb-headline-h2-in-content\">\u200eEstructura y cadenas de suministro\u200e<\/h2>\n\n\n\n<p class=\"gb-headline gb-headline-623f5b86 gb-headline-text\">\u200eTechnetix opera en Europa, Am\u00e9rica del Norte, Am\u00e9rica Latina y la regi\u00f3n de Asia Pac\u00edfico, diferenci\u00e1ndose de los competidores al obtener un conocimiento detallado de los requisitos de sus clientes y ofrecer soluciones inteligentes y galardonadas por el mercado.\u200e<\/p>\n\n\n\n<p class=\"gb-headline gb-headline-a3c0191d gb-headline-text\">\u200eTechnetix aporta valor a sus clientes mediante la formaci\u00f3n de asociaciones consultivas con ellos, ofreciendo 33 a\u00f1os de experiencia en tecnolog\u00edas de redes de banda ancha. La naturaleza de sus relaciones significa que una vez que se ha identificado una necesidad, la soluci\u00f3n se puede desarrollar y llevar al mercado r\u00e1pidamente. Es una de las razones por las que el negocio es un proveedor probado, evaluado y fiable para m\u00e1s de 2,000 clientes en 70 pa\u00edses.\u200e  <\/p>\n\n\n\n<p class=\"gb-headline gb-headline-5af38e7e gb-headline-text\">\u200eLa mayor parte de la actividad de compras de Technetix est\u00e1 centralizada. Por lo tanto, la empresa puede garantizar un buen grado de coherencia y cohesi\u00f3n en la gesti\u00f3n de sus relaciones con sus proveedores en todo el mundo, lo que a su vez respalda su capacidad para supervisar el rendimiento y evaluar el cumplimiento normativo con un grado razonablemente alto de confianza.\u200e <\/p>\n\n\n\n<h2 class=\"gb-headline gb-headline-4b572e45 gb-headline-text gb-headline-h2-in-content\">\u200eEst\u00e1ndares \u00e9ticos y expectativas\u200e<\/h2>\n\n\n\n<p class=\"gb-headline gb-headline-c9b08205 gb-headline-text\">\u200eTechnetix no tolera ninguna forma de discriminaci\u00f3n, acoso o intimidaci\u00f3n en su fuerza laboral y exige que todos sus directores se aseguren de que se sigan todas las pol\u00edticas aplicables en estas materias.\u200e<\/p>\n\n\n\n<p>\u200eTechnetix respeta que otros pa\u00edses puedan tener culturas, normas y conjuntos de valores que difieren de los suyos. No obstante, hay ciertos est\u00e1ndares que la empresa considera universales y sus proveedores est\u00e1n obligados a cumplir con estos est\u00e1ndares y tambi\u00e9n a garantizar que se extiendan en cascada a lo largo de sus propias cadenas de suministro. Estas normas son:\u200e  <\/p>\n\n\n\n<ul class=\"wp-block-list\">\n<li>\u200eEl socio proveedor no utilizar\u00e1 ninguna forma de trabajo forzoso, en condiciones de servidumbre, obligatoriedad, esclavitud o trata de personas;\u200e<\/li>\n\n\n\n<li>\u200eLos empleados de la empresa proveedora deben poder elegir libremente el empleo y no se les debe impedir salir mediante coacci\u00f3n o ser objeto de castigos o amenazas por irse despu\u00e9s de un per\u00edodo de preaviso razonable; todo empleo ser\u00e1 voluntario;\u200e<\/li>\n\n\n\n<li>\u200eLas horas de trabajo y las remuneraciones deben ser comparables con los usos locales y deben cumplir con todas las leyes locales;\u200e<\/li>\n\n\n\n<li>\u200eLos proveedores no exigir\u00e1n a los empleados que depositen dep\u00f3sitos de dinero ni exigir\u00e1n a los empleados que entreguen ninguna identificaci\u00f3n, pasaporte o permiso de trabajo emitido por el gobierno como requisito de empleo.\u200e<\/li>\n<\/ul>\n\n\n\n<p class=\"gb-headline gb-headline-c063692c gb-headline-text\">\u200eAdem\u00e1s de lo anterior, nuestros proveedores est\u00e1n obligados a mantener procesos que minimicen la posibilidad de que los productos suministrados a Technetix contengan minerales de conflicto. Los minerales de conflicto son minerales que se han extra\u00eddo en condiciones de conflicto armado y violaciones de los derechos humanos. De acuerdo con la legislaci\u00f3n estadounidense (Ley Dodd-Frank) y la orientaci\u00f3n de la OCDE, Technetix considera que los minerales de conflicto son oro, esta\u00f1o, tungsteno y tantalio que se han obtenido de las zonas afectadas por el conflicto en el este de la Rep\u00fablica Democr\u00e1tica del Congo.\u200e  <\/p>\n\n\n\n<h2 class=\"gb-headline gb-headline-e3742336 gb-headline-text gb-headline-h2-in-content\">\u200eEvaluaci\u00f3n de proveedores<\/h2>\n\n\n\n<p class=\"gb-headline gb-headline-399aa230 gb-headline-text\">\u200eTechnetix deja claro a todos los proveedores productores reales y potenciales que espera que el negocio se lleve a cabo de manera transparente y justa. Antes de que se forme una relaci\u00f3n comercial, como m\u00ednimo, se debe acordar el C\u00f3digo de Conducta del Proveedor y, en funci\u00f3n del volumen de negocios que se realizar\u00e1 con ese proveedor, se debe completar un cuestionario del proveedor. El cuestionario del proveedor consiste en un conjunto completo de preguntas dise\u00f1adas para evaluar los est\u00e1ndares que adopta la compa\u00f1\u00eda y para garantizar que dichos est\u00e1ndares cumplan con los requisitos de Technetix. En caso de que el cuestionario del proveedor demuestre que no se cumplen sus requisitos, dependiendo de la gravedad de las faltas, Technetix se negar\u00e1 a entablar una relaci\u00f3n comercial o trabajar\u00e1 con el proveedor para alcanzar el cumplimiento del est\u00e1ndar.\u200e   <\/p>\n\n\n\n<p class=\"gb-headline gb-headline-88cc9ccc gb-headline-text\">\u200eAntes de que se acepte un nuevo socio productor, se completa una evaluaci\u00f3n y auditor\u00eda in situ por parte de expertos en operaciones, pol\u00edticas y calidad, as\u00ed como por directivos senior.\u200e<\/p>\n\n\n\n<h2 class=\"gb-headline gb-headline-78eb62d7 gb-headline-text gb-headline-h2-in-content\">\u200eMantenimiento de est\u00e1ndares \u00e9ticos\u200e<\/h2>\n\n\n\n<p class=\"gb-headline gb-headline-157cb8e3 gb-headline-text\">\u200eTechnetix mantiene estrechas relaciones de trabajo con todos los proveedores productores. Se alienta a los empleados a informar de cualquier inquietud relacionada con la esclavitud, la trata de personas o cualquier otra acci\u00f3n que se considere incompatible con sus requisitos a un miembro ejecutivo del personal para que se puedan tomar las medidas apropiadas.\u200e <\/p>\n\n\n\n<p class=\"gb-headline gb-headline-09193b2f gb-headline-text\">\u200eLas visitas regulares a la planta por parte del personal de operaciones y los ejecutivos son una parte integral de sus esfuerzos para mantener estas estrechas relaciones de trabajo y durante estas visitas, las condiciones de trabajo y los est\u00e1ndares \u00e9ticos se refuerzan y eval\u00faan espec\u00edficamente, lo que incluir\u00e1 hablar directamente con los empleados en la f\u00e1brica o en el lugar de trabajo pertinente.\u200e<\/p>\n\n\n\n<h2 class=\"gb-headline gb-headline-21f41611 gb-headline-text gb-headline-h2-in-content\">Formaci\u00f3n<\/h2>\n\n\n\n<p class=\"gb-headline gb-headline-a442a9ae gb-headline-text\">\u200eTechnetix informa a todos los empleados para garantizar que conozcan sus pol\u00edticas y c\u00f3mo implementarlas dentro de su puesto de trabajo. Tambi\u00e9n se proporciona capacitaci\u00f3n espec\u00edfica a los empleados sobre cuestiones clave que afectan al negocio seg\u00fan sea necesario, como el mantenimiento de sus est\u00e1ndares \u00e9ticos en toda la empresa y sus cadenas de suministro.\u200e <\/p>\n\n\n\n<p class=\"gb-headline gb-headline-411978d4 gb-headline-text\">\u200eEsta declaraci\u00f3n se hace en nombre de Technetix Group Limited, su subsidiaria en el Reino Unido Technetix Limited y todas las compa\u00f1\u00edas del Grupo Technetix y ha sido aprobada por la Junta Directiva de Technetix.\u200e<\/p>\n\n\n\n<figure class=\"gb-block-image gb-block-image-f6a06b6d\"><img loading=\"lazy\" decoding=\"async\" width=\"262\" height=\"89\" class=\"gb-image gb-image-f6a06b6d\" src=\"https:\/\/emea.technetix.com\/wp-content\/uploads\/sites\/2\/2023\/01\/Paul-Broadhurst-Signature.jpeg\" alt=\"\" title=\"Paul-Broadhurst-Signature\"><\/figure>\n\n\n\n<p class=\"gb-headline gb-headline-1458ebe2 gb-headline-text\">Paul Broadhurst<\/p>\n\n\n\n<p class=\"gb-headline gb-headline-c2330e6b gb-headline-text\">\u200eDirector Ejecutivo de\u200e<\/p>\n\n\n\n<p class=\"gb-headline gb-headline-966de982 gb-headline-text\">Technetix Group Limited<\/p>\n\n\n\n<p class=\"gb-headline gb-headline-202d8562 gb-headline-text\">16 febrero 2023<\/p>\n\n<\/div>","protected":false},"excerpt":{"rendered":"<p>\u200eDeclaraci\u00f3n contra la esclavitud moderna\u200e Technetix Group Limited \u200eTechnetix no tolera la esclavitud, la trata de personas o cualquier otra violaci\u00f3n de los derechos humanos en ninguna parte de su negocio o su cadena de suministro. Todos los empleados y proveedores est\u00e1n obligados a actuar \u00e9ticamente y cumplir con los requisitos legales en todo momento.\u200e &#8230; <a title=\"\u200eDeclaraci\u00f3n contra la esclavitud moderna\u200e\" class=\"read-more\" href=\"https:\/\/emea.technetix.com\/es\/declaracion-sobre-la-esclavitud-y-trata-de-personas\/\" aria-label=\"Leer m\u00e1s sobre \u200eDeclaraci\u00f3n contra la esclavitud moderna\u200e\">Read more<\/a><\/p>\n","protected":false},"author":1,"featured_media":0,"parent":0,"menu_order":0,"comment_status":"closed","ping_status":"closed","template":"","meta":{"_acf_changed":false,"_gspb_post_css":"","footnotes":""},"class_list":["post-7186","page","type-page","status-publish"],"yoast_head":"<!-- This site is optimized with the Yoast SEO Premium plugin v22.5 (Yoast SEO v27.4) - https:\/\/yoast.com\/product\/yoast-seo-premium-wordpress\/ -->\n<title>\u200eDeclaraci\u00f3n contra la esclavitud moderna\u200e - Technetix EMEA<\/title>\n<meta name=\"robots\" content=\"index, follow, max-snippet:-1, max-image-preview:large, max-video-preview:-1\" \/>\n<link rel=\"canonical\" href=\"https:\/\/emea.technetix.com\/es\/declaracion-sobre-la-esclavitud-y-trata-de-personas\/\" \/>\n<meta property=\"og:locale\" content=\"es_ES\" \/>\n<meta property=\"og:type\" content=\"article\" \/>\n<meta property=\"og:title\" content=\"\u200eDeclaraci\u00f3n contra la esclavitud moderna\u200e - Technetix EMEA\" \/>\n<meta property=\"og:description\" content=\"\u200eDeclaraci\u00f3n contra la esclavitud moderna\u200e Technetix Group Limited \u200eTechnetix no tolera la esclavitud, la trata de personas o cualquier otra violaci\u00f3n de los derechos humanos en ninguna parte de su negocio o su cadena de suministro. Todos los empleados y proveedores est\u00e1n obligados a actuar \u00e9ticamente y cumplir con los requisitos legales en todo momento.\u200e ... Read more\" \/>\n<meta property=\"og:url\" content=\"https:\/\/emea.technetix.com\/es\/declaracion-sobre-la-esclavitud-y-trata-de-personas\/\" \/>\n<meta property=\"og:site_name\" content=\"Technetix EMEA\" \/>\n<meta property=\"article:modified_time\" content=\"2023-04-11T15:34:46+00:00\" \/>\n<meta property=\"og:image\" content=\"https:\/\/emea.technetix.com\/wp-content\/uploads\/sites\/2\/2023\/01\/Paul-Broadhurst-Signature.jpeg\" \/>\n<meta name=\"twitter:card\" content=\"summary_large_image\" \/>\n<meta name=\"twitter:site\" content=\"@technetixgroup\" \/>\n<meta name=\"twitter:label1\" content=\"Tiempo de lectura\" \/>\n\t<meta name=\"twitter:data1\" content=\"5 minutos\" \/>\n<script type=\"application\/ld+json\" class=\"yoast-schema-graph\">{\"@context\":\"https:\\\/\\\/schema.org\",\"@graph\":[{\"@type\":\"WebPage\",\"@id\":\"https:\\\/\\\/emea.technetix.com\\\/es\\\/declaracion-sobre-la-esclavitud-y-trata-de-personas\\\/\",\"url\":\"https:\\\/\\\/emea.technetix.com\\\/es\\\/declaracion-sobre-la-esclavitud-y-trata-de-personas\\\/\",\"name\":\"\u200eDeclaraci\u00f3n contra la esclavitud moderna\u200e - Technetix EMEA\",\"isPartOf\":{\"@id\":\"https:\\\/\\\/emea.technetix.com\\\/es\\\/#website\"},\"primaryImageOfPage\":{\"@id\":\"https:\\\/\\\/emea.technetix.com\\\/es\\\/declaracion-sobre-la-esclavitud-y-trata-de-personas\\\/#primaryimage\"},\"image\":{\"@id\":\"https:\\\/\\\/emea.technetix.com\\\/es\\\/declaracion-sobre-la-esclavitud-y-trata-de-personas\\\/#primaryimage\"},\"thumbnailUrl\":\"https:\\\/\\\/emea.technetix.com\\\/wp-content\\\/uploads\\\/sites\\\/2\\\/2023\\\/01\\\/Paul-Broadhurst-Signature.jpeg\",\"datePublished\":\"2023-01-17T17:30:00+00:00\",\"dateModified\":\"2023-04-11T15:34:46+00:00\",\"breadcrumb\":{\"@id\":\"https:\\\/\\\/emea.technetix.com\\\/es\\\/declaracion-sobre-la-esclavitud-y-trata-de-personas\\\/#breadcrumb\"},\"inLanguage\":\"es\",\"potentialAction\":[{\"@type\":\"ReadAction\",\"target\":[\"https:\\\/\\\/emea.technetix.com\\\/es\\\/declaracion-sobre-la-esclavitud-y-trata-de-personas\\\/\"]}]},{\"@type\":\"ImageObject\",\"inLanguage\":\"es\",\"@id\":\"https:\\\/\\\/emea.technetix.com\\\/es\\\/declaracion-sobre-la-esclavitud-y-trata-de-personas\\\/#primaryimage\",\"url\":\"https:\\\/\\\/emea.technetix.com\\\/wp-content\\\/uploads\\\/sites\\\/2\\\/2023\\\/01\\\/Paul-Broadhurst-Signature.jpeg\",\"contentUrl\":\"https:\\\/\\\/emea.technetix.com\\\/wp-content\\\/uploads\\\/sites\\\/2\\\/2023\\\/01\\\/Paul-Broadhurst-Signature.jpeg\"},{\"@type\":\"BreadcrumbList\",\"@id\":\"https:\\\/\\\/emea.technetix.com\\\/es\\\/declaracion-sobre-la-esclavitud-y-trata-de-personas\\\/#breadcrumb\",\"itemListElement\":[{\"@type\":\"ListItem\",\"position\":1,\"name\":\"Home\",\"item\":\"https:\\\/\\\/emea.technetix.com\\\/es\\\/\"},{\"@type\":\"ListItem\",\"position\":2,\"name\":\"\u200eDeclaraci\u00f3n contra la esclavitud moderna\u200e\"}]},{\"@type\":\"WebSite\",\"@id\":\"https:\\\/\\\/emea.technetix.com\\\/es\\\/#website\",\"url\":\"https:\\\/\\\/emea.technetix.com\\\/es\\\/\",\"name\":\"Technetix\",\"description\":\"Next-generation broadband equipment engineering\",\"publisher\":{\"@id\":\"https:\\\/\\\/emea.technetix.com\\\/es\\\/#organization\"},\"potentialAction\":[{\"@type\":\"SearchAction\",\"target\":{\"@type\":\"EntryPoint\",\"urlTemplate\":\"https:\\\/\\\/emea.technetix.com\\\/es\\\/?s={search_term_string}\"},\"query-input\":{\"@type\":\"PropertyValueSpecification\",\"valueRequired\":true,\"valueName\":\"search_term_string\"}}],\"inLanguage\":\"es\"},{\"@type\":\"Organization\",\"@id\":\"https:\\\/\\\/emea.technetix.com\\\/es\\\/#organization\",\"name\":\"Technetix\",\"url\":\"https:\\\/\\\/emea.technetix.com\\\/es\\\/\",\"logo\":{\"@type\":\"ImageObject\",\"inLanguage\":\"es\",\"@id\":\"https:\\\/\\\/emea.technetix.com\\\/es\\\/#\\\/schema\\\/logo\\\/image\\\/\",\"url\":\"https:\\\/\\\/emea.technetix.com\\\/wp-content\\\/uploads\\\/sites\\\/2\\\/2023\\\/06\\\/logo-Technetix-1000x1000-1.png\",\"contentUrl\":\"https:\\\/\\\/emea.technetix.com\\\/wp-content\\\/uploads\\\/sites\\\/2\\\/2023\\\/06\\\/logo-Technetix-1000x1000-1.png\",\"width\":1000,\"height\":1000,\"caption\":\"Technetix\"},\"image\":{\"@id\":\"https:\\\/\\\/emea.technetix.com\\\/es\\\/#\\\/schema\\\/logo\\\/image\\\/\"},\"sameAs\":[\"https:\\\/\\\/x.com\\\/technetixgroup\",\"https:\\\/\\\/www.linkedin.com\\\/company\\\/technetix\\\/\",\"https:\\\/\\\/www.youtube.com\\\/c\\\/Technetix-group\"]}]}<\/script>\n<!-- \/ Yoast SEO Premium plugin. -->","yoast_head_json":{"title":"\u200eDeclaraci\u00f3n contra la esclavitud moderna\u200e - Technetix EMEA","robots":{"index":"index","follow":"follow","max-snippet":"max-snippet:-1","max-image-preview":"max-image-preview:large","max-video-preview":"max-video-preview:-1"},"canonical":"https:\/\/emea.technetix.com\/es\/declaracion-sobre-la-esclavitud-y-trata-de-personas\/","og_locale":"es_ES","og_type":"article","og_title":"\u200eDeclaraci\u00f3n contra la esclavitud moderna\u200e - Technetix EMEA","og_description":"\u200eDeclaraci\u00f3n contra la esclavitud moderna\u200e Technetix Group Limited \u200eTechnetix no tolera la esclavitud, la trata de personas o cualquier otra violaci\u00f3n de los derechos humanos en ninguna parte de su negocio o su cadena de suministro. Todos los empleados y proveedores est\u00e1n obligados a actuar \u00e9ticamente y cumplir con los requisitos legales en todo momento.\u200e ... Read more","og_url":"https:\/\/emea.technetix.com\/es\/declaracion-sobre-la-esclavitud-y-trata-de-personas\/","og_site_name":"Technetix EMEA","article_modified_time":"2023-04-11T15:34:46+00:00","og_image":[{"url":"https:\/\/emea.technetix.com\/wp-content\/uploads\/sites\/2\/2023\/01\/Paul-Broadhurst-Signature.jpeg","type":"","width":"","height":""}],"twitter_card":"summary_large_image","twitter_site":"@technetixgroup","twitter_misc":{"Tiempo de lectura":"5 minutos"},"schema":{"@context":"https:\/\/schema.org","@graph":[{"@type":"WebPage","@id":"https:\/\/emea.technetix.com\/es\/declaracion-sobre-la-esclavitud-y-trata-de-personas\/","url":"https:\/\/emea.technetix.com\/es\/declaracion-sobre-la-esclavitud-y-trata-de-personas\/","name":"\u200eDeclaraci\u00f3n contra la esclavitud moderna\u200e - Technetix EMEA","isPartOf":{"@id":"https:\/\/emea.technetix.com\/es\/#website"},"primaryImageOfPage":{"@id":"https:\/\/emea.technetix.com\/es\/declaracion-sobre-la-esclavitud-y-trata-de-personas\/#primaryimage"},"image":{"@id":"https:\/\/emea.technetix.com\/es\/declaracion-sobre-la-esclavitud-y-trata-de-personas\/#primaryimage"},"thumbnailUrl":"https:\/\/emea.technetix.com\/wp-content\/uploads\/sites\/2\/2023\/01\/Paul-Broadhurst-Signature.jpeg","datePublished":"2023-01-17T17:30:00+00:00","dateModified":"2023-04-11T15:34:46+00:00","breadcrumb":{"@id":"https:\/\/emea.technetix.com\/es\/declaracion-sobre-la-esclavitud-y-trata-de-personas\/#breadcrumb"},"inLanguage":"es","potentialAction":[{"@type":"ReadAction","target":["https:\/\/emea.technetix.com\/es\/declaracion-sobre-la-esclavitud-y-trata-de-personas\/"]}]},{"@type":"ImageObject","inLanguage":"es","@id":"https:\/\/emea.technetix.com\/es\/declaracion-sobre-la-esclavitud-y-trata-de-personas\/#primaryimage","url":"https:\/\/emea.technetix.com\/wp-content\/uploads\/sites\/2\/2023\/01\/Paul-Broadhurst-Signature.jpeg","contentUrl":"https:\/\/emea.technetix.com\/wp-content\/uploads\/sites\/2\/2023\/01\/Paul-Broadhurst-Signature.jpeg"},{"@type":"BreadcrumbList","@id":"https:\/\/emea.technetix.com\/es\/declaracion-sobre-la-esclavitud-y-trata-de-personas\/#breadcrumb","itemListElement":[{"@type":"ListItem","position":1,"name":"Home","item":"https:\/\/emea.technetix.com\/es\/"},{"@type":"ListItem","position":2,"name":"\u200eDeclaraci\u00f3n contra la esclavitud moderna\u200e"}]},{"@type":"WebSite","@id":"https:\/\/emea.technetix.com\/es\/#website","url":"https:\/\/emea.technetix.com\/es\/","name":"Technetix","description":"Next-generation broadband equipment engineering","publisher":{"@id":"https:\/\/emea.technetix.com\/es\/#organization"},"potentialAction":[{"@type":"SearchAction","target":{"@type":"EntryPoint","urlTemplate":"https:\/\/emea.technetix.com\/es\/?s={search_term_string}"},"query-input":{"@type":"PropertyValueSpecification","valueRequired":true,"valueName":"search_term_string"}}],"inLanguage":"es"},{"@type":"Organization","@id":"https:\/\/emea.technetix.com\/es\/#organization","name":"Technetix","url":"https:\/\/emea.technetix.com\/es\/","logo":{"@type":"ImageObject","inLanguage":"es","@id":"https:\/\/emea.technetix.com\/es\/#\/schema\/logo\/image\/","url":"https:\/\/emea.technetix.com\/wp-content\/uploads\/sites\/2\/2023\/06\/logo-Technetix-1000x1000-1.png","contentUrl":"https:\/\/emea.technetix.com\/wp-content\/uploads\/sites\/2\/2023\/06\/logo-Technetix-1000x1000-1.png","width":1000,"height":1000,"caption":"Technetix"},"image":{"@id":"https:\/\/emea.technetix.com\/es\/#\/schema\/logo\/image\/"},"sameAs":["https:\/\/x.com\/technetixgroup","https:\/\/www.linkedin.com\/company\/technetix\/","https:\/\/www.youtube.com\/c\/Technetix-group"]}]}},"acf":[],"publishpress_future_workflow_manual_trigger":{"enabledWorkflows":[]},"_links":{"self":[{"href":"https:\/\/emea.technetix.com\/es\/wp-json\/wp\/v2\/pages\/7186","targetHints":{"allow":["GET"]}}],"collection":[{"href":"https:\/\/emea.technetix.com\/es\/wp-json\/wp\/v2\/pages"}],"about":[{"href":"https:\/\/emea.technetix.com\/es\/wp-json\/wp\/v2\/types\/page"}],"author":[{"embeddable":true,"href":"https:\/\/emea.technetix.com\/es\/wp-json\/wp\/v2\/users\/1"}],"replies":[{"embeddable":true,"href":"https:\/\/emea.technetix.com\/es\/wp-json\/wp\/v2\/comments?post=7186"}],"version-history":[{"count":0,"href":"https:\/\/emea.technetix.com\/es\/wp-json\/wp\/v2\/pages\/7186\/revisions"}],"wp:attachment":[{"href":"https:\/\/emea.technetix.com\/es\/wp-json\/wp\/v2\/media?parent=7186"}],"curies":[{"name":"wp","href":"https:\/\/api.w.org\/{rel}","templated":true}]}}