{"id":7180,"date":"2023-01-20T17:40:33","date_gmt":"2023-01-20T17:40:33","guid":{"rendered":"https:\/\/emea.technetix.com\/sobre-nosotros\/te-gustaria-trabajar-en-technetix\/"},"modified":"2026-01-20T14:00:39","modified_gmt":"2026-01-20T14:00:39","slug":"te-gustaria-trabajar-en-technetix","status":"publish","type":"page","link":"https:\/\/emea.technetix.com\/es\/sobre-nosotros\/te-gustaria-trabajar-en-technetix\/","title":{"rendered":"Trabaja en Technetix"},"content":{"rendered":"<div class=\"gb-container gb-container-f86f3f4f gb-container-hero-banner\"><div class=\"gb-inside-container\">\n<h1 class=\"gb-headline gb-headline-e1547755 gb-headline-text gb-headline-hero-banner-title\">Trabaja en Technetix<\/h1>\n<\/div><\/div>\n\n<div class=\"gb-container gb-container-97f22622 gb-container-inner-back-page-con\">\n\n<h2 class=\"gb-headline gb-headline-d02c52e4 gb-headline-text\">Quienes somos<\/h2>\n\n\n\n<p class=\"gb-headline gb-headline-6656b5c3 gb-headline-text\">Technetix es un proveedor de soluciones completas para la industria del cable de banda ancha. Una empresa privada de r\u00e1pido crecimiento, el grupo opera a nivel internacional con una fuerte presencia tanto en Europa como en Am\u00e9rica, y somos alrededor de 180 empleados de m\u00e1s de 30 pa\u00edses. Nuestros empleados ofrecen una amplia gama de conocimientos que incluyen ingenier\u00eda, TI, legal, contabilidad, ventas y marketing. Tenemos un esp\u00edritu de equipo excepcional que hace de Technetix un excelente lugar para trabajar.   <\/p>\n\n\n\n<div class=\"wp-block-greenshift-blocks-video gs-video youtube gspb_video-id-gsbp-124d965\" id=\"gs-video-gsbp-124d965\"><div class=\"gs-video-wrapper\"><iframe frameborder=\"0\" allowfullscreen><\/iframe><\/div><\/div>\n\n\n\n<h2 class=\"gb-headline gb-headline-6b17d0fd gb-headline-text gb-headline-h2-in-content\">Que hacemos<\/h2>\n\n\n\n<p class=\"gb-headline gb-headline-623f5b86 gb-headline-text\">Dise\u00f1amos, fabricamos y suministramos tecnolog\u00eda y soluciones de banda ancha a los principales operadores de cable en todo el mundo. Nuestros productos y soluciones l\u00edderes abarcan toda la red de banda ancha de alta velocidad, lo que permite a nuestros clientes aumentar la capacidad de su red, mejorar la eficiencia operativa y reducir los costos. Technetix es una empresa pionera con un fuerte enfoque en establecer y mantener alianzas estrat\u00e9gicas con los principales tipos de cableado y telecomunicaciones. Escuchamos los problemas espec\u00edficos de nuestros clientes y creamos productos y soluciones a medida cuando es necesario. <\/p>\n\n\n\n<h2 class=\"gb-headline gb-headline-4b572e45 gb-headline-text gb-headline-h2-in-content\">\u00bfPor qu\u00e9 unirse a nosotros?<\/h2>\n\n\n\n<p class=\"gb-headline gb-headline-c9b08205 gb-headline-text\">Impulsado por una creciente demanda de contenido rico en medios y el movimiento hacia servicios de pr\u00f3xima generaci\u00f3n, el mercado de cable de banda ancha est\u00e1 creciendo exponencialmente. Para hacer frente a los desaf\u00edos siempre cambiantes de esta apasionante industria, apoyamos y alentamos a nuestros empleados a que alcancen su m\u00e1ximo potencial. Technetix trabaja con profesionales din\u00e1micos y talentosos (desde aquellos que comienzan en sus carreras hasta profesionales m\u00e1s experimentados) que pueden ayudarnos a mantener nuestro historial de \u00e9xito como el socio preferido de los principales operadores de banda ancha.  <\/p>\n\n\n\n<p class=\"gb-headline gb-headline-8e2e4f4c gb-headline-text\">Agradecemos su consulta incluso si actualmente no estamos anunciando una vacante relevante para sus habilidades y experiencia. Technetix siempre est\u00e1 interesado en escuchar a personas brillantes y talentosas. <\/p>\n\n\n\n<h2 class=\"gb-headline gb-headline-e3742336 gb-headline-text gb-headline-h2-in-content\">Ofertas de Empleo<\/h2>\n\n\n\n<ul class=\"wp-block-list\">\n<li><a href=\"https:\/\/emea.technetix.com\/wp-content\/uploads\/sites\/2\/2026\/01\/Web-Developer-and-Digital-Experience-Group-Marketing-2025.pdf\">Web Developer &amp; Digital Experience \u2013 UK<\/a><\/li>\n\n\n\n<li><a href=\"https:\/\/emea.technetix.com\/wp-content\/uploads\/sites\/2\/2026\/01\/20251105-Technetix-Job-Description-Software-Test-Engineer.pdf\">Software Test Engineer \u2013 NL<\/a><\/li>\n\n\n\n<li><a href=\"https:\/\/emea.technetix.com\/wp-content\/uploads\/sites\/2\/2026\/01\/JD-Technical-Product-Manager-Spain.pdf\">Technical Product Manager &#8211; Zaragoza<\/a><\/li>\n\n\n\n<li><a href=\"https:\/\/emea.technetix.com\/wp-content\/uploads\/sites\/2\/2026\/01\/Technetix-Job-Description-2025-Software-Developer-v1.pdf\">Software Developer &#8211; Bilbao<\/a><\/li>\n\n\n\n<li><a href=\"https:\/\/emea.technetix.com\/wp-content\/uploads\/sites\/2\/2026\/01\/Technical-Support-Network-Engineer-Job-Description-KOSOVO.pdf\">Technical Support Network Engineer \u2013 Kosovo<\/a><\/li>\n\n\n\n<li><a href=\"https:\/\/emea.technetix.com\/wp-content\/uploads\/sites\/2\/2026\/01\/Technetix-Job-Description-Senior-QC-Test-Engineer.pdf\">Senior QC Test Engineer \u2013 Taiwan<\/a><\/li>\n<\/ul>\n\n\n\n<div class=\"gb-grid-wrapper gb-grid-wrapper-587d847a gb-query-loop-wrapper\"><\/div>\n\n\n<div class=\"gb-container gb-container-486c75bb job-application-form\">\n<div class=\"gb-container gb-container-8c41e3d7 gb-accordion\">\n<div class=\"gb-container gb-container-9ee2d068 contact-arrow gb-accordion__item\" data-transition=\"slide\">\n<div class=\"gb-container gb-container-76041c99 gb-accordion__toggle\" id=\"gb-accordion-toggle-76041c99\" role=\"button\" tabindex=\"0\">\n\n<h2 class=\"gb-headline gb-headline-bc763a09 gb-headline-text\">\u00danete a nuestro equipo<\/h2>\n\n\n\n<p class=\"gb-headline gb-headline-a79093d4 gb-headline-text\">Completa el siguiente formulario para recibir notificaciones de futuras posiciones<\/p>\n\n<\/div>\n\n<div id=\"gb-accordion-content-c6fc6f76\" class=\"gb-accordion__content\"><div class=\"gb-container gb-container-c6fc6f76\">\n<div class=\"wpforms-container wpforms-container-full wpforms-block wpforms-block-ed9f329d-d3a5-4853-89c9-847a14d238a4\" id=\"wpforms-21914\"><form id=\"wpforms-form-21914\" class=\"wpforms-validate wpforms-form wpforms-ajax-form\" data-formid=\"21914\" method=\"post\" enctype=\"multipart\/form-data\" action=\"\/es\/wp-json\/wp\/v2\/pages\/7180?wpforms_form_id=21914\" data-token=\"cc99ff27e57ea679442fa91a7190578d\"><noscript class=\"wpforms-error-noscript\">Por favor, activa JavaScript en tu navegador para completar este formulario.<\/noscript><div class=\"wpforms-field-container\"><div id=\"wpforms-21914-field_0-container\" class=\"wpforms-field wpforms-field-name\" data-field-id=\"0\"><label class=\"wpforms-field-label\" for=\"wpforms-21914-field_0\">Nombre <span class=\"wpforms-required-label\">*<\/span><\/label><div class=\"wpforms-field-row wpforms-field-large\"><div class=\"wpforms-field-row-block wpforms-first wpforms-one-half\"><input type=\"text\" id=\"wpforms-21914-field_0\" class=\"wpforms-field-name-first wpforms-field-required\" name=\"wpforms[fields][0][first]\" placeholder=\"Nombre\" required><label for=\"wpforms-21914-field_0\" class=\"wpforms-field-sublabel after wpforms-sublabel-hide\">Nombre<\/label><\/div><div class=\"wpforms-field-row-block wpforms-one-half\"><input type=\"text\" id=\"wpforms-21914-field_0-last\" class=\"wpforms-field-name-last wpforms-field-required\" name=\"wpforms[fields][0][last]\" placeholder=\"Apellidos\" required><label for=\"wpforms-21914-field_0-last\" class=\"wpforms-field-sublabel after wpforms-sublabel-hide\">Apellidos<\/label><\/div><\/div><\/div><div id=\"wpforms-21914-field_1-container\" class=\"wpforms-field wpforms-field-email\" data-field-id=\"1\"><label class=\"wpforms-field-label\" for=\"wpforms-21914-field_1\">Correo electr\u00f3nico  <span class=\"wpforms-required-label\">*<\/span><\/label><input type=\"email\" id=\"wpforms-21914-field_1\" class=\"wpforms-field-large wpforms-field-required\" name=\"wpforms[fields][1]\" spellcheck=\"false\" required><\/div><div id=\"wpforms-21914-field_3-container\" class=\"wpforms-field wpforms-field-phone\" data-field-id=\"3\"><label class=\"wpforms-field-label\" for=\"wpforms-21914-field_3\">Tel\u00e9fono <span class=\"wpforms-required-label\">*<\/span><\/label><input type=\"tel\" id=\"wpforms-21914-field_3\" class=\"wpforms-field-large wpforms-field-required wpforms-smart-phone-field\" data-rule-smart-phone-field=\"true\" name=\"wpforms[fields][3]\" required><\/div><div id=\"wpforms-21914-field_13-container\" class=\"wpforms-field wpforms-field-text\" data-field-id=\"13\"><label class=\"wpforms-field-label\" for=\"wpforms-21914-field_13\">Ciudad y pa\u00eds <span class=\"wpforms-required-label\">*<\/span><\/label><input type=\"text\" id=\"wpforms-21914-field_13\" class=\"wpforms-field-large wpforms-field-required\" name=\"wpforms[fields][13]\" required><\/div><div id=\"wpforms-21914-field_5-container\" class=\"wpforms-field wpforms-field-url\" data-field-id=\"5\"><label class=\"wpforms-field-label\" for=\"wpforms-21914-field_5\">URL del perfil de LinkedIn<\/label><input type=\"url\" id=\"wpforms-21914-field_5\" class=\"wpforms-field-large\" name=\"wpforms[fields][5]\" ><\/div><div id=\"wpforms-21914-field_8-container\" class=\"wpforms-field wpforms-field-file-upload\" data-field-id=\"8\"><label class=\"wpforms-field-label\" for=\"wpforms-21914-field_8\">Subir archivos <span class=\"wpforms-required-label\">*<\/span><\/label><div\n\t\tclass=\"wpforms-uploader\"\n\t\tdata-field-id=\"8\"\n\t\tdata-form-id=\"21914\"\n\t\tdata-input-name=\"wpforms_21914_8\"\n\t\tdata-extensions=\"pdf,doc,docx\"\n\t\tdata-max-size=\"4194304\"\n\t\tdata-max-file-number=\"3\"\n\t\tdata-post-max-size=\"67108864\"\n\t\tdata-max-parallel-uploads=\"4\"\n\t\tdata-parallel-uploads=\"true\"\n\t\tdata-file-chunk-size=\"2097152\">\n\t<div class=\"dz-message\">\n\t\t<svg viewBox=\"0 0 1024 1024\" focusable=\"false\" data-icon=\"inbox\" width=\"50px\" height=\"50px\" fill=\"currentColor\" aria-hidden=\"true\">\n\t\t\t<path d=\"M885.2 446.3l-.2-.8-112.2-285.1c-5-16.1-19.9-27.2-36.8-27.2H281.2c-17 0-32.1 11.3-36.9 27.6L139.4 443l-.3.7-.2.8c-1.3 4.9-1.7 9.9-1 14.8-.1 1.6-.2 3.2-.2 4.8V830a60.9 60.9 0 0 0 60.8 60.8h627.2c33.5 0 60.8-27.3 60.9-60.8V464.1c0-1.3 0-2.6-.1-3.7.4-4.9 0-9.6-1.3-14.1zm-295.8-43l-.3 15.7c-.8 44.9-31.8 75.1-77.1 75.1-22.1 0-41.1-7.1-54.8-20.6S436 441.2 435.6 419l-.3-15.7H229.5L309 210h399.2l81.7 193.3H589.4zm-375 76.8h157.3c24.3 57.1 76 90.8 140.4 90.8 33.7 0 65-9.4 90.3-27.2 22.2-15.6 39.5-37.4 50.7-63.6h156.5V814H214.4V480.1z\"><\/path>\n\t\t<\/svg>\n\t\t<span class=\"modern-title\">Haz clic o arrastra archivos a este \u00e1rea para subirlos.<\/span>\n\n\t\t\t\t\t<span class=\"modern-hint\">Puedes subir hasta 3 archivos.<\/span>\n\t\t\t<\/div>\n<\/div>\n<input\n\t\ttype=\"text\"\n\t\tautocomplete=\"off\"\n\t\tclass=\"dropzone-input\"\n\t\tstyle=\"position:absolute!important;clip:rect(0,0,0,0)!important;height:1px!important;width:1px!important;border:0!important;overflow:hidden!important;padding:0!important;margin:0!important;\"\n\t\tid=\"wpforms-21914-field_8\"\n\t\tname=\"wpforms_21914_8\" required\t\tvalue=\"\">\n<div class=\"wpforms-field-description\">Cargar archivos relevantes, como el CV y carta de motivaci\u00f3n<br>\r\nTipos de archivo: pdf, doc, docx<br>\r\nTama\u00f1o m\u00e1ximo de archivo: 4mb<\/div><\/div><\/div><!-- .wpforms-field-container --><div class=\"wpforms-submit-container\" ><input type=\"hidden\" name=\"wpforms[id]\" value=\"21914\"><input type=\"hidden\" name=\"wpforms[author]\" value=\"1\"><button type=\"submit\" name=\"wpforms[submit]\" id=\"wpforms-submit-21914\" class=\"wpforms-submit\" data-alt-text=\"Sending...\" data-submit-text=\"Enviar\" aria-live=\"assertive\" value=\"wpforms-submit\">Enviar<\/button><img loading=\"lazy\" decoding=\"async\" src=\"https:\/\/emea.technetix.com\/wp-content\/plugins\/wpforms\/assets\/images\/submit-spin.svg\" class=\"wpforms-submit-spinner\" style=\"display: none;\" width=\"26\" height=\"26\" alt=\"Cargando\"><\/div><\/form><\/div>  <!-- .wpforms-container -->\n<\/div><\/div>\n<\/div>\n<\/div>\n<\/div>\n<\/div>\n\n<div class=\"gb-container gb-container-258ad3b3 gb-container-con-buttons-bottom\">\n\n<h2 class=\"gb-headline gb-headline-7ce6fa4b gb-headline-text gb-headline-head-bottom-buttons\">Enlaces de inter\u00e9s<\/h2>\n\n\n<div class=\"gb-button-wrapper gb-button-wrapper-248bce03 gb-button-wrapper-after-con-buttons\">\n\n<a class=\"gb-button gb-button-94f259b8 gb-button-text gb-button-bottom-button\" href=\"https:\/\/emea.technetix.com\/es\/contactenos\/\">Cont\u00e1ctenos<\/a>\n\n<\/div>\n<\/div>","protected":false},"excerpt":{"rendered":"<p>Trabaja en Technetix Quienes somos Technetix es un proveedor de soluciones completas para la industria del cable de banda ancha. Una empresa privada de r\u00e1pido crecimiento, el grupo opera a nivel internacional con una fuerte presencia tanto en Europa como en Am\u00e9rica, y somos alrededor de 180 empleados de m\u00e1s de 30 pa\u00edses. Nuestros empleados &#8230; <a title=\"Trabaja en Technetix\" class=\"read-more\" href=\"https:\/\/emea.technetix.com\/es\/sobre-nosotros\/te-gustaria-trabajar-en-technetix\/\" aria-label=\"Leer m\u00e1s sobre Trabaja en Technetix\">Read more<\/a><\/p>\n","protected":false},"author":1,"featured_media":963,"parent":7168,"menu_order":0,"comment_status":"closed","ping_status":"closed","template":"","meta":{"_acf_changed":false,"_gspb_post_css":"","footnotes":""},"class_list":["post-7180","page","type-page","status-publish","has-post-thumbnail"],"yoast_head":"<!-- This site is optimized with the Yoast SEO Premium plugin v22.5 (Yoast SEO v27.3) - https:\/\/yoast.com\/product\/yoast-seo-premium-wordpress\/ -->\n<title>Trabaja en Technetix - Technetix EMEA<\/title>\n<meta name=\"robots\" content=\"index, follow, max-snippet:-1, max-image-preview:large, max-video-preview:-1\" \/>\n<link rel=\"canonical\" href=\"https:\/\/emea.technetix.com\/es\/sobre-nosotros\/te-gustaria-trabajar-en-technetix\/\" \/>\n<meta property=\"og:locale\" content=\"es_ES\" \/>\n<meta property=\"og:type\" content=\"article\" \/>\n<meta property=\"og:title\" content=\"Trabaja en Technetix - Technetix EMEA\" \/>\n<meta property=\"og:description\" content=\"Trabaja en Technetix Quienes somos Technetix es un proveedor de soluciones completas para la industria del cable de banda ancha. Una empresa privada de r\u00e1pido crecimiento, el grupo opera a nivel internacional con una fuerte presencia tanto en Europa como en Am\u00e9rica, y somos alrededor de 180 empleados de m\u00e1s de 30 pa\u00edses. Nuestros empleados ... Read more\" \/>\n<meta property=\"og:url\" content=\"https:\/\/emea.technetix.com\/es\/sobre-nosotros\/te-gustaria-trabajar-en-technetix\/\" \/>\n<meta property=\"og:site_name\" content=\"Technetix EMEA\" \/>\n<meta property=\"article:modified_time\" content=\"2026-01-20T14:00:39+00:00\" \/>\n<meta property=\"og:image\" content=\"https:\/\/emea.technetix.com\/wp-content\/uploads\/sites\/2\/2023\/01\/ABOUT_LARGE_WORKING_FINAL.jpg\" \/>\n\t<meta property=\"og:image:width\" content=\"1920\" \/>\n\t<meta property=\"og:image:height\" content=\"450\" \/>\n\t<meta property=\"og:image:type\" content=\"image\/jpeg\" \/>\n<meta name=\"twitter:card\" content=\"summary_large_image\" \/>\n<meta name=\"twitter:site\" content=\"@technetixgroup\" \/>\n<meta name=\"twitter:label1\" content=\"Tiempo de lectura\" \/>\n\t<meta name=\"twitter:data1\" content=\"2 minutos\" \/>\n<script type=\"application\/ld+json\" class=\"yoast-schema-graph\">{\"@context\":\"https:\\\/\\\/schema.org\",\"@graph\":[{\"@type\":\"WebPage\",\"@id\":\"https:\\\/\\\/emea.technetix.com\\\/es\\\/sobre-nosotros\\\/te-gustaria-trabajar-en-technetix\\\/\",\"url\":\"https:\\\/\\\/emea.technetix.com\\\/es\\\/sobre-nosotros\\\/te-gustaria-trabajar-en-technetix\\\/\",\"name\":\"Trabaja en Technetix - Technetix EMEA\",\"isPartOf\":{\"@id\":\"https:\\\/\\\/emea.technetix.com\\\/es\\\/#website\"},\"primaryImageOfPage\":{\"@id\":\"https:\\\/\\\/emea.technetix.com\\\/es\\\/sobre-nosotros\\\/te-gustaria-trabajar-en-technetix\\\/#primaryimage\"},\"image\":{\"@id\":\"https:\\\/\\\/emea.technetix.com\\\/es\\\/sobre-nosotros\\\/te-gustaria-trabajar-en-technetix\\\/#primaryimage\"},\"thumbnailUrl\":\"https:\\\/\\\/emea.technetix.com\\\/wp-content\\\/uploads\\\/sites\\\/2\\\/2023\\\/01\\\/ABOUT_LARGE_WORKING_FINAL.jpg\",\"datePublished\":\"2023-01-20T17:40:33+00:00\",\"dateModified\":\"2026-01-20T14:00:39+00:00\",\"breadcrumb\":{\"@id\":\"https:\\\/\\\/emea.technetix.com\\\/es\\\/sobre-nosotros\\\/te-gustaria-trabajar-en-technetix\\\/#breadcrumb\"},\"inLanguage\":\"es\",\"potentialAction\":[{\"@type\":\"ReadAction\",\"target\":[\"https:\\\/\\\/emea.technetix.com\\\/es\\\/sobre-nosotros\\\/te-gustaria-trabajar-en-technetix\\\/\"]}]},{\"@type\":\"ImageObject\",\"inLanguage\":\"es\",\"@id\":\"https:\\\/\\\/emea.technetix.com\\\/es\\\/sobre-nosotros\\\/te-gustaria-trabajar-en-technetix\\\/#primaryimage\",\"url\":\"https:\\\/\\\/emea.technetix.com\\\/wp-content\\\/uploads\\\/sites\\\/2\\\/2023\\\/01\\\/ABOUT_LARGE_WORKING_FINAL.jpg\",\"contentUrl\":\"https:\\\/\\\/emea.technetix.com\\\/wp-content\\\/uploads\\\/sites\\\/2\\\/2023\\\/01\\\/ABOUT_LARGE_WORKING_FINAL.jpg\",\"width\":1920,\"height\":450},{\"@type\":\"BreadcrumbList\",\"@id\":\"https:\\\/\\\/emea.technetix.com\\\/es\\\/sobre-nosotros\\\/te-gustaria-trabajar-en-technetix\\\/#breadcrumb\",\"itemListElement\":[{\"@type\":\"ListItem\",\"position\":1,\"name\":\"Home\",\"item\":\"https:\\\/\\\/emea.technetix.com\\\/es\\\/\"},{\"@type\":\"ListItem\",\"position\":2,\"name\":\"Sobre nosotros\",\"item\":\"https:\\\/\\\/emea.technetix.com\\\/es\\\/sobre-nosotros\\\/\"},{\"@type\":\"ListItem\",\"position\":3,\"name\":\"Trabaja en Technetix\"}]},{\"@type\":\"WebSite\",\"@id\":\"https:\\\/\\\/emea.technetix.com\\\/es\\\/#website\",\"url\":\"https:\\\/\\\/emea.technetix.com\\\/es\\\/\",\"name\":\"Technetix\",\"description\":\"Next-generation broadband equipment engineering\",\"publisher\":{\"@id\":\"https:\\\/\\\/emea.technetix.com\\\/es\\\/#organization\"},\"potentialAction\":[{\"@type\":\"SearchAction\",\"target\":{\"@type\":\"EntryPoint\",\"urlTemplate\":\"https:\\\/\\\/emea.technetix.com\\\/es\\\/?s={search_term_string}\"},\"query-input\":{\"@type\":\"PropertyValueSpecification\",\"valueRequired\":true,\"valueName\":\"search_term_string\"}}],\"inLanguage\":\"es\"},{\"@type\":\"Organization\",\"@id\":\"https:\\\/\\\/emea.technetix.com\\\/es\\\/#organization\",\"name\":\"Technetix\",\"url\":\"https:\\\/\\\/emea.technetix.com\\\/es\\\/\",\"logo\":{\"@type\":\"ImageObject\",\"inLanguage\":\"es\",\"@id\":\"https:\\\/\\\/emea.technetix.com\\\/es\\\/#\\\/schema\\\/logo\\\/image\\\/\",\"url\":\"https:\\\/\\\/emea.technetix.com\\\/wp-content\\\/uploads\\\/sites\\\/2\\\/2023\\\/06\\\/logo-Technetix-1000x1000-1.png\",\"contentUrl\":\"https:\\\/\\\/emea.technetix.com\\\/wp-content\\\/uploads\\\/sites\\\/2\\\/2023\\\/06\\\/logo-Technetix-1000x1000-1.png\",\"width\":1000,\"height\":1000,\"caption\":\"Technetix\"},\"image\":{\"@id\":\"https:\\\/\\\/emea.technetix.com\\\/es\\\/#\\\/schema\\\/logo\\\/image\\\/\"},\"sameAs\":[\"https:\\\/\\\/x.com\\\/technetixgroup\",\"https:\\\/\\\/www.linkedin.com\\\/company\\\/technetix\\\/\",\"https:\\\/\\\/www.youtube.com\\\/c\\\/Technetix-group\"]}]}<\/script>\n<!-- \/ Yoast SEO Premium plugin. -->","yoast_head_json":{"title":"Trabaja en Technetix - Technetix EMEA","robots":{"index":"index","follow":"follow","max-snippet":"max-snippet:-1","max-image-preview":"max-image-preview:large","max-video-preview":"max-video-preview:-1"},"canonical":"https:\/\/emea.technetix.com\/es\/sobre-nosotros\/te-gustaria-trabajar-en-technetix\/","og_locale":"es_ES","og_type":"article","og_title":"Trabaja en Technetix - Technetix EMEA","og_description":"Trabaja en Technetix Quienes somos Technetix es un proveedor de soluciones completas para la industria del cable de banda ancha. Una empresa privada de r\u00e1pido crecimiento, el grupo opera a nivel internacional con una fuerte presencia tanto en Europa como en Am\u00e9rica, y somos alrededor de 180 empleados de m\u00e1s de 30 pa\u00edses. Nuestros empleados ... Read more","og_url":"https:\/\/emea.technetix.com\/es\/sobre-nosotros\/te-gustaria-trabajar-en-technetix\/","og_site_name":"Technetix EMEA","article_modified_time":"2026-01-20T14:00:39+00:00","og_image":[{"width":1920,"height":450,"url":"https:\/\/emea.technetix.com\/wp-content\/uploads\/sites\/2\/2023\/01\/ABOUT_LARGE_WORKING_FINAL.jpg","type":"image\/jpeg"}],"twitter_card":"summary_large_image","twitter_site":"@technetixgroup","twitter_misc":{"Tiempo de lectura":"2 minutos"},"schema":{"@context":"https:\/\/schema.org","@graph":[{"@type":"WebPage","@id":"https:\/\/emea.technetix.com\/es\/sobre-nosotros\/te-gustaria-trabajar-en-technetix\/","url":"https:\/\/emea.technetix.com\/es\/sobre-nosotros\/te-gustaria-trabajar-en-technetix\/","name":"Trabaja en Technetix - Technetix EMEA","isPartOf":{"@id":"https:\/\/emea.technetix.com\/es\/#website"},"primaryImageOfPage":{"@id":"https:\/\/emea.technetix.com\/es\/sobre-nosotros\/te-gustaria-trabajar-en-technetix\/#primaryimage"},"image":{"@id":"https:\/\/emea.technetix.com\/es\/sobre-nosotros\/te-gustaria-trabajar-en-technetix\/#primaryimage"},"thumbnailUrl":"https:\/\/emea.technetix.com\/wp-content\/uploads\/sites\/2\/2023\/01\/ABOUT_LARGE_WORKING_FINAL.jpg","datePublished":"2023-01-20T17:40:33+00:00","dateModified":"2026-01-20T14:00:39+00:00","breadcrumb":{"@id":"https:\/\/emea.technetix.com\/es\/sobre-nosotros\/te-gustaria-trabajar-en-technetix\/#breadcrumb"},"inLanguage":"es","potentialAction":[{"@type":"ReadAction","target":["https:\/\/emea.technetix.com\/es\/sobre-nosotros\/te-gustaria-trabajar-en-technetix\/"]}]},{"@type":"ImageObject","inLanguage":"es","@id":"https:\/\/emea.technetix.com\/es\/sobre-nosotros\/te-gustaria-trabajar-en-technetix\/#primaryimage","url":"https:\/\/emea.technetix.com\/wp-content\/uploads\/sites\/2\/2023\/01\/ABOUT_LARGE_WORKING_FINAL.jpg","contentUrl":"https:\/\/emea.technetix.com\/wp-content\/uploads\/sites\/2\/2023\/01\/ABOUT_LARGE_WORKING_FINAL.jpg","width":1920,"height":450},{"@type":"BreadcrumbList","@id":"https:\/\/emea.technetix.com\/es\/sobre-nosotros\/te-gustaria-trabajar-en-technetix\/#breadcrumb","itemListElement":[{"@type":"ListItem","position":1,"name":"Home","item":"https:\/\/emea.technetix.com\/es\/"},{"@type":"ListItem","position":2,"name":"Sobre nosotros","item":"https:\/\/emea.technetix.com\/es\/sobre-nosotros\/"},{"@type":"ListItem","position":3,"name":"Trabaja en Technetix"}]},{"@type":"WebSite","@id":"https:\/\/emea.technetix.com\/es\/#website","url":"https:\/\/emea.technetix.com\/es\/","name":"Technetix","description":"Next-generation broadband equipment engineering","publisher":{"@id":"https:\/\/emea.technetix.com\/es\/#organization"},"potentialAction":[{"@type":"SearchAction","target":{"@type":"EntryPoint","urlTemplate":"https:\/\/emea.technetix.com\/es\/?s={search_term_string}"},"query-input":{"@type":"PropertyValueSpecification","valueRequired":true,"valueName":"search_term_string"}}],"inLanguage":"es"},{"@type":"Organization","@id":"https:\/\/emea.technetix.com\/es\/#organization","name":"Technetix","url":"https:\/\/emea.technetix.com\/es\/","logo":{"@type":"ImageObject","inLanguage":"es","@id":"https:\/\/emea.technetix.com\/es\/#\/schema\/logo\/image\/","url":"https:\/\/emea.technetix.com\/wp-content\/uploads\/sites\/2\/2023\/06\/logo-Technetix-1000x1000-1.png","contentUrl":"https:\/\/emea.technetix.com\/wp-content\/uploads\/sites\/2\/2023\/06\/logo-Technetix-1000x1000-1.png","width":1000,"height":1000,"caption":"Technetix"},"image":{"@id":"https:\/\/emea.technetix.com\/es\/#\/schema\/logo\/image\/"},"sameAs":["https:\/\/x.com\/technetixgroup","https:\/\/www.linkedin.com\/company\/technetix\/","https:\/\/www.youtube.com\/c\/Technetix-group"]}]}},"acf":[],"publishpress_future_workflow_manual_trigger":{"enabledWorkflows":[]},"_links":{"self":[{"href":"https:\/\/emea.technetix.com\/es\/wp-json\/wp\/v2\/pages\/7180","targetHints":{"allow":["GET"]}}],"collection":[{"href":"https:\/\/emea.technetix.com\/es\/wp-json\/wp\/v2\/pages"}],"about":[{"href":"https:\/\/emea.technetix.com\/es\/wp-json\/wp\/v2\/types\/page"}],"author":[{"embeddable":true,"href":"https:\/\/emea.technetix.com\/es\/wp-json\/wp\/v2\/users\/1"}],"replies":[{"embeddable":true,"href":"https:\/\/emea.technetix.com\/es\/wp-json\/wp\/v2\/comments?post=7180"}],"version-history":[{"count":2,"href":"https:\/\/emea.technetix.com\/es\/wp-json\/wp\/v2\/pages\/7180\/revisions"}],"predecessor-version":[{"id":1272444,"href":"https:\/\/emea.technetix.com\/es\/wp-json\/wp\/v2\/pages\/7180\/revisions\/1272444"}],"up":[{"embeddable":true,"href":"https:\/\/emea.technetix.com\/es\/wp-json\/wp\/v2\/pages\/7168"}],"wp:featuredmedia":[{"embeddable":true,"href":"https:\/\/emea.technetix.com\/es\/wp-json\/wp\/v2\/media\/963"}],"wp:attachment":[{"href":"https:\/\/emea.technetix.com\/es\/wp-json\/wp\/v2\/media?parent=7180"}],"curies":[{"name":"wp","href":"https:\/\/api.w.org\/{rel}","templated":true}]}}