{"id":7176,"date":"2023-01-20T17:38:23","date_gmt":"2023-01-20T17:38:23","guid":{"rendered":"https:\/\/emea.technetix.com\/sobre-nosotros\/fabricacion-y-control-de-calidad\/"},"modified":"2025-11-14T14:42:04","modified_gmt":"2025-11-14T14:42:04","slug":"fabricacion-y-control-de-calidad","status":"publish","type":"page","link":"https:\/\/emea.technetix.com\/es\/sobre-nosotros\/fabricacion-y-control-de-calidad\/","title":{"rendered":"Fabricaci\u00f3n y control de calidad"},"content":{"rendered":"<div class=\"gb-container gb-container-f86f3f4f gb-container-hero-banner\"><div class=\"gb-inside-container\">\n<h1 class=\"gb-headline gb-headline-e1547755 gb-headline-text gb-headline-hero-banner-title\">Fabricaci\u00f3n y control de calidad<\/h1>\n<\/div><\/div>\n\n<div class=\"gb-container gb-container-ccae1302 gb-container-inner-back-page-con\">\n\n<h2 class=\"gb-headline gb-headline-d02c52e4 gb-headline-text\">\u200eTechnetix trabaja con plantas de producci\u00f3n acreditadas seg\u00fan la norma de calidad ISO9001 y los sistemas de gesti\u00f3n medioambiental ISO14001.\u200e<\/h2>\n\n\n\n<h2 class=\"gb-headline gb-headline-70ac4e31 gb-headline-text gb-headline-h2-in-content\">\u200eInstalaciones y producci\u00f3n\u200e<\/h2>\n\n\n\n<p class=\"gb-headline gb-headline-6656b5c3 gb-headline-text\">\u200eLa mayor parte de nuestra amplia gama de productos se fabrica en Asia. Estas plantas integradas verticalmente manejan todo el proceso de fabricaci\u00f3n, desde el montaje automatizado en superficie y el ensamblaje de PCB (seg\u00fan los est\u00e1ndares RoHS y REACH), fundici\u00f3n a presi\u00f3n de zinc y aluminio, moldeo por inyecci\u00f3n de pl\u00e1stico, ensamblaje final, pruebas y empaquetado. Todas las plantas tienen laboratorios de control de calidad completos para permitir la verificaci\u00f3n de lotes completos de productos.\u200e  <\/p>\n\n\n\n<p class=\"gb-headline gb-headline-7b5274ef gb-headline-text\">\u200eLas visitas regulares a los proveedores nos permiten fortalecer las relaciones, brindar soporte y agilizar los procesos a lo largo del desarrollo de nuevos productos y durante el proceso de fabricaci\u00f3n.\u200e<\/p>\n\n\n\n<h2 class=\"gb-headline gb-headline-6b17d0fd gb-headline-text gb-headline-h2-in-content\">\u200eGarant\u00eda de calidad\u200e<\/h2>\n\n\n\n<p class=\"gb-headline gb-headline-623f5b86 gb-headline-text\">Technetix se esfuerza por gestionar la calidad en origen. Nuestro sistema de gesti\u00f3n de calidad est\u00e1 certificado seg\u00fan la norma <a href=\"https:\/\/docs.technetix.com\/documents\/quality%20ISO.pdf\" target=\"_blank\" rel=\"noreferrer noopener\">ISO9001:2015<\/a> proporcionando el marco para monitorizar todos los procesos de calidad e inspecciones de control de calidad.\u200e <\/p>\n\n\n\n<ul class=\"wp-block-list\">\n<li>Nuestros ingenieros de control de calidad in situ en Asia trabajan en estrecha colaboraci\u00f3n con nuestros socios de fabricaci\u00f3n para garantizar que los proveedores mantengan la calidad en sus l\u00edneas de producci\u00f3n. Supervisamos y verificamos la calidad de los productos Technetix antes de realizar los env\u00edos a nuestros almacenes a nivel mundial. La inspecci\u00f3n es conforme con la norma de calidad ISO2859-1: 1999 (MIL-STD 105E) y las inspecciones de control de calidad son predeterminadas seg\u00fan su relevancia para cada producto. La trazabilidad completa del c\u00f3digo de lote est\u00e1 disponible para todos los productos.\u200e   <\/li>\n\n\n\n<li>Technetix opera un estricto proceso de aprobaci\u00f3n de productos para validar el primer lote de producci\u00f3n de muestras y aprobar productos para la producci\u00f3n en masa, lo que garantiza que mantenemos el control del dise\u00f1o y desarrollo del producto desde la concepci\u00f3n hasta la entrega.\u200e<\/li>\n\n\n\n<li>Los cambios de ingenier\u00eda y las desviaciones del producto est\u00e1n estrechamente controlados por el fabricante. En caso de que ocurra un problema, nuestro sistema de reclamaciones y nuestro s\u00f3lido proceso de acci\u00f3n correctiva y preventiva garantizar\u00e1n que no solo se resuelva, sino que se utilice para ayudar a impulsar la mejora continua de la calidad (Kaizen).\u200e <\/li>\n\n\n\n<li>Las revisiones y evaluaciones peri\u00f3dicas de la f\u00e1brica garantizan el impulso de la calidad, el cumplimiento normativo y el rendimiento a lo largo de toda la cadena de suministro.<\/li>\n<\/ul>\n\n<\/div>\n\n<div class=\"gb-container gb-container-dacd3408 gb-container-con-buttons-bottom\">\n\n<h2 class=\"gb-headline gb-headline-7ce6fa4b gb-headline-text gb-headline-head-bottom-buttons\">Enlaces de inter\u00e9s<\/h2>\n\n\n<div class=\"gb-button-wrapper gb-button-wrapper-5300c273 gb-button-wrapper-after-con-buttons\">\n\n<a class=\"gb-button gb-button-74bfad52 gb-button-text gb-button-bottom-button\" href=\"https:\/\/emea.technetix.com\/wp-content\/uploads\/sites\/2\/2024\/10\/Tx0.1-Quality-Policy-V9-2.pdf\">Quality policy<\/a>\n\n\n\n<a class=\"gb-button gb-button-fbd58572 gb-button-text gb-button-bottom-button\" href=\"https:\/\/emea.technetix.com\/es\/contactenos\/\">Cont\u00e1ctenos<\/a>\n\n<\/div>\n<\/div>\n\n\n<p><\/p>\n","protected":false},"excerpt":{"rendered":"<p>Fabricaci\u00f3n y control de calidad \u200eTechnetix trabaja con plantas de producci\u00f3n acreditadas seg\u00fan la norma de calidad ISO9001 y los sistemas de gesti\u00f3n medioambiental ISO14001.\u200e \u200eInstalaciones y producci\u00f3n\u200e \u200eLa mayor parte de nuestra amplia gama de productos se fabrica en Asia. Estas plantas integradas verticalmente manejan todo el proceso de fabricaci\u00f3n, desde el montaje automatizado &#8230; <a title=\"Fabricaci\u00f3n y control de calidad\" class=\"read-more\" href=\"https:\/\/emea.technetix.com\/es\/sobre-nosotros\/fabricacion-y-control-de-calidad\/\" aria-label=\"Leer m\u00e1s sobre Fabricaci\u00f3n y control de calidad\">Read more<\/a><\/p>\n","protected":false},"author":1,"featured_media":957,"parent":7168,"menu_order":0,"comment_status":"closed","ping_status":"closed","template":"","meta":{"_acf_changed":false,"_gspb_post_css":"","footnotes":""},"class_list":["post-7176","page","type-page","status-publish","has-post-thumbnail"],"yoast_head":"<!-- This site is optimized with the Yoast SEO Premium plugin v22.5 (Yoast SEO v27.3) - https:\/\/yoast.com\/product\/yoast-seo-premium-wordpress\/ -->\n<title>Fabricaci\u00f3n y control de calidad - Technetix EMEA<\/title>\n<meta name=\"robots\" content=\"index, follow, max-snippet:-1, max-image-preview:large, max-video-preview:-1\" \/>\n<link rel=\"canonical\" href=\"https:\/\/emea.technetix.com\/es\/sobre-nosotros\/fabricacion-y-control-de-calidad\/\" \/>\n<meta property=\"og:locale\" content=\"es_ES\" \/>\n<meta property=\"og:type\" content=\"article\" \/>\n<meta property=\"og:title\" content=\"Fabricaci\u00f3n y control de calidad - Technetix EMEA\" \/>\n<meta property=\"og:description\" content=\"Fabricaci\u00f3n y control de calidad \u200eTechnetix trabaja con plantas de producci\u00f3n acreditadas seg\u00fan la norma de calidad ISO9001 y los sistemas de gesti\u00f3n medioambiental ISO14001.\u200e \u200eInstalaciones y producci\u00f3n\u200e \u200eLa mayor parte de nuestra amplia gama de productos se fabrica en Asia. Estas plantas integradas verticalmente manejan todo el proceso de fabricaci\u00f3n, desde el montaje automatizado ... Read more\" \/>\n<meta property=\"og:url\" content=\"https:\/\/emea.technetix.com\/es\/sobre-nosotros\/fabricacion-y-control-de-calidad\/\" \/>\n<meta property=\"og:site_name\" content=\"Technetix EMEA\" \/>\n<meta property=\"article:modified_time\" content=\"2025-11-14T14:42:04+00:00\" \/>\n<meta property=\"og:image\" content=\"https:\/\/emea.technetix.com\/wp-content\/uploads\/sites\/2\/2023\/01\/ABOUT_LARGE_MANUFACTURING_FINAL.jpg\" \/>\n\t<meta property=\"og:image:width\" content=\"1920\" \/>\n\t<meta property=\"og:image:height\" content=\"450\" \/>\n\t<meta property=\"og:image:type\" content=\"image\/jpeg\" \/>\n<meta name=\"twitter:card\" content=\"summary_large_image\" \/>\n<meta name=\"twitter:site\" content=\"@technetixgroup\" \/>\n<meta name=\"twitter:label1\" content=\"Tiempo de lectura\" \/>\n\t<meta name=\"twitter:data1\" content=\"2 minutos\" \/>\n<script type=\"application\/ld+json\" class=\"yoast-schema-graph\">{\"@context\":\"https:\\\/\\\/schema.org\",\"@graph\":[{\"@type\":\"WebPage\",\"@id\":\"https:\\\/\\\/emea.technetix.com\\\/es\\\/sobre-nosotros\\\/fabricacion-y-control-de-calidad\\\/\",\"url\":\"https:\\\/\\\/emea.technetix.com\\\/es\\\/sobre-nosotros\\\/fabricacion-y-control-de-calidad\\\/\",\"name\":\"Fabricaci\u00f3n y control de calidad - Technetix EMEA\",\"isPartOf\":{\"@id\":\"https:\\\/\\\/emea.technetix.com\\\/es\\\/#website\"},\"primaryImageOfPage\":{\"@id\":\"https:\\\/\\\/emea.technetix.com\\\/es\\\/sobre-nosotros\\\/fabricacion-y-control-de-calidad\\\/#primaryimage\"},\"image\":{\"@id\":\"https:\\\/\\\/emea.technetix.com\\\/es\\\/sobre-nosotros\\\/fabricacion-y-control-de-calidad\\\/#primaryimage\"},\"thumbnailUrl\":\"https:\\\/\\\/emea.technetix.com\\\/wp-content\\\/uploads\\\/sites\\\/2\\\/2023\\\/01\\\/ABOUT_LARGE_MANUFACTURING_FINAL.jpg\",\"datePublished\":\"2023-01-20T17:38:23+00:00\",\"dateModified\":\"2025-11-14T14:42:04+00:00\",\"breadcrumb\":{\"@id\":\"https:\\\/\\\/emea.technetix.com\\\/es\\\/sobre-nosotros\\\/fabricacion-y-control-de-calidad\\\/#breadcrumb\"},\"inLanguage\":\"es\",\"potentialAction\":[{\"@type\":\"ReadAction\",\"target\":[\"https:\\\/\\\/emea.technetix.com\\\/es\\\/sobre-nosotros\\\/fabricacion-y-control-de-calidad\\\/\"]}]},{\"@type\":\"ImageObject\",\"inLanguage\":\"es\",\"@id\":\"https:\\\/\\\/emea.technetix.com\\\/es\\\/sobre-nosotros\\\/fabricacion-y-control-de-calidad\\\/#primaryimage\",\"url\":\"https:\\\/\\\/emea.technetix.com\\\/wp-content\\\/uploads\\\/sites\\\/2\\\/2023\\\/01\\\/ABOUT_LARGE_MANUFACTURING_FINAL.jpg\",\"contentUrl\":\"https:\\\/\\\/emea.technetix.com\\\/wp-content\\\/uploads\\\/sites\\\/2\\\/2023\\\/01\\\/ABOUT_LARGE_MANUFACTURING_FINAL.jpg\",\"width\":1920,\"height\":450},{\"@type\":\"BreadcrumbList\",\"@id\":\"https:\\\/\\\/emea.technetix.com\\\/es\\\/sobre-nosotros\\\/fabricacion-y-control-de-calidad\\\/#breadcrumb\",\"itemListElement\":[{\"@type\":\"ListItem\",\"position\":1,\"name\":\"Home\",\"item\":\"https:\\\/\\\/emea.technetix.com\\\/es\\\/\"},{\"@type\":\"ListItem\",\"position\":2,\"name\":\"Sobre nosotros\",\"item\":\"https:\\\/\\\/emea.technetix.com\\\/es\\\/sobre-nosotros\\\/\"},{\"@type\":\"ListItem\",\"position\":3,\"name\":\"Fabricaci\u00f3n y control de calidad\"}]},{\"@type\":\"WebSite\",\"@id\":\"https:\\\/\\\/emea.technetix.com\\\/es\\\/#website\",\"url\":\"https:\\\/\\\/emea.technetix.com\\\/es\\\/\",\"name\":\"Technetix\",\"description\":\"Next-generation broadband equipment engineering\",\"publisher\":{\"@id\":\"https:\\\/\\\/emea.technetix.com\\\/es\\\/#organization\"},\"potentialAction\":[{\"@type\":\"SearchAction\",\"target\":{\"@type\":\"EntryPoint\",\"urlTemplate\":\"https:\\\/\\\/emea.technetix.com\\\/es\\\/?s={search_term_string}\"},\"query-input\":{\"@type\":\"PropertyValueSpecification\",\"valueRequired\":true,\"valueName\":\"search_term_string\"}}],\"inLanguage\":\"es\"},{\"@type\":\"Organization\",\"@id\":\"https:\\\/\\\/emea.technetix.com\\\/es\\\/#organization\",\"name\":\"Technetix\",\"url\":\"https:\\\/\\\/emea.technetix.com\\\/es\\\/\",\"logo\":{\"@type\":\"ImageObject\",\"inLanguage\":\"es\",\"@id\":\"https:\\\/\\\/emea.technetix.com\\\/es\\\/#\\\/schema\\\/logo\\\/image\\\/\",\"url\":\"https:\\\/\\\/emea.technetix.com\\\/wp-content\\\/uploads\\\/sites\\\/2\\\/2023\\\/06\\\/logo-Technetix-1000x1000-1.png\",\"contentUrl\":\"https:\\\/\\\/emea.technetix.com\\\/wp-content\\\/uploads\\\/sites\\\/2\\\/2023\\\/06\\\/logo-Technetix-1000x1000-1.png\",\"width\":1000,\"height\":1000,\"caption\":\"Technetix\"},\"image\":{\"@id\":\"https:\\\/\\\/emea.technetix.com\\\/es\\\/#\\\/schema\\\/logo\\\/image\\\/\"},\"sameAs\":[\"https:\\\/\\\/x.com\\\/technetixgroup\",\"https:\\\/\\\/www.linkedin.com\\\/company\\\/technetix\\\/\",\"https:\\\/\\\/www.youtube.com\\\/c\\\/Technetix-group\"]}]}<\/script>\n<!-- \/ Yoast SEO Premium plugin. -->","yoast_head_json":{"title":"Fabricaci\u00f3n y control de calidad - Technetix EMEA","robots":{"index":"index","follow":"follow","max-snippet":"max-snippet:-1","max-image-preview":"max-image-preview:large","max-video-preview":"max-video-preview:-1"},"canonical":"https:\/\/emea.technetix.com\/es\/sobre-nosotros\/fabricacion-y-control-de-calidad\/","og_locale":"es_ES","og_type":"article","og_title":"Fabricaci\u00f3n y control de calidad - Technetix EMEA","og_description":"Fabricaci\u00f3n y control de calidad \u200eTechnetix trabaja con plantas de producci\u00f3n acreditadas seg\u00fan la norma de calidad ISO9001 y los sistemas de gesti\u00f3n medioambiental ISO14001.\u200e \u200eInstalaciones y producci\u00f3n\u200e \u200eLa mayor parte de nuestra amplia gama de productos se fabrica en Asia. Estas plantas integradas verticalmente manejan todo el proceso de fabricaci\u00f3n, desde el montaje automatizado ... Read more","og_url":"https:\/\/emea.technetix.com\/es\/sobre-nosotros\/fabricacion-y-control-de-calidad\/","og_site_name":"Technetix EMEA","article_modified_time":"2025-11-14T14:42:04+00:00","og_image":[{"width":1920,"height":450,"url":"https:\/\/emea.technetix.com\/wp-content\/uploads\/sites\/2\/2023\/01\/ABOUT_LARGE_MANUFACTURING_FINAL.jpg","type":"image\/jpeg"}],"twitter_card":"summary_large_image","twitter_site":"@technetixgroup","twitter_misc":{"Tiempo de lectura":"2 minutos"},"schema":{"@context":"https:\/\/schema.org","@graph":[{"@type":"WebPage","@id":"https:\/\/emea.technetix.com\/es\/sobre-nosotros\/fabricacion-y-control-de-calidad\/","url":"https:\/\/emea.technetix.com\/es\/sobre-nosotros\/fabricacion-y-control-de-calidad\/","name":"Fabricaci\u00f3n y control de calidad - Technetix EMEA","isPartOf":{"@id":"https:\/\/emea.technetix.com\/es\/#website"},"primaryImageOfPage":{"@id":"https:\/\/emea.technetix.com\/es\/sobre-nosotros\/fabricacion-y-control-de-calidad\/#primaryimage"},"image":{"@id":"https:\/\/emea.technetix.com\/es\/sobre-nosotros\/fabricacion-y-control-de-calidad\/#primaryimage"},"thumbnailUrl":"https:\/\/emea.technetix.com\/wp-content\/uploads\/sites\/2\/2023\/01\/ABOUT_LARGE_MANUFACTURING_FINAL.jpg","datePublished":"2023-01-20T17:38:23+00:00","dateModified":"2025-11-14T14:42:04+00:00","breadcrumb":{"@id":"https:\/\/emea.technetix.com\/es\/sobre-nosotros\/fabricacion-y-control-de-calidad\/#breadcrumb"},"inLanguage":"es","potentialAction":[{"@type":"ReadAction","target":["https:\/\/emea.technetix.com\/es\/sobre-nosotros\/fabricacion-y-control-de-calidad\/"]}]},{"@type":"ImageObject","inLanguage":"es","@id":"https:\/\/emea.technetix.com\/es\/sobre-nosotros\/fabricacion-y-control-de-calidad\/#primaryimage","url":"https:\/\/emea.technetix.com\/wp-content\/uploads\/sites\/2\/2023\/01\/ABOUT_LARGE_MANUFACTURING_FINAL.jpg","contentUrl":"https:\/\/emea.technetix.com\/wp-content\/uploads\/sites\/2\/2023\/01\/ABOUT_LARGE_MANUFACTURING_FINAL.jpg","width":1920,"height":450},{"@type":"BreadcrumbList","@id":"https:\/\/emea.technetix.com\/es\/sobre-nosotros\/fabricacion-y-control-de-calidad\/#breadcrumb","itemListElement":[{"@type":"ListItem","position":1,"name":"Home","item":"https:\/\/emea.technetix.com\/es\/"},{"@type":"ListItem","position":2,"name":"Sobre nosotros","item":"https:\/\/emea.technetix.com\/es\/sobre-nosotros\/"},{"@type":"ListItem","position":3,"name":"Fabricaci\u00f3n y control de calidad"}]},{"@type":"WebSite","@id":"https:\/\/emea.technetix.com\/es\/#website","url":"https:\/\/emea.technetix.com\/es\/","name":"Technetix","description":"Next-generation broadband equipment engineering","publisher":{"@id":"https:\/\/emea.technetix.com\/es\/#organization"},"potentialAction":[{"@type":"SearchAction","target":{"@type":"EntryPoint","urlTemplate":"https:\/\/emea.technetix.com\/es\/?s={search_term_string}"},"query-input":{"@type":"PropertyValueSpecification","valueRequired":true,"valueName":"search_term_string"}}],"inLanguage":"es"},{"@type":"Organization","@id":"https:\/\/emea.technetix.com\/es\/#organization","name":"Technetix","url":"https:\/\/emea.technetix.com\/es\/","logo":{"@type":"ImageObject","inLanguage":"es","@id":"https:\/\/emea.technetix.com\/es\/#\/schema\/logo\/image\/","url":"https:\/\/emea.technetix.com\/wp-content\/uploads\/sites\/2\/2023\/06\/logo-Technetix-1000x1000-1.png","contentUrl":"https:\/\/emea.technetix.com\/wp-content\/uploads\/sites\/2\/2023\/06\/logo-Technetix-1000x1000-1.png","width":1000,"height":1000,"caption":"Technetix"},"image":{"@id":"https:\/\/emea.technetix.com\/es\/#\/schema\/logo\/image\/"},"sameAs":["https:\/\/x.com\/technetixgroup","https:\/\/www.linkedin.com\/company\/technetix\/","https:\/\/www.youtube.com\/c\/Technetix-group"]}]}},"acf":[],"publishpress_future_workflow_manual_trigger":{"enabledWorkflows":[]},"_links":{"self":[{"href":"https:\/\/emea.technetix.com\/es\/wp-json\/wp\/v2\/pages\/7176","targetHints":{"allow":["GET"]}}],"collection":[{"href":"https:\/\/emea.technetix.com\/es\/wp-json\/wp\/v2\/pages"}],"about":[{"href":"https:\/\/emea.technetix.com\/es\/wp-json\/wp\/v2\/types\/page"}],"author":[{"embeddable":true,"href":"https:\/\/emea.technetix.com\/es\/wp-json\/wp\/v2\/users\/1"}],"replies":[{"embeddable":true,"href":"https:\/\/emea.technetix.com\/es\/wp-json\/wp\/v2\/comments?post=7176"}],"version-history":[{"count":1,"href":"https:\/\/emea.technetix.com\/es\/wp-json\/wp\/v2\/pages\/7176\/revisions"}],"predecessor-version":[{"id":1108773,"href":"https:\/\/emea.technetix.com\/es\/wp-json\/wp\/v2\/pages\/7176\/revisions\/1108773"}],"up":[{"embeddable":true,"href":"https:\/\/emea.technetix.com\/es\/wp-json\/wp\/v2\/pages\/7168"}],"wp:featuredmedia":[{"embeddable":true,"href":"https:\/\/emea.technetix.com\/es\/wp-json\/wp\/v2\/media\/957"}],"wp:attachment":[{"href":"https:\/\/emea.technetix.com\/es\/wp-json\/wp\/v2\/media?parent=7176"}],"curies":[{"name":"wp","href":"https:\/\/api.w.org\/{rel}","templated":true}]}}