{"id":7168,"date":"2023-01-19T19:03:15","date_gmt":"2023-01-19T19:03:15","guid":{"rendered":"https:\/\/emea.technetix.com\/sobre-nosotros\/"},"modified":"2023-04-16T20:55:11","modified_gmt":"2023-04-16T20:55:11","slug":"sobre-nosotros","status":"publish","type":"page","link":"https:\/\/emea.technetix.com\/es\/sobre-nosotros\/","title":{"rendered":"Sobre nosotros"},"content":{"rendered":"<div class=\"gb-container gb-container-f86f3f4f gb-container-hero-banner\"><div class=\"gb-inside-container\">\n<h1 class=\"gb-headline gb-headline-e1547755 gb-headline-text gb-headline-hero-banner-title\">Sobre nosotros<\/h1>\n<\/div><\/div>\n\n<div class=\"gb-container gb-container-a95f8d7f gb-container-inner-back-page-con\">\n\n<h2 class=\"gb-headline gb-headline-d02c52e4 gb-headline-text gb-headline-h2\">Technetix es una empresa de tecnolog\u00eda l\u00edder en el mercado que mejora el rendimiento de la red de cable de banda ancha en todo el mundo.<\/h2>\n\n\n\n<p class=\"gb-headline gb-headline-6656b5c3 gb-headline-text\">Nuestras galardonadas y respetadas tecnolog\u00edas de infraestructura de banda ancha HFC, FTTx y xHaul permiten a nuestros clientes optimizar sus activos principales existentes. Technetix es un l\u00edder tecnol\u00f3gico con nuevos desarrollos innovadores en tecnolog\u00eda de cable, incluidas las tecnolog\u00edas DOCSIS de espectro extendido (ESD) y DOCSIS full d\u00faplex (FDx), que est\u00e1n empujando los l\u00edmites en la aplicaci\u00f3n de la arquitectura de acceso distribuido (DAA). <\/p>\n\n\n\n<p class=\"gb-headline gb-headline-77d4828f gb-headline-text\">Technetix tambi\u00e9n est\u00e1 emergiendo como un jugador destacado en la tecnolog\u00eda de fibra hasta el hogar (FTTx) con nuestro terminal de l\u00ednea \u00f3ptica remota (rOLT) compacto y resistente para la implementaci\u00f3n de acceso hasta el hogar y FTTP. Ideal para escenarios de baja densidad, como peque\u00f1as ciudades y pueblos, parques empresariales y universidades. Technetix tambi\u00e9n tiene una galardonada innovaci\u00f3n de fibra virtual, o segmentaci\u00f3n virtual que integra activos de red fija con dispositivos m\u00f3viles para explotar los activos fijos existentes para mejorar los datos de back-haul \/ mid-haul de las redes m\u00f3viles. Nuestra propiedad intelectual est\u00e1 protegida por 135 patentes.   <\/p>\n\n\n\n<p class=\"gb-headline gb-headline-3982ce7f gb-headline-text\">Con sede en el Reino Unido y una extensa red en Europa, Am\u00e9rica, \u00c1frica y Asia Pac\u00edfico, vendemos 114 millones de productos anualmente a m\u00e1s de 70 pa\u00edses. Desde su creaci\u00f3n en 1990, hemos construido asociaciones colaborativas y estrat\u00e9gicas con los principales operadores de cable de banda ancha de primer nivel donde somos valorados por nuestra experiencia tecnol\u00f3gica y nuestro compromiso total de servicio, lo que nos convierte en el socio preferido. <\/p>\n\n\n\n<h2 class=\"gb-headline gb-headline-6b17d0fd gb-headline-text gb-headline-h2-in-content\">Tecnolog\u00eda de banda ancha<\/h2>\n\n\n\n<p class=\"gb-headline gb-headline-623f5b86 gb-headline-text\">El enfoque clave del grupo est\u00e1 en la tecnolog\u00eda de banda ancha, que consiste en soluciones dise\u00f1adas para los mercados de redes de acceso y conectividad. La mayor\u00eda de estos productos han sido dise\u00f1ados y desarrollados por el equipo de Investigaci\u00f3n y Desarrollo de Technetix, para el cual la empresa posee los derechos de propiedad intelectual. Hay un n\u00famero selecto de productos principales adicionales en los que Technetix, a trav\u00e9s de su experiencia aplicada, ha agregado valor durante varios a\u00f1os a trav\u00e9s de un riguroso proceso de abastecimiento, calificaci\u00f3n y prueba de productos seg\u00fan las especificaciones del cliente.  <\/p>\n\n\n\n<h2 class=\"gb-headline gb-headline-4b572e45 gb-headline-text gb-headline-h2-in-content\">Servicios de la cadena de suministro<\/h2>\n\n\n\n<p class=\"gb-headline gb-headline-c9b08205 gb-headline-text\">El grupo suministra productos propios y de terceros en virtud de acuerdos de servicio de cadena de suministro con sus clientes clave bajo un concepto de \u00abventanilla \u00fanica\u00bb, lo que permite a Technetix suministrar soluciones a los clientes en todos los puntos de la prestaci\u00f3n de servicios de banda ancha.<\/p>\n\n\n\n<h2 class=\"gb-headline gb-headline-e3742336 gb-headline-text gb-headline-h2-in-content\">Trabajamos con<\/h2>\n\n\n<div class=\"gb-grid-wrapper gb-grid-wrapper-550bdcb0 gb-grid-wrapper-3239ae9f\">\n<div class=\"gb-grid-column gb-grid-column-46781d84\"><div class=\"gb-container gb-container-46781d84\"><div class=\"gb-inside-container\">\n\n<figure class=\"gb-block-image gb-block-image-b7723790\"><a href=\"https:\/\/www.personal.com.ar\/\" target=\"_blank\" rel=\"noopener noreferrer\"><img loading=\"lazy\" decoding=\"async\" width=\"125\" height=\"75\" class=\"gb-image gb-image-b7723790\" src=\"https:\/\/emea.technetix.com\/wp-content\/uploads\/sites\/2\/2023\/01\/Cablevision_2.jpeg\" alt=\"Cablevision logo\"\/><\/a><\/figure>\n\n<\/div><\/div><\/div>\n\n<div class=\"gb-grid-column gb-grid-column-07143e46\"><div class=\"gb-container gb-container-07143e46\"><div class=\"gb-inside-container\">\n\n<figure class=\"gb-block-image gb-block-image-867ed902\"><a href=\"https:\/\/lla.com\/\" target=\"_blank\" rel=\"noopener noreferrer\"><img loading=\"lazy\" decoding=\"async\" width=\"125\" height=\"75\" class=\"gb-image gb-image-867ed902\" src=\"https:\/\/emea.technetix.com\/wp-content\/uploads\/sites\/2\/2023\/01\/LIBERTY-LATIN-AMERICAS-175px.jpeg\" alt=\"LIberty Latin America logo\"\/><\/a><\/figure>\n\n<\/div><\/div><\/div>\n\n<div class=\"gb-grid-column gb-grid-column-a5514662\"><div class=\"gb-container gb-container-a5514662\"><div class=\"gb-inside-container\">\n\n<figure class=\"gb-block-image gb-block-image-2e756647\"><a href=\"https:\/\/www.spectrum.net\/\" target=\"_blank\" rel=\"noopener noreferrer\"><img loading=\"lazy\" decoding=\"async\" width=\"125\" height=\"75\" class=\"gb-image gb-image-2e756647\" src=\"https:\/\/emea.technetix.com\/wp-content\/uploads\/sites\/2\/2023\/01\/CharterCommunications_2.jpeg\" alt=\"Charter Communications logo\"\/><\/a><\/figure>\n\n<\/div><\/div><\/div>\n\n<div class=\"gb-grid-column gb-grid-column-23eb68b9\"><div class=\"gb-container gb-container-23eb68b9\"><div class=\"gb-inside-container\">\n\n<figure class=\"gb-block-image gb-block-image-c9c47001\"><a href=\"https:\/\/www.claro.com\/\" target=\"_blank\" rel=\"noopener noreferrer\"><img loading=\"lazy\" decoding=\"async\" width=\"125\" height=\"75\" class=\"gb-image gb-image-c9c47001\" src=\"https:\/\/emea.technetix.com\/wp-content\/uploads\/sites\/2\/2023\/01\/Claro_1.jpeg\" alt=\"Claro logo\"\/><\/a><\/figure>\n\n<\/div><\/div><\/div>\n\n<div class=\"gb-grid-column gb-grid-column-62aad5ed\"><div class=\"gb-container gb-container-62aad5ed\"><div class=\"gb-inside-container\">\n\n<figure class=\"gb-block-image gb-block-image-ab37471c\"><a href=\"https:\/\/corporate.comcast.com\/\" target=\"_blank\" rel=\"noopener noreferrer\"><img loading=\"lazy\" decoding=\"async\" width=\"125\" height=\"75\" class=\"gb-image gb-image-ab37471c\" src=\"https:\/\/emea.technetix.com\/wp-content\/uploads\/sites\/2\/2023\/01\/Comcast_2.jpeg\" alt=\"Comcast logo\"\/><\/a><\/figure>\n\n<\/div><\/div><\/div>\n\n<div class=\"gb-grid-column gb-grid-column-a24703f2\"><div class=\"gb-container gb-container-a24703f2\"><div class=\"gb-inside-container\">\n\n<figure class=\"gb-block-image gb-block-image-a45146ef\"><a href=\"https:\/\/www.cox.com\/aboutus\/home.html\" target=\"_blank\" rel=\"noopener noreferrer\"><img loading=\"lazy\" decoding=\"async\" width=\"125\" height=\"75\" class=\"gb-image gb-image-a45146ef\" src=\"https:\/\/emea.technetix.com\/wp-content\/uploads\/sites\/2\/2023\/01\/COX_2.jpeg\" alt=\"Cox logo\"\/><\/a><\/figure>\n\n<\/div><\/div><\/div>\n\n<div class=\"gb-grid-column gb-grid-column-2ad7726c\"><div class=\"gb-container gb-container-2ad7726c\"><div class=\"gb-inside-container\">\n\n<figure class=\"gb-block-image gb-block-image-10765d92\"><a href=\"https:\/\/www.euskaltel.com\/\" target=\"_blank\" rel=\"noopener noreferrer\"><img loading=\"lazy\" decoding=\"async\" width=\"125\" height=\"75\" class=\"gb-image gb-image-10765d92\" src=\"https:\/\/emea.technetix.com\/wp-content\/uploads\/sites\/2\/2023\/01\/Euskaltel_2.jpeg\" alt=\"Euskaltel logo\"\/><\/a><\/figure>\n\n<\/div><\/div><\/div>\n\n<div class=\"gb-grid-column gb-grid-column-b2422676\"><div class=\"gb-container gb-container-b2422676\"><div class=\"gb-inside-container\">\n\n<figure class=\"gb-block-image gb-block-image-e9da2191\"><a href=\"https:\/\/www.libertyglobal.com\/\" target=\"_blank\" rel=\"noopener noreferrer\"><img loading=\"lazy\" decoding=\"async\" width=\"125\" height=\"75\" class=\"gb-image gb-image-e9da2191\" src=\"https:\/\/emea.technetix.com\/wp-content\/uploads\/sites\/2\/2023\/01\/LIBERTY-GLOBAL-175px.jpeg\" alt=\"Liberty Global logo\"\/><\/a><\/figure>\n\n<\/div><\/div><\/div>\n\n<div class=\"gb-grid-column gb-grid-column-a3d3e80a\"><div class=\"gb-container gb-container-a3d3e80a\"><div class=\"gb-inside-container\">\n\n<figure class=\"gb-block-image gb-block-image-086ad397\"><a href=\"https:\/\/www.nos.pt\/\" target=\"_blank\" rel=\"noopener noreferrer\"><img loading=\"lazy\" decoding=\"async\" width=\"125\" height=\"75\" class=\"gb-image gb-image-086ad397\" src=\"https:\/\/emea.technetix.com\/wp-content\/uploads\/sites\/2\/2023\/01\/NOS_2.jpeg\" alt=\"NOS logo\"\/><\/a><\/figure>\n\n<\/div><\/div><\/div>\n\n<div class=\"gb-grid-column gb-grid-column-348b0b44\"><div class=\"gb-container gb-container-348b0b44\"><div class=\"gb-inside-container\">\n\n<figure class=\"gb-block-image gb-block-image-861fd10e\"><a href=\"https:\/\/www.upc.ch\/en\/\" target=\"_blank\" rel=\"noopener noreferrer\"><img loading=\"lazy\" decoding=\"async\" width=\"125\" height=\"75\" class=\"gb-image gb-image-861fd10e\" src=\"https:\/\/emea.technetix.com\/wp-content\/uploads\/sites\/2\/2023\/01\/UPC_2.jpeg\" alt=\"upc logo\"\/><\/a><\/figure>\n\n<\/div><\/div><\/div>\n\n<div class=\"gb-grid-column gb-grid-column-258e8919\"><div class=\"gb-container gb-container-258e8919\"><div class=\"gb-inside-container\">\n\n<figure class=\"gb-block-image gb-block-image-84f124c5\"><a href=\"https:\/\/www.o2.co.uk\/virgin-media-o2\" target=\"_blank\" rel=\"noopener noreferrer\"><img loading=\"lazy\" decoding=\"async\" width=\"125\" height=\"75\" class=\"gb-image gb-image-84f124c5\" src=\"https:\/\/emea.technetix.com\/wp-content\/uploads\/sites\/2\/2023\/01\/VIRGIN-MEDIA-O2-175px.jpeg\" alt=\"Virgin Media and O2 logo\"\/><\/a><\/figure>\n\n<\/div><\/div><\/div>\n\n<div class=\"gb-grid-column gb-grid-column-b8ec149e\"><div class=\"gb-container gb-container-b8ec149e\"><div class=\"gb-inside-container\">\n\n<figure class=\"gb-block-image gb-block-image-f7a6cfc8\"><a href=\"https:\/\/www.vodafone.co.uk\/\" target=\"_blank\" rel=\"noopener noreferrer\"><img loading=\"lazy\" decoding=\"async\" width=\"125\" height=\"75\" class=\"gb-image gb-image-f7a6cfc8\" src=\"https:\/\/emea.technetix.com\/wp-content\/uploads\/sites\/2\/2023\/01\/Vodafone_3.jpeg\" alt=\"Vodafone logo\"\/><\/a><\/figure>\n\n<\/div><\/div><\/div>\n\n<div class=\"gb-grid-column gb-grid-column-107d22cc\"><div class=\"gb-container gb-container-107d22cc\"><div class=\"gb-inside-container\">\n\n<figure class=\"gb-block-image gb-block-image-97aeaee8\"><a href=\"https:\/\/www.ziggo.nl\/\" target=\"_blank\" rel=\"noopener noreferrer\"><img loading=\"lazy\" decoding=\"async\" width=\"125\" height=\"75\" class=\"gb-image gb-image-97aeaee8\" src=\"https:\/\/emea.technetix.com\/wp-content\/uploads\/sites\/2\/2023\/01\/Ziggo_2.jpeg\" alt=\"Ziggo logo\"\/><\/a><\/figure>\n\n<\/div><\/div><\/div>\n\n<div class=\"gb-grid-column gb-grid-column-907e9c19\"><div class=\"gb-container gb-container-907e9c19\"><div class=\"gb-inside-container\"><\/div><\/div><\/div>\n\n<div class=\"gb-grid-column gb-grid-column-a31ee70f\"><div class=\"gb-container gb-container-a31ee70f\"><div class=\"gb-inside-container\"><\/div><\/div><\/div>\n<\/div>\n<\/div>\n\n<div class=\"gb-container gb-container-ca80b784 gb-container-con-buttons-bottom\">\n\n<h2 class=\"gb-headline gb-headline-7ce6fa4b gb-headline-text gb-headline-head-bottom-buttons\">Enlaces de inter\u00e9s<\/h2>\n\n\n<div class=\"gb-button-wrapper gb-button-wrapper-5300c273 gb-button-wrapper-after-con-buttons\">\n\n<a class=\"gb-button gb-button-5e4e6530 gb-button-text gb-button-bottom-button\" href=\"https:\/\/emea.technetix.com\/es\/nuestra-vision\/\">Nuestra visi\u00f3n<\/a>\n\n\n\n<a class=\"gb-button gb-button-3eadfa91 gb-button-text gb-button-bottom-button\" href=\"https:\/\/emea.technetix.com\/es\/sobre-nosotros\/principales-miembros-del-equipo-directivo\/\">Principales miembros del equipo directivo<\/a>\n\n\n\n<a class=\"gb-button gb-button-4ceed201 gb-button-text gb-button-bottom-button\" href=\"https:\/\/emea.technetix.com\/es\/sobre-nosotros\/premios-y-acreditaciones\/\">Premios y acreditaciones<\/a>\n\n\n\n<a class=\"gb-button gb-button-e7a0fe73 gb-button-text gb-button-bottom-button\" href=\"https:\/\/emea.technetix.com\/es\/technetix-academy\/\">Technetix academy<\/a>\n\n<\/div>\n<\/div>","protected":false},"excerpt":{"rendered":"<p>Sobre nosotros Technetix es una empresa de tecnolog\u00eda l\u00edder en el mercado que mejora el rendimiento de la red de cable de banda ancha en todo el mundo. Nuestras galardonadas y respetadas tecnolog\u00edas de infraestructura de banda ancha HFC, FTTx y xHaul permiten a nuestros clientes optimizar sus activos principales existentes. Technetix es un l\u00edder &#8230; <a title=\"Sobre nosotros\" class=\"read-more\" href=\"https:\/\/emea.technetix.com\/es\/sobre-nosotros\/\" aria-label=\"Leer m\u00e1s sobre Sobre nosotros\">Read more<\/a><\/p>\n","protected":false},"author":1,"featured_media":13232,"parent":0,"menu_order":0,"comment_status":"closed","ping_status":"closed","template":"","meta":{"_acf_changed":false,"_gspb_post_css":"","footnotes":""},"class_list":["post-7168","page","type-page","status-publish","has-post-thumbnail"],"yoast_head":"<!-- This site is optimized with the Yoast SEO Premium plugin v22.5 (Yoast SEO v27.4) - https:\/\/yoast.com\/product\/yoast-seo-premium-wordpress\/ -->\n<title>Sobre nosotros - Technetix EMEA<\/title>\n<meta name=\"robots\" content=\"index, follow, max-snippet:-1, max-image-preview:large, max-video-preview:-1\" \/>\n<link rel=\"canonical\" href=\"https:\/\/emea.technetix.com\/es\/sobre-nosotros\/\" \/>\n<meta property=\"og:locale\" content=\"es_ES\" \/>\n<meta property=\"og:type\" content=\"article\" \/>\n<meta property=\"og:title\" content=\"Sobre nosotros - Technetix EMEA\" \/>\n<meta property=\"og:description\" content=\"Sobre nosotros Technetix es una empresa de tecnolog\u00eda l\u00edder en el mercado que mejora el rendimiento de la red de cable de banda ancha en todo el mundo. Nuestras galardonadas y respetadas tecnolog\u00edas de infraestructura de banda ancha HFC, FTTx y xHaul permiten a nuestros clientes optimizar sus activos principales existentes. Technetix es un l\u00edder ... Read more\" \/>\n<meta property=\"og:url\" content=\"https:\/\/emea.technetix.com\/es\/sobre-nosotros\/\" \/>\n<meta property=\"og:site_name\" content=\"Technetix EMEA\" \/>\n<meta property=\"article:modified_time\" content=\"2023-04-16T20:55:11+00:00\" \/>\n<meta property=\"og:image\" content=\"https:\/\/emea.technetix.com\/wp-content\/uploads\/sites\/2\/2023\/04\/ABOUT_LARGE_ES-ABOUT-US_FINAL.jpeg\" \/>\n\t<meta property=\"og:image:width\" content=\"1920\" \/>\n\t<meta property=\"og:image:height\" content=\"450\" \/>\n\t<meta property=\"og:image:type\" content=\"image\/jpeg\" \/>\n<meta name=\"twitter:card\" content=\"summary_large_image\" \/>\n<meta name=\"twitter:site\" content=\"@technetixgroup\" \/>\n<meta name=\"twitter:label1\" content=\"Tiempo de lectura\" \/>\n\t<meta name=\"twitter:data1\" content=\"5 minutos\" \/>\n<script type=\"application\/ld+json\" class=\"yoast-schema-graph\">{\"@context\":\"https:\\\/\\\/schema.org\",\"@graph\":[{\"@type\":\"WebPage\",\"@id\":\"https:\\\/\\\/emea.technetix.com\\\/es\\\/sobre-nosotros\\\/\",\"url\":\"https:\\\/\\\/emea.technetix.com\\\/es\\\/sobre-nosotros\\\/\",\"name\":\"Sobre nosotros - Technetix EMEA\",\"isPartOf\":{\"@id\":\"https:\\\/\\\/emea.technetix.com\\\/es\\\/#website\"},\"primaryImageOfPage\":{\"@id\":\"https:\\\/\\\/emea.technetix.com\\\/es\\\/sobre-nosotros\\\/#primaryimage\"},\"image\":{\"@id\":\"https:\\\/\\\/emea.technetix.com\\\/es\\\/sobre-nosotros\\\/#primaryimage\"},\"thumbnailUrl\":\"https:\\\/\\\/emea.technetix.com\\\/wp-content\\\/uploads\\\/sites\\\/2\\\/2023\\\/04\\\/ABOUT_LARGE_ES-ABOUT-US_FINAL.jpeg\",\"datePublished\":\"2023-01-19T19:03:15+00:00\",\"dateModified\":\"2023-04-16T20:55:11+00:00\",\"breadcrumb\":{\"@id\":\"https:\\\/\\\/emea.technetix.com\\\/es\\\/sobre-nosotros\\\/#breadcrumb\"},\"inLanguage\":\"es\",\"potentialAction\":[{\"@type\":\"ReadAction\",\"target\":[\"https:\\\/\\\/emea.technetix.com\\\/es\\\/sobre-nosotros\\\/\"]}]},{\"@type\":\"ImageObject\",\"inLanguage\":\"es\",\"@id\":\"https:\\\/\\\/emea.technetix.com\\\/es\\\/sobre-nosotros\\\/#primaryimage\",\"url\":\"https:\\\/\\\/emea.technetix.com\\\/wp-content\\\/uploads\\\/sites\\\/2\\\/2023\\\/04\\\/ABOUT_LARGE_ES-ABOUT-US_FINAL.jpeg\",\"contentUrl\":\"https:\\\/\\\/emea.technetix.com\\\/wp-content\\\/uploads\\\/sites\\\/2\\\/2023\\\/04\\\/ABOUT_LARGE_ES-ABOUT-US_FINAL.jpeg\",\"width\":1920,\"height\":450},{\"@type\":\"BreadcrumbList\",\"@id\":\"https:\\\/\\\/emea.technetix.com\\\/es\\\/sobre-nosotros\\\/#breadcrumb\",\"itemListElement\":[{\"@type\":\"ListItem\",\"position\":1,\"name\":\"Home\",\"item\":\"https:\\\/\\\/emea.technetix.com\\\/es\\\/\"},{\"@type\":\"ListItem\",\"position\":2,\"name\":\"Sobre nosotros\"}]},{\"@type\":\"WebSite\",\"@id\":\"https:\\\/\\\/emea.technetix.com\\\/es\\\/#website\",\"url\":\"https:\\\/\\\/emea.technetix.com\\\/es\\\/\",\"name\":\"Technetix\",\"description\":\"Next-generation broadband equipment engineering\",\"publisher\":{\"@id\":\"https:\\\/\\\/emea.technetix.com\\\/es\\\/#organization\"},\"potentialAction\":[{\"@type\":\"SearchAction\",\"target\":{\"@type\":\"EntryPoint\",\"urlTemplate\":\"https:\\\/\\\/emea.technetix.com\\\/es\\\/?s={search_term_string}\"},\"query-input\":{\"@type\":\"PropertyValueSpecification\",\"valueRequired\":true,\"valueName\":\"search_term_string\"}}],\"inLanguage\":\"es\"},{\"@type\":\"Organization\",\"@id\":\"https:\\\/\\\/emea.technetix.com\\\/es\\\/#organization\",\"name\":\"Technetix\",\"url\":\"https:\\\/\\\/emea.technetix.com\\\/es\\\/\",\"logo\":{\"@type\":\"ImageObject\",\"inLanguage\":\"es\",\"@id\":\"https:\\\/\\\/emea.technetix.com\\\/es\\\/#\\\/schema\\\/logo\\\/image\\\/\",\"url\":\"https:\\\/\\\/emea.technetix.com\\\/wp-content\\\/uploads\\\/sites\\\/2\\\/2023\\\/06\\\/logo-Technetix-1000x1000-1.png\",\"contentUrl\":\"https:\\\/\\\/emea.technetix.com\\\/wp-content\\\/uploads\\\/sites\\\/2\\\/2023\\\/06\\\/logo-Technetix-1000x1000-1.png\",\"width\":1000,\"height\":1000,\"caption\":\"Technetix\"},\"image\":{\"@id\":\"https:\\\/\\\/emea.technetix.com\\\/es\\\/#\\\/schema\\\/logo\\\/image\\\/\"},\"sameAs\":[\"https:\\\/\\\/x.com\\\/technetixgroup\",\"https:\\\/\\\/www.linkedin.com\\\/company\\\/technetix\\\/\",\"https:\\\/\\\/www.youtube.com\\\/c\\\/Technetix-group\"]}]}<\/script>\n<!-- \/ Yoast SEO Premium plugin. -->","yoast_head_json":{"title":"Sobre nosotros - Technetix EMEA","robots":{"index":"index","follow":"follow","max-snippet":"max-snippet:-1","max-image-preview":"max-image-preview:large","max-video-preview":"max-video-preview:-1"},"canonical":"https:\/\/emea.technetix.com\/es\/sobre-nosotros\/","og_locale":"es_ES","og_type":"article","og_title":"Sobre nosotros - Technetix EMEA","og_description":"Sobre nosotros Technetix es una empresa de tecnolog\u00eda l\u00edder en el mercado que mejora el rendimiento de la red de cable de banda ancha en todo el mundo. Nuestras galardonadas y respetadas tecnolog\u00edas de infraestructura de banda ancha HFC, FTTx y xHaul permiten a nuestros clientes optimizar sus activos principales existentes. Technetix es un l\u00edder ... Read more","og_url":"https:\/\/emea.technetix.com\/es\/sobre-nosotros\/","og_site_name":"Technetix EMEA","article_modified_time":"2023-04-16T20:55:11+00:00","og_image":[{"width":1920,"height":450,"url":"https:\/\/emea.technetix.com\/wp-content\/uploads\/sites\/2\/2023\/04\/ABOUT_LARGE_ES-ABOUT-US_FINAL.jpeg","type":"image\/jpeg"}],"twitter_card":"summary_large_image","twitter_site":"@technetixgroup","twitter_misc":{"Tiempo de lectura":"5 minutos"},"schema":{"@context":"https:\/\/schema.org","@graph":[{"@type":"WebPage","@id":"https:\/\/emea.technetix.com\/es\/sobre-nosotros\/","url":"https:\/\/emea.technetix.com\/es\/sobre-nosotros\/","name":"Sobre nosotros - Technetix EMEA","isPartOf":{"@id":"https:\/\/emea.technetix.com\/es\/#website"},"primaryImageOfPage":{"@id":"https:\/\/emea.technetix.com\/es\/sobre-nosotros\/#primaryimage"},"image":{"@id":"https:\/\/emea.technetix.com\/es\/sobre-nosotros\/#primaryimage"},"thumbnailUrl":"https:\/\/emea.technetix.com\/wp-content\/uploads\/sites\/2\/2023\/04\/ABOUT_LARGE_ES-ABOUT-US_FINAL.jpeg","datePublished":"2023-01-19T19:03:15+00:00","dateModified":"2023-04-16T20:55:11+00:00","breadcrumb":{"@id":"https:\/\/emea.technetix.com\/es\/sobre-nosotros\/#breadcrumb"},"inLanguage":"es","potentialAction":[{"@type":"ReadAction","target":["https:\/\/emea.technetix.com\/es\/sobre-nosotros\/"]}]},{"@type":"ImageObject","inLanguage":"es","@id":"https:\/\/emea.technetix.com\/es\/sobre-nosotros\/#primaryimage","url":"https:\/\/emea.technetix.com\/wp-content\/uploads\/sites\/2\/2023\/04\/ABOUT_LARGE_ES-ABOUT-US_FINAL.jpeg","contentUrl":"https:\/\/emea.technetix.com\/wp-content\/uploads\/sites\/2\/2023\/04\/ABOUT_LARGE_ES-ABOUT-US_FINAL.jpeg","width":1920,"height":450},{"@type":"BreadcrumbList","@id":"https:\/\/emea.technetix.com\/es\/sobre-nosotros\/#breadcrumb","itemListElement":[{"@type":"ListItem","position":1,"name":"Home","item":"https:\/\/emea.technetix.com\/es\/"},{"@type":"ListItem","position":2,"name":"Sobre nosotros"}]},{"@type":"WebSite","@id":"https:\/\/emea.technetix.com\/es\/#website","url":"https:\/\/emea.technetix.com\/es\/","name":"Technetix","description":"Next-generation broadband equipment engineering","publisher":{"@id":"https:\/\/emea.technetix.com\/es\/#organization"},"potentialAction":[{"@type":"SearchAction","target":{"@type":"EntryPoint","urlTemplate":"https:\/\/emea.technetix.com\/es\/?s={search_term_string}"},"query-input":{"@type":"PropertyValueSpecification","valueRequired":true,"valueName":"search_term_string"}}],"inLanguage":"es"},{"@type":"Organization","@id":"https:\/\/emea.technetix.com\/es\/#organization","name":"Technetix","url":"https:\/\/emea.technetix.com\/es\/","logo":{"@type":"ImageObject","inLanguage":"es","@id":"https:\/\/emea.technetix.com\/es\/#\/schema\/logo\/image\/","url":"https:\/\/emea.technetix.com\/wp-content\/uploads\/sites\/2\/2023\/06\/logo-Technetix-1000x1000-1.png","contentUrl":"https:\/\/emea.technetix.com\/wp-content\/uploads\/sites\/2\/2023\/06\/logo-Technetix-1000x1000-1.png","width":1000,"height":1000,"caption":"Technetix"},"image":{"@id":"https:\/\/emea.technetix.com\/es\/#\/schema\/logo\/image\/"},"sameAs":["https:\/\/x.com\/technetixgroup","https:\/\/www.linkedin.com\/company\/technetix\/","https:\/\/www.youtube.com\/c\/Technetix-group"]}]}},"acf":[],"publishpress_future_workflow_manual_trigger":{"enabledWorkflows":[]},"_links":{"self":[{"href":"https:\/\/emea.technetix.com\/es\/wp-json\/wp\/v2\/pages\/7168","targetHints":{"allow":["GET"]}}],"collection":[{"href":"https:\/\/emea.technetix.com\/es\/wp-json\/wp\/v2\/pages"}],"about":[{"href":"https:\/\/emea.technetix.com\/es\/wp-json\/wp\/v2\/types\/page"}],"author":[{"embeddable":true,"href":"https:\/\/emea.technetix.com\/es\/wp-json\/wp\/v2\/users\/1"}],"replies":[{"embeddable":true,"href":"https:\/\/emea.technetix.com\/es\/wp-json\/wp\/v2\/comments?post=7168"}],"version-history":[{"count":0,"href":"https:\/\/emea.technetix.com\/es\/wp-json\/wp\/v2\/pages\/7168\/revisions"}],"wp:featuredmedia":[{"embeddable":true,"href":"https:\/\/emea.technetix.com\/es\/wp-json\/wp\/v2\/media\/13232"}],"wp:attachment":[{"href":"https:\/\/emea.technetix.com\/es\/wp-json\/wp\/v2\/media?parent=7168"}],"curies":[{"name":"wp","href":"https:\/\/api.w.org\/{rel}","templated":true}]}}