{"id":7158,"date":"2023-01-20T17:28:51","date_gmt":"2023-01-20T17:28:51","guid":{"rendered":"https:\/\/emea.technetix.com\/reparaciones-actualizaciones-y-mantenimiento\/"},"modified":"2025-11-17T10:29:40","modified_gmt":"2025-11-17T10:29:40","slug":"reparaciones-actualizaciones-y-mantenimiento","status":"publish","type":"page","link":"https:\/\/emea.technetix.com\/es\/reparaciones-actualizaciones-y-mantenimiento\/","title":{"rendered":"Reparaciones, actualizaciones y garant\u00edas extendidas"},"content":{"rendered":"<div class=\"gb-container gb-container-f86f3f4f gb-container-hero-banner\"><div class=\"gb-inside-container\">\n<h1 class=\"gb-headline gb-headline-e1547755 gb-headline-text gb-headline-hero-banner-title\">Reparaciones, actualizaciones y garant\u00edas extendidas<\/h1>\n<\/div><\/div>\n\n<div class=\"gb-container gb-container-6669737b gb-container-inner-back-page-con\">\n\n<h2 class=\"gb-headline gb-headline-d02c52e4 gb-headline-text\">\u200eControle sus gastos de capital y mejore el rendimiento de su red con nuestro servicio de reparaci\u00f3n y actualizaci\u00f3n.\u200e<\/h2>\n\n\n\n<p class=\"gb-headline gb-headline-6656b5c3 gb-headline-text\">\u200eTechnetix ofrece servicios de reparaci\u00f3n y actualizaci\u00f3n para una gama de productos propios dentro y fuera de garant\u00eda.<\/p>\n\n\n\n<h2 class=\"gb-headline gb-headline-6b17d0fd gb-headline-text gb-headline-h2-in-content\">\u200eLa reparaci\u00f3n y actualizaci\u00f3n de su equipo tiene varios beneficios:\u200e<\/h2>\n\n\n\n<ul class=\"wp-block-list\">\n<li>\u200eMenor costo total de propiedad (TCO) debido a la vida \u00fatil prolongada de los productos de red\u200e<\/li>\n\n\n\n<li>\u200eReducci\u00f3n de los gastos de capital a trav\u00e9s de la reparaci\u00f3n y la actualizaci\u00f3n en lugar de la renovaci\u00f3n\u200e<\/li>\n\n\n\n<li>\u200eReducci\u00f3n del impacto ambiental a trav\u00e9s de la reutilizaci\u00f3n en lugar de la eliminaci\u00f3n\u200e<\/li>\n\n\n\n<li>\u200eRendimiento de red mejorado\u200e<\/li>\n<\/ul>\n\n\n\n<h2 class=\"gb-headline gb-headline-4b572e45 gb-headline-text gb-headline-h2-in-content\">\u200eCentro de reparaci\u00f3n dedicado\u200e<\/h2>\n\n\n\n<p class=\"gb-headline gb-headline-623f5b86 gb-headline-text\">Nuestro centro de reparaci\u00f3n y actualizaci\u00f3n y su experimentado equipo de ingenieros brindan un servicio integral para equipos clave de Technetix que incluyen:<\/p>\n\n\n\n<ul class=\"wp-block-list\">\n<li>\u200eRespuesta r\u00e1pida\u200e<\/li>\n\n\n\n<li>Garant\u00eda en reparaciones\u200e<\/li>\n\n\n\n<li>\u200eInformes de reparaci\u00f3n detallados\u200e<\/li>\n\n\n\n<li>Amplio entorno de medici\u00f3n y prueba\u200e<\/li>\n\n\n\n<li>\u200ePreensamblaje y pruebas para garantizar la implementaci\u00f3n sin problemas de su equipo, lo que es importante durante los costosos despliegues donde cada minuto cuenta\u200e<\/li>\n<\/ul>\n\n\n\n<h2 class=\"gb-headline gb-headline-e3742336 gb-headline-text gb-headline-h2-in-content\">Actualizaciones\u200e<\/h2>\n\n\n\n<p class=\"gb-headline gb-headline-c9b08205 gb-headline-text\">\u200eNuestros servicios de actualizaci\u00f3n cubren l\u00e1seres, ancho de banda, ganancia, filtros diplex y m\u00e1s. Por qu\u00e9 no utilizarnos para:\u200e <\/p>\n\n\n\n<ul class=\"wp-block-list\">\n<li>Probar y renovar el equipamiento anticuado que pueda tener en stock, para que siempre est\u00e9 actualizado y listo para su implementaci\u00f3n<\/li>\n\n\n\n<li>Aumentar la capacidad de transmisi\u00f3n de su equipo mediante el uso de nuevos m\u00f3dulos con mayor ancho de banda y diplexores con divisiones m\u00e1s altas\u200e<\/li>\n\n\n\n<li>Hacer que su equipo sea m\u00e1s eficiente energ\u00e9ticamente con las fuentes de alimentaci\u00f3n m\u00e1s actualizadas\u200e<\/li>\n<\/ul>\n\n\n\n<h2 class=\"gb-headline gb-headline-548a85be gb-headline-text gb-headline-h2-in-content\">\u200eGarant\u00edas extendidas\u200e<\/h2>\n\n\n\n<p class=\"gb-headline gb-headline-399aa230 gb-headline-text\">\u200eOfrecemos garant\u00edas extendidas para ayudar a prolongar la vida \u00fatil de su equipo Technetix.\u200e<\/p>\n\n\n\n<p class=\"gb-headline gb-headline-2731d162 gb-headline-text\">\u200eCon la cobertura de una garant\u00eda extendida, el proceso de actualizaci\u00f3n se vuelve m\u00e1s efectivo, ya que cualquier defecto que se encuentre durante una actualizaci\u00f3n se repara autom\u00e1ticamente.\u200e<\/p>\n\n\n\n<p class=\"gb-headline gb-headline-8748ad91 gb-headline-text\">Para obtener m\u00e1s informaci\u00f3n, env\u00ede un correo electr\u00f3nico a <a href=\"mailto:orders-nl@technetix.com\" target=\"_blank\" rel=\"noreferrer noopener nofollow\">orders-nl@technetix.com<\/a> o llame a su oficina local de soporte de ventas.\u200e<\/p>\n\n<\/div>\n\n<div class=\"gb-container gb-container-bbe8dc07 gb-container-con-buttons-bottom\">\n\n<h2 class=\"gb-headline gb-headline-7ce6fa4b gb-headline-text gb-headline-head-bottom-buttons\">Enlaces de inter\u00e9s<\/h2>\n\n\n<div class=\"gb-button-wrapper gb-button-wrapper-5300c273 gb-button-wrapper-after-con-buttons\">\n\n<a class=\"gb-button gb-button-74bfad52 gb-button-text gb-button-bottom-button\" href=\"https:\/\/customers.technetix.com\/s\/login\/?ec=302&amp;startURL=%2Fs%2F\">Acceso<\/a>\n\n\n\n<a class=\"gb-button gb-button-9120ce81 gb-button-text gb-button-bottom-button\" href=\"https:\/\/emea.technetix.com\/es\/contactenos\/\">Cont\u00e1ctenos<\/a>\n\n\n\n<a class=\"gb-button gb-button-ff3bad62 gb-button-text gb-button-bottom-button\" href=\"https:\/\/emea.technetix.com\/es\/consultoria-de-redes\/\">\u200eConsultor\u00eda de redes\u200e<\/a>\n\n\n\n<a class=\"gb-button gb-button-3eadfa91 gb-button-text gb-button-bottom-button\" href=\"https:\/\/emea.technetix.com\/es\/servicios-de-soporte\/\">Servicios de soporte<\/a>\n\n\n\n<a class=\"gb-button gb-button-4ceed201 gb-button-text gb-button-bottom-button\" href=\"https:\/\/emea.technetix.com\/wp-content\/uploads\/sites\/2\/2023\/09\/Technetix-RMA-Returns-Europe.pdf\" target=\"_blank\" rel=\"noopener noreferrer\">Procedimiento de devoluciones en Europa<\/a>\n\n<\/div>\n<\/div>","protected":false},"excerpt":{"rendered":"<p>Reparaciones, actualizaciones y garant\u00edas extendidas \u200eControle sus gastos de capital y mejore el rendimiento de su red con nuestro servicio de reparaci\u00f3n y actualizaci\u00f3n.\u200e \u200eTechnetix ofrece servicios de reparaci\u00f3n y actualizaci\u00f3n para una gama de productos propios dentro y fuera de garant\u00eda. \u200eLa reparaci\u00f3n y actualizaci\u00f3n de su equipo tiene varios beneficios:\u200e \u200eCentro de reparaci\u00f3n &#8230; <a title=\"Reparaciones, actualizaciones y garant\u00edas extendidas\" class=\"read-more\" href=\"https:\/\/emea.technetix.com\/es\/reparaciones-actualizaciones-y-mantenimiento\/\" aria-label=\"Leer m\u00e1s sobre Reparaciones, actualizaciones y garant\u00edas extendidas\">Read more<\/a><\/p>\n","protected":false},"author":1,"featured_media":933,"parent":0,"menu_order":0,"comment_status":"closed","ping_status":"closed","template":"","meta":{"_acf_changed":false,"_gspb_post_css":"","footnotes":""},"class_list":["post-7158","page","type-page","status-publish","has-post-thumbnail"],"yoast_head":"<!-- This site is optimized with the Yoast SEO Premium plugin v22.5 (Yoast SEO v27.3) - https:\/\/yoast.com\/product\/yoast-seo-premium-wordpress\/ -->\n<title>Reparaciones, actualizaciones y garant\u00edas extendidas - Technetix EMEA<\/title>\n<meta name=\"robots\" content=\"index, follow, max-snippet:-1, max-image-preview:large, max-video-preview:-1\" \/>\n<link rel=\"canonical\" href=\"https:\/\/emea.technetix.com\/es\/reparaciones-actualizaciones-y-mantenimiento\/\" \/>\n<meta property=\"og:locale\" content=\"es_ES\" \/>\n<meta property=\"og:type\" content=\"article\" \/>\n<meta property=\"og:title\" content=\"Reparaciones, actualizaciones y garant\u00edas extendidas - Technetix EMEA\" \/>\n<meta property=\"og:description\" content=\"Reparaciones, actualizaciones y garant\u00edas extendidas \u200eControle sus gastos de capital y mejore el rendimiento de su red con nuestro servicio de reparaci\u00f3n y actualizaci\u00f3n.\u200e \u200eTechnetix ofrece servicios de reparaci\u00f3n y actualizaci\u00f3n para una gama de productos propios dentro y fuera de garant\u00eda. \u200eLa reparaci\u00f3n y actualizaci\u00f3n de su equipo tiene varios beneficios:\u200e \u200eCentro de reparaci\u00f3n ... Read more\" \/>\n<meta property=\"og:url\" content=\"https:\/\/emea.technetix.com\/es\/reparaciones-actualizaciones-y-mantenimiento\/\" \/>\n<meta property=\"og:site_name\" content=\"Technetix EMEA\" \/>\n<meta property=\"article:modified_time\" content=\"2025-11-17T10:29:40+00:00\" \/>\n<meta property=\"og:image\" content=\"https:\/\/emea.technetix.com\/wp-content\/uploads\/sites\/2\/2023\/01\/SERVICES_LARGE_REPAIRS_FINAL.jpg\" \/>\n\t<meta property=\"og:image:width\" content=\"1920\" \/>\n\t<meta property=\"og:image:height\" content=\"450\" \/>\n\t<meta property=\"og:image:type\" content=\"image\/jpeg\" \/>\n<meta name=\"twitter:card\" content=\"summary_large_image\" \/>\n<meta name=\"twitter:site\" content=\"@technetixgroup\" \/>\n<meta name=\"twitter:label1\" content=\"Tiempo de lectura\" \/>\n\t<meta name=\"twitter:data1\" content=\"2 minutos\" \/>\n<script type=\"application\/ld+json\" class=\"yoast-schema-graph\">{\"@context\":\"https:\\\/\\\/schema.org\",\"@graph\":[{\"@type\":\"WebPage\",\"@id\":\"https:\\\/\\\/emea.technetix.com\\\/es\\\/reparaciones-actualizaciones-y-mantenimiento\\\/\",\"url\":\"https:\\\/\\\/emea.technetix.com\\\/es\\\/reparaciones-actualizaciones-y-mantenimiento\\\/\",\"name\":\"Reparaciones, actualizaciones y garant\u00edas extendidas - Technetix EMEA\",\"isPartOf\":{\"@id\":\"https:\\\/\\\/emea.technetix.com\\\/es\\\/#website\"},\"primaryImageOfPage\":{\"@id\":\"https:\\\/\\\/emea.technetix.com\\\/es\\\/reparaciones-actualizaciones-y-mantenimiento\\\/#primaryimage\"},\"image\":{\"@id\":\"https:\\\/\\\/emea.technetix.com\\\/es\\\/reparaciones-actualizaciones-y-mantenimiento\\\/#primaryimage\"},\"thumbnailUrl\":\"https:\\\/\\\/emea.technetix.com\\\/wp-content\\\/uploads\\\/sites\\\/2\\\/2023\\\/01\\\/SERVICES_LARGE_REPAIRS_FINAL.jpg\",\"datePublished\":\"2023-01-20T17:28:51+00:00\",\"dateModified\":\"2025-11-17T10:29:40+00:00\",\"breadcrumb\":{\"@id\":\"https:\\\/\\\/emea.technetix.com\\\/es\\\/reparaciones-actualizaciones-y-mantenimiento\\\/#breadcrumb\"},\"inLanguage\":\"es\",\"potentialAction\":[{\"@type\":\"ReadAction\",\"target\":[\"https:\\\/\\\/emea.technetix.com\\\/es\\\/reparaciones-actualizaciones-y-mantenimiento\\\/\"]}]},{\"@type\":\"ImageObject\",\"inLanguage\":\"es\",\"@id\":\"https:\\\/\\\/emea.technetix.com\\\/es\\\/reparaciones-actualizaciones-y-mantenimiento\\\/#primaryimage\",\"url\":\"https:\\\/\\\/emea.technetix.com\\\/wp-content\\\/uploads\\\/sites\\\/2\\\/2023\\\/01\\\/SERVICES_LARGE_REPAIRS_FINAL.jpg\",\"contentUrl\":\"https:\\\/\\\/emea.technetix.com\\\/wp-content\\\/uploads\\\/sites\\\/2\\\/2023\\\/01\\\/SERVICES_LARGE_REPAIRS_FINAL.jpg\",\"width\":1920,\"height\":450},{\"@type\":\"BreadcrumbList\",\"@id\":\"https:\\\/\\\/emea.technetix.com\\\/es\\\/reparaciones-actualizaciones-y-mantenimiento\\\/#breadcrumb\",\"itemListElement\":[{\"@type\":\"ListItem\",\"position\":1,\"name\":\"Home\",\"item\":\"https:\\\/\\\/emea.technetix.com\\\/es\\\/\"},{\"@type\":\"ListItem\",\"position\":2,\"name\":\"Reparaciones, actualizaciones y garant\u00edas extendidas\"}]},{\"@type\":\"WebSite\",\"@id\":\"https:\\\/\\\/emea.technetix.com\\\/es\\\/#website\",\"url\":\"https:\\\/\\\/emea.technetix.com\\\/es\\\/\",\"name\":\"Technetix\",\"description\":\"Next-generation broadband equipment engineering\",\"publisher\":{\"@id\":\"https:\\\/\\\/emea.technetix.com\\\/es\\\/#organization\"},\"potentialAction\":[{\"@type\":\"SearchAction\",\"target\":{\"@type\":\"EntryPoint\",\"urlTemplate\":\"https:\\\/\\\/emea.technetix.com\\\/es\\\/?s={search_term_string}\"},\"query-input\":{\"@type\":\"PropertyValueSpecification\",\"valueRequired\":true,\"valueName\":\"search_term_string\"}}],\"inLanguage\":\"es\"},{\"@type\":\"Organization\",\"@id\":\"https:\\\/\\\/emea.technetix.com\\\/es\\\/#organization\",\"name\":\"Technetix\",\"url\":\"https:\\\/\\\/emea.technetix.com\\\/es\\\/\",\"logo\":{\"@type\":\"ImageObject\",\"inLanguage\":\"es\",\"@id\":\"https:\\\/\\\/emea.technetix.com\\\/es\\\/#\\\/schema\\\/logo\\\/image\\\/\",\"url\":\"https:\\\/\\\/emea.technetix.com\\\/wp-content\\\/uploads\\\/sites\\\/2\\\/2023\\\/06\\\/logo-Technetix-1000x1000-1.png\",\"contentUrl\":\"https:\\\/\\\/emea.technetix.com\\\/wp-content\\\/uploads\\\/sites\\\/2\\\/2023\\\/06\\\/logo-Technetix-1000x1000-1.png\",\"width\":1000,\"height\":1000,\"caption\":\"Technetix\"},\"image\":{\"@id\":\"https:\\\/\\\/emea.technetix.com\\\/es\\\/#\\\/schema\\\/logo\\\/image\\\/\"},\"sameAs\":[\"https:\\\/\\\/x.com\\\/technetixgroup\",\"https:\\\/\\\/www.linkedin.com\\\/company\\\/technetix\\\/\",\"https:\\\/\\\/www.youtube.com\\\/c\\\/Technetix-group\"]}]}<\/script>\n<!-- \/ Yoast SEO Premium plugin. -->","yoast_head_json":{"title":"Reparaciones, actualizaciones y garant\u00edas extendidas - Technetix EMEA","robots":{"index":"index","follow":"follow","max-snippet":"max-snippet:-1","max-image-preview":"max-image-preview:large","max-video-preview":"max-video-preview:-1"},"canonical":"https:\/\/emea.technetix.com\/es\/reparaciones-actualizaciones-y-mantenimiento\/","og_locale":"es_ES","og_type":"article","og_title":"Reparaciones, actualizaciones y garant\u00edas extendidas - Technetix EMEA","og_description":"Reparaciones, actualizaciones y garant\u00edas extendidas \u200eControle sus gastos de capital y mejore el rendimiento de su red con nuestro servicio de reparaci\u00f3n y actualizaci\u00f3n.\u200e \u200eTechnetix ofrece servicios de reparaci\u00f3n y actualizaci\u00f3n para una gama de productos propios dentro y fuera de garant\u00eda. \u200eLa reparaci\u00f3n y actualizaci\u00f3n de su equipo tiene varios beneficios:\u200e \u200eCentro de reparaci\u00f3n ... Read more","og_url":"https:\/\/emea.technetix.com\/es\/reparaciones-actualizaciones-y-mantenimiento\/","og_site_name":"Technetix EMEA","article_modified_time":"2025-11-17T10:29:40+00:00","og_image":[{"width":1920,"height":450,"url":"https:\/\/emea.technetix.com\/wp-content\/uploads\/sites\/2\/2023\/01\/SERVICES_LARGE_REPAIRS_FINAL.jpg","type":"image\/jpeg"}],"twitter_card":"summary_large_image","twitter_site":"@technetixgroup","twitter_misc":{"Tiempo de lectura":"2 minutos"},"schema":{"@context":"https:\/\/schema.org","@graph":[{"@type":"WebPage","@id":"https:\/\/emea.technetix.com\/es\/reparaciones-actualizaciones-y-mantenimiento\/","url":"https:\/\/emea.technetix.com\/es\/reparaciones-actualizaciones-y-mantenimiento\/","name":"Reparaciones, actualizaciones y garant\u00edas extendidas - Technetix EMEA","isPartOf":{"@id":"https:\/\/emea.technetix.com\/es\/#website"},"primaryImageOfPage":{"@id":"https:\/\/emea.technetix.com\/es\/reparaciones-actualizaciones-y-mantenimiento\/#primaryimage"},"image":{"@id":"https:\/\/emea.technetix.com\/es\/reparaciones-actualizaciones-y-mantenimiento\/#primaryimage"},"thumbnailUrl":"https:\/\/emea.technetix.com\/wp-content\/uploads\/sites\/2\/2023\/01\/SERVICES_LARGE_REPAIRS_FINAL.jpg","datePublished":"2023-01-20T17:28:51+00:00","dateModified":"2025-11-17T10:29:40+00:00","breadcrumb":{"@id":"https:\/\/emea.technetix.com\/es\/reparaciones-actualizaciones-y-mantenimiento\/#breadcrumb"},"inLanguage":"es","potentialAction":[{"@type":"ReadAction","target":["https:\/\/emea.technetix.com\/es\/reparaciones-actualizaciones-y-mantenimiento\/"]}]},{"@type":"ImageObject","inLanguage":"es","@id":"https:\/\/emea.technetix.com\/es\/reparaciones-actualizaciones-y-mantenimiento\/#primaryimage","url":"https:\/\/emea.technetix.com\/wp-content\/uploads\/sites\/2\/2023\/01\/SERVICES_LARGE_REPAIRS_FINAL.jpg","contentUrl":"https:\/\/emea.technetix.com\/wp-content\/uploads\/sites\/2\/2023\/01\/SERVICES_LARGE_REPAIRS_FINAL.jpg","width":1920,"height":450},{"@type":"BreadcrumbList","@id":"https:\/\/emea.technetix.com\/es\/reparaciones-actualizaciones-y-mantenimiento\/#breadcrumb","itemListElement":[{"@type":"ListItem","position":1,"name":"Home","item":"https:\/\/emea.technetix.com\/es\/"},{"@type":"ListItem","position":2,"name":"Reparaciones, actualizaciones y garant\u00edas extendidas"}]},{"@type":"WebSite","@id":"https:\/\/emea.technetix.com\/es\/#website","url":"https:\/\/emea.technetix.com\/es\/","name":"Technetix","description":"Next-generation broadband equipment engineering","publisher":{"@id":"https:\/\/emea.technetix.com\/es\/#organization"},"potentialAction":[{"@type":"SearchAction","target":{"@type":"EntryPoint","urlTemplate":"https:\/\/emea.technetix.com\/es\/?s={search_term_string}"},"query-input":{"@type":"PropertyValueSpecification","valueRequired":true,"valueName":"search_term_string"}}],"inLanguage":"es"},{"@type":"Organization","@id":"https:\/\/emea.technetix.com\/es\/#organization","name":"Technetix","url":"https:\/\/emea.technetix.com\/es\/","logo":{"@type":"ImageObject","inLanguage":"es","@id":"https:\/\/emea.technetix.com\/es\/#\/schema\/logo\/image\/","url":"https:\/\/emea.technetix.com\/wp-content\/uploads\/sites\/2\/2023\/06\/logo-Technetix-1000x1000-1.png","contentUrl":"https:\/\/emea.technetix.com\/wp-content\/uploads\/sites\/2\/2023\/06\/logo-Technetix-1000x1000-1.png","width":1000,"height":1000,"caption":"Technetix"},"image":{"@id":"https:\/\/emea.technetix.com\/es\/#\/schema\/logo\/image\/"},"sameAs":["https:\/\/x.com\/technetixgroup","https:\/\/www.linkedin.com\/company\/technetix\/","https:\/\/www.youtube.com\/c\/Technetix-group"]}]}},"acf":[],"publishpress_future_workflow_manual_trigger":{"enabledWorkflows":[]},"_links":{"self":[{"href":"https:\/\/emea.technetix.com\/es\/wp-json\/wp\/v2\/pages\/7158","targetHints":{"allow":["GET"]}}],"collection":[{"href":"https:\/\/emea.technetix.com\/es\/wp-json\/wp\/v2\/pages"}],"about":[{"href":"https:\/\/emea.technetix.com\/es\/wp-json\/wp\/v2\/types\/page"}],"author":[{"embeddable":true,"href":"https:\/\/emea.technetix.com\/es\/wp-json\/wp\/v2\/users\/1"}],"replies":[{"embeddable":true,"href":"https:\/\/emea.technetix.com\/es\/wp-json\/wp\/v2\/comments?post=7158"}],"version-history":[{"count":1,"href":"https:\/\/emea.technetix.com\/es\/wp-json\/wp\/v2\/pages\/7158\/revisions"}],"predecessor-version":[{"id":1108779,"href":"https:\/\/emea.technetix.com\/es\/wp-json\/wp\/v2\/pages\/7158\/revisions\/1108779"}],"wp:featuredmedia":[{"embeddable":true,"href":"https:\/\/emea.technetix.com\/es\/wp-json\/wp\/v2\/media\/933"}],"wp:attachment":[{"href":"https:\/\/emea.technetix.com\/es\/wp-json\/wp\/v2\/media?parent=7158"}],"curies":[{"name":"wp","href":"https:\/\/api.w.org\/{rel}","templated":true}]}}