{"id":7150,"date":"2023-01-20T17:18:55","date_gmt":"2023-01-20T17:18:55","guid":{"rendered":"https:\/\/emea.technetix.com\/docsis4-0-fdx\/"},"modified":"2024-02-08T10:16:36","modified_gmt":"2024-02-08T10:16:36","slug":"docsis4-0-fdx","status":"publish","type":"page","link":"https:\/\/emea.technetix.com\/es\/nuestra-vision\/docsis4-0-fdx\/","title":{"rendered":"DOCSIS 4.0 FDx"},"content":{"rendered":"<div class=\"gb-container gb-container-f86f3f4f gb-container-hero-banner\"><div class=\"gb-inside-container\"><\/div><\/div>\n\n<div class=\"gb-container gb-container-44987b01 gb-container-inner-back-page-con\">\n<h1 class=\"gb-headline gb-headline-e1547755 gb-headline-text\">DOCSIS 4.0 FDx<\/h1>\n\n\n<h2 class=\"gb-headline gb-headline-d02c52e4 gb-headline-text\">La tecnolog\u00eda DOCSIS 4.0 permite servicios de banda ancha de \u00faltima generaci\u00f3n utilizando una red HFC existente. El est\u00e1ndar abarca la tecnolog\u00eda DOCSIS (FDx) d\u00faplex completo, que ofrece datos sim\u00e9tricos de velocidad de varios gigabits.<\/h2>\n\n\n\n<ul class=\"wp-block-list\">\n<li>Actualice a DOCSIS 4.0 ahora<\/li>\n\n\n\n<li>Sim\u00e9trico ascendente y descendente con DOCSIS d\u00faplex completo<\/li>\n\n\n\n<li>PHY y MAC-PHY remotos son elementos clave<\/li>\n\n\n\n<li>Amplificadores sin filtro diplexor de direcci\u00f3n neutra<\/li>\n<\/ul>\n\n\n\n<p class=\"gb-headline gb-headline-6656b5c3 gb-headline-text\">En una red CATV est\u00e1ndar, las se\u00f1ales ascendentes y descendentes est\u00e1n separadas por dos bandas de espectro diferentes, el espectro de frecuencia m\u00e1s bajo para la se\u00f1al ascendente y el espectro de frecuencia superior para datos descendentes. La separaci\u00f3n en amplificadores entre las se\u00f1ales ascendentes y descendentes se realiza mediante filtros diplexores. <\/p>\n\n\n\n<p class=\"gb-headline gb-headline-83c9c702 gb-headline-text\">FDx es un nuevo enfoque que permite un ancho de banda sim\u00e9trico ascendente y descendente. Las videoconferencias, el almacenamiento en la nube y las futuras aplicaciones de IoT se beneficiar\u00e1n del mayor ancho de banda ascendente y la menor latencia de FDx. La pandemia de COVID-19 ha demostrado que es esencial tener suficiente rendimiento upstream para usos como videoconferencias y almacenamiento en la nube. FDx puede soportar esto utilizando la banda de espectro de 108 &#8211; 684 MHz tanto para upstream como para downstream, aumentando enormemente la capacidad de datos en la red HFC. Aunque FDx es parte del est\u00e1ndar DOCSIS 4.0 y no se espera la aprobaci\u00f3n del producto CableLabs hasta principios de 2022, es posible comenzar a preparar su red ahora.    <\/p>\n\n\n\n<figure class=\"gb-block-image gb-block-image-61e35e7d\"><img loading=\"lazy\" decoding=\"async\" width=\"1201\" height=\"436\" class=\"gb-image gb-image-61e35e7d\" src=\"https:\/\/emea.technetix.com\/wp-content\/uploads\/sites\/2\/2023\/01\/D4_FDX_1-1.png\" alt=\"DOCSIS full duplex (FDx): ancho de banda sim\u00e9trico ascendente y descendente\" srcset=\"https:\/\/emea.technetix.com\/wp-content\/uploads\/sites\/2\/2023\/01\/D4_FDX_1-1.png 1201w, https:\/\/emea.technetix.com\/wp-content\/uploads\/sites\/2\/2023\/01\/D4_FDX_1-1-300x109.png 300w, https:\/\/emea.technetix.com\/wp-content\/uploads\/sites\/2\/2023\/01\/D4_FDX_1-1-1024x372.png 1024w, https:\/\/emea.technetix.com\/wp-content\/uploads\/sites\/2\/2023\/01\/D4_FDX_1-1-768x279.png 768w, https:\/\/emea.technetix.com\/wp-content\/uploads\/sites\/2\/2023\/01\/D4_FDX_1-1-600x218.png 600w\" sizes=\"auto, (max-width: 1201px) 100vw, 1201px\" \/><\/figure>\n\n\n\n<p class=\"gb-headline gb-headline-623f5b86 gb-headline-text gb-headline-image-caption\">DOCSIS full duplex (FDx): ancho de banda sim\u00e9trico ascendente y descendente<\/p>\n\n\n\n<p class=\"gb-headline gb-headline-35c7a9b3 gb-headline-text\">Para habilitar FDx DOCSIS en el futuro, es importante invertir en una red profundizando con fibra. R-PHY y MAC-PHY son elementos clave para FDx y Technetix tiene varias opciones disponibles para actualizar una red HFC. Tambi\u00e9n es posible implementar una red R-PHY y MAC-PHY dentro de una red de amplificadores DBx existente.  <\/p>\n\n\n\n<figure class=\"gb-block-image gb-block-image-f5380205\"><img loading=\"lazy\" decoding=\"async\" width=\"1920\" height=\"548\" class=\"gb-image gb-image-f5380205\" src=\"https:\/\/emea.technetix.com\/wp-content\/uploads\/sites\/2\/2023\/01\/D4_FDX_2-1.png\" alt=\"DOCSIS full duplex (FDx): Profundizando con fibra y PHY remoto\" srcset=\"https:\/\/emea.technetix.com\/wp-content\/uploads\/sites\/2\/2023\/01\/D4_FDX_2-1.png 1920w, https:\/\/emea.technetix.com\/wp-content\/uploads\/sites\/2\/2023\/01\/D4_FDX_2-1-300x86.png 300w, https:\/\/emea.technetix.com\/wp-content\/uploads\/sites\/2\/2023\/01\/D4_FDX_2-1-1024x292.png 1024w, https:\/\/emea.technetix.com\/wp-content\/uploads\/sites\/2\/2023\/01\/D4_FDX_2-1-768x219.png 768w, https:\/\/emea.technetix.com\/wp-content\/uploads\/sites\/2\/2023\/01\/D4_FDX_2-1-1536x438.png 1536w, https:\/\/emea.technetix.com\/wp-content\/uploads\/sites\/2\/2023\/01\/D4_FDX_2-1-600x171.png 600w\" sizes=\"auto, (max-width: 1920px) 100vw, 1920px\" \/><\/figure>\n\n\n\n<p class=\"gb-headline gb-headline-c9b08205 gb-headline-text gb-headline-image-caption\">DOCSIS full duplex (FDx): Profundizando con fibra y PHY remoto<\/p>\n\n\n\n<p class=\"gb-headline gb-headline-a9734b2c gb-headline-text\">Si desea conocer c\u00f3mo preparar su red DOCSIS 4.0 FDx, comun\u00edquese con su representante local.<\/p>\n\n<\/div>\n\n<div class=\"gb-container gb-container-ff1a01e8 gb-container-con-buttons-bottom\">\n\n<h2 class=\"gb-headline gb-headline-7ce6fa4b gb-headline-text gb-headline-head-bottom-buttons\">Enlaces de inter\u00e9s<\/h2>\n\n\n<div class=\"gb-button-wrapper gb-button-wrapper-5300c273 gb-button-wrapper-after-con-buttons\">\n\n<a class=\"gb-button gb-button-5e4e6530 gb-button-text gb-button-bottom-button\" href=\"https:\/\/emea.technetix.com\/es\/redes-hfc\/amplificadores-para-la-red-de-acceso\/dnn\/dna-1800\/\">DNA-1800<\/a>\n\n\n\n<a class=\"gb-button gb-button-ff3bad62 gb-button-text gb-button-bottom-button\" href=\"https:\/\/emea.technetix.com\/es\/consultoria-de-redes\/\">Consultor\u00eda de redes<\/a>\n\n\n\n<a class=\"gb-button gb-button-e7a0fe73 gb-button-text gb-button-bottom-button\" href=\"https:\/\/emea.technetix.com\/es\/technetix-academy\/\">Technetix Academy<\/a>\n\n\n\n<a class=\"gb-button gb-button-74bfad52 gb-button-text gb-button-bottom-button\" href=\"https:\/\/emea.technetix.com\/es\/contactenos\/\">Cont\u00e1ctenos<\/a>\n\n<\/div>\n<\/div>","protected":false},"excerpt":{"rendered":"<p>DOCSIS 4.0 FDx La tecnolog\u00eda DOCSIS 4.0 permite servicios de banda ancha de \u00faltima generaci\u00f3n utilizando una red HFC existente. El est\u00e1ndar abarca la tecnolog\u00eda DOCSIS (FDx) d\u00faplex completo, que ofrece datos sim\u00e9tricos de velocidad de varios gigabits. En una red CATV est\u00e1ndar, las se\u00f1ales ascendentes y descendentes est\u00e1n separadas por dos bandas de espectro &#8230; <a title=\"DOCSIS 4.0 FDx\" class=\"read-more\" href=\"https:\/\/emea.technetix.com\/es\/nuestra-vision\/docsis4-0-fdx\/\" aria-label=\"Leer m\u00e1s sobre DOCSIS 4.0 FDx\">Read more<\/a><\/p>\n","protected":false},"author":1,"featured_media":873,"parent":7340,"menu_order":0,"comment_status":"closed","ping_status":"closed","template":"","meta":{"_acf_changed":false,"_gspb_post_css":"","footnotes":""},"class_list":["post-7150","page","type-page","status-publish","has-post-thumbnail"],"yoast_head":"<!-- This site is optimized with the Yoast SEO Premium plugin v22.5 (Yoast SEO v27.4) - https:\/\/yoast.com\/product\/yoast-seo-premium-wordpress\/ -->\n<title>DOCSIS 4.0 FDx - Technetix EMEA<\/title>\n<meta name=\"robots\" content=\"index, follow, max-snippet:-1, max-image-preview:large, max-video-preview:-1\" \/>\n<link rel=\"canonical\" href=\"https:\/\/emea.technetix.com\/es\/nuestra-vision\/docsis4-0-fdx\/\" \/>\n<meta property=\"og:locale\" content=\"es_ES\" \/>\n<meta property=\"og:type\" content=\"article\" \/>\n<meta property=\"og:title\" content=\"DOCSIS 4.0 FDx - Technetix EMEA\" \/>\n<meta property=\"og:description\" content=\"DOCSIS 4.0 FDx La tecnolog\u00eda DOCSIS 4.0 permite servicios de banda ancha de \u00faltima generaci\u00f3n utilizando una red HFC existente. El est\u00e1ndar abarca la tecnolog\u00eda DOCSIS (FDx) d\u00faplex completo, que ofrece datos sim\u00e9tricos de velocidad de varios gigabits. En una red CATV est\u00e1ndar, las se\u00f1ales ascendentes y descendentes est\u00e1n separadas por dos bandas de espectro ... Read more\" \/>\n<meta property=\"og:url\" content=\"https:\/\/emea.technetix.com\/es\/nuestra-vision\/docsis4-0-fdx\/\" \/>\n<meta property=\"og:site_name\" content=\"Technetix EMEA\" \/>\n<meta property=\"article:modified_time\" content=\"2024-02-08T10:16:36+00:00\" \/>\n<meta property=\"og:image\" content=\"https:\/\/emea.technetix.com\/wp-content\/uploads\/sites\/2\/2023\/01\/SOLUTIONS_LARGE_D4-FDX_FINAL.jpg\" \/>\n\t<meta property=\"og:image:width\" content=\"1920\" \/>\n\t<meta property=\"og:image:height\" content=\"450\" \/>\n\t<meta property=\"og:image:type\" content=\"image\/jpeg\" \/>\n<meta name=\"twitter:card\" content=\"summary_large_image\" \/>\n<meta name=\"twitter:site\" content=\"@technetixgroup\" \/>\n<meta name=\"twitter:label1\" content=\"Tiempo de lectura\" \/>\n\t<meta name=\"twitter:data1\" content=\"3 minutos\" \/>\n<script type=\"application\/ld+json\" class=\"yoast-schema-graph\">{\"@context\":\"https:\\\/\\\/schema.org\",\"@graph\":[{\"@type\":\"WebPage\",\"@id\":\"https:\\\/\\\/emea.technetix.com\\\/es\\\/nuestra-vision\\\/docsis4-0-fdx\\\/\",\"url\":\"https:\\\/\\\/emea.technetix.com\\\/es\\\/nuestra-vision\\\/docsis4-0-fdx\\\/\",\"name\":\"DOCSIS 4.0 FDx - Technetix EMEA\",\"isPartOf\":{\"@id\":\"https:\\\/\\\/emea.technetix.com\\\/es\\\/#website\"},\"primaryImageOfPage\":{\"@id\":\"https:\\\/\\\/emea.technetix.com\\\/es\\\/nuestra-vision\\\/docsis4-0-fdx\\\/#primaryimage\"},\"image\":{\"@id\":\"https:\\\/\\\/emea.technetix.com\\\/es\\\/nuestra-vision\\\/docsis4-0-fdx\\\/#primaryimage\"},\"thumbnailUrl\":\"https:\\\/\\\/emea.technetix.com\\\/wp-content\\\/uploads\\\/sites\\\/2\\\/2023\\\/01\\\/SOLUTIONS_LARGE_D4-FDX_FINAL.jpg\",\"datePublished\":\"2023-01-20T17:18:55+00:00\",\"dateModified\":\"2024-02-08T10:16:36+00:00\",\"breadcrumb\":{\"@id\":\"https:\\\/\\\/emea.technetix.com\\\/es\\\/nuestra-vision\\\/docsis4-0-fdx\\\/#breadcrumb\"},\"inLanguage\":\"es\",\"potentialAction\":[{\"@type\":\"ReadAction\",\"target\":[\"https:\\\/\\\/emea.technetix.com\\\/es\\\/nuestra-vision\\\/docsis4-0-fdx\\\/\"]}]},{\"@type\":\"ImageObject\",\"inLanguage\":\"es\",\"@id\":\"https:\\\/\\\/emea.technetix.com\\\/es\\\/nuestra-vision\\\/docsis4-0-fdx\\\/#primaryimage\",\"url\":\"https:\\\/\\\/emea.technetix.com\\\/wp-content\\\/uploads\\\/sites\\\/2\\\/2023\\\/01\\\/SOLUTIONS_LARGE_D4-FDX_FINAL.jpg\",\"contentUrl\":\"https:\\\/\\\/emea.technetix.com\\\/wp-content\\\/uploads\\\/sites\\\/2\\\/2023\\\/01\\\/SOLUTIONS_LARGE_D4-FDX_FINAL.jpg\",\"width\":1920,\"height\":450,\"caption\":\"DOCSIS 4.0 FDx\"},{\"@type\":\"BreadcrumbList\",\"@id\":\"https:\\\/\\\/emea.technetix.com\\\/es\\\/nuestra-vision\\\/docsis4-0-fdx\\\/#breadcrumb\",\"itemListElement\":[{\"@type\":\"ListItem\",\"position\":1,\"name\":\"Home\",\"item\":\"https:\\\/\\\/emea.technetix.com\\\/es\\\/\"},{\"@type\":\"ListItem\",\"position\":2,\"name\":\"Nuestra visi\u00f3n\",\"item\":\"https:\\\/\\\/emea.technetix.com\\\/es\\\/nuestra-vision\\\/\"},{\"@type\":\"ListItem\",\"position\":3,\"name\":\"DOCSIS 4.0 FDx\"}]},{\"@type\":\"WebSite\",\"@id\":\"https:\\\/\\\/emea.technetix.com\\\/es\\\/#website\",\"url\":\"https:\\\/\\\/emea.technetix.com\\\/es\\\/\",\"name\":\"Technetix\",\"description\":\"Next-generation broadband equipment engineering\",\"publisher\":{\"@id\":\"https:\\\/\\\/emea.technetix.com\\\/es\\\/#organization\"},\"potentialAction\":[{\"@type\":\"SearchAction\",\"target\":{\"@type\":\"EntryPoint\",\"urlTemplate\":\"https:\\\/\\\/emea.technetix.com\\\/es\\\/?s={search_term_string}\"},\"query-input\":{\"@type\":\"PropertyValueSpecification\",\"valueRequired\":true,\"valueName\":\"search_term_string\"}}],\"inLanguage\":\"es\"},{\"@type\":\"Organization\",\"@id\":\"https:\\\/\\\/emea.technetix.com\\\/es\\\/#organization\",\"name\":\"Technetix\",\"url\":\"https:\\\/\\\/emea.technetix.com\\\/es\\\/\",\"logo\":{\"@type\":\"ImageObject\",\"inLanguage\":\"es\",\"@id\":\"https:\\\/\\\/emea.technetix.com\\\/es\\\/#\\\/schema\\\/logo\\\/image\\\/\",\"url\":\"https:\\\/\\\/emea.technetix.com\\\/wp-content\\\/uploads\\\/sites\\\/2\\\/2023\\\/06\\\/logo-Technetix-1000x1000-1.png\",\"contentUrl\":\"https:\\\/\\\/emea.technetix.com\\\/wp-content\\\/uploads\\\/sites\\\/2\\\/2023\\\/06\\\/logo-Technetix-1000x1000-1.png\",\"width\":1000,\"height\":1000,\"caption\":\"Technetix\"},\"image\":{\"@id\":\"https:\\\/\\\/emea.technetix.com\\\/es\\\/#\\\/schema\\\/logo\\\/image\\\/\"},\"sameAs\":[\"https:\\\/\\\/x.com\\\/technetixgroup\",\"https:\\\/\\\/www.linkedin.com\\\/company\\\/technetix\\\/\",\"https:\\\/\\\/www.youtube.com\\\/c\\\/Technetix-group\"]}]}<\/script>\n<!-- \/ Yoast SEO Premium plugin. -->","yoast_head_json":{"title":"DOCSIS 4.0 FDx - Technetix EMEA","robots":{"index":"index","follow":"follow","max-snippet":"max-snippet:-1","max-image-preview":"max-image-preview:large","max-video-preview":"max-video-preview:-1"},"canonical":"https:\/\/emea.technetix.com\/es\/nuestra-vision\/docsis4-0-fdx\/","og_locale":"es_ES","og_type":"article","og_title":"DOCSIS 4.0 FDx - Technetix EMEA","og_description":"DOCSIS 4.0 FDx La tecnolog\u00eda DOCSIS 4.0 permite servicios de banda ancha de \u00faltima generaci\u00f3n utilizando una red HFC existente. El est\u00e1ndar abarca la tecnolog\u00eda DOCSIS (FDx) d\u00faplex completo, que ofrece datos sim\u00e9tricos de velocidad de varios gigabits. En una red CATV est\u00e1ndar, las se\u00f1ales ascendentes y descendentes est\u00e1n separadas por dos bandas de espectro ... Read more","og_url":"https:\/\/emea.technetix.com\/es\/nuestra-vision\/docsis4-0-fdx\/","og_site_name":"Technetix EMEA","article_modified_time":"2024-02-08T10:16:36+00:00","og_image":[{"width":1920,"height":450,"url":"https:\/\/emea.technetix.com\/wp-content\/uploads\/sites\/2\/2023\/01\/SOLUTIONS_LARGE_D4-FDX_FINAL.jpg","type":"image\/jpeg"}],"twitter_card":"summary_large_image","twitter_site":"@technetixgroup","twitter_misc":{"Tiempo de lectura":"3 minutos"},"schema":{"@context":"https:\/\/schema.org","@graph":[{"@type":"WebPage","@id":"https:\/\/emea.technetix.com\/es\/nuestra-vision\/docsis4-0-fdx\/","url":"https:\/\/emea.technetix.com\/es\/nuestra-vision\/docsis4-0-fdx\/","name":"DOCSIS 4.0 FDx - Technetix EMEA","isPartOf":{"@id":"https:\/\/emea.technetix.com\/es\/#website"},"primaryImageOfPage":{"@id":"https:\/\/emea.technetix.com\/es\/nuestra-vision\/docsis4-0-fdx\/#primaryimage"},"image":{"@id":"https:\/\/emea.technetix.com\/es\/nuestra-vision\/docsis4-0-fdx\/#primaryimage"},"thumbnailUrl":"https:\/\/emea.technetix.com\/wp-content\/uploads\/sites\/2\/2023\/01\/SOLUTIONS_LARGE_D4-FDX_FINAL.jpg","datePublished":"2023-01-20T17:18:55+00:00","dateModified":"2024-02-08T10:16:36+00:00","breadcrumb":{"@id":"https:\/\/emea.technetix.com\/es\/nuestra-vision\/docsis4-0-fdx\/#breadcrumb"},"inLanguage":"es","potentialAction":[{"@type":"ReadAction","target":["https:\/\/emea.technetix.com\/es\/nuestra-vision\/docsis4-0-fdx\/"]}]},{"@type":"ImageObject","inLanguage":"es","@id":"https:\/\/emea.technetix.com\/es\/nuestra-vision\/docsis4-0-fdx\/#primaryimage","url":"https:\/\/emea.technetix.com\/wp-content\/uploads\/sites\/2\/2023\/01\/SOLUTIONS_LARGE_D4-FDX_FINAL.jpg","contentUrl":"https:\/\/emea.technetix.com\/wp-content\/uploads\/sites\/2\/2023\/01\/SOLUTIONS_LARGE_D4-FDX_FINAL.jpg","width":1920,"height":450,"caption":"DOCSIS 4.0 FDx"},{"@type":"BreadcrumbList","@id":"https:\/\/emea.technetix.com\/es\/nuestra-vision\/docsis4-0-fdx\/#breadcrumb","itemListElement":[{"@type":"ListItem","position":1,"name":"Home","item":"https:\/\/emea.technetix.com\/es\/"},{"@type":"ListItem","position":2,"name":"Nuestra visi\u00f3n","item":"https:\/\/emea.technetix.com\/es\/nuestra-vision\/"},{"@type":"ListItem","position":3,"name":"DOCSIS 4.0 FDx"}]},{"@type":"WebSite","@id":"https:\/\/emea.technetix.com\/es\/#website","url":"https:\/\/emea.technetix.com\/es\/","name":"Technetix","description":"Next-generation broadband equipment engineering","publisher":{"@id":"https:\/\/emea.technetix.com\/es\/#organization"},"potentialAction":[{"@type":"SearchAction","target":{"@type":"EntryPoint","urlTemplate":"https:\/\/emea.technetix.com\/es\/?s={search_term_string}"},"query-input":{"@type":"PropertyValueSpecification","valueRequired":true,"valueName":"search_term_string"}}],"inLanguage":"es"},{"@type":"Organization","@id":"https:\/\/emea.technetix.com\/es\/#organization","name":"Technetix","url":"https:\/\/emea.technetix.com\/es\/","logo":{"@type":"ImageObject","inLanguage":"es","@id":"https:\/\/emea.technetix.com\/es\/#\/schema\/logo\/image\/","url":"https:\/\/emea.technetix.com\/wp-content\/uploads\/sites\/2\/2023\/06\/logo-Technetix-1000x1000-1.png","contentUrl":"https:\/\/emea.technetix.com\/wp-content\/uploads\/sites\/2\/2023\/06\/logo-Technetix-1000x1000-1.png","width":1000,"height":1000,"caption":"Technetix"},"image":{"@id":"https:\/\/emea.technetix.com\/es\/#\/schema\/logo\/image\/"},"sameAs":["https:\/\/x.com\/technetixgroup","https:\/\/www.linkedin.com\/company\/technetix\/","https:\/\/www.youtube.com\/c\/Technetix-group"]}]}},"acf":[],"publishpress_future_workflow_manual_trigger":{"enabledWorkflows":[]},"_links":{"self":[{"href":"https:\/\/emea.technetix.com\/es\/wp-json\/wp\/v2\/pages\/7150","targetHints":{"allow":["GET"]}}],"collection":[{"href":"https:\/\/emea.technetix.com\/es\/wp-json\/wp\/v2\/pages"}],"about":[{"href":"https:\/\/emea.technetix.com\/es\/wp-json\/wp\/v2\/types\/page"}],"author":[{"embeddable":true,"href":"https:\/\/emea.technetix.com\/es\/wp-json\/wp\/v2\/users\/1"}],"replies":[{"embeddable":true,"href":"https:\/\/emea.technetix.com\/es\/wp-json\/wp\/v2\/comments?post=7150"}],"version-history":[{"count":0,"href":"https:\/\/emea.technetix.com\/es\/wp-json\/wp\/v2\/pages\/7150\/revisions"}],"up":[{"embeddable":true,"href":"https:\/\/emea.technetix.com\/es\/wp-json\/wp\/v2\/pages\/7340"}],"wp:featuredmedia":[{"embeddable":true,"href":"https:\/\/emea.technetix.com\/es\/wp-json\/wp\/v2\/media\/873"}],"wp:attachment":[{"href":"https:\/\/emea.technetix.com\/es\/wp-json\/wp\/v2\/media?parent=7150"}],"curies":[{"name":"wp","href":"https:\/\/api.w.org\/{rel}","templated":true}]}}