{"id":7148,"date":"2023-01-20T17:17:31","date_gmt":"2023-01-20T17:17:31","guid":{"rendered":"https:\/\/emea.technetix.com\/docsis4-0-esd\/"},"modified":"2024-02-08T10:14:59","modified_gmt":"2024-02-08T10:14:59","slug":"docsis4-0-esd","status":"publish","type":"page","link":"https:\/\/emea.technetix.com\/es\/nuestra-vision\/docsis4-0-esd\/","title":{"rendered":"Actualice su red a Extended Spectrum (ESD) DOCSIS 4.0"},"content":{"rendered":"<div class=\"gb-container gb-container-f86f3f4f gb-container-hero-banner\"><div class=\"gb-inside-container\"><\/div><\/div>\n\n<div class=\"gb-container gb-container-3e14eda9 gb-container-inner-back-page-con\">\n<h1 class=\"gb-headline gb-headline-e1547755 gb-headline-text\">Actualice su red a Extended Spectrum (ESD) DOCSIS 4.0<\/h1>\n\n\n<ul class=\"wp-block-list\">\n<li>Mayor capacidad de subida (10 Gbps de bajada y 6 Gbps de subida)<\/li>\n\n\n\n<li>Menor latencia<\/li>\n\n\n\n<li>Seguridad mejorada<\/li>\n\n\n\n<li>Admite tr\u00e1fico sim\u00e9trico<\/li>\n<\/ul>\n\n\n\n<p class=\"gb-headline gb-headline-6656b5c3 gb-headline-text\">ESD utiliza m\u00e1s espectro en la red::<\/p>\n\n\n\n<ul class=\"wp-block-list\">\n<li>Rango de frecuencia descendente de hasta 1800 MHz, pr\u00f3ximamente 3 GHz.<\/li>\n\n\n\n<li>Rangos de frecuencia ascendente hasta 684 MHz<\/li>\n\n\n\n<li>La divisi\u00f3n de frecuencia ascendente \/ descendente flexible respalda el crecimiento de su red. <\/li>\n\n\n\n<li>Divisi\u00f3n m\u00e1s alta 684\/834 MHz.<\/li>\n<\/ul>\n\n\n\n<p class=\"gb-headline gb-headline-4d1213c3 gb-headline-text\">El tr\u00e1fico ascendente y descendente est\u00e1 separado. ESD admite un esquema de modulaci\u00f3n m\u00e1s robusto conocido como multiplexaci\u00f3n por divisi\u00f3n de frecuencia ortogonal (OFDM), correcci\u00f3n avanzada de errores de reenv\u00edo y administraci\u00f3n avanzada. Esto da como resultado una baja latencia y un transporte de datos robusto que admite 8K QAM. Rango de frecuencia dividida alta de DOCSIS 4.0 ESD <\/p>\n\n\n\n<figure class=\"gb-block-image gb-block-image-61e35e7d\"><img loading=\"lazy\" decoding=\"async\" width=\"1201\" height=\"96\" class=\"gb-image gb-image-61e35e7d\" src=\"https:\/\/emea.technetix.com\/wp-content\/uploads\/sites\/2\/2023\/01\/DS4.png\" alt=\"\" srcset=\"https:\/\/emea.technetix.com\/wp-content\/uploads\/sites\/2\/2023\/01\/DS4.png 1201w, https:\/\/emea.technetix.com\/wp-content\/uploads\/sites\/2\/2023\/01\/DS4-300x24.png 300w, https:\/\/emea.technetix.com\/wp-content\/uploads\/sites\/2\/2023\/01\/DS4-1024x82.png 1024w, https:\/\/emea.technetix.com\/wp-content\/uploads\/sites\/2\/2023\/01\/DS4-768x61.png 768w, https:\/\/emea.technetix.com\/wp-content\/uploads\/sites\/2\/2023\/01\/DS4-600x48.png 600w\" sizes=\"auto, (max-width: 1201px) 100vw, 1201px\" \/><\/figure>\n\n\n\n<p class=\"gb-headline gb-headline-69155a85 gb-headline-text gb-headline-image-caption\">DOCSIS 4.0 ESD high split frequency range<\/p>\n\n\n\n<h2 class=\"gb-headline gb-headline-6b17d0fd gb-headline-text gb-headline-h2-in-content\">\u00bfQu\u00e9 impacto tiene la ESD en la red?<\/h2>\n\n\n\n<p class=\"gb-headline gb-headline-623f5b86 gb-headline-text\">Todos los componentes de red y dom\u00e9sticos deben especificarse hasta 1800 MHz (m\u00ednimo) y tambi\u00e9n debe admitirse un rango de frecuencia de bajada de hasta 684 MHz. Se requieren soluciones flexibles como la gama DBx de nodos y amplificadores de red con diplexores y m\u00f3dulos amplificadores enchufables o conmutables. Alternativamente, el amplificador de direcci\u00f3n neutral (DNA), amplificador de 1.8 GHz sin filtro diplex es perfecto en este escenario.  <\/p>\n\n\n\n<h2 class=\"gb-headline gb-headline-4b572e45 gb-headline-text gb-headline-h2-in-content\">\u00bfProblemas potenciales?<\/h2>\n\n\n\n<p class=\"gb-headline gb-headline-c9b08205 gb-headline-text\">DOCSIS 4.0 ESD es un protocolo robusto, pero los componentes de alta calidad son cruciales. La interferencia de dispositivos adyacentes podr\u00eda ser un problema cuando la ESD coexiste con una plataforma heredada. Algunas derivaciones para exteriores y pasivos de l\u00ednea heredados incorporan interruptores de derivaci\u00f3n en la caja posterior, lo que puede causar problemas cuando se montan placas frontales nuevas de 1800 MHz, ya que algunos de los switch presentan una resonancia severa en el rango de 1300-1600 MHz.  <\/p>\n\n<\/div>\n\n<div class=\"gb-container gb-container-172b366a gb-container-con-buttons-bottom\">\n\n<h2 class=\"gb-headline gb-headline-7ce6fa4b gb-headline-text gb-headline-head-bottom-buttons\">Enlaces de inter\u00e9s<\/h2>\n\n\n<div class=\"gb-button-wrapper gb-button-wrapper-5300c273 gb-button-wrapper-after-con-buttons\">\n\n<a class=\"gb-button gb-button-5e4e6530 gb-button-text gb-button-bottom-button\" href=\"https:\/\/emea.technetix.com\/es\/redes-hfc\/multitaps-y-pasivos-de-linea\/taps-xgt\/\">Taps XGT<\/a>\n\n\n\n<a class=\"gb-button gb-button-3eadfa91 gb-button-text gb-button-bottom-button\" href=\"https:\/\/emea.technetix.com\/es\/redes-hfc\/amplificadores-para-la-red-de-acceso\/dnn\/dna-1800\/\">DNA-1800<\/a>\n\n\n\n<a class=\"gb-button gb-button-4ceed201 gb-button-text gb-button-bottom-button\" href=\"https:\/\/emea.technetix.com\/es\/redes-hfc\/amplificadores-para-la-red-de-acceso\/amplificadores-inteligentes-de-rf-dbx\/\">Amplificadores inteligentes de RF DBx<\/a>\n\n\n\n<a class=\"gb-button gb-button-903f7f13 gb-button-text gb-button-bottom-button\" href=\"https:\/\/emea.technetix.com\/es\/productos\/tecnologia-de-banda-ancha\/acondicionamiento-de-senal\/\">Acondicionamiento de se\u00f1al 1.8 GHz<\/a>\n\n\n\n<a class=\"gb-button gb-button-74bfad52 gb-button-text gb-button-bottom-button\" href=\"https:\/\/emea.technetix.com\/es\/contactenos\/\">Cont\u00e1ctenos<\/a>\n\n<\/div>\n<\/div>","protected":false},"excerpt":{"rendered":"<p>Actualice su red a Extended Spectrum (ESD) DOCSIS 4.0 ESD utiliza m\u00e1s espectro en la red:: El tr\u00e1fico ascendente y descendente est\u00e1 separado. ESD admite un esquema de modulaci\u00f3n m\u00e1s robusto conocido como multiplexaci\u00f3n por divisi\u00f3n de frecuencia ortogonal (OFDM), correcci\u00f3n avanzada de errores de reenv\u00edo y administraci\u00f3n avanzada. Esto da como resultado una baja &#8230; <a title=\"Actualice su red a Extended Spectrum (ESD) DOCSIS 4.0\" class=\"read-more\" href=\"https:\/\/emea.technetix.com\/es\/nuestra-vision\/docsis4-0-esd\/\" aria-label=\"Leer m\u00e1s sobre Actualice su red a Extended Spectrum (ESD) DOCSIS 4.0\">Read more<\/a><\/p>\n","protected":false},"author":1,"featured_media":870,"parent":7340,"menu_order":0,"comment_status":"closed","ping_status":"closed","template":"","meta":{"_acf_changed":false,"_gspb_post_css":"","footnotes":""},"class_list":["post-7148","page","type-page","status-publish","has-post-thumbnail"],"yoast_head":"<!-- This site is optimized with the Yoast SEO Premium plugin v22.5 (Yoast SEO v27.4) - https:\/\/yoast.com\/product\/yoast-seo-premium-wordpress\/ -->\n<title>Actualice su red a Extended Spectrum (ESD) DOCSIS 4.0 - Technetix EMEA<\/title>\n<meta name=\"robots\" content=\"index, follow, max-snippet:-1, max-image-preview:large, max-video-preview:-1\" \/>\n<link rel=\"canonical\" href=\"https:\/\/emea.technetix.com\/es\/nuestra-vision\/docsis4-0-esd\/\" \/>\n<meta property=\"og:locale\" content=\"es_ES\" \/>\n<meta property=\"og:type\" content=\"article\" \/>\n<meta property=\"og:title\" content=\"Actualice su red a Extended Spectrum (ESD) DOCSIS 4.0 - Technetix EMEA\" \/>\n<meta property=\"og:description\" content=\"Actualice su red a Extended Spectrum (ESD) DOCSIS 4.0 ESD utiliza m\u00e1s espectro en la red:: El tr\u00e1fico ascendente y descendente est\u00e1 separado. ESD admite un esquema de modulaci\u00f3n m\u00e1s robusto conocido como multiplexaci\u00f3n por divisi\u00f3n de frecuencia ortogonal (OFDM), correcci\u00f3n avanzada de errores de reenv\u00edo y administraci\u00f3n avanzada. Esto da como resultado una baja ... Read more\" \/>\n<meta property=\"og:url\" content=\"https:\/\/emea.technetix.com\/es\/nuestra-vision\/docsis4-0-esd\/\" \/>\n<meta property=\"og:site_name\" content=\"Technetix EMEA\" \/>\n<meta property=\"article:modified_time\" content=\"2024-02-08T10:14:59+00:00\" \/>\n<meta property=\"og:image\" content=\"https:\/\/emea.technetix.com\/wp-content\/uploads\/sites\/2\/2023\/01\/SOLUTIONS_LARGE_D4-ESD_FINAL.jpg\" \/>\n\t<meta property=\"og:image:width\" content=\"1920\" \/>\n\t<meta property=\"og:image:height\" content=\"450\" \/>\n\t<meta property=\"og:image:type\" content=\"image\/jpeg\" \/>\n<meta name=\"twitter:card\" content=\"summary_large_image\" \/>\n<meta name=\"twitter:site\" content=\"@technetixgroup\" \/>\n<script type=\"application\/ld+json\" class=\"yoast-schema-graph\">{\"@context\":\"https:\\\/\\\/schema.org\",\"@graph\":[{\"@type\":\"WebPage\",\"@id\":\"https:\\\/\\\/emea.technetix.com\\\/es\\\/nuestra-vision\\\/docsis4-0-esd\\\/\",\"url\":\"https:\\\/\\\/emea.technetix.com\\\/es\\\/nuestra-vision\\\/docsis4-0-esd\\\/\",\"name\":\"Actualice su red a Extended Spectrum (ESD) DOCSIS 4.0 - Technetix EMEA\",\"isPartOf\":{\"@id\":\"https:\\\/\\\/emea.technetix.com\\\/es\\\/#website\"},\"primaryImageOfPage\":{\"@id\":\"https:\\\/\\\/emea.technetix.com\\\/es\\\/nuestra-vision\\\/docsis4-0-esd\\\/#primaryimage\"},\"image\":{\"@id\":\"https:\\\/\\\/emea.technetix.com\\\/es\\\/nuestra-vision\\\/docsis4-0-esd\\\/#primaryimage\"},\"thumbnailUrl\":\"https:\\\/\\\/emea.technetix.com\\\/wp-content\\\/uploads\\\/sites\\\/2\\\/2023\\\/01\\\/SOLUTIONS_LARGE_D4-ESD_FINAL.jpg\",\"datePublished\":\"2023-01-20T17:17:31+00:00\",\"dateModified\":\"2024-02-08T10:14:59+00:00\",\"breadcrumb\":{\"@id\":\"https:\\\/\\\/emea.technetix.com\\\/es\\\/nuestra-vision\\\/docsis4-0-esd\\\/#breadcrumb\"},\"inLanguage\":\"es\",\"potentialAction\":[{\"@type\":\"ReadAction\",\"target\":[\"https:\\\/\\\/emea.technetix.com\\\/es\\\/nuestra-vision\\\/docsis4-0-esd\\\/\"]}]},{\"@type\":\"ImageObject\",\"inLanguage\":\"es\",\"@id\":\"https:\\\/\\\/emea.technetix.com\\\/es\\\/nuestra-vision\\\/docsis4-0-esd\\\/#primaryimage\",\"url\":\"https:\\\/\\\/emea.technetix.com\\\/wp-content\\\/uploads\\\/sites\\\/2\\\/2023\\\/01\\\/SOLUTIONS_LARGE_D4-ESD_FINAL.jpg\",\"contentUrl\":\"https:\\\/\\\/emea.technetix.com\\\/wp-content\\\/uploads\\\/sites\\\/2\\\/2023\\\/01\\\/SOLUTIONS_LARGE_D4-ESD_FINAL.jpg\",\"width\":1920,\"height\":450},{\"@type\":\"BreadcrumbList\",\"@id\":\"https:\\\/\\\/emea.technetix.com\\\/es\\\/nuestra-vision\\\/docsis4-0-esd\\\/#breadcrumb\",\"itemListElement\":[{\"@type\":\"ListItem\",\"position\":1,\"name\":\"Home\",\"item\":\"https:\\\/\\\/emea.technetix.com\\\/es\\\/\"},{\"@type\":\"ListItem\",\"position\":2,\"name\":\"Nuestra visi\u00f3n\",\"item\":\"https:\\\/\\\/emea.technetix.com\\\/es\\\/nuestra-vision\\\/\"},{\"@type\":\"ListItem\",\"position\":3,\"name\":\"Actualice su red a Extended Spectrum (ESD) DOCSIS 4.0\"}]},{\"@type\":\"WebSite\",\"@id\":\"https:\\\/\\\/emea.technetix.com\\\/es\\\/#website\",\"url\":\"https:\\\/\\\/emea.technetix.com\\\/es\\\/\",\"name\":\"Technetix\",\"description\":\"Next-generation broadband equipment engineering\",\"publisher\":{\"@id\":\"https:\\\/\\\/emea.technetix.com\\\/es\\\/#organization\"},\"potentialAction\":[{\"@type\":\"SearchAction\",\"target\":{\"@type\":\"EntryPoint\",\"urlTemplate\":\"https:\\\/\\\/emea.technetix.com\\\/es\\\/?s={search_term_string}\"},\"query-input\":{\"@type\":\"PropertyValueSpecification\",\"valueRequired\":true,\"valueName\":\"search_term_string\"}}],\"inLanguage\":\"es\"},{\"@type\":\"Organization\",\"@id\":\"https:\\\/\\\/emea.technetix.com\\\/es\\\/#organization\",\"name\":\"Technetix\",\"url\":\"https:\\\/\\\/emea.technetix.com\\\/es\\\/\",\"logo\":{\"@type\":\"ImageObject\",\"inLanguage\":\"es\",\"@id\":\"https:\\\/\\\/emea.technetix.com\\\/es\\\/#\\\/schema\\\/logo\\\/image\\\/\",\"url\":\"https:\\\/\\\/emea.technetix.com\\\/wp-content\\\/uploads\\\/sites\\\/2\\\/2023\\\/06\\\/logo-Technetix-1000x1000-1.png\",\"contentUrl\":\"https:\\\/\\\/emea.technetix.com\\\/wp-content\\\/uploads\\\/sites\\\/2\\\/2023\\\/06\\\/logo-Technetix-1000x1000-1.png\",\"width\":1000,\"height\":1000,\"caption\":\"Technetix\"},\"image\":{\"@id\":\"https:\\\/\\\/emea.technetix.com\\\/es\\\/#\\\/schema\\\/logo\\\/image\\\/\"},\"sameAs\":[\"https:\\\/\\\/x.com\\\/technetixgroup\",\"https:\\\/\\\/www.linkedin.com\\\/company\\\/technetix\\\/\",\"https:\\\/\\\/www.youtube.com\\\/c\\\/Technetix-group\"]}]}<\/script>\n<!-- \/ Yoast SEO Premium plugin. -->","yoast_head_json":{"title":"Actualice su red a Extended Spectrum (ESD) DOCSIS 4.0 - Technetix EMEA","robots":{"index":"index","follow":"follow","max-snippet":"max-snippet:-1","max-image-preview":"max-image-preview:large","max-video-preview":"max-video-preview:-1"},"canonical":"https:\/\/emea.technetix.com\/es\/nuestra-vision\/docsis4-0-esd\/","og_locale":"es_ES","og_type":"article","og_title":"Actualice su red a Extended Spectrum (ESD) DOCSIS 4.0 - Technetix EMEA","og_description":"Actualice su red a Extended Spectrum (ESD) DOCSIS 4.0 ESD utiliza m\u00e1s espectro en la red:: El tr\u00e1fico ascendente y descendente est\u00e1 separado. ESD admite un esquema de modulaci\u00f3n m\u00e1s robusto conocido como multiplexaci\u00f3n por divisi\u00f3n de frecuencia ortogonal (OFDM), correcci\u00f3n avanzada de errores de reenv\u00edo y administraci\u00f3n avanzada. Esto da como resultado una baja ... Read more","og_url":"https:\/\/emea.technetix.com\/es\/nuestra-vision\/docsis4-0-esd\/","og_site_name":"Technetix EMEA","article_modified_time":"2024-02-08T10:14:59+00:00","og_image":[{"width":1920,"height":450,"url":"https:\/\/emea.technetix.com\/wp-content\/uploads\/sites\/2\/2023\/01\/SOLUTIONS_LARGE_D4-ESD_FINAL.jpg","type":"image\/jpeg"}],"twitter_card":"summary_large_image","twitter_site":"@technetixgroup","schema":{"@context":"https:\/\/schema.org","@graph":[{"@type":"WebPage","@id":"https:\/\/emea.technetix.com\/es\/nuestra-vision\/docsis4-0-esd\/","url":"https:\/\/emea.technetix.com\/es\/nuestra-vision\/docsis4-0-esd\/","name":"Actualice su red a Extended Spectrum (ESD) DOCSIS 4.0 - Technetix EMEA","isPartOf":{"@id":"https:\/\/emea.technetix.com\/es\/#website"},"primaryImageOfPage":{"@id":"https:\/\/emea.technetix.com\/es\/nuestra-vision\/docsis4-0-esd\/#primaryimage"},"image":{"@id":"https:\/\/emea.technetix.com\/es\/nuestra-vision\/docsis4-0-esd\/#primaryimage"},"thumbnailUrl":"https:\/\/emea.technetix.com\/wp-content\/uploads\/sites\/2\/2023\/01\/SOLUTIONS_LARGE_D4-ESD_FINAL.jpg","datePublished":"2023-01-20T17:17:31+00:00","dateModified":"2024-02-08T10:14:59+00:00","breadcrumb":{"@id":"https:\/\/emea.technetix.com\/es\/nuestra-vision\/docsis4-0-esd\/#breadcrumb"},"inLanguage":"es","potentialAction":[{"@type":"ReadAction","target":["https:\/\/emea.technetix.com\/es\/nuestra-vision\/docsis4-0-esd\/"]}]},{"@type":"ImageObject","inLanguage":"es","@id":"https:\/\/emea.technetix.com\/es\/nuestra-vision\/docsis4-0-esd\/#primaryimage","url":"https:\/\/emea.technetix.com\/wp-content\/uploads\/sites\/2\/2023\/01\/SOLUTIONS_LARGE_D4-ESD_FINAL.jpg","contentUrl":"https:\/\/emea.technetix.com\/wp-content\/uploads\/sites\/2\/2023\/01\/SOLUTIONS_LARGE_D4-ESD_FINAL.jpg","width":1920,"height":450},{"@type":"BreadcrumbList","@id":"https:\/\/emea.technetix.com\/es\/nuestra-vision\/docsis4-0-esd\/#breadcrumb","itemListElement":[{"@type":"ListItem","position":1,"name":"Home","item":"https:\/\/emea.technetix.com\/es\/"},{"@type":"ListItem","position":2,"name":"Nuestra visi\u00f3n","item":"https:\/\/emea.technetix.com\/es\/nuestra-vision\/"},{"@type":"ListItem","position":3,"name":"Actualice su red a Extended Spectrum (ESD) DOCSIS 4.0"}]},{"@type":"WebSite","@id":"https:\/\/emea.technetix.com\/es\/#website","url":"https:\/\/emea.technetix.com\/es\/","name":"Technetix","description":"Next-generation broadband equipment engineering","publisher":{"@id":"https:\/\/emea.technetix.com\/es\/#organization"},"potentialAction":[{"@type":"SearchAction","target":{"@type":"EntryPoint","urlTemplate":"https:\/\/emea.technetix.com\/es\/?s={search_term_string}"},"query-input":{"@type":"PropertyValueSpecification","valueRequired":true,"valueName":"search_term_string"}}],"inLanguage":"es"},{"@type":"Organization","@id":"https:\/\/emea.technetix.com\/es\/#organization","name":"Technetix","url":"https:\/\/emea.technetix.com\/es\/","logo":{"@type":"ImageObject","inLanguage":"es","@id":"https:\/\/emea.technetix.com\/es\/#\/schema\/logo\/image\/","url":"https:\/\/emea.technetix.com\/wp-content\/uploads\/sites\/2\/2023\/06\/logo-Technetix-1000x1000-1.png","contentUrl":"https:\/\/emea.technetix.com\/wp-content\/uploads\/sites\/2\/2023\/06\/logo-Technetix-1000x1000-1.png","width":1000,"height":1000,"caption":"Technetix"},"image":{"@id":"https:\/\/emea.technetix.com\/es\/#\/schema\/logo\/image\/"},"sameAs":["https:\/\/x.com\/technetixgroup","https:\/\/www.linkedin.com\/company\/technetix\/","https:\/\/www.youtube.com\/c\/Technetix-group"]}]}},"acf":[],"publishpress_future_workflow_manual_trigger":{"enabledWorkflows":[]},"_links":{"self":[{"href":"https:\/\/emea.technetix.com\/es\/wp-json\/wp\/v2\/pages\/7148","targetHints":{"allow":["GET"]}}],"collection":[{"href":"https:\/\/emea.technetix.com\/es\/wp-json\/wp\/v2\/pages"}],"about":[{"href":"https:\/\/emea.technetix.com\/es\/wp-json\/wp\/v2\/types\/page"}],"author":[{"embeddable":true,"href":"https:\/\/emea.technetix.com\/es\/wp-json\/wp\/v2\/users\/1"}],"replies":[{"embeddable":true,"href":"https:\/\/emea.technetix.com\/es\/wp-json\/wp\/v2\/comments?post=7148"}],"version-history":[{"count":0,"href":"https:\/\/emea.technetix.com\/es\/wp-json\/wp\/v2\/pages\/7148\/revisions"}],"up":[{"embeddable":true,"href":"https:\/\/emea.technetix.com\/es\/wp-json\/wp\/v2\/pages\/7340"}],"wp:featuredmedia":[{"embeddable":true,"href":"https:\/\/emea.technetix.com\/es\/wp-json\/wp\/v2\/media\/870"}],"wp:attachment":[{"href":"https:\/\/emea.technetix.com\/es\/wp-json\/wp\/v2\/media?parent=7148"}],"curies":[{"name":"wp","href":"https:\/\/api.w.org\/{rel}","templated":true}]}}