{"id":7144,"date":"2023-01-20T17:16:33","date_gmt":"2023-01-20T17:16:33","guid":{"rendered":"https:\/\/emea.technetix.com\/arquitectura-de-ganancia-distribuida\/"},"modified":"2024-02-08T10:13:38","modified_gmt":"2024-02-08T10:13:38","slug":"arquitectura-de-ganancia-distribuida","status":"publish","type":"page","link":"https:\/\/emea.technetix.com\/es\/nuestra-vision\/arquitectura-de-ganancia-distribuida\/","title":{"rendered":"Arquitectura de ganancia distribuida"},"content":{"rendered":"<div class=\"gb-container gb-container-f86f3f4f gb-container-hero-banner\"><div class=\"gb-inside-container\"><\/div><\/div>\n\n<div class=\"gb-container gb-container-bbf9251f gb-container-inner-back-page-con\">\n<h1 class=\"gb-headline gb-headline-e1547755 gb-headline-text\">Arquitectura de ganancia distribuida<\/h1>\n\n\n<h2 class=\"gb-headline gb-headline-d02c52e4 gb-headline-text\">La arquitectura de ganancia distribuida (DGA) est\u00e1 dise\u00f1ada para ayudar a los operadores a lograr m\u00e1s por menos de su red coaxial:<\/h2>\n\n\n\n<ul class=\"wp-block-list\">\n<li>Mas capacidad<\/li>\n\n\n\n<li>M\u00e1s flexibilidad<\/li>\n\n\n\n<li>M\u00e1s confiabilidad<\/li>\n\n\n\n<li>Menos mano de obra<\/li>\n\n\n\n<li>Menor consumo de energ\u00eda<\/li>\n<\/ul>\n\n\n\n<p class=\"gb-headline gb-headline-6656b5c3 gb-headline-text\">DGA le brinda la posibilidad de generar m\u00e1s ingresos con menos gastos, m\u00e1s por menos.<\/p>\n\n\n\n<h2 class=\"gb-headline gb-headline-6b17d0fd gb-headline-text gb-headline-h2-in-content\">\u00bfC\u00f3mo es esto posible?<\/h2>\n\n\n\n<p class=\"gb-headline gb-headline-623f5b86 gb-headline-text\">Se construye una red coaxial de fibra h\u00edbrida (HFC) para transportar datos y se\u00f1ales de televisi\u00f3n desde la cabecera hasta el hogar del suscriptor. A medida que la se\u00f1al viaja a trav\u00e9s del cable coaxial desde la cabecera, pierde potencia, por lo que se colocan amplificadores a lo largo del cable para ganar se\u00f1al y superar la p\u00e9rdida. A medida que aumentan tanto la velocidad como las frecuencias, se pierde a\u00fan m\u00e1s nivel y los amplificadores necesitan trabajar m\u00e1s.  <\/p>\n\n\n\n<p class=\"gb-headline gb-headline-767d4658 gb-headline-text\">La relaci\u00f3n entre el nivel creado por un amplificador y la potencia necesaria para crearlo empeora a medida que aumenta el nivel. La arquitectura de ganancia distribuida utiliza amplificadores m\u00e1s peque\u00f1os con un nivel de se\u00f1al extremadamente alto frente a una relaci\u00f3n de potencia, lo que hace posible cruzar una cierta longitud de cable coaxial con solo 1\/3 del consumo de energ\u00eda en comparaci\u00f3n con la forma tradicional de construir redes. <\/p>\n\n\n\n<figure class=\"gb-block-image gb-block-image-f5380205\"><img loading=\"lazy\" decoding=\"async\" width=\"1920\" height=\"707\" class=\"gb-image gb-image-f5380205\" src=\"https:\/\/emea.technetix.com\/wp-content\/uploads\/sites\/2\/2023\/01\/DIAGRAM_FINAL_DGA_1920px.jpeg\" alt=\"\" srcset=\"https:\/\/emea.technetix.com\/wp-content\/uploads\/sites\/2\/2023\/01\/DIAGRAM_FINAL_DGA_1920px.jpeg 1920w, https:\/\/emea.technetix.com\/wp-content\/uploads\/sites\/2\/2023\/01\/DIAGRAM_FINAL_DGA_1920px-300x110.jpeg 300w, https:\/\/emea.technetix.com\/wp-content\/uploads\/sites\/2\/2023\/01\/DIAGRAM_FINAL_DGA_1920px-1024x377.jpeg 1024w, https:\/\/emea.technetix.com\/wp-content\/uploads\/sites\/2\/2023\/01\/DIAGRAM_FINAL_DGA_1920px-768x283.jpeg 768w, https:\/\/emea.technetix.com\/wp-content\/uploads\/sites\/2\/2023\/01\/DIAGRAM_FINAL_DGA_1920px-1536x566.jpeg 1536w, https:\/\/emea.technetix.com\/wp-content\/uploads\/sites\/2\/2023\/01\/DIAGRAM_FINAL_DGA_1920px-600x221.jpeg 600w\" sizes=\"auto, (max-width: 1920px) 100vw, 1920px\" \/><\/figure>\n\n\n\n<p class=\"gb-headline gb-headline-6543274b gb-headline-text gb-headline-image-caption\">La red actual: alta ganancia, alta potencia<\/p>\n\n\n\n<figure class=\"gb-block-image gb-block-image-228e3ad1\"><img loading=\"lazy\" decoding=\"async\" width=\"1920\" height=\"475\" class=\"gb-image gb-image-228e3ad1\" src=\"https:\/\/emea.technetix.com\/wp-content\/uploads\/sites\/2\/2023\/01\/DIAGRAM_FINAL_DGA2_1920px.jpeg\" alt=\"\" srcset=\"https:\/\/emea.technetix.com\/wp-content\/uploads\/sites\/2\/2023\/01\/DIAGRAM_FINAL_DGA2_1920px.jpeg 1920w, https:\/\/emea.technetix.com\/wp-content\/uploads\/sites\/2\/2023\/01\/DIAGRAM_FINAL_DGA2_1920px-300x74.jpeg 300w, https:\/\/emea.technetix.com\/wp-content\/uploads\/sites\/2\/2023\/01\/DIAGRAM_FINAL_DGA2_1920px-1024x253.jpeg 1024w, https:\/\/emea.technetix.com\/wp-content\/uploads\/sites\/2\/2023\/01\/DIAGRAM_FINAL_DGA2_1920px-768x190.jpeg 768w, https:\/\/emea.technetix.com\/wp-content\/uploads\/sites\/2\/2023\/01\/DIAGRAM_FINAL_DGA2_1920px-1536x380.jpeg 1536w, https:\/\/emea.technetix.com\/wp-content\/uploads\/sites\/2\/2023\/01\/DIAGRAM_FINAL_DGA2_1920px-600x148.jpeg 600w\" sizes=\"auto, (max-width: 1920px) 100vw, 1920px\" \/><\/figure>\n\n\n\n<p class=\"gb-headline gb-headline-52ff7817 gb-headline-text gb-headline-image-caption\">Arquitectura de ganancia distribuida (DGA)<\/p>\n\n\n\n<p class=\"gb-headline gb-headline-c9b08205 gb-headline-text\">Debido al menor consumo de energ\u00eda y los componentes de mayor eficiencia energ\u00e9tica, el amplificador utilizado en DGA genera mucho menos calor. Esto significa que hay mucho menos estr\u00e9s en un amplificador DGA, lo que a su vez lo hace 10 veces m\u00e1s confiable. <\/p>\n\n\n\n<p class=\"gb-headline gb-headline-399aa230 gb-headline-text\">Un beneficio adicional de DGA es el nivel y la calidad de la se\u00f1al. Como la relaci\u00f3n ganancia \/ potencia es superior con DGA, los amplificadores son mucho m\u00e1s peque\u00f1os (del tama\u00f1o de un tap exterior) y, por lo tanto, se pueden colocar donde sea necesario. De esta manera, las \u00e1reas donde se produce la intermodulaci\u00f3n y el ruido en un amplificador dan como resultado niveles y calidad de se\u00f1al mucho mejores, lo que significa que se pueden usar esquemas de modulaci\u00f3n m\u00e1s altos y se pueden enviar m\u00e1s datos a trav\u00e9s de la red.  <\/p>\n\n\n\n<p class=\"gb-headline gb-headline-51171ed7 gb-headline-text\">La investigaci\u00f3n sobre el costo total de propiedad (TCO) y la capacidad muestra que se puede generar un 40% m\u00e1s de capacidad de datos con un 37% menos de TCO durante 10 a\u00f1os.<\/p>\n\n<\/div>\n\n<div class=\"gb-container gb-container-4d40766b gb-container-con-buttons-bottom\">\n\n<h2 class=\"gb-headline gb-headline-7ce6fa4b gb-headline-text gb-headline-head-bottom-buttons\">Enlaces de inter\u00e9s<\/h2>\n\n\n<div class=\"gb-button-wrapper gb-button-wrapper-5300c273 gb-button-wrapper-after-con-buttons\">\n\n<a class=\"gb-button gb-button-5e4e6530 gb-button-text gb-button-bottom-button\" href=\"https:\/\/emea.technetix.com\/es\/redes-hfc\/amplificadores-para-la-red-de-acceso\/dnn\/dna-1800\/\">DNA-1800<\/a>\n\n\n\n<a class=\"gb-button gb-button-ff3bad62 gb-button-text gb-button-bottom-button\" href=\"https:\/\/emea.technetix.com\/es\/consultoria-de-redes\/\">Consultor\u00eda de redes<\/a>\n\n\n\n<a class=\"gb-button gb-button-e7a0fe73 gb-button-text gb-button-bottom-button\" href=\"https:\/\/emea.technetix.com\/es\/technetix-academy\/\">Technetix Academy<\/a>\n\n\n\n<a class=\"gb-button gb-button-3eadfa91 gb-button-text gb-button-bottom-button\" href=\"https:\/\/emea.technetix.com\/wp-content\/uploads\/sites\/2\/2023\/02\/DGA_WP_EN.pdf\" target=\"_blank\" rel=\"noopener noreferrer\">White paper<\/a>\n\n\n\n<a class=\"gb-button gb-button-74bfad52 gb-button-text gb-button-bottom-button\" href=\"https:\/\/emea.technetix.com\/es\/contactenos\/\">Cont\u00e1ctenos<\/a>\n\n<\/div>\n<\/div>","protected":false},"excerpt":{"rendered":"<p>Arquitectura de ganancia distribuida La arquitectura de ganancia distribuida (DGA) est\u00e1 dise\u00f1ada para ayudar a los operadores a lograr m\u00e1s por menos de su red coaxial: DGA le brinda la posibilidad de generar m\u00e1s ingresos con menos gastos, m\u00e1s por menos. \u00bfC\u00f3mo es esto posible? Se construye una red coaxial de fibra h\u00edbrida (HFC) para &#8230; <a title=\"Arquitectura de ganancia distribuida\" class=\"read-more\" href=\"https:\/\/emea.technetix.com\/es\/nuestra-vision\/arquitectura-de-ganancia-distribuida\/\" aria-label=\"Leer m\u00e1s sobre Arquitectura de ganancia distribuida\">Read more<\/a><\/p>\n","protected":false},"author":1,"featured_media":13192,"parent":7340,"menu_order":0,"comment_status":"closed","ping_status":"closed","template":"","meta":{"_acf_changed":false,"_gspb_post_css":"","footnotes":""},"class_list":["post-7144","page","type-page","status-publish","has-post-thumbnail"],"yoast_head":"<!-- This site is optimized with the Yoast SEO Premium plugin v22.5 (Yoast SEO v27.4) - https:\/\/yoast.com\/product\/yoast-seo-premium-wordpress\/ -->\n<title>Arquitectura de ganancia distribuida - Technetix EMEA<\/title>\n<meta name=\"robots\" content=\"index, follow, max-snippet:-1, max-image-preview:large, max-video-preview:-1\" \/>\n<link rel=\"canonical\" href=\"https:\/\/emea.technetix.com\/es\/nuestra-vision\/arquitectura-de-ganancia-distribuida\/\" \/>\n<meta property=\"og:locale\" content=\"es_ES\" \/>\n<meta property=\"og:type\" content=\"article\" \/>\n<meta property=\"og:title\" content=\"Arquitectura de ganancia distribuida - Technetix EMEA\" \/>\n<meta property=\"og:description\" content=\"Arquitectura de ganancia distribuida La arquitectura de ganancia distribuida (DGA) est\u00e1 dise\u00f1ada para ayudar a los operadores a lograr m\u00e1s por menos de su red coaxial: DGA le brinda la posibilidad de generar m\u00e1s ingresos con menos gastos, m\u00e1s por menos. \u00bfC\u00f3mo es esto posible? Se construye una red coaxial de fibra h\u00edbrida (HFC) para ... Read more\" \/>\n<meta property=\"og:url\" content=\"https:\/\/emea.technetix.com\/es\/nuestra-vision\/arquitectura-de-ganancia-distribuida\/\" \/>\n<meta property=\"og:site_name\" content=\"Technetix EMEA\" \/>\n<meta property=\"article:modified_time\" content=\"2024-02-08T10:13:38+00:00\" \/>\n<meta property=\"og:image\" content=\"https:\/\/emea.technetix.com\/wp-content\/uploads\/sites\/2\/2023\/04\/SOLUTIONS_LARGE_DGA_ES_FINAL.jpeg\" \/>\n\t<meta property=\"og:image:width\" content=\"1920\" \/>\n\t<meta property=\"og:image:height\" content=\"450\" \/>\n\t<meta property=\"og:image:type\" content=\"image\/jpeg\" \/>\n<meta name=\"twitter:card\" content=\"summary_large_image\" \/>\n<meta name=\"twitter:site\" content=\"@technetixgroup\" \/>\n<meta name=\"twitter:label1\" content=\"Tiempo de lectura\" \/>\n\t<meta name=\"twitter:data1\" content=\"3 minutos\" \/>\n<script type=\"application\/ld+json\" class=\"yoast-schema-graph\">{\"@context\":\"https:\\\/\\\/schema.org\",\"@graph\":[{\"@type\":\"WebPage\",\"@id\":\"https:\\\/\\\/emea.technetix.com\\\/es\\\/nuestra-vision\\\/arquitectura-de-ganancia-distribuida\\\/\",\"url\":\"https:\\\/\\\/emea.technetix.com\\\/es\\\/nuestra-vision\\\/arquitectura-de-ganancia-distribuida\\\/\",\"name\":\"Arquitectura de ganancia distribuida - Technetix EMEA\",\"isPartOf\":{\"@id\":\"https:\\\/\\\/emea.technetix.com\\\/es\\\/#website\"},\"primaryImageOfPage\":{\"@id\":\"https:\\\/\\\/emea.technetix.com\\\/es\\\/nuestra-vision\\\/arquitectura-de-ganancia-distribuida\\\/#primaryimage\"},\"image\":{\"@id\":\"https:\\\/\\\/emea.technetix.com\\\/es\\\/nuestra-vision\\\/arquitectura-de-ganancia-distribuida\\\/#primaryimage\"},\"thumbnailUrl\":\"https:\\\/\\\/emea.technetix.com\\\/wp-content\\\/uploads\\\/sites\\\/2\\\/2023\\\/04\\\/SOLUTIONS_LARGE_DGA_ES_FINAL.jpeg\",\"datePublished\":\"2023-01-20T17:16:33+00:00\",\"dateModified\":\"2024-02-08T10:13:38+00:00\",\"breadcrumb\":{\"@id\":\"https:\\\/\\\/emea.technetix.com\\\/es\\\/nuestra-vision\\\/arquitectura-de-ganancia-distribuida\\\/#breadcrumb\"},\"inLanguage\":\"es\",\"potentialAction\":[{\"@type\":\"ReadAction\",\"target\":[\"https:\\\/\\\/emea.technetix.com\\\/es\\\/nuestra-vision\\\/arquitectura-de-ganancia-distribuida\\\/\"]}]},{\"@type\":\"ImageObject\",\"inLanguage\":\"es\",\"@id\":\"https:\\\/\\\/emea.technetix.com\\\/es\\\/nuestra-vision\\\/arquitectura-de-ganancia-distribuida\\\/#primaryimage\",\"url\":\"https:\\\/\\\/emea.technetix.com\\\/wp-content\\\/uploads\\\/sites\\\/2\\\/2023\\\/04\\\/SOLUTIONS_LARGE_DGA_ES_FINAL.jpeg\",\"contentUrl\":\"https:\\\/\\\/emea.technetix.com\\\/wp-content\\\/uploads\\\/sites\\\/2\\\/2023\\\/04\\\/SOLUTIONS_LARGE_DGA_ES_FINAL.jpeg\",\"width\":1920,\"height\":450,\"caption\":\"Arquitectura de ganancia distribuida\"},{\"@type\":\"BreadcrumbList\",\"@id\":\"https:\\\/\\\/emea.technetix.com\\\/es\\\/nuestra-vision\\\/arquitectura-de-ganancia-distribuida\\\/#breadcrumb\",\"itemListElement\":[{\"@type\":\"ListItem\",\"position\":1,\"name\":\"Home\",\"item\":\"https:\\\/\\\/emea.technetix.com\\\/es\\\/\"},{\"@type\":\"ListItem\",\"position\":2,\"name\":\"Nuestra visi\u00f3n\",\"item\":\"https:\\\/\\\/emea.technetix.com\\\/es\\\/nuestra-vision\\\/\"},{\"@type\":\"ListItem\",\"position\":3,\"name\":\"Arquitectura de ganancia distribuida\"}]},{\"@type\":\"WebSite\",\"@id\":\"https:\\\/\\\/emea.technetix.com\\\/es\\\/#website\",\"url\":\"https:\\\/\\\/emea.technetix.com\\\/es\\\/\",\"name\":\"Technetix\",\"description\":\"Next-generation broadband equipment engineering\",\"publisher\":{\"@id\":\"https:\\\/\\\/emea.technetix.com\\\/es\\\/#organization\"},\"potentialAction\":[{\"@type\":\"SearchAction\",\"target\":{\"@type\":\"EntryPoint\",\"urlTemplate\":\"https:\\\/\\\/emea.technetix.com\\\/es\\\/?s={search_term_string}\"},\"query-input\":{\"@type\":\"PropertyValueSpecification\",\"valueRequired\":true,\"valueName\":\"search_term_string\"}}],\"inLanguage\":\"es\"},{\"@type\":\"Organization\",\"@id\":\"https:\\\/\\\/emea.technetix.com\\\/es\\\/#organization\",\"name\":\"Technetix\",\"url\":\"https:\\\/\\\/emea.technetix.com\\\/es\\\/\",\"logo\":{\"@type\":\"ImageObject\",\"inLanguage\":\"es\",\"@id\":\"https:\\\/\\\/emea.technetix.com\\\/es\\\/#\\\/schema\\\/logo\\\/image\\\/\",\"url\":\"https:\\\/\\\/emea.technetix.com\\\/wp-content\\\/uploads\\\/sites\\\/2\\\/2023\\\/06\\\/logo-Technetix-1000x1000-1.png\",\"contentUrl\":\"https:\\\/\\\/emea.technetix.com\\\/wp-content\\\/uploads\\\/sites\\\/2\\\/2023\\\/06\\\/logo-Technetix-1000x1000-1.png\",\"width\":1000,\"height\":1000,\"caption\":\"Technetix\"},\"image\":{\"@id\":\"https:\\\/\\\/emea.technetix.com\\\/es\\\/#\\\/schema\\\/logo\\\/image\\\/\"},\"sameAs\":[\"https:\\\/\\\/x.com\\\/technetixgroup\",\"https:\\\/\\\/www.linkedin.com\\\/company\\\/technetix\\\/\",\"https:\\\/\\\/www.youtube.com\\\/c\\\/Technetix-group\"]}]}<\/script>\n<!-- \/ Yoast SEO Premium plugin. -->","yoast_head_json":{"title":"Arquitectura de ganancia distribuida - Technetix EMEA","robots":{"index":"index","follow":"follow","max-snippet":"max-snippet:-1","max-image-preview":"max-image-preview:large","max-video-preview":"max-video-preview:-1"},"canonical":"https:\/\/emea.technetix.com\/es\/nuestra-vision\/arquitectura-de-ganancia-distribuida\/","og_locale":"es_ES","og_type":"article","og_title":"Arquitectura de ganancia distribuida - Technetix EMEA","og_description":"Arquitectura de ganancia distribuida La arquitectura de ganancia distribuida (DGA) est\u00e1 dise\u00f1ada para ayudar a los operadores a lograr m\u00e1s por menos de su red coaxial: DGA le brinda la posibilidad de generar m\u00e1s ingresos con menos gastos, m\u00e1s por menos. \u00bfC\u00f3mo es esto posible? Se construye una red coaxial de fibra h\u00edbrida (HFC) para ... Read more","og_url":"https:\/\/emea.technetix.com\/es\/nuestra-vision\/arquitectura-de-ganancia-distribuida\/","og_site_name":"Technetix EMEA","article_modified_time":"2024-02-08T10:13:38+00:00","og_image":[{"width":1920,"height":450,"url":"https:\/\/emea.technetix.com\/wp-content\/uploads\/sites\/2\/2023\/04\/SOLUTIONS_LARGE_DGA_ES_FINAL.jpeg","type":"image\/jpeg"}],"twitter_card":"summary_large_image","twitter_site":"@technetixgroup","twitter_misc":{"Tiempo de lectura":"3 minutos"},"schema":{"@context":"https:\/\/schema.org","@graph":[{"@type":"WebPage","@id":"https:\/\/emea.technetix.com\/es\/nuestra-vision\/arquitectura-de-ganancia-distribuida\/","url":"https:\/\/emea.technetix.com\/es\/nuestra-vision\/arquitectura-de-ganancia-distribuida\/","name":"Arquitectura de ganancia distribuida - Technetix EMEA","isPartOf":{"@id":"https:\/\/emea.technetix.com\/es\/#website"},"primaryImageOfPage":{"@id":"https:\/\/emea.technetix.com\/es\/nuestra-vision\/arquitectura-de-ganancia-distribuida\/#primaryimage"},"image":{"@id":"https:\/\/emea.technetix.com\/es\/nuestra-vision\/arquitectura-de-ganancia-distribuida\/#primaryimage"},"thumbnailUrl":"https:\/\/emea.technetix.com\/wp-content\/uploads\/sites\/2\/2023\/04\/SOLUTIONS_LARGE_DGA_ES_FINAL.jpeg","datePublished":"2023-01-20T17:16:33+00:00","dateModified":"2024-02-08T10:13:38+00:00","breadcrumb":{"@id":"https:\/\/emea.technetix.com\/es\/nuestra-vision\/arquitectura-de-ganancia-distribuida\/#breadcrumb"},"inLanguage":"es","potentialAction":[{"@type":"ReadAction","target":["https:\/\/emea.technetix.com\/es\/nuestra-vision\/arquitectura-de-ganancia-distribuida\/"]}]},{"@type":"ImageObject","inLanguage":"es","@id":"https:\/\/emea.technetix.com\/es\/nuestra-vision\/arquitectura-de-ganancia-distribuida\/#primaryimage","url":"https:\/\/emea.technetix.com\/wp-content\/uploads\/sites\/2\/2023\/04\/SOLUTIONS_LARGE_DGA_ES_FINAL.jpeg","contentUrl":"https:\/\/emea.technetix.com\/wp-content\/uploads\/sites\/2\/2023\/04\/SOLUTIONS_LARGE_DGA_ES_FINAL.jpeg","width":1920,"height":450,"caption":"Arquitectura de ganancia distribuida"},{"@type":"BreadcrumbList","@id":"https:\/\/emea.technetix.com\/es\/nuestra-vision\/arquitectura-de-ganancia-distribuida\/#breadcrumb","itemListElement":[{"@type":"ListItem","position":1,"name":"Home","item":"https:\/\/emea.technetix.com\/es\/"},{"@type":"ListItem","position":2,"name":"Nuestra visi\u00f3n","item":"https:\/\/emea.technetix.com\/es\/nuestra-vision\/"},{"@type":"ListItem","position":3,"name":"Arquitectura de ganancia distribuida"}]},{"@type":"WebSite","@id":"https:\/\/emea.technetix.com\/es\/#website","url":"https:\/\/emea.technetix.com\/es\/","name":"Technetix","description":"Next-generation broadband equipment engineering","publisher":{"@id":"https:\/\/emea.technetix.com\/es\/#organization"},"potentialAction":[{"@type":"SearchAction","target":{"@type":"EntryPoint","urlTemplate":"https:\/\/emea.technetix.com\/es\/?s={search_term_string}"},"query-input":{"@type":"PropertyValueSpecification","valueRequired":true,"valueName":"search_term_string"}}],"inLanguage":"es"},{"@type":"Organization","@id":"https:\/\/emea.technetix.com\/es\/#organization","name":"Technetix","url":"https:\/\/emea.technetix.com\/es\/","logo":{"@type":"ImageObject","inLanguage":"es","@id":"https:\/\/emea.technetix.com\/es\/#\/schema\/logo\/image\/","url":"https:\/\/emea.technetix.com\/wp-content\/uploads\/sites\/2\/2023\/06\/logo-Technetix-1000x1000-1.png","contentUrl":"https:\/\/emea.technetix.com\/wp-content\/uploads\/sites\/2\/2023\/06\/logo-Technetix-1000x1000-1.png","width":1000,"height":1000,"caption":"Technetix"},"image":{"@id":"https:\/\/emea.technetix.com\/es\/#\/schema\/logo\/image\/"},"sameAs":["https:\/\/x.com\/technetixgroup","https:\/\/www.linkedin.com\/company\/technetix\/","https:\/\/www.youtube.com\/c\/Technetix-group"]}]}},"acf":[],"publishpress_future_workflow_manual_trigger":{"enabledWorkflows":[]},"_links":{"self":[{"href":"https:\/\/emea.technetix.com\/es\/wp-json\/wp\/v2\/pages\/7144","targetHints":{"allow":["GET"]}}],"collection":[{"href":"https:\/\/emea.technetix.com\/es\/wp-json\/wp\/v2\/pages"}],"about":[{"href":"https:\/\/emea.technetix.com\/es\/wp-json\/wp\/v2\/types\/page"}],"author":[{"embeddable":true,"href":"https:\/\/emea.technetix.com\/es\/wp-json\/wp\/v2\/users\/1"}],"replies":[{"embeddable":true,"href":"https:\/\/emea.technetix.com\/es\/wp-json\/wp\/v2\/comments?post=7144"}],"version-history":[{"count":0,"href":"https:\/\/emea.technetix.com\/es\/wp-json\/wp\/v2\/pages\/7144\/revisions"}],"up":[{"embeddable":true,"href":"https:\/\/emea.technetix.com\/es\/wp-json\/wp\/v2\/pages\/7340"}],"wp:featuredmedia":[{"embeddable":true,"href":"https:\/\/emea.technetix.com\/es\/wp-json\/wp\/v2\/media\/13192"}],"wp:attachment":[{"href":"https:\/\/emea.technetix.com\/es\/wp-json\/wp\/v2\/media?parent=7144"}],"curies":[{"name":"wp","href":"https:\/\/api.w.org\/{rel}","templated":true}]}}