{"id":7142,"date":"2023-01-20T17:15:45","date_gmt":"2023-01-20T17:15:45","guid":{"rendered":"https:\/\/emea.technetix.com\/arquitectura-de-acceso-distribuido\/"},"modified":"2024-02-08T10:12:50","modified_gmt":"2024-02-08T10:12:50","slug":"arquitectura-de-acceso-distribuido","status":"publish","type":"page","link":"https:\/\/emea.technetix.com\/es\/nuestra-vision\/arquitectura-de-acceso-distribuido\/","title":{"rendered":"Arquitectura de acceso distribuido"},"content":{"rendered":"<div class=\"gb-container gb-container-f86f3f4f gb-container-hero-banner\"><div class=\"gb-inside-container\"><\/div><\/div>\n\n<div class=\"gb-container gb-container-507129f5 gb-container-inner-back-page-con\">\n<h1 class=\"gb-headline gb-headline-e1547755 gb-headline-text\">Arquitectura de acceso distribuido<\/h1>\n\n\n<h2 class=\"gb-headline gb-headline-d02c52e4 gb-headline-text\">Preparese para el futuro con la plataforma DBx Distributed Access Architecture<\/h2>\n\n\n\n<ul class=\"wp-block-list\">\n<li>Mayor calidad, mayor capacidad<\/li>\n\n\n\n<li>Menor consumo de energ\u00eda<\/li>\n\n\n\n<li>Menos latencia<\/li>\n\n\n\n<li>Evoluci\u00f3n de la cabecera<\/li>\n<\/ul>\n\n\n\n<p class=\"gb-headline gb-headline-6656b5c3 gb-headline-text\">La Arquitectura de acceso distribuido (DAA) permite la reubicaci\u00f3n ascendente y descendente de los elementos tradicionales de la cabecera, generando 10 Gbps de datos en una ubicaci\u00f3n remota para los operadores que buscan ampliar la capacidad de sus redes coaxiales. La energ\u00eda disponible, el espacio y el tama\u00f1o de los cabinets de exterior existentes limitan considerablemente la cantidad de opciones disponibles para los operadores que buscan implementar este pr\u00f3ximo paso en la evoluci\u00f3n de sus redes. <\/p>\n\n\n\n<p class=\"gb-headline gb-headline-623f5b86 gb-headline-text\">Los beneficios de la plataforma DBx son:<\/p>\n\n\n\n<ul class=\"wp-block-list\">\n<li>Una de las soluciones DAA con mayor eficiencia energ\u00e9tica del mercado<\/li>\n\n\n\n<li>Ahorra hasta un 75% en energ\u00eda y costos de implementaci\u00f3n<\/li>\n\n\n\n<li>Capacidades completas de control y monitorizaci\u00f3n remotos<\/li>\n\n\n\n<li>Listo para instalar ahora<\/li>\n\n\n\n<li>Disponible en varias configuraciones<\/li>\n<\/ul>\n\n\n\n<figure class=\"gb-block-image gb-block-image-61e35e7d\"><img loading=\"lazy\" decoding=\"async\" width=\"1920\" height=\"546\" class=\"gb-image gb-image-61e35e7d\" src=\"https:\/\/emea.technetix.com\/wp-content\/uploads\/sites\/2\/2023\/01\/DAA_01_1-1.png\" alt=\"La red actual: arquitectura de acceso centralizado (CAA)\" srcset=\"https:\/\/emea.technetix.com\/wp-content\/uploads\/sites\/2\/2023\/01\/DAA_01_1-1.png 1920w, https:\/\/emea.technetix.com\/wp-content\/uploads\/sites\/2\/2023\/01\/DAA_01_1-1-300x85.png 300w, https:\/\/emea.technetix.com\/wp-content\/uploads\/sites\/2\/2023\/01\/DAA_01_1-1-1024x291.png 1024w, https:\/\/emea.technetix.com\/wp-content\/uploads\/sites\/2\/2023\/01\/DAA_01_1-1-768x218.png 768w, https:\/\/emea.technetix.com\/wp-content\/uploads\/sites\/2\/2023\/01\/DAA_01_1-1-1536x437.png 1536w, https:\/\/emea.technetix.com\/wp-content\/uploads\/sites\/2\/2023\/01\/DAA_01_1-1-600x171.png 600w\" sizes=\"auto, (max-width: 1920px) 100vw, 1920px\" \/><\/figure>\n\n\n\n<p class=\"gb-headline gb-headline-c9b08205 gb-headline-text gb-headline-image-caption\">La red actual: arquitectura de acceso centralizado (CAA)<\/p>\n\n\n\n<p class=\"gb-headline gb-headline-275cb132 gb-headline-text\">La soluci\u00f3n DAA de Technetix impulsa la reducci\u00f3n de costes a trav\u00e9s del bajo consumo de energ\u00eda y el dise\u00f1o de carcasa compacta, y permite la implementaci\u00f3n incluso en escenarios de espacio en cabinet limitado.<\/p>\n\n\n\n<p class=\"gb-headline gb-headline-579928b5 gb-headline-text\">El dise\u00f1o de implementaci\u00f3n inteligente permite una f\u00e1cil instalaci\u00f3n y mantenimiento, una actualizaci\u00f3n que no tarda m\u00e1s de 10 minutos. La actualizaci\u00f3n plug-and-play permite una transici\u00f3n r\u00e1pida y confiable, sin requisitos adicionales en el sitio. La soluci\u00f3n Technetix DAA es la opci\u00f3n inteligente, modular, ecol\u00f3gica y sostenible para la actualizaci\u00f3n de su red.  <\/p>\n\n\n\n<figure class=\"gb-block-image gb-block-image-f5380205\"><img loading=\"lazy\" decoding=\"async\" width=\"1920\" height=\"546\" class=\"gb-image gb-image-f5380205\" src=\"https:\/\/emea.technetix.com\/wp-content\/uploads\/sites\/2\/2023\/01\/DAA_02_1-1.png\" alt=\"Arquitectura de acceso distribuido (DAA)\" srcset=\"https:\/\/emea.technetix.com\/wp-content\/uploads\/sites\/2\/2023\/01\/DAA_02_1-1.png 1920w, https:\/\/emea.technetix.com\/wp-content\/uploads\/sites\/2\/2023\/01\/DAA_02_1-1-300x85.png 300w, https:\/\/emea.technetix.com\/wp-content\/uploads\/sites\/2\/2023\/01\/DAA_02_1-1-1024x291.png 1024w, https:\/\/emea.technetix.com\/wp-content\/uploads\/sites\/2\/2023\/01\/DAA_02_1-1-768x218.png 768w, https:\/\/emea.technetix.com\/wp-content\/uploads\/sites\/2\/2023\/01\/DAA_02_1-1-1536x437.png 1536w, https:\/\/emea.technetix.com\/wp-content\/uploads\/sites\/2\/2023\/01\/DAA_02_1-1-600x171.png 600w\" sizes=\"auto, (max-width: 1920px) 100vw, 1920px\" \/><\/figure>\n\n\n\n<p class=\"gb-headline gb-headline-399aa230 gb-headline-text gb-headline-image-caption\">Arquitectura de acceso distribuido (DAA)<\/p>\n\n\n\n<p class=\"gb-headline gb-headline-192056aa gb-headline-text\">Si ya est\u00e1 utilizando la plataforma DBx y desea saber m\u00e1s sobre la actualizaci\u00f3n a DAA, <a href=\"https:\/\/emea.technetix.com\/es\/contactenos\/\">cont\u00e1ctenos<\/a>.<\/p>\n\n<\/div>\n\n<div class=\"gb-container gb-container-da9519f0 gb-container-con-buttons-bottom\">\n\n<h2 class=\"gb-headline gb-headline-7ce6fa4b gb-headline-text gb-headline-head-bottom-buttons\">Enlaces de inter\u00e9s<\/h2>\n\n\n<div class=\"gb-button-wrapper gb-button-wrapper-5300c273 gb-button-wrapper-after-con-buttons\">\n\n<a class=\"gb-button gb-button-5e4e6530 gb-button-text gb-button-bottom-button\" href=\"https:\/\/emea.technetix.com\/es\/redes-hfc\/fibra-y-daa\/dbx-daa-soluciones\/\">Soluciones DBx DAA<\/a>\n\n\n\n<a class=\"gb-button gb-button-e7a0fe73 gb-button-text gb-button-bottom-button\" href=\"https:\/\/emea.technetix.com\/es\/technetix-academy\/\">Technetix Academy<\/a>\n\n\n\n<a class=\"gb-button gb-button-ff3bad62 gb-button-text gb-button-bottom-button\" href=\"https:\/\/emea.technetix.com\/es\/consultoria-de-redes\/\">Consultor\u00eda de redes<\/a>\n\n\n\n<a class=\"gb-button gb-button-74bfad52 gb-button-text gb-button-bottom-button\" href=\"https:\/\/emea.technetix.com\/es\/contactenos\/\">Cont\u00e1ctenos<\/a>\n\n<\/div>\n<\/div>","protected":false},"excerpt":{"rendered":"<p>Arquitectura de acceso distribuido Preparese para el futuro con la plataforma DBx Distributed Access Architecture La Arquitectura de acceso distribuido (DAA) permite la reubicaci\u00f3n ascendente y descendente de los elementos tradicionales de la cabecera, generando 10 Gbps de datos en una ubicaci\u00f3n remota para los operadores que buscan ampliar la capacidad de sus redes coaxiales. &#8230; <a title=\"Arquitectura de acceso distribuido\" class=\"read-more\" href=\"https:\/\/emea.technetix.com\/es\/nuestra-vision\/arquitectura-de-acceso-distribuido\/\" aria-label=\"Leer m\u00e1s sobre Arquitectura de acceso distribuido\">Read more<\/a><\/p>\n","protected":false},"author":1,"featured_media":876,"parent":7340,"menu_order":0,"comment_status":"closed","ping_status":"closed","template":"","meta":{"_acf_changed":false,"_gspb_post_css":"","footnotes":""},"class_list":["post-7142","page","type-page","status-publish","has-post-thumbnail"],"yoast_head":"<!-- This site is optimized with the Yoast SEO Premium plugin v22.5 (Yoast SEO v27.4) - https:\/\/yoast.com\/product\/yoast-seo-premium-wordpress\/ -->\n<title>Arquitectura de acceso distribuido - Technetix EMEA<\/title>\n<meta name=\"robots\" content=\"index, follow, max-snippet:-1, max-image-preview:large, max-video-preview:-1\" \/>\n<link rel=\"canonical\" href=\"https:\/\/emea.technetix.com\/es\/nuestra-vision\/arquitectura-de-acceso-distribuido\/\" \/>\n<meta property=\"og:locale\" content=\"es_ES\" \/>\n<meta property=\"og:type\" content=\"article\" \/>\n<meta property=\"og:title\" content=\"Arquitectura de acceso distribuido - Technetix EMEA\" \/>\n<meta property=\"og:description\" content=\"Arquitectura de acceso distribuido Preparese para el futuro con la plataforma DBx Distributed Access Architecture La Arquitectura de acceso distribuido (DAA) permite la reubicaci\u00f3n ascendente y descendente de los elementos tradicionales de la cabecera, generando 10 Gbps de datos en una ubicaci\u00f3n remota para los operadores que buscan ampliar la capacidad de sus redes coaxiales. ... Read more\" \/>\n<meta property=\"og:url\" content=\"https:\/\/emea.technetix.com\/es\/nuestra-vision\/arquitectura-de-acceso-distribuido\/\" \/>\n<meta property=\"og:site_name\" content=\"Technetix EMEA\" \/>\n<meta property=\"article:modified_time\" content=\"2024-02-08T10:12:50+00:00\" \/>\n<meta property=\"og:image\" content=\"https:\/\/emea.technetix.com\/wp-content\/uploads\/sites\/2\/2023\/01\/SOLUTIONS_LARGE_DAA_FINAL.jpg\" \/>\n\t<meta property=\"og:image:width\" content=\"1920\" \/>\n\t<meta property=\"og:image:height\" content=\"450\" \/>\n\t<meta property=\"og:image:type\" content=\"image\/jpeg\" \/>\n<meta name=\"twitter:card\" content=\"summary_large_image\" \/>\n<meta name=\"twitter:site\" content=\"@technetixgroup\" \/>\n<meta name=\"twitter:label1\" content=\"Tiempo de lectura\" \/>\n\t<meta name=\"twitter:data1\" content=\"2 minutos\" \/>\n<script type=\"application\/ld+json\" class=\"yoast-schema-graph\">{\"@context\":\"https:\\\/\\\/schema.org\",\"@graph\":[{\"@type\":\"WebPage\",\"@id\":\"https:\\\/\\\/emea.technetix.com\\\/es\\\/nuestra-vision\\\/arquitectura-de-acceso-distribuido\\\/\",\"url\":\"https:\\\/\\\/emea.technetix.com\\\/es\\\/nuestra-vision\\\/arquitectura-de-acceso-distribuido\\\/\",\"name\":\"Arquitectura de acceso distribuido - Technetix EMEA\",\"isPartOf\":{\"@id\":\"https:\\\/\\\/emea.technetix.com\\\/es\\\/#website\"},\"primaryImageOfPage\":{\"@id\":\"https:\\\/\\\/emea.technetix.com\\\/es\\\/nuestra-vision\\\/arquitectura-de-acceso-distribuido\\\/#primaryimage\"},\"image\":{\"@id\":\"https:\\\/\\\/emea.technetix.com\\\/es\\\/nuestra-vision\\\/arquitectura-de-acceso-distribuido\\\/#primaryimage\"},\"thumbnailUrl\":\"https:\\\/\\\/emea.technetix.com\\\/wp-content\\\/uploads\\\/sites\\\/2\\\/2023\\\/01\\\/SOLUTIONS_LARGE_DAA_FINAL.jpg\",\"datePublished\":\"2023-01-20T17:15:45+00:00\",\"dateModified\":\"2024-02-08T10:12:50+00:00\",\"breadcrumb\":{\"@id\":\"https:\\\/\\\/emea.technetix.com\\\/es\\\/nuestra-vision\\\/arquitectura-de-acceso-distribuido\\\/#breadcrumb\"},\"inLanguage\":\"es\",\"potentialAction\":[{\"@type\":\"ReadAction\",\"target\":[\"https:\\\/\\\/emea.technetix.com\\\/es\\\/nuestra-vision\\\/arquitectura-de-acceso-distribuido\\\/\"]}]},{\"@type\":\"ImageObject\",\"inLanguage\":\"es\",\"@id\":\"https:\\\/\\\/emea.technetix.com\\\/es\\\/nuestra-vision\\\/arquitectura-de-acceso-distribuido\\\/#primaryimage\",\"url\":\"https:\\\/\\\/emea.technetix.com\\\/wp-content\\\/uploads\\\/sites\\\/2\\\/2023\\\/01\\\/SOLUTIONS_LARGE_DAA_FINAL.jpg\",\"contentUrl\":\"https:\\\/\\\/emea.technetix.com\\\/wp-content\\\/uploads\\\/sites\\\/2\\\/2023\\\/01\\\/SOLUTIONS_LARGE_DAA_FINAL.jpg\",\"width\":1920,\"height\":450},{\"@type\":\"BreadcrumbList\",\"@id\":\"https:\\\/\\\/emea.technetix.com\\\/es\\\/nuestra-vision\\\/arquitectura-de-acceso-distribuido\\\/#breadcrumb\",\"itemListElement\":[{\"@type\":\"ListItem\",\"position\":1,\"name\":\"Home\",\"item\":\"https:\\\/\\\/emea.technetix.com\\\/es\\\/\"},{\"@type\":\"ListItem\",\"position\":2,\"name\":\"Nuestra visi\u00f3n\",\"item\":\"https:\\\/\\\/emea.technetix.com\\\/es\\\/nuestra-vision\\\/\"},{\"@type\":\"ListItem\",\"position\":3,\"name\":\"Arquitectura de acceso distribuido\"}]},{\"@type\":\"WebSite\",\"@id\":\"https:\\\/\\\/emea.technetix.com\\\/es\\\/#website\",\"url\":\"https:\\\/\\\/emea.technetix.com\\\/es\\\/\",\"name\":\"Technetix\",\"description\":\"Next-generation broadband equipment engineering\",\"publisher\":{\"@id\":\"https:\\\/\\\/emea.technetix.com\\\/es\\\/#organization\"},\"potentialAction\":[{\"@type\":\"SearchAction\",\"target\":{\"@type\":\"EntryPoint\",\"urlTemplate\":\"https:\\\/\\\/emea.technetix.com\\\/es\\\/?s={search_term_string}\"},\"query-input\":{\"@type\":\"PropertyValueSpecification\",\"valueRequired\":true,\"valueName\":\"search_term_string\"}}],\"inLanguage\":\"es\"},{\"@type\":\"Organization\",\"@id\":\"https:\\\/\\\/emea.technetix.com\\\/es\\\/#organization\",\"name\":\"Technetix\",\"url\":\"https:\\\/\\\/emea.technetix.com\\\/es\\\/\",\"logo\":{\"@type\":\"ImageObject\",\"inLanguage\":\"es\",\"@id\":\"https:\\\/\\\/emea.technetix.com\\\/es\\\/#\\\/schema\\\/logo\\\/image\\\/\",\"url\":\"https:\\\/\\\/emea.technetix.com\\\/wp-content\\\/uploads\\\/sites\\\/2\\\/2023\\\/06\\\/logo-Technetix-1000x1000-1.png\",\"contentUrl\":\"https:\\\/\\\/emea.technetix.com\\\/wp-content\\\/uploads\\\/sites\\\/2\\\/2023\\\/06\\\/logo-Technetix-1000x1000-1.png\",\"width\":1000,\"height\":1000,\"caption\":\"Technetix\"},\"image\":{\"@id\":\"https:\\\/\\\/emea.technetix.com\\\/es\\\/#\\\/schema\\\/logo\\\/image\\\/\"},\"sameAs\":[\"https:\\\/\\\/x.com\\\/technetixgroup\",\"https:\\\/\\\/www.linkedin.com\\\/company\\\/technetix\\\/\",\"https:\\\/\\\/www.youtube.com\\\/c\\\/Technetix-group\"]}]}<\/script>\n<!-- \/ Yoast SEO Premium plugin. -->","yoast_head_json":{"title":"Arquitectura de acceso distribuido - Technetix EMEA","robots":{"index":"index","follow":"follow","max-snippet":"max-snippet:-1","max-image-preview":"max-image-preview:large","max-video-preview":"max-video-preview:-1"},"canonical":"https:\/\/emea.technetix.com\/es\/nuestra-vision\/arquitectura-de-acceso-distribuido\/","og_locale":"es_ES","og_type":"article","og_title":"Arquitectura de acceso distribuido - Technetix EMEA","og_description":"Arquitectura de acceso distribuido Preparese para el futuro con la plataforma DBx Distributed Access Architecture La Arquitectura de acceso distribuido (DAA) permite la reubicaci\u00f3n ascendente y descendente de los elementos tradicionales de la cabecera, generando 10 Gbps de datos en una ubicaci\u00f3n remota para los operadores que buscan ampliar la capacidad de sus redes coaxiales. ... Read more","og_url":"https:\/\/emea.technetix.com\/es\/nuestra-vision\/arquitectura-de-acceso-distribuido\/","og_site_name":"Technetix EMEA","article_modified_time":"2024-02-08T10:12:50+00:00","og_image":[{"width":1920,"height":450,"url":"https:\/\/emea.technetix.com\/wp-content\/uploads\/sites\/2\/2023\/01\/SOLUTIONS_LARGE_DAA_FINAL.jpg","type":"image\/jpeg"}],"twitter_card":"summary_large_image","twitter_site":"@technetixgroup","twitter_misc":{"Tiempo de lectura":"2 minutos"},"schema":{"@context":"https:\/\/schema.org","@graph":[{"@type":"WebPage","@id":"https:\/\/emea.technetix.com\/es\/nuestra-vision\/arquitectura-de-acceso-distribuido\/","url":"https:\/\/emea.technetix.com\/es\/nuestra-vision\/arquitectura-de-acceso-distribuido\/","name":"Arquitectura de acceso distribuido - Technetix EMEA","isPartOf":{"@id":"https:\/\/emea.technetix.com\/es\/#website"},"primaryImageOfPage":{"@id":"https:\/\/emea.technetix.com\/es\/nuestra-vision\/arquitectura-de-acceso-distribuido\/#primaryimage"},"image":{"@id":"https:\/\/emea.technetix.com\/es\/nuestra-vision\/arquitectura-de-acceso-distribuido\/#primaryimage"},"thumbnailUrl":"https:\/\/emea.technetix.com\/wp-content\/uploads\/sites\/2\/2023\/01\/SOLUTIONS_LARGE_DAA_FINAL.jpg","datePublished":"2023-01-20T17:15:45+00:00","dateModified":"2024-02-08T10:12:50+00:00","breadcrumb":{"@id":"https:\/\/emea.technetix.com\/es\/nuestra-vision\/arquitectura-de-acceso-distribuido\/#breadcrumb"},"inLanguage":"es","potentialAction":[{"@type":"ReadAction","target":["https:\/\/emea.technetix.com\/es\/nuestra-vision\/arquitectura-de-acceso-distribuido\/"]}]},{"@type":"ImageObject","inLanguage":"es","@id":"https:\/\/emea.technetix.com\/es\/nuestra-vision\/arquitectura-de-acceso-distribuido\/#primaryimage","url":"https:\/\/emea.technetix.com\/wp-content\/uploads\/sites\/2\/2023\/01\/SOLUTIONS_LARGE_DAA_FINAL.jpg","contentUrl":"https:\/\/emea.technetix.com\/wp-content\/uploads\/sites\/2\/2023\/01\/SOLUTIONS_LARGE_DAA_FINAL.jpg","width":1920,"height":450},{"@type":"BreadcrumbList","@id":"https:\/\/emea.technetix.com\/es\/nuestra-vision\/arquitectura-de-acceso-distribuido\/#breadcrumb","itemListElement":[{"@type":"ListItem","position":1,"name":"Home","item":"https:\/\/emea.technetix.com\/es\/"},{"@type":"ListItem","position":2,"name":"Nuestra visi\u00f3n","item":"https:\/\/emea.technetix.com\/es\/nuestra-vision\/"},{"@type":"ListItem","position":3,"name":"Arquitectura de acceso distribuido"}]},{"@type":"WebSite","@id":"https:\/\/emea.technetix.com\/es\/#website","url":"https:\/\/emea.technetix.com\/es\/","name":"Technetix","description":"Next-generation broadband equipment engineering","publisher":{"@id":"https:\/\/emea.technetix.com\/es\/#organization"},"potentialAction":[{"@type":"SearchAction","target":{"@type":"EntryPoint","urlTemplate":"https:\/\/emea.technetix.com\/es\/?s={search_term_string}"},"query-input":{"@type":"PropertyValueSpecification","valueRequired":true,"valueName":"search_term_string"}}],"inLanguage":"es"},{"@type":"Organization","@id":"https:\/\/emea.technetix.com\/es\/#organization","name":"Technetix","url":"https:\/\/emea.technetix.com\/es\/","logo":{"@type":"ImageObject","inLanguage":"es","@id":"https:\/\/emea.technetix.com\/es\/#\/schema\/logo\/image\/","url":"https:\/\/emea.technetix.com\/wp-content\/uploads\/sites\/2\/2023\/06\/logo-Technetix-1000x1000-1.png","contentUrl":"https:\/\/emea.technetix.com\/wp-content\/uploads\/sites\/2\/2023\/06\/logo-Technetix-1000x1000-1.png","width":1000,"height":1000,"caption":"Technetix"},"image":{"@id":"https:\/\/emea.technetix.com\/es\/#\/schema\/logo\/image\/"},"sameAs":["https:\/\/x.com\/technetixgroup","https:\/\/www.linkedin.com\/company\/technetix\/","https:\/\/www.youtube.com\/c\/Technetix-group"]}]}},"acf":[],"publishpress_future_workflow_manual_trigger":{"enabledWorkflows":[]},"_links":{"self":[{"href":"https:\/\/emea.technetix.com\/es\/wp-json\/wp\/v2\/pages\/7142","targetHints":{"allow":["GET"]}}],"collection":[{"href":"https:\/\/emea.technetix.com\/es\/wp-json\/wp\/v2\/pages"}],"about":[{"href":"https:\/\/emea.technetix.com\/es\/wp-json\/wp\/v2\/types\/page"}],"author":[{"embeddable":true,"href":"https:\/\/emea.technetix.com\/es\/wp-json\/wp\/v2\/users\/1"}],"replies":[{"embeddable":true,"href":"https:\/\/emea.technetix.com\/es\/wp-json\/wp\/v2\/comments?post=7142"}],"version-history":[{"count":0,"href":"https:\/\/emea.technetix.com\/es\/wp-json\/wp\/v2\/pages\/7142\/revisions"}],"up":[{"embeddable":true,"href":"https:\/\/emea.technetix.com\/es\/wp-json\/wp\/v2\/pages\/7340"}],"wp:featuredmedia":[{"embeddable":true,"href":"https:\/\/emea.technetix.com\/es\/wp-json\/wp\/v2\/media\/876"}],"wp:attachment":[{"href":"https:\/\/emea.technetix.com\/es\/wp-json\/wp\/v2\/media?parent=7142"}],"curies":[{"name":"wp","href":"https:\/\/api.w.org\/{rel}","templated":true}]}}