{"id":7140,"date":"2023-01-20T17:08:04","date_gmt":"2023-01-20T17:08:04","guid":{"rendered":"https:\/\/emea.technetix.com\/10-gbps-sobre-coaxial-para-empresas\/"},"modified":"2024-02-08T10:11:49","modified_gmt":"2024-02-08T10:11:49","slug":"10-gbps-sobre-coaxial-para-empresas","status":"publish","type":"page","link":"https:\/\/emea.technetix.com\/es\/nuestra-vision\/10-gbps-sobre-coaxial-para-empresas\/","title":{"rendered":"10 Gbps sobre coaxial para empresas"},"content":{"rendered":"<div class=\"gb-container gb-container-f86f3f4f gb-container-hero-banner\"><div class=\"gb-inside-container\"><\/div><\/div>\n\n<div class=\"gb-container gb-container-d02d9e1a gb-container-inner-back-page-con\">\n<h1 class=\"gb-headline gb-headline-e1547755 gb-headline-text\">10 Gbps sobre coaxial para empresas<\/h1>\n\n\n<h2 class=\"gb-headline gb-headline-d02c52e4 gb-headline-text\">Virtual Segmentation\u2122 es la soluci\u00f3n de fibra virtual de Technetix que puede ampliar su red hasta alcanzar los 10 Gbps, lo que permite proporcionar conexiones de alta velocidad a las empresas mediante el uso de cables coaxiales.<\/h2>\n\n\n\n<ul class=\"wp-block-list\">\n<li>Alta velocidad<\/li>\n\n\n\n<li>Baja latencia<\/li>\n\n\n\n<li>Instalaci\u00f3n r\u00e1pida<\/li>\n\n\n\n<li>Sim\u00e9trico<\/li>\n\n\n\n<li>Hasta 10 Gbps<\/li>\n\n\n\n<li>Sin cambios en la red<\/li>\n<\/ul>\n\n\n\n<p class=\"gb-headline gb-headline-6656b5c3 gb-headline-text\">Una red HFC ya construida utiliza la capacidad de la red de manera limitada; utilizar\u00e1 862 MHz, 1006 MHz y a veces, hasta 1218 MHz.<\/p>\n\n\n\n<p class=\"gb-headline gb-headline-a8794b0c gb-headline-text\">Con DOCSIS 3.0 y DOCSIS 3.1 puede ofrecer a sus clientes residenciales el nivel de servicio requerido, pero los clientes comerciales tienen requisitos muy diferentes.<\/p>\n\n<\/div>\n\n<div class=\"gb-container gb-container-bf0e03f7\">\n<div class=\"gb-container gb-container-e12a4e8a\">\n\n<h3 class=\"gb-headline gb-headline-bb2241bc gb-headline-text\">\u00bfCu\u00e1les son las necesidades de un cliente empresarial?<\/h3>\n\n\n\n<p class=\"gb-headline gb-headline-227b6ebb gb-headline-text\">Alta velocidad de conexi\u00f3n. Un cliente empresarial necesita una conexi\u00f3n sim\u00e9trica con una muy alta calidad de servicio y un elevado nivel de seguridad. \u00bfSe puede conseguir esto con Docsis? Fibra es la alternativa evidente pero generalmente necesita mucho tiempo para construir una conexi\u00f3n all\u00ed donde no llega el despliegue, y suele haber retrasos por permisos en licencias, obra civil, y costes elevados en la instalaci\u00f3n. La soluci\u00f3n Virtual Segmentation de Technetix puede proporcionar una conexi\u00f3n ultra r\u00e1pida en pocos d\u00edas.     <\/p>\n\n<\/div>\n\n<div class=\"gb-container gb-container-a537d1f3\">\n\n<figure class=\"gb-block-image gb-block-image-ed0c3143\"><img loading=\"lazy\" decoding=\"async\" width=\"1000\" height=\"1000\" class=\"gb-image gb-image-ed0c3143\" src=\"https:\/\/emea.technetix.com\/wp-content\/uploads\/sites\/2\/2023\/01\/1000X1000_BUSINESS-CUSTOMERS.jpeg\" alt=\"Una red HFC ya construida utiliza la capacidad de la red de manera limitada; utilizar\u00e1 862 MHz, 1006 MHz y a veces, hasta 1218 MHz\" srcset=\"https:\/\/emea.technetix.com\/wp-content\/uploads\/sites\/2\/2023\/01\/1000X1000_BUSINESS-CUSTOMERS.jpeg 1000w, https:\/\/emea.technetix.com\/wp-content\/uploads\/sites\/2\/2023\/01\/1000X1000_BUSINESS-CUSTOMERS-300x300.jpeg 300w, https:\/\/emea.technetix.com\/wp-content\/uploads\/sites\/2\/2023\/01\/1000X1000_BUSINESS-CUSTOMERS-150x150.jpeg 150w, https:\/\/emea.technetix.com\/wp-content\/uploads\/sites\/2\/2023\/01\/1000X1000_BUSINESS-CUSTOMERS-768x768.jpeg 768w, https:\/\/emea.technetix.com\/wp-content\/uploads\/sites\/2\/2023\/01\/1000X1000_BUSINESS-CUSTOMERS-600x600.jpeg 600w, https:\/\/emea.technetix.com\/wp-content\/uploads\/sites\/2\/2023\/01\/1000X1000_BUSINESS-CUSTOMERS-100x100.jpeg 100w\" sizes=\"auto, (max-width: 1000px) 100vw, 1000px\" \/><\/figure>\n\n<\/div>\n<\/div>\n\n<div class=\"gb-container gb-container-78f30cf9\">\n<div class=\"gb-container gb-container-ef286b58\">\n\n<figure class=\"gb-block-image gb-block-image-e7ba4278\"><img loading=\"lazy\" decoding=\"async\" width=\"1000\" height=\"1000\" class=\"gb-image gb-image-e7ba4278\" src=\"https:\/\/emea.technetix.com\/wp-content\/uploads\/sites\/2\/2023\/01\/1000X1000_VS.jpeg\" alt=\"Virtual Segmentation es una superposici\u00f3n de RF que se puede implementar en cualquier red HFC\" srcset=\"https:\/\/emea.technetix.com\/wp-content\/uploads\/sites\/2\/2023\/01\/1000X1000_VS.jpeg 1000w, https:\/\/emea.technetix.com\/wp-content\/uploads\/sites\/2\/2023\/01\/1000X1000_VS-300x300.jpeg 300w, https:\/\/emea.technetix.com\/wp-content\/uploads\/sites\/2\/2023\/01\/1000X1000_VS-150x150.jpeg 150w, https:\/\/emea.technetix.com\/wp-content\/uploads\/sites\/2\/2023\/01\/1000X1000_VS-768x768.jpeg 768w, https:\/\/emea.technetix.com\/wp-content\/uploads\/sites\/2\/2023\/01\/1000X1000_VS-600x600.jpeg 600w, https:\/\/emea.technetix.com\/wp-content\/uploads\/sites\/2\/2023\/01\/1000X1000_VS-100x100.jpeg 100w\" sizes=\"auto, (max-width: 1000px) 100vw, 1000px\" \/><\/figure>\n\n<\/div>\n\n<div class=\"gb-container gb-container-441af29a\">\n\n<h3 class=\"gb-headline gb-headline-7952711f gb-headline-text\">\u00bfQue es Virtual Segmentation?<\/h3>\n\n\n\n<p class=\"gb-headline gb-headline-5ca9c1ab gb-headline-text\">Virtual Segmentation es una superposici\u00f3n de RF que se puede implementar en cualquier red HFC. Los cables coaxiales se utilizan hasta 1218 MHz, pero tambi\u00e9n est\u00e1n disponibles ahora hasta 4000 MHz, ofreciendo casi 2800 MHz de ancho de banda de forma gratuita. <\/p>\n\n\n\n<p class=\"gb-headline gb-headline-fe37f0bb gb-headline-text\">Virtual Segmentation simula una conexi\u00f3n de fibra en el rango de frecuencia por encima de 1218 MHz.<\/p>\n\n<\/div>\n<\/div>\n\n<div class=\"gb-container gb-container-a062927b gb-container-inner-back-page-con\">\n\n<p class=\"gb-headline gb-headline-c9c6befc gb-headline-text\">Se fabrica una especie de tuber\u00eda Ethernet de 10 Gbps para diversos servicios y los clientes empresariales se pueden conectar f\u00e1cilmente ofreci\u00e9ndose una conexi\u00f3n sim\u00e9trica de 1 Gbps a 10 Gbps.<\/p>\n\n\n\n<figure class=\"gb-block-image gb-block-image-421fbf80\"><img loading=\"lazy\" decoding=\"async\" width=\"1920\" height=\"847\" class=\"gb-image gb-image-421fbf80\" src=\"https:\/\/emea.technetix.com\/wp-content\/uploads\/sites\/2\/2023\/01\/5G_-XHAUL_DIAGRAMS_x1-2.png\" alt=\"La fibra virtual se puede instalar colocando un transmisor al principio del cable y un receptor al final\" srcset=\"https:\/\/emea.technetix.com\/wp-content\/uploads\/sites\/2\/2023\/01\/5G_-XHAUL_DIAGRAMS_x1-2.png 1920w, https:\/\/emea.technetix.com\/wp-content\/uploads\/sites\/2\/2023\/01\/5G_-XHAUL_DIAGRAMS_x1-2-300x132.png 300w, https:\/\/emea.technetix.com\/wp-content\/uploads\/sites\/2\/2023\/01\/5G_-XHAUL_DIAGRAMS_x1-2-1024x452.png 1024w, https:\/\/emea.technetix.com\/wp-content\/uploads\/sites\/2\/2023\/01\/5G_-XHAUL_DIAGRAMS_x1-2-768x339.png 768w, https:\/\/emea.technetix.com\/wp-content\/uploads\/sites\/2\/2023\/01\/5G_-XHAUL_DIAGRAMS_x1-2-1536x678.png 1536w, https:\/\/emea.technetix.com\/wp-content\/uploads\/sites\/2\/2023\/01\/5G_-XHAUL_DIAGRAMS_x1-2-600x265.png 600w\" sizes=\"auto, (max-width: 1920px) 100vw, 1920px\" \/><\/figure>\n\n\n\n<p class=\"gb-headline gb-headline-d9e061c3 gb-headline-text\">La fibra virtual se puede instalar colocando un transmisor al principio del cable y un receptor al final. Los filtros diplexores insertar\u00e1n y extraer\u00e1n las se\u00f1ales de alta frecuencia. Un repetidor estar\u00e1 disponible para secciones de cable largas y, mediante el uso de un conmutador, se puede construir una red Ethernet de 10 Gbps junto a la red HFC. La red preexistente est\u00e1 totalmente disponible para todos los clientes y servicios est\u00e1ndar.  <\/p>\n\n<\/div>\n\n<div class=\"gb-container gb-container-4341547e gb-container-con-buttons-bottom\">\n\n<h2 class=\"gb-headline gb-headline-aa083fcb gb-headline-text gb-headline-head-bottom-buttons\">Enlaces de inter\u00e9s<\/h2>\n\n\n<div class=\"gb-button-wrapper gb-button-wrapper-0384e333 gb-button-wrapper-after-con-buttons\">\n\n<a class=\"gb-button gb-button-ca5fa09e gb-button-text gb-button-bottom-button\" href=\"https:\/\/emea.technetix.com\/es\/redes-hfc\/virtual-segmentation\/\">Virtual segmentation<\/a>\n\n\n\n<a class=\"gb-button gb-button-1248e729 gb-button-text gb-button-bottom-button\" href=\"https:\/\/emea.technetix.com\/es\/technetix-academy\/\">Technetix Academy<\/a>\n\n\n\n<a class=\"gb-button gb-button-0a1b5f1f gb-button-text gb-button-bottom-button\" href=\"https:\/\/emea.technetix.com\/es\/consultoria-de-redes\/\">Consultor\u00eda de redes<\/a>\n\n\n\n<a class=\"gb-button gb-button-54f5a180 gb-button-text gb-button-bottom-button\" href=\"https:\/\/emea.technetix.com\/es\/contactenos\/\">Cont\u00e1ctenos<\/a>\n\n<\/div>\n<\/div>","protected":false},"excerpt":{"rendered":"<p>10 Gbps sobre coaxial para empresas Virtual Segmentation\u2122 es la soluci\u00f3n de fibra virtual de Technetix que puede ampliar su red hasta alcanzar los 10 Gbps, lo que permite proporcionar conexiones de alta velocidad a las empresas mediante el uso de cables coaxiales. Una red HFC ya construida utiliza la capacidad de la red de &#8230; <a title=\"10 Gbps sobre coaxial para empresas\" class=\"read-more\" href=\"https:\/\/emea.technetix.com\/es\/nuestra-vision\/10-gbps-sobre-coaxial-para-empresas\/\" aria-label=\"Leer m\u00e1s sobre 10 Gbps sobre coaxial para empresas\">Read more<\/a><\/p>\n","protected":false},"author":1,"featured_media":819,"parent":7340,"menu_order":0,"comment_status":"closed","ping_status":"closed","template":"","meta":{"_acf_changed":false,"_gspb_post_css":"","footnotes":""},"class_list":["post-7140","page","type-page","status-publish","has-post-thumbnail"],"yoast_head":"<!-- This site is optimized with the Yoast SEO Premium plugin v22.5 (Yoast SEO v27.4) - https:\/\/yoast.com\/product\/yoast-seo-premium-wordpress\/ -->\n<title>10 Gbps sobre coaxial para empresas - Technetix EMEA<\/title>\n<meta name=\"robots\" content=\"index, follow, max-snippet:-1, max-image-preview:large, max-video-preview:-1\" \/>\n<link rel=\"canonical\" href=\"https:\/\/emea.technetix.com\/es\/nuestra-vision\/10-gbps-sobre-coaxial-para-empresas\/\" \/>\n<meta property=\"og:locale\" content=\"es_ES\" \/>\n<meta property=\"og:type\" content=\"article\" \/>\n<meta property=\"og:title\" content=\"10 Gbps sobre coaxial para empresas - Technetix EMEA\" \/>\n<meta property=\"og:description\" content=\"10 Gbps sobre coaxial para empresas Virtual Segmentation\u2122 es la soluci\u00f3n de fibra virtual de Technetix que puede ampliar su red hasta alcanzar los 10 Gbps, lo que permite proporcionar conexiones de alta velocidad a las empresas mediante el uso de cables coaxiales. Una red HFC ya construida utiliza la capacidad de la red de ... Read more\" \/>\n<meta property=\"og:url\" content=\"https:\/\/emea.technetix.com\/es\/nuestra-vision\/10-gbps-sobre-coaxial-para-empresas\/\" \/>\n<meta property=\"og:site_name\" content=\"Technetix EMEA\" \/>\n<meta property=\"article:modified_time\" content=\"2024-02-08T10:11:49+00:00\" \/>\n<meta property=\"og:image\" content=\"https:\/\/emea.technetix.com\/wp-content\/uploads\/sites\/2\/2023\/01\/SOLUTIONS_LARGE_10G_FINAL.jpg\" \/>\n\t<meta property=\"og:image:width\" content=\"1920\" \/>\n\t<meta property=\"og:image:height\" content=\"450\" \/>\n\t<meta property=\"og:image:type\" content=\"image\/jpeg\" \/>\n<meta name=\"twitter:card\" content=\"summary_large_image\" \/>\n<meta name=\"twitter:site\" content=\"@technetixgroup\" \/>\n<meta name=\"twitter:label1\" content=\"Tiempo de lectura\" \/>\n\t<meta name=\"twitter:data1\" content=\"3 minutos\" \/>\n<script type=\"application\/ld+json\" class=\"yoast-schema-graph\">{\"@context\":\"https:\\\/\\\/schema.org\",\"@graph\":[{\"@type\":\"WebPage\",\"@id\":\"https:\\\/\\\/emea.technetix.com\\\/es\\\/nuestra-vision\\\/10-gbps-sobre-coaxial-para-empresas\\\/\",\"url\":\"https:\\\/\\\/emea.technetix.com\\\/es\\\/nuestra-vision\\\/10-gbps-sobre-coaxial-para-empresas\\\/\",\"name\":\"10 Gbps sobre coaxial para empresas - Technetix EMEA\",\"isPartOf\":{\"@id\":\"https:\\\/\\\/emea.technetix.com\\\/es\\\/#website\"},\"primaryImageOfPage\":{\"@id\":\"https:\\\/\\\/emea.technetix.com\\\/es\\\/nuestra-vision\\\/10-gbps-sobre-coaxial-para-empresas\\\/#primaryimage\"},\"image\":{\"@id\":\"https:\\\/\\\/emea.technetix.com\\\/es\\\/nuestra-vision\\\/10-gbps-sobre-coaxial-para-empresas\\\/#primaryimage\"},\"thumbnailUrl\":\"https:\\\/\\\/emea.technetix.com\\\/wp-content\\\/uploads\\\/sites\\\/2\\\/2023\\\/01\\\/SOLUTIONS_LARGE_10G_FINAL.jpg\",\"datePublished\":\"2023-01-20T17:08:04+00:00\",\"dateModified\":\"2024-02-08T10:11:49+00:00\",\"breadcrumb\":{\"@id\":\"https:\\\/\\\/emea.technetix.com\\\/es\\\/nuestra-vision\\\/10-gbps-sobre-coaxial-para-empresas\\\/#breadcrumb\"},\"inLanguage\":\"es\",\"potentialAction\":[{\"@type\":\"ReadAction\",\"target\":[\"https:\\\/\\\/emea.technetix.com\\\/es\\\/nuestra-vision\\\/10-gbps-sobre-coaxial-para-empresas\\\/\"]}]},{\"@type\":\"ImageObject\",\"inLanguage\":\"es\",\"@id\":\"https:\\\/\\\/emea.technetix.com\\\/es\\\/nuestra-vision\\\/10-gbps-sobre-coaxial-para-empresas\\\/#primaryimage\",\"url\":\"https:\\\/\\\/emea.technetix.com\\\/wp-content\\\/uploads\\\/sites\\\/2\\\/2023\\\/01\\\/SOLUTIONS_LARGE_10G_FINAL.jpg\",\"contentUrl\":\"https:\\\/\\\/emea.technetix.com\\\/wp-content\\\/uploads\\\/sites\\\/2\\\/2023\\\/01\\\/SOLUTIONS_LARGE_10G_FINAL.jpg\",\"width\":1920,\"height\":450},{\"@type\":\"BreadcrumbList\",\"@id\":\"https:\\\/\\\/emea.technetix.com\\\/es\\\/nuestra-vision\\\/10-gbps-sobre-coaxial-para-empresas\\\/#breadcrumb\",\"itemListElement\":[{\"@type\":\"ListItem\",\"position\":1,\"name\":\"Home\",\"item\":\"https:\\\/\\\/emea.technetix.com\\\/es\\\/\"},{\"@type\":\"ListItem\",\"position\":2,\"name\":\"Nuestra visi\u00f3n\",\"item\":\"https:\\\/\\\/emea.technetix.com\\\/es\\\/nuestra-vision\\\/\"},{\"@type\":\"ListItem\",\"position\":3,\"name\":\"10 Gbps sobre coaxial para empresas\"}]},{\"@type\":\"WebSite\",\"@id\":\"https:\\\/\\\/emea.technetix.com\\\/es\\\/#website\",\"url\":\"https:\\\/\\\/emea.technetix.com\\\/es\\\/\",\"name\":\"Technetix\",\"description\":\"Next-generation broadband equipment engineering\",\"publisher\":{\"@id\":\"https:\\\/\\\/emea.technetix.com\\\/es\\\/#organization\"},\"potentialAction\":[{\"@type\":\"SearchAction\",\"target\":{\"@type\":\"EntryPoint\",\"urlTemplate\":\"https:\\\/\\\/emea.technetix.com\\\/es\\\/?s={search_term_string}\"},\"query-input\":{\"@type\":\"PropertyValueSpecification\",\"valueRequired\":true,\"valueName\":\"search_term_string\"}}],\"inLanguage\":\"es\"},{\"@type\":\"Organization\",\"@id\":\"https:\\\/\\\/emea.technetix.com\\\/es\\\/#organization\",\"name\":\"Technetix\",\"url\":\"https:\\\/\\\/emea.technetix.com\\\/es\\\/\",\"logo\":{\"@type\":\"ImageObject\",\"inLanguage\":\"es\",\"@id\":\"https:\\\/\\\/emea.technetix.com\\\/es\\\/#\\\/schema\\\/logo\\\/image\\\/\",\"url\":\"https:\\\/\\\/emea.technetix.com\\\/wp-content\\\/uploads\\\/sites\\\/2\\\/2023\\\/06\\\/logo-Technetix-1000x1000-1.png\",\"contentUrl\":\"https:\\\/\\\/emea.technetix.com\\\/wp-content\\\/uploads\\\/sites\\\/2\\\/2023\\\/06\\\/logo-Technetix-1000x1000-1.png\",\"width\":1000,\"height\":1000,\"caption\":\"Technetix\"},\"image\":{\"@id\":\"https:\\\/\\\/emea.technetix.com\\\/es\\\/#\\\/schema\\\/logo\\\/image\\\/\"},\"sameAs\":[\"https:\\\/\\\/x.com\\\/technetixgroup\",\"https:\\\/\\\/www.linkedin.com\\\/company\\\/technetix\\\/\",\"https:\\\/\\\/www.youtube.com\\\/c\\\/Technetix-group\"]}]}<\/script>\n<!-- \/ Yoast SEO Premium plugin. -->","yoast_head_json":{"title":"10 Gbps sobre coaxial para empresas - Technetix EMEA","robots":{"index":"index","follow":"follow","max-snippet":"max-snippet:-1","max-image-preview":"max-image-preview:large","max-video-preview":"max-video-preview:-1"},"canonical":"https:\/\/emea.technetix.com\/es\/nuestra-vision\/10-gbps-sobre-coaxial-para-empresas\/","og_locale":"es_ES","og_type":"article","og_title":"10 Gbps sobre coaxial para empresas - Technetix EMEA","og_description":"10 Gbps sobre coaxial para empresas Virtual Segmentation\u2122 es la soluci\u00f3n de fibra virtual de Technetix que puede ampliar su red hasta alcanzar los 10 Gbps, lo que permite proporcionar conexiones de alta velocidad a las empresas mediante el uso de cables coaxiales. Una red HFC ya construida utiliza la capacidad de la red de ... Read more","og_url":"https:\/\/emea.technetix.com\/es\/nuestra-vision\/10-gbps-sobre-coaxial-para-empresas\/","og_site_name":"Technetix EMEA","article_modified_time":"2024-02-08T10:11:49+00:00","og_image":[{"width":1920,"height":450,"url":"https:\/\/emea.technetix.com\/wp-content\/uploads\/sites\/2\/2023\/01\/SOLUTIONS_LARGE_10G_FINAL.jpg","type":"image\/jpeg"}],"twitter_card":"summary_large_image","twitter_site":"@technetixgroup","twitter_misc":{"Tiempo de lectura":"3 minutos"},"schema":{"@context":"https:\/\/schema.org","@graph":[{"@type":"WebPage","@id":"https:\/\/emea.technetix.com\/es\/nuestra-vision\/10-gbps-sobre-coaxial-para-empresas\/","url":"https:\/\/emea.technetix.com\/es\/nuestra-vision\/10-gbps-sobre-coaxial-para-empresas\/","name":"10 Gbps sobre coaxial para empresas - Technetix EMEA","isPartOf":{"@id":"https:\/\/emea.technetix.com\/es\/#website"},"primaryImageOfPage":{"@id":"https:\/\/emea.technetix.com\/es\/nuestra-vision\/10-gbps-sobre-coaxial-para-empresas\/#primaryimage"},"image":{"@id":"https:\/\/emea.technetix.com\/es\/nuestra-vision\/10-gbps-sobre-coaxial-para-empresas\/#primaryimage"},"thumbnailUrl":"https:\/\/emea.technetix.com\/wp-content\/uploads\/sites\/2\/2023\/01\/SOLUTIONS_LARGE_10G_FINAL.jpg","datePublished":"2023-01-20T17:08:04+00:00","dateModified":"2024-02-08T10:11:49+00:00","breadcrumb":{"@id":"https:\/\/emea.technetix.com\/es\/nuestra-vision\/10-gbps-sobre-coaxial-para-empresas\/#breadcrumb"},"inLanguage":"es","potentialAction":[{"@type":"ReadAction","target":["https:\/\/emea.technetix.com\/es\/nuestra-vision\/10-gbps-sobre-coaxial-para-empresas\/"]}]},{"@type":"ImageObject","inLanguage":"es","@id":"https:\/\/emea.technetix.com\/es\/nuestra-vision\/10-gbps-sobre-coaxial-para-empresas\/#primaryimage","url":"https:\/\/emea.technetix.com\/wp-content\/uploads\/sites\/2\/2023\/01\/SOLUTIONS_LARGE_10G_FINAL.jpg","contentUrl":"https:\/\/emea.technetix.com\/wp-content\/uploads\/sites\/2\/2023\/01\/SOLUTIONS_LARGE_10G_FINAL.jpg","width":1920,"height":450},{"@type":"BreadcrumbList","@id":"https:\/\/emea.technetix.com\/es\/nuestra-vision\/10-gbps-sobre-coaxial-para-empresas\/#breadcrumb","itemListElement":[{"@type":"ListItem","position":1,"name":"Home","item":"https:\/\/emea.technetix.com\/es\/"},{"@type":"ListItem","position":2,"name":"Nuestra visi\u00f3n","item":"https:\/\/emea.technetix.com\/es\/nuestra-vision\/"},{"@type":"ListItem","position":3,"name":"10 Gbps sobre coaxial para empresas"}]},{"@type":"WebSite","@id":"https:\/\/emea.technetix.com\/es\/#website","url":"https:\/\/emea.technetix.com\/es\/","name":"Technetix","description":"Next-generation broadband equipment engineering","publisher":{"@id":"https:\/\/emea.technetix.com\/es\/#organization"},"potentialAction":[{"@type":"SearchAction","target":{"@type":"EntryPoint","urlTemplate":"https:\/\/emea.technetix.com\/es\/?s={search_term_string}"},"query-input":{"@type":"PropertyValueSpecification","valueRequired":true,"valueName":"search_term_string"}}],"inLanguage":"es"},{"@type":"Organization","@id":"https:\/\/emea.technetix.com\/es\/#organization","name":"Technetix","url":"https:\/\/emea.technetix.com\/es\/","logo":{"@type":"ImageObject","inLanguage":"es","@id":"https:\/\/emea.technetix.com\/es\/#\/schema\/logo\/image\/","url":"https:\/\/emea.technetix.com\/wp-content\/uploads\/sites\/2\/2023\/06\/logo-Technetix-1000x1000-1.png","contentUrl":"https:\/\/emea.technetix.com\/wp-content\/uploads\/sites\/2\/2023\/06\/logo-Technetix-1000x1000-1.png","width":1000,"height":1000,"caption":"Technetix"},"image":{"@id":"https:\/\/emea.technetix.com\/es\/#\/schema\/logo\/image\/"},"sameAs":["https:\/\/x.com\/technetixgroup","https:\/\/www.linkedin.com\/company\/technetix\/","https:\/\/www.youtube.com\/c\/Technetix-group"]}]}},"acf":[],"publishpress_future_workflow_manual_trigger":{"enabledWorkflows":[]},"_links":{"self":[{"href":"https:\/\/emea.technetix.com\/es\/wp-json\/wp\/v2\/pages\/7140","targetHints":{"allow":["GET"]}}],"collection":[{"href":"https:\/\/emea.technetix.com\/es\/wp-json\/wp\/v2\/pages"}],"about":[{"href":"https:\/\/emea.technetix.com\/es\/wp-json\/wp\/v2\/types\/page"}],"author":[{"embeddable":true,"href":"https:\/\/emea.technetix.com\/es\/wp-json\/wp\/v2\/users\/1"}],"replies":[{"embeddable":true,"href":"https:\/\/emea.technetix.com\/es\/wp-json\/wp\/v2\/comments?post=7140"}],"version-history":[{"count":0,"href":"https:\/\/emea.technetix.com\/es\/wp-json\/wp\/v2\/pages\/7140\/revisions"}],"up":[{"embeddable":true,"href":"https:\/\/emea.technetix.com\/es\/wp-json\/wp\/v2\/pages\/7340"}],"wp:featuredmedia":[{"embeddable":true,"href":"https:\/\/emea.technetix.com\/es\/wp-json\/wp\/v2\/media\/819"}],"wp:attachment":[{"href":"https:\/\/emea.technetix.com\/es\/wp-json\/wp\/v2\/media?parent=7140"}],"curies":[{"name":"wp","href":"https:\/\/api.w.org\/{rel}","templated":true}]}}