{"id":7134,"date":"2023-01-19T23:00:22","date_gmt":"2023-01-19T23:00:22","guid":{"rendered":"https:\/\/emea.technetix.com\/redes-hfc\/sistemas-de-gestion-de-redes\/"},"modified":"2023-05-22T09:27:06","modified_gmt":"2023-05-22T09:27:06","slug":"sistemas-de-gestion-de-redes","status":"publish","type":"page","link":"https:\/\/emea.technetix.com\/es\/redes-hfc\/sistemas-de-gestion-de-redes\/","title":{"rendered":"Sistemas de gesti\u00f3n de redes"},"content":{"rendered":"<div class=\"gb-container gb-container-f86f3f4f gb-container-hero-banner\"><div class=\"gb-inside-container\">\n<h1 class=\"gb-headline gb-headline-e1547755 gb-headline-text gb-headline-hero-banner-title\">Sistemas de gesti\u00f3n de redes<\/h1>\n<\/div><\/div>\n\n<div class=\"gb-container gb-container-5e743113 gb-container-inner-back-page-con\">\n\n<h2 class=\"gb-headline gb-headline-d02c52e4 gb-headline-text\">Soluciones de software para facilitar la gesti\u00f3n de redes y dispositivos.<\/h2>\n\n\n\n<p class=\"gb-headline gb-headline-6656b5c3 gb-headline-text\">Technetix proporciona soluciones de software innovadoras que los clientes pueden utilizar para configurar, controlar y supervisar electr\u00f3nicamente los productos de red de acceso, incluidos amplificadores, nodos \u00f3pticos y dispositivos PHY remotos y Mac-PHY remotos.<\/p>\n\n\n\n<p class=\"gb-headline gb-headline-aad20459 gb-headline-text\">Los beneficios de usar herramientas de software en comparaci\u00f3n con la metodolog\u00eda tradicional que usa complementos incluyen:<\/p>\n\n\n\n<ul class=\"wp-block-list\">\n<li>Disminuci\u00f3n del tiempo de configuraci\u00f3n<\/li>\n\n\n\n<li>Confianza en una red mejorada y menos interrupci\u00f3n del servicio<\/li>\n\n\n\n<li>Mayor eficiencia operativa ahorrando gastos operativos<\/li>\n\n\n\n<li>Ahorro de CapEx<\/li>\n\n\n\n<li>Herramienta de software unificada para toda la plataforma, el mismo software puede controlar todos los tipos de MAP \/ nodos<\/li>\n<\/ul>\n\n\n\n<p class=\"gb-headline gb-headline-e93090c6 gb-headline-text\">Technetix proporciona una variedad de herramientas de software para la plataforma de acceso DBx:<\/p>\n\n<\/div>\n\n<div class=\"gb-container gb-container-c95c1a27 gb-container-wide-back-page-con\">\n<div class=\"gb-grid-wrapper gb-grid-wrapper-3fb04185\">\n<div class=\"gb-grid-column gb-grid-column-f133f3b0\"><div class=\"gb-container gb-container-f133f3b0\">\n\n<figure class=\"gb-block-image gb-block-image-50414978\"><img loading=\"lazy\" decoding=\"async\" width=\"1000\" height=\"500\" class=\"gb-image gb-image-50414978\" src=\"https:\/\/emea.technetix.com\/wp-content\/uploads\/sites\/2\/2023\/01\/BLA.jpeg\" alt=\"Aplicaci\u00f3n BLA para Android - Basis Locon Android (BLA) es una aplicaci\u00f3n de Android que se ejecuta en un dispositivo Android, lo que permite al usuario conectar dispositivos localmente (USB). La aplicaci\u00f3n permite a los usuarios instalar y configurar atenuaci\u00f3n, ecualizadores, control de ganancia, control autom\u00e1tico de ganancia (AGC) y control autom\u00e1tico de l\u00edneas y pendientes (ALSC)\" srcset=\"https:\/\/emea.technetix.com\/wp-content\/uploads\/sites\/2\/2023\/01\/BLA.jpeg 1000w, https:\/\/emea.technetix.com\/wp-content\/uploads\/sites\/2\/2023\/01\/BLA-300x150.jpeg 300w, https:\/\/emea.technetix.com\/wp-content\/uploads\/sites\/2\/2023\/01\/BLA-768x384.jpeg 768w, https:\/\/emea.technetix.com\/wp-content\/uploads\/sites\/2\/2023\/01\/BLA-600x300.jpeg 600w\" sizes=\"auto, (max-width: 1000px) 100vw, 1000px\" \/><\/figure>\n\n\n\n<h2 class=\"gb-headline gb-headline-2283596f gb-headline-text\">Aplicaci\u00f3n BLA para Android<\/h2>\n\n\n<div class=\"gb-container gb-container-5a903ebd full-image-link-block\">\n\n<p class=\"gb-headline gb-headline-75bb4965 gb-headline-text\">Basis Locon Android (BLA) es una aplicaci\u00f3n de Android que se ejecuta en un dispositivo Android, lo que permite al usuario conectar dispositivos localmente (USB). La aplicaci\u00f3n permite a los usuarios instalar y configurar atenuaci\u00f3n, ecualizadores, control de ganancia, control autom\u00e1tico de ganancia (AGC) y control autom\u00e1tico de l\u00edneas y pendientes (ALSC). <\/p>\n\n\n\n<span class=\"gb-button gb-button-7f9dbd98 gb-button-text gb-button-stand-alone-button set-button-line-height popmake-12998\">Contacta con nosotros<\/span>\n\n<\/div>\n<\/div><\/div>\n\n<div class=\"gb-grid-column gb-grid-column-b31f65b8\"><div class=\"gb-container gb-container-b31f65b8\">\n\n<figure class=\"gb-block-image gb-block-image-ef7c9550\"><img loading=\"lazy\" decoding=\"async\" width=\"1000\" height=\"500\" class=\"gb-image gb-image-ef7c9550\" src=\"https:\/\/emea.technetix.com\/wp-content\/uploads\/sites\/2\/2023\/01\/BLL.jpeg\" alt=\"Aplicaci\u00f3n BLL para PC - Basis Locon Laptop es una aplicaci\u00f3n de Windows que se ejecuta en computadoras port\u00e1tiles y permite al usuario conectar dispositivos a trav\u00e9s de una interfaz local (USB) o remota (DOCSIS). La aplicaci\u00f3n permite a los usuarios instalar y configurar atenuaci\u00f3n, ecualizadores, control de ganancia, control autom\u00e1tico de ganancia (AGC) y control autom\u00e1tico de l\u00edneas y pendientes (ALSC)\" srcset=\"https:\/\/emea.technetix.com\/wp-content\/uploads\/sites\/2\/2023\/01\/BLL.jpeg 1000w, https:\/\/emea.technetix.com\/wp-content\/uploads\/sites\/2\/2023\/01\/BLL-300x150.jpeg 300w, https:\/\/emea.technetix.com\/wp-content\/uploads\/sites\/2\/2023\/01\/BLL-768x384.jpeg 768w, https:\/\/emea.technetix.com\/wp-content\/uploads\/sites\/2\/2023\/01\/BLL-600x300.jpeg 600w\" sizes=\"auto, (max-width: 1000px) 100vw, 1000px\" \/><\/figure>\n\n\n\n<h2 class=\"gb-headline gb-headline-5de241b3 gb-headline-text\">Aplicaci\u00f3n BLL para PC<\/h2>\n\n\n<div class=\"gb-container gb-container-02b1cd74 full-image-link-block\">\n\n<p class=\"gb-headline gb-headline-95292eeb gb-headline-text\">Basis Locon Laptop es una aplicaci\u00f3n de Windows que se ejecuta en computadoras port\u00e1tiles y permite al usuario conectar dispositivos a trav\u00e9s de una interfaz local (USB) o remota (DOCSIS). La aplicaci\u00f3n permite a los usuarios instalar y configurar atenuaci\u00f3n, ecualizadores, control de ganancia, control autom\u00e1tico de ganancia (AGC) y control autom\u00e1tico de l\u00edneas y pendientes (ALSC). <\/p>\n\n\n\n<span class=\"gb-button gb-button-8989b936 gb-button-text gb-button-stand-alone-button set-button-line-height popmake-12999\">Contacta con nosotros<\/span>\n\n<\/div>\n<\/div><\/div>\n\n<div class=\"gb-grid-column gb-grid-column-e86b7807\"><div class=\"gb-container gb-container-e86b7807\"><a class=\"gb-container-link\" href=\"https:\/\/emea.technetix.com\/es\/dbx-solucion-configurable-en-campo\/\"><\/a>\n\n<figure class=\"gb-block-image gb-block-image-b945fa2a\"><a href=\"https:\/\/emea.technetix.com\/es\/dbx-solucion-configurable-en-campo\/\"><img loading=\"lazy\" decoding=\"async\" width=\"1000\" height=\"500\" class=\"gb-image gb-image-b945fa2a\" src=\"https:\/\/emea.technetix.com\/wp-content\/uploads\/sites\/2\/2023\/01\/t-box.jpeg\" alt=\"t-box - La t-box es una peque\u00f1a unidad de configuraci\u00f3n Wi-Fi port\u00e1til, la conectividad basada en la web que permite la configuraci\u00f3n de la plataforma DBx a trav\u00e9s de un tel\u00e9fono inteligente, tableta o computadora port\u00e1til\" srcset=\"https:\/\/emea.technetix.com\/wp-content\/uploads\/sites\/2\/2023\/01\/t-box.jpeg 1000w, https:\/\/emea.technetix.com\/wp-content\/uploads\/sites\/2\/2023\/01\/t-box-300x150.jpeg 300w, https:\/\/emea.technetix.com\/wp-content\/uploads\/sites\/2\/2023\/01\/t-box-768x384.jpeg 768w, https:\/\/emea.technetix.com\/wp-content\/uploads\/sites\/2\/2023\/01\/t-box-600x300.jpeg 600w\" sizes=\"auto, (max-width: 1000px) 100vw, 1000px\" \/><\/a><\/figure>\n\n\n\n<h2 class=\"gb-headline gb-headline-c13b9f79 gb-headline-text\">t-box<\/h2>\n\n\n<div class=\"gb-container gb-container-783446d5 full-image-link-block\">\n\n<p class=\"gb-headline gb-headline-cf1b6a06 gb-headline-text\">La t-box es una peque\u00f1a unidad de configuraci\u00f3n Wi-Fi port\u00e1til, la conectividad basada en la web que permite la configuraci\u00f3n de la plataforma DBx a trav\u00e9s de un tel\u00e9fono inteligente, tableta o computadora port\u00e1til.<\/p>\n\n<\/div>\n<\/div><\/div>\n\n<div class=\"gb-grid-column gb-grid-column-58a52ce7\"><div class=\"gb-container gb-container-58a52ce7\">\n\n<figure class=\"gb-block-image gb-block-image-816a0c0d\"><img loading=\"lazy\" decoding=\"async\" width=\"1000\" height=\"500\" class=\"gb-image gb-image-816a0c0d\" src=\"https:\/\/emea.technetix.com\/wp-content\/uploads\/sites\/2\/2023\/01\/TxNMS.jpeg\" alt=\"Aplicaci\u00f3n web TxNMS - Technetix Network Management System (TxNMS) es un sistema de administraci\u00f3n de dispositivos de red de acceso. Utilizando el transpondedor DOCSIS, los clientes pueden controlar y monitorear de forma remota los dispositivos en el campo\" srcset=\"https:\/\/emea.technetix.com\/wp-content\/uploads\/sites\/2\/2023\/01\/TxNMS.jpeg 1000w, https:\/\/emea.technetix.com\/wp-content\/uploads\/sites\/2\/2023\/01\/TxNMS-300x150.jpeg 300w, https:\/\/emea.technetix.com\/wp-content\/uploads\/sites\/2\/2023\/01\/TxNMS-768x384.jpeg 768w, https:\/\/emea.technetix.com\/wp-content\/uploads\/sites\/2\/2023\/01\/TxNMS-600x300.jpeg 600w\" sizes=\"auto, (max-width: 1000px) 100vw, 1000px\" \/><\/figure>\n\n\n\n<h2 class=\"gb-headline gb-headline-db4719f5 gb-headline-text\">Aplicaci\u00f3n web TxNMS<\/h2>\n\n\n<div class=\"gb-container gb-container-1dcbd168 full-image-link-block\">\n\n<p class=\"gb-headline gb-headline-0ab0ac94 gb-headline-text\">Technetix Network Management System (TxNMS) es un sistema de administraci\u00f3n de dispositivos de red de acceso. Utilizando el transpondedor DOCSIS, los clientes pueden controlar y monitorear de forma remota los dispositivos en el campo. <\/p>\n\n\n\n<span class=\"gb-button gb-button-ddf187a0 gb-button-text gb-button-stand-alone-button set-button-line-height popmake-12997\">Contacta con nosotros<\/span>\n\n<\/div>\n<\/div><\/div>\n<\/div>\n<\/div>","protected":false},"excerpt":{"rendered":"<p>Sistemas de gesti\u00f3n de redes Soluciones de software para facilitar la gesti\u00f3n de redes y dispositivos. Technetix proporciona soluciones de software innovadoras que los clientes pueden utilizar para configurar, controlar y supervisar electr\u00f3nicamente los productos de red de acceso, incluidos amplificadores, nodos \u00f3pticos y dispositivos PHY remotos y Mac-PHY remotos. Los beneficios de usar herramientas &#8230; <a title=\"Sistemas de gesti\u00f3n de redes\" class=\"read-more\" href=\"https:\/\/emea.technetix.com\/es\/redes-hfc\/sistemas-de-gestion-de-redes\/\" aria-label=\"Leer m\u00e1s sobre Sistemas de gesti\u00f3n de redes\">Read more<\/a><\/p>\n","protected":false},"author":1,"featured_media":707,"parent":7120,"menu_order":0,"comment_status":"closed","ping_status":"closed","template":"","meta":{"_acf_changed":false,"_gspb_post_css":"","footnotes":""},"class_list":["post-7134","page","type-page","status-publish","has-post-thumbnail"],"yoast_head":"<!-- This site is optimized with the Yoast SEO Premium plugin v22.5 (Yoast SEO v27.4) - https:\/\/yoast.com\/product\/yoast-seo-premium-wordpress\/ -->\n<title>Sistemas de gesti\u00f3n de redes - Technetix EMEA<\/title>\n<meta name=\"robots\" content=\"index, follow, max-snippet:-1, max-image-preview:large, max-video-preview:-1\" \/>\n<link rel=\"canonical\" href=\"https:\/\/emea.technetix.com\/es\/redes-hfc\/sistemas-de-gestion-de-redes\/\" \/>\n<meta property=\"og:locale\" content=\"es_ES\" \/>\n<meta property=\"og:type\" content=\"article\" \/>\n<meta property=\"og:title\" content=\"Sistemas de gesti\u00f3n de redes - Technetix EMEA\" \/>\n<meta property=\"og:description\" content=\"Sistemas de gesti\u00f3n de redes Soluciones de software para facilitar la gesti\u00f3n de redes y dispositivos. Technetix proporciona soluciones de software innovadoras que los clientes pueden utilizar para configurar, controlar y supervisar electr\u00f3nicamente los productos de red de acceso, incluidos amplificadores, nodos \u00f3pticos y dispositivos PHY remotos y Mac-PHY remotos. Los beneficios de usar herramientas ... Read more\" \/>\n<meta property=\"og:url\" content=\"https:\/\/emea.technetix.com\/es\/redes-hfc\/sistemas-de-gestion-de-redes\/\" \/>\n<meta property=\"og:site_name\" content=\"Technetix EMEA\" \/>\n<meta property=\"article:modified_time\" content=\"2023-05-22T09:27:06+00:00\" \/>\n<meta property=\"og:image\" content=\"https:\/\/emea.technetix.com\/wp-content\/uploads\/sites\/2\/2023\/01\/SERVICES_LARGE_NETWORK_MAN_SYSTEMS_FINAL.jpg\" \/>\n\t<meta property=\"og:image:width\" content=\"1920\" \/>\n\t<meta property=\"og:image:height\" content=\"450\" \/>\n\t<meta property=\"og:image:type\" content=\"image\/jpeg\" \/>\n<meta name=\"twitter:card\" content=\"summary_large_image\" \/>\n<meta name=\"twitter:site\" content=\"@technetixgroup\" \/>\n<meta name=\"twitter:label1\" content=\"Tiempo de lectura\" \/>\n\t<meta name=\"twitter:data1\" content=\"3 minutos\" \/>\n<script type=\"application\/ld+json\" class=\"yoast-schema-graph\">{\"@context\":\"https:\\\/\\\/schema.org\",\"@graph\":[{\"@type\":\"WebPage\",\"@id\":\"https:\\\/\\\/emea.technetix.com\\\/es\\\/redes-hfc\\\/sistemas-de-gestion-de-redes\\\/\",\"url\":\"https:\\\/\\\/emea.technetix.com\\\/es\\\/redes-hfc\\\/sistemas-de-gestion-de-redes\\\/\",\"name\":\"Sistemas de gesti\u00f3n de redes - Technetix EMEA\",\"isPartOf\":{\"@id\":\"https:\\\/\\\/emea.technetix.com\\\/es\\\/#website\"},\"primaryImageOfPage\":{\"@id\":\"https:\\\/\\\/emea.technetix.com\\\/es\\\/redes-hfc\\\/sistemas-de-gestion-de-redes\\\/#primaryimage\"},\"image\":{\"@id\":\"https:\\\/\\\/emea.technetix.com\\\/es\\\/redes-hfc\\\/sistemas-de-gestion-de-redes\\\/#primaryimage\"},\"thumbnailUrl\":\"https:\\\/\\\/emea.technetix.com\\\/wp-content\\\/uploads\\\/sites\\\/2\\\/2023\\\/01\\\/SERVICES_LARGE_NETWORK_MAN_SYSTEMS_FINAL.jpg\",\"datePublished\":\"2023-01-19T23:00:22+00:00\",\"dateModified\":\"2023-05-22T09:27:06+00:00\",\"breadcrumb\":{\"@id\":\"https:\\\/\\\/emea.technetix.com\\\/es\\\/redes-hfc\\\/sistemas-de-gestion-de-redes\\\/#breadcrumb\"},\"inLanguage\":\"es\",\"potentialAction\":[{\"@type\":\"ReadAction\",\"target\":[\"https:\\\/\\\/emea.technetix.com\\\/es\\\/redes-hfc\\\/sistemas-de-gestion-de-redes\\\/\"]}]},{\"@type\":\"ImageObject\",\"inLanguage\":\"es\",\"@id\":\"https:\\\/\\\/emea.technetix.com\\\/es\\\/redes-hfc\\\/sistemas-de-gestion-de-redes\\\/#primaryimage\",\"url\":\"https:\\\/\\\/emea.technetix.com\\\/wp-content\\\/uploads\\\/sites\\\/2\\\/2023\\\/01\\\/SERVICES_LARGE_NETWORK_MAN_SYSTEMS_FINAL.jpg\",\"contentUrl\":\"https:\\\/\\\/emea.technetix.com\\\/wp-content\\\/uploads\\\/sites\\\/2\\\/2023\\\/01\\\/SERVICES_LARGE_NETWORK_MAN_SYSTEMS_FINAL.jpg\",\"width\":1920,\"height\":450},{\"@type\":\"BreadcrumbList\",\"@id\":\"https:\\\/\\\/emea.technetix.com\\\/es\\\/redes-hfc\\\/sistemas-de-gestion-de-redes\\\/#breadcrumb\",\"itemListElement\":[{\"@type\":\"ListItem\",\"position\":1,\"name\":\"Home\",\"item\":\"https:\\\/\\\/emea.technetix.com\\\/es\\\/\"},{\"@type\":\"ListItem\",\"position\":2,\"name\":\"Banda ancha de cable\",\"item\":\"https:\\\/\\\/emea.technetix.com\\\/es\\\/redes-hfc\\\/\"},{\"@type\":\"ListItem\",\"position\":3,\"name\":\"Sistemas de gesti\u00f3n de redes\"}]},{\"@type\":\"WebSite\",\"@id\":\"https:\\\/\\\/emea.technetix.com\\\/es\\\/#website\",\"url\":\"https:\\\/\\\/emea.technetix.com\\\/es\\\/\",\"name\":\"Technetix\",\"description\":\"Next-generation broadband equipment engineering\",\"publisher\":{\"@id\":\"https:\\\/\\\/emea.technetix.com\\\/es\\\/#organization\"},\"potentialAction\":[{\"@type\":\"SearchAction\",\"target\":{\"@type\":\"EntryPoint\",\"urlTemplate\":\"https:\\\/\\\/emea.technetix.com\\\/es\\\/?s={search_term_string}\"},\"query-input\":{\"@type\":\"PropertyValueSpecification\",\"valueRequired\":true,\"valueName\":\"search_term_string\"}}],\"inLanguage\":\"es\"},{\"@type\":\"Organization\",\"@id\":\"https:\\\/\\\/emea.technetix.com\\\/es\\\/#organization\",\"name\":\"Technetix\",\"url\":\"https:\\\/\\\/emea.technetix.com\\\/es\\\/\",\"logo\":{\"@type\":\"ImageObject\",\"inLanguage\":\"es\",\"@id\":\"https:\\\/\\\/emea.technetix.com\\\/es\\\/#\\\/schema\\\/logo\\\/image\\\/\",\"url\":\"https:\\\/\\\/emea.technetix.com\\\/wp-content\\\/uploads\\\/sites\\\/2\\\/2023\\\/06\\\/logo-Technetix-1000x1000-1.png\",\"contentUrl\":\"https:\\\/\\\/emea.technetix.com\\\/wp-content\\\/uploads\\\/sites\\\/2\\\/2023\\\/06\\\/logo-Technetix-1000x1000-1.png\",\"width\":1000,\"height\":1000,\"caption\":\"Technetix\"},\"image\":{\"@id\":\"https:\\\/\\\/emea.technetix.com\\\/es\\\/#\\\/schema\\\/logo\\\/image\\\/\"},\"sameAs\":[\"https:\\\/\\\/x.com\\\/technetixgroup\",\"https:\\\/\\\/www.linkedin.com\\\/company\\\/technetix\\\/\",\"https:\\\/\\\/www.youtube.com\\\/c\\\/Technetix-group\"]}]}<\/script>\n<!-- \/ Yoast SEO Premium plugin. -->","yoast_head_json":{"title":"Sistemas de gesti\u00f3n de redes - Technetix EMEA","robots":{"index":"index","follow":"follow","max-snippet":"max-snippet:-1","max-image-preview":"max-image-preview:large","max-video-preview":"max-video-preview:-1"},"canonical":"https:\/\/emea.technetix.com\/es\/redes-hfc\/sistemas-de-gestion-de-redes\/","og_locale":"es_ES","og_type":"article","og_title":"Sistemas de gesti\u00f3n de redes - Technetix EMEA","og_description":"Sistemas de gesti\u00f3n de redes Soluciones de software para facilitar la gesti\u00f3n de redes y dispositivos. Technetix proporciona soluciones de software innovadoras que los clientes pueden utilizar para configurar, controlar y supervisar electr\u00f3nicamente los productos de red de acceso, incluidos amplificadores, nodos \u00f3pticos y dispositivos PHY remotos y Mac-PHY remotos. Los beneficios de usar herramientas ... Read more","og_url":"https:\/\/emea.technetix.com\/es\/redes-hfc\/sistemas-de-gestion-de-redes\/","og_site_name":"Technetix EMEA","article_modified_time":"2023-05-22T09:27:06+00:00","og_image":[{"width":1920,"height":450,"url":"https:\/\/emea.technetix.com\/wp-content\/uploads\/sites\/2\/2023\/01\/SERVICES_LARGE_NETWORK_MAN_SYSTEMS_FINAL.jpg","type":"image\/jpeg"}],"twitter_card":"summary_large_image","twitter_site":"@technetixgroup","twitter_misc":{"Tiempo de lectura":"3 minutos"},"schema":{"@context":"https:\/\/schema.org","@graph":[{"@type":"WebPage","@id":"https:\/\/emea.technetix.com\/es\/redes-hfc\/sistemas-de-gestion-de-redes\/","url":"https:\/\/emea.technetix.com\/es\/redes-hfc\/sistemas-de-gestion-de-redes\/","name":"Sistemas de gesti\u00f3n de redes - Technetix EMEA","isPartOf":{"@id":"https:\/\/emea.technetix.com\/es\/#website"},"primaryImageOfPage":{"@id":"https:\/\/emea.technetix.com\/es\/redes-hfc\/sistemas-de-gestion-de-redes\/#primaryimage"},"image":{"@id":"https:\/\/emea.technetix.com\/es\/redes-hfc\/sistemas-de-gestion-de-redes\/#primaryimage"},"thumbnailUrl":"https:\/\/emea.technetix.com\/wp-content\/uploads\/sites\/2\/2023\/01\/SERVICES_LARGE_NETWORK_MAN_SYSTEMS_FINAL.jpg","datePublished":"2023-01-19T23:00:22+00:00","dateModified":"2023-05-22T09:27:06+00:00","breadcrumb":{"@id":"https:\/\/emea.technetix.com\/es\/redes-hfc\/sistemas-de-gestion-de-redes\/#breadcrumb"},"inLanguage":"es","potentialAction":[{"@type":"ReadAction","target":["https:\/\/emea.technetix.com\/es\/redes-hfc\/sistemas-de-gestion-de-redes\/"]}]},{"@type":"ImageObject","inLanguage":"es","@id":"https:\/\/emea.technetix.com\/es\/redes-hfc\/sistemas-de-gestion-de-redes\/#primaryimage","url":"https:\/\/emea.technetix.com\/wp-content\/uploads\/sites\/2\/2023\/01\/SERVICES_LARGE_NETWORK_MAN_SYSTEMS_FINAL.jpg","contentUrl":"https:\/\/emea.technetix.com\/wp-content\/uploads\/sites\/2\/2023\/01\/SERVICES_LARGE_NETWORK_MAN_SYSTEMS_FINAL.jpg","width":1920,"height":450},{"@type":"BreadcrumbList","@id":"https:\/\/emea.technetix.com\/es\/redes-hfc\/sistemas-de-gestion-de-redes\/#breadcrumb","itemListElement":[{"@type":"ListItem","position":1,"name":"Home","item":"https:\/\/emea.technetix.com\/es\/"},{"@type":"ListItem","position":2,"name":"Banda ancha de cable","item":"https:\/\/emea.technetix.com\/es\/redes-hfc\/"},{"@type":"ListItem","position":3,"name":"Sistemas de gesti\u00f3n de redes"}]},{"@type":"WebSite","@id":"https:\/\/emea.technetix.com\/es\/#website","url":"https:\/\/emea.technetix.com\/es\/","name":"Technetix","description":"Next-generation broadband equipment engineering","publisher":{"@id":"https:\/\/emea.technetix.com\/es\/#organization"},"potentialAction":[{"@type":"SearchAction","target":{"@type":"EntryPoint","urlTemplate":"https:\/\/emea.technetix.com\/es\/?s={search_term_string}"},"query-input":{"@type":"PropertyValueSpecification","valueRequired":true,"valueName":"search_term_string"}}],"inLanguage":"es"},{"@type":"Organization","@id":"https:\/\/emea.technetix.com\/es\/#organization","name":"Technetix","url":"https:\/\/emea.technetix.com\/es\/","logo":{"@type":"ImageObject","inLanguage":"es","@id":"https:\/\/emea.technetix.com\/es\/#\/schema\/logo\/image\/","url":"https:\/\/emea.technetix.com\/wp-content\/uploads\/sites\/2\/2023\/06\/logo-Technetix-1000x1000-1.png","contentUrl":"https:\/\/emea.technetix.com\/wp-content\/uploads\/sites\/2\/2023\/06\/logo-Technetix-1000x1000-1.png","width":1000,"height":1000,"caption":"Technetix"},"image":{"@id":"https:\/\/emea.technetix.com\/es\/#\/schema\/logo\/image\/"},"sameAs":["https:\/\/x.com\/technetixgroup","https:\/\/www.linkedin.com\/company\/technetix\/","https:\/\/www.youtube.com\/c\/Technetix-group"]}]}},"acf":[],"publishpress_future_workflow_manual_trigger":{"enabledWorkflows":[]},"_links":{"self":[{"href":"https:\/\/emea.technetix.com\/es\/wp-json\/wp\/v2\/pages\/7134","targetHints":{"allow":["GET"]}}],"collection":[{"href":"https:\/\/emea.technetix.com\/es\/wp-json\/wp\/v2\/pages"}],"about":[{"href":"https:\/\/emea.technetix.com\/es\/wp-json\/wp\/v2\/types\/page"}],"author":[{"embeddable":true,"href":"https:\/\/emea.technetix.com\/es\/wp-json\/wp\/v2\/users\/1"}],"replies":[{"embeddable":true,"href":"https:\/\/emea.technetix.com\/es\/wp-json\/wp\/v2\/comments?post=7134"}],"version-history":[{"count":0,"href":"https:\/\/emea.technetix.com\/es\/wp-json\/wp\/v2\/pages\/7134\/revisions"}],"up":[{"embeddable":true,"href":"https:\/\/emea.technetix.com\/es\/wp-json\/wp\/v2\/pages\/7120"}],"wp:featuredmedia":[{"embeddable":true,"href":"https:\/\/emea.technetix.com\/es\/wp-json\/wp\/v2\/media\/707"}],"wp:attachment":[{"href":"https:\/\/emea.technetix.com\/es\/wp-json\/wp\/v2\/media?parent=7134"}],"curies":[{"name":"wp","href":"https:\/\/api.w.org\/{rel}","templated":true}]}}