{"id":7132,"date":"2023-01-19T22:59:13","date_gmt":"2023-01-19T22:59:13","guid":{"rendered":"https:\/\/emea.technetix.com\/redes-hfc\/redes-en-el-hogar\/"},"modified":"2025-03-31T10:55:13","modified_gmt":"2025-03-31T10:55:13","slug":"redes-en-el-hogar","status":"publish","type":"page","link":"https:\/\/emea.technetix.com\/es\/redes-hfc\/redes-en-el-hogar\/","title":{"rendered":"Redes en el hogar"},"content":{"rendered":"<div class=\"gb-container gb-container-f86f3f4f gb-container-hero-banner\"><div class=\"gb-inside-container\">\n<h1 class=\"gb-headline gb-headline-e1547755 gb-headline-text gb-headline-hero-banner-title\">Redes en el hogar<\/h1>\n<\/div><\/div>\n\n<div class=\"gb-container gb-container-2c95c60d gb-container-con-centered-header\">\n\n<h2 class=\"gb-headline gb-headline-d02c52e4 gb-headline-text\">Productos premium en el hogar para una autoinstalaci\u00f3n sencilla y un rendimiento excepcional para el usuario final.<\/h2>\n\n<\/div>\n\n<div class=\"gb-container gb-container-96dc9a36 gb-container-wide-back-page-con\">\n<div class=\"gb-grid-wrapper gb-grid-wrapper-53f55656\">\n<div class=\"gb-grid-column gb-grid-column-111762de\"><div class=\"gb-container gb-container-111762de image-link-block\"><a class=\"gb-container-link\" href=\"https:\/\/emea.technetix.com\/es\/redes-hfc\/redes-en-el-hogar\/latiguillos-rla\/\"><\/a><div class=\"gb-inside-container\">\n<div class=\"gb-container gb-container-c51a427e\"><div class=\"gb-inside-container\">\n\n<figure class=\"gb-block-image gb-block-image-92ef0c3b\"><img loading=\"lazy\" decoding=\"async\" width=\"1000\" height=\"500\" class=\"gb-image gb-image-92ef0c3b\" src=\"https:\/\/emea.technetix.com\/wp-content\/uploads\/sites\/2\/2023\/01\/600_RLApp_CUT-OUT_FINAL.png\" alt=\"Latiguillos RLA++\" srcset=\"https:\/\/emea.technetix.com\/wp-content\/uploads\/sites\/2\/2023\/01\/600_RLApp_CUT-OUT_FINAL.png 1000w, https:\/\/emea.technetix.com\/wp-content\/uploads\/sites\/2\/2023\/01\/600_RLApp_CUT-OUT_FINAL-300x150.png 300w, https:\/\/emea.technetix.com\/wp-content\/uploads\/sites\/2\/2023\/01\/600_RLApp_CUT-OUT_FINAL-768x384.png 768w, https:\/\/emea.technetix.com\/wp-content\/uploads\/sites\/2\/2023\/01\/600_RLApp_CUT-OUT_FINAL-600x300.png 600w\" sizes=\"auto, (max-width: 1000px) 100vw, 1000px\" \/><\/figure>\n\n\n\n<h2 class=\"gb-headline gb-headline-8057c017 gb-headline-text\">Latiguillos RLA++<\/h2>\n\n\n\n<p class=\"gb-headline gb-headline-380a8e6b gb-headline-text\">Los mejores flyleads de su clase que permiten la conexi\u00f3n segura de CPE sin herramientas ni conocimientos t\u00e9cnicos.<\/p>\n\n<\/div><\/div>\n<\/div><\/div><\/div>\n\n<div class=\"gb-grid-column gb-grid-column-eb9a3761\"><div class=\"gb-container gb-container-eb9a3761 image-link-block\"><a class=\"gb-container-link\" href=\"https:\/\/emea.technetix.com\/es\/redes-hfc\/redes-en-el-hogar\/ez-amp\/\"><\/a><div class=\"gb-inside-container\">\n<div class=\"gb-container gb-container-1ee00efb\"><div class=\"gb-inside-container\">\n\n<figure class=\"gb-block-image gb-block-image-31472aa3\"><img loading=\"lazy\" decoding=\"async\" width=\"1000\" height=\"500\" class=\"gb-image gb-image-31472aa3\" src=\"https:\/\/emea.technetix.com\/wp-content\/uploads\/sites\/2\/2023\/01\/601_ez-amp.png\" alt=\"EZ-Amp\" srcset=\"https:\/\/emea.technetix.com\/wp-content\/uploads\/sites\/2\/2023\/01\/601_ez-amp.png 1000w, https:\/\/emea.technetix.com\/wp-content\/uploads\/sites\/2\/2023\/01\/601_ez-amp-300x150.png 300w, https:\/\/emea.technetix.com\/wp-content\/uploads\/sites\/2\/2023\/01\/601_ez-amp-768x384.png 768w, https:\/\/emea.technetix.com\/wp-content\/uploads\/sites\/2\/2023\/01\/601_ez-amp-600x300.png 600w\" sizes=\"auto, (max-width: 1000px) 100vw, 1000px\" \/><\/figure>\n\n\n\n<h2 class=\"gb-headline gb-headline-e49b09cd gb-headline-text\">Amplificadores dom\u00e9sticos<\/h2>\n\n\n\n<p class=\"gb-headline gb-headline-4fc9a548 gb-headline-text\">Amplificadores dom\u00e9sticos de alta calidad y dise\u00f1o atractivo para aumentar la se\u00f1al de los equipos de las instalaciones del cliente. Totalmente compatible con DOCSIS 3.1. <\/p>\n\n<\/div><\/div>\n<\/div><\/div><\/div>\n\n<div class=\"gb-grid-column gb-grid-column-b750354d\"><div class=\"gb-container gb-container-b750354d image-link-block\"><a class=\"gb-container-link\" href=\"https:\/\/emea.technetix.com\/es\/redes-hfc\/redes-en-el-hogar\/cables-hdmi\/\"><\/a><div class=\"gb-inside-container\">\n<div class=\"gb-container gb-container-670ff3c1\"><div class=\"gb-inside-container\">\n\n<figure class=\"gb-block-image gb-block-image-e9bfcd46\"><img loading=\"lazy\" decoding=\"async\" width=\"1000\" height=\"500\" class=\"gb-image gb-image-e9bfcd46\" src=\"https:\/\/emea.technetix.com\/wp-content\/uploads\/sites\/2\/2023\/01\/602_HDMI-LGI-2P.png\" alt=\"HDMI\" srcset=\"https:\/\/emea.technetix.com\/wp-content\/uploads\/sites\/2\/2023\/01\/602_HDMI-LGI-2P.png 1000w, https:\/\/emea.technetix.com\/wp-content\/uploads\/sites\/2\/2023\/01\/602_HDMI-LGI-2P-300x150.png 300w, https:\/\/emea.technetix.com\/wp-content\/uploads\/sites\/2\/2023\/01\/602_HDMI-LGI-2P-768x384.png 768w, https:\/\/emea.technetix.com\/wp-content\/uploads\/sites\/2\/2023\/01\/602_HDMI-LGI-2P-600x300.png 600w\" sizes=\"auto, (max-width: 1000px) 100vw, 1000px\" \/><\/figure>\n\n\n\n<h2 class=\"gb-headline gb-headline-91080d7d gb-headline-text\">HDMI<\/h2>\n\n\n\n<p class=\"gb-headline gb-headline-2a8cfad9 gb-headline-text\">Cables HDMI premium de alta velocidad que se pueden personalizar seg\u00fan su marca.<\/p>\n\n<\/div><\/div>\n<\/div><\/div><\/div>\n\n<div class=\"gb-grid-column gb-grid-column-a44062f7\"><div class=\"gb-container gb-container-a44062f7 image-link-block\"><a class=\"gb-container-link\" href=\"https:\/\/emea.technetix.com\/es\/redes-hfc\/redes-en-el-hogar\/ghn-linea-electrica\/\"><\/a><div class=\"gb-inside-container\">\n<div class=\"gb-container gb-container-68cd3c0e\"><div class=\"gb-inside-container\">\n\n<figure class=\"gb-block-image gb-block-image-9a1ddf81\"><img loading=\"lazy\" decoding=\"async\" width=\"1000\" height=\"500\" class=\"gb-image gb-image-9a1ddf81\" src=\"https:\/\/emea.technetix.com\/wp-content\/uploads\/sites\/2\/2023\/01\/603_PL-Bridge.png\" alt=\"Powerline Wi-Fi\" srcset=\"https:\/\/emea.technetix.com\/wp-content\/uploads\/sites\/2\/2023\/01\/603_PL-Bridge.png 1000w, https:\/\/emea.technetix.com\/wp-content\/uploads\/sites\/2\/2023\/01\/603_PL-Bridge-300x150.png 300w, https:\/\/emea.technetix.com\/wp-content\/uploads\/sites\/2\/2023\/01\/603_PL-Bridge-768x384.png 768w, https:\/\/emea.technetix.com\/wp-content\/uploads\/sites\/2\/2023\/01\/603_PL-Bridge-600x300.png 600w\" sizes=\"auto, (max-width: 1000px) 100vw, 1000px\" \/><\/figure>\n\n\n\n<h2 class=\"gb-headline gb-headline-da2cf4f1 gb-headline-text\">G.hn l\u00ednea el\u00e9ctrica<\/h2>\n\n\n\n<p class=\"gb-headline gb-headline-29151e4e gb-headline-text\">Extienda su red Ethernet y Wi-Fi a \u00e1reas de la casa que no est\u00e1n conectadas por cable Ethernet.<\/p>\n\n<\/div><\/div>\n<\/div><\/div><\/div>\n\n<div class=\"gb-grid-column gb-grid-column-7ba56427\"><div class=\"gb-container gb-container-7ba56427 image-link-block\"><a class=\"gb-container-link\" href=\"https:\/\/emea.technetix.com\/es\/redes-hfc\/redes-en-el-hogar\/moca\/\"><\/a><div class=\"gb-inside-container\">\n<div class=\"gb-container gb-container-5bb2da16\"><div class=\"gb-inside-container\">\n\n<figure class=\"gb-block-image gb-block-image-07a9409e\"><img loading=\"lazy\" decoding=\"async\" width=\"1000\" height=\"500\" class=\"gb-image gb-image-07a9409e\" src=\"https:\/\/emea.technetix.com\/wp-content\/uploads\/sites\/2\/2023\/01\/604_inxtnd-CLC-frilagd.png\" alt=\"MoCA\u00ae\" srcset=\"https:\/\/emea.technetix.com\/wp-content\/uploads\/sites\/2\/2023\/01\/604_inxtnd-CLC-frilagd.png 1000w, https:\/\/emea.technetix.com\/wp-content\/uploads\/sites\/2\/2023\/01\/604_inxtnd-CLC-frilagd-300x150.png 300w, https:\/\/emea.technetix.com\/wp-content\/uploads\/sites\/2\/2023\/01\/604_inxtnd-CLC-frilagd-768x384.png 768w, https:\/\/emea.technetix.com\/wp-content\/uploads\/sites\/2\/2023\/01\/604_inxtnd-CLC-frilagd-600x300.png 600w\" sizes=\"auto, (max-width: 1000px) 100vw, 1000px\" \/><\/figure>\n\n\n\n<h2 class=\"gb-headline gb-headline-775ab8c7 gb-headline-text\">Extensi\u00f3n de fin de l\u00ednea de fibra virtual<\/h2>\n\n\n\n<p class=\"gb-headline gb-headline-0c7898c2 gb-headline-text\">La soluci\u00f3n MoCA de Technetix es una extensi\u00f3n de acceso de fibra para FTTH y FTTB que utiliza el cable coaxial (antena) existente.<\/p>\n\n<\/div><\/div>\n<\/div><\/div><\/div>\n\n<div class=\"gb-grid-column gb-grid-column-6ff70a0d\"><div class=\"gb-container gb-container-6ff70a0d image-link-block\"><div class=\"gb-inside-container\">\n<div class=\"gb-container gb-container-c6649c60\"><div class=\"gb-inside-container\">\n\n<figure class=\"gb-block-image gb-block-image-cbed8b4f\"><img loading=\"lazy\" decoding=\"async\" width=\"1000\" height=\"500\" class=\"gb-image gb-image-cbed8b4f\" src=\"https:\/\/emea.technetix.com\/wp-content\/uploads\/sites\/2\/2023\/01\/605_Category-patch-cords.png\" alt=\"Category patch cords\" srcset=\"https:\/\/emea.technetix.com\/wp-content\/uploads\/sites\/2\/2023\/01\/605_Category-patch-cords.png 1000w, https:\/\/emea.technetix.com\/wp-content\/uploads\/sites\/2\/2023\/01\/605_Category-patch-cords-300x150.png 300w, https:\/\/emea.technetix.com\/wp-content\/uploads\/sites\/2\/2023\/01\/605_Category-patch-cords-768x384.png 768w, https:\/\/emea.technetix.com\/wp-content\/uploads\/sites\/2\/2023\/01\/605_Category-patch-cords-600x300.png 600w\" sizes=\"auto, (max-width: 1000px) 100vw, 1000px\" \/><\/figure>\n\n\n\n<h2 class=\"gb-headline gb-headline-e582db2a gb-headline-text\">Cables de conexi\u00f3n de categor\u00eda<\/h2>\n\n\n\n<p class=\"gb-headline gb-headline-25943ff3 gb-headline-text\">Una gama de latiguillos de Ethernet.<\/p>\n\n<\/div><\/div>\n<\/div><\/div><\/div>\n\n<div class=\"gb-grid-column gb-grid-column-8649c2de\"><div class=\"gb-container gb-container-8649c2de image-link-block\"><a class=\"gb-container-link\" href=\"https:\/\/emea.technetix.com\/es\/redes-hfc\/redes-en-el-hogar\/soluciones-de-autoinstalacion\/\"><\/a><div class=\"gb-inside-container\">\n<div class=\"gb-container gb-container-6ab32d87\"><div class=\"gb-inside-container\">\n\n<figure class=\"gb-block-image gb-block-image-8099fb8f\"><img loading=\"lazy\" decoding=\"async\" width=\"1000\" height=\"500\" class=\"gb-image gb-image-8099fb8f\" src=\"https:\/\/emea.technetix.com\/wp-content\/uploads\/sites\/2\/2023\/01\/606_Self-install-kits.png\" alt=\"Soluciones autoinstalables\" srcset=\"https:\/\/emea.technetix.com\/wp-content\/uploads\/sites\/2\/2023\/01\/606_Self-install-kits.png 1000w, https:\/\/emea.technetix.com\/wp-content\/uploads\/sites\/2\/2023\/01\/606_Self-install-kits-300x150.png 300w, https:\/\/emea.technetix.com\/wp-content\/uploads\/sites\/2\/2023\/01\/606_Self-install-kits-768x384.png 768w, https:\/\/emea.technetix.com\/wp-content\/uploads\/sites\/2\/2023\/01\/606_Self-install-kits-600x300.png 600w\" sizes=\"auto, (max-width: 1000px) 100vw, 1000px\" \/><\/figure>\n\n\n\n<h2 class=\"gb-headline gb-headline-fdeb739c gb-headline-text\">Soluciones autoinstalables<\/h2>\n\n\n\n<p class=\"gb-headline gb-headline-0bd9bf36 gb-headline-text\">Una amplia gama de productos de autoinstalaci\u00f3n y servicios personalizados est\u00e1n disponibles.<\/p>\n\n<\/div><\/div>\n<\/div><\/div><\/div>\n<\/div>\n<\/div>\n\n<div class=\"gb-container gb-container-8fa219b0 gb-container-con-buttons-bottom\"><\/div>","protected":false},"excerpt":{"rendered":"<p>Redes en el hogar Productos premium en el hogar para una autoinstalaci\u00f3n sencilla y un rendimiento excepcional para el usuario final.<\/p>\n","protected":false},"author":1,"featured_media":704,"parent":7120,"menu_order":0,"comment_status":"closed","ping_status":"closed","template":"","meta":{"_acf_changed":false,"_gspb_post_css":"","footnotes":""},"class_list":["post-7132","page","type-page","status-publish","has-post-thumbnail"],"yoast_head":"<!-- This site is optimized with the Yoast SEO Premium plugin v22.5 (Yoast SEO v27.4) - https:\/\/yoast.com\/product\/yoast-seo-premium-wordpress\/ -->\n<title>Redes en el hogar - Technetix EMEA<\/title>\n<meta name=\"robots\" content=\"index, follow, max-snippet:-1, max-image-preview:large, max-video-preview:-1\" \/>\n<link rel=\"canonical\" href=\"https:\/\/emea.technetix.com\/es\/redes-hfc\/redes-en-el-hogar\/\" \/>\n<meta property=\"og:locale\" content=\"es_ES\" \/>\n<meta property=\"og:type\" content=\"article\" \/>\n<meta property=\"og:title\" content=\"Redes en el hogar - Technetix EMEA\" \/>\n<meta property=\"og:description\" content=\"Redes en el hogar Productos premium en el hogar para una autoinstalaci\u00f3n sencilla y un rendimiento excepcional para el usuario final.\" \/>\n<meta property=\"og:url\" content=\"https:\/\/emea.technetix.com\/es\/redes-hfc\/redes-en-el-hogar\/\" \/>\n<meta property=\"og:site_name\" content=\"Technetix EMEA\" \/>\n<meta property=\"article:modified_time\" content=\"2025-03-31T10:55:13+00:00\" \/>\n<meta property=\"og:image\" content=\"https:\/\/emea.technetix.com\/wp-content\/uploads\/sites\/2\/2023\/01\/PRODUCTS_LARGE_IN-HOME_FINAL.jpg\" \/>\n\t<meta property=\"og:image:width\" content=\"1920\" \/>\n\t<meta property=\"og:image:height\" content=\"450\" \/>\n\t<meta property=\"og:image:type\" content=\"image\/jpeg\" \/>\n<meta name=\"twitter:card\" content=\"summary_large_image\" \/>\n<meta name=\"twitter:site\" content=\"@technetixgroup\" \/>\n<meta name=\"twitter:label1\" content=\"Tiempo de lectura\" \/>\n\t<meta name=\"twitter:data1\" content=\"3 minutos\" \/>\n<script type=\"application\/ld+json\" class=\"yoast-schema-graph\">{\"@context\":\"https:\\\/\\\/schema.org\",\"@graph\":[{\"@type\":\"WebPage\",\"@id\":\"https:\\\/\\\/emea.technetix.com\\\/es\\\/redes-hfc\\\/redes-en-el-hogar\\\/\",\"url\":\"https:\\\/\\\/emea.technetix.com\\\/es\\\/redes-hfc\\\/redes-en-el-hogar\\\/\",\"name\":\"Redes en el hogar - Technetix EMEA\",\"isPartOf\":{\"@id\":\"https:\\\/\\\/emea.technetix.com\\\/es\\\/#website\"},\"primaryImageOfPage\":{\"@id\":\"https:\\\/\\\/emea.technetix.com\\\/es\\\/redes-hfc\\\/redes-en-el-hogar\\\/#primaryimage\"},\"image\":{\"@id\":\"https:\\\/\\\/emea.technetix.com\\\/es\\\/redes-hfc\\\/redes-en-el-hogar\\\/#primaryimage\"},\"thumbnailUrl\":\"https:\\\/\\\/emea.technetix.com\\\/wp-content\\\/uploads\\\/sites\\\/2\\\/2023\\\/01\\\/PRODUCTS_LARGE_IN-HOME_FINAL.jpg\",\"datePublished\":\"2023-01-19T22:59:13+00:00\",\"dateModified\":\"2025-03-31T10:55:13+00:00\",\"breadcrumb\":{\"@id\":\"https:\\\/\\\/emea.technetix.com\\\/es\\\/redes-hfc\\\/redes-en-el-hogar\\\/#breadcrumb\"},\"inLanguage\":\"es\",\"potentialAction\":[{\"@type\":\"ReadAction\",\"target\":[\"https:\\\/\\\/emea.technetix.com\\\/es\\\/redes-hfc\\\/redes-en-el-hogar\\\/\"]}]},{\"@type\":\"ImageObject\",\"inLanguage\":\"es\",\"@id\":\"https:\\\/\\\/emea.technetix.com\\\/es\\\/redes-hfc\\\/redes-en-el-hogar\\\/#primaryimage\",\"url\":\"https:\\\/\\\/emea.technetix.com\\\/wp-content\\\/uploads\\\/sites\\\/2\\\/2023\\\/01\\\/PRODUCTS_LARGE_IN-HOME_FINAL.jpg\",\"contentUrl\":\"https:\\\/\\\/emea.technetix.com\\\/wp-content\\\/uploads\\\/sites\\\/2\\\/2023\\\/01\\\/PRODUCTS_LARGE_IN-HOME_FINAL.jpg\",\"width\":1920,\"height\":450},{\"@type\":\"BreadcrumbList\",\"@id\":\"https:\\\/\\\/emea.technetix.com\\\/es\\\/redes-hfc\\\/redes-en-el-hogar\\\/#breadcrumb\",\"itemListElement\":[{\"@type\":\"ListItem\",\"position\":1,\"name\":\"Home\",\"item\":\"https:\\\/\\\/emea.technetix.com\\\/es\\\/\"},{\"@type\":\"ListItem\",\"position\":2,\"name\":\"Banda ancha de cable\",\"item\":\"https:\\\/\\\/emea.technetix.com\\\/es\\\/redes-hfc\\\/\"},{\"@type\":\"ListItem\",\"position\":3,\"name\":\"Redes en el hogar\"}]},{\"@type\":\"WebSite\",\"@id\":\"https:\\\/\\\/emea.technetix.com\\\/es\\\/#website\",\"url\":\"https:\\\/\\\/emea.technetix.com\\\/es\\\/\",\"name\":\"Technetix\",\"description\":\"Next-generation broadband equipment engineering\",\"publisher\":{\"@id\":\"https:\\\/\\\/emea.technetix.com\\\/es\\\/#organization\"},\"potentialAction\":[{\"@type\":\"SearchAction\",\"target\":{\"@type\":\"EntryPoint\",\"urlTemplate\":\"https:\\\/\\\/emea.technetix.com\\\/es\\\/?s={search_term_string}\"},\"query-input\":{\"@type\":\"PropertyValueSpecification\",\"valueRequired\":true,\"valueName\":\"search_term_string\"}}],\"inLanguage\":\"es\"},{\"@type\":\"Organization\",\"@id\":\"https:\\\/\\\/emea.technetix.com\\\/es\\\/#organization\",\"name\":\"Technetix\",\"url\":\"https:\\\/\\\/emea.technetix.com\\\/es\\\/\",\"logo\":{\"@type\":\"ImageObject\",\"inLanguage\":\"es\",\"@id\":\"https:\\\/\\\/emea.technetix.com\\\/es\\\/#\\\/schema\\\/logo\\\/image\\\/\",\"url\":\"https:\\\/\\\/emea.technetix.com\\\/wp-content\\\/uploads\\\/sites\\\/2\\\/2023\\\/06\\\/logo-Technetix-1000x1000-1.png\",\"contentUrl\":\"https:\\\/\\\/emea.technetix.com\\\/wp-content\\\/uploads\\\/sites\\\/2\\\/2023\\\/06\\\/logo-Technetix-1000x1000-1.png\",\"width\":1000,\"height\":1000,\"caption\":\"Technetix\"},\"image\":{\"@id\":\"https:\\\/\\\/emea.technetix.com\\\/es\\\/#\\\/schema\\\/logo\\\/image\\\/\"},\"sameAs\":[\"https:\\\/\\\/x.com\\\/technetixgroup\",\"https:\\\/\\\/www.linkedin.com\\\/company\\\/technetix\\\/\",\"https:\\\/\\\/www.youtube.com\\\/c\\\/Technetix-group\"]}]}<\/script>\n<!-- \/ Yoast SEO Premium plugin. -->","yoast_head_json":{"title":"Redes en el hogar - Technetix EMEA","robots":{"index":"index","follow":"follow","max-snippet":"max-snippet:-1","max-image-preview":"max-image-preview:large","max-video-preview":"max-video-preview:-1"},"canonical":"https:\/\/emea.technetix.com\/es\/redes-hfc\/redes-en-el-hogar\/","og_locale":"es_ES","og_type":"article","og_title":"Redes en el hogar - Technetix EMEA","og_description":"Redes en el hogar Productos premium en el hogar para una autoinstalaci\u00f3n sencilla y un rendimiento excepcional para el usuario final.","og_url":"https:\/\/emea.technetix.com\/es\/redes-hfc\/redes-en-el-hogar\/","og_site_name":"Technetix EMEA","article_modified_time":"2025-03-31T10:55:13+00:00","og_image":[{"width":1920,"height":450,"url":"https:\/\/emea.technetix.com\/wp-content\/uploads\/sites\/2\/2023\/01\/PRODUCTS_LARGE_IN-HOME_FINAL.jpg","type":"image\/jpeg"}],"twitter_card":"summary_large_image","twitter_site":"@technetixgroup","twitter_misc":{"Tiempo de lectura":"3 minutos"},"schema":{"@context":"https:\/\/schema.org","@graph":[{"@type":"WebPage","@id":"https:\/\/emea.technetix.com\/es\/redes-hfc\/redes-en-el-hogar\/","url":"https:\/\/emea.technetix.com\/es\/redes-hfc\/redes-en-el-hogar\/","name":"Redes en el hogar - Technetix EMEA","isPartOf":{"@id":"https:\/\/emea.technetix.com\/es\/#website"},"primaryImageOfPage":{"@id":"https:\/\/emea.technetix.com\/es\/redes-hfc\/redes-en-el-hogar\/#primaryimage"},"image":{"@id":"https:\/\/emea.technetix.com\/es\/redes-hfc\/redes-en-el-hogar\/#primaryimage"},"thumbnailUrl":"https:\/\/emea.technetix.com\/wp-content\/uploads\/sites\/2\/2023\/01\/PRODUCTS_LARGE_IN-HOME_FINAL.jpg","datePublished":"2023-01-19T22:59:13+00:00","dateModified":"2025-03-31T10:55:13+00:00","breadcrumb":{"@id":"https:\/\/emea.technetix.com\/es\/redes-hfc\/redes-en-el-hogar\/#breadcrumb"},"inLanguage":"es","potentialAction":[{"@type":"ReadAction","target":["https:\/\/emea.technetix.com\/es\/redes-hfc\/redes-en-el-hogar\/"]}]},{"@type":"ImageObject","inLanguage":"es","@id":"https:\/\/emea.technetix.com\/es\/redes-hfc\/redes-en-el-hogar\/#primaryimage","url":"https:\/\/emea.technetix.com\/wp-content\/uploads\/sites\/2\/2023\/01\/PRODUCTS_LARGE_IN-HOME_FINAL.jpg","contentUrl":"https:\/\/emea.technetix.com\/wp-content\/uploads\/sites\/2\/2023\/01\/PRODUCTS_LARGE_IN-HOME_FINAL.jpg","width":1920,"height":450},{"@type":"BreadcrumbList","@id":"https:\/\/emea.technetix.com\/es\/redes-hfc\/redes-en-el-hogar\/#breadcrumb","itemListElement":[{"@type":"ListItem","position":1,"name":"Home","item":"https:\/\/emea.technetix.com\/es\/"},{"@type":"ListItem","position":2,"name":"Banda ancha de cable","item":"https:\/\/emea.technetix.com\/es\/redes-hfc\/"},{"@type":"ListItem","position":3,"name":"Redes en el hogar"}]},{"@type":"WebSite","@id":"https:\/\/emea.technetix.com\/es\/#website","url":"https:\/\/emea.technetix.com\/es\/","name":"Technetix","description":"Next-generation broadband equipment engineering","publisher":{"@id":"https:\/\/emea.technetix.com\/es\/#organization"},"potentialAction":[{"@type":"SearchAction","target":{"@type":"EntryPoint","urlTemplate":"https:\/\/emea.technetix.com\/es\/?s={search_term_string}"},"query-input":{"@type":"PropertyValueSpecification","valueRequired":true,"valueName":"search_term_string"}}],"inLanguage":"es"},{"@type":"Organization","@id":"https:\/\/emea.technetix.com\/es\/#organization","name":"Technetix","url":"https:\/\/emea.technetix.com\/es\/","logo":{"@type":"ImageObject","inLanguage":"es","@id":"https:\/\/emea.technetix.com\/es\/#\/schema\/logo\/image\/","url":"https:\/\/emea.technetix.com\/wp-content\/uploads\/sites\/2\/2023\/06\/logo-Technetix-1000x1000-1.png","contentUrl":"https:\/\/emea.technetix.com\/wp-content\/uploads\/sites\/2\/2023\/06\/logo-Technetix-1000x1000-1.png","width":1000,"height":1000,"caption":"Technetix"},"image":{"@id":"https:\/\/emea.technetix.com\/es\/#\/schema\/logo\/image\/"},"sameAs":["https:\/\/x.com\/technetixgroup","https:\/\/www.linkedin.com\/company\/technetix\/","https:\/\/www.youtube.com\/c\/Technetix-group"]}]}},"acf":[],"publishpress_future_workflow_manual_trigger":{"enabledWorkflows":[]},"_links":{"self":[{"href":"https:\/\/emea.technetix.com\/es\/wp-json\/wp\/v2\/pages\/7132","targetHints":{"allow":["GET"]}}],"collection":[{"href":"https:\/\/emea.technetix.com\/es\/wp-json\/wp\/v2\/pages"}],"about":[{"href":"https:\/\/emea.technetix.com\/es\/wp-json\/wp\/v2\/types\/page"}],"author":[{"embeddable":true,"href":"https:\/\/emea.technetix.com\/es\/wp-json\/wp\/v2\/users\/1"}],"replies":[{"embeddable":true,"href":"https:\/\/emea.technetix.com\/es\/wp-json\/wp\/v2\/comments?post=7132"}],"version-history":[{"count":0,"href":"https:\/\/emea.technetix.com\/es\/wp-json\/wp\/v2\/pages\/7132\/revisions"}],"up":[{"embeddable":true,"href":"https:\/\/emea.technetix.com\/es\/wp-json\/wp\/v2\/pages\/7120"}],"wp:featuredmedia":[{"embeddable":true,"href":"https:\/\/emea.technetix.com\/es\/wp-json\/wp\/v2\/media\/704"}],"wp:attachment":[{"href":"https:\/\/emea.technetix.com\/es\/wp-json\/wp\/v2\/media?parent=7132"}],"curies":[{"name":"wp","href":"https:\/\/api.w.org\/{rel}","templated":true}]}}