{"id":7122,"date":"2023-01-19T19:36:30","date_gmt":"2023-01-19T19:36:30","guid":{"rendered":"https:\/\/emea.technetix.com\/redes-hfc\/soluciones-de-cabecera\/"},"modified":"2025-06-10T14:15:23","modified_gmt":"2025-06-10T14:15:23","slug":"soluciones-de-cabecera","status":"publish","type":"page","link":"https:\/\/emea.technetix.com\/es\/redes-hfc\/soluciones-de-cabecera\/","title":{"rendered":"Soluciones de cabecera\u200e"},"content":{"rendered":"<div class=\"gb-container gb-container-f86f3f4f gb-container-hero-banner\"><div class=\"gb-inside-container\">\n<h1 class=\"gb-headline gb-headline-e1547755 gb-headline-text gb-headline-hero-banner-title\">Soluciones de cabecera\u200e<\/h1>\n<\/div><\/div>\n\n<div class=\"gb-container gb-container-2a8e7ead gb-container-con-centered-header\">\n\n<h2 class=\"gb-headline gb-headline-d02c52e4 gb-headline-text\">Soluciones inteligentes para su entorno de cabecera.<\/h2>\n\n<\/div>\n\n<div class=\"gb-container gb-container-1c15fa5a gb-container-wide-back-page-con\">\n<div class=\"gb-grid-wrapper gb-grid-wrapper-53f55656\">\n<div class=\"gb-grid-column gb-grid-column-111762de\"><div class=\"gb-container gb-container-111762de image-link-block\"><a class=\"gb-container-link\" href=\"https:\/\/emea.technetix.com\/es\/redes-hfc\/soluciones-de-cabecera\/aima-3000-cabecera-optica-para-hfc-y-fttx\/\"><\/a><div class=\"gb-inside-container\">\n<div class=\"gb-container gb-container-c51a427e\"><div class=\"gb-inside-container\">\n\n<figure class=\"gb-block-image gb-block-image-92ef0c3b\"><img loading=\"lazy\" decoding=\"async\" width=\"1000\" height=\"500\" class=\"gb-image gb-image-92ef0c3b\" src=\"https:\/\/emea.technetix.com\/wp-content\/uploads\/sites\/2\/2023\/01\/200_AIMA3000-front-view.png\" alt=\"AIMA3000 - Plataforma avanzada inteligente, multiservicio, de alta densidad y bajo consumo de energ\u00eda\" srcset=\"https:\/\/emea.technetix.com\/wp-content\/uploads\/sites\/2\/2023\/01\/200_AIMA3000-front-view.png 1000w, https:\/\/emea.technetix.com\/wp-content\/uploads\/sites\/2\/2023\/01\/200_AIMA3000-front-view-300x150.png 300w, https:\/\/emea.technetix.com\/wp-content\/uploads\/sites\/2\/2023\/01\/200_AIMA3000-front-view-768x384.png 768w, https:\/\/emea.technetix.com\/wp-content\/uploads\/sites\/2\/2023\/01\/200_AIMA3000-front-view-600x300.png 600w\" sizes=\"auto, (max-width: 1000px) 100vw, 1000px\" \/><\/figure>\n\n\n\n<h2 class=\"gb-headline gb-headline-8057c017 gb-headline-text\">AIMA3000<\/h2>\n\n\n\n<p class=\"gb-headline gb-headline-380a8e6b gb-headline-text\">Plataforma avanzada inteligente, multiservicio, de alta densidad y bajo consumo de energ\u00eda.<\/p>\n\n<\/div><\/div>\n<\/div><\/div><\/div>\n\n<div class=\"gb-grid-column gb-grid-column-7a4bf16e\"><div class=\"gb-container gb-container-7a4bf16e image-link-block\"><a class=\"gb-container-link\" href=\"https:\/\/emea.technetix.com\/es\/redes-hfc\/soluciones-de-cabecera\/nci-solucion-de-insercion-de-senal-narrowcast\/\"><\/a><div class=\"gb-inside-container\">\n<div class=\"gb-container gb-container-9300bbd2\"><div class=\"gb-inside-container\">\n\n<figure class=\"gb-block-image gb-block-image-6f84a4e9\"><img loading=\"lazy\" decoding=\"async\" width=\"1000\" height=\"500\" class=\"gb-image gb-image-6f84a4e9\" src=\"https:\/\/emea.technetix.com\/wp-content\/uploads\/sites\/2\/2023\/01\/201_NCI-521.png\" alt=\"Soluci\u00f3n de inserci\u00f3n Narrowcast - La soluci\u00f3n compacta de inserci\u00f3n narrowcast (NCI) compatible con CCAP de Technetix es la opci\u00f3n inteligente para la combinaci\u00f3n activa. Compatible con DOCSIS 3.0\/3.1\" srcset=\"https:\/\/emea.technetix.com\/wp-content\/uploads\/sites\/2\/2023\/01\/201_NCI-521.png 1000w, https:\/\/emea.technetix.com\/wp-content\/uploads\/sites\/2\/2023\/01\/201_NCI-521-300x150.png 300w, https:\/\/emea.technetix.com\/wp-content\/uploads\/sites\/2\/2023\/01\/201_NCI-521-768x384.png 768w, https:\/\/emea.technetix.com\/wp-content\/uploads\/sites\/2\/2023\/01\/201_NCI-521-600x300.png 600w\" sizes=\"auto, (max-width: 1000px) 100vw, 1000px\" \/><\/figure>\n\n\n\n<h2 class=\"gb-headline gb-headline-e57d4edf gb-headline-text\">Soluci\u00f3n de inserci\u00f3n Narrowcast<\/h2>\n\n\n\n<p class=\"gb-headline gb-headline-d30bd382 gb-headline-text\">La soluci\u00f3n compacta de inserci\u00f3n narrowcast (NCI) compatible con CCAP de Technetix es la opci\u00f3n inteligente para la combinaci\u00f3n activa. Compatible con DOCSIS 3.0\/3.1. <\/p>\n\n<\/div><\/div>\n<\/div><\/div><\/div>\n\n<div class=\"gb-grid-column gb-grid-column-3fddeac5\"><div class=\"gb-container gb-container-3fddeac5 image-link-block\"><a class=\"gb-container-link\" href=\"https:\/\/emea.technetix.com\/es\/redes-hfc\/soluciones-de-cabecera\/combinacion-de-divisores-ascendentes\/\"><\/a><div class=\"gb-inside-container\">\n<div class=\"gb-container gb-container-7fd1c555\"><div class=\"gb-inside-container\">\n\n<figure class=\"gb-block-image gb-block-image-58e19e57\"><img loading=\"lazy\" decoding=\"async\" width=\"1000\" height=\"500\" class=\"gb-image gb-image-58e19e57\" src=\"https:\/\/emea.technetix.com\/wp-content\/uploads\/sites\/2\/2023\/01\/203_USC.png\" alt=\"Combinaci\u00f3n de divisores ascendentes - Technetix ha desarrollado el combinador divisor ascendente para complementar la soluci\u00f3n descendente del NCI. Cumple con DOCSIS 3.1 CCAP utilizando el chasis NCI\" srcset=\"https:\/\/emea.technetix.com\/wp-content\/uploads\/sites\/2\/2023\/01\/203_USC.png 1000w, https:\/\/emea.technetix.com\/wp-content\/uploads\/sites\/2\/2023\/01\/203_USC-300x150.png 300w, https:\/\/emea.technetix.com\/wp-content\/uploads\/sites\/2\/2023\/01\/203_USC-768x384.png 768w, https:\/\/emea.technetix.com\/wp-content\/uploads\/sites\/2\/2023\/01\/203_USC-600x300.png 600w\" sizes=\"auto, (max-width: 1000px) 100vw, 1000px\" \/><\/figure>\n\n\n\n<h2 class=\"gb-headline gb-headline-14e94609 gb-headline-text\">Combinaci\u00f3n de divisores ascendentes<\/h2>\n\n\n\n<p class=\"gb-headline gb-headline-a84155c4 gb-headline-text\">Technetix ha desarrollado el combinador divisor ascendente para complementar la soluci\u00f3n descendente del NCI. Cumple con DOCSIS 3.1 CCAP utilizando el chasis NCI. <\/p>\n\n<\/div><\/div>\n<\/div><\/div><\/div>\n\n<div class=\"gb-grid-column gb-grid-column-eb2239b9\"><div class=\"gb-container gb-container-eb2239b9 image-link-block\"><a class=\"gb-container-link\" href=\"https:\/\/emea.technetix.com\/es\/redes-hfc\/soluciones-de-cabecera\/solucion-de-panel-flexible\/\"><\/a><div class=\"gb-inside-container\">\n<div class=\"gb-container gb-container-8b19c195\"><div class=\"gb-inside-container\">\n\n<figure class=\"gb-block-image gb-block-image-c54784f5\"><img loading=\"lazy\" decoding=\"async\" width=\"1000\" height=\"500\" class=\"gb-image gb-image-c54784f5\" src=\"https:\/\/emea.technetix.com\/wp-content\/uploads\/sites\/2\/2023\/01\/204_HSX-04.png\" alt=\"Soluci\u00f3n de panel flexible - Ofrecemos una soluci\u00f3n integral totalmente personalizada para paneles de parche flexibles. H\u00e1ganos saber cu\u00e1les son sus necesidades de divisi\u00f3n y combinaci\u00f3n y le proporcionaremos una soluci\u00f3n de panel personalizada que se adapte a sus requisitos exactos\" srcset=\"https:\/\/emea.technetix.com\/wp-content\/uploads\/sites\/2\/2023\/01\/204_HSX-04.png 1000w, https:\/\/emea.technetix.com\/wp-content\/uploads\/sites\/2\/2023\/01\/204_HSX-04-300x150.png 300w, https:\/\/emea.technetix.com\/wp-content\/uploads\/sites\/2\/2023\/01\/204_HSX-04-768x384.png 768w, https:\/\/emea.technetix.com\/wp-content\/uploads\/sites\/2\/2023\/01\/204_HSX-04-600x300.png 600w\" sizes=\"auto, (max-width: 1000px) 100vw, 1000px\" \/><\/figure>\n\n\n\n<h2 class=\"gb-headline gb-headline-236f0596 gb-headline-text\">Soluci\u00f3n de panel flexible<\/h2>\n\n\n\n<p class=\"gb-headline gb-headline-973b47b2 gb-headline-text\">Ofrecemos una soluci\u00f3n integral totalmente personalizada para paneles de parche flexibles. H\u00e1ganos saber cu\u00e1les son sus necesidades de divisi\u00f3n y combinaci\u00f3n y le proporcionaremos una soluci\u00f3n de panel personalizada que se adapte a sus requisitos exactos. <\/p>\n\n<\/div><\/div>\n<\/div><\/div><\/div>\n<\/div>\n<\/div>","protected":false},"excerpt":{"rendered":"<p>Soluciones de cabecera\u200e Soluciones inteligentes para su entorno de cabecera.<\/p>\n","protected":false},"author":1,"featured_media":689,"parent":7120,"menu_order":0,"comment_status":"closed","ping_status":"closed","template":"","meta":{"_acf_changed":false,"_gspb_post_css":"","footnotes":""},"class_list":["post-7122","page","type-page","status-publish","has-post-thumbnail"],"yoast_head":"<!-- This site is optimized with the Yoast SEO Premium plugin v22.5 (Yoast SEO v27.4) - https:\/\/yoast.com\/product\/yoast-seo-premium-wordpress\/ -->\n<title>Soluciones de cabecera\u200e - Technetix EMEA<\/title>\n<meta name=\"robots\" content=\"index, follow, max-snippet:-1, max-image-preview:large, max-video-preview:-1\" \/>\n<link rel=\"canonical\" href=\"https:\/\/emea.technetix.com\/es\/redes-hfc\/soluciones-de-cabecera\/\" \/>\n<meta property=\"og:locale\" content=\"es_ES\" \/>\n<meta property=\"og:type\" content=\"article\" \/>\n<meta property=\"og:title\" content=\"Soluciones de cabecera\u200e - Technetix EMEA\" \/>\n<meta property=\"og:description\" content=\"Soluciones de cabecera\u200e Soluciones inteligentes para su entorno de cabecera.\" \/>\n<meta property=\"og:url\" content=\"https:\/\/emea.technetix.com\/es\/redes-hfc\/soluciones-de-cabecera\/\" \/>\n<meta property=\"og:site_name\" content=\"Technetix EMEA\" \/>\n<meta property=\"article:modified_time\" content=\"2025-06-10T14:15:23+00:00\" \/>\n<meta property=\"og:image\" content=\"https:\/\/emea.technetix.com\/wp-content\/uploads\/sites\/2\/2023\/01\/PRODUCTS_LARGE_RF-HEADEND_FINAL.jpg\" \/>\n\t<meta property=\"og:image:width\" content=\"1920\" \/>\n\t<meta property=\"og:image:height\" content=\"450\" \/>\n\t<meta property=\"og:image:type\" content=\"image\/jpeg\" \/>\n<meta name=\"twitter:card\" content=\"summary_large_image\" \/>\n<meta name=\"twitter:site\" content=\"@technetixgroup\" \/>\n<meta name=\"twitter:label1\" content=\"Tiempo de lectura\" \/>\n\t<meta name=\"twitter:data1\" content=\"2 minutos\" \/>\n<script type=\"application\/ld+json\" class=\"yoast-schema-graph\">{\"@context\":\"https:\\\/\\\/schema.org\",\"@graph\":[{\"@type\":\"WebPage\",\"@id\":\"https:\\\/\\\/emea.technetix.com\\\/es\\\/redes-hfc\\\/soluciones-de-cabecera\\\/\",\"url\":\"https:\\\/\\\/emea.technetix.com\\\/es\\\/redes-hfc\\\/soluciones-de-cabecera\\\/\",\"name\":\"Soluciones de cabecera\u200e - Technetix EMEA\",\"isPartOf\":{\"@id\":\"https:\\\/\\\/emea.technetix.com\\\/es\\\/#website\"},\"primaryImageOfPage\":{\"@id\":\"https:\\\/\\\/emea.technetix.com\\\/es\\\/redes-hfc\\\/soluciones-de-cabecera\\\/#primaryimage\"},\"image\":{\"@id\":\"https:\\\/\\\/emea.technetix.com\\\/es\\\/redes-hfc\\\/soluciones-de-cabecera\\\/#primaryimage\"},\"thumbnailUrl\":\"https:\\\/\\\/emea.technetix.com\\\/wp-content\\\/uploads\\\/sites\\\/2\\\/2023\\\/01\\\/PRODUCTS_LARGE_RF-HEADEND_FINAL.jpg\",\"datePublished\":\"2023-01-19T19:36:30+00:00\",\"dateModified\":\"2025-06-10T14:15:23+00:00\",\"breadcrumb\":{\"@id\":\"https:\\\/\\\/emea.technetix.com\\\/es\\\/redes-hfc\\\/soluciones-de-cabecera\\\/#breadcrumb\"},\"inLanguage\":\"es\",\"potentialAction\":[{\"@type\":\"ReadAction\",\"target\":[\"https:\\\/\\\/emea.technetix.com\\\/es\\\/redes-hfc\\\/soluciones-de-cabecera\\\/\"]}]},{\"@type\":\"ImageObject\",\"inLanguage\":\"es\",\"@id\":\"https:\\\/\\\/emea.technetix.com\\\/es\\\/redes-hfc\\\/soluciones-de-cabecera\\\/#primaryimage\",\"url\":\"https:\\\/\\\/emea.technetix.com\\\/wp-content\\\/uploads\\\/sites\\\/2\\\/2023\\\/01\\\/PRODUCTS_LARGE_RF-HEADEND_FINAL.jpg\",\"contentUrl\":\"https:\\\/\\\/emea.technetix.com\\\/wp-content\\\/uploads\\\/sites\\\/2\\\/2023\\\/01\\\/PRODUCTS_LARGE_RF-HEADEND_FINAL.jpg\",\"width\":1920,\"height\":450,\"caption\":\"Smarte L\u00f6sungen f\u00fcr Ihre Kopfstellen-Umgebung.\"},{\"@type\":\"BreadcrumbList\",\"@id\":\"https:\\\/\\\/emea.technetix.com\\\/es\\\/redes-hfc\\\/soluciones-de-cabecera\\\/#breadcrumb\",\"itemListElement\":[{\"@type\":\"ListItem\",\"position\":1,\"name\":\"Home\",\"item\":\"https:\\\/\\\/emea.technetix.com\\\/es\\\/\"},{\"@type\":\"ListItem\",\"position\":2,\"name\":\"Banda ancha de cable\",\"item\":\"https:\\\/\\\/emea.technetix.com\\\/es\\\/redes-hfc\\\/\"},{\"@type\":\"ListItem\",\"position\":3,\"name\":\"Soluciones de cabecera\u200e\"}]},{\"@type\":\"WebSite\",\"@id\":\"https:\\\/\\\/emea.technetix.com\\\/es\\\/#website\",\"url\":\"https:\\\/\\\/emea.technetix.com\\\/es\\\/\",\"name\":\"Technetix\",\"description\":\"Next-generation broadband equipment engineering\",\"publisher\":{\"@id\":\"https:\\\/\\\/emea.technetix.com\\\/es\\\/#organization\"},\"potentialAction\":[{\"@type\":\"SearchAction\",\"target\":{\"@type\":\"EntryPoint\",\"urlTemplate\":\"https:\\\/\\\/emea.technetix.com\\\/es\\\/?s={search_term_string}\"},\"query-input\":{\"@type\":\"PropertyValueSpecification\",\"valueRequired\":true,\"valueName\":\"search_term_string\"}}],\"inLanguage\":\"es\"},{\"@type\":\"Organization\",\"@id\":\"https:\\\/\\\/emea.technetix.com\\\/es\\\/#organization\",\"name\":\"Technetix\",\"url\":\"https:\\\/\\\/emea.technetix.com\\\/es\\\/\",\"logo\":{\"@type\":\"ImageObject\",\"inLanguage\":\"es\",\"@id\":\"https:\\\/\\\/emea.technetix.com\\\/es\\\/#\\\/schema\\\/logo\\\/image\\\/\",\"url\":\"https:\\\/\\\/emea.technetix.com\\\/wp-content\\\/uploads\\\/sites\\\/2\\\/2023\\\/06\\\/logo-Technetix-1000x1000-1.png\",\"contentUrl\":\"https:\\\/\\\/emea.technetix.com\\\/wp-content\\\/uploads\\\/sites\\\/2\\\/2023\\\/06\\\/logo-Technetix-1000x1000-1.png\",\"width\":1000,\"height\":1000,\"caption\":\"Technetix\"},\"image\":{\"@id\":\"https:\\\/\\\/emea.technetix.com\\\/es\\\/#\\\/schema\\\/logo\\\/image\\\/\"},\"sameAs\":[\"https:\\\/\\\/x.com\\\/technetixgroup\",\"https:\\\/\\\/www.linkedin.com\\\/company\\\/technetix\\\/\",\"https:\\\/\\\/www.youtube.com\\\/c\\\/Technetix-group\"]}]}<\/script>\n<!-- \/ Yoast SEO Premium plugin. -->","yoast_head_json":{"title":"Soluciones de cabecera\u200e - Technetix EMEA","robots":{"index":"index","follow":"follow","max-snippet":"max-snippet:-1","max-image-preview":"max-image-preview:large","max-video-preview":"max-video-preview:-1"},"canonical":"https:\/\/emea.technetix.com\/es\/redes-hfc\/soluciones-de-cabecera\/","og_locale":"es_ES","og_type":"article","og_title":"Soluciones de cabecera\u200e - Technetix EMEA","og_description":"Soluciones de cabecera\u200e Soluciones inteligentes para su entorno de cabecera.","og_url":"https:\/\/emea.technetix.com\/es\/redes-hfc\/soluciones-de-cabecera\/","og_site_name":"Technetix EMEA","article_modified_time":"2025-06-10T14:15:23+00:00","og_image":[{"width":1920,"height":450,"url":"https:\/\/emea.technetix.com\/wp-content\/uploads\/sites\/2\/2023\/01\/PRODUCTS_LARGE_RF-HEADEND_FINAL.jpg","type":"image\/jpeg"}],"twitter_card":"summary_large_image","twitter_site":"@technetixgroup","twitter_misc":{"Tiempo de lectura":"2 minutos"},"schema":{"@context":"https:\/\/schema.org","@graph":[{"@type":"WebPage","@id":"https:\/\/emea.technetix.com\/es\/redes-hfc\/soluciones-de-cabecera\/","url":"https:\/\/emea.technetix.com\/es\/redes-hfc\/soluciones-de-cabecera\/","name":"Soluciones de cabecera\u200e - Technetix EMEA","isPartOf":{"@id":"https:\/\/emea.technetix.com\/es\/#website"},"primaryImageOfPage":{"@id":"https:\/\/emea.technetix.com\/es\/redes-hfc\/soluciones-de-cabecera\/#primaryimage"},"image":{"@id":"https:\/\/emea.technetix.com\/es\/redes-hfc\/soluciones-de-cabecera\/#primaryimage"},"thumbnailUrl":"https:\/\/emea.technetix.com\/wp-content\/uploads\/sites\/2\/2023\/01\/PRODUCTS_LARGE_RF-HEADEND_FINAL.jpg","datePublished":"2023-01-19T19:36:30+00:00","dateModified":"2025-06-10T14:15:23+00:00","breadcrumb":{"@id":"https:\/\/emea.technetix.com\/es\/redes-hfc\/soluciones-de-cabecera\/#breadcrumb"},"inLanguage":"es","potentialAction":[{"@type":"ReadAction","target":["https:\/\/emea.technetix.com\/es\/redes-hfc\/soluciones-de-cabecera\/"]}]},{"@type":"ImageObject","inLanguage":"es","@id":"https:\/\/emea.technetix.com\/es\/redes-hfc\/soluciones-de-cabecera\/#primaryimage","url":"https:\/\/emea.technetix.com\/wp-content\/uploads\/sites\/2\/2023\/01\/PRODUCTS_LARGE_RF-HEADEND_FINAL.jpg","contentUrl":"https:\/\/emea.technetix.com\/wp-content\/uploads\/sites\/2\/2023\/01\/PRODUCTS_LARGE_RF-HEADEND_FINAL.jpg","width":1920,"height":450,"caption":"Smarte L\u00f6sungen f\u00fcr Ihre Kopfstellen-Umgebung."},{"@type":"BreadcrumbList","@id":"https:\/\/emea.technetix.com\/es\/redes-hfc\/soluciones-de-cabecera\/#breadcrumb","itemListElement":[{"@type":"ListItem","position":1,"name":"Home","item":"https:\/\/emea.technetix.com\/es\/"},{"@type":"ListItem","position":2,"name":"Banda ancha de cable","item":"https:\/\/emea.technetix.com\/es\/redes-hfc\/"},{"@type":"ListItem","position":3,"name":"Soluciones de cabecera\u200e"}]},{"@type":"WebSite","@id":"https:\/\/emea.technetix.com\/es\/#website","url":"https:\/\/emea.technetix.com\/es\/","name":"Technetix","description":"Next-generation broadband equipment engineering","publisher":{"@id":"https:\/\/emea.technetix.com\/es\/#organization"},"potentialAction":[{"@type":"SearchAction","target":{"@type":"EntryPoint","urlTemplate":"https:\/\/emea.technetix.com\/es\/?s={search_term_string}"},"query-input":{"@type":"PropertyValueSpecification","valueRequired":true,"valueName":"search_term_string"}}],"inLanguage":"es"},{"@type":"Organization","@id":"https:\/\/emea.technetix.com\/es\/#organization","name":"Technetix","url":"https:\/\/emea.technetix.com\/es\/","logo":{"@type":"ImageObject","inLanguage":"es","@id":"https:\/\/emea.technetix.com\/es\/#\/schema\/logo\/image\/","url":"https:\/\/emea.technetix.com\/wp-content\/uploads\/sites\/2\/2023\/06\/logo-Technetix-1000x1000-1.png","contentUrl":"https:\/\/emea.technetix.com\/wp-content\/uploads\/sites\/2\/2023\/06\/logo-Technetix-1000x1000-1.png","width":1000,"height":1000,"caption":"Technetix"},"image":{"@id":"https:\/\/emea.technetix.com\/es\/#\/schema\/logo\/image\/"},"sameAs":["https:\/\/x.com\/technetixgroup","https:\/\/www.linkedin.com\/company\/technetix\/","https:\/\/www.youtube.com\/c\/Technetix-group"]}]}},"acf":[],"publishpress_future_workflow_manual_trigger":{"enabledWorkflows":[]},"_links":{"self":[{"href":"https:\/\/emea.technetix.com\/es\/wp-json\/wp\/v2\/pages\/7122","targetHints":{"allow":["GET"]}}],"collection":[{"href":"https:\/\/emea.technetix.com\/es\/wp-json\/wp\/v2\/pages"}],"about":[{"href":"https:\/\/emea.technetix.com\/es\/wp-json\/wp\/v2\/types\/page"}],"author":[{"embeddable":true,"href":"https:\/\/emea.technetix.com\/es\/wp-json\/wp\/v2\/users\/1"}],"replies":[{"embeddable":true,"href":"https:\/\/emea.technetix.com\/es\/wp-json\/wp\/v2\/comments?post=7122"}],"version-history":[{"count":0,"href":"https:\/\/emea.technetix.com\/es\/wp-json\/wp\/v2\/pages\/7122\/revisions"}],"up":[{"embeddable":true,"href":"https:\/\/emea.technetix.com\/es\/wp-json\/wp\/v2\/pages\/7120"}],"wp:featuredmedia":[{"embeddable":true,"href":"https:\/\/emea.technetix.com\/es\/wp-json\/wp\/v2\/media\/689"}],"wp:attachment":[{"href":"https:\/\/emea.technetix.com\/es\/wp-json\/wp\/v2\/media?parent=7122"}],"curies":[{"name":"wp","href":"https:\/\/api.w.org\/{rel}","templated":true}]}}