{"id":7116,"date":"2023-01-19T19:16:54","date_gmt":"2023-01-19T19:16:54","guid":{"rendered":"https:\/\/emea.technetix.com\/herramientas-y-accesorios\/"},"modified":"2023-08-01T08:29:57","modified_gmt":"2023-08-01T08:29:57","slug":"herramientas-y-accesorios","status":"publish","type":"page","link":"https:\/\/emea.technetix.com\/es\/redes-hfc\/herramientas-y-accesorios\/","title":{"rendered":"Herramientas y accesorios"},"content":{"rendered":"<div class=\"gb-container gb-container-f86f3f4f gb-container-hero-banner\"><div class=\"gb-inside-container\">\n<h1 class=\"gb-headline gb-headline-e1547755 gb-headline-text gb-headline-hero-banner-title\">Herramientas y accesorios<\/h1>\n<\/div><\/div>\n\n<div class=\"gb-container gb-container-2f016f87 gb-container-con-centered-header\">\n\n<h2 class=\"gb-headline gb-headline-d02c52e4 gb-headline-text\">Todo lo que necesita para sus equipos de ingenier\u00eda de campo.<\/h2>\n\n<\/div>\n\n<div class=\"gb-container gb-container-3070dded gb-container-wide-back-page-con\">\n<div class=\"gb-grid-wrapper gb-grid-wrapper-53f55656\">\n<div class=\"gb-grid-column gb-grid-column-111762de\"><div class=\"gb-container gb-container-111762de image-link-block\"><a class=\"gb-container-link\" href=\"https:\/\/emea.technetix.com\/es\/productos\/servicios-logisticos\/equipos-de-medida-2\/\"><\/a><div class=\"gb-inside-container\">\n<div class=\"gb-container gb-container-c51a427e\"><div class=\"gb-inside-container\">\n\n<figure class=\"gb-block-image gb-block-image-92ef0c3b\"><img loading=\"lazy\" decoding=\"async\" width=\"1000\" height=\"500\" class=\"gb-image gb-image-92ef0c3b\" src=\"https:\/\/emea.technetix.com\/wp-content\/uploads\/sites\/2\/2023\/07\/100_analysers.png\" alt=\"\" title=\"100_analysers\" srcset=\"https:\/\/emea.technetix.com\/wp-content\/uploads\/sites\/2\/2023\/07\/100_analysers.png 1000w, https:\/\/emea.technetix.com\/wp-content\/uploads\/sites\/2\/2023\/07\/100_analysers-300x150.png 300w, https:\/\/emea.technetix.com\/wp-content\/uploads\/sites\/2\/2023\/07\/100_analysers-768x384.png 768w, https:\/\/emea.technetix.com\/wp-content\/uploads\/sites\/2\/2023\/07\/100_analysers-600x300.png 600w\" sizes=\"auto, (max-width: 1000px) 100vw, 1000px\" \/><\/figure>\n\n\n\n<h2 class=\"gb-headline gb-headline-8057c017 gb-headline-text\">Analizadores<\/h2>\n\n\n\n<p class=\"gb-headline gb-headline-380a8e6b gb-headline-text\">Instrumentos multifuncionales para soportar se\u00f1ales digitales QAM y anal\u00f3gicas en una red CATV.<br><\/p>\n\n<\/div><\/div>\n<\/div><\/div><\/div>\n\n<div class=\"gb-grid-column gb-grid-column-2424d82a\"><div class=\"gb-container gb-container-2424d82a image-link-block\"><div class=\"gb-inside-container\">\n\n<figure class=\"gb-block-image gb-block-image-9283621c\"><img loading=\"lazy\" decoding=\"async\" width=\"1000\" height=\"500\" class=\"gb-image gb-image-9283621c\" src=\"https:\/\/emea.technetix.com\/wp-content\/uploads\/sites\/2\/2023\/01\/101_cble-prep-tools.png\" alt=\"Herramientas de preparaci\u00f3n de cables - Technetix ofrece una amplia gama de herramientas de pelado, corte y engarce de cables de fabricantes l\u00edderes como Ripley y Corning\" srcset=\"https:\/\/emea.technetix.com\/wp-content\/uploads\/sites\/2\/2023\/01\/101_cble-prep-tools.png 1000w, https:\/\/emea.technetix.com\/wp-content\/uploads\/sites\/2\/2023\/01\/101_cble-prep-tools-300x150.png 300w, https:\/\/emea.technetix.com\/wp-content\/uploads\/sites\/2\/2023\/01\/101_cble-prep-tools-768x384.png 768w, https:\/\/emea.technetix.com\/wp-content\/uploads\/sites\/2\/2023\/01\/101_cble-prep-tools-600x300.png 600w\" sizes=\"auto, (max-width: 1000px) 100vw, 1000px\" \/><\/figure>\n\n\n\n<h2 class=\"gb-headline gb-headline-a5bea52c gb-headline-text\">Herramientas de preparaci\u00f3n de cables<\/h2>\n\n\n\n<p class=\"gb-headline gb-headline-1b078bb3 gb-headline-text\">Technetix ofrece una amplia gama de herramientas de pelado, corte y engarce de cables de fabricantes l\u00edderes como Ripley y Corning.<\/p>\n\n\n<div class=\"gb-button-wrapper gb-button-wrapper-7480a20b\">\n\n<span class=\"gb-button gb-button-5a46f3c1 gb-button-text centre-buttons popup-buttons popmake-12970\">Cont\u00e1ctenos<\/span>\n\n<\/div>\n<\/div><\/div><\/div>\n\n<div class=\"gb-grid-column gb-grid-column-345946e4\"><div class=\"gb-container gb-container-345946e4 image-link-block\"><div class=\"gb-inside-container\">\n\n<figure class=\"gb-block-image gb-block-image-53de6e75\"><img loading=\"lazy\" decoding=\"async\" width=\"1000\" height=\"500\" class=\"gb-image gb-image-53de6e75\" src=\"https:\/\/emea.technetix.com\/wp-content\/uploads\/sites\/2\/2023\/01\/102_hand-tools.png\" alt=\"Herramientas manuales - Una gama completa de herramientas de instalaci\u00f3n de cables que incluyen llaves dinamom\u00e9tricas, empu\u00f1aduras de cables y terminadores de bloqueo hasta herramientas de compresi\u00f3n\" srcset=\"https:\/\/emea.technetix.com\/wp-content\/uploads\/sites\/2\/2023\/01\/102_hand-tools.png 1000w, https:\/\/emea.technetix.com\/wp-content\/uploads\/sites\/2\/2023\/01\/102_hand-tools-300x150.png 300w, https:\/\/emea.technetix.com\/wp-content\/uploads\/sites\/2\/2023\/01\/102_hand-tools-768x384.png 768w, https:\/\/emea.technetix.com\/wp-content\/uploads\/sites\/2\/2023\/01\/102_hand-tools-600x300.png 600w\" sizes=\"auto, (max-width: 1000px) 100vw, 1000px\" \/><\/figure>\n\n\n\n<h2 class=\"gb-headline gb-headline-ca51e75e gb-headline-text\">Herramientas manuales<\/h2>\n\n\n\n<p class=\"gb-headline gb-headline-08f02836 gb-headline-text\">Una gama completa de herramientas de instalaci\u00f3n de cables que incluyen llaves dinamom\u00e9tricas, empu\u00f1aduras de cables y terminadores de bloqueo hasta herramientas de compresi\u00f3n.<\/p>\n\n\n<div class=\"gb-button-wrapper gb-button-wrapper-254dccb3\">\n\n<span class=\"gb-button gb-button-94b05f41 gb-button-text centre-buttons popup-buttons popmake-12992\">Cont\u00e1ctenos<\/span>\n\n<\/div>\n<\/div><\/div><\/div>\n\n<div class=\"gb-grid-column gb-grid-column-b0a47f93\"><div class=\"gb-container gb-container-b0a47f93 image-link-block\"><div class=\"gb-inside-container\">\n\n<figure class=\"gb-block-image gb-block-image-51cb115b\"><img loading=\"lazy\" decoding=\"async\" width=\"1000\" height=\"500\" class=\"gb-image gb-image-51cb115b\" src=\"https:\/\/emea.technetix.com\/wp-content\/uploads\/sites\/2\/2023\/01\/103_batteries.png\" alt=\"Accesorios de carga y bater\u00edas - Abastecerse de paquetes de bater\u00edas, adaptadores de corriente y bater\u00edas\" srcset=\"https:\/\/emea.technetix.com\/wp-content\/uploads\/sites\/2\/2023\/01\/103_batteries.png 1000w, https:\/\/emea.technetix.com\/wp-content\/uploads\/sites\/2\/2023\/01\/103_batteries-300x150.png 300w, https:\/\/emea.technetix.com\/wp-content\/uploads\/sites\/2\/2023\/01\/103_batteries-768x384.png 768w, https:\/\/emea.technetix.com\/wp-content\/uploads\/sites\/2\/2023\/01\/103_batteries-600x300.png 600w\" sizes=\"auto, (max-width: 1000px) 100vw, 1000px\" \/><\/figure>\n\n\n\n<h2 class=\"gb-headline gb-headline-3a400a7e gb-headline-text\">Accesorios de carga y bater\u00edas<\/h2>\n\n\n\n<p class=\"gb-headline gb-headline-f604b4f6 gb-headline-text\">Abastecerse de paquetes de bater\u00edas, adaptadores de corriente y bater\u00edas.<\/p>\n\n\n<div class=\"gb-button-wrapper gb-button-wrapper-cd5b4233\">\n\n<span class=\"gb-button gb-button-cff64731 gb-button-text centre-buttons popup-buttons popmake-12993\">Cont\u00e1ctenos<\/span>\n\n<\/div>\n<\/div><\/div><\/div>\n\n<div class=\"gb-grid-column gb-grid-column-7a82d27c\"><div class=\"gb-container gb-container-7a82d27c image-link-block\"><div class=\"gb-inside-container\">\n\n<figure class=\"gb-block-image gb-block-image-e36710d2\"><img loading=\"lazy\" decoding=\"async\" width=\"1000\" height=\"500\" class=\"gb-image gb-image-e36710d2\" src=\"https:\/\/emea.technetix.com\/wp-content\/uploads\/sites\/2\/2023\/01\/104_duct-and-trunking.png\" alt=\"Conductos y trunking - Trunking y tapas disponibles en varios tama\u00f1os, adem\u00e1s de conductos flexibles\" srcset=\"https:\/\/emea.technetix.com\/wp-content\/uploads\/sites\/2\/2023\/01\/104_duct-and-trunking.png 1000w, https:\/\/emea.technetix.com\/wp-content\/uploads\/sites\/2\/2023\/01\/104_duct-and-trunking-300x150.png 300w, https:\/\/emea.technetix.com\/wp-content\/uploads\/sites\/2\/2023\/01\/104_duct-and-trunking-768x384.png 768w, https:\/\/emea.technetix.com\/wp-content\/uploads\/sites\/2\/2023\/01\/104_duct-and-trunking-600x300.png 600w\" sizes=\"auto, (max-width: 1000px) 100vw, 1000px\" \/><\/figure>\n\n\n\n<h2 class=\"gb-headline gb-headline-336b3e53 gb-headline-text\">Conductos y trunking<\/h2>\n\n\n\n<p class=\"gb-headline gb-headline-d78754a0 gb-headline-text\">Trunking y tapas disponibles en varios tama\u00f1os, adem\u00e1s de conductos flexibles.<\/p>\n\n\n<div class=\"gb-button-wrapper gb-button-wrapper-517a613c\">\n\n<span class=\"gb-button gb-button-675c5da1 gb-button-text centre-buttons popup-buttons popmake-12994\">Cont\u00e1ctenos<\/span>\n\n<\/div>\n<\/div><\/div><\/div>\n\n<div class=\"gb-grid-column gb-grid-column-7b20bceb\"><div class=\"gb-container gb-container-7b20bceb image-link-block\"><div class=\"gb-inside-container\">\n\n<figure class=\"gb-block-image gb-block-image-0e103afe\"><img loading=\"lazy\" decoding=\"async\" width=\"1000\" height=\"500\" class=\"gb-image gb-image-0e103afe\" src=\"https:\/\/emea.technetix.com\/wp-content\/uploads\/sites\/2\/2023\/01\/105_2501.png\" alt=\"\" srcset=\"https:\/\/emea.technetix.com\/wp-content\/uploads\/sites\/2\/2023\/01\/105_2501.png 1000w, https:\/\/emea.technetix.com\/wp-content\/uploads\/sites\/2\/2023\/01\/105_2501-300x150.png 300w, https:\/\/emea.technetix.com\/wp-content\/uploads\/sites\/2\/2023\/01\/105_2501-768x384.png 768w, https:\/\/emea.technetix.com\/wp-content\/uploads\/sites\/2\/2023\/01\/105_2501-600x300.png 600w\" sizes=\"auto, (max-width: 1000px) 100vw, 1000px\" \/><\/figure>\n\n\n\n<h2 class=\"gb-headline gb-headline-6ad1f6d2 gb-headline-text\">Materiales de fijaci\u00f3n<\/h2>\n\n\n\n<p class=\"gb-headline gb-headline-3e47e3c4 gb-headline-text\">La gama incluye tornillos, ataduras de cables y grapas hasta clips de montaje y cinta autoamalgamada .<\/p>\n\n\n<div class=\"gb-button-wrapper gb-button-wrapper-da97a1a6\">\n\n<span class=\"gb-button gb-button-72f6fdd0 gb-button-text centre-buttons popup-buttons popmake-12996\">Cont\u00e1ctenos<\/span>\n\n<\/div>\n<\/div><\/div><\/div>\n\n<div class=\"gb-grid-column gb-grid-column-bb59f3e6\"><div class=\"gb-container gb-container-bb59f3e6 image-link-block\"><div class=\"gb-inside-container\">\n\n<figure class=\"gb-block-image gb-block-image-a5aad459\"><img loading=\"lazy\" decoding=\"async\" width=\"1000\" height=\"500\" class=\"gb-image gb-image-a5aad459\" src=\"https:\/\/emea.technetix.com\/wp-content\/uploads\/sites\/2\/2023\/01\/106_accessories.png\" alt=\"Accesorios - Technetix ofrece una gama de pinturas marcadoras, lubricantes y art\u00edculos de limpieza\" srcset=\"https:\/\/emea.technetix.com\/wp-content\/uploads\/sites\/2\/2023\/01\/106_accessories.png 1000w, https:\/\/emea.technetix.com\/wp-content\/uploads\/sites\/2\/2023\/01\/106_accessories-300x150.png 300w, https:\/\/emea.technetix.com\/wp-content\/uploads\/sites\/2\/2023\/01\/106_accessories-768x384.png 768w, https:\/\/emea.technetix.com\/wp-content\/uploads\/sites\/2\/2023\/01\/106_accessories-600x300.png 600w\" sizes=\"auto, (max-width: 1000px) 100vw, 1000px\" \/><\/figure>\n\n\n\n<h2 class=\"gb-headline gb-headline-20fb64ae gb-headline-text\">Accesorios<\/h2>\n\n\n\n<p class=\"gb-headline gb-headline-793da80a gb-headline-text\">Technetix ofrece una gama de pinturas marcadoras, lubricantes y art\u00edculos de limpieza.<\/p>\n\n\n<div class=\"gb-button-wrapper gb-button-wrapper-b84ce6d8\">\n\n<span class=\"gb-button gb-button-65cfe0d3 gb-button-text centre-buttons popup-buttons popmake-12995\">Cont\u00e1ctenos<\/span>\n\n<\/div>\n<\/div><\/div><\/div>\n<\/div>\n<\/div>","protected":false},"excerpt":{"rendered":"<p>Herramientas y accesorios Todo lo que necesita para sus equipos de ingenier\u00eda de campo.<\/p>\n","protected":false},"author":1,"featured_media":22372,"parent":7120,"menu_order":0,"comment_status":"open","ping_status":"open","template":"","meta":{"_acf_changed":false,"_gspb_post_css":"","footnotes":""},"class_list":["post-7116","page","type-page","status-publish","has-post-thumbnail"],"yoast_head":"<!-- This site is optimized with the Yoast SEO Premium plugin v22.5 (Yoast SEO v27.4) - https:\/\/yoast.com\/product\/yoast-seo-premium-wordpress\/ -->\n<title>Herramientas y accesorios - Technetix EMEA<\/title>\n<meta name=\"robots\" content=\"index, follow, max-snippet:-1, max-image-preview:large, max-video-preview:-1\" \/>\n<link rel=\"canonical\" href=\"https:\/\/emea.technetix.com\/es\/redes-hfc\/herramientas-y-accesorios\/\" \/>\n<meta property=\"og:locale\" content=\"es_ES\" \/>\n<meta property=\"og:type\" content=\"article\" \/>\n<meta property=\"og:title\" content=\"Herramientas y accesorios - Technetix EMEA\" \/>\n<meta property=\"og:description\" content=\"Herramientas y accesorios Todo lo que necesita para sus equipos de ingenier\u00eda de campo.\" \/>\n<meta property=\"og:url\" content=\"https:\/\/emea.technetix.com\/es\/redes-hfc\/herramientas-y-accesorios\/\" \/>\n<meta property=\"og:site_name\" content=\"Technetix EMEA\" \/>\n<meta property=\"article:modified_time\" content=\"2023-08-01T08:29:57+00:00\" \/>\n<meta property=\"og:image\" content=\"https:\/\/emea.technetix.com\/wp-content\/uploads\/sites\/2\/2023\/07\/PRODUCTS_LARGE_TOOLS_FINAL.jpg\" \/>\n\t<meta property=\"og:image:width\" content=\"1920\" \/>\n\t<meta property=\"og:image:height\" content=\"450\" \/>\n\t<meta property=\"og:image:type\" content=\"image\/jpeg\" \/>\n<meta name=\"twitter:card\" content=\"summary_large_image\" \/>\n<meta name=\"twitter:site\" content=\"@technetixgroup\" \/>\n<meta name=\"twitter:label1\" content=\"Tiempo de lectura\" \/>\n\t<meta name=\"twitter:data1\" content=\"3 minutos\" \/>\n<script type=\"application\/ld+json\" class=\"yoast-schema-graph\">{\"@context\":\"https:\\\/\\\/schema.org\",\"@graph\":[{\"@type\":\"WebPage\",\"@id\":\"https:\\\/\\\/emea.technetix.com\\\/es\\\/redes-hfc\\\/herramientas-y-accesorios\\\/\",\"url\":\"https:\\\/\\\/emea.technetix.com\\\/es\\\/redes-hfc\\\/herramientas-y-accesorios\\\/\",\"name\":\"Herramientas y accesorios - Technetix EMEA\",\"isPartOf\":{\"@id\":\"https:\\\/\\\/emea.technetix.com\\\/es\\\/#website\"},\"primaryImageOfPage\":{\"@id\":\"https:\\\/\\\/emea.technetix.com\\\/es\\\/redes-hfc\\\/herramientas-y-accesorios\\\/#primaryimage\"},\"image\":{\"@id\":\"https:\\\/\\\/emea.technetix.com\\\/es\\\/redes-hfc\\\/herramientas-y-accesorios\\\/#primaryimage\"},\"thumbnailUrl\":\"https:\\\/\\\/emea.technetix.com\\\/wp-content\\\/uploads\\\/sites\\\/2\\\/2023\\\/07\\\/PRODUCTS_LARGE_TOOLS_FINAL.jpg\",\"datePublished\":\"2023-01-19T19:16:54+00:00\",\"dateModified\":\"2023-08-01T08:29:57+00:00\",\"breadcrumb\":{\"@id\":\"https:\\\/\\\/emea.technetix.com\\\/es\\\/redes-hfc\\\/herramientas-y-accesorios\\\/#breadcrumb\"},\"inLanguage\":\"es\",\"potentialAction\":[{\"@type\":\"ReadAction\",\"target\":[\"https:\\\/\\\/emea.technetix.com\\\/es\\\/redes-hfc\\\/herramientas-y-accesorios\\\/\"]}]},{\"@type\":\"ImageObject\",\"inLanguage\":\"es\",\"@id\":\"https:\\\/\\\/emea.technetix.com\\\/es\\\/redes-hfc\\\/herramientas-y-accesorios\\\/#primaryimage\",\"url\":\"https:\\\/\\\/emea.technetix.com\\\/wp-content\\\/uploads\\\/sites\\\/2\\\/2023\\\/07\\\/PRODUCTS_LARGE_TOOLS_FINAL.jpg\",\"contentUrl\":\"https:\\\/\\\/emea.technetix.com\\\/wp-content\\\/uploads\\\/sites\\\/2\\\/2023\\\/07\\\/PRODUCTS_LARGE_TOOLS_FINAL.jpg\",\"width\":1920,\"height\":450},{\"@type\":\"BreadcrumbList\",\"@id\":\"https:\\\/\\\/emea.technetix.com\\\/es\\\/redes-hfc\\\/herramientas-y-accesorios\\\/#breadcrumb\",\"itemListElement\":[{\"@type\":\"ListItem\",\"position\":1,\"name\":\"Home\",\"item\":\"https:\\\/\\\/emea.technetix.com\\\/es\\\/\"},{\"@type\":\"ListItem\",\"position\":2,\"name\":\"Banda ancha de cable\",\"item\":\"https:\\\/\\\/emea.technetix.com\\\/es\\\/redes-hfc\\\/\"},{\"@type\":\"ListItem\",\"position\":3,\"name\":\"Herramientas y accesorios\"}]},{\"@type\":\"WebSite\",\"@id\":\"https:\\\/\\\/emea.technetix.com\\\/es\\\/#website\",\"url\":\"https:\\\/\\\/emea.technetix.com\\\/es\\\/\",\"name\":\"Technetix\",\"description\":\"Next-generation broadband equipment engineering\",\"publisher\":{\"@id\":\"https:\\\/\\\/emea.technetix.com\\\/es\\\/#organization\"},\"potentialAction\":[{\"@type\":\"SearchAction\",\"target\":{\"@type\":\"EntryPoint\",\"urlTemplate\":\"https:\\\/\\\/emea.technetix.com\\\/es\\\/?s={search_term_string}\"},\"query-input\":{\"@type\":\"PropertyValueSpecification\",\"valueRequired\":true,\"valueName\":\"search_term_string\"}}],\"inLanguage\":\"es\"},{\"@type\":\"Organization\",\"@id\":\"https:\\\/\\\/emea.technetix.com\\\/es\\\/#organization\",\"name\":\"Technetix\",\"url\":\"https:\\\/\\\/emea.technetix.com\\\/es\\\/\",\"logo\":{\"@type\":\"ImageObject\",\"inLanguage\":\"es\",\"@id\":\"https:\\\/\\\/emea.technetix.com\\\/es\\\/#\\\/schema\\\/logo\\\/image\\\/\",\"url\":\"https:\\\/\\\/emea.technetix.com\\\/wp-content\\\/uploads\\\/sites\\\/2\\\/2023\\\/06\\\/logo-Technetix-1000x1000-1.png\",\"contentUrl\":\"https:\\\/\\\/emea.technetix.com\\\/wp-content\\\/uploads\\\/sites\\\/2\\\/2023\\\/06\\\/logo-Technetix-1000x1000-1.png\",\"width\":1000,\"height\":1000,\"caption\":\"Technetix\"},\"image\":{\"@id\":\"https:\\\/\\\/emea.technetix.com\\\/es\\\/#\\\/schema\\\/logo\\\/image\\\/\"},\"sameAs\":[\"https:\\\/\\\/x.com\\\/technetixgroup\",\"https:\\\/\\\/www.linkedin.com\\\/company\\\/technetix\\\/\",\"https:\\\/\\\/www.youtube.com\\\/c\\\/Technetix-group\"]}]}<\/script>\n<!-- \/ Yoast SEO Premium plugin. -->","yoast_head_json":{"title":"Herramientas y accesorios - Technetix EMEA","robots":{"index":"index","follow":"follow","max-snippet":"max-snippet:-1","max-image-preview":"max-image-preview:large","max-video-preview":"max-video-preview:-1"},"canonical":"https:\/\/emea.technetix.com\/es\/redes-hfc\/herramientas-y-accesorios\/","og_locale":"es_ES","og_type":"article","og_title":"Herramientas y accesorios - Technetix EMEA","og_description":"Herramientas y accesorios Todo lo que necesita para sus equipos de ingenier\u00eda de campo.","og_url":"https:\/\/emea.technetix.com\/es\/redes-hfc\/herramientas-y-accesorios\/","og_site_name":"Technetix EMEA","article_modified_time":"2023-08-01T08:29:57+00:00","og_image":[{"width":1920,"height":450,"url":"https:\/\/emea.technetix.com\/wp-content\/uploads\/sites\/2\/2023\/07\/PRODUCTS_LARGE_TOOLS_FINAL.jpg","type":"image\/jpeg"}],"twitter_card":"summary_large_image","twitter_site":"@technetixgroup","twitter_misc":{"Tiempo de lectura":"3 minutos"},"schema":{"@context":"https:\/\/schema.org","@graph":[{"@type":"WebPage","@id":"https:\/\/emea.technetix.com\/es\/redes-hfc\/herramientas-y-accesorios\/","url":"https:\/\/emea.technetix.com\/es\/redes-hfc\/herramientas-y-accesorios\/","name":"Herramientas y accesorios - Technetix EMEA","isPartOf":{"@id":"https:\/\/emea.technetix.com\/es\/#website"},"primaryImageOfPage":{"@id":"https:\/\/emea.technetix.com\/es\/redes-hfc\/herramientas-y-accesorios\/#primaryimage"},"image":{"@id":"https:\/\/emea.technetix.com\/es\/redes-hfc\/herramientas-y-accesorios\/#primaryimage"},"thumbnailUrl":"https:\/\/emea.technetix.com\/wp-content\/uploads\/sites\/2\/2023\/07\/PRODUCTS_LARGE_TOOLS_FINAL.jpg","datePublished":"2023-01-19T19:16:54+00:00","dateModified":"2023-08-01T08:29:57+00:00","breadcrumb":{"@id":"https:\/\/emea.technetix.com\/es\/redes-hfc\/herramientas-y-accesorios\/#breadcrumb"},"inLanguage":"es","potentialAction":[{"@type":"ReadAction","target":["https:\/\/emea.technetix.com\/es\/redes-hfc\/herramientas-y-accesorios\/"]}]},{"@type":"ImageObject","inLanguage":"es","@id":"https:\/\/emea.technetix.com\/es\/redes-hfc\/herramientas-y-accesorios\/#primaryimage","url":"https:\/\/emea.technetix.com\/wp-content\/uploads\/sites\/2\/2023\/07\/PRODUCTS_LARGE_TOOLS_FINAL.jpg","contentUrl":"https:\/\/emea.technetix.com\/wp-content\/uploads\/sites\/2\/2023\/07\/PRODUCTS_LARGE_TOOLS_FINAL.jpg","width":1920,"height":450},{"@type":"BreadcrumbList","@id":"https:\/\/emea.technetix.com\/es\/redes-hfc\/herramientas-y-accesorios\/#breadcrumb","itemListElement":[{"@type":"ListItem","position":1,"name":"Home","item":"https:\/\/emea.technetix.com\/es\/"},{"@type":"ListItem","position":2,"name":"Banda ancha de cable","item":"https:\/\/emea.technetix.com\/es\/redes-hfc\/"},{"@type":"ListItem","position":3,"name":"Herramientas y accesorios"}]},{"@type":"WebSite","@id":"https:\/\/emea.technetix.com\/es\/#website","url":"https:\/\/emea.technetix.com\/es\/","name":"Technetix","description":"Next-generation broadband equipment engineering","publisher":{"@id":"https:\/\/emea.technetix.com\/es\/#organization"},"potentialAction":[{"@type":"SearchAction","target":{"@type":"EntryPoint","urlTemplate":"https:\/\/emea.technetix.com\/es\/?s={search_term_string}"},"query-input":{"@type":"PropertyValueSpecification","valueRequired":true,"valueName":"search_term_string"}}],"inLanguage":"es"},{"@type":"Organization","@id":"https:\/\/emea.technetix.com\/es\/#organization","name":"Technetix","url":"https:\/\/emea.technetix.com\/es\/","logo":{"@type":"ImageObject","inLanguage":"es","@id":"https:\/\/emea.technetix.com\/es\/#\/schema\/logo\/image\/","url":"https:\/\/emea.technetix.com\/wp-content\/uploads\/sites\/2\/2023\/06\/logo-Technetix-1000x1000-1.png","contentUrl":"https:\/\/emea.technetix.com\/wp-content\/uploads\/sites\/2\/2023\/06\/logo-Technetix-1000x1000-1.png","width":1000,"height":1000,"caption":"Technetix"},"image":{"@id":"https:\/\/emea.technetix.com\/es\/#\/schema\/logo\/image\/"},"sameAs":["https:\/\/x.com\/technetixgroup","https:\/\/www.linkedin.com\/company\/technetix\/","https:\/\/www.youtube.com\/c\/Technetix-group"]}]}},"acf":[],"publishpress_future_workflow_manual_trigger":{"enabledWorkflows":[]},"_links":{"self":[{"href":"https:\/\/emea.technetix.com\/es\/wp-json\/wp\/v2\/pages\/7116","targetHints":{"allow":["GET"]}}],"collection":[{"href":"https:\/\/emea.technetix.com\/es\/wp-json\/wp\/v2\/pages"}],"about":[{"href":"https:\/\/emea.technetix.com\/es\/wp-json\/wp\/v2\/types\/page"}],"author":[{"embeddable":true,"href":"https:\/\/emea.technetix.com\/es\/wp-json\/wp\/v2\/users\/1"}],"replies":[{"embeddable":true,"href":"https:\/\/emea.technetix.com\/es\/wp-json\/wp\/v2\/comments?post=7116"}],"version-history":[{"count":0,"href":"https:\/\/emea.technetix.com\/es\/wp-json\/wp\/v2\/pages\/7116\/revisions"}],"up":[{"embeddable":true,"href":"https:\/\/emea.technetix.com\/es\/wp-json\/wp\/v2\/pages\/7120"}],"wp:featuredmedia":[{"embeddable":true,"href":"https:\/\/emea.technetix.com\/es\/wp-json\/wp\/v2\/media\/22372"}],"wp:attachment":[{"href":"https:\/\/emea.technetix.com\/es\/wp-json\/wp\/v2\/media?parent=7116"}],"curies":[{"name":"wp","href":"https:\/\/api.w.org\/{rel}","templated":true}]}}