{"id":7112,"date":"2023-01-19T19:15:39","date_gmt":"2023-01-19T19:15:39","guid":{"rendered":"https:\/\/emea.technetix.com\/redes-fttx\/switch-compacto\/"},"modified":"2023-05-06T22:18:05","modified_gmt":"2023-05-06T22:18:05","slug":"switch-compacto","status":"publish","type":"page","link":"https:\/\/emea.technetix.com\/es\/fiber-networks\/switch-compacto\/","title":{"rendered":"Switch Compacto"},"content":{"rendered":"<div class=\"gb-container gb-container-f86f3f4f gb-container-hero-banner\"><div class=\"gb-inside-container\">\n<h1 class=\"gb-headline gb-headline-e1547755 gb-headline-text gb-headline-hero-banner-title\">Switch Compacto<\/h1>\n<\/div><\/div>\n\n<div class=\"gb-container gb-container-4f64ad0d gb-container-inner-back-page-con\">\n\n<h2 class=\"gb-headline gb-headline-d02c52e4 gb-headline-text gb-headline-h2\">Flexibilidad de Ethernet en lo m\u00e1s profundo para la red.<\/h2>\n\n\n\n<p class=\"gb-headline gb-headline-6656b5c3 gb-headline-text\">El cX es ideal para aplicaciones de acceso y administraci\u00f3n de redes. Los operadores que planean realizar la transici\u00f3n a una arquitectura de acceso distribuido (DAA) pueden comenzar el proceso ahora con el conmutador Ethernet cX, mientras conservan la opci\u00f3n de introducir R-PHY y R-MAC-PHY en una etapa posterior. El peque\u00f1o factor de forma del cX lo convierte en una herramienta muy flexible para una variedad de escenarios de red.  <\/p>\n\n\n\n<ul class=\"wp-block-list\">\n<li>Compact Carrier Ethernet switch<\/li>\n\n\n\n<li>Plataforma modular para implementaci\u00f3n de una o varias unidades<\/li>\n\n\n\n<li>Admite SyncE y 1588<\/li>\n\n\n\n<li>Bajo consumo de energ\u00eda<\/li>\n\n\n\n<li>Refrigeraci\u00f3n pasiva<\/li>\n\n\n\n<li>Hasta 2 unidades en caja XG sellada<\/li>\n\n\n\n<li>4 x 10GE y 4 x 1GE en cada CxConmutador compacto cx<\/li>\n<\/ul>\n\n\n\n<figure class=\"gb-block-image gb-block-image-61e35e7d\"><img loading=\"lazy\" decoding=\"async\" width=\"1920\" height=\"604\" class=\"gb-image gb-image-61e35e7d\" src=\"https:\/\/emea.technetix.com\/wp-content\/uploads\/sites\/2\/2023\/01\/Cx-compact-switch.jpg\" alt=\"Plataforma modular para implementaci\u00f3n de una o varias unidades\" srcset=\"https:\/\/emea.technetix.com\/wp-content\/uploads\/sites\/2\/2023\/01\/Cx-compact-switch.jpg 1920w, https:\/\/emea.technetix.com\/wp-content\/uploads\/sites\/2\/2023\/01\/Cx-compact-switch-300x94.jpg 300w, https:\/\/emea.technetix.com\/wp-content\/uploads\/sites\/2\/2023\/01\/Cx-compact-switch-1024x322.jpg 1024w, https:\/\/emea.technetix.com\/wp-content\/uploads\/sites\/2\/2023\/01\/Cx-compact-switch-768x242.jpg 768w, https:\/\/emea.technetix.com\/wp-content\/uploads\/sites\/2\/2023\/01\/Cx-compact-switch-1536x483.jpg 1536w, https:\/\/emea.technetix.com\/wp-content\/uploads\/sites\/2\/2023\/01\/Cx-compact-switch-600x189.jpg 600w\" sizes=\"auto, (max-width: 1920px) 100vw, 1920px\" \/><\/figure>\n\n\n\n<figure class=\"gb-block-image gb-block-image-ad3205cf\"><img loading=\"lazy\" decoding=\"async\" width=\"1902\" height=\"1200\" class=\"gb-image gb-image-ad3205cf\" src=\"https:\/\/emea.technetix.com\/wp-content\/uploads\/sites\/2\/2023\/01\/COMPACT_SWITCH.png\" alt=\"4 x 10GE y 4 x 1GE en cada CxConmutador compacto cx\" srcset=\"https:\/\/emea.technetix.com\/wp-content\/uploads\/sites\/2\/2023\/01\/COMPACT_SWITCH.png 1902w, https:\/\/emea.technetix.com\/wp-content\/uploads\/sites\/2\/2023\/01\/COMPACT_SWITCH-300x189.png 300w, https:\/\/emea.technetix.com\/wp-content\/uploads\/sites\/2\/2023\/01\/COMPACT_SWITCH-1024x646.png 1024w, https:\/\/emea.technetix.com\/wp-content\/uploads\/sites\/2\/2023\/01\/COMPACT_SWITCH-768x485.png 768w, https:\/\/emea.technetix.com\/wp-content\/uploads\/sites\/2\/2023\/01\/COMPACT_SWITCH-1536x969.png 1536w, https:\/\/emea.technetix.com\/wp-content\/uploads\/sites\/2\/2023\/01\/COMPACT_SWITCH-600x379.png 600w\" sizes=\"auto, (max-width: 1902px) 100vw, 1902px\" \/><\/figure>\n\n<\/div>\n\n<div class=\"gb-container gb-container-f518c4e8 gb-container-con-buttons-bottom\">\n\n<h2 class=\"gb-headline gb-headline-7f427a74 gb-headline-text gb-headline-head-bottom-buttons\">Enlaces de inter\u00e9s<\/h2>\n\n\n<div class=\"gb-button-wrapper gb-button-wrapper-3ed53ae9 gb-button-wrapper-after-con-buttons\">\n\n<a class=\"gb-button gb-button-66ad4dbe gb-button-text gb-button-bottom-button\" href=\"https:\/\/emea.technetix.com\/es\/contactenos\/\">Contactenos<\/a>\n\n<\/div>\n<\/div>","protected":false},"excerpt":{"rendered":"<p>Switch Compacto Flexibilidad de Ethernet en lo m\u00e1s profundo para la red. El cX es ideal para aplicaciones de acceso y administraci\u00f3n de redes. Los operadores que planean realizar la transici\u00f3n a una arquitectura de acceso distribuido (DAA) pueden comenzar el proceso ahora con el conmutador Ethernet cX, mientras conservan la opci\u00f3n de introducir R-PHY &#8230; <a title=\"Switch Compacto\" class=\"read-more\" href=\"https:\/\/emea.technetix.com\/es\/fiber-networks\/switch-compacto\/\" aria-label=\"Leer m\u00e1s sobre Switch Compacto\">Read more<\/a><\/p>\n","protected":false},"author":1,"featured_media":649,"parent":7100,"menu_order":0,"comment_status":"open","ping_status":"closed","template":"","meta":{"_acf_changed":false,"_gspb_post_css":"","footnotes":""},"class_list":["post-7112","page","type-page","status-publish","has-post-thumbnail"],"yoast_head":"<!-- This site is optimized with the Yoast SEO Premium plugin v22.5 (Yoast SEO v27.3) - https:\/\/yoast.com\/product\/yoast-seo-premium-wordpress\/ -->\n<title>Switch Compacto - Technetix EMEA<\/title>\n<meta name=\"robots\" content=\"index, follow, max-snippet:-1, max-image-preview:large, max-video-preview:-1\" \/>\n<link rel=\"canonical\" href=\"https:\/\/emea.technetix.com\/es\/fiber-networks\/switch-compacto\/\" \/>\n<meta property=\"og:locale\" content=\"es_ES\" \/>\n<meta property=\"og:type\" content=\"article\" \/>\n<meta property=\"og:title\" content=\"Switch Compacto - Technetix EMEA\" \/>\n<meta property=\"og:description\" content=\"Switch Compacto Flexibilidad de Ethernet en lo m\u00e1s profundo para la red. El cX es ideal para aplicaciones de acceso y administraci\u00f3n de redes. Los operadores que planean realizar la transici\u00f3n a una arquitectura de acceso distribuido (DAA) pueden comenzar el proceso ahora con el conmutador Ethernet cX, mientras conservan la opci\u00f3n de introducir R-PHY ... Read more\" \/>\n<meta property=\"og:url\" content=\"https:\/\/emea.technetix.com\/es\/fiber-networks\/switch-compacto\/\" \/>\n<meta property=\"og:site_name\" content=\"Technetix EMEA\" \/>\n<meta property=\"article:modified_time\" content=\"2023-05-06T22:18:05+00:00\" \/>\n<meta property=\"og:image\" content=\"https:\/\/emea.technetix.com\/wp-content\/uploads\/sites\/2\/2023\/01\/PRODUCTS_LARGE_COMPACT_SWITCH_FINAL-1.jpg\" \/>\n\t<meta property=\"og:image:width\" content=\"1920\" \/>\n\t<meta property=\"og:image:height\" content=\"450\" \/>\n\t<meta property=\"og:image:type\" content=\"image\/jpeg\" \/>\n<meta name=\"twitter:card\" content=\"summary_large_image\" \/>\n<meta name=\"twitter:site\" content=\"@technetixgroup\" \/>\n<meta name=\"twitter:label1\" content=\"Tiempo de lectura\" \/>\n\t<meta name=\"twitter:data1\" content=\"1 minuto\" \/>\n<script type=\"application\/ld+json\" class=\"yoast-schema-graph\">{\"@context\":\"https:\\\/\\\/schema.org\",\"@graph\":[{\"@type\":\"WebPage\",\"@id\":\"https:\\\/\\\/emea.technetix.com\\\/es\\\/fiber-networks\\\/switch-compacto\\\/\",\"url\":\"https:\\\/\\\/emea.technetix.com\\\/es\\\/fiber-networks\\\/switch-compacto\\\/\",\"name\":\"Switch Compacto - Technetix EMEA\",\"isPartOf\":{\"@id\":\"https:\\\/\\\/emea.technetix.com\\\/es\\\/#website\"},\"primaryImageOfPage\":{\"@id\":\"https:\\\/\\\/emea.technetix.com\\\/es\\\/fiber-networks\\\/switch-compacto\\\/#primaryimage\"},\"image\":{\"@id\":\"https:\\\/\\\/emea.technetix.com\\\/es\\\/fiber-networks\\\/switch-compacto\\\/#primaryimage\"},\"thumbnailUrl\":\"https:\\\/\\\/emea.technetix.com\\\/wp-content\\\/uploads\\\/sites\\\/2\\\/2023\\\/01\\\/PRODUCTS_LARGE_COMPACT_SWITCH_FINAL-1.jpg\",\"datePublished\":\"2023-01-19T19:15:39+00:00\",\"dateModified\":\"2023-05-06T22:18:05+00:00\",\"breadcrumb\":{\"@id\":\"https:\\\/\\\/emea.technetix.com\\\/es\\\/fiber-networks\\\/switch-compacto\\\/#breadcrumb\"},\"inLanguage\":\"es\",\"potentialAction\":[{\"@type\":\"ReadAction\",\"target\":[\"https:\\\/\\\/emea.technetix.com\\\/es\\\/fiber-networks\\\/switch-compacto\\\/\"]}]},{\"@type\":\"ImageObject\",\"inLanguage\":\"es\",\"@id\":\"https:\\\/\\\/emea.technetix.com\\\/es\\\/fiber-networks\\\/switch-compacto\\\/#primaryimage\",\"url\":\"https:\\\/\\\/emea.technetix.com\\\/wp-content\\\/uploads\\\/sites\\\/2\\\/2023\\\/01\\\/PRODUCTS_LARGE_COMPACT_SWITCH_FINAL-1.jpg\",\"contentUrl\":\"https:\\\/\\\/emea.technetix.com\\\/wp-content\\\/uploads\\\/sites\\\/2\\\/2023\\\/01\\\/PRODUCTS_LARGE_COMPACT_SWITCH_FINAL-1.jpg\",\"width\":1920,\"height\":450},{\"@type\":\"BreadcrumbList\",\"@id\":\"https:\\\/\\\/emea.technetix.com\\\/es\\\/fiber-networks\\\/switch-compacto\\\/#breadcrumb\",\"itemListElement\":[{\"@type\":\"ListItem\",\"position\":1,\"name\":\"Home\",\"item\":\"https:\\\/\\\/emea.technetix.com\\\/es\\\/\"},{\"@type\":\"ListItem\",\"position\":2,\"name\":\"Fibra\",\"item\":\"https:\\\/\\\/emea.technetix.com\\\/es\\\/fiber-networks\\\/\"},{\"@type\":\"ListItem\",\"position\":3,\"name\":\"Switch Compacto\"}]},{\"@type\":\"WebSite\",\"@id\":\"https:\\\/\\\/emea.technetix.com\\\/es\\\/#website\",\"url\":\"https:\\\/\\\/emea.technetix.com\\\/es\\\/\",\"name\":\"Technetix\",\"description\":\"Next-generation broadband equipment engineering\",\"publisher\":{\"@id\":\"https:\\\/\\\/emea.technetix.com\\\/es\\\/#organization\"},\"potentialAction\":[{\"@type\":\"SearchAction\",\"target\":{\"@type\":\"EntryPoint\",\"urlTemplate\":\"https:\\\/\\\/emea.technetix.com\\\/es\\\/?s={search_term_string}\"},\"query-input\":{\"@type\":\"PropertyValueSpecification\",\"valueRequired\":true,\"valueName\":\"search_term_string\"}}],\"inLanguage\":\"es\"},{\"@type\":\"Organization\",\"@id\":\"https:\\\/\\\/emea.technetix.com\\\/es\\\/#organization\",\"name\":\"Technetix\",\"url\":\"https:\\\/\\\/emea.technetix.com\\\/es\\\/\",\"logo\":{\"@type\":\"ImageObject\",\"inLanguage\":\"es\",\"@id\":\"https:\\\/\\\/emea.technetix.com\\\/es\\\/#\\\/schema\\\/logo\\\/image\\\/\",\"url\":\"https:\\\/\\\/emea.technetix.com\\\/wp-content\\\/uploads\\\/sites\\\/2\\\/2023\\\/06\\\/logo-Technetix-1000x1000-1.png\",\"contentUrl\":\"https:\\\/\\\/emea.technetix.com\\\/wp-content\\\/uploads\\\/sites\\\/2\\\/2023\\\/06\\\/logo-Technetix-1000x1000-1.png\",\"width\":1000,\"height\":1000,\"caption\":\"Technetix\"},\"image\":{\"@id\":\"https:\\\/\\\/emea.technetix.com\\\/es\\\/#\\\/schema\\\/logo\\\/image\\\/\"},\"sameAs\":[\"https:\\\/\\\/x.com\\\/technetixgroup\",\"https:\\\/\\\/www.linkedin.com\\\/company\\\/technetix\\\/\",\"https:\\\/\\\/www.youtube.com\\\/c\\\/Technetix-group\"]}]}<\/script>\n<!-- \/ Yoast SEO Premium plugin. -->","yoast_head_json":{"title":"Switch Compacto - Technetix EMEA","robots":{"index":"index","follow":"follow","max-snippet":"max-snippet:-1","max-image-preview":"max-image-preview:large","max-video-preview":"max-video-preview:-1"},"canonical":"https:\/\/emea.technetix.com\/es\/fiber-networks\/switch-compacto\/","og_locale":"es_ES","og_type":"article","og_title":"Switch Compacto - Technetix EMEA","og_description":"Switch Compacto Flexibilidad de Ethernet en lo m\u00e1s profundo para la red. El cX es ideal para aplicaciones de acceso y administraci\u00f3n de redes. Los operadores que planean realizar la transici\u00f3n a una arquitectura de acceso distribuido (DAA) pueden comenzar el proceso ahora con el conmutador Ethernet cX, mientras conservan la opci\u00f3n de introducir R-PHY ... Read more","og_url":"https:\/\/emea.technetix.com\/es\/fiber-networks\/switch-compacto\/","og_site_name":"Technetix EMEA","article_modified_time":"2023-05-06T22:18:05+00:00","og_image":[{"width":1920,"height":450,"url":"https:\/\/emea.technetix.com\/wp-content\/uploads\/sites\/2\/2023\/01\/PRODUCTS_LARGE_COMPACT_SWITCH_FINAL-1.jpg","type":"image\/jpeg"}],"twitter_card":"summary_large_image","twitter_site":"@technetixgroup","twitter_misc":{"Tiempo de lectura":"1 minuto"},"schema":{"@context":"https:\/\/schema.org","@graph":[{"@type":"WebPage","@id":"https:\/\/emea.technetix.com\/es\/fiber-networks\/switch-compacto\/","url":"https:\/\/emea.technetix.com\/es\/fiber-networks\/switch-compacto\/","name":"Switch Compacto - Technetix EMEA","isPartOf":{"@id":"https:\/\/emea.technetix.com\/es\/#website"},"primaryImageOfPage":{"@id":"https:\/\/emea.technetix.com\/es\/fiber-networks\/switch-compacto\/#primaryimage"},"image":{"@id":"https:\/\/emea.technetix.com\/es\/fiber-networks\/switch-compacto\/#primaryimage"},"thumbnailUrl":"https:\/\/emea.technetix.com\/wp-content\/uploads\/sites\/2\/2023\/01\/PRODUCTS_LARGE_COMPACT_SWITCH_FINAL-1.jpg","datePublished":"2023-01-19T19:15:39+00:00","dateModified":"2023-05-06T22:18:05+00:00","breadcrumb":{"@id":"https:\/\/emea.technetix.com\/es\/fiber-networks\/switch-compacto\/#breadcrumb"},"inLanguage":"es","potentialAction":[{"@type":"ReadAction","target":["https:\/\/emea.technetix.com\/es\/fiber-networks\/switch-compacto\/"]}]},{"@type":"ImageObject","inLanguage":"es","@id":"https:\/\/emea.technetix.com\/es\/fiber-networks\/switch-compacto\/#primaryimage","url":"https:\/\/emea.technetix.com\/wp-content\/uploads\/sites\/2\/2023\/01\/PRODUCTS_LARGE_COMPACT_SWITCH_FINAL-1.jpg","contentUrl":"https:\/\/emea.technetix.com\/wp-content\/uploads\/sites\/2\/2023\/01\/PRODUCTS_LARGE_COMPACT_SWITCH_FINAL-1.jpg","width":1920,"height":450},{"@type":"BreadcrumbList","@id":"https:\/\/emea.technetix.com\/es\/fiber-networks\/switch-compacto\/#breadcrumb","itemListElement":[{"@type":"ListItem","position":1,"name":"Home","item":"https:\/\/emea.technetix.com\/es\/"},{"@type":"ListItem","position":2,"name":"Fibra","item":"https:\/\/emea.technetix.com\/es\/fiber-networks\/"},{"@type":"ListItem","position":3,"name":"Switch Compacto"}]},{"@type":"WebSite","@id":"https:\/\/emea.technetix.com\/es\/#website","url":"https:\/\/emea.technetix.com\/es\/","name":"Technetix","description":"Next-generation broadband equipment engineering","publisher":{"@id":"https:\/\/emea.technetix.com\/es\/#organization"},"potentialAction":[{"@type":"SearchAction","target":{"@type":"EntryPoint","urlTemplate":"https:\/\/emea.technetix.com\/es\/?s={search_term_string}"},"query-input":{"@type":"PropertyValueSpecification","valueRequired":true,"valueName":"search_term_string"}}],"inLanguage":"es"},{"@type":"Organization","@id":"https:\/\/emea.technetix.com\/es\/#organization","name":"Technetix","url":"https:\/\/emea.technetix.com\/es\/","logo":{"@type":"ImageObject","inLanguage":"es","@id":"https:\/\/emea.technetix.com\/es\/#\/schema\/logo\/image\/","url":"https:\/\/emea.technetix.com\/wp-content\/uploads\/sites\/2\/2023\/06\/logo-Technetix-1000x1000-1.png","contentUrl":"https:\/\/emea.technetix.com\/wp-content\/uploads\/sites\/2\/2023\/06\/logo-Technetix-1000x1000-1.png","width":1000,"height":1000,"caption":"Technetix"},"image":{"@id":"https:\/\/emea.technetix.com\/es\/#\/schema\/logo\/image\/"},"sameAs":["https:\/\/x.com\/technetixgroup","https:\/\/www.linkedin.com\/company\/technetix\/","https:\/\/www.youtube.com\/c\/Technetix-group"]}]}},"acf":[],"publishpress_future_workflow_manual_trigger":{"enabledWorkflows":[]},"_links":{"self":[{"href":"https:\/\/emea.technetix.com\/es\/wp-json\/wp\/v2\/pages\/7112","targetHints":{"allow":["GET"]}}],"collection":[{"href":"https:\/\/emea.technetix.com\/es\/wp-json\/wp\/v2\/pages"}],"about":[{"href":"https:\/\/emea.technetix.com\/es\/wp-json\/wp\/v2\/types\/page"}],"author":[{"embeddable":true,"href":"https:\/\/emea.technetix.com\/es\/wp-json\/wp\/v2\/users\/1"}],"replies":[{"embeddable":true,"href":"https:\/\/emea.technetix.com\/es\/wp-json\/wp\/v2\/comments?post=7112"}],"version-history":[{"count":0,"href":"https:\/\/emea.technetix.com\/es\/wp-json\/wp\/v2\/pages\/7112\/revisions"}],"up":[{"embeddable":true,"href":"https:\/\/emea.technetix.com\/es\/wp-json\/wp\/v2\/pages\/7100"}],"wp:featuredmedia":[{"embeddable":true,"href":"https:\/\/emea.technetix.com\/es\/wp-json\/wp\/v2\/media\/649"}],"wp:attachment":[{"href":"https:\/\/emea.technetix.com\/es\/wp-json\/wp\/v2\/media?parent=7112"}],"curies":[{"name":"wp","href":"https:\/\/api.w.org\/{rel}","templated":true}]}}