{"id":7110,"date":"2023-01-19T19:15:07","date_gmt":"2023-01-19T19:15:07","guid":{"rendered":"https:\/\/emea.technetix.com\/virtual-segmentation\/"},"modified":"2024-07-16T13:29:56","modified_gmt":"2024-07-16T13:29:56","slug":"virtual-segmentation","status":"publish","type":"page","link":"https:\/\/emea.technetix.com\/es\/redes-hfc\/virtual-segmentation\/","title":{"rendered":"Virtual Segmentation"},"content":{"rendered":"<div class=\"gb-container gb-container-f86f3f4f gb-container-hero-banner\"><div class=\"gb-inside-container\">\n<h1 class=\"gb-headline gb-headline-e1547755 gb-headline-text gb-headline-hero-banner-title\">Virtual Segmentation<\/h1>\n<\/div><\/div>\n\n<div class=\"gb-container gb-container-d5dbdd16 gb-container-inner-back-page-con\">\n\n<h2 class=\"gb-headline gb-headline-d02c52e4 gb-headline-text\">Transforme su red con el transporte Ethernet a trav\u00e9s de Coax.<\/h2>\n\n\n\n<p class=\"gb-headline gb-headline-6656b5c3 gb-headline-text\">Virtual SegmentationTM permite el despliegue de hasta 10 Gbps sim\u00e9tricos sobre el cable coaxial existente. Aplicaciones como R-PHY\/R-MACPHY, backhaul m\u00f3vil, servicios sim\u00e9tricos\/empresariales, aplicaciones de Smart City y servicios Wi-Fi de alta velocidad son compatibles con virtual Segmentation. <\/p>\n\n\n\n<p class=\"gb-headline gb-headline-6331af4f gb-headline-text\">Esencialmente, cualquier escenario que requiera un gran ancho de banda a baja latencia en una red se puede implementar con una reducci\u00f3n en el gasto de capital de hasta el 80% al tiempo que se reduce el tiempo de implementaci\u00f3n de meses a d\u00edas. Esto funcionar\u00e1 en una red coaxial existente y no interfiere con los servicios existentes. <\/p>\n\n\n\n<figure class=\"gb-block-image gb-block-image-61e35e7d\"><img loading=\"lazy\" decoding=\"async\" width=\"1911\" height=\"855\" class=\"gb-image gb-image-61e35e7d\" src=\"https:\/\/emea.technetix.com\/wp-content\/uploads\/sites\/2\/2024\/07\/2024_VS_AW.png\" alt=\"Diagram of Virtual Segmentation \" title=\"2024_VS_AW\" srcset=\"https:\/\/emea.technetix.com\/wp-content\/uploads\/sites\/2\/2024\/07\/2024_VS_AW.png 1911w, https:\/\/emea.technetix.com\/wp-content\/uploads\/sites\/2\/2024\/07\/2024_VS_AW-300x134.png 300w, https:\/\/emea.technetix.com\/wp-content\/uploads\/sites\/2\/2024\/07\/2024_VS_AW-1024x458.png 1024w, https:\/\/emea.technetix.com\/wp-content\/uploads\/sites\/2\/2024\/07\/2024_VS_AW-768x344.png 768w, https:\/\/emea.technetix.com\/wp-content\/uploads\/sites\/2\/2024\/07\/2024_VS_AW-1536x687.png 1536w, https:\/\/emea.technetix.com\/wp-content\/uploads\/sites\/2\/2024\/07\/2024_VS_AW-600x268.png 600w\" sizes=\"auto, (max-width: 1911px) 100vw, 1911px\" \/><\/figure>\n\n\n\n<figure class=\"wp-block-image size-large\"><a href=\"https:\/\/emea.technetix.com\/wp-content\/uploads\/sites\/2\/2024\/07\/2024_SPECTRUM_4GHz_AW-1024x217.png\"><img loading=\"lazy\" decoding=\"async\" width=\"1024\" height=\"217\" src=\"https:\/\/emea.technetix.com\/wp-content\/uploads\/sites\/2\/2024\/07\/2024_SPECTRUM_4GHz_AW-1024x217.png\" alt=\"Image of spectrum 4GHz AW\" class=\"wp-image-471020\" srcset=\"https:\/\/emea.technetix.com\/wp-content\/uploads\/sites\/2\/2024\/07\/2024_SPECTRUM_4GHz_AW-1024x217.png 1024w, https:\/\/emea.technetix.com\/wp-content\/uploads\/sites\/2\/2024\/07\/2024_SPECTRUM_4GHz_AW-300x64.png 300w, https:\/\/emea.technetix.com\/wp-content\/uploads\/sites\/2\/2024\/07\/2024_SPECTRUM_4GHz_AW-768x163.png 768w, https:\/\/emea.technetix.com\/wp-content\/uploads\/sites\/2\/2024\/07\/2024_SPECTRUM_4GHz_AW-1536x326.png 1536w, https:\/\/emea.technetix.com\/wp-content\/uploads\/sites\/2\/2024\/07\/2024_SPECTRUM_4GHz_AW-600x127.png 600w, https:\/\/emea.technetix.com\/wp-content\/uploads\/sites\/2\/2024\/07\/2024_SPECTRUM_4GHz_AW.png 1911w\" sizes=\"auto, (max-width: 1024px) 100vw, 1024px\" \/><\/a><\/figure>\n\n\n\n<h2 class=\"gb-headline gb-headline-6b17d0fd gb-headline-text gb-headline-h2-in-content\">Soluci\u00f3n &#8211; Virtual Segmentation\u2122<\/h2>\n\n\n\n<p class=\"gb-headline gb-headline-623f5b86 gb-headline-text\">La soluci\u00f3n de segmentaci\u00f3n virtual de Technetix\u2122 proporciona ancho de banda adicional en el cable coaxial existente para alimentar un dispositivo PHY remoto (RPD) sin implementar fibra en el nuevo sitio de segmentaci\u00f3n. Segmentaci\u00f3n virtual\u2122 permite a los operadores superponer ancho de banda adicional en una infraestructura coaxial existente para que se pueda implementar un RPD sin fibra. <\/p>\n\n\n\n<p class=\"gb-headline gb-headline-aecea58e gb-headline-text\">Beneficios:<\/p>\n\n\n\n<ul class=\"wp-block-list\">\n<li>Se conserva la infraestructura existente: segmentaci\u00f3n virtual\u2122 es un complemento<\/li>\n\n\n\n<li>Rentable<\/li>\n\n\n\n<li>Crecimiento futuro del ancho de banda<\/li>\n<\/ul>\n\n\n\n<figure class=\"gb-block-image gb-block-image-6c544550\"><img loading=\"lazy\" decoding=\"async\" width=\"800\" height=\"306\" class=\"gb-image gb-image-6c544550\" src=\"https:\/\/emea.technetix.com\/wp-content\/uploads\/sites\/2\/2023\/01\/awards-logo-new.png\" alt=\"Segmentaci\u00f3n virtual\u2122 permite a los operadores superponer ancho de banda adicional en una infraestructura coaxial existente para que se pueda implementar un RPD sin fibra.\" srcset=\"https:\/\/emea.technetix.com\/wp-content\/uploads\/sites\/2\/2023\/01\/awards-logo-new.png 800w, https:\/\/emea.technetix.com\/wp-content\/uploads\/sites\/2\/2023\/01\/awards-logo-new-300x115.png 300w, https:\/\/emea.technetix.com\/wp-content\/uploads\/sites\/2\/2023\/01\/awards-logo-new-768x294.png 768w, https:\/\/emea.technetix.com\/wp-content\/uploads\/sites\/2\/2023\/01\/awards-logo-new-600x230.png 600w\" sizes=\"auto, (max-width: 800px) 100vw, 800px\" \/><\/figure>\n\n<\/div>\n\n<div class=\"gb-container gb-container-6bfac31a gb-container-con-buttons-bottom\">\n\n<h2 class=\"gb-headline gb-headline-7ce6fa4b gb-headline-text gb-headline-head-bottom-buttons\">Enlaces de inter\u00e9s<\/h2>\n\n\n<div class=\"gb-button-wrapper gb-button-wrapper-5300c273 gb-button-wrapper-after-con-buttons\">\n\n<a class=\"gb-button gb-button-ff3bad62 gb-button-text gb-button-bottom-button\" href=\"https:\/\/emea.technetix.com\/wp-content\/uploads\/sites\/2\/2023\/01\/Virtual-Segmentation-leaflet_BRC_EN.pdf\" target=\"_blank\" rel=\"noopener noreferrer\">Leaflet<\/a>\n\n\n\n<a class=\"gb-button gb-button-e7a0fe73 gb-button-text gb-button-bottom-button\" href=\"https:\/\/emea.technetix.com\/wp-content\/uploads\/sites\/2\/2024\/07\/Virtual-Segmentation_WP_EN_V11.pdf\" target=\"_blank\" rel=\"noopener noreferrer\">Ficha de producto<\/a>\n\n\n\n<a class=\"gb-button gb-button-74bfad52 gb-button-text gb-button-bottom-button\" href=\"https:\/\/emea.technetix.com\/es\/contactenos\/\">Cont\u00e1ctenos<\/a>\n\n<\/div>\n<\/div>","protected":false},"excerpt":{"rendered":"<p>Virtual Segmentation Transforme su red con el transporte Ethernet a trav\u00e9s de Coax. Virtual SegmentationTM permite el despliegue de hasta 10 Gbps sim\u00e9tricos sobre el cable coaxial existente. Aplicaciones como R-PHY\/R-MACPHY, backhaul m\u00f3vil, servicios sim\u00e9tricos\/empresariales, aplicaciones de Smart City y servicios Wi-Fi de alta velocidad son compatibles con virtual Segmentation. Esencialmente, cualquier escenario que requiera &#8230; <a title=\"Virtual Segmentation\" class=\"read-more\" href=\"https:\/\/emea.technetix.com\/es\/redes-hfc\/virtual-segmentation\/\" aria-label=\"Leer m\u00e1s sobre Virtual Segmentation\">Read more<\/a><\/p>\n","protected":false},"author":1,"featured_media":646,"parent":7120,"menu_order":0,"comment_status":"closed","ping_status":"closed","template":"","meta":{"_acf_changed":false,"_gspb_post_css":"","footnotes":""},"class_list":["post-7110","page","type-page","status-publish","has-post-thumbnail"],"yoast_head":"<!-- This site is optimized with the Yoast SEO Premium plugin v22.5 (Yoast SEO v27.3) - https:\/\/yoast.com\/product\/yoast-seo-premium-wordpress\/ -->\n<title>Virtual Segmentation - Technetix EMEA<\/title>\n<meta name=\"robots\" content=\"index, follow, max-snippet:-1, max-image-preview:large, max-video-preview:-1\" \/>\n<link rel=\"canonical\" href=\"https:\/\/emea.technetix.com\/es\/redes-hfc\/virtual-segmentation\/\" \/>\n<meta property=\"og:locale\" content=\"es_ES\" \/>\n<meta property=\"og:type\" content=\"article\" \/>\n<meta property=\"og:title\" content=\"Virtual Segmentation - Technetix EMEA\" \/>\n<meta property=\"og:description\" content=\"Virtual Segmentation Transforme su red con el transporte Ethernet a trav\u00e9s de Coax. Virtual SegmentationTM permite el despliegue de hasta 10 Gbps sim\u00e9tricos sobre el cable coaxial existente. Aplicaciones como R-PHY\/R-MACPHY, backhaul m\u00f3vil, servicios sim\u00e9tricos\/empresariales, aplicaciones de Smart City y servicios Wi-Fi de alta velocidad son compatibles con virtual Segmentation. Esencialmente, cualquier escenario que requiera ... Read more\" \/>\n<meta property=\"og:url\" content=\"https:\/\/emea.technetix.com\/es\/redes-hfc\/virtual-segmentation\/\" \/>\n<meta property=\"og:site_name\" content=\"Technetix EMEA\" \/>\n<meta property=\"article:modified_time\" content=\"2024-07-16T13:29:56+00:00\" \/>\n<meta property=\"og:image\" content=\"https:\/\/emea.technetix.com\/wp-content\/uploads\/sites\/2\/2023\/01\/PRODUCTS_LARGE_VS_FINAL-1.jpg\" \/>\n\t<meta property=\"og:image:width\" content=\"1920\" \/>\n\t<meta property=\"og:image:height\" content=\"450\" \/>\n\t<meta property=\"og:image:type\" content=\"image\/jpeg\" \/>\n<meta name=\"twitter:card\" content=\"summary_large_image\" \/>\n<meta name=\"twitter:site\" content=\"@technetixgroup\" \/>\n<meta name=\"twitter:label1\" content=\"Tiempo de lectura\" \/>\n\t<meta name=\"twitter:data1\" content=\"2 minutos\" \/>\n<script type=\"application\/ld+json\" class=\"yoast-schema-graph\">{\"@context\":\"https:\\\/\\\/schema.org\",\"@graph\":[{\"@type\":\"WebPage\",\"@id\":\"https:\\\/\\\/emea.technetix.com\\\/es\\\/redes-hfc\\\/virtual-segmentation\\\/\",\"url\":\"https:\\\/\\\/emea.technetix.com\\\/es\\\/redes-hfc\\\/virtual-segmentation\\\/\",\"name\":\"Virtual Segmentation - Technetix EMEA\",\"isPartOf\":{\"@id\":\"https:\\\/\\\/emea.technetix.com\\\/es\\\/#website\"},\"primaryImageOfPage\":{\"@id\":\"https:\\\/\\\/emea.technetix.com\\\/es\\\/redes-hfc\\\/virtual-segmentation\\\/#primaryimage\"},\"image\":{\"@id\":\"https:\\\/\\\/emea.technetix.com\\\/es\\\/redes-hfc\\\/virtual-segmentation\\\/#primaryimage\"},\"thumbnailUrl\":\"https:\\\/\\\/emea.technetix.com\\\/wp-content\\\/uploads\\\/sites\\\/2\\\/2023\\\/01\\\/PRODUCTS_LARGE_VS_FINAL-1.jpg\",\"datePublished\":\"2023-01-19T19:15:07+00:00\",\"dateModified\":\"2024-07-16T13:29:56+00:00\",\"breadcrumb\":{\"@id\":\"https:\\\/\\\/emea.technetix.com\\\/es\\\/redes-hfc\\\/virtual-segmentation\\\/#breadcrumb\"},\"inLanguage\":\"es\",\"potentialAction\":[{\"@type\":\"ReadAction\",\"target\":[\"https:\\\/\\\/emea.technetix.com\\\/es\\\/redes-hfc\\\/virtual-segmentation\\\/\"]}]},{\"@type\":\"ImageObject\",\"inLanguage\":\"es\",\"@id\":\"https:\\\/\\\/emea.technetix.com\\\/es\\\/redes-hfc\\\/virtual-segmentation\\\/#primaryimage\",\"url\":\"https:\\\/\\\/emea.technetix.com\\\/wp-content\\\/uploads\\\/sites\\\/2\\\/2023\\\/01\\\/PRODUCTS_LARGE_VS_FINAL-1.jpg\",\"contentUrl\":\"https:\\\/\\\/emea.technetix.com\\\/wp-content\\\/uploads\\\/sites\\\/2\\\/2023\\\/01\\\/PRODUCTS_LARGE_VS_FINAL-1.jpg\",\"width\":1920,\"height\":450},{\"@type\":\"BreadcrumbList\",\"@id\":\"https:\\\/\\\/emea.technetix.com\\\/es\\\/redes-hfc\\\/virtual-segmentation\\\/#breadcrumb\",\"itemListElement\":[{\"@type\":\"ListItem\",\"position\":1,\"name\":\"Home\",\"item\":\"https:\\\/\\\/emea.technetix.com\\\/es\\\/\"},{\"@type\":\"ListItem\",\"position\":2,\"name\":\"Banda ancha de cable\",\"item\":\"https:\\\/\\\/emea.technetix.com\\\/es\\\/redes-hfc\\\/\"},{\"@type\":\"ListItem\",\"position\":3,\"name\":\"Virtual Segmentation\"}]},{\"@type\":\"WebSite\",\"@id\":\"https:\\\/\\\/emea.technetix.com\\\/es\\\/#website\",\"url\":\"https:\\\/\\\/emea.technetix.com\\\/es\\\/\",\"name\":\"Technetix\",\"description\":\"Next-generation broadband equipment engineering\",\"publisher\":{\"@id\":\"https:\\\/\\\/emea.technetix.com\\\/es\\\/#organization\"},\"potentialAction\":[{\"@type\":\"SearchAction\",\"target\":{\"@type\":\"EntryPoint\",\"urlTemplate\":\"https:\\\/\\\/emea.technetix.com\\\/es\\\/?s={search_term_string}\"},\"query-input\":{\"@type\":\"PropertyValueSpecification\",\"valueRequired\":true,\"valueName\":\"search_term_string\"}}],\"inLanguage\":\"es\"},{\"@type\":\"Organization\",\"@id\":\"https:\\\/\\\/emea.technetix.com\\\/es\\\/#organization\",\"name\":\"Technetix\",\"url\":\"https:\\\/\\\/emea.technetix.com\\\/es\\\/\",\"logo\":{\"@type\":\"ImageObject\",\"inLanguage\":\"es\",\"@id\":\"https:\\\/\\\/emea.technetix.com\\\/es\\\/#\\\/schema\\\/logo\\\/image\\\/\",\"url\":\"https:\\\/\\\/emea.technetix.com\\\/wp-content\\\/uploads\\\/sites\\\/2\\\/2023\\\/06\\\/logo-Technetix-1000x1000-1.png\",\"contentUrl\":\"https:\\\/\\\/emea.technetix.com\\\/wp-content\\\/uploads\\\/sites\\\/2\\\/2023\\\/06\\\/logo-Technetix-1000x1000-1.png\",\"width\":1000,\"height\":1000,\"caption\":\"Technetix\"},\"image\":{\"@id\":\"https:\\\/\\\/emea.technetix.com\\\/es\\\/#\\\/schema\\\/logo\\\/image\\\/\"},\"sameAs\":[\"https:\\\/\\\/x.com\\\/technetixgroup\",\"https:\\\/\\\/www.linkedin.com\\\/company\\\/technetix\\\/\",\"https:\\\/\\\/www.youtube.com\\\/c\\\/Technetix-group\"]}]}<\/script>\n<!-- \/ Yoast SEO Premium plugin. -->","yoast_head_json":{"title":"Virtual Segmentation - Technetix EMEA","robots":{"index":"index","follow":"follow","max-snippet":"max-snippet:-1","max-image-preview":"max-image-preview:large","max-video-preview":"max-video-preview:-1"},"canonical":"https:\/\/emea.technetix.com\/es\/redes-hfc\/virtual-segmentation\/","og_locale":"es_ES","og_type":"article","og_title":"Virtual Segmentation - Technetix EMEA","og_description":"Virtual Segmentation Transforme su red con el transporte Ethernet a trav\u00e9s de Coax. Virtual SegmentationTM permite el despliegue de hasta 10 Gbps sim\u00e9tricos sobre el cable coaxial existente. Aplicaciones como R-PHY\/R-MACPHY, backhaul m\u00f3vil, servicios sim\u00e9tricos\/empresariales, aplicaciones de Smart City y servicios Wi-Fi de alta velocidad son compatibles con virtual Segmentation. Esencialmente, cualquier escenario que requiera ... Read more","og_url":"https:\/\/emea.technetix.com\/es\/redes-hfc\/virtual-segmentation\/","og_site_name":"Technetix EMEA","article_modified_time":"2024-07-16T13:29:56+00:00","og_image":[{"width":1920,"height":450,"url":"https:\/\/emea.technetix.com\/wp-content\/uploads\/sites\/2\/2023\/01\/PRODUCTS_LARGE_VS_FINAL-1.jpg","type":"image\/jpeg"}],"twitter_card":"summary_large_image","twitter_site":"@technetixgroup","twitter_misc":{"Tiempo de lectura":"2 minutos"},"schema":{"@context":"https:\/\/schema.org","@graph":[{"@type":"WebPage","@id":"https:\/\/emea.technetix.com\/es\/redes-hfc\/virtual-segmentation\/","url":"https:\/\/emea.technetix.com\/es\/redes-hfc\/virtual-segmentation\/","name":"Virtual Segmentation - Technetix EMEA","isPartOf":{"@id":"https:\/\/emea.technetix.com\/es\/#website"},"primaryImageOfPage":{"@id":"https:\/\/emea.technetix.com\/es\/redes-hfc\/virtual-segmentation\/#primaryimage"},"image":{"@id":"https:\/\/emea.technetix.com\/es\/redes-hfc\/virtual-segmentation\/#primaryimage"},"thumbnailUrl":"https:\/\/emea.technetix.com\/wp-content\/uploads\/sites\/2\/2023\/01\/PRODUCTS_LARGE_VS_FINAL-1.jpg","datePublished":"2023-01-19T19:15:07+00:00","dateModified":"2024-07-16T13:29:56+00:00","breadcrumb":{"@id":"https:\/\/emea.technetix.com\/es\/redes-hfc\/virtual-segmentation\/#breadcrumb"},"inLanguage":"es","potentialAction":[{"@type":"ReadAction","target":["https:\/\/emea.technetix.com\/es\/redes-hfc\/virtual-segmentation\/"]}]},{"@type":"ImageObject","inLanguage":"es","@id":"https:\/\/emea.technetix.com\/es\/redes-hfc\/virtual-segmentation\/#primaryimage","url":"https:\/\/emea.technetix.com\/wp-content\/uploads\/sites\/2\/2023\/01\/PRODUCTS_LARGE_VS_FINAL-1.jpg","contentUrl":"https:\/\/emea.technetix.com\/wp-content\/uploads\/sites\/2\/2023\/01\/PRODUCTS_LARGE_VS_FINAL-1.jpg","width":1920,"height":450},{"@type":"BreadcrumbList","@id":"https:\/\/emea.technetix.com\/es\/redes-hfc\/virtual-segmentation\/#breadcrumb","itemListElement":[{"@type":"ListItem","position":1,"name":"Home","item":"https:\/\/emea.technetix.com\/es\/"},{"@type":"ListItem","position":2,"name":"Banda ancha de cable","item":"https:\/\/emea.technetix.com\/es\/redes-hfc\/"},{"@type":"ListItem","position":3,"name":"Virtual Segmentation"}]},{"@type":"WebSite","@id":"https:\/\/emea.technetix.com\/es\/#website","url":"https:\/\/emea.technetix.com\/es\/","name":"Technetix","description":"Next-generation broadband equipment engineering","publisher":{"@id":"https:\/\/emea.technetix.com\/es\/#organization"},"potentialAction":[{"@type":"SearchAction","target":{"@type":"EntryPoint","urlTemplate":"https:\/\/emea.technetix.com\/es\/?s={search_term_string}"},"query-input":{"@type":"PropertyValueSpecification","valueRequired":true,"valueName":"search_term_string"}}],"inLanguage":"es"},{"@type":"Organization","@id":"https:\/\/emea.technetix.com\/es\/#organization","name":"Technetix","url":"https:\/\/emea.technetix.com\/es\/","logo":{"@type":"ImageObject","inLanguage":"es","@id":"https:\/\/emea.technetix.com\/es\/#\/schema\/logo\/image\/","url":"https:\/\/emea.technetix.com\/wp-content\/uploads\/sites\/2\/2023\/06\/logo-Technetix-1000x1000-1.png","contentUrl":"https:\/\/emea.technetix.com\/wp-content\/uploads\/sites\/2\/2023\/06\/logo-Technetix-1000x1000-1.png","width":1000,"height":1000,"caption":"Technetix"},"image":{"@id":"https:\/\/emea.technetix.com\/es\/#\/schema\/logo\/image\/"},"sameAs":["https:\/\/x.com\/technetixgroup","https:\/\/www.linkedin.com\/company\/technetix\/","https:\/\/www.youtube.com\/c\/Technetix-group"]}]}},"acf":[],"publishpress_future_workflow_manual_trigger":{"enabledWorkflows":[]},"_links":{"self":[{"href":"https:\/\/emea.technetix.com\/es\/wp-json\/wp\/v2\/pages\/7110","targetHints":{"allow":["GET"]}}],"collection":[{"href":"https:\/\/emea.technetix.com\/es\/wp-json\/wp\/v2\/pages"}],"about":[{"href":"https:\/\/emea.technetix.com\/es\/wp-json\/wp\/v2\/types\/page"}],"author":[{"embeddable":true,"href":"https:\/\/emea.technetix.com\/es\/wp-json\/wp\/v2\/users\/1"}],"replies":[{"embeddable":true,"href":"https:\/\/emea.technetix.com\/es\/wp-json\/wp\/v2\/comments?post=7110"}],"version-history":[{"count":0,"href":"https:\/\/emea.technetix.com\/es\/wp-json\/wp\/v2\/pages\/7110\/revisions"}],"up":[{"embeddable":true,"href":"https:\/\/emea.technetix.com\/es\/wp-json\/wp\/v2\/pages\/7120"}],"wp:featuredmedia":[{"embeddable":true,"href":"https:\/\/emea.technetix.com\/es\/wp-json\/wp\/v2\/media\/646"}],"wp:attachment":[{"href":"https:\/\/emea.technetix.com\/es\/wp-json\/wp\/v2\/media?parent=7110"}],"curies":[{"name":"wp","href":"https:\/\/api.w.org\/{rel}","templated":true}]}}