{"id":558963,"date":"2024-08-09T13:49:00","date_gmt":"2024-08-09T13:49:00","guid":{"rendered":"https:\/\/emea.technetix.com\/soluciones-de-alimentacion\/fuentes-de-alimentacion-ups-de-red\/480-900-1350-va-quasi-square-wave-network-non-standby-power-supplies-lbns-ps6090\/"},"modified":"2026-03-02T08:35:49","modified_gmt":"2026-03-02T08:35:49","slug":"480-900-1350-va-quasi-square-wave-network-non-standby-power-supplies-lbns-ps6090","status":"publish","type":"page","link":"https:\/\/emea.technetix.com\/es\/soluciones-de-alimentacion\/fuentes-de-alimentacion-ups-de-red\/480-900-1350-va-quasi-square-wave-network-non-standby-power-supplies-lbns-ps6090\/","title":{"rendered":"Fuentes de alimentaci\u00f3n de red de onda cuasi cuadrada de 480, 900 y 1350 VA (TXNS-PS6090)"},"content":{"rendered":"<div class=\"gb-container gb-container-a2efb66f gb-container-wide-back-page-con\" id=\"content\">\n<div class=\"gb-grid-wrapper gb-grid-wrapper-5efcc144\">\n<div class=\"gb-grid-column gb-grid-column-6e2f42ae\"><div class=\"gb-container gb-container-6e2f42ae\" id=\"image-col\"><div class=\"gb-inside-container\">\n\n<figure class=\"gb-block-image gb-block-image-61e35e7d\"><img loading=\"lazy\" decoding=\"async\" width=\"1000\" height=\"1000\" class=\"gb-image gb-image-61e35e7d\" src=\"https:\/\/emea.technetix.com\/wp-content\/uploads\/sites\/2\/2025\/11\/00000000_TXNS-PS_PRFL_07-1.jpg\" alt=\"\" title=\"00000000_TXNS-PS_PRFL_07 (1)\" srcset=\"https:\/\/emea.technetix.com\/wp-content\/uploads\/sites\/2\/2025\/11\/00000000_TXNS-PS_PRFL_07-1.jpg 1000w, https:\/\/emea.technetix.com\/wp-content\/uploads\/sites\/2\/2025\/11\/00000000_TXNS-PS_PRFL_07-1-300x300.jpg 300w, https:\/\/emea.technetix.com\/wp-content\/uploads\/sites\/2\/2025\/11\/00000000_TXNS-PS_PRFL_07-1-150x150.jpg 150w, https:\/\/emea.technetix.com\/wp-content\/uploads\/sites\/2\/2025\/11\/00000000_TXNS-PS_PRFL_07-1-768x768.jpg 768w, https:\/\/emea.technetix.com\/wp-content\/uploads\/sites\/2\/2025\/11\/00000000_TXNS-PS_PRFL_07-1-600x600.jpg 600w, https:\/\/emea.technetix.com\/wp-content\/uploads\/sites\/2\/2025\/11\/00000000_TXNS-PS_PRFL_07-1-100x100.jpg 100w\" sizes=\"auto, (max-width: 1000px) 100vw, 1000px\" \/><\/figure>\n\n<\/div><\/div><\/div>\n\n<div class=\"gb-grid-column gb-grid-column-cb46cc96\"><div class=\"gb-container gb-container-cb46cc96\" id=\"content-col\"><div class=\"gb-inside-container\">\n<h2 class=\"gb-headline gb-headline-d02c52e4 gb-headline-text\">Fuentes de alimentaci\u00f3n de red de onda cuasi cuadrada de 480, 900 y 1350 VA (TXNS-PS6090)<\/h2>\n\n\n<p>La serie LBNS-PS de Technetix de fuentes de alimentaci\u00f3n de onda cuasi cuadrada son resistentes, confiables y eficientes. Han sido dise\u00f1adas para soportar las condiciones ambientales m\u00e1s duras. Estas fuentes de alimentaci\u00f3n proporcionan energ\u00eda sobre red coaxial (HFC) de onda cuasi cuadrada totalmente regulada, limpia y confiable mediante la tecnolog\u00eda ferroresonante de voltaje constante tradicional, todo a un precio asequible.  <\/p>\n\n<\/div><\/div><\/div>\n<\/div>\n<\/div>\n\n<div class=\"gb-container gb-container-e4a86c09 gb-container-con-buttons-bottom\" id=\"buttons\">\n\n<h2 class=\"gb-headline gb-headline-7ce6fa4b gb-headline-text gb-headline-head-bottom-buttons\">Enlaces \u00fatiles<\/h2>\n\n\n<div class=\"gb-button-wrapper gb-button-wrapper-5300c273 gb-button-wrapper-after-content-buttons\">\n\n<a class=\"gb-button gb-button-74bfad52 gb-button-text gb-button-bottom-button\" href=\"https:\/\/emea.technetix.com\/wp-content\/uploads\/sites\/2\/2026\/03\/19016404_TXNS-PS_series_V6_DS_EN.pdf\">Ficha t\u00e9cnica<\/a>\n\n\n\n<a class=\"gb-button gb-button-232d8d60 gb-button-text gb-button-bottom-button\" href=\"https:\/\/emea.technetix.com\/es\/contactenos\/\">Cont\u00e1ctenos<\/a>\n\n<\/div>\n<\/div>","protected":false},"excerpt":{"rendered":"<p>Enlaces \u00fatiles<\/p>\n","protected":false},"author":21,"featured_media":0,"parent":288642,"menu_order":0,"comment_status":"closed","ping_status":"closed","template":"","meta":{"_acf_changed":false,"_gspb_post_css":"","footnotes":""},"class_list":["post-558963","page","type-page","status-publish"],"yoast_head":"<!-- This site is optimized with the Yoast SEO Premium plugin v22.5 (Yoast SEO v27.4) - https:\/\/yoast.com\/product\/yoast-seo-premium-wordpress\/ -->\n<title>Fuentes de alimentaci\u00f3n de red de onda cuasi cuadrada de 480, 900 y 1350 VA (TXNS-PS6090) - Technetix EMEA<\/title>\n<meta name=\"robots\" content=\"index, follow, max-snippet:-1, max-image-preview:large, max-video-preview:-1\" \/>\n<link rel=\"canonical\" href=\"https:\/\/emea.technetix.com\/es\/soluciones-de-alimentacion\/fuentes-de-alimentacion-ups-de-red\/480-900-1350-va-quasi-square-wave-network-non-standby-power-supplies-lbns-ps6090\/\" \/>\n<meta property=\"og:locale\" content=\"es_ES\" \/>\n<meta property=\"og:type\" content=\"article\" \/>\n<meta property=\"og:title\" content=\"Fuentes de alimentaci\u00f3n de red de onda cuasi cuadrada de 480, 900 y 1350 VA (TXNS-PS6090) - Technetix EMEA\" \/>\n<meta property=\"og:description\" content=\"Enlaces \u00fatiles\" \/>\n<meta property=\"og:url\" content=\"https:\/\/emea.technetix.com\/es\/soluciones-de-alimentacion\/fuentes-de-alimentacion-ups-de-red\/480-900-1350-va-quasi-square-wave-network-non-standby-power-supplies-lbns-ps6090\/\" \/>\n<meta property=\"og:site_name\" content=\"Technetix EMEA\" \/>\n<meta property=\"article:modified_time\" content=\"2026-03-02T08:35:49+00:00\" \/>\n<meta property=\"og:image\" content=\"https:\/\/emea.technetix.com\/wp-content\/uploads\/sites\/2\/2025\/11\/00000000_TXNS-PS_PRFL_07-1.jpg\" \/>\n<meta name=\"twitter:card\" content=\"summary_large_image\" \/>\n<meta name=\"twitter:site\" content=\"@technetixgroup\" \/>\n<meta name=\"twitter:label1\" content=\"Tiempo de lectura\" \/>\n\t<meta name=\"twitter:data1\" content=\"1 minuto\" \/>\n<script type=\"application\/ld+json\" class=\"yoast-schema-graph\">{\"@context\":\"https:\\\/\\\/schema.org\",\"@graph\":[{\"@type\":\"WebPage\",\"@id\":\"https:\\\/\\\/emea.technetix.com\\\/es\\\/soluciones-de-alimentacion\\\/fuentes-de-alimentacion-ups-de-red\\\/480-900-1350-va-quasi-square-wave-network-non-standby-power-supplies-lbns-ps6090\\\/\",\"url\":\"https:\\\/\\\/emea.technetix.com\\\/es\\\/soluciones-de-alimentacion\\\/fuentes-de-alimentacion-ups-de-red\\\/480-900-1350-va-quasi-square-wave-network-non-standby-power-supplies-lbns-ps6090\\\/\",\"name\":\"Fuentes de alimentaci\u00f3n de red de onda cuasi cuadrada de 480, 900 y 1350 VA (TXNS-PS6090) - Technetix EMEA\",\"isPartOf\":{\"@id\":\"https:\\\/\\\/emea.technetix.com\\\/es\\\/#website\"},\"primaryImageOfPage\":{\"@id\":\"https:\\\/\\\/emea.technetix.com\\\/es\\\/soluciones-de-alimentacion\\\/fuentes-de-alimentacion-ups-de-red\\\/480-900-1350-va-quasi-square-wave-network-non-standby-power-supplies-lbns-ps6090\\\/#primaryimage\"},\"image\":{\"@id\":\"https:\\\/\\\/emea.technetix.com\\\/es\\\/soluciones-de-alimentacion\\\/fuentes-de-alimentacion-ups-de-red\\\/480-900-1350-va-quasi-square-wave-network-non-standby-power-supplies-lbns-ps6090\\\/#primaryimage\"},\"thumbnailUrl\":\"https:\\\/\\\/emea.technetix.com\\\/wp-content\\\/uploads\\\/sites\\\/2\\\/2025\\\/11\\\/00000000_TXNS-PS_PRFL_07-1.jpg\",\"datePublished\":\"2024-08-09T13:49:00+00:00\",\"dateModified\":\"2026-03-02T08:35:49+00:00\",\"breadcrumb\":{\"@id\":\"https:\\\/\\\/emea.technetix.com\\\/es\\\/soluciones-de-alimentacion\\\/fuentes-de-alimentacion-ups-de-red\\\/480-900-1350-va-quasi-square-wave-network-non-standby-power-supplies-lbns-ps6090\\\/#breadcrumb\"},\"inLanguage\":\"es\",\"potentialAction\":[{\"@type\":\"ReadAction\",\"target\":[\"https:\\\/\\\/emea.technetix.com\\\/es\\\/soluciones-de-alimentacion\\\/fuentes-de-alimentacion-ups-de-red\\\/480-900-1350-va-quasi-square-wave-network-non-standby-power-supplies-lbns-ps6090\\\/\"]}]},{\"@type\":\"ImageObject\",\"inLanguage\":\"es\",\"@id\":\"https:\\\/\\\/emea.technetix.com\\\/es\\\/soluciones-de-alimentacion\\\/fuentes-de-alimentacion-ups-de-red\\\/480-900-1350-va-quasi-square-wave-network-non-standby-power-supplies-lbns-ps6090\\\/#primaryimage\",\"url\":\"https:\\\/\\\/emea.technetix.com\\\/wp-content\\\/uploads\\\/sites\\\/2\\\/2025\\\/11\\\/00000000_TXNS-PS_PRFL_07-1.jpg\",\"contentUrl\":\"https:\\\/\\\/emea.technetix.com\\\/wp-content\\\/uploads\\\/sites\\\/2\\\/2025\\\/11\\\/00000000_TXNS-PS_PRFL_07-1.jpg\"},{\"@type\":\"BreadcrumbList\",\"@id\":\"https:\\\/\\\/emea.technetix.com\\\/es\\\/soluciones-de-alimentacion\\\/fuentes-de-alimentacion-ups-de-red\\\/480-900-1350-va-quasi-square-wave-network-non-standby-power-supplies-lbns-ps6090\\\/#breadcrumb\",\"itemListElement\":[{\"@type\":\"ListItem\",\"position\":1,\"name\":\"Home\",\"item\":\"https:\\\/\\\/emea.technetix.com\\\/es\\\/\"},{\"@type\":\"ListItem\",\"position\":2,\"name\":\"Soluciones de Alimentaci\u00f3n\",\"item\":\"https:\\\/\\\/emea.technetix.com\\\/es\\\/soluciones-de-alimentacion\\\/\"},{\"@type\":\"ListItem\",\"position\":3,\"name\":\"Fuentes de alimentaci\u00f3n UPS de red\",\"item\":\"https:\\\/\\\/emea.technetix.com\\\/es\\\/soluciones-de-alimentacion\\\/fuentes-de-alimentacion-ups-de-red\\\/\"},{\"@type\":\"ListItem\",\"position\":4,\"name\":\"Fuentes de alimentaci\u00f3n de red de onda cuasi cuadrada de 480, 900 y 1350 VA (TXNS-PS6090)\"}]},{\"@type\":\"WebSite\",\"@id\":\"https:\\\/\\\/emea.technetix.com\\\/es\\\/#website\",\"url\":\"https:\\\/\\\/emea.technetix.com\\\/es\\\/\",\"name\":\"Technetix\",\"description\":\"Next-generation broadband equipment engineering\",\"publisher\":{\"@id\":\"https:\\\/\\\/emea.technetix.com\\\/es\\\/#organization\"},\"potentialAction\":[{\"@type\":\"SearchAction\",\"target\":{\"@type\":\"EntryPoint\",\"urlTemplate\":\"https:\\\/\\\/emea.technetix.com\\\/es\\\/?s={search_term_string}\"},\"query-input\":{\"@type\":\"PropertyValueSpecification\",\"valueRequired\":true,\"valueName\":\"search_term_string\"}}],\"inLanguage\":\"es\"},{\"@type\":\"Organization\",\"@id\":\"https:\\\/\\\/emea.technetix.com\\\/es\\\/#organization\",\"name\":\"Technetix\",\"url\":\"https:\\\/\\\/emea.technetix.com\\\/es\\\/\",\"logo\":{\"@type\":\"ImageObject\",\"inLanguage\":\"es\",\"@id\":\"https:\\\/\\\/emea.technetix.com\\\/es\\\/#\\\/schema\\\/logo\\\/image\\\/\",\"url\":\"https:\\\/\\\/emea.technetix.com\\\/wp-content\\\/uploads\\\/sites\\\/2\\\/2023\\\/06\\\/logo-Technetix-1000x1000-1.png\",\"contentUrl\":\"https:\\\/\\\/emea.technetix.com\\\/wp-content\\\/uploads\\\/sites\\\/2\\\/2023\\\/06\\\/logo-Technetix-1000x1000-1.png\",\"width\":1000,\"height\":1000,\"caption\":\"Technetix\"},\"image\":{\"@id\":\"https:\\\/\\\/emea.technetix.com\\\/es\\\/#\\\/schema\\\/logo\\\/image\\\/\"},\"sameAs\":[\"https:\\\/\\\/x.com\\\/technetixgroup\",\"https:\\\/\\\/www.linkedin.com\\\/company\\\/technetix\\\/\",\"https:\\\/\\\/www.youtube.com\\\/c\\\/Technetix-group\"]}]}<\/script>\n<!-- \/ Yoast SEO Premium plugin. -->","yoast_head_json":{"title":"Fuentes de alimentaci\u00f3n de red de onda cuasi cuadrada de 480, 900 y 1350 VA (TXNS-PS6090) - Technetix EMEA","robots":{"index":"index","follow":"follow","max-snippet":"max-snippet:-1","max-image-preview":"max-image-preview:large","max-video-preview":"max-video-preview:-1"},"canonical":"https:\/\/emea.technetix.com\/es\/soluciones-de-alimentacion\/fuentes-de-alimentacion-ups-de-red\/480-900-1350-va-quasi-square-wave-network-non-standby-power-supplies-lbns-ps6090\/","og_locale":"es_ES","og_type":"article","og_title":"Fuentes de alimentaci\u00f3n de red de onda cuasi cuadrada de 480, 900 y 1350 VA (TXNS-PS6090) - Technetix EMEA","og_description":"Enlaces \u00fatiles","og_url":"https:\/\/emea.technetix.com\/es\/soluciones-de-alimentacion\/fuentes-de-alimentacion-ups-de-red\/480-900-1350-va-quasi-square-wave-network-non-standby-power-supplies-lbns-ps6090\/","og_site_name":"Technetix EMEA","article_modified_time":"2026-03-02T08:35:49+00:00","og_image":[{"url":"https:\/\/emea.technetix.com\/wp-content\/uploads\/sites\/2\/2025\/11\/00000000_TXNS-PS_PRFL_07-1.jpg","type":"","width":"","height":""}],"twitter_card":"summary_large_image","twitter_site":"@technetixgroup","twitter_misc":{"Tiempo de lectura":"1 minuto"},"schema":{"@context":"https:\/\/schema.org","@graph":[{"@type":"WebPage","@id":"https:\/\/emea.technetix.com\/es\/soluciones-de-alimentacion\/fuentes-de-alimentacion-ups-de-red\/480-900-1350-va-quasi-square-wave-network-non-standby-power-supplies-lbns-ps6090\/","url":"https:\/\/emea.technetix.com\/es\/soluciones-de-alimentacion\/fuentes-de-alimentacion-ups-de-red\/480-900-1350-va-quasi-square-wave-network-non-standby-power-supplies-lbns-ps6090\/","name":"Fuentes de alimentaci\u00f3n de red de onda cuasi cuadrada de 480, 900 y 1350 VA (TXNS-PS6090) - Technetix EMEA","isPartOf":{"@id":"https:\/\/emea.technetix.com\/es\/#website"},"primaryImageOfPage":{"@id":"https:\/\/emea.technetix.com\/es\/soluciones-de-alimentacion\/fuentes-de-alimentacion-ups-de-red\/480-900-1350-va-quasi-square-wave-network-non-standby-power-supplies-lbns-ps6090\/#primaryimage"},"image":{"@id":"https:\/\/emea.technetix.com\/es\/soluciones-de-alimentacion\/fuentes-de-alimentacion-ups-de-red\/480-900-1350-va-quasi-square-wave-network-non-standby-power-supplies-lbns-ps6090\/#primaryimage"},"thumbnailUrl":"https:\/\/emea.technetix.com\/wp-content\/uploads\/sites\/2\/2025\/11\/00000000_TXNS-PS_PRFL_07-1.jpg","datePublished":"2024-08-09T13:49:00+00:00","dateModified":"2026-03-02T08:35:49+00:00","breadcrumb":{"@id":"https:\/\/emea.technetix.com\/es\/soluciones-de-alimentacion\/fuentes-de-alimentacion-ups-de-red\/480-900-1350-va-quasi-square-wave-network-non-standby-power-supplies-lbns-ps6090\/#breadcrumb"},"inLanguage":"es","potentialAction":[{"@type":"ReadAction","target":["https:\/\/emea.technetix.com\/es\/soluciones-de-alimentacion\/fuentes-de-alimentacion-ups-de-red\/480-900-1350-va-quasi-square-wave-network-non-standby-power-supplies-lbns-ps6090\/"]}]},{"@type":"ImageObject","inLanguage":"es","@id":"https:\/\/emea.technetix.com\/es\/soluciones-de-alimentacion\/fuentes-de-alimentacion-ups-de-red\/480-900-1350-va-quasi-square-wave-network-non-standby-power-supplies-lbns-ps6090\/#primaryimage","url":"https:\/\/emea.technetix.com\/wp-content\/uploads\/sites\/2\/2025\/11\/00000000_TXNS-PS_PRFL_07-1.jpg","contentUrl":"https:\/\/emea.technetix.com\/wp-content\/uploads\/sites\/2\/2025\/11\/00000000_TXNS-PS_PRFL_07-1.jpg"},{"@type":"BreadcrumbList","@id":"https:\/\/emea.technetix.com\/es\/soluciones-de-alimentacion\/fuentes-de-alimentacion-ups-de-red\/480-900-1350-va-quasi-square-wave-network-non-standby-power-supplies-lbns-ps6090\/#breadcrumb","itemListElement":[{"@type":"ListItem","position":1,"name":"Home","item":"https:\/\/emea.technetix.com\/es\/"},{"@type":"ListItem","position":2,"name":"Soluciones de Alimentaci\u00f3n","item":"https:\/\/emea.technetix.com\/es\/soluciones-de-alimentacion\/"},{"@type":"ListItem","position":3,"name":"Fuentes de alimentaci\u00f3n UPS de red","item":"https:\/\/emea.technetix.com\/es\/soluciones-de-alimentacion\/fuentes-de-alimentacion-ups-de-red\/"},{"@type":"ListItem","position":4,"name":"Fuentes de alimentaci\u00f3n de red de onda cuasi cuadrada de 480, 900 y 1350 VA (TXNS-PS6090)"}]},{"@type":"WebSite","@id":"https:\/\/emea.technetix.com\/es\/#website","url":"https:\/\/emea.technetix.com\/es\/","name":"Technetix","description":"Next-generation broadband equipment engineering","publisher":{"@id":"https:\/\/emea.technetix.com\/es\/#organization"},"potentialAction":[{"@type":"SearchAction","target":{"@type":"EntryPoint","urlTemplate":"https:\/\/emea.technetix.com\/es\/?s={search_term_string}"},"query-input":{"@type":"PropertyValueSpecification","valueRequired":true,"valueName":"search_term_string"}}],"inLanguage":"es"},{"@type":"Organization","@id":"https:\/\/emea.technetix.com\/es\/#organization","name":"Technetix","url":"https:\/\/emea.technetix.com\/es\/","logo":{"@type":"ImageObject","inLanguage":"es","@id":"https:\/\/emea.technetix.com\/es\/#\/schema\/logo\/image\/","url":"https:\/\/emea.technetix.com\/wp-content\/uploads\/sites\/2\/2023\/06\/logo-Technetix-1000x1000-1.png","contentUrl":"https:\/\/emea.technetix.com\/wp-content\/uploads\/sites\/2\/2023\/06\/logo-Technetix-1000x1000-1.png","width":1000,"height":1000,"caption":"Technetix"},"image":{"@id":"https:\/\/emea.technetix.com\/es\/#\/schema\/logo\/image\/"},"sameAs":["https:\/\/x.com\/technetixgroup","https:\/\/www.linkedin.com\/company\/technetix\/","https:\/\/www.youtube.com\/c\/Technetix-group"]}]}},"acf":[],"publishpress_future_workflow_manual_trigger":{"enabledWorkflows":[]},"_links":{"self":[{"href":"https:\/\/emea.technetix.com\/es\/wp-json\/wp\/v2\/pages\/558963","targetHints":{"allow":["GET"]}}],"collection":[{"href":"https:\/\/emea.technetix.com\/es\/wp-json\/wp\/v2\/pages"}],"about":[{"href":"https:\/\/emea.technetix.com\/es\/wp-json\/wp\/v2\/types\/page"}],"author":[{"embeddable":true,"href":"https:\/\/emea.technetix.com\/es\/wp-json\/wp\/v2\/users\/21"}],"replies":[{"embeddable":true,"href":"https:\/\/emea.technetix.com\/es\/wp-json\/wp\/v2\/comments?post=558963"}],"version-history":[{"count":1,"href":"https:\/\/emea.technetix.com\/es\/wp-json\/wp\/v2\/pages\/558963\/revisions"}],"predecessor-version":[{"id":1297931,"href":"https:\/\/emea.technetix.com\/es\/wp-json\/wp\/v2\/pages\/558963\/revisions\/1297931"}],"up":[{"embeddable":true,"href":"https:\/\/emea.technetix.com\/es\/wp-json\/wp\/v2\/pages\/288642"}],"wp:attachment":[{"href":"https:\/\/emea.technetix.com\/es\/wp-json\/wp\/v2\/media?parent=558963"}],"curies":[{"name":"wp","href":"https:\/\/api.w.org\/{rel}","templated":true}]}}