{"id":306943,"date":"2023-12-14T14:37:04","date_gmt":"2023-12-14T14:37:04","guid":{"rendered":"https:\/\/emea.technetix.com\/soluciones-de-alimentacion\/fuentes-de-alimentacion-ups-de-red\/cabinet-exterior-de-montaje-en-poste-pared-para-fuentes-de-alimentacion-lpme\/"},"modified":"2024-03-11T11:20:37","modified_gmt":"2024-03-11T11:20:37","slug":"cabinet-exterior-de-montaje-en-poste-pared-para-fuentes-de-alimentacion-lpme","status":"publish","type":"page","link":"https:\/\/emea.technetix.com\/es\/soluciones-de-alimentacion\/fuentes-de-alimentacion-ups-de-red\/cabinet-exterior-de-montaje-en-poste-pared-para-fuentes-de-alimentacion-lpme\/","title":{"rendered":"Gabinete exterior de montaje en poste\/pared para fuentes de alimentaci\u00f3n (LPME)"},"content":{"rendered":"<div class=\"gb-container gb-container-a2efb66f gb-container-wide-back-page-con\" id=\"content\">\n<div class=\"gb-grid-wrapper gb-grid-wrapper-5efcc144\">\n<div class=\"gb-grid-column gb-grid-column-6e2f42ae\"><div class=\"gb-container gb-container-6e2f42ae\" id=\"image-col\"><div class=\"gb-inside-container\">\n\n<figure class=\"gb-block-image gb-block-image-61e35e7d\"><img loading=\"lazy\" decoding=\"async\" width=\"1000\" height=\"500\" class=\"gb-image gb-image-61e35e7d\" src=\"https:\/\/emea.technetix.com\/wp-content\/uploads\/sites\/2\/2023\/12\/0002_LPME_LBUPS-1.png\" alt=\"\" title=\"0002_LPME_LBUPS-1\" srcset=\"https:\/\/emea.technetix.com\/wp-content\/uploads\/sites\/2\/2023\/12\/0002_LPME_LBUPS-1.png 1000w, https:\/\/emea.technetix.com\/wp-content\/uploads\/sites\/2\/2023\/12\/0002_LPME_LBUPS-1-300x150.png 300w, https:\/\/emea.technetix.com\/wp-content\/uploads\/sites\/2\/2023\/12\/0002_LPME_LBUPS-1-768x384.png 768w, https:\/\/emea.technetix.com\/wp-content\/uploads\/sites\/2\/2023\/12\/0002_LPME_LBUPS-1-600x300.png 600w\" sizes=\"auto, (max-width: 1000px) 100vw, 1000px\" \/><\/figure>\n\n<\/div><\/div><\/div>\n\n<div class=\"gb-grid-column gb-grid-column-cb46cc96\"><div class=\"gb-container gb-container-cb46cc96\" id=\"content-col\"><div class=\"gb-inside-container\">\n<h2 class=\"gb-headline gb-headline-d02c52e4 gb-headline-text\">Gabinete exterior de montaje en poste\/pared para fuentes de alimentaci\u00f3n (LPME)<\/h2>\n\n\n<p> La serie LPME de cabinets para exteriores de Technetix ofrece excelentes opciones de instalaci\u00f3n en poste o en pared para la serie de fuentes de alimentaci\u00f3n LBUPS. Desde una aplicaci\u00f3n de una sola cadena con 3 bater\u00edas (LPME-3), hasta una aplicaci\u00f3n de doble cadena con 6 bater\u00edas (LPME-6) o una aplicaci\u00f3n de 3 cadenas y 9 bater\u00edas (LPME-9): esta serie de cabinets para exteriores satisface muchos requisitos de alimentaci\u00f3n de respaldo. <\/p>\n\n<\/div><\/div><\/div>\n<\/div>\n<\/div><div class=\"gb-container gb-container-e4a86c09 gb-container-con-buttons-bottom\" id=\"buttons\">\n\n<h2 class=\"gb-headline gb-headline-7ce6fa4b gb-headline-text gb-headline-head-bottom-buttons\">Enlaces de inter\u00e9s<\/h2>\n\n\n<div class=\"gb-button-wrapper gb-button-wrapper-5300c273 gb-button-wrapper-after-con-buttons\">\n\n<a class=\"gb-button gb-button-ff3bad62 gb-button-text gb-button-bottom-button\" href=\"https:\/\/emea.technetix.com\/es\/contactenos\/\" target=\"_blank\" rel=\"noopener noreferrer\">Cont\u00e1ctenos<\/a>\n\n<\/div>\n<\/div>","protected":false},"excerpt":{"rendered":"<p>Enlaces de inter\u00e9s<\/p>\n","protected":false},"author":21,"featured_media":0,"parent":288642,"menu_order":0,"comment_status":"closed","ping_status":"closed","template":"","meta":{"_acf_changed":false,"_gspb_post_css":"","footnotes":""},"class_list":["post-306943","page","type-page","status-publish"],"yoast_head":"<!-- This site is optimized with the Yoast SEO Premium plugin v22.5 (Yoast SEO v27.3) - https:\/\/yoast.com\/product\/yoast-seo-premium-wordpress\/ -->\n<title>Gabinete exterior de montaje en poste\/pared para fuentes de alimentaci\u00f3n (LPME) - Technetix EMEA<\/title>\n<meta name=\"robots\" content=\"index, follow, max-snippet:-1, max-image-preview:large, max-video-preview:-1\" \/>\n<link rel=\"canonical\" href=\"https:\/\/emea.technetix.com\/es\/soluciones-de-alimentacion\/fuentes-de-alimentacion-ups-de-red\/cabinet-exterior-de-montaje-en-poste-pared-para-fuentes-de-alimentacion-lpme\/\" \/>\n<meta property=\"og:locale\" content=\"es_ES\" \/>\n<meta property=\"og:type\" content=\"article\" \/>\n<meta property=\"og:title\" content=\"Gabinete exterior de montaje en poste\/pared para fuentes de alimentaci\u00f3n (LPME) - Technetix EMEA\" \/>\n<meta property=\"og:description\" content=\"Enlaces de inter\u00e9s\" \/>\n<meta property=\"og:url\" content=\"https:\/\/emea.technetix.com\/es\/soluciones-de-alimentacion\/fuentes-de-alimentacion-ups-de-red\/cabinet-exterior-de-montaje-en-poste-pared-para-fuentes-de-alimentacion-lpme\/\" \/>\n<meta property=\"og:site_name\" content=\"Technetix EMEA\" \/>\n<meta property=\"article:modified_time\" content=\"2024-03-11T11:20:37+00:00\" \/>\n<meta property=\"og:image\" content=\"https:\/\/emea.technetix.com\/wp-content\/uploads\/sites\/2\/2023\/12\/0002_LPME_LBUPS-1.png\" \/>\n<meta name=\"twitter:card\" content=\"summary_large_image\" \/>\n<meta name=\"twitter:site\" content=\"@technetixgroup\" \/>\n<script type=\"application\/ld+json\" class=\"yoast-schema-graph\">{\"@context\":\"https:\\\/\\\/schema.org\",\"@graph\":[{\"@type\":\"WebPage\",\"@id\":\"https:\\\/\\\/emea.technetix.com\\\/es\\\/soluciones-de-alimentacion\\\/fuentes-de-alimentacion-ups-de-red\\\/cabinet-exterior-de-montaje-en-poste-pared-para-fuentes-de-alimentacion-lpme\\\/\",\"url\":\"https:\\\/\\\/emea.technetix.com\\\/es\\\/soluciones-de-alimentacion\\\/fuentes-de-alimentacion-ups-de-red\\\/cabinet-exterior-de-montaje-en-poste-pared-para-fuentes-de-alimentacion-lpme\\\/\",\"name\":\"Gabinete exterior de montaje en poste\\\/pared para fuentes de alimentaci\u00f3n (LPME) - Technetix EMEA\",\"isPartOf\":{\"@id\":\"https:\\\/\\\/emea.technetix.com\\\/es\\\/#website\"},\"primaryImageOfPage\":{\"@id\":\"https:\\\/\\\/emea.technetix.com\\\/es\\\/soluciones-de-alimentacion\\\/fuentes-de-alimentacion-ups-de-red\\\/cabinet-exterior-de-montaje-en-poste-pared-para-fuentes-de-alimentacion-lpme\\\/#primaryimage\"},\"image\":{\"@id\":\"https:\\\/\\\/emea.technetix.com\\\/es\\\/soluciones-de-alimentacion\\\/fuentes-de-alimentacion-ups-de-red\\\/cabinet-exterior-de-montaje-en-poste-pared-para-fuentes-de-alimentacion-lpme\\\/#primaryimage\"},\"thumbnailUrl\":\"https:\\\/\\\/emea.technetix.com\\\/wp-content\\\/uploads\\\/sites\\\/2\\\/2023\\\/12\\\/0002_LPME_LBUPS-1.png\",\"datePublished\":\"2023-12-14T14:37:04+00:00\",\"dateModified\":\"2024-03-11T11:20:37+00:00\",\"breadcrumb\":{\"@id\":\"https:\\\/\\\/emea.technetix.com\\\/es\\\/soluciones-de-alimentacion\\\/fuentes-de-alimentacion-ups-de-red\\\/cabinet-exterior-de-montaje-en-poste-pared-para-fuentes-de-alimentacion-lpme\\\/#breadcrumb\"},\"inLanguage\":\"es\",\"potentialAction\":[{\"@type\":\"ReadAction\",\"target\":[\"https:\\\/\\\/emea.technetix.com\\\/es\\\/soluciones-de-alimentacion\\\/fuentes-de-alimentacion-ups-de-red\\\/cabinet-exterior-de-montaje-en-poste-pared-para-fuentes-de-alimentacion-lpme\\\/\"]}]},{\"@type\":\"ImageObject\",\"inLanguage\":\"es\",\"@id\":\"https:\\\/\\\/emea.technetix.com\\\/es\\\/soluciones-de-alimentacion\\\/fuentes-de-alimentacion-ups-de-red\\\/cabinet-exterior-de-montaje-en-poste-pared-para-fuentes-de-alimentacion-lpme\\\/#primaryimage\",\"url\":\"https:\\\/\\\/emea.technetix.com\\\/wp-content\\\/uploads\\\/sites\\\/2\\\/2023\\\/12\\\/0002_LPME_LBUPS-1.png\",\"contentUrl\":\"https:\\\/\\\/emea.technetix.com\\\/wp-content\\\/uploads\\\/sites\\\/2\\\/2023\\\/12\\\/0002_LPME_LBUPS-1.png\"},{\"@type\":\"BreadcrumbList\",\"@id\":\"https:\\\/\\\/emea.technetix.com\\\/es\\\/soluciones-de-alimentacion\\\/fuentes-de-alimentacion-ups-de-red\\\/cabinet-exterior-de-montaje-en-poste-pared-para-fuentes-de-alimentacion-lpme\\\/#breadcrumb\",\"itemListElement\":[{\"@type\":\"ListItem\",\"position\":1,\"name\":\"Home\",\"item\":\"https:\\\/\\\/emea.technetix.com\\\/es\\\/\"},{\"@type\":\"ListItem\",\"position\":2,\"name\":\"Soluciones de Alimentaci\u00f3n\",\"item\":\"https:\\\/\\\/emea.technetix.com\\\/es\\\/soluciones-de-alimentacion\\\/\"},{\"@type\":\"ListItem\",\"position\":3,\"name\":\"Fuentes de alimentaci\u00f3n UPS de red\",\"item\":\"https:\\\/\\\/emea.technetix.com\\\/es\\\/soluciones-de-alimentacion\\\/fuentes-de-alimentacion-ups-de-red\\\/\"},{\"@type\":\"ListItem\",\"position\":4,\"name\":\"Gabinete exterior de montaje en poste\\\/pared para fuentes de alimentaci\u00f3n (LPME)\"}]},{\"@type\":\"WebSite\",\"@id\":\"https:\\\/\\\/emea.technetix.com\\\/es\\\/#website\",\"url\":\"https:\\\/\\\/emea.technetix.com\\\/es\\\/\",\"name\":\"Technetix\",\"description\":\"Next-generation broadband equipment engineering\",\"publisher\":{\"@id\":\"https:\\\/\\\/emea.technetix.com\\\/es\\\/#organization\"},\"potentialAction\":[{\"@type\":\"SearchAction\",\"target\":{\"@type\":\"EntryPoint\",\"urlTemplate\":\"https:\\\/\\\/emea.technetix.com\\\/es\\\/?s={search_term_string}\"},\"query-input\":{\"@type\":\"PropertyValueSpecification\",\"valueRequired\":true,\"valueName\":\"search_term_string\"}}],\"inLanguage\":\"es\"},{\"@type\":\"Organization\",\"@id\":\"https:\\\/\\\/emea.technetix.com\\\/es\\\/#organization\",\"name\":\"Technetix\",\"url\":\"https:\\\/\\\/emea.technetix.com\\\/es\\\/\",\"logo\":{\"@type\":\"ImageObject\",\"inLanguage\":\"es\",\"@id\":\"https:\\\/\\\/emea.technetix.com\\\/es\\\/#\\\/schema\\\/logo\\\/image\\\/\",\"url\":\"https:\\\/\\\/emea.technetix.com\\\/wp-content\\\/uploads\\\/sites\\\/2\\\/2023\\\/06\\\/logo-Technetix-1000x1000-1.png\",\"contentUrl\":\"https:\\\/\\\/emea.technetix.com\\\/wp-content\\\/uploads\\\/sites\\\/2\\\/2023\\\/06\\\/logo-Technetix-1000x1000-1.png\",\"width\":1000,\"height\":1000,\"caption\":\"Technetix\"},\"image\":{\"@id\":\"https:\\\/\\\/emea.technetix.com\\\/es\\\/#\\\/schema\\\/logo\\\/image\\\/\"},\"sameAs\":[\"https:\\\/\\\/x.com\\\/technetixgroup\",\"https:\\\/\\\/www.linkedin.com\\\/company\\\/technetix\\\/\",\"https:\\\/\\\/www.youtube.com\\\/c\\\/Technetix-group\"]}]}<\/script>\n<!-- \/ Yoast SEO Premium plugin. -->","yoast_head_json":{"title":"Gabinete exterior de montaje en poste\/pared para fuentes de alimentaci\u00f3n (LPME) - Technetix EMEA","robots":{"index":"index","follow":"follow","max-snippet":"max-snippet:-1","max-image-preview":"max-image-preview:large","max-video-preview":"max-video-preview:-1"},"canonical":"https:\/\/emea.technetix.com\/es\/soluciones-de-alimentacion\/fuentes-de-alimentacion-ups-de-red\/cabinet-exterior-de-montaje-en-poste-pared-para-fuentes-de-alimentacion-lpme\/","og_locale":"es_ES","og_type":"article","og_title":"Gabinete exterior de montaje en poste\/pared para fuentes de alimentaci\u00f3n (LPME) - Technetix EMEA","og_description":"Enlaces de inter\u00e9s","og_url":"https:\/\/emea.technetix.com\/es\/soluciones-de-alimentacion\/fuentes-de-alimentacion-ups-de-red\/cabinet-exterior-de-montaje-en-poste-pared-para-fuentes-de-alimentacion-lpme\/","og_site_name":"Technetix EMEA","article_modified_time":"2024-03-11T11:20:37+00:00","og_image":[{"url":"https:\/\/emea.technetix.com\/wp-content\/uploads\/sites\/2\/2023\/12\/0002_LPME_LBUPS-1.png","type":"","width":"","height":""}],"twitter_card":"summary_large_image","twitter_site":"@technetixgroup","schema":{"@context":"https:\/\/schema.org","@graph":[{"@type":"WebPage","@id":"https:\/\/emea.technetix.com\/es\/soluciones-de-alimentacion\/fuentes-de-alimentacion-ups-de-red\/cabinet-exterior-de-montaje-en-poste-pared-para-fuentes-de-alimentacion-lpme\/","url":"https:\/\/emea.technetix.com\/es\/soluciones-de-alimentacion\/fuentes-de-alimentacion-ups-de-red\/cabinet-exterior-de-montaje-en-poste-pared-para-fuentes-de-alimentacion-lpme\/","name":"Gabinete exterior de montaje en poste\/pared para fuentes de alimentaci\u00f3n (LPME) - Technetix EMEA","isPartOf":{"@id":"https:\/\/emea.technetix.com\/es\/#website"},"primaryImageOfPage":{"@id":"https:\/\/emea.technetix.com\/es\/soluciones-de-alimentacion\/fuentes-de-alimentacion-ups-de-red\/cabinet-exterior-de-montaje-en-poste-pared-para-fuentes-de-alimentacion-lpme\/#primaryimage"},"image":{"@id":"https:\/\/emea.technetix.com\/es\/soluciones-de-alimentacion\/fuentes-de-alimentacion-ups-de-red\/cabinet-exterior-de-montaje-en-poste-pared-para-fuentes-de-alimentacion-lpme\/#primaryimage"},"thumbnailUrl":"https:\/\/emea.technetix.com\/wp-content\/uploads\/sites\/2\/2023\/12\/0002_LPME_LBUPS-1.png","datePublished":"2023-12-14T14:37:04+00:00","dateModified":"2024-03-11T11:20:37+00:00","breadcrumb":{"@id":"https:\/\/emea.technetix.com\/es\/soluciones-de-alimentacion\/fuentes-de-alimentacion-ups-de-red\/cabinet-exterior-de-montaje-en-poste-pared-para-fuentes-de-alimentacion-lpme\/#breadcrumb"},"inLanguage":"es","potentialAction":[{"@type":"ReadAction","target":["https:\/\/emea.technetix.com\/es\/soluciones-de-alimentacion\/fuentes-de-alimentacion-ups-de-red\/cabinet-exterior-de-montaje-en-poste-pared-para-fuentes-de-alimentacion-lpme\/"]}]},{"@type":"ImageObject","inLanguage":"es","@id":"https:\/\/emea.technetix.com\/es\/soluciones-de-alimentacion\/fuentes-de-alimentacion-ups-de-red\/cabinet-exterior-de-montaje-en-poste-pared-para-fuentes-de-alimentacion-lpme\/#primaryimage","url":"https:\/\/emea.technetix.com\/wp-content\/uploads\/sites\/2\/2023\/12\/0002_LPME_LBUPS-1.png","contentUrl":"https:\/\/emea.technetix.com\/wp-content\/uploads\/sites\/2\/2023\/12\/0002_LPME_LBUPS-1.png"},{"@type":"BreadcrumbList","@id":"https:\/\/emea.technetix.com\/es\/soluciones-de-alimentacion\/fuentes-de-alimentacion-ups-de-red\/cabinet-exterior-de-montaje-en-poste-pared-para-fuentes-de-alimentacion-lpme\/#breadcrumb","itemListElement":[{"@type":"ListItem","position":1,"name":"Home","item":"https:\/\/emea.technetix.com\/es\/"},{"@type":"ListItem","position":2,"name":"Soluciones de Alimentaci\u00f3n","item":"https:\/\/emea.technetix.com\/es\/soluciones-de-alimentacion\/"},{"@type":"ListItem","position":3,"name":"Fuentes de alimentaci\u00f3n UPS de red","item":"https:\/\/emea.technetix.com\/es\/soluciones-de-alimentacion\/fuentes-de-alimentacion-ups-de-red\/"},{"@type":"ListItem","position":4,"name":"Gabinete exterior de montaje en poste\/pared para fuentes de alimentaci\u00f3n (LPME)"}]},{"@type":"WebSite","@id":"https:\/\/emea.technetix.com\/es\/#website","url":"https:\/\/emea.technetix.com\/es\/","name":"Technetix","description":"Next-generation broadband equipment engineering","publisher":{"@id":"https:\/\/emea.technetix.com\/es\/#organization"},"potentialAction":[{"@type":"SearchAction","target":{"@type":"EntryPoint","urlTemplate":"https:\/\/emea.technetix.com\/es\/?s={search_term_string}"},"query-input":{"@type":"PropertyValueSpecification","valueRequired":true,"valueName":"search_term_string"}}],"inLanguage":"es"},{"@type":"Organization","@id":"https:\/\/emea.technetix.com\/es\/#organization","name":"Technetix","url":"https:\/\/emea.technetix.com\/es\/","logo":{"@type":"ImageObject","inLanguage":"es","@id":"https:\/\/emea.technetix.com\/es\/#\/schema\/logo\/image\/","url":"https:\/\/emea.technetix.com\/wp-content\/uploads\/sites\/2\/2023\/06\/logo-Technetix-1000x1000-1.png","contentUrl":"https:\/\/emea.technetix.com\/wp-content\/uploads\/sites\/2\/2023\/06\/logo-Technetix-1000x1000-1.png","width":1000,"height":1000,"caption":"Technetix"},"image":{"@id":"https:\/\/emea.technetix.com\/es\/#\/schema\/logo\/image\/"},"sameAs":["https:\/\/x.com\/technetixgroup","https:\/\/www.linkedin.com\/company\/technetix\/","https:\/\/www.youtube.com\/c\/Technetix-group"]}]}},"acf":[],"publishpress_future_workflow_manual_trigger":{"enabledWorkflows":[]},"_links":{"self":[{"href":"https:\/\/emea.technetix.com\/es\/wp-json\/wp\/v2\/pages\/306943","targetHints":{"allow":["GET"]}}],"collection":[{"href":"https:\/\/emea.technetix.com\/es\/wp-json\/wp\/v2\/pages"}],"about":[{"href":"https:\/\/emea.technetix.com\/es\/wp-json\/wp\/v2\/types\/page"}],"author":[{"embeddable":true,"href":"https:\/\/emea.technetix.com\/es\/wp-json\/wp\/v2\/users\/21"}],"replies":[{"embeddable":true,"href":"https:\/\/emea.technetix.com\/es\/wp-json\/wp\/v2\/comments?post=306943"}],"version-history":[{"count":0,"href":"https:\/\/emea.technetix.com\/es\/wp-json\/wp\/v2\/pages\/306943\/revisions"}],"up":[{"embeddable":true,"href":"https:\/\/emea.technetix.com\/es\/wp-json\/wp\/v2\/pages\/288642"}],"wp:attachment":[{"href":"https:\/\/emea.technetix.com\/es\/wp-json\/wp\/v2\/media?parent=306943"}],"curies":[{"name":"wp","href":"https:\/\/api.w.org\/{rel}","templated":true}]}}