{"id":300197,"date":"2023-11-13T11:53:01","date_gmt":"2023-11-13T11:53:01","guid":{"rendered":"https:\/\/emea.technetix.com\/click50\/"},"modified":"2025-02-19T15:24:09","modified_gmt":"2025-02-19T15:24:09","slug":"click50","status":"publish","type":"page","link":"https:\/\/emea.technetix.com\/es\/click50\/","title":{"rendered":"Click50"},"content":{"rendered":"<div class=\"gb-container gb-container-a2efb66f gb-container-wide-back-page-con\" id=\"content\">\n<div class=\"gb-grid-wrapper gb-grid-wrapper-5efcc144\">\n<div class=\"gb-grid-column gb-grid-column-6e2f42ae\"><div class=\"gb-container gb-container-6e2f42ae\" id=\"image-col\"><div class=\"gb-inside-container\">\n\n<figure class=\"gb-block-image gb-block-image-61e35e7d\"><img loading=\"lazy\" decoding=\"async\" width=\"1207\" height=\"1202\" class=\"gb-image gb-image-61e35e7d\" src=\"https:\/\/emea.technetix.com\/wp-content\/uploads\/sites\/2\/2023\/11\/CL50-Range.png\" alt=\"\" title=\"CL50-Range\" srcset=\"https:\/\/emea.technetix.com\/wp-content\/uploads\/sites\/2\/2023\/11\/CL50-Range.png 1207w, https:\/\/emea.technetix.com\/wp-content\/uploads\/sites\/2\/2023\/11\/CL50-Range-300x300.png 300w, https:\/\/emea.technetix.com\/wp-content\/uploads\/sites\/2\/2023\/11\/CL50-Range-1024x1020.png 1024w, https:\/\/emea.technetix.com\/wp-content\/uploads\/sites\/2\/2023\/11\/CL50-Range-150x150.png 150w, https:\/\/emea.technetix.com\/wp-content\/uploads\/sites\/2\/2023\/11\/CL50-Range-768x765.png 768w, https:\/\/emea.technetix.com\/wp-content\/uploads\/sites\/2\/2023\/11\/CL50-Range-600x598.png 600w, https:\/\/emea.technetix.com\/wp-content\/uploads\/sites\/2\/2023\/11\/CL50-Range-100x100.png 100w\" sizes=\"auto, (max-width: 1207px) 100vw, 1207px\" \/><\/figure>\n\n<\/div><\/div><\/div>\n\n<div class=\"gb-grid-column gb-grid-column-cb46cc96\"><div class=\"gb-container gb-container-cb46cc96\" id=\"content-col\"><div class=\"gb-inside-container\">\n\n<h2 class=\"wp-block-heading\" id=\"h-click50-toma-de-pared-modular-adecuada-para-implementaciones-de-tv-por-cable-y-fibra\">Click50 \u2013 Toma de pared modular adecuada para implementaciones de TV por cable y fibra.<\/h2>\n\n\n\n<p>Los desplazamientos de instaladores son uno de los costos operativos m\u00e1s caros con los que tienen que lidiar los operadores de cable. \u00bfPor qu\u00e9 no preparar su red para el futuro? Technetix Click50 no es solo una plataforma para facilitar la actualizaci\u00f3n de instalaciones a FTTH, nuestra plataforma tambi\u00e9n es compatible con m\u00f3dulos de 50&#215;25 mm de terceros, por lo que los clientes pueden agregar AV, red y otros puertos de telecomunicaciones tanto para el hogar como para las empresas. <\/p>\n\n\n\n<p>Click50 de Technetix es una soluci\u00f3n de salida local dise\u00f1ada para el mercado DOCSIS 3.1 (2 GHz). El sistema est\u00e1 dise\u00f1ado teniendo en cuenta la migraci\u00f3n de redes, para reducir el tiempo del instalador y reducir las visitas. <\/p>\n\n\n\n<p>La soluci\u00f3n modular se puede configurar con componentes actualizables para admitir la migraci\u00f3n de redes de cable de banda ancha a PON. Est\u00e1 totalmente preparado para el futuro, es sencillo de instalar, f\u00e1cil de actualizar y puede funcionar en redes \u00f3pticas y de RF simult\u00e1neamente. <\/p>\n\n\n\n<ul class=\"wp-block-list\">\n<li>Permite una f\u00e1cil migraci\u00f3n de redes coaxiales a redes de fibra<\/li>\n\n\n\n<li>Disponible con una amplia gama de accesorios<\/li>\n\n\n\n<li>Reduzca los desplazamientos<\/li>\n<\/ul>\n\n<\/div><\/div><\/div>\n<\/div>\n<\/div>\n\n<div class=\"gb-container gb-container-e4a86c09 gb-container-con-buttons-bottom\">\n\n<h2 class=\"gb-headline gb-headline-7ce6fa4b gb-headline-text gb-headline-head-bottom-buttons\">Enlaces de inter\u00e9s<\/h2>\n\n\n<div class=\"gb-button-wrapper gb-button-wrapper-5300c273 gb-button-wrapper-after-con-buttons\">\n\n<a class=\"gb-button gb-button-5e4e6530 gb-button-text gb-button-bottom-button\" href=\"https:\/\/emea.technetix.com\/wp-content\/uploads\/sites\/2\/2023\/02\/CL50-PlatformGuide_BRC_EN.pdf\">Gu\u00eda de la toma modular Click50<\/a>\n\n\n\n<a class=\"gb-button gb-button-38119ac0 gb-button-text gb-button-bottom-button\" href=\"https:\/\/docs.technetix.com\/brochures\/Fiber_Passives_Brochure.pdf\">Folleto de fibras pasivas<\/a>\n\n\n\n<a class=\"gb-button gb-button-74bfad52 gb-button-text gb-button-bottom-button\" href=\"https:\/\/emea.technetix.com\/es\/contactenos\/\">Cont\u00e1ctenos<\/a>\n\n<\/div>\n<\/div>","protected":false},"excerpt":{"rendered":"<p>Enlaces de inter\u00e9s<\/p>\n","protected":false},"author":3,"featured_media":0,"parent":0,"menu_order":0,"comment_status":"closed","ping_status":"closed","template":"","meta":{"_acf_changed":false,"_gspb_post_css":"","footnotes":""},"class_list":["post-300197","page","type-page","status-publish"],"yoast_head":"<!-- This site is optimized with the Yoast SEO Premium plugin v22.5 (Yoast SEO v27.4) - https:\/\/yoast.com\/product\/yoast-seo-premium-wordpress\/ -->\n<title>Click50 - Technetix EMEA<\/title>\n<meta name=\"robots\" content=\"index, follow, max-snippet:-1, max-image-preview:large, max-video-preview:-1\" \/>\n<link rel=\"canonical\" href=\"https:\/\/emea.technetix.com\/es\/click50\/\" \/>\n<meta property=\"og:locale\" content=\"es_ES\" \/>\n<meta property=\"og:type\" content=\"article\" \/>\n<meta property=\"og:title\" content=\"Click50 - Technetix EMEA\" \/>\n<meta property=\"og:description\" content=\"Enlaces de inter\u00e9s\" \/>\n<meta property=\"og:url\" content=\"https:\/\/emea.technetix.com\/es\/click50\/\" \/>\n<meta property=\"og:site_name\" content=\"Technetix EMEA\" \/>\n<meta property=\"article:modified_time\" content=\"2025-02-19T15:24:09+00:00\" \/>\n<meta property=\"og:image\" content=\"https:\/\/emea.technetix.com\/wp-content\/uploads\/sites\/2\/2023\/11\/CL50-Range.png\" \/>\n<meta name=\"twitter:card\" content=\"summary_large_image\" \/>\n<meta name=\"twitter:site\" content=\"@technetixgroup\" \/>\n<meta name=\"twitter:label1\" content=\"Tiempo de lectura\" \/>\n\t<meta name=\"twitter:data1\" content=\"2 minutos\" \/>\n<script type=\"application\/ld+json\" class=\"yoast-schema-graph\">{\"@context\":\"https:\\\/\\\/schema.org\",\"@graph\":[{\"@type\":\"WebPage\",\"@id\":\"https:\\\/\\\/emea.technetix.com\\\/es\\\/click50\\\/\",\"url\":\"https:\\\/\\\/emea.technetix.com\\\/es\\\/click50\\\/\",\"name\":\"Click50 - Technetix EMEA\",\"isPartOf\":{\"@id\":\"https:\\\/\\\/emea.technetix.com\\\/es\\\/#website\"},\"primaryImageOfPage\":{\"@id\":\"https:\\\/\\\/emea.technetix.com\\\/es\\\/click50\\\/#primaryimage\"},\"image\":{\"@id\":\"https:\\\/\\\/emea.technetix.com\\\/es\\\/click50\\\/#primaryimage\"},\"thumbnailUrl\":\"https:\\\/\\\/emea.technetix.com\\\/wp-content\\\/uploads\\\/sites\\\/2\\\/2023\\\/11\\\/CL50-Range.png\",\"datePublished\":\"2023-11-13T11:53:01+00:00\",\"dateModified\":\"2025-02-19T15:24:09+00:00\",\"breadcrumb\":{\"@id\":\"https:\\\/\\\/emea.technetix.com\\\/es\\\/click50\\\/#breadcrumb\"},\"inLanguage\":\"es\",\"potentialAction\":[{\"@type\":\"ReadAction\",\"target\":[\"https:\\\/\\\/emea.technetix.com\\\/es\\\/click50\\\/\"]}]},{\"@type\":\"ImageObject\",\"inLanguage\":\"es\",\"@id\":\"https:\\\/\\\/emea.technetix.com\\\/es\\\/click50\\\/#primaryimage\",\"url\":\"https:\\\/\\\/emea.technetix.com\\\/wp-content\\\/uploads\\\/sites\\\/2\\\/2023\\\/11\\\/CL50-Range.png\",\"contentUrl\":\"https:\\\/\\\/emea.technetix.com\\\/wp-content\\\/uploads\\\/sites\\\/2\\\/2023\\\/11\\\/CL50-Range.png\"},{\"@type\":\"BreadcrumbList\",\"@id\":\"https:\\\/\\\/emea.technetix.com\\\/es\\\/click50\\\/#breadcrumb\",\"itemListElement\":[{\"@type\":\"ListItem\",\"position\":1,\"name\":\"Home\",\"item\":\"https:\\\/\\\/emea.technetix.com\\\/es\\\/\"},{\"@type\":\"ListItem\",\"position\":2,\"name\":\"Click50\"}]},{\"@type\":\"WebSite\",\"@id\":\"https:\\\/\\\/emea.technetix.com\\\/es\\\/#website\",\"url\":\"https:\\\/\\\/emea.technetix.com\\\/es\\\/\",\"name\":\"Technetix\",\"description\":\"Next-generation broadband equipment engineering\",\"publisher\":{\"@id\":\"https:\\\/\\\/emea.technetix.com\\\/es\\\/#organization\"},\"potentialAction\":[{\"@type\":\"SearchAction\",\"target\":{\"@type\":\"EntryPoint\",\"urlTemplate\":\"https:\\\/\\\/emea.technetix.com\\\/es\\\/?s={search_term_string}\"},\"query-input\":{\"@type\":\"PropertyValueSpecification\",\"valueRequired\":true,\"valueName\":\"search_term_string\"}}],\"inLanguage\":\"es\"},{\"@type\":\"Organization\",\"@id\":\"https:\\\/\\\/emea.technetix.com\\\/es\\\/#organization\",\"name\":\"Technetix\",\"url\":\"https:\\\/\\\/emea.technetix.com\\\/es\\\/\",\"logo\":{\"@type\":\"ImageObject\",\"inLanguage\":\"es\",\"@id\":\"https:\\\/\\\/emea.technetix.com\\\/es\\\/#\\\/schema\\\/logo\\\/image\\\/\",\"url\":\"https:\\\/\\\/emea.technetix.com\\\/wp-content\\\/uploads\\\/sites\\\/2\\\/2023\\\/06\\\/logo-Technetix-1000x1000-1.png\",\"contentUrl\":\"https:\\\/\\\/emea.technetix.com\\\/wp-content\\\/uploads\\\/sites\\\/2\\\/2023\\\/06\\\/logo-Technetix-1000x1000-1.png\",\"width\":1000,\"height\":1000,\"caption\":\"Technetix\"},\"image\":{\"@id\":\"https:\\\/\\\/emea.technetix.com\\\/es\\\/#\\\/schema\\\/logo\\\/image\\\/\"},\"sameAs\":[\"https:\\\/\\\/x.com\\\/technetixgroup\",\"https:\\\/\\\/www.linkedin.com\\\/company\\\/technetix\\\/\",\"https:\\\/\\\/www.youtube.com\\\/c\\\/Technetix-group\"]}]}<\/script>\n<!-- \/ Yoast SEO Premium plugin. -->","yoast_head_json":{"title":"Click50 - Technetix EMEA","robots":{"index":"index","follow":"follow","max-snippet":"max-snippet:-1","max-image-preview":"max-image-preview:large","max-video-preview":"max-video-preview:-1"},"canonical":"https:\/\/emea.technetix.com\/es\/click50\/","og_locale":"es_ES","og_type":"article","og_title":"Click50 - Technetix EMEA","og_description":"Enlaces de inter\u00e9s","og_url":"https:\/\/emea.technetix.com\/es\/click50\/","og_site_name":"Technetix EMEA","article_modified_time":"2025-02-19T15:24:09+00:00","og_image":[{"url":"https:\/\/emea.technetix.com\/wp-content\/uploads\/sites\/2\/2023\/11\/CL50-Range.png","type":"","width":"","height":""}],"twitter_card":"summary_large_image","twitter_site":"@technetixgroup","twitter_misc":{"Tiempo de lectura":"2 minutos"},"schema":{"@context":"https:\/\/schema.org","@graph":[{"@type":"WebPage","@id":"https:\/\/emea.technetix.com\/es\/click50\/","url":"https:\/\/emea.technetix.com\/es\/click50\/","name":"Click50 - Technetix EMEA","isPartOf":{"@id":"https:\/\/emea.technetix.com\/es\/#website"},"primaryImageOfPage":{"@id":"https:\/\/emea.technetix.com\/es\/click50\/#primaryimage"},"image":{"@id":"https:\/\/emea.technetix.com\/es\/click50\/#primaryimage"},"thumbnailUrl":"https:\/\/emea.technetix.com\/wp-content\/uploads\/sites\/2\/2023\/11\/CL50-Range.png","datePublished":"2023-11-13T11:53:01+00:00","dateModified":"2025-02-19T15:24:09+00:00","breadcrumb":{"@id":"https:\/\/emea.technetix.com\/es\/click50\/#breadcrumb"},"inLanguage":"es","potentialAction":[{"@type":"ReadAction","target":["https:\/\/emea.technetix.com\/es\/click50\/"]}]},{"@type":"ImageObject","inLanguage":"es","@id":"https:\/\/emea.technetix.com\/es\/click50\/#primaryimage","url":"https:\/\/emea.technetix.com\/wp-content\/uploads\/sites\/2\/2023\/11\/CL50-Range.png","contentUrl":"https:\/\/emea.technetix.com\/wp-content\/uploads\/sites\/2\/2023\/11\/CL50-Range.png"},{"@type":"BreadcrumbList","@id":"https:\/\/emea.technetix.com\/es\/click50\/#breadcrumb","itemListElement":[{"@type":"ListItem","position":1,"name":"Home","item":"https:\/\/emea.technetix.com\/es\/"},{"@type":"ListItem","position":2,"name":"Click50"}]},{"@type":"WebSite","@id":"https:\/\/emea.technetix.com\/es\/#website","url":"https:\/\/emea.technetix.com\/es\/","name":"Technetix","description":"Next-generation broadband equipment engineering","publisher":{"@id":"https:\/\/emea.technetix.com\/es\/#organization"},"potentialAction":[{"@type":"SearchAction","target":{"@type":"EntryPoint","urlTemplate":"https:\/\/emea.technetix.com\/es\/?s={search_term_string}"},"query-input":{"@type":"PropertyValueSpecification","valueRequired":true,"valueName":"search_term_string"}}],"inLanguage":"es"},{"@type":"Organization","@id":"https:\/\/emea.technetix.com\/es\/#organization","name":"Technetix","url":"https:\/\/emea.technetix.com\/es\/","logo":{"@type":"ImageObject","inLanguage":"es","@id":"https:\/\/emea.technetix.com\/es\/#\/schema\/logo\/image\/","url":"https:\/\/emea.technetix.com\/wp-content\/uploads\/sites\/2\/2023\/06\/logo-Technetix-1000x1000-1.png","contentUrl":"https:\/\/emea.technetix.com\/wp-content\/uploads\/sites\/2\/2023\/06\/logo-Technetix-1000x1000-1.png","width":1000,"height":1000,"caption":"Technetix"},"image":{"@id":"https:\/\/emea.technetix.com\/es\/#\/schema\/logo\/image\/"},"sameAs":["https:\/\/x.com\/technetixgroup","https:\/\/www.linkedin.com\/company\/technetix\/","https:\/\/www.youtube.com\/c\/Technetix-group"]}]}},"acf":[],"publishpress_future_workflow_manual_trigger":{"enabledWorkflows":[]},"_links":{"self":[{"href":"https:\/\/emea.technetix.com\/es\/wp-json\/wp\/v2\/pages\/300197","targetHints":{"allow":["GET"]}}],"collection":[{"href":"https:\/\/emea.technetix.com\/es\/wp-json\/wp\/v2\/pages"}],"about":[{"href":"https:\/\/emea.technetix.com\/es\/wp-json\/wp\/v2\/types\/page"}],"author":[{"embeddable":true,"href":"https:\/\/emea.technetix.com\/es\/wp-json\/wp\/v2\/users\/3"}],"replies":[{"embeddable":true,"href":"https:\/\/emea.technetix.com\/es\/wp-json\/wp\/v2\/comments?post=300197"}],"version-history":[{"count":0,"href":"https:\/\/emea.technetix.com\/es\/wp-json\/wp\/v2\/pages\/300197\/revisions"}],"wp:attachment":[{"href":"https:\/\/emea.technetix.com\/es\/wp-json\/wp\/v2\/media?parent=300197"}],"curies":[{"name":"wp","href":"https:\/\/api.w.org\/{rel}","templated":true}]}}