{"id":300174,"date":"2023-11-13T11:47:34","date_gmt":"2023-11-13T11:47:34","guid":{"rendered":"https:\/\/emea.technetix.com\/redes-fttx\/soluciones-de-terminacion-de-suscriptores\/ftb-speed\/"},"modified":"2025-02-19T13:55:03","modified_gmt":"2025-02-19T13:55:03","slug":"ftb-speed","status":"publish","type":"page","link":"https:\/\/emea.technetix.com\/es\/fiber-networks\/soluciones-de-terminacion-de-suscriptores\/ftb-speed\/","title":{"rendered":"FTB Speed"},"content":{"rendered":"<div class=\"gb-container gb-container-a2efb66f gb-container-wide-back-page-con\" id=\"content\">\n<div class=\"gb-grid-wrapper gb-grid-wrapper-5efcc144\">\n<div class=\"gb-grid-column gb-grid-column-6e2f42ae\"><div class=\"gb-container gb-container-6e2f42ae\" id=\"image-col\"><div class=\"gb-inside-container\">\n\n<figure class=\"gb-block-image gb-block-image-61e35e7d\"><img loading=\"lazy\" decoding=\"async\" width=\"1000\" height=\"1000\" class=\"gb-image gb-image-61e35e7d\" src=\"https:\/\/emea.technetix.com\/wp-content\/uploads\/sites\/2\/2023\/11\/19013006_Gf-HUeP-Speed_PRFL_06.png\" alt=\"\" title=\"19013006_Gf-HUeP-Speed_PRFL_06\" srcset=\"https:\/\/emea.technetix.com\/wp-content\/uploads\/sites\/2\/2023\/11\/19013006_Gf-HUeP-Speed_PRFL_06.png 1000w, https:\/\/emea.technetix.com\/wp-content\/uploads\/sites\/2\/2023\/11\/19013006_Gf-HUeP-Speed_PRFL_06-300x300.png 300w, https:\/\/emea.technetix.com\/wp-content\/uploads\/sites\/2\/2023\/11\/19013006_Gf-HUeP-Speed_PRFL_06-150x150.png 150w, https:\/\/emea.technetix.com\/wp-content\/uploads\/sites\/2\/2023\/11\/19013006_Gf-HUeP-Speed_PRFL_06-768x768.png 768w, https:\/\/emea.technetix.com\/wp-content\/uploads\/sites\/2\/2023\/11\/19013006_Gf-HUeP-Speed_PRFL_06-600x600.png 600w, https:\/\/emea.technetix.com\/wp-content\/uploads\/sites\/2\/2023\/11\/19013006_Gf-HUeP-Speed_PRFL_06-100x100.png 100w\" sizes=\"auto, (max-width: 1000px) 100vw, 1000px\" \/><\/figure>\n\n<\/div><\/div><\/div>\n\n<div class=\"gb-grid-column gb-grid-column-cb46cc96\"><div class=\"gb-container gb-container-cb46cc96\" id=\"content-col\"><div class=\"gb-inside-container\">\n\n<h2 class=\"wp-block-heading\" id=\"h-ftb-speed-la-caja-de-terminacion-de-fibra-para-unidades-de-viviendas-multiples\">FTB Speed: la caja de terminaci\u00f3n de fibra para unidades de viviendas m\u00faltiples.<\/h2>\n\n\n\n<p>Con su innovador concepto de sellado y gesti\u00f3n de fibras, la caja de terminaci\u00f3n de fibras (FTB) Speed ofrece la mayor cantidad de opciones de aplicaci\u00f3n. El esfuerzo de instalaci\u00f3n se reduce significativamente y esta soluci\u00f3n ofrece una larga vida \u00fatil y la m\u00e1xima protecci\u00f3n de la inversi\u00f3n. El FTB Speed puede adaptarse a diferentes topolog\u00edas FTTH y, debido a su flexibilidad, puede admitir opciones de divisor, conexi\u00f3n y empalme.  <\/p>\n\n\n\n<div style=\"height:15px\" aria-hidden=\"true\" class=\"wp-block-spacer\"><\/div>\n\n\n\n<figure class=\"wp-block-video\"><video height=\"1080\" style=\"aspect-ratio: 1920 \/ 1080;\" width=\"1920\" autoplay controls src=\"https:\/\/emea.technetix.com\/wp-content\/uploads\/sites\/2\/2024\/05\/24THX_connect_v20.mp4\"><\/video><\/figure>\n\n\n\n<div style=\"height:15px\" aria-hidden=\"true\" class=\"wp-block-spacer\"><\/div>\n\n\n\n<ul class=\"wp-block-list\">\n<li>\u200e12x bandeja de empalme \u200e<\/li>\n\n\n\n<li>1 soporte para divisor PLC<\/li>\n\n\n\n<li>6x adaptadores en bandeja desplegable (12x LC)<\/li>\n\n\n\n<li>Juegos de grommets divisibles para 2 \u2013 \u00d8 10 mm<\/li>\n\n\n\n<li>Carcasa extra\u00edble<\/li>\n<\/ul>\n\n<\/div><\/div><\/div>\n<\/div>\n<\/div>\n\n<div class=\"gb-container gb-container-e4a86c09 gb-container-con-buttons-bottom\">\n\n<h2 class=\"gb-headline gb-headline-7ce6fa4b gb-headline-text gb-headline-head-bottom-buttons\">Enlaces de inter\u00e9s<\/h2>\n\n\n<div class=\"gb-button-wrapper gb-button-wrapper-5300c273 gb-button-wrapper-after-con-buttons\">\n\n<a class=\"gb-button gb-button-08ddd6aa gb-button-text gb-button-bottom-button\" href=\"https:\/\/emea.technetix.com\/wp-content\/uploads\/sites\/2\/2023\/12\/19013006_Gf-HUEP-SPEED_V4_DS_EN.pdf\">Ficha t\u00e9cnica<\/a>\n\n\n\n<a class=\"gb-button gb-button-4f51efe0 gb-button-text gb-button-bottom-button\" href=\"https:\/\/docs.technetix.com\/brochures\/Fiber_Passives_Brochure.pdf\">Folleto de fibras pasivas<\/a>\n\n\n\n<a class=\"gb-button gb-button-74bfad52 gb-button-text gb-button-bottom-button\" href=\"https:\/\/emea.technetix.com\/es\/contactenos\/\">Cont\u00e1ctenos<\/a>\n\n<\/div>\n<\/div>","protected":false},"excerpt":{"rendered":"<p>Enlaces de inter\u00e9s<\/p>\n","protected":false},"author":3,"featured_media":0,"parent":288482,"menu_order":0,"comment_status":"closed","ping_status":"closed","template":"","meta":{"_acf_changed":false,"_gspb_post_css":"","footnotes":""},"class_list":["post-300174","page","type-page","status-publish"],"yoast_head":"<!-- This site is optimized with the Yoast SEO Premium plugin v22.5 (Yoast SEO v27.4) - https:\/\/yoast.com\/product\/yoast-seo-premium-wordpress\/ -->\n<title>FTB Speed - Technetix EMEA<\/title>\n<meta name=\"robots\" content=\"index, follow, max-snippet:-1, max-image-preview:large, max-video-preview:-1\" \/>\n<link rel=\"canonical\" href=\"https:\/\/emea.technetix.com\/es\/fiber-networks\/soluciones-de-terminacion-de-suscriptores\/ftb-speed\/\" \/>\n<meta property=\"og:locale\" content=\"es_ES\" \/>\n<meta property=\"og:type\" content=\"article\" \/>\n<meta property=\"og:title\" content=\"FTB Speed - Technetix EMEA\" \/>\n<meta property=\"og:description\" content=\"Enlaces de inter\u00e9s\" \/>\n<meta property=\"og:url\" content=\"https:\/\/emea.technetix.com\/es\/fiber-networks\/soluciones-de-terminacion-de-suscriptores\/ftb-speed\/\" \/>\n<meta property=\"og:site_name\" content=\"Technetix EMEA\" \/>\n<meta property=\"article:modified_time\" content=\"2025-02-19T13:55:03+00:00\" \/>\n<meta property=\"og:image\" content=\"https:\/\/emea.technetix.com\/wp-content\/uploads\/sites\/2\/2023\/11\/19013006_Gf-HUeP-Speed_PRFL_06.png\" \/>\n<meta name=\"twitter:card\" content=\"summary_large_image\" \/>\n<meta name=\"twitter:site\" content=\"@technetixgroup\" \/>\n<meta name=\"twitter:label1\" content=\"Tiempo de lectura\" \/>\n\t<meta name=\"twitter:data1\" content=\"1 minuto\" \/>\n<script type=\"application\/ld+json\" class=\"yoast-schema-graph\">{\"@context\":\"https:\\\/\\\/schema.org\",\"@graph\":[{\"@type\":\"WebPage\",\"@id\":\"https:\\\/\\\/emea.technetix.com\\\/es\\\/fiber-networks\\\/soluciones-de-terminacion-de-suscriptores\\\/ftb-speed\\\/\",\"url\":\"https:\\\/\\\/emea.technetix.com\\\/es\\\/fiber-networks\\\/soluciones-de-terminacion-de-suscriptores\\\/ftb-speed\\\/\",\"name\":\"FTB Speed - Technetix EMEA\",\"isPartOf\":{\"@id\":\"https:\\\/\\\/emea.technetix.com\\\/es\\\/#website\"},\"primaryImageOfPage\":{\"@id\":\"https:\\\/\\\/emea.technetix.com\\\/es\\\/fiber-networks\\\/soluciones-de-terminacion-de-suscriptores\\\/ftb-speed\\\/#primaryimage\"},\"image\":{\"@id\":\"https:\\\/\\\/emea.technetix.com\\\/es\\\/fiber-networks\\\/soluciones-de-terminacion-de-suscriptores\\\/ftb-speed\\\/#primaryimage\"},\"thumbnailUrl\":\"https:\\\/\\\/emea.technetix.com\\\/wp-content\\\/uploads\\\/sites\\\/2\\\/2023\\\/11\\\/19013006_Gf-HUeP-Speed_PRFL_06.png\",\"datePublished\":\"2023-11-13T11:47:34+00:00\",\"dateModified\":\"2025-02-19T13:55:03+00:00\",\"breadcrumb\":{\"@id\":\"https:\\\/\\\/emea.technetix.com\\\/es\\\/fiber-networks\\\/soluciones-de-terminacion-de-suscriptores\\\/ftb-speed\\\/#breadcrumb\"},\"inLanguage\":\"es\",\"potentialAction\":[{\"@type\":\"ReadAction\",\"target\":[\"https:\\\/\\\/emea.technetix.com\\\/es\\\/fiber-networks\\\/soluciones-de-terminacion-de-suscriptores\\\/ftb-speed\\\/\"]}]},{\"@type\":\"ImageObject\",\"inLanguage\":\"es\",\"@id\":\"https:\\\/\\\/emea.technetix.com\\\/es\\\/fiber-networks\\\/soluciones-de-terminacion-de-suscriptores\\\/ftb-speed\\\/#primaryimage\",\"url\":\"https:\\\/\\\/emea.technetix.com\\\/wp-content\\\/uploads\\\/sites\\\/2\\\/2023\\\/11\\\/19013006_Gf-HUeP-Speed_PRFL_06.png\",\"contentUrl\":\"https:\\\/\\\/emea.technetix.com\\\/wp-content\\\/uploads\\\/sites\\\/2\\\/2023\\\/11\\\/19013006_Gf-HUeP-Speed_PRFL_06.png\"},{\"@type\":\"BreadcrumbList\",\"@id\":\"https:\\\/\\\/emea.technetix.com\\\/es\\\/fiber-networks\\\/soluciones-de-terminacion-de-suscriptores\\\/ftb-speed\\\/#breadcrumb\",\"itemListElement\":[{\"@type\":\"ListItem\",\"position\":1,\"name\":\"Home\",\"item\":\"https:\\\/\\\/emea.technetix.com\\\/es\\\/\"},{\"@type\":\"ListItem\",\"position\":2,\"name\":\"Fibra\",\"item\":\"https:\\\/\\\/emea.technetix.com\\\/es\\\/fiber-networks\\\/\"},{\"@type\":\"ListItem\",\"position\":3,\"name\":\"Soluciones de terminaci\u00f3n de suscriptores\",\"item\":\"https:\\\/\\\/emea.technetix.com\\\/es\\\/fiber-networks\\\/soluciones-de-terminacion-de-suscriptores\\\/\"},{\"@type\":\"ListItem\",\"position\":4,\"name\":\"FTB Speed\"}]},{\"@type\":\"WebSite\",\"@id\":\"https:\\\/\\\/emea.technetix.com\\\/es\\\/#website\",\"url\":\"https:\\\/\\\/emea.technetix.com\\\/es\\\/\",\"name\":\"Technetix\",\"description\":\"Next-generation broadband equipment engineering\",\"publisher\":{\"@id\":\"https:\\\/\\\/emea.technetix.com\\\/es\\\/#organization\"},\"potentialAction\":[{\"@type\":\"SearchAction\",\"target\":{\"@type\":\"EntryPoint\",\"urlTemplate\":\"https:\\\/\\\/emea.technetix.com\\\/es\\\/?s={search_term_string}\"},\"query-input\":{\"@type\":\"PropertyValueSpecification\",\"valueRequired\":true,\"valueName\":\"search_term_string\"}}],\"inLanguage\":\"es\"},{\"@type\":\"Organization\",\"@id\":\"https:\\\/\\\/emea.technetix.com\\\/es\\\/#organization\",\"name\":\"Technetix\",\"url\":\"https:\\\/\\\/emea.technetix.com\\\/es\\\/\",\"logo\":{\"@type\":\"ImageObject\",\"inLanguage\":\"es\",\"@id\":\"https:\\\/\\\/emea.technetix.com\\\/es\\\/#\\\/schema\\\/logo\\\/image\\\/\",\"url\":\"https:\\\/\\\/emea.technetix.com\\\/wp-content\\\/uploads\\\/sites\\\/2\\\/2023\\\/06\\\/logo-Technetix-1000x1000-1.png\",\"contentUrl\":\"https:\\\/\\\/emea.technetix.com\\\/wp-content\\\/uploads\\\/sites\\\/2\\\/2023\\\/06\\\/logo-Technetix-1000x1000-1.png\",\"width\":1000,\"height\":1000,\"caption\":\"Technetix\"},\"image\":{\"@id\":\"https:\\\/\\\/emea.technetix.com\\\/es\\\/#\\\/schema\\\/logo\\\/image\\\/\"},\"sameAs\":[\"https:\\\/\\\/x.com\\\/technetixgroup\",\"https:\\\/\\\/www.linkedin.com\\\/company\\\/technetix\\\/\",\"https:\\\/\\\/www.youtube.com\\\/c\\\/Technetix-group\"]}]}<\/script>\n<!-- \/ Yoast SEO Premium plugin. -->","yoast_head_json":{"title":"FTB Speed - Technetix EMEA","robots":{"index":"index","follow":"follow","max-snippet":"max-snippet:-1","max-image-preview":"max-image-preview:large","max-video-preview":"max-video-preview:-1"},"canonical":"https:\/\/emea.technetix.com\/es\/fiber-networks\/soluciones-de-terminacion-de-suscriptores\/ftb-speed\/","og_locale":"es_ES","og_type":"article","og_title":"FTB Speed - Technetix EMEA","og_description":"Enlaces de inter\u00e9s","og_url":"https:\/\/emea.technetix.com\/es\/fiber-networks\/soluciones-de-terminacion-de-suscriptores\/ftb-speed\/","og_site_name":"Technetix EMEA","article_modified_time":"2025-02-19T13:55:03+00:00","og_image":[{"url":"https:\/\/emea.technetix.com\/wp-content\/uploads\/sites\/2\/2023\/11\/19013006_Gf-HUeP-Speed_PRFL_06.png","type":"","width":"","height":""}],"twitter_card":"summary_large_image","twitter_site":"@technetixgroup","twitter_misc":{"Tiempo de lectura":"1 minuto"},"schema":{"@context":"https:\/\/schema.org","@graph":[{"@type":"WebPage","@id":"https:\/\/emea.technetix.com\/es\/fiber-networks\/soluciones-de-terminacion-de-suscriptores\/ftb-speed\/","url":"https:\/\/emea.technetix.com\/es\/fiber-networks\/soluciones-de-terminacion-de-suscriptores\/ftb-speed\/","name":"FTB Speed - Technetix EMEA","isPartOf":{"@id":"https:\/\/emea.technetix.com\/es\/#website"},"primaryImageOfPage":{"@id":"https:\/\/emea.technetix.com\/es\/fiber-networks\/soluciones-de-terminacion-de-suscriptores\/ftb-speed\/#primaryimage"},"image":{"@id":"https:\/\/emea.technetix.com\/es\/fiber-networks\/soluciones-de-terminacion-de-suscriptores\/ftb-speed\/#primaryimage"},"thumbnailUrl":"https:\/\/emea.technetix.com\/wp-content\/uploads\/sites\/2\/2023\/11\/19013006_Gf-HUeP-Speed_PRFL_06.png","datePublished":"2023-11-13T11:47:34+00:00","dateModified":"2025-02-19T13:55:03+00:00","breadcrumb":{"@id":"https:\/\/emea.technetix.com\/es\/fiber-networks\/soluciones-de-terminacion-de-suscriptores\/ftb-speed\/#breadcrumb"},"inLanguage":"es","potentialAction":[{"@type":"ReadAction","target":["https:\/\/emea.technetix.com\/es\/fiber-networks\/soluciones-de-terminacion-de-suscriptores\/ftb-speed\/"]}]},{"@type":"ImageObject","inLanguage":"es","@id":"https:\/\/emea.technetix.com\/es\/fiber-networks\/soluciones-de-terminacion-de-suscriptores\/ftb-speed\/#primaryimage","url":"https:\/\/emea.technetix.com\/wp-content\/uploads\/sites\/2\/2023\/11\/19013006_Gf-HUeP-Speed_PRFL_06.png","contentUrl":"https:\/\/emea.technetix.com\/wp-content\/uploads\/sites\/2\/2023\/11\/19013006_Gf-HUeP-Speed_PRFL_06.png"},{"@type":"BreadcrumbList","@id":"https:\/\/emea.technetix.com\/es\/fiber-networks\/soluciones-de-terminacion-de-suscriptores\/ftb-speed\/#breadcrumb","itemListElement":[{"@type":"ListItem","position":1,"name":"Home","item":"https:\/\/emea.technetix.com\/es\/"},{"@type":"ListItem","position":2,"name":"Fibra","item":"https:\/\/emea.technetix.com\/es\/fiber-networks\/"},{"@type":"ListItem","position":3,"name":"Soluciones de terminaci\u00f3n de suscriptores","item":"https:\/\/emea.technetix.com\/es\/fiber-networks\/soluciones-de-terminacion-de-suscriptores\/"},{"@type":"ListItem","position":4,"name":"FTB Speed"}]},{"@type":"WebSite","@id":"https:\/\/emea.technetix.com\/es\/#website","url":"https:\/\/emea.technetix.com\/es\/","name":"Technetix","description":"Next-generation broadband equipment engineering","publisher":{"@id":"https:\/\/emea.technetix.com\/es\/#organization"},"potentialAction":[{"@type":"SearchAction","target":{"@type":"EntryPoint","urlTemplate":"https:\/\/emea.technetix.com\/es\/?s={search_term_string}"},"query-input":{"@type":"PropertyValueSpecification","valueRequired":true,"valueName":"search_term_string"}}],"inLanguage":"es"},{"@type":"Organization","@id":"https:\/\/emea.technetix.com\/es\/#organization","name":"Technetix","url":"https:\/\/emea.technetix.com\/es\/","logo":{"@type":"ImageObject","inLanguage":"es","@id":"https:\/\/emea.technetix.com\/es\/#\/schema\/logo\/image\/","url":"https:\/\/emea.technetix.com\/wp-content\/uploads\/sites\/2\/2023\/06\/logo-Technetix-1000x1000-1.png","contentUrl":"https:\/\/emea.technetix.com\/wp-content\/uploads\/sites\/2\/2023\/06\/logo-Technetix-1000x1000-1.png","width":1000,"height":1000,"caption":"Technetix"},"image":{"@id":"https:\/\/emea.technetix.com\/es\/#\/schema\/logo\/image\/"},"sameAs":["https:\/\/x.com\/technetixgroup","https:\/\/www.linkedin.com\/company\/technetix\/","https:\/\/www.youtube.com\/c\/Technetix-group"]}]}},"acf":[],"publishpress_future_workflow_manual_trigger":{"enabledWorkflows":[]},"_links":{"self":[{"href":"https:\/\/emea.technetix.com\/es\/wp-json\/wp\/v2\/pages\/300174","targetHints":{"allow":["GET"]}}],"collection":[{"href":"https:\/\/emea.technetix.com\/es\/wp-json\/wp\/v2\/pages"}],"about":[{"href":"https:\/\/emea.technetix.com\/es\/wp-json\/wp\/v2\/types\/page"}],"author":[{"embeddable":true,"href":"https:\/\/emea.technetix.com\/es\/wp-json\/wp\/v2\/users\/3"}],"replies":[{"embeddable":true,"href":"https:\/\/emea.technetix.com\/es\/wp-json\/wp\/v2\/comments?post=300174"}],"version-history":[{"count":0,"href":"https:\/\/emea.technetix.com\/es\/wp-json\/wp\/v2\/pages\/300174\/revisions"}],"up":[{"embeddable":true,"href":"https:\/\/emea.technetix.com\/es\/wp-json\/wp\/v2\/pages\/288482"}],"wp:attachment":[{"href":"https:\/\/emea.technetix.com\/es\/wp-json\/wp\/v2\/media?parent=300174"}],"curies":[{"name":"wp","href":"https:\/\/api.w.org\/{rel}","templated":true}]}}