{"id":300118,"date":"2023-11-14T16:22:39","date_gmt":"2023-11-14T16:22:39","guid":{"rendered":"https:\/\/emea.technetix.com\/xhaul\/puntos-de-acceso-wi-fi-docsis-serie-smhap\/"},"modified":"2024-03-06T15:38:43","modified_gmt":"2024-03-06T15:38:43","slug":"puntos-de-acceso-wi-fi-docsis-serie-smhap","status":"publish","type":"page","link":"https:\/\/emea.technetix.com\/es\/inalambrico\/puntos-de-acceso-wi-fi-docsis-serie-smhap\/","title":{"rendered":"Puntos de acceso Wi-Fi DOCSIS (Serie SMHAP)"},"content":{"rendered":"<div class=\"gb-container gb-container-a2efb66f gb-container-wide-back-page-con\" id=\"content\">\n<div class=\"gb-grid-wrapper gb-grid-wrapper-5efcc144\">\n<div class=\"gb-grid-column gb-grid-column-6e2f42ae\"><div class=\"gb-container gb-container-6e2f42ae\" id=\"image-col\"><div class=\"gb-inside-container\">\n\n<figure class=\"gb-block-image gb-block-image-61e35e7d\"><img loading=\"lazy\" decoding=\"async\" width=\"2048\" height=\"1819\" class=\"gb-image gb-image-61e35e7d\" src=\"https:\/\/emea.technetix.com\/wp-content\/uploads\/sites\/2\/2023\/12\/MicrosoftTeams-image-4.jpg\" alt=\"\" title=\"MicrosoftTeams-image-4\" srcset=\"https:\/\/emea.technetix.com\/wp-content\/uploads\/sites\/2\/2023\/12\/MicrosoftTeams-image-4.jpg 2048w, https:\/\/emea.technetix.com\/wp-content\/uploads\/sites\/2\/2023\/12\/MicrosoftTeams-image-4-300x266.jpg 300w, https:\/\/emea.technetix.com\/wp-content\/uploads\/sites\/2\/2023\/12\/MicrosoftTeams-image-4-1024x910.jpg 1024w, https:\/\/emea.technetix.com\/wp-content\/uploads\/sites\/2\/2023\/12\/MicrosoftTeams-image-4-768x682.jpg 768w, https:\/\/emea.technetix.com\/wp-content\/uploads\/sites\/2\/2023\/12\/MicrosoftTeams-image-4-1536x1364.jpg 1536w, https:\/\/emea.technetix.com\/wp-content\/uploads\/sites\/2\/2023\/12\/MicrosoftTeams-image-4-600x533.jpg 600w\" sizes=\"auto, (max-width: 2048px) 100vw, 2048px\" \/><\/figure>\n\n<\/div><\/div><\/div>\n\n<div class=\"gb-grid-column gb-grid-column-cb46cc96\"><div class=\"gb-container gb-container-cb46cc96\" id=\"content-col\"><div class=\"gb-inside-container\">\n<h2 class=\"gb-headline gb-headline-d02c52e4 gb-headline-text\">Puntos de acceso Wi-Fi DOCSIS (Serie SMHAP)<\/h2>\n\n\n<p>Las extensiones de plantas inal\u00e1mbricas y los servicios de hotspot est\u00e1n a solo un paso de distancia. Una conexi\u00f3n r\u00e1pida y sencilla en cualquier tap o acoplador que pase energ\u00eda abre nuevas fuentes de ingresos. Esta unidad es un AP que cumple con los est\u00e1ndares con un modelo de cable DOCSIS integrado para backhaul. Un dispositivo extremadamente flexible: se pueden implementar aplicaciones de punto de acceso, punto a punto, punto a multipunto y de malla.   <\/p>\n\n\n\n<ul class=\"wp-block-list\">\n<li>Variantes disponibles como Mikrotik, RouterOS instalado.<\/li>\n\n\n\n<li>Admite protocolos de enrutamiento avanzados, como OSFP y MPLA\/VPLS<\/li>\n\n\n\n<li>Se puede utilizar tanto en configuraciones en puente como enrutadas<\/li>\n\n\n\n<li>2\u00d72 MIMO 2 flujos espaciales<\/li>\n\n\n\n<li>Se admiten actualizaciones remotas de firmware, se pueden administrar mediante SNMP, HHTP, CLI (SSH o Telnet) y una utilidad basada en Windows\u00ae f\u00e1cil de usar<\/li>\n<\/ul>\n\n<\/div><\/div><\/div>\n<\/div>\n\n<div class=\"gb-container gb-container-dbeed0b8 gb-container-con-buttons-bottom\">\n\n<h2 class=\"gb-headline gb-headline-7ce6fa4b gb-headline-text gb-headline-head-bottom-buttons\">Enlaces de inter\u00e9s<\/h2>\n\n\n<div class=\"gb-button-wrapper gb-button-wrapper-5300c273 gb-button-wrapper-after-con-buttons\">\n\n<a class=\"gb-button gb-button-3eadfa91 gb-button-text gb-button-bottom-button\" href=\"https:\/\/emea.technetix.com\/wp-content\/uploads\/sites\/2\/2023\/11\/SMHAP_Series_V1_DS_EN.pdf\" target=\"_blank\" rel=\"noopener noreferrer\">Ficha t\u00e9cnica<\/a>\n\n\n\n<a class=\"gb-button gb-button-74bfad52 gb-button-text gb-button-bottom-button\" href=\"https:\/\/emea.technetix.com\/es\/contactenos\/\">Cont\u00e1ctenos<\/a>\n\n<\/div>\n<\/div>\n<\/div>","protected":false},"excerpt":{"rendered":"<p>Enlaces de inter\u00e9s<\/p>\n","protected":false},"author":21,"featured_media":0,"parent":7118,"menu_order":0,"comment_status":"closed","ping_status":"closed","template":"","meta":{"_acf_changed":false,"_gspb_post_css":"","footnotes":""},"class_list":["post-300118","page","type-page","status-publish"],"yoast_head":"<!-- This site is optimized with the Yoast SEO Premium plugin v22.5 (Yoast SEO v27.4) - https:\/\/yoast.com\/product\/yoast-seo-premium-wordpress\/ -->\n<title>Puntos de acceso Wi-Fi DOCSIS (Serie SMHAP) - Technetix EMEA<\/title>\n<meta name=\"robots\" content=\"index, follow, max-snippet:-1, max-image-preview:large, max-video-preview:-1\" \/>\n<link rel=\"canonical\" href=\"https:\/\/emea.technetix.com\/es\/inalambrico\/puntos-de-acceso-wi-fi-docsis-serie-smhap\/\" \/>\n<meta property=\"og:locale\" content=\"es_ES\" \/>\n<meta property=\"og:type\" content=\"article\" \/>\n<meta property=\"og:title\" content=\"Puntos de acceso Wi-Fi DOCSIS (Serie SMHAP) - Technetix EMEA\" \/>\n<meta property=\"og:description\" content=\"Enlaces de inter\u00e9s\" \/>\n<meta property=\"og:url\" content=\"https:\/\/emea.technetix.com\/es\/inalambrico\/puntos-de-acceso-wi-fi-docsis-serie-smhap\/\" \/>\n<meta property=\"og:site_name\" content=\"Technetix EMEA\" \/>\n<meta property=\"article:modified_time\" content=\"2024-03-06T15:38:43+00:00\" \/>\n<meta property=\"og:image\" content=\"https:\/\/emea.technetix.com\/wp-content\/uploads\/sites\/2\/2023\/12\/MicrosoftTeams-image-4.jpg\" \/>\n<meta name=\"twitter:card\" content=\"summary_large_image\" \/>\n<meta name=\"twitter:site\" content=\"@technetixgroup\" \/>\n<meta name=\"twitter:label1\" content=\"Tiempo de lectura\" \/>\n\t<meta name=\"twitter:data1\" content=\"1 minuto\" \/>\n<script type=\"application\/ld+json\" class=\"yoast-schema-graph\">{\"@context\":\"https:\\\/\\\/schema.org\",\"@graph\":[{\"@type\":\"WebPage\",\"@id\":\"https:\\\/\\\/emea.technetix.com\\\/es\\\/inalambrico\\\/puntos-de-acceso-wi-fi-docsis-serie-smhap\\\/\",\"url\":\"https:\\\/\\\/emea.technetix.com\\\/es\\\/inalambrico\\\/puntos-de-acceso-wi-fi-docsis-serie-smhap\\\/\",\"name\":\"Puntos de acceso Wi-Fi DOCSIS (Serie SMHAP) - Technetix EMEA\",\"isPartOf\":{\"@id\":\"https:\\\/\\\/emea.technetix.com\\\/es\\\/#website\"},\"primaryImageOfPage\":{\"@id\":\"https:\\\/\\\/emea.technetix.com\\\/es\\\/inalambrico\\\/puntos-de-acceso-wi-fi-docsis-serie-smhap\\\/#primaryimage\"},\"image\":{\"@id\":\"https:\\\/\\\/emea.technetix.com\\\/es\\\/inalambrico\\\/puntos-de-acceso-wi-fi-docsis-serie-smhap\\\/#primaryimage\"},\"thumbnailUrl\":\"https:\\\/\\\/emea.technetix.com\\\/wp-content\\\/uploads\\\/sites\\\/2\\\/2023\\\/12\\\/MicrosoftTeams-image-4.jpg\",\"datePublished\":\"2023-11-14T16:22:39+00:00\",\"dateModified\":\"2024-03-06T15:38:43+00:00\",\"breadcrumb\":{\"@id\":\"https:\\\/\\\/emea.technetix.com\\\/es\\\/inalambrico\\\/puntos-de-acceso-wi-fi-docsis-serie-smhap\\\/#breadcrumb\"},\"inLanguage\":\"es\",\"potentialAction\":[{\"@type\":\"ReadAction\",\"target\":[\"https:\\\/\\\/emea.technetix.com\\\/es\\\/inalambrico\\\/puntos-de-acceso-wi-fi-docsis-serie-smhap\\\/\"]}]},{\"@type\":\"ImageObject\",\"inLanguage\":\"es\",\"@id\":\"https:\\\/\\\/emea.technetix.com\\\/es\\\/inalambrico\\\/puntos-de-acceso-wi-fi-docsis-serie-smhap\\\/#primaryimage\",\"url\":\"https:\\\/\\\/emea.technetix.com\\\/wp-content\\\/uploads\\\/sites\\\/2\\\/2023\\\/12\\\/MicrosoftTeams-image-4.jpg\",\"contentUrl\":\"https:\\\/\\\/emea.technetix.com\\\/wp-content\\\/uploads\\\/sites\\\/2\\\/2023\\\/12\\\/MicrosoftTeams-image-4.jpg\"},{\"@type\":\"BreadcrumbList\",\"@id\":\"https:\\\/\\\/emea.technetix.com\\\/es\\\/inalambrico\\\/puntos-de-acceso-wi-fi-docsis-serie-smhap\\\/#breadcrumb\",\"itemListElement\":[{\"@type\":\"ListItem\",\"position\":1,\"name\":\"Home\",\"item\":\"https:\\\/\\\/emea.technetix.com\\\/es\\\/\"},{\"@type\":\"ListItem\",\"position\":2,\"name\":\"Inal\u00e1mbrico\",\"item\":\"https:\\\/\\\/emea.technetix.com\\\/es\\\/inalambrico\\\/\"},{\"@type\":\"ListItem\",\"position\":3,\"name\":\"Puntos de acceso Wi-Fi DOCSIS (Serie SMHAP)\"}]},{\"@type\":\"WebSite\",\"@id\":\"https:\\\/\\\/emea.technetix.com\\\/es\\\/#website\",\"url\":\"https:\\\/\\\/emea.technetix.com\\\/es\\\/\",\"name\":\"Technetix\",\"description\":\"Next-generation broadband equipment engineering\",\"publisher\":{\"@id\":\"https:\\\/\\\/emea.technetix.com\\\/es\\\/#organization\"},\"potentialAction\":[{\"@type\":\"SearchAction\",\"target\":{\"@type\":\"EntryPoint\",\"urlTemplate\":\"https:\\\/\\\/emea.technetix.com\\\/es\\\/?s={search_term_string}\"},\"query-input\":{\"@type\":\"PropertyValueSpecification\",\"valueRequired\":true,\"valueName\":\"search_term_string\"}}],\"inLanguage\":\"es\"},{\"@type\":\"Organization\",\"@id\":\"https:\\\/\\\/emea.technetix.com\\\/es\\\/#organization\",\"name\":\"Technetix\",\"url\":\"https:\\\/\\\/emea.technetix.com\\\/es\\\/\",\"logo\":{\"@type\":\"ImageObject\",\"inLanguage\":\"es\",\"@id\":\"https:\\\/\\\/emea.technetix.com\\\/es\\\/#\\\/schema\\\/logo\\\/image\\\/\",\"url\":\"https:\\\/\\\/emea.technetix.com\\\/wp-content\\\/uploads\\\/sites\\\/2\\\/2023\\\/06\\\/logo-Technetix-1000x1000-1.png\",\"contentUrl\":\"https:\\\/\\\/emea.technetix.com\\\/wp-content\\\/uploads\\\/sites\\\/2\\\/2023\\\/06\\\/logo-Technetix-1000x1000-1.png\",\"width\":1000,\"height\":1000,\"caption\":\"Technetix\"},\"image\":{\"@id\":\"https:\\\/\\\/emea.technetix.com\\\/es\\\/#\\\/schema\\\/logo\\\/image\\\/\"},\"sameAs\":[\"https:\\\/\\\/x.com\\\/technetixgroup\",\"https:\\\/\\\/www.linkedin.com\\\/company\\\/technetix\\\/\",\"https:\\\/\\\/www.youtube.com\\\/c\\\/Technetix-group\"]}]}<\/script>\n<!-- \/ Yoast SEO Premium plugin. -->","yoast_head_json":{"title":"Puntos de acceso Wi-Fi DOCSIS (Serie SMHAP) - Technetix EMEA","robots":{"index":"index","follow":"follow","max-snippet":"max-snippet:-1","max-image-preview":"max-image-preview:large","max-video-preview":"max-video-preview:-1"},"canonical":"https:\/\/emea.technetix.com\/es\/inalambrico\/puntos-de-acceso-wi-fi-docsis-serie-smhap\/","og_locale":"es_ES","og_type":"article","og_title":"Puntos de acceso Wi-Fi DOCSIS (Serie SMHAP) - Technetix EMEA","og_description":"Enlaces de inter\u00e9s","og_url":"https:\/\/emea.technetix.com\/es\/inalambrico\/puntos-de-acceso-wi-fi-docsis-serie-smhap\/","og_site_name":"Technetix EMEA","article_modified_time":"2024-03-06T15:38:43+00:00","og_image":[{"url":"https:\/\/emea.technetix.com\/wp-content\/uploads\/sites\/2\/2023\/12\/MicrosoftTeams-image-4.jpg","type":"","width":"","height":""}],"twitter_card":"summary_large_image","twitter_site":"@technetixgroup","twitter_misc":{"Tiempo de lectura":"1 minuto"},"schema":{"@context":"https:\/\/schema.org","@graph":[{"@type":"WebPage","@id":"https:\/\/emea.technetix.com\/es\/inalambrico\/puntos-de-acceso-wi-fi-docsis-serie-smhap\/","url":"https:\/\/emea.technetix.com\/es\/inalambrico\/puntos-de-acceso-wi-fi-docsis-serie-smhap\/","name":"Puntos de acceso Wi-Fi DOCSIS (Serie SMHAP) - Technetix EMEA","isPartOf":{"@id":"https:\/\/emea.technetix.com\/es\/#website"},"primaryImageOfPage":{"@id":"https:\/\/emea.technetix.com\/es\/inalambrico\/puntos-de-acceso-wi-fi-docsis-serie-smhap\/#primaryimage"},"image":{"@id":"https:\/\/emea.technetix.com\/es\/inalambrico\/puntos-de-acceso-wi-fi-docsis-serie-smhap\/#primaryimage"},"thumbnailUrl":"https:\/\/emea.technetix.com\/wp-content\/uploads\/sites\/2\/2023\/12\/MicrosoftTeams-image-4.jpg","datePublished":"2023-11-14T16:22:39+00:00","dateModified":"2024-03-06T15:38:43+00:00","breadcrumb":{"@id":"https:\/\/emea.technetix.com\/es\/inalambrico\/puntos-de-acceso-wi-fi-docsis-serie-smhap\/#breadcrumb"},"inLanguage":"es","potentialAction":[{"@type":"ReadAction","target":["https:\/\/emea.technetix.com\/es\/inalambrico\/puntos-de-acceso-wi-fi-docsis-serie-smhap\/"]}]},{"@type":"ImageObject","inLanguage":"es","@id":"https:\/\/emea.technetix.com\/es\/inalambrico\/puntos-de-acceso-wi-fi-docsis-serie-smhap\/#primaryimage","url":"https:\/\/emea.technetix.com\/wp-content\/uploads\/sites\/2\/2023\/12\/MicrosoftTeams-image-4.jpg","contentUrl":"https:\/\/emea.technetix.com\/wp-content\/uploads\/sites\/2\/2023\/12\/MicrosoftTeams-image-4.jpg"},{"@type":"BreadcrumbList","@id":"https:\/\/emea.technetix.com\/es\/inalambrico\/puntos-de-acceso-wi-fi-docsis-serie-smhap\/#breadcrumb","itemListElement":[{"@type":"ListItem","position":1,"name":"Home","item":"https:\/\/emea.technetix.com\/es\/"},{"@type":"ListItem","position":2,"name":"Inal\u00e1mbrico","item":"https:\/\/emea.technetix.com\/es\/inalambrico\/"},{"@type":"ListItem","position":3,"name":"Puntos de acceso Wi-Fi DOCSIS (Serie SMHAP)"}]},{"@type":"WebSite","@id":"https:\/\/emea.technetix.com\/es\/#website","url":"https:\/\/emea.technetix.com\/es\/","name":"Technetix","description":"Next-generation broadband equipment engineering","publisher":{"@id":"https:\/\/emea.technetix.com\/es\/#organization"},"potentialAction":[{"@type":"SearchAction","target":{"@type":"EntryPoint","urlTemplate":"https:\/\/emea.technetix.com\/es\/?s={search_term_string}"},"query-input":{"@type":"PropertyValueSpecification","valueRequired":true,"valueName":"search_term_string"}}],"inLanguage":"es"},{"@type":"Organization","@id":"https:\/\/emea.technetix.com\/es\/#organization","name":"Technetix","url":"https:\/\/emea.technetix.com\/es\/","logo":{"@type":"ImageObject","inLanguage":"es","@id":"https:\/\/emea.technetix.com\/es\/#\/schema\/logo\/image\/","url":"https:\/\/emea.technetix.com\/wp-content\/uploads\/sites\/2\/2023\/06\/logo-Technetix-1000x1000-1.png","contentUrl":"https:\/\/emea.technetix.com\/wp-content\/uploads\/sites\/2\/2023\/06\/logo-Technetix-1000x1000-1.png","width":1000,"height":1000,"caption":"Technetix"},"image":{"@id":"https:\/\/emea.technetix.com\/es\/#\/schema\/logo\/image\/"},"sameAs":["https:\/\/x.com\/technetixgroup","https:\/\/www.linkedin.com\/company\/technetix\/","https:\/\/www.youtube.com\/c\/Technetix-group"]}]}},"acf":[],"publishpress_future_workflow_manual_trigger":{"enabledWorkflows":[]},"_links":{"self":[{"href":"https:\/\/emea.technetix.com\/es\/wp-json\/wp\/v2\/pages\/300118","targetHints":{"allow":["GET"]}}],"collection":[{"href":"https:\/\/emea.technetix.com\/es\/wp-json\/wp\/v2\/pages"}],"about":[{"href":"https:\/\/emea.technetix.com\/es\/wp-json\/wp\/v2\/types\/page"}],"author":[{"embeddable":true,"href":"https:\/\/emea.technetix.com\/es\/wp-json\/wp\/v2\/users\/21"}],"replies":[{"embeddable":true,"href":"https:\/\/emea.technetix.com\/es\/wp-json\/wp\/v2\/comments?post=300118"}],"version-history":[{"count":0,"href":"https:\/\/emea.technetix.com\/es\/wp-json\/wp\/v2\/pages\/300118\/revisions"}],"up":[{"embeddable":true,"href":"https:\/\/emea.technetix.com\/es\/wp-json\/wp\/v2\/pages\/7118"}],"wp:attachment":[{"href":"https:\/\/emea.technetix.com\/es\/wp-json\/wp\/v2\/media?parent=300118"}],"curies":[{"name":"wp","href":"https:\/\/api.w.org\/{rel}","templated":true}]}}