{"id":299947,"date":"2023-11-14T14:47:43","date_gmt":"2023-11-14T14:47:43","guid":{"rendered":"https:\/\/emea.technetix.com\/xhaul\/puertas-de-enlace-opticas-hfc-poe-pon\/"},"modified":"2024-05-22T10:01:34","modified_gmt":"2024-05-22T10:01:34","slug":"puertas-de-enlace-opticas-hfc-poe-pon","status":"publish","type":"page","link":"https:\/\/emea.technetix.com\/es\/inalambrico\/puertas-de-enlace-opticas-hfc-poe-pon\/","title":{"rendered":"Puertas de enlace \u00f3pticas HFC PoE PON"},"content":{"rendered":"<div class=\"gb-container gb-container-6741be28 gb-container-con-centered-header\" id=\"intro\">\n<div class=\"gb-container gb-container-58e0a5c7 gb-container-con-centered-header\" id=\"intro\">\n\n<div style=\"height:35px\" aria-hidden=\"true\" class=\"wp-block-spacer\"><\/div>\n\n\n\n<h1 class=\"gb-headline gb-headline-724f5148 gb-headline-text\">Puertas de enlace \u00f3pticas HFC PoE PON<\/h1>\n\n\n\n<h6 class=\"gb-headline gb-headline-b6d351a8 gb-headline-text\">Las puertas de enlace PON \u00f3pticas, HFC, de alimentaci\u00f3n a trav\u00e9s de Ethernet (PoE) de Technetix permiten servicios de Internet de alta velocidad a cualquier dispositivo IP conectado al puerto Ethernet a trav\u00e9s de la conectividad GPON OLT. Entrega 1 Gbps de datos combinados con voltajes PoE pasivos con una potencia m\u00e1xima de 20 W. Delivering 1 Gbps of data combined with passive PoE voltages with a maximum power of 20 W. <\/h6>\n\n\n\n<div style=\"height:35px\" aria-hidden=\"true\" class=\"wp-block-spacer\"><\/div>\n\n<\/div>\n<\/div>\n\n<div class=\"gb-container gb-container-3070dded gb-container-wide-back-page-con\" id=\"cards\">\n<div class=\"gb-container gb-container-65c0b9b3 gb-container-wide-back-page-con\">\n<div class=\"gb-grid-wrapper gb-grid-wrapper-53f55656\">\n<div class=\"gb-grid-column gb-grid-column-111762de\"><div class=\"gb-container gb-container-111762de image-link-block\"><a class=\"gb-container-link\" href=\"https:\/\/emea.technetix.com\/es\/xhaul\/puertas-de-enlace-opticas-hfc-poe-pon\/puerta-de-enlace-optica-hfc-poe-pon-lbog-f601-ont-solo-cala\/\"><\/a><div class=\"gb-inside-container\">\n<div class=\"gb-container gb-container-c51a427e\"><div class=\"gb-inside-container\">\n\n<figure class=\"gb-block-image gb-block-image-92ef0c3b\"><img loading=\"lazy\" decoding=\"async\" width=\"1000\" height=\"500\" class=\"gb-image gb-image-92ef0c3b\" src=\"https:\/\/emea.technetix.com\/wp-content\/uploads\/sites\/2\/2023\/12\/5000x2500px-tiles_0002_DOCSIS-2-1.png\" alt=\"\" title=\"5000x2500px-tiles_0002_DOCSIS-2-1\" srcset=\"https:\/\/emea.technetix.com\/wp-content\/uploads\/sites\/2\/2023\/12\/5000x2500px-tiles_0002_DOCSIS-2-1.png 1000w, https:\/\/emea.technetix.com\/wp-content\/uploads\/sites\/2\/2023\/12\/5000x2500px-tiles_0002_DOCSIS-2-1-300x150.png 300w, https:\/\/emea.technetix.com\/wp-content\/uploads\/sites\/2\/2023\/12\/5000x2500px-tiles_0002_DOCSIS-2-1-768x384.png 768w, https:\/\/emea.technetix.com\/wp-content\/uploads\/sites\/2\/2023\/12\/5000x2500px-tiles_0002_DOCSIS-2-1-600x300.png 600w\" sizes=\"auto, (max-width: 1000px) 100vw, 1000px\" \/><\/figure>\n\n\n\n<h2 class=\"gb-headline gb-headline-8057c017 gb-headline-text\">Puerta de enlace \u00f3ptica HFC PoE PON (LBOG-F601-ONT) (solo CALA)<\/h2>\n\n\n\n<p class=\"gb-headline gb-headline-380a8e6b gb-headline-text\"><\/p>\n\n<\/div><\/div>\n<\/div><\/div><\/div>\n\n<div class=\"gb-grid-column gb-grid-column-0960c838\"><div class=\"gb-container gb-container-0960c838 image-link-block\"><a class=\"gb-container-link\" href=\"https:\/\/emea.technetix.com\/es\/xhaul\/puertas-de-enlace-opticas-hfc-poe-pon\/puerta-de-enlace-optica-hfc-poe-pon-lbog-hg8010h-ont-solo-cala\/\"><\/a><div class=\"gb-inside-container\">\n<div class=\"gb-container gb-container-df6cbcc9\"><div class=\"gb-inside-container\">\n\n<figure class=\"gb-block-image gb-block-image-6787b70f\"><img loading=\"lazy\" decoding=\"async\" width=\"1000\" height=\"500\" class=\"gb-image gb-image-6787b70f\" src=\"https:\/\/emea.technetix.com\/wp-content\/uploads\/sites\/2\/2023\/12\/5000x2500px-tiles_0002_DOCSIS-2.png\" alt=\"\" title=\"5000x2500px-tiles_0002_DOCSIS-2\" srcset=\"https:\/\/emea.technetix.com\/wp-content\/uploads\/sites\/2\/2023\/12\/5000x2500px-tiles_0002_DOCSIS-2.png 1000w, https:\/\/emea.technetix.com\/wp-content\/uploads\/sites\/2\/2023\/12\/5000x2500px-tiles_0002_DOCSIS-2-300x150.png 300w, https:\/\/emea.technetix.com\/wp-content\/uploads\/sites\/2\/2023\/12\/5000x2500px-tiles_0002_DOCSIS-2-768x384.png 768w, https:\/\/emea.technetix.com\/wp-content\/uploads\/sites\/2\/2023\/12\/5000x2500px-tiles_0002_DOCSIS-2-600x300.png 600w\" sizes=\"auto, (max-width: 1000px) 100vw, 1000px\" \/><\/figure>\n\n\n\n<h2 class=\"gb-headline gb-headline-7341686a gb-headline-text\">Puerta de enlace \u00f3ptica HFC PoE PON (LOG-HG8010H-ONT) (solo CALA)<\/h2>\n\n\n\n<p class=\"gb-headline gb-headline-78d5eadf gb-headline-text\"><\/p>\n\n<\/div><\/div>\n<\/div><\/div><\/div>\n<\/div>\n<\/div>\n<\/div>","protected":false},"excerpt":{"rendered":"<p>Puertas de enlace \u00f3pticas HFC PoE PON Las puertas de enlace PON \u00f3pticas, HFC, de alimentaci\u00f3n a trav\u00e9s de Ethernet (PoE) de Technetix permiten servicios de Internet de alta velocidad a cualquier dispositivo IP conectado al puerto Ethernet a trav\u00e9s de la conectividad GPON OLT. Entrega 1 Gbps de datos combinados con voltajes PoE pasivos &#8230; <a title=\"Puertas de enlace \u00f3pticas HFC PoE PON\" class=\"read-more\" href=\"https:\/\/emea.technetix.com\/es\/inalambrico\/puertas-de-enlace-opticas-hfc-poe-pon\/\" aria-label=\"Leer m\u00e1s sobre Puertas de enlace \u00f3pticas HFC PoE PON\">Read more<\/a><\/p>\n","protected":false},"author":21,"featured_media":0,"parent":7118,"menu_order":0,"comment_status":"closed","ping_status":"closed","template":"","meta":{"_acf_changed":false,"_gspb_post_css":"","footnotes":""},"class_list":["post-299947","page","type-page","status-publish"],"yoast_head":"<!-- This site is optimized with the Yoast SEO Premium plugin v22.5 (Yoast SEO v27.4) - https:\/\/yoast.com\/product\/yoast-seo-premium-wordpress\/ -->\n<title>Puertas de enlace \u00f3pticas HFC PoE PON - Technetix EMEA<\/title>\n<meta name=\"robots\" content=\"index, follow, max-snippet:-1, max-image-preview:large, max-video-preview:-1\" \/>\n<link rel=\"canonical\" href=\"https:\/\/emea.technetix.com\/es\/inalambrico\/puertas-de-enlace-opticas-hfc-poe-pon\/\" \/>\n<meta property=\"og:locale\" content=\"es_ES\" \/>\n<meta property=\"og:type\" content=\"article\" \/>\n<meta property=\"og:title\" content=\"Puertas de enlace \u00f3pticas HFC PoE PON - Technetix EMEA\" \/>\n<meta property=\"og:description\" content=\"Puertas de enlace \u00f3pticas HFC PoE PON Las puertas de enlace PON \u00f3pticas, HFC, de alimentaci\u00f3n a trav\u00e9s de Ethernet (PoE) de Technetix permiten servicios de Internet de alta velocidad a cualquier dispositivo IP conectado al puerto Ethernet a trav\u00e9s de la conectividad GPON OLT. Entrega 1 Gbps de datos combinados con voltajes PoE pasivos ... Read more\" \/>\n<meta property=\"og:url\" content=\"https:\/\/emea.technetix.com\/es\/inalambrico\/puertas-de-enlace-opticas-hfc-poe-pon\/\" \/>\n<meta property=\"og:site_name\" content=\"Technetix EMEA\" \/>\n<meta property=\"article:modified_time\" content=\"2024-05-22T10:01:34+00:00\" \/>\n<meta property=\"og:image\" content=\"https:\/\/emea.technetix.com\/wp-content\/uploads\/sites\/2\/2023\/12\/5000x2500px-tiles_0002_DOCSIS-2-1.png\" \/>\n<meta name=\"twitter:card\" content=\"summary_large_image\" \/>\n<meta name=\"twitter:site\" content=\"@technetixgroup\" \/>\n<meta name=\"twitter:label1\" content=\"Tiempo de lectura\" \/>\n\t<meta name=\"twitter:data1\" content=\"1 minuto\" \/>\n<script type=\"application\/ld+json\" class=\"yoast-schema-graph\">{\"@context\":\"https:\\\/\\\/schema.org\",\"@graph\":[{\"@type\":\"WebPage\",\"@id\":\"https:\\\/\\\/emea.technetix.com\\\/es\\\/inalambrico\\\/puertas-de-enlace-opticas-hfc-poe-pon\\\/\",\"url\":\"https:\\\/\\\/emea.technetix.com\\\/es\\\/inalambrico\\\/puertas-de-enlace-opticas-hfc-poe-pon\\\/\",\"name\":\"Puertas de enlace \u00f3pticas HFC PoE PON - Technetix EMEA\",\"isPartOf\":{\"@id\":\"https:\\\/\\\/emea.technetix.com\\\/es\\\/#website\"},\"primaryImageOfPage\":{\"@id\":\"https:\\\/\\\/emea.technetix.com\\\/es\\\/inalambrico\\\/puertas-de-enlace-opticas-hfc-poe-pon\\\/#primaryimage\"},\"image\":{\"@id\":\"https:\\\/\\\/emea.technetix.com\\\/es\\\/inalambrico\\\/puertas-de-enlace-opticas-hfc-poe-pon\\\/#primaryimage\"},\"thumbnailUrl\":\"https:\\\/\\\/emea.technetix.com\\\/wp-content\\\/uploads\\\/sites\\\/2\\\/2023\\\/12\\\/5000x2500px-tiles_0002_DOCSIS-2-1.png\",\"datePublished\":\"2023-11-14T14:47:43+00:00\",\"dateModified\":\"2024-05-22T10:01:34+00:00\",\"breadcrumb\":{\"@id\":\"https:\\\/\\\/emea.technetix.com\\\/es\\\/inalambrico\\\/puertas-de-enlace-opticas-hfc-poe-pon\\\/#breadcrumb\"},\"inLanguage\":\"es\",\"potentialAction\":[{\"@type\":\"ReadAction\",\"target\":[\"https:\\\/\\\/emea.technetix.com\\\/es\\\/inalambrico\\\/puertas-de-enlace-opticas-hfc-poe-pon\\\/\"]}]},{\"@type\":\"ImageObject\",\"inLanguage\":\"es\",\"@id\":\"https:\\\/\\\/emea.technetix.com\\\/es\\\/inalambrico\\\/puertas-de-enlace-opticas-hfc-poe-pon\\\/#primaryimage\",\"url\":\"https:\\\/\\\/emea.technetix.com\\\/wp-content\\\/uploads\\\/sites\\\/2\\\/2023\\\/12\\\/5000x2500px-tiles_0002_DOCSIS-2-1.png\",\"contentUrl\":\"https:\\\/\\\/emea.technetix.com\\\/wp-content\\\/uploads\\\/sites\\\/2\\\/2023\\\/12\\\/5000x2500px-tiles_0002_DOCSIS-2-1.png\"},{\"@type\":\"BreadcrumbList\",\"@id\":\"https:\\\/\\\/emea.technetix.com\\\/es\\\/inalambrico\\\/puertas-de-enlace-opticas-hfc-poe-pon\\\/#breadcrumb\",\"itemListElement\":[{\"@type\":\"ListItem\",\"position\":1,\"name\":\"Home\",\"item\":\"https:\\\/\\\/emea.technetix.com\\\/es\\\/\"},{\"@type\":\"ListItem\",\"position\":2,\"name\":\"Inal\u00e1mbrico\",\"item\":\"https:\\\/\\\/emea.technetix.com\\\/es\\\/inalambrico\\\/\"},{\"@type\":\"ListItem\",\"position\":3,\"name\":\"Puertas de enlace \u00f3pticas HFC PoE PON\"}]},{\"@type\":\"WebSite\",\"@id\":\"https:\\\/\\\/emea.technetix.com\\\/es\\\/#website\",\"url\":\"https:\\\/\\\/emea.technetix.com\\\/es\\\/\",\"name\":\"Technetix\",\"description\":\"Next-generation broadband equipment engineering\",\"publisher\":{\"@id\":\"https:\\\/\\\/emea.technetix.com\\\/es\\\/#organization\"},\"potentialAction\":[{\"@type\":\"SearchAction\",\"target\":{\"@type\":\"EntryPoint\",\"urlTemplate\":\"https:\\\/\\\/emea.technetix.com\\\/es\\\/?s={search_term_string}\"},\"query-input\":{\"@type\":\"PropertyValueSpecification\",\"valueRequired\":true,\"valueName\":\"search_term_string\"}}],\"inLanguage\":\"es\"},{\"@type\":\"Organization\",\"@id\":\"https:\\\/\\\/emea.technetix.com\\\/es\\\/#organization\",\"name\":\"Technetix\",\"url\":\"https:\\\/\\\/emea.technetix.com\\\/es\\\/\",\"logo\":{\"@type\":\"ImageObject\",\"inLanguage\":\"es\",\"@id\":\"https:\\\/\\\/emea.technetix.com\\\/es\\\/#\\\/schema\\\/logo\\\/image\\\/\",\"url\":\"https:\\\/\\\/emea.technetix.com\\\/wp-content\\\/uploads\\\/sites\\\/2\\\/2023\\\/06\\\/logo-Technetix-1000x1000-1.png\",\"contentUrl\":\"https:\\\/\\\/emea.technetix.com\\\/wp-content\\\/uploads\\\/sites\\\/2\\\/2023\\\/06\\\/logo-Technetix-1000x1000-1.png\",\"width\":1000,\"height\":1000,\"caption\":\"Technetix\"},\"image\":{\"@id\":\"https:\\\/\\\/emea.technetix.com\\\/es\\\/#\\\/schema\\\/logo\\\/image\\\/\"},\"sameAs\":[\"https:\\\/\\\/x.com\\\/technetixgroup\",\"https:\\\/\\\/www.linkedin.com\\\/company\\\/technetix\\\/\",\"https:\\\/\\\/www.youtube.com\\\/c\\\/Technetix-group\"]}]}<\/script>\n<!-- \/ Yoast SEO Premium plugin. -->","yoast_head_json":{"title":"Puertas de enlace \u00f3pticas HFC PoE PON - Technetix EMEA","robots":{"index":"index","follow":"follow","max-snippet":"max-snippet:-1","max-image-preview":"max-image-preview:large","max-video-preview":"max-video-preview:-1"},"canonical":"https:\/\/emea.technetix.com\/es\/inalambrico\/puertas-de-enlace-opticas-hfc-poe-pon\/","og_locale":"es_ES","og_type":"article","og_title":"Puertas de enlace \u00f3pticas HFC PoE PON - Technetix EMEA","og_description":"Puertas de enlace \u00f3pticas HFC PoE PON Las puertas de enlace PON \u00f3pticas, HFC, de alimentaci\u00f3n a trav\u00e9s de Ethernet (PoE) de Technetix permiten servicios de Internet de alta velocidad a cualquier dispositivo IP conectado al puerto Ethernet a trav\u00e9s de la conectividad GPON OLT. Entrega 1 Gbps de datos combinados con voltajes PoE pasivos ... Read more","og_url":"https:\/\/emea.technetix.com\/es\/inalambrico\/puertas-de-enlace-opticas-hfc-poe-pon\/","og_site_name":"Technetix EMEA","article_modified_time":"2024-05-22T10:01:34+00:00","og_image":[{"url":"https:\/\/emea.technetix.com\/wp-content\/uploads\/sites\/2\/2023\/12\/5000x2500px-tiles_0002_DOCSIS-2-1.png","type":"","width":"","height":""}],"twitter_card":"summary_large_image","twitter_site":"@technetixgroup","twitter_misc":{"Tiempo de lectura":"1 minuto"},"schema":{"@context":"https:\/\/schema.org","@graph":[{"@type":"WebPage","@id":"https:\/\/emea.technetix.com\/es\/inalambrico\/puertas-de-enlace-opticas-hfc-poe-pon\/","url":"https:\/\/emea.technetix.com\/es\/inalambrico\/puertas-de-enlace-opticas-hfc-poe-pon\/","name":"Puertas de enlace \u00f3pticas HFC PoE PON - Technetix EMEA","isPartOf":{"@id":"https:\/\/emea.technetix.com\/es\/#website"},"primaryImageOfPage":{"@id":"https:\/\/emea.technetix.com\/es\/inalambrico\/puertas-de-enlace-opticas-hfc-poe-pon\/#primaryimage"},"image":{"@id":"https:\/\/emea.technetix.com\/es\/inalambrico\/puertas-de-enlace-opticas-hfc-poe-pon\/#primaryimage"},"thumbnailUrl":"https:\/\/emea.technetix.com\/wp-content\/uploads\/sites\/2\/2023\/12\/5000x2500px-tiles_0002_DOCSIS-2-1.png","datePublished":"2023-11-14T14:47:43+00:00","dateModified":"2024-05-22T10:01:34+00:00","breadcrumb":{"@id":"https:\/\/emea.technetix.com\/es\/inalambrico\/puertas-de-enlace-opticas-hfc-poe-pon\/#breadcrumb"},"inLanguage":"es","potentialAction":[{"@type":"ReadAction","target":["https:\/\/emea.technetix.com\/es\/inalambrico\/puertas-de-enlace-opticas-hfc-poe-pon\/"]}]},{"@type":"ImageObject","inLanguage":"es","@id":"https:\/\/emea.technetix.com\/es\/inalambrico\/puertas-de-enlace-opticas-hfc-poe-pon\/#primaryimage","url":"https:\/\/emea.technetix.com\/wp-content\/uploads\/sites\/2\/2023\/12\/5000x2500px-tiles_0002_DOCSIS-2-1.png","contentUrl":"https:\/\/emea.technetix.com\/wp-content\/uploads\/sites\/2\/2023\/12\/5000x2500px-tiles_0002_DOCSIS-2-1.png"},{"@type":"BreadcrumbList","@id":"https:\/\/emea.technetix.com\/es\/inalambrico\/puertas-de-enlace-opticas-hfc-poe-pon\/#breadcrumb","itemListElement":[{"@type":"ListItem","position":1,"name":"Home","item":"https:\/\/emea.technetix.com\/es\/"},{"@type":"ListItem","position":2,"name":"Inal\u00e1mbrico","item":"https:\/\/emea.technetix.com\/es\/inalambrico\/"},{"@type":"ListItem","position":3,"name":"Puertas de enlace \u00f3pticas HFC PoE PON"}]},{"@type":"WebSite","@id":"https:\/\/emea.technetix.com\/es\/#website","url":"https:\/\/emea.technetix.com\/es\/","name":"Technetix","description":"Next-generation broadband equipment engineering","publisher":{"@id":"https:\/\/emea.technetix.com\/es\/#organization"},"potentialAction":[{"@type":"SearchAction","target":{"@type":"EntryPoint","urlTemplate":"https:\/\/emea.technetix.com\/es\/?s={search_term_string}"},"query-input":{"@type":"PropertyValueSpecification","valueRequired":true,"valueName":"search_term_string"}}],"inLanguage":"es"},{"@type":"Organization","@id":"https:\/\/emea.technetix.com\/es\/#organization","name":"Technetix","url":"https:\/\/emea.technetix.com\/es\/","logo":{"@type":"ImageObject","inLanguage":"es","@id":"https:\/\/emea.technetix.com\/es\/#\/schema\/logo\/image\/","url":"https:\/\/emea.technetix.com\/wp-content\/uploads\/sites\/2\/2023\/06\/logo-Technetix-1000x1000-1.png","contentUrl":"https:\/\/emea.technetix.com\/wp-content\/uploads\/sites\/2\/2023\/06\/logo-Technetix-1000x1000-1.png","width":1000,"height":1000,"caption":"Technetix"},"image":{"@id":"https:\/\/emea.technetix.com\/es\/#\/schema\/logo\/image\/"},"sameAs":["https:\/\/x.com\/technetixgroup","https:\/\/www.linkedin.com\/company\/technetix\/","https:\/\/www.youtube.com\/c\/Technetix-group"]}]}},"acf":[],"publishpress_future_workflow_manual_trigger":{"enabledWorkflows":[]},"_links":{"self":[{"href":"https:\/\/emea.technetix.com\/es\/wp-json\/wp\/v2\/pages\/299947","targetHints":{"allow":["GET"]}}],"collection":[{"href":"https:\/\/emea.technetix.com\/es\/wp-json\/wp\/v2\/pages"}],"about":[{"href":"https:\/\/emea.technetix.com\/es\/wp-json\/wp\/v2\/types\/page"}],"author":[{"embeddable":true,"href":"https:\/\/emea.technetix.com\/es\/wp-json\/wp\/v2\/users\/21"}],"replies":[{"embeddable":true,"href":"https:\/\/emea.technetix.com\/es\/wp-json\/wp\/v2\/comments?post=299947"}],"version-history":[{"count":0,"href":"https:\/\/emea.technetix.com\/es\/wp-json\/wp\/v2\/pages\/299947\/revisions"}],"up":[{"embeddable":true,"href":"https:\/\/emea.technetix.com\/es\/wp-json\/wp\/v2\/pages\/7118"}],"wp:attachment":[{"href":"https:\/\/emea.technetix.com\/es\/wp-json\/wp\/v2\/media?parent=299947"}],"curies":[{"name":"wp","href":"https:\/\/api.w.org\/{rel}","templated":true}]}}