{"id":299945,"date":"2023-11-14T12:53:54","date_gmt":"2023-11-14T12:53:54","guid":{"rendered":"https:\/\/emea.technetix.com\/xhaul\/puertas-de-enlace-poe-docsis\/puerta-de-enlace-poe-docsis-salida-de-50-w-output-lbdg-pro-50-docsis-3-1-1p\/"},"modified":"2024-03-06T12:51:35","modified_gmt":"2024-03-06T12:51:35","slug":"puerta-de-enlace-poe-docsis-salida-de-50-w-output-lbdg-pro-50-docsis-3-1-1p","status":"publish","type":"page","link":"https:\/\/emea.technetix.com\/es\/inalambrico\/puertas-de-enlace-poe-docsis\/puerta-de-enlace-poe-docsis-salida-de-50-w-output-lbdg-pro-50-docsis-3-1-1p\/","title":{"rendered":"Puerta de enlace PoE++ DOCSIS\u00ae Salida de 50 W (LBDG-PRO-50 DOCSIS 3.1 1P)"},"content":{"rendered":"<div class=\"gb-container gb-container-a2efb66f gb-container-wide-back-page-con\" id=\"content\">\n<div class=\"gb-grid-wrapper gb-grid-wrapper-5efcc144\">\n<div class=\"gb-grid-column gb-grid-column-6e2f42ae\"><div class=\"gb-container gb-container-6e2f42ae\" id=\"image-col\"><div class=\"gb-inside-container\">\n\n<figure class=\"gb-block-image gb-block-image-61e35e7d\"><img loading=\"lazy\" decoding=\"async\" width=\"1000\" height=\"1000\" class=\"gb-image gb-image-61e35e7d\" src=\"https:\/\/emea.technetix.com\/wp-content\/uploads\/sites\/2\/2023\/12\/00000000_DOCSIS-3-1-GATEWAY-8200-POEP50_PRFL_01.png\" alt=\"\" title=\"00000000_DOCSIS-3-1-GATEWAY-8200-POE++P50_PRFL_01\" srcset=\"https:\/\/emea.technetix.com\/wp-content\/uploads\/sites\/2\/2023\/12\/00000000_DOCSIS-3-1-GATEWAY-8200-POEP50_PRFL_01.png 1000w, https:\/\/emea.technetix.com\/wp-content\/uploads\/sites\/2\/2023\/12\/00000000_DOCSIS-3-1-GATEWAY-8200-POEP50_PRFL_01-300x300.png 300w, https:\/\/emea.technetix.com\/wp-content\/uploads\/sites\/2\/2023\/12\/00000000_DOCSIS-3-1-GATEWAY-8200-POEP50_PRFL_01-150x150.png 150w, https:\/\/emea.technetix.com\/wp-content\/uploads\/sites\/2\/2023\/12\/00000000_DOCSIS-3-1-GATEWAY-8200-POEP50_PRFL_01-768x768.png 768w, https:\/\/emea.technetix.com\/wp-content\/uploads\/sites\/2\/2023\/12\/00000000_DOCSIS-3-1-GATEWAY-8200-POEP50_PRFL_01-600x600.png 600w, https:\/\/emea.technetix.com\/wp-content\/uploads\/sites\/2\/2023\/12\/00000000_DOCSIS-3-1-GATEWAY-8200-POEP50_PRFL_01-100x100.png 100w\" sizes=\"auto, (max-width: 1000px) 100vw, 1000px\" \/><\/figure>\n\n<\/div><\/div><\/div>\n\n<div class=\"gb-grid-column gb-grid-column-cb46cc96\"><div class=\"gb-container gb-container-cb46cc96\" id=\"content-col\"><div class=\"gb-inside-container\">\n<h2 class=\"gb-headline gb-headline-d02c52e4 gb-headline-text\">Puerta de enlace PoE++ DOCSIS\u00ae Salida de 50 W (LBDG-PRO-50 DOCSIS 3.1 1P)<\/h2>\n\n\n<p>Una infraestructura asequible basada en DOCSIS\u00ae 3.1 para habilitar su c\u00e1mara IP o punto de acceso de celda peque\u00f1a compatible con esquemas de cuatro pares basado en 802.3at preferido. Dise\u00f1ado para mantener la confiabilidad y al mismo tiempo minimizar los costes, el gateway reforzado utiliza un m\u00f3dem de cable DOCSIS basado en est\u00e1ndares controlado por el operador y puede usarse junto con sistemas de monitoreo SNMP para evaluar las condiciones de la l\u00ednea de la planta de cable. <\/p>\n\n\n\n<ul class=\"wp-block-list\">\n<li>Carcasa de aluminio fundido<\/li>\n\n\n\n<li>Montaje a\u00e9reo, pedestal o pared<\/li>\n\n\n\n<li>Rango de temperatura de funcionamiento de 40\u00b0C a +60\u00b0C (-40\u00b0F a +140\u00b0F)<\/li>\n\n\n\n<li>La interfaz de alimentaci\u00f3n coaxial protege el rendimiento de RF de la planta de HFC<\/li>\n<\/ul>\n\n<\/div><\/div><\/div>\n<\/div>\n\n<div class=\"gb-container gb-container-dbeed0b8 gb-container-con-buttons-bottom\">\n\n<h2 class=\"gb-headline gb-headline-7ce6fa4b gb-headline-text gb-headline-head-bottom-buttons\">Enlaces de inter\u00e9s<\/h2>\n\n\n<div class=\"gb-button-wrapper gb-button-wrapper-5300c273 gb-button-wrapper-after-con-buttons\">\n\n<a class=\"gb-button gb-button-3eadfa91 gb-button-text gb-button-bottom-button\" href=\"https:\/\/emea.technetix.com\/wp-content\/uploads\/sites\/2\/2023\/11\/LBDG_PRO_50_DOCSIS3_1_1P_V1_DS_EN.pdf\" target=\"_blank\" rel=\"noopener noreferrer\">Ficha t\u00e9cnica<\/a>\n\n\n\n<a class=\"gb-button gb-button-74bfad52 gb-button-text gb-button-bottom-button\" href=\"https:\/\/emea.technetix.com\/es\/contactenos\/\">Cont\u00e1ctenos<\/a>\n\n<\/div>\n<\/div>\n<\/div>","protected":false},"excerpt":{"rendered":"<p>Enlaces de inter\u00e9s<\/p>\n","protected":false},"author":21,"featured_media":0,"parent":299899,"menu_order":0,"comment_status":"closed","ping_status":"closed","template":"","meta":{"_acf_changed":false,"_gspb_post_css":"","footnotes":""},"class_list":["post-299945","page","type-page","status-publish"],"yoast_head":"<!-- This site is optimized with the Yoast SEO Premium plugin v22.5 (Yoast SEO v27.4) - https:\/\/yoast.com\/product\/yoast-seo-premium-wordpress\/ -->\n<title>Puerta de enlace PoE++ DOCSIS\u00ae Salida de 50 W (LBDG-PRO-50 DOCSIS 3.1 1P) - Technetix EMEA<\/title>\n<meta name=\"robots\" content=\"index, follow, max-snippet:-1, max-image-preview:large, max-video-preview:-1\" \/>\n<link rel=\"canonical\" href=\"https:\/\/emea.technetix.com\/es\/inalambrico\/puertas-de-enlace-poe-docsis\/puerta-de-enlace-poe-docsis-salida-de-50-w-output-lbdg-pro-50-docsis-3-1-1p\/\" \/>\n<meta property=\"og:locale\" content=\"es_ES\" \/>\n<meta property=\"og:type\" content=\"article\" \/>\n<meta property=\"og:title\" content=\"Puerta de enlace PoE++ DOCSIS\u00ae Salida de 50 W (LBDG-PRO-50 DOCSIS 3.1 1P) - Technetix EMEA\" \/>\n<meta property=\"og:description\" content=\"Enlaces de inter\u00e9s\" \/>\n<meta property=\"og:url\" content=\"https:\/\/emea.technetix.com\/es\/inalambrico\/puertas-de-enlace-poe-docsis\/puerta-de-enlace-poe-docsis-salida-de-50-w-output-lbdg-pro-50-docsis-3-1-1p\/\" \/>\n<meta property=\"og:site_name\" content=\"Technetix EMEA\" \/>\n<meta property=\"article:modified_time\" content=\"2024-03-06T12:51:35+00:00\" \/>\n<meta property=\"og:image\" content=\"https:\/\/emea.technetix.com\/wp-content\/uploads\/sites\/2\/2023\/12\/00000000_DOCSIS-3-1-GATEWAY-8200-POEP50_PRFL_01.png\" \/>\n<meta name=\"twitter:card\" content=\"summary_large_image\" \/>\n<meta name=\"twitter:site\" content=\"@technetixgroup\" \/>\n<meta name=\"twitter:label1\" content=\"Tiempo de lectura\" \/>\n\t<meta name=\"twitter:data1\" content=\"1 minuto\" \/>\n<script type=\"application\/ld+json\" class=\"yoast-schema-graph\">{\"@context\":\"https:\\\/\\\/schema.org\",\"@graph\":[{\"@type\":\"WebPage\",\"@id\":\"https:\\\/\\\/emea.technetix.com\\\/es\\\/inalambrico\\\/puertas-de-enlace-poe-docsis\\\/puerta-de-enlace-poe-docsis-salida-de-50-w-output-lbdg-pro-50-docsis-3-1-1p\\\/\",\"url\":\"https:\\\/\\\/emea.technetix.com\\\/es\\\/inalambrico\\\/puertas-de-enlace-poe-docsis\\\/puerta-de-enlace-poe-docsis-salida-de-50-w-output-lbdg-pro-50-docsis-3-1-1p\\\/\",\"name\":\"Puerta de enlace PoE++ DOCSIS\u00ae Salida de 50 W (LBDG-PRO-50 DOCSIS 3.1 1P) - Technetix EMEA\",\"isPartOf\":{\"@id\":\"https:\\\/\\\/emea.technetix.com\\\/es\\\/#website\"},\"primaryImageOfPage\":{\"@id\":\"https:\\\/\\\/emea.technetix.com\\\/es\\\/inalambrico\\\/puertas-de-enlace-poe-docsis\\\/puerta-de-enlace-poe-docsis-salida-de-50-w-output-lbdg-pro-50-docsis-3-1-1p\\\/#primaryimage\"},\"image\":{\"@id\":\"https:\\\/\\\/emea.technetix.com\\\/es\\\/inalambrico\\\/puertas-de-enlace-poe-docsis\\\/puerta-de-enlace-poe-docsis-salida-de-50-w-output-lbdg-pro-50-docsis-3-1-1p\\\/#primaryimage\"},\"thumbnailUrl\":\"https:\\\/\\\/emea.technetix.com\\\/wp-content\\\/uploads\\\/sites\\\/2\\\/2023\\\/12\\\/00000000_DOCSIS-3-1-GATEWAY-8200-POEP50_PRFL_01.png\",\"datePublished\":\"2023-11-14T12:53:54+00:00\",\"dateModified\":\"2024-03-06T12:51:35+00:00\",\"breadcrumb\":{\"@id\":\"https:\\\/\\\/emea.technetix.com\\\/es\\\/inalambrico\\\/puertas-de-enlace-poe-docsis\\\/puerta-de-enlace-poe-docsis-salida-de-50-w-output-lbdg-pro-50-docsis-3-1-1p\\\/#breadcrumb\"},\"inLanguage\":\"es\",\"potentialAction\":[{\"@type\":\"ReadAction\",\"target\":[\"https:\\\/\\\/emea.technetix.com\\\/es\\\/inalambrico\\\/puertas-de-enlace-poe-docsis\\\/puerta-de-enlace-poe-docsis-salida-de-50-w-output-lbdg-pro-50-docsis-3-1-1p\\\/\"]}]},{\"@type\":\"ImageObject\",\"inLanguage\":\"es\",\"@id\":\"https:\\\/\\\/emea.technetix.com\\\/es\\\/inalambrico\\\/puertas-de-enlace-poe-docsis\\\/puerta-de-enlace-poe-docsis-salida-de-50-w-output-lbdg-pro-50-docsis-3-1-1p\\\/#primaryimage\",\"url\":\"https:\\\/\\\/emea.technetix.com\\\/wp-content\\\/uploads\\\/sites\\\/2\\\/2023\\\/12\\\/00000000_DOCSIS-3-1-GATEWAY-8200-POEP50_PRFL_01.png\",\"contentUrl\":\"https:\\\/\\\/emea.technetix.com\\\/wp-content\\\/uploads\\\/sites\\\/2\\\/2023\\\/12\\\/00000000_DOCSIS-3-1-GATEWAY-8200-POEP50_PRFL_01.png\"},{\"@type\":\"BreadcrumbList\",\"@id\":\"https:\\\/\\\/emea.technetix.com\\\/es\\\/inalambrico\\\/puertas-de-enlace-poe-docsis\\\/puerta-de-enlace-poe-docsis-salida-de-50-w-output-lbdg-pro-50-docsis-3-1-1p\\\/#breadcrumb\",\"itemListElement\":[{\"@type\":\"ListItem\",\"position\":1,\"name\":\"Home\",\"item\":\"https:\\\/\\\/emea.technetix.com\\\/es\\\/\"},{\"@type\":\"ListItem\",\"position\":2,\"name\":\"Inal\u00e1mbrico\",\"item\":\"https:\\\/\\\/emea.technetix.com\\\/es\\\/inalambrico\\\/\"},{\"@type\":\"ListItem\",\"position\":3,\"name\":\"Puertas de enlace PoE++ DOCSIS\u00ae\",\"item\":\"https:\\\/\\\/emea.technetix.com\\\/es\\\/inalambrico\\\/puertas-de-enlace-poe-docsis\\\/\"},{\"@type\":\"ListItem\",\"position\":4,\"name\":\"Puerta de enlace PoE++ DOCSIS\u00ae Salida de 50 W (LBDG-PRO-50 DOCSIS 3.1 1P)\"}]},{\"@type\":\"WebSite\",\"@id\":\"https:\\\/\\\/emea.technetix.com\\\/es\\\/#website\",\"url\":\"https:\\\/\\\/emea.technetix.com\\\/es\\\/\",\"name\":\"Technetix\",\"description\":\"Next-generation broadband equipment engineering\",\"publisher\":{\"@id\":\"https:\\\/\\\/emea.technetix.com\\\/es\\\/#organization\"},\"potentialAction\":[{\"@type\":\"SearchAction\",\"target\":{\"@type\":\"EntryPoint\",\"urlTemplate\":\"https:\\\/\\\/emea.technetix.com\\\/es\\\/?s={search_term_string}\"},\"query-input\":{\"@type\":\"PropertyValueSpecification\",\"valueRequired\":true,\"valueName\":\"search_term_string\"}}],\"inLanguage\":\"es\"},{\"@type\":\"Organization\",\"@id\":\"https:\\\/\\\/emea.technetix.com\\\/es\\\/#organization\",\"name\":\"Technetix\",\"url\":\"https:\\\/\\\/emea.technetix.com\\\/es\\\/\",\"logo\":{\"@type\":\"ImageObject\",\"inLanguage\":\"es\",\"@id\":\"https:\\\/\\\/emea.technetix.com\\\/es\\\/#\\\/schema\\\/logo\\\/image\\\/\",\"url\":\"https:\\\/\\\/emea.technetix.com\\\/wp-content\\\/uploads\\\/sites\\\/2\\\/2023\\\/06\\\/logo-Technetix-1000x1000-1.png\",\"contentUrl\":\"https:\\\/\\\/emea.technetix.com\\\/wp-content\\\/uploads\\\/sites\\\/2\\\/2023\\\/06\\\/logo-Technetix-1000x1000-1.png\",\"width\":1000,\"height\":1000,\"caption\":\"Technetix\"},\"image\":{\"@id\":\"https:\\\/\\\/emea.technetix.com\\\/es\\\/#\\\/schema\\\/logo\\\/image\\\/\"},\"sameAs\":[\"https:\\\/\\\/x.com\\\/technetixgroup\",\"https:\\\/\\\/www.linkedin.com\\\/company\\\/technetix\\\/\",\"https:\\\/\\\/www.youtube.com\\\/c\\\/Technetix-group\"]}]}<\/script>\n<!-- \/ Yoast SEO Premium plugin. -->","yoast_head_json":{"title":"Puerta de enlace PoE++ DOCSIS\u00ae Salida de 50 W (LBDG-PRO-50 DOCSIS 3.1 1P) - Technetix EMEA","robots":{"index":"index","follow":"follow","max-snippet":"max-snippet:-1","max-image-preview":"max-image-preview:large","max-video-preview":"max-video-preview:-1"},"canonical":"https:\/\/emea.technetix.com\/es\/inalambrico\/puertas-de-enlace-poe-docsis\/puerta-de-enlace-poe-docsis-salida-de-50-w-output-lbdg-pro-50-docsis-3-1-1p\/","og_locale":"es_ES","og_type":"article","og_title":"Puerta de enlace PoE++ DOCSIS\u00ae Salida de 50 W (LBDG-PRO-50 DOCSIS 3.1 1P) - Technetix EMEA","og_description":"Enlaces de inter\u00e9s","og_url":"https:\/\/emea.technetix.com\/es\/inalambrico\/puertas-de-enlace-poe-docsis\/puerta-de-enlace-poe-docsis-salida-de-50-w-output-lbdg-pro-50-docsis-3-1-1p\/","og_site_name":"Technetix EMEA","article_modified_time":"2024-03-06T12:51:35+00:00","og_image":[{"url":"https:\/\/emea.technetix.com\/wp-content\/uploads\/sites\/2\/2023\/12\/00000000_DOCSIS-3-1-GATEWAY-8200-POEP50_PRFL_01.png","type":"","width":"","height":""}],"twitter_card":"summary_large_image","twitter_site":"@technetixgroup","twitter_misc":{"Tiempo de lectura":"1 minuto"},"schema":{"@context":"https:\/\/schema.org","@graph":[{"@type":"WebPage","@id":"https:\/\/emea.technetix.com\/es\/inalambrico\/puertas-de-enlace-poe-docsis\/puerta-de-enlace-poe-docsis-salida-de-50-w-output-lbdg-pro-50-docsis-3-1-1p\/","url":"https:\/\/emea.technetix.com\/es\/inalambrico\/puertas-de-enlace-poe-docsis\/puerta-de-enlace-poe-docsis-salida-de-50-w-output-lbdg-pro-50-docsis-3-1-1p\/","name":"Puerta de enlace PoE++ DOCSIS\u00ae Salida de 50 W (LBDG-PRO-50 DOCSIS 3.1 1P) - Technetix EMEA","isPartOf":{"@id":"https:\/\/emea.technetix.com\/es\/#website"},"primaryImageOfPage":{"@id":"https:\/\/emea.technetix.com\/es\/inalambrico\/puertas-de-enlace-poe-docsis\/puerta-de-enlace-poe-docsis-salida-de-50-w-output-lbdg-pro-50-docsis-3-1-1p\/#primaryimage"},"image":{"@id":"https:\/\/emea.technetix.com\/es\/inalambrico\/puertas-de-enlace-poe-docsis\/puerta-de-enlace-poe-docsis-salida-de-50-w-output-lbdg-pro-50-docsis-3-1-1p\/#primaryimage"},"thumbnailUrl":"https:\/\/emea.technetix.com\/wp-content\/uploads\/sites\/2\/2023\/12\/00000000_DOCSIS-3-1-GATEWAY-8200-POEP50_PRFL_01.png","datePublished":"2023-11-14T12:53:54+00:00","dateModified":"2024-03-06T12:51:35+00:00","breadcrumb":{"@id":"https:\/\/emea.technetix.com\/es\/inalambrico\/puertas-de-enlace-poe-docsis\/puerta-de-enlace-poe-docsis-salida-de-50-w-output-lbdg-pro-50-docsis-3-1-1p\/#breadcrumb"},"inLanguage":"es","potentialAction":[{"@type":"ReadAction","target":["https:\/\/emea.technetix.com\/es\/inalambrico\/puertas-de-enlace-poe-docsis\/puerta-de-enlace-poe-docsis-salida-de-50-w-output-lbdg-pro-50-docsis-3-1-1p\/"]}]},{"@type":"ImageObject","inLanguage":"es","@id":"https:\/\/emea.technetix.com\/es\/inalambrico\/puertas-de-enlace-poe-docsis\/puerta-de-enlace-poe-docsis-salida-de-50-w-output-lbdg-pro-50-docsis-3-1-1p\/#primaryimage","url":"https:\/\/emea.technetix.com\/wp-content\/uploads\/sites\/2\/2023\/12\/00000000_DOCSIS-3-1-GATEWAY-8200-POEP50_PRFL_01.png","contentUrl":"https:\/\/emea.technetix.com\/wp-content\/uploads\/sites\/2\/2023\/12\/00000000_DOCSIS-3-1-GATEWAY-8200-POEP50_PRFL_01.png"},{"@type":"BreadcrumbList","@id":"https:\/\/emea.technetix.com\/es\/inalambrico\/puertas-de-enlace-poe-docsis\/puerta-de-enlace-poe-docsis-salida-de-50-w-output-lbdg-pro-50-docsis-3-1-1p\/#breadcrumb","itemListElement":[{"@type":"ListItem","position":1,"name":"Home","item":"https:\/\/emea.technetix.com\/es\/"},{"@type":"ListItem","position":2,"name":"Inal\u00e1mbrico","item":"https:\/\/emea.technetix.com\/es\/inalambrico\/"},{"@type":"ListItem","position":3,"name":"Puertas de enlace PoE++ DOCSIS\u00ae","item":"https:\/\/emea.technetix.com\/es\/inalambrico\/puertas-de-enlace-poe-docsis\/"},{"@type":"ListItem","position":4,"name":"Puerta de enlace PoE++ DOCSIS\u00ae Salida de 50 W (LBDG-PRO-50 DOCSIS 3.1 1P)"}]},{"@type":"WebSite","@id":"https:\/\/emea.technetix.com\/es\/#website","url":"https:\/\/emea.technetix.com\/es\/","name":"Technetix","description":"Next-generation broadband equipment engineering","publisher":{"@id":"https:\/\/emea.technetix.com\/es\/#organization"},"potentialAction":[{"@type":"SearchAction","target":{"@type":"EntryPoint","urlTemplate":"https:\/\/emea.technetix.com\/es\/?s={search_term_string}"},"query-input":{"@type":"PropertyValueSpecification","valueRequired":true,"valueName":"search_term_string"}}],"inLanguage":"es"},{"@type":"Organization","@id":"https:\/\/emea.technetix.com\/es\/#organization","name":"Technetix","url":"https:\/\/emea.technetix.com\/es\/","logo":{"@type":"ImageObject","inLanguage":"es","@id":"https:\/\/emea.technetix.com\/es\/#\/schema\/logo\/image\/","url":"https:\/\/emea.technetix.com\/wp-content\/uploads\/sites\/2\/2023\/06\/logo-Technetix-1000x1000-1.png","contentUrl":"https:\/\/emea.technetix.com\/wp-content\/uploads\/sites\/2\/2023\/06\/logo-Technetix-1000x1000-1.png","width":1000,"height":1000,"caption":"Technetix"},"image":{"@id":"https:\/\/emea.technetix.com\/es\/#\/schema\/logo\/image\/"},"sameAs":["https:\/\/x.com\/technetixgroup","https:\/\/www.linkedin.com\/company\/technetix\/","https:\/\/www.youtube.com\/c\/Technetix-group"]}]}},"acf":[],"publishpress_future_workflow_manual_trigger":{"enabledWorkflows":[]},"_links":{"self":[{"href":"https:\/\/emea.technetix.com\/es\/wp-json\/wp\/v2\/pages\/299945","targetHints":{"allow":["GET"]}}],"collection":[{"href":"https:\/\/emea.technetix.com\/es\/wp-json\/wp\/v2\/pages"}],"about":[{"href":"https:\/\/emea.technetix.com\/es\/wp-json\/wp\/v2\/types\/page"}],"author":[{"embeddable":true,"href":"https:\/\/emea.technetix.com\/es\/wp-json\/wp\/v2\/users\/21"}],"replies":[{"embeddable":true,"href":"https:\/\/emea.technetix.com\/es\/wp-json\/wp\/v2\/comments?post=299945"}],"version-history":[{"count":0,"href":"https:\/\/emea.technetix.com\/es\/wp-json\/wp\/v2\/pages\/299945\/revisions"}],"up":[{"embeddable":true,"href":"https:\/\/emea.technetix.com\/es\/wp-json\/wp\/v2\/pages\/299899"}],"wp:attachment":[{"href":"https:\/\/emea.technetix.com\/es\/wp-json\/wp\/v2\/media?parent=299945"}],"curies":[{"name":"wp","href":"https:\/\/api.w.org\/{rel}","templated":true}]}}