{"id":299835,"date":"2023-11-09T15:37:49","date_gmt":"2023-11-09T15:37:49","guid":{"rendered":"https:\/\/emea.technetix.com\/soluciones-de-alimentacion\/soluciones-sostenibles-renovables\/generadores-de-ca-portatiles\/generador-portatil-lifepo4-2560-wh-2000-w-120-generator-lbacg-2560\/"},"modified":"2026-02-25T10:36:18","modified_gmt":"2026-02-25T10:36:18","slug":"estacion-de-energia-portatil-lifepo4-2560-wh-2000-w-120-vac-lbacg-2560","status":"publish","type":"page","link":"https:\/\/emea.technetix.com\/es\/soluciones-de-alimentacion\/estacion-de-energia-portatil\/estacion-de-alimentacion-de-ca-portatil\/estacion-de-energia-portatil-lifepo4-2560-wh-2000-w-120-vac-lbacg-2560\/","title":{"rendered":"Estaci\u00f3n de energ\u00eda port\u00e1til LiFePO4 2560 Wh\/2000 W 120 VAC (LBACG-2560)"},"content":{"rendered":"<div class=\"gb-container gb-container-a2efb66f gb-container-wide-back-page-con\" id=\"content\">\n<div class=\"gb-grid-wrapper gb-grid-wrapper-5efcc144\">\n<div class=\"gb-grid-column gb-grid-column-6e2f42ae\"><div class=\"gb-container gb-container-6e2f42ae\" id=\"image-col\"><div class=\"gb-inside-container\">\n\n<figure class=\"gb-block-image gb-block-image-61e35e7d\"><img loading=\"lazy\" decoding=\"async\" width=\"1000\" height=\"1000\" class=\"gb-image gb-image-61e35e7d\" src=\"https:\/\/emea.technetix.com\/wp-content\/uploads\/sites\/2\/2024\/07\/00000000_LBACG_2560_PRFL_08_LABLE-e1721917525316.png\" alt=\"LBACG 2560 product image\" title=\"_LBACG_2560_PRFL_08_LABLE\" \/><\/figure>\n\n<\/div><\/div><\/div>\n\n<div class=\"gb-grid-column gb-grid-column-cb46cc96\"><div class=\"gb-container gb-container-cb46cc96\" id=\"content-col\"><div class=\"gb-inside-container\">\n<h2 class=\"gb-headline gb-headline-d02c52e4 gb-headline-text\">Estaci\u00f3n de energ\u00eda port\u00e1til LiFePO4 2560 Wh\/2000 W 120 VAC (LBACG-2560)<\/h2>\n\n\n<p>Nuestra soluci\u00f3n sostenible, una alternativa a los generadores de CA que funcionan con gas, proporciona un rendimiento sin concesiones. Su inversor de CA de alta eficiencia produce silenciosamente energ\u00eda de onda sinusoidal limpia, segura y regulada de 120 VCA y 60 Hz. Ideal para aplicaciones HFC y de telecomunicaciones en escenarios de cortes de energ\u00eda, la unidad es capaz de alimentar cualquier elemento, desde fuentes de alimentaci\u00f3n de red hasta estaciones base de radio peque\u00f1as, herramientas, cargadores de tel\u00e9fonos, empalmadores de fibra \u00f3ptica e incluso peque\u00f1as unidades de aire acondicionado.  <\/p>\n\n\n\n<ul class=\"wp-block-list\">\n<li>2,56 kWh de almacenamiento de energ\u00eda y una salida de potencia continua de 2,0 kW (sobretensi\u00f3n de 4,0 kW)<\/li>\n\n\n\n<li>Carga completa en menos de cuatro horas desde el cargador de red de CA de 882 W o el puerto de carga solar integrado<\/li>\n\n\n\n<li>Peso del producto de 78.0 libras\/ 35.4 kg para portabilidad<\/li>\n<\/ul>\n\n<\/div><\/div><\/div>\n<\/div>\n\n<div class=\"gb-container gb-container-dbeed0b8 gb-container-con-buttons-bottom\">\n\n<h2 class=\"gb-headline gb-headline-7ce6fa4b gb-headline-text gb-headline-head-bottom-buttons\">Enlaces de inter\u00e9s<\/h2>\n\n\n<div class=\"gb-button-wrapper gb-button-wrapper-5300c273 gb-button-wrapper-after-con-buttons\">\n\n<a class=\"gb-button gb-button-3eadfa91 gb-button-text gb-button-bottom-button\" href=\"https:\/\/emea.technetix.com\/wp-content\/uploads\/sites\/2\/2026\/02\/PORTABLE-POWER-STATIONS_V2_AN_EN.pdf\" target=\"_blank\" rel=\"noopener noreferrer\">Nota de aplicaci\u00f3n<\/a>\n\n\n\n<a class=\"gb-button gb-button-e3105dc3 gb-button-text gb-button-bottom-button\" href=\"https:\/\/emea.technetix.com\/wp-content\/uploads\/sites\/2\/2024\/08\/19204203_LBACG-2560_V3_DS_EN.pdf\" target=\"_blank\" rel=\"noopener noreferrer\">Ficha t\u00e9cnica<\/a>\n\n\n\n<a class=\"gb-button gb-button-74bfad52 gb-button-text gb-button-bottom-button\" href=\"https:\/\/emea.technetix.com\/es\/contactenos\/\">Cont\u00e1ctenos<\/a>\n\n<\/div>\n<\/div>\n<\/div>","protected":false},"excerpt":{"rendered":"<p>Enlaces de inter\u00e9s<\/p>\n","protected":false},"author":21,"featured_media":0,"parent":298415,"menu_order":0,"comment_status":"closed","ping_status":"closed","template":"","meta":{"_acf_changed":false,"_gspb_post_css":"","footnotes":""},"class_list":["post-299835","page","type-page","status-publish"],"yoast_head":"<!-- This site is optimized with the Yoast SEO Premium plugin v22.5 (Yoast SEO v27.4) - https:\/\/yoast.com\/product\/yoast-seo-premium-wordpress\/ -->\n<title>Estaci\u00f3n de energ\u00eda port\u00e1til LiFePO4 2560 Wh\/2000 W 120 VAC (LBACG-2560) - Technetix EMEA<\/title>\n<meta name=\"robots\" content=\"index, follow, max-snippet:-1, max-image-preview:large, max-video-preview:-1\" \/>\n<link rel=\"canonical\" href=\"https:\/\/emea.technetix.com\/es\/soluciones-de-alimentacion\/estacion-de-energia-portatil\/estacion-de-alimentacion-de-ca-portatil\/estacion-de-energia-portatil-lifepo4-2560-wh-2000-w-120-vac-lbacg-2560\/\" \/>\n<meta property=\"og:locale\" content=\"es_ES\" \/>\n<meta property=\"og:type\" content=\"article\" \/>\n<meta property=\"og:title\" content=\"Estaci\u00f3n de energ\u00eda port\u00e1til LiFePO4 2560 Wh\/2000 W 120 VAC (LBACG-2560) - Technetix EMEA\" \/>\n<meta property=\"og:description\" content=\"Enlaces de inter\u00e9s\" \/>\n<meta property=\"og:url\" content=\"https:\/\/emea.technetix.com\/es\/soluciones-de-alimentacion\/estacion-de-energia-portatil\/estacion-de-alimentacion-de-ca-portatil\/estacion-de-energia-portatil-lifepo4-2560-wh-2000-w-120-vac-lbacg-2560\/\" \/>\n<meta property=\"og:site_name\" content=\"Technetix EMEA\" \/>\n<meta property=\"article:modified_time\" content=\"2026-02-25T10:36:18+00:00\" \/>\n<meta property=\"og:image\" content=\"https:\/\/emea.technetix.com\/wp-content\/uploads\/sites\/2\/2024\/07\/00000000_LBACG_2560_PRFL_08_LABLE-e1721917525316.png\" \/>\n<meta name=\"twitter:card\" content=\"summary_large_image\" \/>\n<meta name=\"twitter:site\" content=\"@technetixgroup\" \/>\n<meta name=\"twitter:label1\" content=\"Tiempo de lectura\" \/>\n\t<meta name=\"twitter:data1\" content=\"1 minuto\" \/>\n<script type=\"application\/ld+json\" class=\"yoast-schema-graph\">{\"@context\":\"https:\\\/\\\/schema.org\",\"@graph\":[{\"@type\":\"WebPage\",\"@id\":\"https:\\\/\\\/emea.technetix.com\\\/es\\\/soluciones-de-alimentacion\\\/estacion-de-energia-portatil\\\/estacion-de-alimentacion-de-ca-portatil\\\/estacion-de-energia-portatil-lifepo4-2560-wh-2000-w-120-vac-lbacg-2560\\\/\",\"url\":\"https:\\\/\\\/emea.technetix.com\\\/es\\\/soluciones-de-alimentacion\\\/estacion-de-energia-portatil\\\/estacion-de-alimentacion-de-ca-portatil\\\/estacion-de-energia-portatil-lifepo4-2560-wh-2000-w-120-vac-lbacg-2560\\\/\",\"name\":\"Estaci\u00f3n de energ\u00eda port\u00e1til LiFePO4 2560 Wh\\\/2000 W 120 VAC (LBACG-2560) - Technetix EMEA\",\"isPartOf\":{\"@id\":\"https:\\\/\\\/emea.technetix.com\\\/es\\\/#website\"},\"primaryImageOfPage\":{\"@id\":\"https:\\\/\\\/emea.technetix.com\\\/es\\\/soluciones-de-alimentacion\\\/estacion-de-energia-portatil\\\/estacion-de-alimentacion-de-ca-portatil\\\/estacion-de-energia-portatil-lifepo4-2560-wh-2000-w-120-vac-lbacg-2560\\\/#primaryimage\"},\"image\":{\"@id\":\"https:\\\/\\\/emea.technetix.com\\\/es\\\/soluciones-de-alimentacion\\\/estacion-de-energia-portatil\\\/estacion-de-alimentacion-de-ca-portatil\\\/estacion-de-energia-portatil-lifepo4-2560-wh-2000-w-120-vac-lbacg-2560\\\/#primaryimage\"},\"thumbnailUrl\":\"https:\\\/\\\/emea.technetix.com\\\/wp-content\\\/uploads\\\/sites\\\/2\\\/2024\\\/07\\\/00000000_LBACG_2560_PRFL_08_LABLE-e1721917525316.png\",\"datePublished\":\"2023-11-09T15:37:49+00:00\",\"dateModified\":\"2026-02-25T10:36:18+00:00\",\"breadcrumb\":{\"@id\":\"https:\\\/\\\/emea.technetix.com\\\/es\\\/soluciones-de-alimentacion\\\/estacion-de-energia-portatil\\\/estacion-de-alimentacion-de-ca-portatil\\\/estacion-de-energia-portatil-lifepo4-2560-wh-2000-w-120-vac-lbacg-2560\\\/#breadcrumb\"},\"inLanguage\":\"es\",\"potentialAction\":[{\"@type\":\"ReadAction\",\"target\":[\"https:\\\/\\\/emea.technetix.com\\\/es\\\/soluciones-de-alimentacion\\\/estacion-de-energia-portatil\\\/estacion-de-alimentacion-de-ca-portatil\\\/estacion-de-energia-portatil-lifepo4-2560-wh-2000-w-120-vac-lbacg-2560\\\/\"]}]},{\"@type\":\"ImageObject\",\"inLanguage\":\"es\",\"@id\":\"https:\\\/\\\/emea.technetix.com\\\/es\\\/soluciones-de-alimentacion\\\/estacion-de-energia-portatil\\\/estacion-de-alimentacion-de-ca-portatil\\\/estacion-de-energia-portatil-lifepo4-2560-wh-2000-w-120-vac-lbacg-2560\\\/#primaryimage\",\"url\":\"https:\\\/\\\/emea.technetix.com\\\/wp-content\\\/uploads\\\/sites\\\/2\\\/2024\\\/07\\\/00000000_LBACG_2560_PRFL_08_LABLE-e1721917525316.png\",\"contentUrl\":\"https:\\\/\\\/emea.technetix.com\\\/wp-content\\\/uploads\\\/sites\\\/2\\\/2024\\\/07\\\/00000000_LBACG_2560_PRFL_08_LABLE-e1721917525316.png\"},{\"@type\":\"BreadcrumbList\",\"@id\":\"https:\\\/\\\/emea.technetix.com\\\/es\\\/soluciones-de-alimentacion\\\/estacion-de-energia-portatil\\\/estacion-de-alimentacion-de-ca-portatil\\\/estacion-de-energia-portatil-lifepo4-2560-wh-2000-w-120-vac-lbacg-2560\\\/#breadcrumb\",\"itemListElement\":[{\"@type\":\"ListItem\",\"position\":1,\"name\":\"Home\",\"item\":\"https:\\\/\\\/emea.technetix.com\\\/es\\\/\"},{\"@type\":\"ListItem\",\"position\":2,\"name\":\"Soluciones de Alimentaci\u00f3n\",\"item\":\"https:\\\/\\\/emea.technetix.com\\\/es\\\/soluciones-de-alimentacion\\\/\"},{\"@type\":\"ListItem\",\"position\":3,\"name\":\"Estaci\u00f3n de energ\u00eda port\u00e1til\",\"item\":\"https:\\\/\\\/emea.technetix.com\\\/es\\\/soluciones-de-alimentacion\\\/estacion-de-energia-portatil\\\/\"},{\"@type\":\"ListItem\",\"position\":4,\"name\":\"Estaci\u00f3n de alimentaci\u00f3n de CA port\u00e1til\",\"item\":\"https:\\\/\\\/emea.technetix.com\\\/es\\\/soluciones-de-alimentacion\\\/estacion-de-energia-portatil\\\/estacion-de-alimentacion-de-ca-portatil\\\/\"},{\"@type\":\"ListItem\",\"position\":5,\"name\":\"Estaci\u00f3n de energ\u00eda port\u00e1til LiFePO4 2560 Wh\\\/2000 W 120 VAC (LBACG-2560)\"}]},{\"@type\":\"WebSite\",\"@id\":\"https:\\\/\\\/emea.technetix.com\\\/es\\\/#website\",\"url\":\"https:\\\/\\\/emea.technetix.com\\\/es\\\/\",\"name\":\"Technetix\",\"description\":\"Next-generation broadband equipment engineering\",\"publisher\":{\"@id\":\"https:\\\/\\\/emea.technetix.com\\\/es\\\/#organization\"},\"potentialAction\":[{\"@type\":\"SearchAction\",\"target\":{\"@type\":\"EntryPoint\",\"urlTemplate\":\"https:\\\/\\\/emea.technetix.com\\\/es\\\/?s={search_term_string}\"},\"query-input\":{\"@type\":\"PropertyValueSpecification\",\"valueRequired\":true,\"valueName\":\"search_term_string\"}}],\"inLanguage\":\"es\"},{\"@type\":\"Organization\",\"@id\":\"https:\\\/\\\/emea.technetix.com\\\/es\\\/#organization\",\"name\":\"Technetix\",\"url\":\"https:\\\/\\\/emea.technetix.com\\\/es\\\/\",\"logo\":{\"@type\":\"ImageObject\",\"inLanguage\":\"es\",\"@id\":\"https:\\\/\\\/emea.technetix.com\\\/es\\\/#\\\/schema\\\/logo\\\/image\\\/\",\"url\":\"https:\\\/\\\/emea.technetix.com\\\/wp-content\\\/uploads\\\/sites\\\/2\\\/2023\\\/06\\\/logo-Technetix-1000x1000-1.png\",\"contentUrl\":\"https:\\\/\\\/emea.technetix.com\\\/wp-content\\\/uploads\\\/sites\\\/2\\\/2023\\\/06\\\/logo-Technetix-1000x1000-1.png\",\"width\":1000,\"height\":1000,\"caption\":\"Technetix\"},\"image\":{\"@id\":\"https:\\\/\\\/emea.technetix.com\\\/es\\\/#\\\/schema\\\/logo\\\/image\\\/\"},\"sameAs\":[\"https:\\\/\\\/x.com\\\/technetixgroup\",\"https:\\\/\\\/www.linkedin.com\\\/company\\\/technetix\\\/\",\"https:\\\/\\\/www.youtube.com\\\/c\\\/Technetix-group\"]}]}<\/script>\n<!-- \/ Yoast SEO Premium plugin. -->","yoast_head_json":{"title":"Estaci\u00f3n de energ\u00eda port\u00e1til LiFePO4 2560 Wh\/2000 W 120 VAC (LBACG-2560) - Technetix EMEA","robots":{"index":"index","follow":"follow","max-snippet":"max-snippet:-1","max-image-preview":"max-image-preview:large","max-video-preview":"max-video-preview:-1"},"canonical":"https:\/\/emea.technetix.com\/es\/soluciones-de-alimentacion\/estacion-de-energia-portatil\/estacion-de-alimentacion-de-ca-portatil\/estacion-de-energia-portatil-lifepo4-2560-wh-2000-w-120-vac-lbacg-2560\/","og_locale":"es_ES","og_type":"article","og_title":"Estaci\u00f3n de energ\u00eda port\u00e1til LiFePO4 2560 Wh\/2000 W 120 VAC (LBACG-2560) - Technetix EMEA","og_description":"Enlaces de inter\u00e9s","og_url":"https:\/\/emea.technetix.com\/es\/soluciones-de-alimentacion\/estacion-de-energia-portatil\/estacion-de-alimentacion-de-ca-portatil\/estacion-de-energia-portatil-lifepo4-2560-wh-2000-w-120-vac-lbacg-2560\/","og_site_name":"Technetix EMEA","article_modified_time":"2026-02-25T10:36:18+00:00","og_image":[{"url":"https:\/\/emea.technetix.com\/wp-content\/uploads\/sites\/2\/2024\/07\/00000000_LBACG_2560_PRFL_08_LABLE-e1721917525316.png","type":"","width":"","height":""}],"twitter_card":"summary_large_image","twitter_site":"@technetixgroup","twitter_misc":{"Tiempo de lectura":"1 minuto"},"schema":{"@context":"https:\/\/schema.org","@graph":[{"@type":"WebPage","@id":"https:\/\/emea.technetix.com\/es\/soluciones-de-alimentacion\/estacion-de-energia-portatil\/estacion-de-alimentacion-de-ca-portatil\/estacion-de-energia-portatil-lifepo4-2560-wh-2000-w-120-vac-lbacg-2560\/","url":"https:\/\/emea.technetix.com\/es\/soluciones-de-alimentacion\/estacion-de-energia-portatil\/estacion-de-alimentacion-de-ca-portatil\/estacion-de-energia-portatil-lifepo4-2560-wh-2000-w-120-vac-lbacg-2560\/","name":"Estaci\u00f3n de energ\u00eda port\u00e1til LiFePO4 2560 Wh\/2000 W 120 VAC (LBACG-2560) - Technetix EMEA","isPartOf":{"@id":"https:\/\/emea.technetix.com\/es\/#website"},"primaryImageOfPage":{"@id":"https:\/\/emea.technetix.com\/es\/soluciones-de-alimentacion\/estacion-de-energia-portatil\/estacion-de-alimentacion-de-ca-portatil\/estacion-de-energia-portatil-lifepo4-2560-wh-2000-w-120-vac-lbacg-2560\/#primaryimage"},"image":{"@id":"https:\/\/emea.technetix.com\/es\/soluciones-de-alimentacion\/estacion-de-energia-portatil\/estacion-de-alimentacion-de-ca-portatil\/estacion-de-energia-portatil-lifepo4-2560-wh-2000-w-120-vac-lbacg-2560\/#primaryimage"},"thumbnailUrl":"https:\/\/emea.technetix.com\/wp-content\/uploads\/sites\/2\/2024\/07\/00000000_LBACG_2560_PRFL_08_LABLE-e1721917525316.png","datePublished":"2023-11-09T15:37:49+00:00","dateModified":"2026-02-25T10:36:18+00:00","breadcrumb":{"@id":"https:\/\/emea.technetix.com\/es\/soluciones-de-alimentacion\/estacion-de-energia-portatil\/estacion-de-alimentacion-de-ca-portatil\/estacion-de-energia-portatil-lifepo4-2560-wh-2000-w-120-vac-lbacg-2560\/#breadcrumb"},"inLanguage":"es","potentialAction":[{"@type":"ReadAction","target":["https:\/\/emea.technetix.com\/es\/soluciones-de-alimentacion\/estacion-de-energia-portatil\/estacion-de-alimentacion-de-ca-portatil\/estacion-de-energia-portatil-lifepo4-2560-wh-2000-w-120-vac-lbacg-2560\/"]}]},{"@type":"ImageObject","inLanguage":"es","@id":"https:\/\/emea.technetix.com\/es\/soluciones-de-alimentacion\/estacion-de-energia-portatil\/estacion-de-alimentacion-de-ca-portatil\/estacion-de-energia-portatil-lifepo4-2560-wh-2000-w-120-vac-lbacg-2560\/#primaryimage","url":"https:\/\/emea.technetix.com\/wp-content\/uploads\/sites\/2\/2024\/07\/00000000_LBACG_2560_PRFL_08_LABLE-e1721917525316.png","contentUrl":"https:\/\/emea.technetix.com\/wp-content\/uploads\/sites\/2\/2024\/07\/00000000_LBACG_2560_PRFL_08_LABLE-e1721917525316.png"},{"@type":"BreadcrumbList","@id":"https:\/\/emea.technetix.com\/es\/soluciones-de-alimentacion\/estacion-de-energia-portatil\/estacion-de-alimentacion-de-ca-portatil\/estacion-de-energia-portatil-lifepo4-2560-wh-2000-w-120-vac-lbacg-2560\/#breadcrumb","itemListElement":[{"@type":"ListItem","position":1,"name":"Home","item":"https:\/\/emea.technetix.com\/es\/"},{"@type":"ListItem","position":2,"name":"Soluciones de Alimentaci\u00f3n","item":"https:\/\/emea.technetix.com\/es\/soluciones-de-alimentacion\/"},{"@type":"ListItem","position":3,"name":"Estaci\u00f3n de energ\u00eda port\u00e1til","item":"https:\/\/emea.technetix.com\/es\/soluciones-de-alimentacion\/estacion-de-energia-portatil\/"},{"@type":"ListItem","position":4,"name":"Estaci\u00f3n de alimentaci\u00f3n de CA port\u00e1til","item":"https:\/\/emea.technetix.com\/es\/soluciones-de-alimentacion\/estacion-de-energia-portatil\/estacion-de-alimentacion-de-ca-portatil\/"},{"@type":"ListItem","position":5,"name":"Estaci\u00f3n de energ\u00eda port\u00e1til LiFePO4 2560 Wh\/2000 W 120 VAC (LBACG-2560)"}]},{"@type":"WebSite","@id":"https:\/\/emea.technetix.com\/es\/#website","url":"https:\/\/emea.technetix.com\/es\/","name":"Technetix","description":"Next-generation broadband equipment engineering","publisher":{"@id":"https:\/\/emea.technetix.com\/es\/#organization"},"potentialAction":[{"@type":"SearchAction","target":{"@type":"EntryPoint","urlTemplate":"https:\/\/emea.technetix.com\/es\/?s={search_term_string}"},"query-input":{"@type":"PropertyValueSpecification","valueRequired":true,"valueName":"search_term_string"}}],"inLanguage":"es"},{"@type":"Organization","@id":"https:\/\/emea.technetix.com\/es\/#organization","name":"Technetix","url":"https:\/\/emea.technetix.com\/es\/","logo":{"@type":"ImageObject","inLanguage":"es","@id":"https:\/\/emea.technetix.com\/es\/#\/schema\/logo\/image\/","url":"https:\/\/emea.technetix.com\/wp-content\/uploads\/sites\/2\/2023\/06\/logo-Technetix-1000x1000-1.png","contentUrl":"https:\/\/emea.technetix.com\/wp-content\/uploads\/sites\/2\/2023\/06\/logo-Technetix-1000x1000-1.png","width":1000,"height":1000,"caption":"Technetix"},"image":{"@id":"https:\/\/emea.technetix.com\/es\/#\/schema\/logo\/image\/"},"sameAs":["https:\/\/x.com\/technetixgroup","https:\/\/www.linkedin.com\/company\/technetix\/","https:\/\/www.youtube.com\/c\/Technetix-group"]}]}},"acf":[],"publishpress_future_workflow_manual_trigger":{"enabledWorkflows":[]},"_links":{"self":[{"href":"https:\/\/emea.technetix.com\/es\/wp-json\/wp\/v2\/pages\/299835","targetHints":{"allow":["GET"]}}],"collection":[{"href":"https:\/\/emea.technetix.com\/es\/wp-json\/wp\/v2\/pages"}],"about":[{"href":"https:\/\/emea.technetix.com\/es\/wp-json\/wp\/v2\/types\/page"}],"author":[{"embeddable":true,"href":"https:\/\/emea.technetix.com\/es\/wp-json\/wp\/v2\/users\/21"}],"replies":[{"embeddable":true,"href":"https:\/\/emea.technetix.com\/es\/wp-json\/wp\/v2\/comments?post=299835"}],"version-history":[{"count":1,"href":"https:\/\/emea.technetix.com\/es\/wp-json\/wp\/v2\/pages\/299835\/revisions"}],"predecessor-version":[{"id":1297904,"href":"https:\/\/emea.technetix.com\/es\/wp-json\/wp\/v2\/pages\/299835\/revisions\/1297904"}],"up":[{"embeddable":true,"href":"https:\/\/emea.technetix.com\/es\/wp-json\/wp\/v2\/pages\/298415"}],"wp:attachment":[{"href":"https:\/\/emea.technetix.com\/es\/wp-json\/wp\/v2\/media?parent=299835"}],"curies":[{"name":"wp","href":"https:\/\/api.w.org\/{rel}","templated":true}]}}