{"id":288784,"date":"2023-11-09T10:12:04","date_gmt":"2023-11-09T10:12:04","guid":{"rendered":"https:\/\/emea.technetix.com\/soluciones-de-alimentacion\/baterias-lifepo4\/bateria-lifep04-de-36-vcc-100-ah-lblifepo4-36v100ah\/"},"modified":"2025-05-14T14:42:10","modified_gmt":"2025-05-14T14:42:10","slug":"bateria-lifep04-de-36-vcc-100-ah-lblifepo4-36v100ah","status":"publish","type":"page","link":"https:\/\/emea.technetix.com\/es\/soluciones-de-alimentacion\/baterias-lifepo4\/bateria-lifep04-de-36-vcc-100-ah-lblifepo4-36v100ah\/","title":{"rendered":"Bater\u00eda LiFeP04 de 36 VCC, 100 Ah (LBLIFEP04-36V100AHB\/36V100AHBTH)"},"content":{"rendered":"<div class=\"gb-container gb-container-a2efb66f gb-container-wide-back-page-con\" id=\"content\">\n<div class=\"gb-grid-wrapper gb-grid-wrapper-5efcc144\">\n<div class=\"gb-grid-column gb-grid-column-6e2f42ae\"><div class=\"gb-container gb-container-6e2f42ae\" id=\"image-col\"><div class=\"gb-inside-container\">\n\n<figure class=\"gb-block-image gb-block-image-61e35e7d\"><img loading=\"lazy\" decoding=\"async\" width=\"2704\" height=\"1523\" class=\"gb-image gb-image-61e35e7d\" src=\"https:\/\/emea.technetix.com\/wp-content\/uploads\/sites\/2\/2025\/01\/19204248_LBLIFEPO4-36V100AH_front_angled.png\" alt=\"Technetix LBLIFEPO4-36V100AH\" srcset=\"https:\/\/emea.technetix.com\/wp-content\/uploads\/sites\/2\/2025\/01\/19204248_LBLIFEPO4-36V100AH_front_angled.png 2704w, https:\/\/emea.technetix.com\/wp-content\/uploads\/sites\/2\/2025\/01\/19204248_LBLIFEPO4-36V100AH_front_angled-300x169.png 300w, https:\/\/emea.technetix.com\/wp-content\/uploads\/sites\/2\/2025\/01\/19204248_LBLIFEPO4-36V100AH_front_angled-1024x577.png 1024w, https:\/\/emea.technetix.com\/wp-content\/uploads\/sites\/2\/2025\/01\/19204248_LBLIFEPO4-36V100AH_front_angled-768x433.png 768w, https:\/\/emea.technetix.com\/wp-content\/uploads\/sites\/2\/2025\/01\/19204248_LBLIFEPO4-36V100AH_front_angled-1536x865.png 1536w, https:\/\/emea.technetix.com\/wp-content\/uploads\/sites\/2\/2025\/01\/19204248_LBLIFEPO4-36V100AH_front_angled-2048x1154.png 2048w, https:\/\/emea.technetix.com\/wp-content\/uploads\/sites\/2\/2025\/01\/19204248_LBLIFEPO4-36V100AH_front_angled-600x338.png 600w\" sizes=\"auto, (max-width: 2704px) 100vw, 2704px\" \/><\/figure>\n\n<\/div><\/div><\/div>\n\n<div class=\"gb-grid-column gb-grid-column-cb46cc96\"><div class=\"gb-container gb-container-cb46cc96\" id=\"content-col\"><div class=\"gb-inside-container\">\n<h2 class=\"gb-headline gb-headline-d02c52e4 gb-headline-text\">Bater\u00eda LiFeP04 de 36 VCC, 100 Ah (LBLIFEP04-36V100AHB\/36V100AHBTH)<\/h2>\n\n\n<p>La bater\u00eda de banda ancha de fosfato de hierro y litio de nueva generaci\u00f3n para aplicaciones de energ\u00eda de reserva. Cabe en un \u00fanico estante de bater\u00edas del cabinet exterior de la planta, reemplazando tres bater\u00edas VRLA de plomo-\u00e1cido de 12 VCC conectadas en serie para crear una cadena de 36 VCC. Proporciona energ\u00eda de reserva limpia y sostenible a una fuente de alimentaci\u00f3n de red HFC, al tiempo que ofrece un rendimiento superior.  <\/p>\n\n\n\n<ul class=\"wp-block-list\">\n<li>Densidad de energ\u00eda extremadamente alta con hasta un 90 % de DoD<\/li>\n\n\n\n<li>Certificado ANSI\/CAN\/UL 1973 y CE<\/li>\n\n\n\n<li>100 % reciclable y no contiene plomo, mercurio, cadmio, cobalto ni metales de tierras raras que contaminen las aguas subterr\u00e1neas.<\/li>\n\n\n\n<li>Vida \u00fatil 10 veces mayor que VRLA, vida \u00fatil 3 veces mayor que NMC<\/li>\n<\/ul>\n\n<\/div><\/div><\/div>\n<\/div>\n\n<div class=\"gb-container gb-container-dbeed0b8 gb-container-con-buttons-bottom\">\n\n<h2 class=\"gb-headline gb-headline-7ce6fa4b gb-headline-text gb-headline-head-bottom-buttons\">Enlaces de inter\u00e9s<\/h2>\n\n\n<div class=\"gb-button-wrapper gb-button-wrapper-5300c273 gb-button-wrapper-after-con-buttons\">\n\n<a class=\"gb-button gb-button-3eadfa91 gb-button-text gb-button-bottom-button\" href=\"https:\/\/docs.technetix.com\/Use%20cases\/LiFePO4%20HB_UC_EN_V3.pdf\">Caso de uso de LifePO4<\/a>\n\n\n\n<a class=\"gb-button gb-button-53280ba3 gb-button-text gb-button-bottom-button\" href=\"https:\/\/emea.technetix.com\/wp-content\/uploads\/sites\/2\/2025\/05\/19204395_LBLIFEPO4-36V100AHB_V1_DS_EN.pdf\">Ficha t\u00e9cnica<\/a>\n\n\n\n<a class=\"gb-button gb-button-74bfad52 gb-button-text gb-button-bottom-button\" href=\"https:\/\/emea.technetix.com\/es\/contactenos\/\">Cont\u00e1ctenos<\/a>\n\n<\/div>\n<\/div>\n<\/div>","protected":false},"excerpt":{"rendered":"<p>Enlaces de inter\u00e9s<\/p>\n","protected":false},"author":21,"featured_media":0,"parent":288674,"menu_order":0,"comment_status":"closed","ping_status":"closed","template":"","meta":{"_acf_changed":false,"_gspb_post_css":"","footnotes":""},"class_list":["post-288784","page","type-page","status-publish"],"yoast_head":"<!-- This site is optimized with the Yoast SEO Premium plugin v22.5 (Yoast SEO v27.4) - https:\/\/yoast.com\/product\/yoast-seo-premium-wordpress\/ -->\n<title>Bater\u00eda LiFeP04 de 36 VCC, 100 Ah (LBLIFEP04-36V100AHB\/36V100AHBTH) - Technetix EMEA<\/title>\n<meta name=\"robots\" content=\"index, follow, max-snippet:-1, max-image-preview:large, max-video-preview:-1\" \/>\n<link rel=\"canonical\" href=\"https:\/\/emea.technetix.com\/es\/soluciones-de-alimentacion\/baterias-lifepo4\/bateria-lifep04-de-36-vcc-100-ah-lblifepo4-36v100ah\/\" \/>\n<meta property=\"og:locale\" content=\"es_ES\" \/>\n<meta property=\"og:type\" content=\"article\" \/>\n<meta property=\"og:title\" content=\"Bater\u00eda LiFeP04 de 36 VCC, 100 Ah (LBLIFEP04-36V100AHB\/36V100AHBTH) - Technetix EMEA\" \/>\n<meta property=\"og:description\" content=\"Enlaces de inter\u00e9s\" \/>\n<meta property=\"og:url\" content=\"https:\/\/emea.technetix.com\/es\/soluciones-de-alimentacion\/baterias-lifepo4\/bateria-lifep04-de-36-vcc-100-ah-lblifepo4-36v100ah\/\" \/>\n<meta property=\"og:site_name\" content=\"Technetix EMEA\" \/>\n<meta property=\"article:modified_time\" content=\"2025-05-14T14:42:10+00:00\" \/>\n<meta property=\"og:image\" content=\"https:\/\/emea.technetix.com\/wp-content\/uploads\/sites\/2\/2025\/01\/19204248_LBLIFEPO4-36V100AH_front_angled.png\" \/>\n<meta name=\"twitter:card\" content=\"summary_large_image\" \/>\n<meta name=\"twitter:site\" content=\"@technetixgroup\" \/>\n<meta name=\"twitter:label1\" content=\"Tiempo de lectura\" \/>\n\t<meta name=\"twitter:data1\" content=\"1 minuto\" \/>\n<script type=\"application\/ld+json\" class=\"yoast-schema-graph\">{\"@context\":\"https:\\\/\\\/schema.org\",\"@graph\":[{\"@type\":\"WebPage\",\"@id\":\"https:\\\/\\\/emea.technetix.com\\\/es\\\/soluciones-de-alimentacion\\\/baterias-lifepo4\\\/bateria-lifep04-de-36-vcc-100-ah-lblifepo4-36v100ah\\\/\",\"url\":\"https:\\\/\\\/emea.technetix.com\\\/es\\\/soluciones-de-alimentacion\\\/baterias-lifepo4\\\/bateria-lifep04-de-36-vcc-100-ah-lblifepo4-36v100ah\\\/\",\"name\":\"Bater\u00eda LiFeP04 de 36 VCC, 100 Ah (LBLIFEP04-36V100AHB\\\/36V100AHBTH) - Technetix EMEA\",\"isPartOf\":{\"@id\":\"https:\\\/\\\/emea.technetix.com\\\/es\\\/#website\"},\"primaryImageOfPage\":{\"@id\":\"https:\\\/\\\/emea.technetix.com\\\/es\\\/soluciones-de-alimentacion\\\/baterias-lifepo4\\\/bateria-lifep04-de-36-vcc-100-ah-lblifepo4-36v100ah\\\/#primaryimage\"},\"image\":{\"@id\":\"https:\\\/\\\/emea.technetix.com\\\/es\\\/soluciones-de-alimentacion\\\/baterias-lifepo4\\\/bateria-lifep04-de-36-vcc-100-ah-lblifepo4-36v100ah\\\/#primaryimage\"},\"thumbnailUrl\":\"https:\\\/\\\/emea.technetix.com\\\/wp-content\\\/uploads\\\/sites\\\/2\\\/2025\\\/01\\\/19204248_LBLIFEPO4-36V100AH_front_angled.png\",\"datePublished\":\"2023-11-09T10:12:04+00:00\",\"dateModified\":\"2025-05-14T14:42:10+00:00\",\"breadcrumb\":{\"@id\":\"https:\\\/\\\/emea.technetix.com\\\/es\\\/soluciones-de-alimentacion\\\/baterias-lifepo4\\\/bateria-lifep04-de-36-vcc-100-ah-lblifepo4-36v100ah\\\/#breadcrumb\"},\"inLanguage\":\"es\",\"potentialAction\":[{\"@type\":\"ReadAction\",\"target\":[\"https:\\\/\\\/emea.technetix.com\\\/es\\\/soluciones-de-alimentacion\\\/baterias-lifepo4\\\/bateria-lifep04-de-36-vcc-100-ah-lblifepo4-36v100ah\\\/\"]}]},{\"@type\":\"ImageObject\",\"inLanguage\":\"es\",\"@id\":\"https:\\\/\\\/emea.technetix.com\\\/es\\\/soluciones-de-alimentacion\\\/baterias-lifepo4\\\/bateria-lifep04-de-36-vcc-100-ah-lblifepo4-36v100ah\\\/#primaryimage\",\"url\":\"https:\\\/\\\/emea.technetix.com\\\/wp-content\\\/uploads\\\/sites\\\/2\\\/2025\\\/01\\\/19204248_LBLIFEPO4-36V100AH_front_angled.png\",\"contentUrl\":\"https:\\\/\\\/emea.technetix.com\\\/wp-content\\\/uploads\\\/sites\\\/2\\\/2025\\\/01\\\/19204248_LBLIFEPO4-36V100AH_front_angled.png\"},{\"@type\":\"BreadcrumbList\",\"@id\":\"https:\\\/\\\/emea.technetix.com\\\/es\\\/soluciones-de-alimentacion\\\/baterias-lifepo4\\\/bateria-lifep04-de-36-vcc-100-ah-lblifepo4-36v100ah\\\/#breadcrumb\",\"itemListElement\":[{\"@type\":\"ListItem\",\"position\":1,\"name\":\"Home\",\"item\":\"https:\\\/\\\/emea.technetix.com\\\/es\\\/\"},{\"@type\":\"ListItem\",\"position\":2,\"name\":\"Soluciones de Alimentaci\u00f3n\",\"item\":\"https:\\\/\\\/emea.technetix.com\\\/es\\\/soluciones-de-alimentacion\\\/\"},{\"@type\":\"ListItem\",\"position\":3,\"name\":\"Bater\u00edas LiFePO4\",\"item\":\"https:\\\/\\\/emea.technetix.com\\\/es\\\/soluciones-de-alimentacion\\\/baterias-lifepo4\\\/\"},{\"@type\":\"ListItem\",\"position\":4,\"name\":\"Bater\u00eda LiFeP04 de 36 VCC, 100 Ah (LBLIFEP04-36V100AHB\\\/36V100AHBTH)\"}]},{\"@type\":\"WebSite\",\"@id\":\"https:\\\/\\\/emea.technetix.com\\\/es\\\/#website\",\"url\":\"https:\\\/\\\/emea.technetix.com\\\/es\\\/\",\"name\":\"Technetix\",\"description\":\"Next-generation broadband equipment engineering\",\"publisher\":{\"@id\":\"https:\\\/\\\/emea.technetix.com\\\/es\\\/#organization\"},\"potentialAction\":[{\"@type\":\"SearchAction\",\"target\":{\"@type\":\"EntryPoint\",\"urlTemplate\":\"https:\\\/\\\/emea.technetix.com\\\/es\\\/?s={search_term_string}\"},\"query-input\":{\"@type\":\"PropertyValueSpecification\",\"valueRequired\":true,\"valueName\":\"search_term_string\"}}],\"inLanguage\":\"es\"},{\"@type\":\"Organization\",\"@id\":\"https:\\\/\\\/emea.technetix.com\\\/es\\\/#organization\",\"name\":\"Technetix\",\"url\":\"https:\\\/\\\/emea.technetix.com\\\/es\\\/\",\"logo\":{\"@type\":\"ImageObject\",\"inLanguage\":\"es\",\"@id\":\"https:\\\/\\\/emea.technetix.com\\\/es\\\/#\\\/schema\\\/logo\\\/image\\\/\",\"url\":\"https:\\\/\\\/emea.technetix.com\\\/wp-content\\\/uploads\\\/sites\\\/2\\\/2023\\\/06\\\/logo-Technetix-1000x1000-1.png\",\"contentUrl\":\"https:\\\/\\\/emea.technetix.com\\\/wp-content\\\/uploads\\\/sites\\\/2\\\/2023\\\/06\\\/logo-Technetix-1000x1000-1.png\",\"width\":1000,\"height\":1000,\"caption\":\"Technetix\"},\"image\":{\"@id\":\"https:\\\/\\\/emea.technetix.com\\\/es\\\/#\\\/schema\\\/logo\\\/image\\\/\"},\"sameAs\":[\"https:\\\/\\\/x.com\\\/technetixgroup\",\"https:\\\/\\\/www.linkedin.com\\\/company\\\/technetix\\\/\",\"https:\\\/\\\/www.youtube.com\\\/c\\\/Technetix-group\"]}]}<\/script>\n<!-- \/ Yoast SEO Premium plugin. -->","yoast_head_json":{"title":"Bater\u00eda LiFeP04 de 36 VCC, 100 Ah (LBLIFEP04-36V100AHB\/36V100AHBTH) - Technetix EMEA","robots":{"index":"index","follow":"follow","max-snippet":"max-snippet:-1","max-image-preview":"max-image-preview:large","max-video-preview":"max-video-preview:-1"},"canonical":"https:\/\/emea.technetix.com\/es\/soluciones-de-alimentacion\/baterias-lifepo4\/bateria-lifep04-de-36-vcc-100-ah-lblifepo4-36v100ah\/","og_locale":"es_ES","og_type":"article","og_title":"Bater\u00eda LiFeP04 de 36 VCC, 100 Ah (LBLIFEP04-36V100AHB\/36V100AHBTH) - Technetix EMEA","og_description":"Enlaces de inter\u00e9s","og_url":"https:\/\/emea.technetix.com\/es\/soluciones-de-alimentacion\/baterias-lifepo4\/bateria-lifep04-de-36-vcc-100-ah-lblifepo4-36v100ah\/","og_site_name":"Technetix EMEA","article_modified_time":"2025-05-14T14:42:10+00:00","og_image":[{"url":"https:\/\/emea.technetix.com\/wp-content\/uploads\/sites\/2\/2025\/01\/19204248_LBLIFEPO4-36V100AH_front_angled.png","type":"","width":"","height":""}],"twitter_card":"summary_large_image","twitter_site":"@technetixgroup","twitter_misc":{"Tiempo de lectura":"1 minuto"},"schema":{"@context":"https:\/\/schema.org","@graph":[{"@type":"WebPage","@id":"https:\/\/emea.technetix.com\/es\/soluciones-de-alimentacion\/baterias-lifepo4\/bateria-lifep04-de-36-vcc-100-ah-lblifepo4-36v100ah\/","url":"https:\/\/emea.technetix.com\/es\/soluciones-de-alimentacion\/baterias-lifepo4\/bateria-lifep04-de-36-vcc-100-ah-lblifepo4-36v100ah\/","name":"Bater\u00eda LiFeP04 de 36 VCC, 100 Ah (LBLIFEP04-36V100AHB\/36V100AHBTH) - Technetix EMEA","isPartOf":{"@id":"https:\/\/emea.technetix.com\/es\/#website"},"primaryImageOfPage":{"@id":"https:\/\/emea.technetix.com\/es\/soluciones-de-alimentacion\/baterias-lifepo4\/bateria-lifep04-de-36-vcc-100-ah-lblifepo4-36v100ah\/#primaryimage"},"image":{"@id":"https:\/\/emea.technetix.com\/es\/soluciones-de-alimentacion\/baterias-lifepo4\/bateria-lifep04-de-36-vcc-100-ah-lblifepo4-36v100ah\/#primaryimage"},"thumbnailUrl":"https:\/\/emea.technetix.com\/wp-content\/uploads\/sites\/2\/2025\/01\/19204248_LBLIFEPO4-36V100AH_front_angled.png","datePublished":"2023-11-09T10:12:04+00:00","dateModified":"2025-05-14T14:42:10+00:00","breadcrumb":{"@id":"https:\/\/emea.technetix.com\/es\/soluciones-de-alimentacion\/baterias-lifepo4\/bateria-lifep04-de-36-vcc-100-ah-lblifepo4-36v100ah\/#breadcrumb"},"inLanguage":"es","potentialAction":[{"@type":"ReadAction","target":["https:\/\/emea.technetix.com\/es\/soluciones-de-alimentacion\/baterias-lifepo4\/bateria-lifep04-de-36-vcc-100-ah-lblifepo4-36v100ah\/"]}]},{"@type":"ImageObject","inLanguage":"es","@id":"https:\/\/emea.technetix.com\/es\/soluciones-de-alimentacion\/baterias-lifepo4\/bateria-lifep04-de-36-vcc-100-ah-lblifepo4-36v100ah\/#primaryimage","url":"https:\/\/emea.technetix.com\/wp-content\/uploads\/sites\/2\/2025\/01\/19204248_LBLIFEPO4-36V100AH_front_angled.png","contentUrl":"https:\/\/emea.technetix.com\/wp-content\/uploads\/sites\/2\/2025\/01\/19204248_LBLIFEPO4-36V100AH_front_angled.png"},{"@type":"BreadcrumbList","@id":"https:\/\/emea.technetix.com\/es\/soluciones-de-alimentacion\/baterias-lifepo4\/bateria-lifep04-de-36-vcc-100-ah-lblifepo4-36v100ah\/#breadcrumb","itemListElement":[{"@type":"ListItem","position":1,"name":"Home","item":"https:\/\/emea.technetix.com\/es\/"},{"@type":"ListItem","position":2,"name":"Soluciones de Alimentaci\u00f3n","item":"https:\/\/emea.technetix.com\/es\/soluciones-de-alimentacion\/"},{"@type":"ListItem","position":3,"name":"Bater\u00edas LiFePO4","item":"https:\/\/emea.technetix.com\/es\/soluciones-de-alimentacion\/baterias-lifepo4\/"},{"@type":"ListItem","position":4,"name":"Bater\u00eda LiFeP04 de 36 VCC, 100 Ah (LBLIFEP04-36V100AHB\/36V100AHBTH)"}]},{"@type":"WebSite","@id":"https:\/\/emea.technetix.com\/es\/#website","url":"https:\/\/emea.technetix.com\/es\/","name":"Technetix","description":"Next-generation broadband equipment engineering","publisher":{"@id":"https:\/\/emea.technetix.com\/es\/#organization"},"potentialAction":[{"@type":"SearchAction","target":{"@type":"EntryPoint","urlTemplate":"https:\/\/emea.technetix.com\/es\/?s={search_term_string}"},"query-input":{"@type":"PropertyValueSpecification","valueRequired":true,"valueName":"search_term_string"}}],"inLanguage":"es"},{"@type":"Organization","@id":"https:\/\/emea.technetix.com\/es\/#organization","name":"Technetix","url":"https:\/\/emea.technetix.com\/es\/","logo":{"@type":"ImageObject","inLanguage":"es","@id":"https:\/\/emea.technetix.com\/es\/#\/schema\/logo\/image\/","url":"https:\/\/emea.technetix.com\/wp-content\/uploads\/sites\/2\/2023\/06\/logo-Technetix-1000x1000-1.png","contentUrl":"https:\/\/emea.technetix.com\/wp-content\/uploads\/sites\/2\/2023\/06\/logo-Technetix-1000x1000-1.png","width":1000,"height":1000,"caption":"Technetix"},"image":{"@id":"https:\/\/emea.technetix.com\/es\/#\/schema\/logo\/image\/"},"sameAs":["https:\/\/x.com\/technetixgroup","https:\/\/www.linkedin.com\/company\/technetix\/","https:\/\/www.youtube.com\/c\/Technetix-group"]}]}},"acf":[],"publishpress_future_workflow_manual_trigger":{"enabledWorkflows":[]},"_links":{"self":[{"href":"https:\/\/emea.technetix.com\/es\/wp-json\/wp\/v2\/pages\/288784","targetHints":{"allow":["GET"]}}],"collection":[{"href":"https:\/\/emea.technetix.com\/es\/wp-json\/wp\/v2\/pages"}],"about":[{"href":"https:\/\/emea.technetix.com\/es\/wp-json\/wp\/v2\/types\/page"}],"author":[{"embeddable":true,"href":"https:\/\/emea.technetix.com\/es\/wp-json\/wp\/v2\/users\/21"}],"replies":[{"embeddable":true,"href":"https:\/\/emea.technetix.com\/es\/wp-json\/wp\/v2\/comments?post=288784"}],"version-history":[{"count":0,"href":"https:\/\/emea.technetix.com\/es\/wp-json\/wp\/v2\/pages\/288784\/revisions"}],"up":[{"embeddable":true,"href":"https:\/\/emea.technetix.com\/es\/wp-json\/wp\/v2\/pages\/288674"}],"wp:attachment":[{"href":"https:\/\/emea.technetix.com\/es\/wp-json\/wp\/v2\/media?parent=288784"}],"curies":[{"name":"wp","href":"https:\/\/api.w.org\/{rel}","templated":true}]}}