{"id":288674,"date":"2023-11-09T09:24:13","date_gmt":"2023-11-09T09:24:13","guid":{"rendered":"https:\/\/emea.technetix.com\/soluciones-de-alimentacion\/baterias-lifepo4\/"},"modified":"2025-11-05T11:27:48","modified_gmt":"2025-11-05T11:27:48","slug":"baterias-lifepo4","status":"publish","type":"page","link":"https:\/\/emea.technetix.com\/es\/soluciones-de-alimentacion\/baterias-lifepo4\/","title":{"rendered":"Bater\u00edas LiFePO4"},"content":{"rendered":"<div class=\"gb-container gb-container-6741be28 gb-container-con-centered-header\" id=\"intro\">\n\n<div style=\"height:35px\" aria-hidden=\"true\" class=\"wp-block-spacer\"><\/div>\n\n\n\n<h2 class=\"gb-headline gb-headline-6f62068a gb-headline-text\">Bater\u00edas LiFePO4<\/h2>\n\n\n\n<p class=\"gb-headline gb-headline-d02c52e4 gb-headline-text\">Una variedad de bater\u00edas de banda ancha de fosfato de hierro y litio para aplicaciones de energ\u00eda de reserva.<\/p>\n\n\n\n<div style=\"height:20px\" aria-hidden=\"true\" class=\"wp-block-spacer\"><\/div>\n\n<\/div>\n\n<div class=\"gb-container gb-container-3070dded gb-container-wide-back-page-con\" id=\"cards\">\n<div class=\"gb-grid-wrapper gb-grid-wrapper-63f98df4\">\n<div class=\"gb-grid-column gb-grid-column-2424d82a\"><div class=\"gb-container gb-container-2424d82a image-link-block\" id=\"w-button\"><a class=\"gb-container-link\" href=\"https:\/\/emea.technetix.com\/es\/soluciones-de-alimentacion\/baterias-lifepo4\/bateria-lifep04-de-12-vdc-100-ah-lblifep04-12v100ah\/\"><\/a><div class=\"gb-inside-container\">\n\n<figure class=\"gb-block-image gb-block-image-62730668\"><img loading=\"lazy\" decoding=\"async\" width=\"1000\" height=\"500\" class=\"gb-image gb-image-62730668\" src=\"https:\/\/emea.technetix.com\/wp-content\/uploads\/sites\/2\/2025\/01\/19204264_LBLIFE-P04-12V-100AH_PRFL_01.png\" alt=\"Technetix LBLIFE-P04-12V-100AH\" srcset=\"https:\/\/emea.technetix.com\/wp-content\/uploads\/sites\/2\/2025\/01\/19204264_LBLIFE-P04-12V-100AH_PRFL_01.png 1000w, https:\/\/emea.technetix.com\/wp-content\/uploads\/sites\/2\/2025\/01\/19204264_LBLIFE-P04-12V-100AH_PRFL_01-300x150.png 300w, https:\/\/emea.technetix.com\/wp-content\/uploads\/sites\/2\/2025\/01\/19204264_LBLIFE-P04-12V-100AH_PRFL_01-768x384.png 768w, https:\/\/emea.technetix.com\/wp-content\/uploads\/sites\/2\/2025\/01\/19204264_LBLIFE-P04-12V-100AH_PRFL_01-600x300.png 600w\" sizes=\"auto, (max-width: 1000px) 100vw, 1000px\" \/><\/figure>\n\n\n\n<h2 class=\"gb-headline gb-headline-fb07acf4 gb-headline-text\">Bater\u00eda LiFeP04 de 12 VDC, 100 Ah (LBLIFEP04-12V100AH)<\/h2>\n\n\n\n<p><\/p>\n\n<\/div><\/div><\/div>\n\n<div class=\"gb-grid-column gb-grid-column-08169150\"><div class=\"gb-container gb-container-08169150 image-link-block\" id=\"w-button\"><a class=\"gb-container-link\" href=\"https:\/\/emea.technetix.com\/es\/soluciones-de-alimentacion\/baterias-lifepo4\/bateria-lifep04-de-36-vcc-100-ah-lblifepo4-36v100ah\/\"><\/a><div class=\"gb-inside-container\">\n\n<figure class=\"gb-block-image gb-block-image-f7a22a56\"><img loading=\"lazy\" decoding=\"async\" width=\"2704\" height=\"1523\" class=\"gb-image gb-image-f7a22a56\" src=\"https:\/\/emea.technetix.com\/wp-content\/uploads\/sites\/2\/2025\/01\/19204248_LBLIFEPO4-36V100AH_front_angled.png\" alt=\"Technetix LBLIFEPO4-36V100AH\" srcset=\"https:\/\/emea.technetix.com\/wp-content\/uploads\/sites\/2\/2025\/01\/19204248_LBLIFEPO4-36V100AH_front_angled.png 2704w, https:\/\/emea.technetix.com\/wp-content\/uploads\/sites\/2\/2025\/01\/19204248_LBLIFEPO4-36V100AH_front_angled-300x169.png 300w, https:\/\/emea.technetix.com\/wp-content\/uploads\/sites\/2\/2025\/01\/19204248_LBLIFEPO4-36V100AH_front_angled-1024x577.png 1024w, https:\/\/emea.technetix.com\/wp-content\/uploads\/sites\/2\/2025\/01\/19204248_LBLIFEPO4-36V100AH_front_angled-768x433.png 768w, https:\/\/emea.technetix.com\/wp-content\/uploads\/sites\/2\/2025\/01\/19204248_LBLIFEPO4-36V100AH_front_angled-1536x865.png 1536w, https:\/\/emea.technetix.com\/wp-content\/uploads\/sites\/2\/2025\/01\/19204248_LBLIFEPO4-36V100AH_front_angled-2048x1154.png 2048w, https:\/\/emea.technetix.com\/wp-content\/uploads\/sites\/2\/2025\/01\/19204248_LBLIFEPO4-36V100AH_front_angled-600x338.png 600w\" sizes=\"auto, (max-width: 2704px) 100vw, 2704px\" \/><\/figure>\n\n\n\n<h2 class=\"gb-headline gb-headline-505387fc gb-headline-text\">Bater\u00eda LiFeP04 de 36 VDC, 100 Ah (LBLIFEP04-36V100AH\/ 36V100AHBTH)<\/h2>\n\n\n\n<p><\/p>\n\n<\/div><\/div><\/div>\n\n<div class=\"gb-grid-column gb-grid-column-345946e4\"><div class=\"gb-container gb-container-345946e4 image-link-block\" id=\"w-button\"><a class=\"gb-container-link\" href=\"https:\/\/emea.technetix.com\/es\/soluciones-de-alimentacion\/baterias-lifepo4\/equilibrador-ecualizador-de-bateria-de-12v-3a-lifepo4-vrla-agm-gel-lbups-bbal\/\"><\/a><div class=\"gb-inside-container\">\n\n<figure class=\"gb-block-image gb-block-image-04546988\"><a href=\"https:\/\/emea.technetix.com\/powering-solutions\/lifepo4-broadband-standby-batteries\/12v-3a-lifepo4-vrla-agm-gel-battery-balancer-equalizer-lbups-bbal\/\"><img loading=\"lazy\" decoding=\"async\" width=\"1000\" height=\"500\" class=\"gb-image gb-image-04546988\" src=\"https:\/\/emea.technetix.com\/wp-content\/uploads\/sites\/2\/2025\/11\/19201004_TXUPS-BBAL_PRFL_01.png\" alt=\"\" title=\"19201004_TXUPS-BBAL_PRFL_01\" srcset=\"https:\/\/emea.technetix.com\/wp-content\/uploads\/sites\/2\/2025\/11\/19201004_TXUPS-BBAL_PRFL_01.png 1000w, https:\/\/emea.technetix.com\/wp-content\/uploads\/sites\/2\/2025\/11\/19201004_TXUPS-BBAL_PRFL_01-300x150.png 300w, https:\/\/emea.technetix.com\/wp-content\/uploads\/sites\/2\/2025\/11\/19201004_TXUPS-BBAL_PRFL_01-768x384.png 768w, https:\/\/emea.technetix.com\/wp-content\/uploads\/sites\/2\/2025\/11\/19201004_TXUPS-BBAL_PRFL_01-600x300.png 600w\" sizes=\"auto, (max-width: 1000px) 100vw, 1000px\" \/><\/a><\/figure>\n\n\n\n<h2 class=\"gb-headline gb-headline-bb1d1116 gb-headline-text\">Bater\u00eda de 12V 3A LiFePO4, VRLA, AGM, GE de equilibrador\/ecualizador (TXUPS-BBAL)<\/h2>\n\n\n\n<p><\/p>\n\n<\/div><\/div><\/div>\n\n<div class=\"gb-grid-column gb-grid-column-21fd7440\"><div class=\"gb-container gb-container-21fd7440 image-link-block\" id=\"w-button\"><a class=\"gb-container-link\" href=\"https:\/\/emea.technetix.com\/es\/lifepo4-48v100ahrm\/\"><\/a><div class=\"gb-inside-container\">\n\n<figure class=\"gb-block-image gb-block-image-66b71ab0\"><a href=\"https:\/\/emea.technetix.com\/powering-solutions\/lifepo4-broadband-standby-batteries\/12v-3a-lifepo4-vrla-agm-gel-battery-balancer-equalizer-lbups-bbal\/\"><img loading=\"lazy\" decoding=\"async\" width=\"1000\" height=\"500\" class=\"gb-image gb-image-66b71ab0\" src=\"https:\/\/emea.technetix.com\/wp-content\/uploads\/sites\/2\/2025\/09\/19015334_LIFEPO4-48V100AHRM_01-2.png\" alt=\"\" title=\"19015334_LIFEPO4-48V100AHRM_01 (2)\" srcset=\"https:\/\/emea.technetix.com\/wp-content\/uploads\/sites\/2\/2025\/09\/19015334_LIFEPO4-48V100AHRM_01-2.png 1000w, https:\/\/emea.technetix.com\/wp-content\/uploads\/sites\/2\/2025\/09\/19015334_LIFEPO4-48V100AHRM_01-2-300x150.png 300w, https:\/\/emea.technetix.com\/wp-content\/uploads\/sites\/2\/2025\/09\/19015334_LIFEPO4-48V100AHRM_01-2-768x384.png 768w, https:\/\/emea.technetix.com\/wp-content\/uploads\/sites\/2\/2025\/09\/19015334_LIFEPO4-48V100AHRM_01-2-600x300.png 600w\" sizes=\"auto, (max-width: 1000px) 100vw, 1000px\" \/><\/a><\/figure>\n\n\n\n<h2 class=\"gb-headline gb-headline-d552e96d gb-headline-text\">LiFePO4-48V100AHRM<br><\/h2>\n\n\n\n<p><\/p>\n\n<\/div><\/div><\/div>\n<\/div>\n<\/div>\n\n<div class=\"gb-container gb-container-dbeed0b8 gb-container-con-buttons-bottom\">\n\n<h2 class=\"gb-headline gb-headline-7ce6fa4b gb-headline-text gb-headline-head-bottom-buttons\">Useful Links<\/h2>\n\n\n<div class=\"gb-button-wrapper gb-button-wrapper-5300c273 gb-button-wrapper-after-con-buttons\">\n\n<a class=\"gb-button gb-button-3eadfa91 gb-button-text gb-button-bottom-button\" href=\"https:\/\/open.spotify.com\/episode\/1rBRUFUqeMvEJXZfV0Wtec?si=QJhYnzVnT9SuSQgECQzxYw\">Serie podcast<\/a>\n\n\n\n<a class=\"gb-button gb-button-74bfad52 gb-button-text gb-button-bottom-button\" href=\"https:\/\/emea.technetix.com\/contact-us\">Contact us<\/a>\n\n<\/div>\n<\/div>","protected":false},"excerpt":{"rendered":"<p>Bater\u00edas LiFePO4 Una variedad de bater\u00edas de banda ancha de fosfato de hierro y litio para aplicaciones de energ\u00eda de reserva. Useful Links<\/p>\n","protected":false},"author":21,"featured_media":0,"parent":288640,"menu_order":0,"comment_status":"closed","ping_status":"closed","template":"","meta":{"_acf_changed":false,"_gspb_post_css":"","footnotes":""},"class_list":["post-288674","page","type-page","status-publish"],"yoast_head":"<!-- This site is optimized with the Yoast SEO Premium plugin v22.5 (Yoast SEO v27.3) - https:\/\/yoast.com\/product\/yoast-seo-premium-wordpress\/ -->\n<title>Bater\u00edas LiFePO4 - Technetix EMEA<\/title>\n<meta name=\"robots\" content=\"index, follow, max-snippet:-1, max-image-preview:large, max-video-preview:-1\" \/>\n<link rel=\"canonical\" href=\"https:\/\/emea.technetix.com\/es\/soluciones-de-alimentacion\/baterias-lifepo4\/\" \/>\n<meta property=\"og:locale\" content=\"es_ES\" \/>\n<meta property=\"og:type\" content=\"article\" \/>\n<meta property=\"og:title\" content=\"Bater\u00edas LiFePO4 - Technetix EMEA\" \/>\n<meta property=\"og:description\" content=\"Bater\u00edas LiFePO4 Una variedad de bater\u00edas de banda ancha de fosfato de hierro y litio para aplicaciones de energ\u00eda de reserva. Useful Links\" \/>\n<meta property=\"og:url\" content=\"https:\/\/emea.technetix.com\/es\/soluciones-de-alimentacion\/baterias-lifepo4\/\" \/>\n<meta property=\"og:site_name\" content=\"Technetix EMEA\" \/>\n<meta property=\"article:modified_time\" content=\"2025-11-05T11:27:48+00:00\" \/>\n<meta property=\"og:image\" content=\"https:\/\/emea.technetix.com\/wp-content\/uploads\/sites\/2\/2025\/01\/19204264_LBLIFE-P04-12V-100AH_PRFL_01.png\" \/>\n<meta name=\"twitter:card\" content=\"summary_large_image\" \/>\n<meta name=\"twitter:site\" content=\"@technetixgroup\" \/>\n<meta name=\"twitter:label1\" content=\"Tiempo de lectura\" \/>\n\t<meta name=\"twitter:data1\" content=\"2 minutos\" \/>\n<script type=\"application\/ld+json\" class=\"yoast-schema-graph\">{\"@context\":\"https:\\\/\\\/schema.org\",\"@graph\":[{\"@type\":\"WebPage\",\"@id\":\"https:\\\/\\\/emea.technetix.com\\\/es\\\/soluciones-de-alimentacion\\\/baterias-lifepo4\\\/\",\"url\":\"https:\\\/\\\/emea.technetix.com\\\/es\\\/soluciones-de-alimentacion\\\/baterias-lifepo4\\\/\",\"name\":\"Bater\u00edas LiFePO4 - Technetix EMEA\",\"isPartOf\":{\"@id\":\"https:\\\/\\\/emea.technetix.com\\\/es\\\/#website\"},\"primaryImageOfPage\":{\"@id\":\"https:\\\/\\\/emea.technetix.com\\\/es\\\/soluciones-de-alimentacion\\\/baterias-lifepo4\\\/#primaryimage\"},\"image\":{\"@id\":\"https:\\\/\\\/emea.technetix.com\\\/es\\\/soluciones-de-alimentacion\\\/baterias-lifepo4\\\/#primaryimage\"},\"thumbnailUrl\":\"https:\\\/\\\/emea.technetix.com\\\/wp-content\\\/uploads\\\/sites\\\/2\\\/2025\\\/01\\\/19204264_LBLIFE-P04-12V-100AH_PRFL_01.png\",\"datePublished\":\"2023-11-09T09:24:13+00:00\",\"dateModified\":\"2025-11-05T11:27:48+00:00\",\"breadcrumb\":{\"@id\":\"https:\\\/\\\/emea.technetix.com\\\/es\\\/soluciones-de-alimentacion\\\/baterias-lifepo4\\\/#breadcrumb\"},\"inLanguage\":\"es\",\"potentialAction\":[{\"@type\":\"ReadAction\",\"target\":[\"https:\\\/\\\/emea.technetix.com\\\/es\\\/soluciones-de-alimentacion\\\/baterias-lifepo4\\\/\"]}]},{\"@type\":\"ImageObject\",\"inLanguage\":\"es\",\"@id\":\"https:\\\/\\\/emea.technetix.com\\\/es\\\/soluciones-de-alimentacion\\\/baterias-lifepo4\\\/#primaryimage\",\"url\":\"https:\\\/\\\/emea.technetix.com\\\/wp-content\\\/uploads\\\/sites\\\/2\\\/2025\\\/01\\\/19204264_LBLIFE-P04-12V-100AH_PRFL_01.png\",\"contentUrl\":\"https:\\\/\\\/emea.technetix.com\\\/wp-content\\\/uploads\\\/sites\\\/2\\\/2025\\\/01\\\/19204264_LBLIFE-P04-12V-100AH_PRFL_01.png\"},{\"@type\":\"BreadcrumbList\",\"@id\":\"https:\\\/\\\/emea.technetix.com\\\/es\\\/soluciones-de-alimentacion\\\/baterias-lifepo4\\\/#breadcrumb\",\"itemListElement\":[{\"@type\":\"ListItem\",\"position\":1,\"name\":\"Home\",\"item\":\"https:\\\/\\\/emea.technetix.com\\\/es\\\/\"},{\"@type\":\"ListItem\",\"position\":2,\"name\":\"Soluciones de Alimentaci\u00f3n\",\"item\":\"https:\\\/\\\/emea.technetix.com\\\/es\\\/soluciones-de-alimentacion\\\/\"},{\"@type\":\"ListItem\",\"position\":3,\"name\":\"Bater\u00edas LiFePO4\"}]},{\"@type\":\"WebSite\",\"@id\":\"https:\\\/\\\/emea.technetix.com\\\/es\\\/#website\",\"url\":\"https:\\\/\\\/emea.technetix.com\\\/es\\\/\",\"name\":\"Technetix\",\"description\":\"Next-generation broadband equipment engineering\",\"publisher\":{\"@id\":\"https:\\\/\\\/emea.technetix.com\\\/es\\\/#organization\"},\"potentialAction\":[{\"@type\":\"SearchAction\",\"target\":{\"@type\":\"EntryPoint\",\"urlTemplate\":\"https:\\\/\\\/emea.technetix.com\\\/es\\\/?s={search_term_string}\"},\"query-input\":{\"@type\":\"PropertyValueSpecification\",\"valueRequired\":true,\"valueName\":\"search_term_string\"}}],\"inLanguage\":\"es\"},{\"@type\":\"Organization\",\"@id\":\"https:\\\/\\\/emea.technetix.com\\\/es\\\/#organization\",\"name\":\"Technetix\",\"url\":\"https:\\\/\\\/emea.technetix.com\\\/es\\\/\",\"logo\":{\"@type\":\"ImageObject\",\"inLanguage\":\"es\",\"@id\":\"https:\\\/\\\/emea.technetix.com\\\/es\\\/#\\\/schema\\\/logo\\\/image\\\/\",\"url\":\"https:\\\/\\\/emea.technetix.com\\\/wp-content\\\/uploads\\\/sites\\\/2\\\/2023\\\/06\\\/logo-Technetix-1000x1000-1.png\",\"contentUrl\":\"https:\\\/\\\/emea.technetix.com\\\/wp-content\\\/uploads\\\/sites\\\/2\\\/2023\\\/06\\\/logo-Technetix-1000x1000-1.png\",\"width\":1000,\"height\":1000,\"caption\":\"Technetix\"},\"image\":{\"@id\":\"https:\\\/\\\/emea.technetix.com\\\/es\\\/#\\\/schema\\\/logo\\\/image\\\/\"},\"sameAs\":[\"https:\\\/\\\/x.com\\\/technetixgroup\",\"https:\\\/\\\/www.linkedin.com\\\/company\\\/technetix\\\/\",\"https:\\\/\\\/www.youtube.com\\\/c\\\/Technetix-group\"]}]}<\/script>\n<!-- \/ Yoast SEO Premium plugin. -->","yoast_head_json":{"title":"Bater\u00edas LiFePO4 - Technetix EMEA","robots":{"index":"index","follow":"follow","max-snippet":"max-snippet:-1","max-image-preview":"max-image-preview:large","max-video-preview":"max-video-preview:-1"},"canonical":"https:\/\/emea.technetix.com\/es\/soluciones-de-alimentacion\/baterias-lifepo4\/","og_locale":"es_ES","og_type":"article","og_title":"Bater\u00edas LiFePO4 - Technetix EMEA","og_description":"Bater\u00edas LiFePO4 Una variedad de bater\u00edas de banda ancha de fosfato de hierro y litio para aplicaciones de energ\u00eda de reserva. Useful Links","og_url":"https:\/\/emea.technetix.com\/es\/soluciones-de-alimentacion\/baterias-lifepo4\/","og_site_name":"Technetix EMEA","article_modified_time":"2025-11-05T11:27:48+00:00","og_image":[{"url":"https:\/\/emea.technetix.com\/wp-content\/uploads\/sites\/2\/2025\/01\/19204264_LBLIFE-P04-12V-100AH_PRFL_01.png","type":"","width":"","height":""}],"twitter_card":"summary_large_image","twitter_site":"@technetixgroup","twitter_misc":{"Tiempo de lectura":"2 minutos"},"schema":{"@context":"https:\/\/schema.org","@graph":[{"@type":"WebPage","@id":"https:\/\/emea.technetix.com\/es\/soluciones-de-alimentacion\/baterias-lifepo4\/","url":"https:\/\/emea.technetix.com\/es\/soluciones-de-alimentacion\/baterias-lifepo4\/","name":"Bater\u00edas LiFePO4 - Technetix EMEA","isPartOf":{"@id":"https:\/\/emea.technetix.com\/es\/#website"},"primaryImageOfPage":{"@id":"https:\/\/emea.technetix.com\/es\/soluciones-de-alimentacion\/baterias-lifepo4\/#primaryimage"},"image":{"@id":"https:\/\/emea.technetix.com\/es\/soluciones-de-alimentacion\/baterias-lifepo4\/#primaryimage"},"thumbnailUrl":"https:\/\/emea.technetix.com\/wp-content\/uploads\/sites\/2\/2025\/01\/19204264_LBLIFE-P04-12V-100AH_PRFL_01.png","datePublished":"2023-11-09T09:24:13+00:00","dateModified":"2025-11-05T11:27:48+00:00","breadcrumb":{"@id":"https:\/\/emea.technetix.com\/es\/soluciones-de-alimentacion\/baterias-lifepo4\/#breadcrumb"},"inLanguage":"es","potentialAction":[{"@type":"ReadAction","target":["https:\/\/emea.technetix.com\/es\/soluciones-de-alimentacion\/baterias-lifepo4\/"]}]},{"@type":"ImageObject","inLanguage":"es","@id":"https:\/\/emea.technetix.com\/es\/soluciones-de-alimentacion\/baterias-lifepo4\/#primaryimage","url":"https:\/\/emea.technetix.com\/wp-content\/uploads\/sites\/2\/2025\/01\/19204264_LBLIFE-P04-12V-100AH_PRFL_01.png","contentUrl":"https:\/\/emea.technetix.com\/wp-content\/uploads\/sites\/2\/2025\/01\/19204264_LBLIFE-P04-12V-100AH_PRFL_01.png"},{"@type":"BreadcrumbList","@id":"https:\/\/emea.technetix.com\/es\/soluciones-de-alimentacion\/baterias-lifepo4\/#breadcrumb","itemListElement":[{"@type":"ListItem","position":1,"name":"Home","item":"https:\/\/emea.technetix.com\/es\/"},{"@type":"ListItem","position":2,"name":"Soluciones de Alimentaci\u00f3n","item":"https:\/\/emea.technetix.com\/es\/soluciones-de-alimentacion\/"},{"@type":"ListItem","position":3,"name":"Bater\u00edas LiFePO4"}]},{"@type":"WebSite","@id":"https:\/\/emea.technetix.com\/es\/#website","url":"https:\/\/emea.technetix.com\/es\/","name":"Technetix","description":"Next-generation broadband equipment engineering","publisher":{"@id":"https:\/\/emea.technetix.com\/es\/#organization"},"potentialAction":[{"@type":"SearchAction","target":{"@type":"EntryPoint","urlTemplate":"https:\/\/emea.technetix.com\/es\/?s={search_term_string}"},"query-input":{"@type":"PropertyValueSpecification","valueRequired":true,"valueName":"search_term_string"}}],"inLanguage":"es"},{"@type":"Organization","@id":"https:\/\/emea.technetix.com\/es\/#organization","name":"Technetix","url":"https:\/\/emea.technetix.com\/es\/","logo":{"@type":"ImageObject","inLanguage":"es","@id":"https:\/\/emea.technetix.com\/es\/#\/schema\/logo\/image\/","url":"https:\/\/emea.technetix.com\/wp-content\/uploads\/sites\/2\/2023\/06\/logo-Technetix-1000x1000-1.png","contentUrl":"https:\/\/emea.technetix.com\/wp-content\/uploads\/sites\/2\/2023\/06\/logo-Technetix-1000x1000-1.png","width":1000,"height":1000,"caption":"Technetix"},"image":{"@id":"https:\/\/emea.technetix.com\/es\/#\/schema\/logo\/image\/"},"sameAs":["https:\/\/x.com\/technetixgroup","https:\/\/www.linkedin.com\/company\/technetix\/","https:\/\/www.youtube.com\/c\/Technetix-group"]}]}},"acf":[],"publishpress_future_workflow_manual_trigger":{"enabledWorkflows":[]},"_links":{"self":[{"href":"https:\/\/emea.technetix.com\/es\/wp-json\/wp\/v2\/pages\/288674","targetHints":{"allow":["GET"]}}],"collection":[{"href":"https:\/\/emea.technetix.com\/es\/wp-json\/wp\/v2\/pages"}],"about":[{"href":"https:\/\/emea.technetix.com\/es\/wp-json\/wp\/v2\/types\/page"}],"author":[{"embeddable":true,"href":"https:\/\/emea.technetix.com\/es\/wp-json\/wp\/v2\/users\/21"}],"replies":[{"embeddable":true,"href":"https:\/\/emea.technetix.com\/es\/wp-json\/wp\/v2\/comments?post=288674"}],"version-history":[{"count":0,"href":"https:\/\/emea.technetix.com\/es\/wp-json\/wp\/v2\/pages\/288674\/revisions"}],"up":[{"embeddable":true,"href":"https:\/\/emea.technetix.com\/es\/wp-json\/wp\/v2\/pages\/288640"}],"wp:attachment":[{"href":"https:\/\/emea.technetix.com\/es\/wp-json\/wp\/v2\/media?parent=288674"}],"curies":[{"name":"wp","href":"https:\/\/api.w.org\/{rel}","templated":true}]}}