{"id":288642,"date":"2023-12-14T14:53:34","date_gmt":"2023-12-14T14:53:34","guid":{"rendered":"https:\/\/emea.technetix.com\/soluciones-de-alimentacion\/fuentes-de-alimentacion-ups-de-red\/"},"modified":"2026-01-19T11:56:01","modified_gmt":"2026-01-19T11:56:01","slug":"fuentes-de-alimentacion-ups-de-red","status":"publish","type":"page","link":"https:\/\/emea.technetix.com\/es\/soluciones-de-alimentacion\/fuentes-de-alimentacion-ups-de-red\/","title":{"rendered":"Fuentes de alimentaci\u00f3n UPS de red"},"content":{"rendered":"\n<div style=\"height:41px\" aria-hidden=\"true\" class=\"wp-block-spacer\"><\/div>\n\n\n<div class=\"gb-container gb-container-6741be28 gb-container-con-centered-header\" id=\"intro\">\n\n<h1 class=\"gb-headline gb-headline-d02c52e4 gb-headline-text\">Fuentes de alimentaci\u00f3n UPS de red<\/h1>\n\n\n\n<h2 class=\"gb-headline gb-headline-5e0320bd gb-headline-text\">Fuentes de alimentaci\u00f3n ininterrumpida (UPS) para exteriores robustas y a precios competitivos disponibles en una variedad de capacidades de potencia de salida.<\/h2>\n\n<\/div>\n\n<div class=\"gb-container gb-container-3070dded gb-container-wide-back-page-con\" id=\"cards\">\n<div class=\"gb-grid-wrapper gb-grid-wrapper-63f98df4\">\n<div class=\"gb-grid-column gb-grid-column-8ed9d04b\"><div class=\"gb-container gb-container-8ed9d04b image-link-block\" id=\"no-button\"><a class=\"gb-container-link\" href=\"https:\/\/emea.technetix.com\/es\/soluciones-de-alimentacion\/aspx\/\"><\/a><div class=\"gb-inside-container\">\n<div class=\"gb-container gb-container-2d8eb328\"><div class=\"gb-inside-container\">\n\n<figure class=\"gb-block-image gb-block-image-fa7af91e\"><img loading=\"lazy\" decoding=\"async\" width=\"1000\" height=\"500\" class=\"gb-image gb-image-fa7af91e\" src=\"https:\/\/emea.technetix.com\/wp-content\/uploads\/sites\/2\/2025\/03\/ASPX_PRFL_01.png\" alt=\"ASPX\" title=\"_ASPX_PRFL_01\" srcset=\"https:\/\/emea.technetix.com\/wp-content\/uploads\/sites\/2\/2025\/03\/ASPX_PRFL_01.png 1000w, https:\/\/emea.technetix.com\/wp-content\/uploads\/sites\/2\/2025\/03\/ASPX_PRFL_01-300x150.png 300w, https:\/\/emea.technetix.com\/wp-content\/uploads\/sites\/2\/2025\/03\/ASPX_PRFL_01-768x384.png 768w, https:\/\/emea.technetix.com\/wp-content\/uploads\/sites\/2\/2025\/03\/ASPX_PRFL_01-600x300.png 600w\" sizes=\"auto, (max-width: 1000px) 100vw, 1000px\" \/><\/figure>\n\n\n\n<h2 class=\"gb-headline gb-headline-e2d986e0 gb-headline-text\">Access Smart Powering (ASPX)<\/h2>\n\n\n\n<p><\/p>\n\n<\/div><\/div>\n<\/div><\/div><\/div>\n\n<div class=\"gb-grid-column gb-grid-column-ea9dc6c9\"><div class=\"gb-container gb-container-ea9dc6c9 image-link-block\" id=\"no-button\"><a class=\"gb-container-link\" href=\"https:\/\/emea.technetix.com\/es\/soluciones-de-alimentacion\/fuentes-de-alimentacion-ups-de-red\/fuentes-de-alimentacion-ups-de-red-de-onda-cuasi-cuadrada-de-900-y-350-w-serie-lbups-900-1350\/\"><\/a><div class=\"gb-inside-container\">\n<div class=\"gb-container gb-container-9e263403\"><div class=\"gb-inside-container\">\n\n<figure class=\"gb-block-image gb-block-image-3531be6d\"><img loading=\"lazy\" decoding=\"async\" width=\"1000\" height=\"500\" class=\"gb-image gb-image-3531be6d\" src=\"https:\/\/emea.technetix.com\/wp-content\/uploads\/sites\/2\/2026\/01\/19016417_TXUPS_1350-L120-1.png\" alt=\"\" title=\"19016417_TXUPS_1350-L120\" srcset=\"https:\/\/emea.technetix.com\/wp-content\/uploads\/sites\/2\/2026\/01\/19016417_TXUPS_1350-L120-1.png 1000w, https:\/\/emea.technetix.com\/wp-content\/uploads\/sites\/2\/2026\/01\/19016417_TXUPS_1350-L120-1-300x150.png 300w, https:\/\/emea.technetix.com\/wp-content\/uploads\/sites\/2\/2026\/01\/19016417_TXUPS_1350-L120-1-768x384.png 768w, https:\/\/emea.technetix.com\/wp-content\/uploads\/sites\/2\/2026\/01\/19016417_TXUPS_1350-L120-1-600x300.png 600w\" sizes=\"auto, (max-width: 1000px) 100vw, 1000px\" \/><\/figure>\n\n\n\n<h2 class=\"gb-headline gb-headline-b59634db gb-headline-text\">Fuentes de alimentaci\u00f3n UPS de red de onda cuasi cuadrada de 900 y 1350 W (Serie TXUPS-900\/1350)<\/h2>\n\n\n\n<p><\/p>\n\n<\/div><\/div>\n<\/div><\/div><\/div>\n\n<div class=\"gb-grid-column gb-grid-column-2424d82a\"><div class=\"gb-container gb-container-2424d82a image-link-block\" id=\"w-button\"><a class=\"gb-container-link\" href=\"https:\/\/emea.technetix.com\/es\/soluciones-de-alimentacion\/fuentes-de-alimentacion-ups-de-red\/cabinet-exterior-de-montaje-en-poste-pared-para-fuentes-de-alimentacion-lpme\/\"><\/a><div class=\"gb-inside-container\">\n\n<figure class=\"gb-block-image gb-block-image-62730668\"><img loading=\"lazy\" decoding=\"async\" width=\"1000\" height=\"500\" class=\"gb-image gb-image-62730668\" src=\"https:\/\/emea.technetix.com\/wp-content\/uploads\/sites\/2\/2023\/12\/0002_LPME_LBUPS.png\" alt=\"\" title=\"0002_LPME_LBUPS\" srcset=\"https:\/\/emea.technetix.com\/wp-content\/uploads\/sites\/2\/2023\/12\/0002_LPME_LBUPS.png 1000w, https:\/\/emea.technetix.com\/wp-content\/uploads\/sites\/2\/2023\/12\/0002_LPME_LBUPS-300x150.png 300w, https:\/\/emea.technetix.com\/wp-content\/uploads\/sites\/2\/2023\/12\/0002_LPME_LBUPS-768x384.png 768w, https:\/\/emea.technetix.com\/wp-content\/uploads\/sites\/2\/2023\/12\/0002_LPME_LBUPS-600x300.png 600w\" sizes=\"auto, (max-width: 1000px) 100vw, 1000px\" \/><\/figure>\n\n\n\n<h2 class=\"gb-headline gb-headline-fb07acf4 gb-headline-text\">Gabinete exterior de montaje en poste\/pared para fuentes de alimentaci\u00f3n (LPME)<\/h2>\n\n\n\n<p><\/p>\n\n<\/div><\/div><\/div>\n\n<div class=\"gb-grid-column gb-grid-column-345946e4\"><div class=\"gb-container gb-container-345946e4 image-link-block\" id=\"w-button\"><a class=\"gb-container-link\" href=\"https:\/\/emea.technetix.com\/es\/soluciones-de-alimentacion\/fuentes-de-alimentacion-ups-de-red\/transpondedores-docsis-para-monitorizacion-de-fuentes-de-alimentacion-dht3\/\"><\/a><div class=\"gb-inside-container\">\n\n<figure class=\"gb-block-image gb-block-image-04546988\"><img loading=\"lazy\" decoding=\"async\" width=\"1000\" height=\"500\" class=\"gb-image gb-image-04546988\" src=\"https:\/\/emea.technetix.com\/wp-content\/uploads\/sites\/2\/2023\/12\/0003_DHT3.png\" alt=\"\" title=\"0003_DHT3\" srcset=\"https:\/\/emea.technetix.com\/wp-content\/uploads\/sites\/2\/2023\/12\/0003_DHT3.png 1000w, https:\/\/emea.technetix.com\/wp-content\/uploads\/sites\/2\/2023\/12\/0003_DHT3-300x150.png 300w, https:\/\/emea.technetix.com\/wp-content\/uploads\/sites\/2\/2023\/12\/0003_DHT3-768x384.png 768w, https:\/\/emea.technetix.com\/wp-content\/uploads\/sites\/2\/2023\/12\/0003_DHT3-600x300.png 600w\" sizes=\"auto, (max-width: 1000px) 100vw, 1000px\" \/><\/figure>\n\n\n\n<h2 class=\"gb-headline gb-headline-bb1d1116 gb-headline-text\">Transpondedores DOCSIS\u00ae para monitorizaci\u00f3n de fuentes de alimentaci\u00f3n (DHT3)<\/h2>\n\n\n\n<p><\/p>\n\n<\/div><\/div><\/div>\n<\/div>\n<\/div>\n\n<div class=\"gb-container gb-container-511e9865\">\n<div class=\"gb-container gb-container-115960bd\">\n<div class=\"gb-container gb-container-718bb3b4 gb-container-con-buttons-bottom\">\n\n<h2 class=\"gb-headline gb-headline-7ce6fa4b gb-headline-text gb-headline-head-bottom-buttons\"> Enlaces de inter\u00e9s<\/h2>\n\n\n<div class=\"gb-button-wrapper gb-button-wrapper-5300c273 gb-button-wrapper-after-content-buttons\">\n\n<a class=\"gb-button gb-button-74bfad52 gb-button-text gb-button-bottom-button\" href=\"https:\/\/emea.technetix.com\/es\/contactenos\/\">Cont\u00e1ctenos<\/a>\n\n<\/div>\n<\/div>\n<\/div>\n<\/div>","protected":false},"excerpt":{"rendered":"<p>Fuentes de alimentaci\u00f3n UPS de red Fuentes de alimentaci\u00f3n ininterrumpida (UPS) para exteriores robustas y a precios competitivos disponibles en una variedad de capacidades de potencia de salida. Enlaces de inter\u00e9s<\/p>\n","protected":false},"author":21,"featured_media":0,"parent":288640,"menu_order":0,"comment_status":"closed","ping_status":"closed","template":"","meta":{"_acf_changed":false,"_gspb_post_css":"","footnotes":""},"class_list":["post-288642","page","type-page","status-publish"],"yoast_head":"<!-- This site is optimized with the Yoast SEO Premium plugin v22.5 (Yoast SEO v27.4) - https:\/\/yoast.com\/product\/yoast-seo-premium-wordpress\/ -->\n<title>Fuentes de alimentaci\u00f3n UPS de red - Technetix EMEA<\/title>\n<meta name=\"robots\" content=\"index, follow, max-snippet:-1, max-image-preview:large, max-video-preview:-1\" \/>\n<link rel=\"canonical\" href=\"https:\/\/emea.technetix.com\/es\/soluciones-de-alimentacion\/fuentes-de-alimentacion-ups-de-red\/\" \/>\n<meta property=\"og:locale\" content=\"es_ES\" \/>\n<meta property=\"og:type\" content=\"article\" \/>\n<meta property=\"og:title\" content=\"Fuentes de alimentaci\u00f3n UPS de red - Technetix EMEA\" \/>\n<meta property=\"og:description\" content=\"Fuentes de alimentaci\u00f3n UPS de red Fuentes de alimentaci\u00f3n ininterrumpida (UPS) para exteriores robustas y a precios competitivos disponibles en una variedad de capacidades de potencia de salida. Enlaces de inter\u00e9s\" \/>\n<meta property=\"og:url\" content=\"https:\/\/emea.technetix.com\/es\/soluciones-de-alimentacion\/fuentes-de-alimentacion-ups-de-red\/\" \/>\n<meta property=\"og:site_name\" content=\"Technetix EMEA\" \/>\n<meta property=\"article:modified_time\" content=\"2026-01-19T11:56:01+00:00\" \/>\n<meta property=\"og:image\" content=\"https:\/\/emea.technetix.com\/wp-content\/uploads\/sites\/2\/2025\/03\/ASPX_PRFL_01.png\" \/>\n<meta name=\"twitter:card\" content=\"summary_large_image\" \/>\n<meta name=\"twitter:site\" content=\"@technetixgroup\" \/>\n<meta name=\"twitter:label1\" content=\"Tiempo de lectura\" \/>\n\t<meta name=\"twitter:data1\" content=\"2 minutos\" \/>\n<script type=\"application\/ld+json\" class=\"yoast-schema-graph\">{\"@context\":\"https:\\\/\\\/schema.org\",\"@graph\":[{\"@type\":\"WebPage\",\"@id\":\"https:\\\/\\\/emea.technetix.com\\\/es\\\/soluciones-de-alimentacion\\\/fuentes-de-alimentacion-ups-de-red\\\/\",\"url\":\"https:\\\/\\\/emea.technetix.com\\\/es\\\/soluciones-de-alimentacion\\\/fuentes-de-alimentacion-ups-de-red\\\/\",\"name\":\"Fuentes de alimentaci\u00f3n UPS de red - Technetix EMEA\",\"isPartOf\":{\"@id\":\"https:\\\/\\\/emea.technetix.com\\\/es\\\/#website\"},\"primaryImageOfPage\":{\"@id\":\"https:\\\/\\\/emea.technetix.com\\\/es\\\/soluciones-de-alimentacion\\\/fuentes-de-alimentacion-ups-de-red\\\/#primaryimage\"},\"image\":{\"@id\":\"https:\\\/\\\/emea.technetix.com\\\/es\\\/soluciones-de-alimentacion\\\/fuentes-de-alimentacion-ups-de-red\\\/#primaryimage\"},\"thumbnailUrl\":\"https:\\\/\\\/emea.technetix.com\\\/wp-content\\\/uploads\\\/sites\\\/2\\\/2025\\\/03\\\/ASPX_PRFL_01.png\",\"datePublished\":\"2023-12-14T14:53:34+00:00\",\"dateModified\":\"2026-01-19T11:56:01+00:00\",\"breadcrumb\":{\"@id\":\"https:\\\/\\\/emea.technetix.com\\\/es\\\/soluciones-de-alimentacion\\\/fuentes-de-alimentacion-ups-de-red\\\/#breadcrumb\"},\"inLanguage\":\"es\",\"potentialAction\":[{\"@type\":\"ReadAction\",\"target\":[\"https:\\\/\\\/emea.technetix.com\\\/es\\\/soluciones-de-alimentacion\\\/fuentes-de-alimentacion-ups-de-red\\\/\"]}]},{\"@type\":\"ImageObject\",\"inLanguage\":\"es\",\"@id\":\"https:\\\/\\\/emea.technetix.com\\\/es\\\/soluciones-de-alimentacion\\\/fuentes-de-alimentacion-ups-de-red\\\/#primaryimage\",\"url\":\"https:\\\/\\\/emea.technetix.com\\\/wp-content\\\/uploads\\\/sites\\\/2\\\/2025\\\/03\\\/ASPX_PRFL_01.png\",\"contentUrl\":\"https:\\\/\\\/emea.technetix.com\\\/wp-content\\\/uploads\\\/sites\\\/2\\\/2025\\\/03\\\/ASPX_PRFL_01.png\"},{\"@type\":\"BreadcrumbList\",\"@id\":\"https:\\\/\\\/emea.technetix.com\\\/es\\\/soluciones-de-alimentacion\\\/fuentes-de-alimentacion-ups-de-red\\\/#breadcrumb\",\"itemListElement\":[{\"@type\":\"ListItem\",\"position\":1,\"name\":\"Home\",\"item\":\"https:\\\/\\\/emea.technetix.com\\\/es\\\/\"},{\"@type\":\"ListItem\",\"position\":2,\"name\":\"Soluciones de Alimentaci\u00f3n\",\"item\":\"https:\\\/\\\/emea.technetix.com\\\/es\\\/soluciones-de-alimentacion\\\/\"},{\"@type\":\"ListItem\",\"position\":3,\"name\":\"Fuentes de alimentaci\u00f3n UPS de red\"}]},{\"@type\":\"WebSite\",\"@id\":\"https:\\\/\\\/emea.technetix.com\\\/es\\\/#website\",\"url\":\"https:\\\/\\\/emea.technetix.com\\\/es\\\/\",\"name\":\"Technetix\",\"description\":\"Next-generation broadband equipment engineering\",\"publisher\":{\"@id\":\"https:\\\/\\\/emea.technetix.com\\\/es\\\/#organization\"},\"potentialAction\":[{\"@type\":\"SearchAction\",\"target\":{\"@type\":\"EntryPoint\",\"urlTemplate\":\"https:\\\/\\\/emea.technetix.com\\\/es\\\/?s={search_term_string}\"},\"query-input\":{\"@type\":\"PropertyValueSpecification\",\"valueRequired\":true,\"valueName\":\"search_term_string\"}}],\"inLanguage\":\"es\"},{\"@type\":\"Organization\",\"@id\":\"https:\\\/\\\/emea.technetix.com\\\/es\\\/#organization\",\"name\":\"Technetix\",\"url\":\"https:\\\/\\\/emea.technetix.com\\\/es\\\/\",\"logo\":{\"@type\":\"ImageObject\",\"inLanguage\":\"es\",\"@id\":\"https:\\\/\\\/emea.technetix.com\\\/es\\\/#\\\/schema\\\/logo\\\/image\\\/\",\"url\":\"https:\\\/\\\/emea.technetix.com\\\/wp-content\\\/uploads\\\/sites\\\/2\\\/2023\\\/06\\\/logo-Technetix-1000x1000-1.png\",\"contentUrl\":\"https:\\\/\\\/emea.technetix.com\\\/wp-content\\\/uploads\\\/sites\\\/2\\\/2023\\\/06\\\/logo-Technetix-1000x1000-1.png\",\"width\":1000,\"height\":1000,\"caption\":\"Technetix\"},\"image\":{\"@id\":\"https:\\\/\\\/emea.technetix.com\\\/es\\\/#\\\/schema\\\/logo\\\/image\\\/\"},\"sameAs\":[\"https:\\\/\\\/x.com\\\/technetixgroup\",\"https:\\\/\\\/www.linkedin.com\\\/company\\\/technetix\\\/\",\"https:\\\/\\\/www.youtube.com\\\/c\\\/Technetix-group\"]}]}<\/script>\n<!-- \/ Yoast SEO Premium plugin. -->","yoast_head_json":{"title":"Fuentes de alimentaci\u00f3n UPS de red - Technetix EMEA","robots":{"index":"index","follow":"follow","max-snippet":"max-snippet:-1","max-image-preview":"max-image-preview:large","max-video-preview":"max-video-preview:-1"},"canonical":"https:\/\/emea.technetix.com\/es\/soluciones-de-alimentacion\/fuentes-de-alimentacion-ups-de-red\/","og_locale":"es_ES","og_type":"article","og_title":"Fuentes de alimentaci\u00f3n UPS de red - Technetix EMEA","og_description":"Fuentes de alimentaci\u00f3n UPS de red Fuentes de alimentaci\u00f3n ininterrumpida (UPS) para exteriores robustas y a precios competitivos disponibles en una variedad de capacidades de potencia de salida. Enlaces de inter\u00e9s","og_url":"https:\/\/emea.technetix.com\/es\/soluciones-de-alimentacion\/fuentes-de-alimentacion-ups-de-red\/","og_site_name":"Technetix EMEA","article_modified_time":"2026-01-19T11:56:01+00:00","og_image":[{"url":"https:\/\/emea.technetix.com\/wp-content\/uploads\/sites\/2\/2025\/03\/ASPX_PRFL_01.png","type":"","width":"","height":""}],"twitter_card":"summary_large_image","twitter_site":"@technetixgroup","twitter_misc":{"Tiempo de lectura":"2 minutos"},"schema":{"@context":"https:\/\/schema.org","@graph":[{"@type":"WebPage","@id":"https:\/\/emea.technetix.com\/es\/soluciones-de-alimentacion\/fuentes-de-alimentacion-ups-de-red\/","url":"https:\/\/emea.technetix.com\/es\/soluciones-de-alimentacion\/fuentes-de-alimentacion-ups-de-red\/","name":"Fuentes de alimentaci\u00f3n UPS de red - Technetix EMEA","isPartOf":{"@id":"https:\/\/emea.technetix.com\/es\/#website"},"primaryImageOfPage":{"@id":"https:\/\/emea.technetix.com\/es\/soluciones-de-alimentacion\/fuentes-de-alimentacion-ups-de-red\/#primaryimage"},"image":{"@id":"https:\/\/emea.technetix.com\/es\/soluciones-de-alimentacion\/fuentes-de-alimentacion-ups-de-red\/#primaryimage"},"thumbnailUrl":"https:\/\/emea.technetix.com\/wp-content\/uploads\/sites\/2\/2025\/03\/ASPX_PRFL_01.png","datePublished":"2023-12-14T14:53:34+00:00","dateModified":"2026-01-19T11:56:01+00:00","breadcrumb":{"@id":"https:\/\/emea.technetix.com\/es\/soluciones-de-alimentacion\/fuentes-de-alimentacion-ups-de-red\/#breadcrumb"},"inLanguage":"es","potentialAction":[{"@type":"ReadAction","target":["https:\/\/emea.technetix.com\/es\/soluciones-de-alimentacion\/fuentes-de-alimentacion-ups-de-red\/"]}]},{"@type":"ImageObject","inLanguage":"es","@id":"https:\/\/emea.technetix.com\/es\/soluciones-de-alimentacion\/fuentes-de-alimentacion-ups-de-red\/#primaryimage","url":"https:\/\/emea.technetix.com\/wp-content\/uploads\/sites\/2\/2025\/03\/ASPX_PRFL_01.png","contentUrl":"https:\/\/emea.technetix.com\/wp-content\/uploads\/sites\/2\/2025\/03\/ASPX_PRFL_01.png"},{"@type":"BreadcrumbList","@id":"https:\/\/emea.technetix.com\/es\/soluciones-de-alimentacion\/fuentes-de-alimentacion-ups-de-red\/#breadcrumb","itemListElement":[{"@type":"ListItem","position":1,"name":"Home","item":"https:\/\/emea.technetix.com\/es\/"},{"@type":"ListItem","position":2,"name":"Soluciones de Alimentaci\u00f3n","item":"https:\/\/emea.technetix.com\/es\/soluciones-de-alimentacion\/"},{"@type":"ListItem","position":3,"name":"Fuentes de alimentaci\u00f3n UPS de red"}]},{"@type":"WebSite","@id":"https:\/\/emea.technetix.com\/es\/#website","url":"https:\/\/emea.technetix.com\/es\/","name":"Technetix","description":"Next-generation broadband equipment engineering","publisher":{"@id":"https:\/\/emea.technetix.com\/es\/#organization"},"potentialAction":[{"@type":"SearchAction","target":{"@type":"EntryPoint","urlTemplate":"https:\/\/emea.technetix.com\/es\/?s={search_term_string}"},"query-input":{"@type":"PropertyValueSpecification","valueRequired":true,"valueName":"search_term_string"}}],"inLanguage":"es"},{"@type":"Organization","@id":"https:\/\/emea.technetix.com\/es\/#organization","name":"Technetix","url":"https:\/\/emea.technetix.com\/es\/","logo":{"@type":"ImageObject","inLanguage":"es","@id":"https:\/\/emea.technetix.com\/es\/#\/schema\/logo\/image\/","url":"https:\/\/emea.technetix.com\/wp-content\/uploads\/sites\/2\/2023\/06\/logo-Technetix-1000x1000-1.png","contentUrl":"https:\/\/emea.technetix.com\/wp-content\/uploads\/sites\/2\/2023\/06\/logo-Technetix-1000x1000-1.png","width":1000,"height":1000,"caption":"Technetix"},"image":{"@id":"https:\/\/emea.technetix.com\/es\/#\/schema\/logo\/image\/"},"sameAs":["https:\/\/x.com\/technetixgroup","https:\/\/www.linkedin.com\/company\/technetix\/","https:\/\/www.youtube.com\/c\/Technetix-group"]}]}},"acf":[],"publishpress_future_workflow_manual_trigger":{"enabledWorkflows":[]},"_links":{"self":[{"href":"https:\/\/emea.technetix.com\/es\/wp-json\/wp\/v2\/pages\/288642","targetHints":{"allow":["GET"]}}],"collection":[{"href":"https:\/\/emea.technetix.com\/es\/wp-json\/wp\/v2\/pages"}],"about":[{"href":"https:\/\/emea.technetix.com\/es\/wp-json\/wp\/v2\/types\/page"}],"author":[{"embeddable":true,"href":"https:\/\/emea.technetix.com\/es\/wp-json\/wp\/v2\/users\/21"}],"replies":[{"embeddable":true,"href":"https:\/\/emea.technetix.com\/es\/wp-json\/wp\/v2\/comments?post=288642"}],"version-history":[{"count":1,"href":"https:\/\/emea.technetix.com\/es\/wp-json\/wp\/v2\/pages\/288642\/revisions"}],"predecessor-version":[{"id":1272440,"href":"https:\/\/emea.technetix.com\/es\/wp-json\/wp\/v2\/pages\/288642\/revisions\/1272440"}],"up":[{"embeddable":true,"href":"https:\/\/emea.technetix.com\/es\/wp-json\/wp\/v2\/pages\/288640"}],"wp:attachment":[{"href":"https:\/\/emea.technetix.com\/es\/wp-json\/wp\/v2\/media?parent=288642"}],"curies":[{"name":"wp","href":"https:\/\/api.w.org\/{rel}","templated":true}]}}