{"id":288591,"date":"2023-11-08T15:23:41","date_gmt":"2023-11-08T15:23:41","guid":{"rendered":"https:\/\/emea.technetix.com\/redes-fttx\/soluciones-de-terminacion-de-suscriptores\/soluciones-de-terminacion-de-suscriptor-de-hasta-16-adaptadores-sc-lb-tba-tbb\/"},"modified":"2024-02-27T13:07:05","modified_gmt":"2024-02-27T13:07:05","slug":"soluciones-de-terminacion-de-suscriptor-de-hasta-16-adaptadores-sc-lb-tba-tbb","status":"publish","type":"page","link":"https:\/\/emea.technetix.com\/es\/fiber-networks\/soluciones-de-terminacion-de-suscriptores\/soluciones-de-terminacion-de-suscriptor-de-hasta-16-adaptadores-sc-lb-tba-tbb\/","title":{"rendered":"Soluciones de terminaci\u00f3n de suscriptor de hasta 16 adaptadores SC (LB-TBA\/TBB)"},"content":{"rendered":"<div class=\"gb-container gb-container-a2efb66f gb-container-wide-back-page-con\" id=\"content\">\n<div class=\"gb-grid-wrapper gb-grid-wrapper-5efcc144\">\n<div class=\"gb-grid-column gb-grid-column-6e2f42ae\"><div class=\"gb-container gb-container-6e2f42ae\" id=\"image-col\"><div class=\"gb-inside-container\">\n\n<figure class=\"gb-block-image gb-block-image-61e35e7d\"><img loading=\"lazy\" decoding=\"async\" width=\"4622\" height=\"3775\" class=\"gb-image gb-image-61e35e7d\" src=\"https:\/\/emea.technetix.com\/wp-content\/uploads\/sites\/2\/2023\/11\/LB-TBA_TBB_compact2-copy.png\" alt=\"\" title=\"LB-TBA_TBB_compact2 copy\" srcset=\"https:\/\/emea.technetix.com\/wp-content\/uploads\/sites\/2\/2023\/11\/LB-TBA_TBB_compact2-copy.png 4622w, https:\/\/emea.technetix.com\/wp-content\/uploads\/sites\/2\/2023\/11\/LB-TBA_TBB_compact2-copy-300x245.png 300w, https:\/\/emea.technetix.com\/wp-content\/uploads\/sites\/2\/2023\/11\/LB-TBA_TBB_compact2-copy-1024x836.png 1024w, https:\/\/emea.technetix.com\/wp-content\/uploads\/sites\/2\/2023\/11\/LB-TBA_TBB_compact2-copy-768x627.png 768w, https:\/\/emea.technetix.com\/wp-content\/uploads\/sites\/2\/2023\/11\/LB-TBA_TBB_compact2-copy-1536x1255.png 1536w, https:\/\/emea.technetix.com\/wp-content\/uploads\/sites\/2\/2023\/11\/LB-TBA_TBB_compact2-copy-2048x1673.png 2048w, https:\/\/emea.technetix.com\/wp-content\/uploads\/sites\/2\/2023\/11\/LB-TBA_TBB_compact2-copy-600x490.png 600w\" sizes=\"auto, (max-width: 4622px) 100vw, 4622px\" \/><\/figure>\n\n<\/div><\/div><\/div>\n\n<div class=\"gb-grid-column gb-grid-column-cb46cc96\"><div class=\"gb-container gb-container-cb46cc96\" id=\"content-col\"><div class=\"gb-inside-container\">\n<h2 class=\"gb-headline gb-headline-d02c52e4 gb-headline-text\">Soluciones de terminaci\u00f3n de suscriptor de hasta 16 adaptadores SC (LB-TBA\/TBB)<\/h2>\n\n\n<p>Estas cajas terminales compactas de pl\u00e1stico para interiores y exteriores montados en la pared han sido dise\u00f1adas para la transici\u00f3n de fibra entrante exterior a interior. Ideales para aplicaciones MDU para FTTH, nuestros adaptadores son capaces de manejar hasta 8 adaptadores SC (LB-TBA) y hasta 16 adaptadores SC (LB-TBB). Ambos cuentan con una bandeja con bisagras para empalme, almacenamiento e instalaci\u00f3n de divisor \u00f3ptico, y cada cierre es resistente a los rayos UV y a la intemperie.  <\/p>\n\n\n\n<ul class=\"wp-block-list\">\n<li>Aplicaciones de montaje en pared y poste<\/li>\n\n\n\n<li>Clasificaci\u00f3n IP66 para protecci\u00f3n contra el ingreso de agua y polvo<\/li>\n\n\n\n<li>Compacto: LB-TBA mide 8,2\u201d alto x 7,1\u201d ancho x 1,8\u201d profundidad (20,7 alto x 18,1 ancho x 4,5 profundidad cm)<\/li>\n\n\n\n<li>Compacto: LB-TBB mide 11,8\u201d alto x 8,7\u201d ancho x 3,2\u201d profundidad (30,0 alto x 22,0 ancho x 8,0 profundidad cm)<\/li>\n<\/ul>\n\n<\/div><\/div><\/div>\n<\/div>\n\n<div class=\"gb-container gb-container-dbeed0b8 gb-container-con-buttons-bottom\">\n\n<h2 class=\"gb-headline gb-headline-7ce6fa4b gb-headline-text gb-headline-head-bottom-buttons\">Enlaces de inter\u00e9s<\/h2>\n\n\n<div class=\"gb-button-wrapper gb-button-wrapper-5300c273 gb-button-wrapper-after-con-buttons\">\n\n<a class=\"gb-button gb-button-3eadfa91 gb-button-text gb-button-bottom-button\" href=\"https:\/\/emea.technetix.com\/wp-content\/uploads\/sites\/2\/2023\/11\/LB_TBA_TBB_Series_V1_DS_EN-1.pdf\" target=\"_blank\" rel=\"noopener noreferrer\">Ficha t\u00e9cnica<\/a>\n\n\n\n<a class=\"gb-button gb-button-74bfad52 gb-button-text gb-button-bottom-button\" href=\"https:\/\/emea.technetix.com\/es\/contactenos\/\">Cont\u00e1ctenos<\/a>\n\n<\/div>\n<\/div>\n<\/div>","protected":false},"excerpt":{"rendered":"<p>Enlaces de inter\u00e9s<\/p>\n","protected":false},"author":21,"featured_media":0,"parent":288482,"menu_order":0,"comment_status":"closed","ping_status":"closed","template":"","meta":{"_acf_changed":false,"_gspb_post_css":"","footnotes":""},"class_list":["post-288591","page","type-page","status-publish"],"yoast_head":"<!-- This site is optimized with the Yoast SEO Premium plugin v22.5 (Yoast SEO v27.4) - https:\/\/yoast.com\/product\/yoast-seo-premium-wordpress\/ -->\n<title>Soluciones de terminaci\u00f3n de suscriptor de hasta 16 adaptadores SC (LB-TBA\/TBB) - Technetix EMEA<\/title>\n<meta name=\"robots\" content=\"index, follow, max-snippet:-1, max-image-preview:large, max-video-preview:-1\" \/>\n<link rel=\"canonical\" href=\"https:\/\/emea.technetix.com\/es\/fiber-networks\/soluciones-de-terminacion-de-suscriptores\/soluciones-de-terminacion-de-suscriptor-de-hasta-16-adaptadores-sc-lb-tba-tbb\/\" \/>\n<meta property=\"og:locale\" content=\"es_ES\" \/>\n<meta property=\"og:type\" content=\"article\" \/>\n<meta property=\"og:title\" content=\"Soluciones de terminaci\u00f3n de suscriptor de hasta 16 adaptadores SC (LB-TBA\/TBB) - Technetix EMEA\" \/>\n<meta property=\"og:description\" content=\"Enlaces de inter\u00e9s\" \/>\n<meta property=\"og:url\" content=\"https:\/\/emea.technetix.com\/es\/fiber-networks\/soluciones-de-terminacion-de-suscriptores\/soluciones-de-terminacion-de-suscriptor-de-hasta-16-adaptadores-sc-lb-tba-tbb\/\" \/>\n<meta property=\"og:site_name\" content=\"Technetix EMEA\" \/>\n<meta property=\"article:modified_time\" content=\"2024-02-27T13:07:05+00:00\" \/>\n<meta property=\"og:image\" content=\"https:\/\/emea.technetix.com\/wp-content\/uploads\/sites\/2\/2023\/11\/LB-TBA_TBB_compact2-copy.png\" \/>\n<meta name=\"twitter:card\" content=\"summary_large_image\" \/>\n<meta name=\"twitter:site\" content=\"@technetixgroup\" \/>\n<meta name=\"twitter:label1\" content=\"Tiempo de lectura\" \/>\n\t<meta name=\"twitter:data1\" content=\"1 minuto\" \/>\n<script type=\"application\/ld+json\" class=\"yoast-schema-graph\">{\"@context\":\"https:\\\/\\\/schema.org\",\"@graph\":[{\"@type\":\"WebPage\",\"@id\":\"https:\\\/\\\/emea.technetix.com\\\/es\\\/fiber-networks\\\/soluciones-de-terminacion-de-suscriptores\\\/soluciones-de-terminacion-de-suscriptor-de-hasta-16-adaptadores-sc-lb-tba-tbb\\\/\",\"url\":\"https:\\\/\\\/emea.technetix.com\\\/es\\\/fiber-networks\\\/soluciones-de-terminacion-de-suscriptores\\\/soluciones-de-terminacion-de-suscriptor-de-hasta-16-adaptadores-sc-lb-tba-tbb\\\/\",\"name\":\"Soluciones de terminaci\u00f3n de suscriptor de hasta 16 adaptadores SC (LB-TBA\\\/TBB) - Technetix EMEA\",\"isPartOf\":{\"@id\":\"https:\\\/\\\/emea.technetix.com\\\/es\\\/#website\"},\"primaryImageOfPage\":{\"@id\":\"https:\\\/\\\/emea.technetix.com\\\/es\\\/fiber-networks\\\/soluciones-de-terminacion-de-suscriptores\\\/soluciones-de-terminacion-de-suscriptor-de-hasta-16-adaptadores-sc-lb-tba-tbb\\\/#primaryimage\"},\"image\":{\"@id\":\"https:\\\/\\\/emea.technetix.com\\\/es\\\/fiber-networks\\\/soluciones-de-terminacion-de-suscriptores\\\/soluciones-de-terminacion-de-suscriptor-de-hasta-16-adaptadores-sc-lb-tba-tbb\\\/#primaryimage\"},\"thumbnailUrl\":\"https:\\\/\\\/emea.technetix.com\\\/wp-content\\\/uploads\\\/sites\\\/2\\\/2023\\\/11\\\/LB-TBA_TBB_compact2-copy.png\",\"datePublished\":\"2023-11-08T15:23:41+00:00\",\"dateModified\":\"2024-02-27T13:07:05+00:00\",\"breadcrumb\":{\"@id\":\"https:\\\/\\\/emea.technetix.com\\\/es\\\/fiber-networks\\\/soluciones-de-terminacion-de-suscriptores\\\/soluciones-de-terminacion-de-suscriptor-de-hasta-16-adaptadores-sc-lb-tba-tbb\\\/#breadcrumb\"},\"inLanguage\":\"es\",\"potentialAction\":[{\"@type\":\"ReadAction\",\"target\":[\"https:\\\/\\\/emea.technetix.com\\\/es\\\/fiber-networks\\\/soluciones-de-terminacion-de-suscriptores\\\/soluciones-de-terminacion-de-suscriptor-de-hasta-16-adaptadores-sc-lb-tba-tbb\\\/\"]}]},{\"@type\":\"ImageObject\",\"inLanguage\":\"es\",\"@id\":\"https:\\\/\\\/emea.technetix.com\\\/es\\\/fiber-networks\\\/soluciones-de-terminacion-de-suscriptores\\\/soluciones-de-terminacion-de-suscriptor-de-hasta-16-adaptadores-sc-lb-tba-tbb\\\/#primaryimage\",\"url\":\"https:\\\/\\\/emea.technetix.com\\\/wp-content\\\/uploads\\\/sites\\\/2\\\/2023\\\/11\\\/LB-TBA_TBB_compact2-copy.png\",\"contentUrl\":\"https:\\\/\\\/emea.technetix.com\\\/wp-content\\\/uploads\\\/sites\\\/2\\\/2023\\\/11\\\/LB-TBA_TBB_compact2-copy.png\"},{\"@type\":\"BreadcrumbList\",\"@id\":\"https:\\\/\\\/emea.technetix.com\\\/es\\\/fiber-networks\\\/soluciones-de-terminacion-de-suscriptores\\\/soluciones-de-terminacion-de-suscriptor-de-hasta-16-adaptadores-sc-lb-tba-tbb\\\/#breadcrumb\",\"itemListElement\":[{\"@type\":\"ListItem\",\"position\":1,\"name\":\"Home\",\"item\":\"https:\\\/\\\/emea.technetix.com\\\/es\\\/\"},{\"@type\":\"ListItem\",\"position\":2,\"name\":\"Fibra\",\"item\":\"https:\\\/\\\/emea.technetix.com\\\/es\\\/fiber-networks\\\/\"},{\"@type\":\"ListItem\",\"position\":3,\"name\":\"Soluciones de terminaci\u00f3n de suscriptores\",\"item\":\"https:\\\/\\\/emea.technetix.com\\\/es\\\/fiber-networks\\\/soluciones-de-terminacion-de-suscriptores\\\/\"},{\"@type\":\"ListItem\",\"position\":4,\"name\":\"Soluciones de terminaci\u00f3n de suscriptor de hasta 16 adaptadores SC (LB-TBA\\\/TBB)\"}]},{\"@type\":\"WebSite\",\"@id\":\"https:\\\/\\\/emea.technetix.com\\\/es\\\/#website\",\"url\":\"https:\\\/\\\/emea.technetix.com\\\/es\\\/\",\"name\":\"Technetix\",\"description\":\"Next-generation broadband equipment engineering\",\"publisher\":{\"@id\":\"https:\\\/\\\/emea.technetix.com\\\/es\\\/#organization\"},\"potentialAction\":[{\"@type\":\"SearchAction\",\"target\":{\"@type\":\"EntryPoint\",\"urlTemplate\":\"https:\\\/\\\/emea.technetix.com\\\/es\\\/?s={search_term_string}\"},\"query-input\":{\"@type\":\"PropertyValueSpecification\",\"valueRequired\":true,\"valueName\":\"search_term_string\"}}],\"inLanguage\":\"es\"},{\"@type\":\"Organization\",\"@id\":\"https:\\\/\\\/emea.technetix.com\\\/es\\\/#organization\",\"name\":\"Technetix\",\"url\":\"https:\\\/\\\/emea.technetix.com\\\/es\\\/\",\"logo\":{\"@type\":\"ImageObject\",\"inLanguage\":\"es\",\"@id\":\"https:\\\/\\\/emea.technetix.com\\\/es\\\/#\\\/schema\\\/logo\\\/image\\\/\",\"url\":\"https:\\\/\\\/emea.technetix.com\\\/wp-content\\\/uploads\\\/sites\\\/2\\\/2023\\\/06\\\/logo-Technetix-1000x1000-1.png\",\"contentUrl\":\"https:\\\/\\\/emea.technetix.com\\\/wp-content\\\/uploads\\\/sites\\\/2\\\/2023\\\/06\\\/logo-Technetix-1000x1000-1.png\",\"width\":1000,\"height\":1000,\"caption\":\"Technetix\"},\"image\":{\"@id\":\"https:\\\/\\\/emea.technetix.com\\\/es\\\/#\\\/schema\\\/logo\\\/image\\\/\"},\"sameAs\":[\"https:\\\/\\\/x.com\\\/technetixgroup\",\"https:\\\/\\\/www.linkedin.com\\\/company\\\/technetix\\\/\",\"https:\\\/\\\/www.youtube.com\\\/c\\\/Technetix-group\"]}]}<\/script>\n<!-- \/ Yoast SEO Premium plugin. -->","yoast_head_json":{"title":"Soluciones de terminaci\u00f3n de suscriptor de hasta 16 adaptadores SC (LB-TBA\/TBB) - Technetix EMEA","robots":{"index":"index","follow":"follow","max-snippet":"max-snippet:-1","max-image-preview":"max-image-preview:large","max-video-preview":"max-video-preview:-1"},"canonical":"https:\/\/emea.technetix.com\/es\/fiber-networks\/soluciones-de-terminacion-de-suscriptores\/soluciones-de-terminacion-de-suscriptor-de-hasta-16-adaptadores-sc-lb-tba-tbb\/","og_locale":"es_ES","og_type":"article","og_title":"Soluciones de terminaci\u00f3n de suscriptor de hasta 16 adaptadores SC (LB-TBA\/TBB) - Technetix EMEA","og_description":"Enlaces de inter\u00e9s","og_url":"https:\/\/emea.technetix.com\/es\/fiber-networks\/soluciones-de-terminacion-de-suscriptores\/soluciones-de-terminacion-de-suscriptor-de-hasta-16-adaptadores-sc-lb-tba-tbb\/","og_site_name":"Technetix EMEA","article_modified_time":"2024-02-27T13:07:05+00:00","og_image":[{"url":"https:\/\/emea.technetix.com\/wp-content\/uploads\/sites\/2\/2023\/11\/LB-TBA_TBB_compact2-copy.png","type":"","width":"","height":""}],"twitter_card":"summary_large_image","twitter_site":"@technetixgroup","twitter_misc":{"Tiempo de lectura":"1 minuto"},"schema":{"@context":"https:\/\/schema.org","@graph":[{"@type":"WebPage","@id":"https:\/\/emea.technetix.com\/es\/fiber-networks\/soluciones-de-terminacion-de-suscriptores\/soluciones-de-terminacion-de-suscriptor-de-hasta-16-adaptadores-sc-lb-tba-tbb\/","url":"https:\/\/emea.technetix.com\/es\/fiber-networks\/soluciones-de-terminacion-de-suscriptores\/soluciones-de-terminacion-de-suscriptor-de-hasta-16-adaptadores-sc-lb-tba-tbb\/","name":"Soluciones de terminaci\u00f3n de suscriptor de hasta 16 adaptadores SC (LB-TBA\/TBB) - Technetix EMEA","isPartOf":{"@id":"https:\/\/emea.technetix.com\/es\/#website"},"primaryImageOfPage":{"@id":"https:\/\/emea.technetix.com\/es\/fiber-networks\/soluciones-de-terminacion-de-suscriptores\/soluciones-de-terminacion-de-suscriptor-de-hasta-16-adaptadores-sc-lb-tba-tbb\/#primaryimage"},"image":{"@id":"https:\/\/emea.technetix.com\/es\/fiber-networks\/soluciones-de-terminacion-de-suscriptores\/soluciones-de-terminacion-de-suscriptor-de-hasta-16-adaptadores-sc-lb-tba-tbb\/#primaryimage"},"thumbnailUrl":"https:\/\/emea.technetix.com\/wp-content\/uploads\/sites\/2\/2023\/11\/LB-TBA_TBB_compact2-copy.png","datePublished":"2023-11-08T15:23:41+00:00","dateModified":"2024-02-27T13:07:05+00:00","breadcrumb":{"@id":"https:\/\/emea.technetix.com\/es\/fiber-networks\/soluciones-de-terminacion-de-suscriptores\/soluciones-de-terminacion-de-suscriptor-de-hasta-16-adaptadores-sc-lb-tba-tbb\/#breadcrumb"},"inLanguage":"es","potentialAction":[{"@type":"ReadAction","target":["https:\/\/emea.technetix.com\/es\/fiber-networks\/soluciones-de-terminacion-de-suscriptores\/soluciones-de-terminacion-de-suscriptor-de-hasta-16-adaptadores-sc-lb-tba-tbb\/"]}]},{"@type":"ImageObject","inLanguage":"es","@id":"https:\/\/emea.technetix.com\/es\/fiber-networks\/soluciones-de-terminacion-de-suscriptores\/soluciones-de-terminacion-de-suscriptor-de-hasta-16-adaptadores-sc-lb-tba-tbb\/#primaryimage","url":"https:\/\/emea.technetix.com\/wp-content\/uploads\/sites\/2\/2023\/11\/LB-TBA_TBB_compact2-copy.png","contentUrl":"https:\/\/emea.technetix.com\/wp-content\/uploads\/sites\/2\/2023\/11\/LB-TBA_TBB_compact2-copy.png"},{"@type":"BreadcrumbList","@id":"https:\/\/emea.technetix.com\/es\/fiber-networks\/soluciones-de-terminacion-de-suscriptores\/soluciones-de-terminacion-de-suscriptor-de-hasta-16-adaptadores-sc-lb-tba-tbb\/#breadcrumb","itemListElement":[{"@type":"ListItem","position":1,"name":"Home","item":"https:\/\/emea.technetix.com\/es\/"},{"@type":"ListItem","position":2,"name":"Fibra","item":"https:\/\/emea.technetix.com\/es\/fiber-networks\/"},{"@type":"ListItem","position":3,"name":"Soluciones de terminaci\u00f3n de suscriptores","item":"https:\/\/emea.technetix.com\/es\/fiber-networks\/soluciones-de-terminacion-de-suscriptores\/"},{"@type":"ListItem","position":4,"name":"Soluciones de terminaci\u00f3n de suscriptor de hasta 16 adaptadores SC (LB-TBA\/TBB)"}]},{"@type":"WebSite","@id":"https:\/\/emea.technetix.com\/es\/#website","url":"https:\/\/emea.technetix.com\/es\/","name":"Technetix","description":"Next-generation broadband equipment engineering","publisher":{"@id":"https:\/\/emea.technetix.com\/es\/#organization"},"potentialAction":[{"@type":"SearchAction","target":{"@type":"EntryPoint","urlTemplate":"https:\/\/emea.technetix.com\/es\/?s={search_term_string}"},"query-input":{"@type":"PropertyValueSpecification","valueRequired":true,"valueName":"search_term_string"}}],"inLanguage":"es"},{"@type":"Organization","@id":"https:\/\/emea.technetix.com\/es\/#organization","name":"Technetix","url":"https:\/\/emea.technetix.com\/es\/","logo":{"@type":"ImageObject","inLanguage":"es","@id":"https:\/\/emea.technetix.com\/es\/#\/schema\/logo\/image\/","url":"https:\/\/emea.technetix.com\/wp-content\/uploads\/sites\/2\/2023\/06\/logo-Technetix-1000x1000-1.png","contentUrl":"https:\/\/emea.technetix.com\/wp-content\/uploads\/sites\/2\/2023\/06\/logo-Technetix-1000x1000-1.png","width":1000,"height":1000,"caption":"Technetix"},"image":{"@id":"https:\/\/emea.technetix.com\/es\/#\/schema\/logo\/image\/"},"sameAs":["https:\/\/x.com\/technetixgroup","https:\/\/www.linkedin.com\/company\/technetix\/","https:\/\/www.youtube.com\/c\/Technetix-group"]}]}},"acf":[],"publishpress_future_workflow_manual_trigger":{"enabledWorkflows":[]},"_links":{"self":[{"href":"https:\/\/emea.technetix.com\/es\/wp-json\/wp\/v2\/pages\/288591","targetHints":{"allow":["GET"]}}],"collection":[{"href":"https:\/\/emea.technetix.com\/es\/wp-json\/wp\/v2\/pages"}],"about":[{"href":"https:\/\/emea.technetix.com\/es\/wp-json\/wp\/v2\/types\/page"}],"author":[{"embeddable":true,"href":"https:\/\/emea.technetix.com\/es\/wp-json\/wp\/v2\/users\/21"}],"replies":[{"embeddable":true,"href":"https:\/\/emea.technetix.com\/es\/wp-json\/wp\/v2\/comments?post=288591"}],"version-history":[{"count":0,"href":"https:\/\/emea.technetix.com\/es\/wp-json\/wp\/v2\/pages\/288591\/revisions"}],"up":[{"embeddable":true,"href":"https:\/\/emea.technetix.com\/es\/wp-json\/wp\/v2\/pages\/288482"}],"wp:attachment":[{"href":"https:\/\/emea.technetix.com\/es\/wp-json\/wp\/v2\/media?parent=288591"}],"curies":[{"name":"wp","href":"https:\/\/api.w.org\/{rel}","templated":true}]}}