{"id":288480,"date":"2023-11-08T11:38:28","date_gmt":"2023-11-08T11:38:28","guid":{"rendered":"https:\/\/emea.technetix.com\/redes-fttx\/terminales-de-acceso-de-fibra\/conjuntos-de-cables-de-conector-reforzado-mpo-supertap-para-terminales-de-servicio-multipuerto-lb-mpoc\/"},"modified":"2024-02-27T11:16:34","modified_gmt":"2024-02-27T11:16:34","slug":"conjuntos-de-cables-de-conector-reforzado-mpo-supertap-para-terminales-de-servicio-multipuerto-lb-mpoc","status":"publish","type":"page","link":"https:\/\/emea.technetix.com\/es\/fiber-networks\/terminales-de-acceso-de-fibra\/conjuntos-de-cables-de-conector-reforzado-mpo-supertap-para-terminales-de-servicio-multipuerto-lb-mpoc\/","title":{"rendered":"Conjuntos de cables de conector reforzado MPO SuperTap\u00ae para terminales de servicio multipuerto (LB-MPOC)"},"content":{"rendered":"<div class=\"gb-container gb-container-a2efb66f gb-container-wide-back-page-con\" id=\"content\">\n<div class=\"gb-grid-wrapper gb-grid-wrapper-5efcc144\">\n<div class=\"gb-grid-column gb-grid-column-6e2f42ae\"><div class=\"gb-container gb-container-6e2f42ae\" id=\"image-col\"><div class=\"gb-inside-container\">\n\n<figure class=\"gb-block-image gb-block-image-61e35e7d\"><img loading=\"lazy\" decoding=\"async\" width=\"672\" height=\"420\" class=\"gb-image gb-image-61e35e7d\" src=\"https:\/\/emea.technetix.com\/wp-content\/uploads\/sites\/2\/2023\/11\/SuperTap_12Fiber_MPO_to_SuperTap_12Fiber_MPO_cable-copy.png\" alt=\"\" title=\"SuperTap_12Fiber_MPO_to_SuperTap_12Fiber_MPO_cable-copy\" srcset=\"https:\/\/emea.technetix.com\/wp-content\/uploads\/sites\/2\/2023\/11\/SuperTap_12Fiber_MPO_to_SuperTap_12Fiber_MPO_cable-copy.png 672w, https:\/\/emea.technetix.com\/wp-content\/uploads\/sites\/2\/2023\/11\/SuperTap_12Fiber_MPO_to_SuperTap_12Fiber_MPO_cable-copy-300x188.png 300w, https:\/\/emea.technetix.com\/wp-content\/uploads\/sites\/2\/2023\/11\/SuperTap_12Fiber_MPO_to_SuperTap_12Fiber_MPO_cable-copy-600x375.png 600w\" sizes=\"auto, (max-width: 672px) 100vw, 672px\" \/><\/figure>\n\n<\/div><\/div><\/div>\n\n<div class=\"gb-grid-column gb-grid-column-cb46cc96\"><div class=\"gb-container gb-container-cb46cc96\" id=\"content-col\"><div class=\"gb-inside-container\">\n<h2 class=\"gb-headline gb-headline-d02c52e4 gb-headline-text\">Conjuntos de cables de conector reforzado MPO SuperTap\u00ae para terminales de servicio multipuerto (LB-MPOC)<\/h2>\n\n\n<p>Cables OSP preterminados para una f\u00e1cil instalaci\u00f3n FTTx. Su conjunto de cable de fibra reforzado proporciona una conexi\u00f3n r\u00e1pida a adaptadores externos montados al ras en cajas terminales. Adecuado para uso en aplicaciones interiores y exteriores, el conjunto de cable reforzado de 12 fibras ha sido dise\u00f1ado para acelerar el proceso de instalaci\u00f3n y proporcionar una conexi\u00f3n confiable.  <\/p>\n\n\n\n<ul class=\"wp-block-list\">\n<li>Cable blindado redondo exterior para montaje en campo y tracci\u00f3n directa<\/li>\n\n\n\n<li>Opciones de conector macho y hembra disponibles<\/li>\n\n\n\n<li>Opciones de conector h\u00edbrido: un extremo con conector SuperTap de 12 fibras y el otro con 12 est\u00e1ndar 12\/APC o SuperTap MPO de 12 fibras en ambos extremos<\/li>\n\n\n\n<li>Perfil peque\u00f1o y radio de curvatura reducido<\/li>\n<\/ul>\n\n<\/div><\/div><\/div>\n<\/div>\n\n<div class=\"gb-container gb-container-dbeed0b8 gb-container-con-buttons-bottom\">\n\n<h2 class=\"gb-headline gb-headline-7ce6fa4b gb-headline-text gb-headline-head-bottom-buttons\">Enlaces de inter\u00e9s<\/h2>\n\n\n<div class=\"gb-button-wrapper gb-button-wrapper-5300c273 gb-button-wrapper-after-con-buttons\">\n\n<a class=\"gb-button gb-button-3eadfa91 gb-button-text gb-button-bottom-button\" href=\"https:\/\/emea.technetix.com\/wp-content\/uploads\/sites\/2\/2023\/11\/LB_MPOC_Series_V1_DS_EN.pdf\" target=\"_blank\" rel=\"noopener noreferrer\">Ficha t\u00e9cnica<\/a>\n\n\n\n<a class=\"gb-button gb-button-74bfad52 gb-button-text gb-button-bottom-button\" href=\"https:\/\/emea.technetix.com\/es\/contactenos\/\">Cont\u00e1ctenos<\/a>\n\n<\/div>\n<\/div>\n<\/div>","protected":false},"excerpt":{"rendered":"<p>Enlaces de inter\u00e9s<\/p>\n","protected":false},"author":21,"featured_media":0,"parent":287772,"menu_order":0,"comment_status":"closed","ping_status":"closed","template":"","meta":{"_acf_changed":false,"_gspb_post_css":"","footnotes":""},"class_list":["post-288480","page","type-page","status-publish"],"yoast_head":"<!-- This site is optimized with the Yoast SEO Premium plugin v22.5 (Yoast SEO v27.4) - https:\/\/yoast.com\/product\/yoast-seo-premium-wordpress\/ -->\n<title>Conjuntos de cables de conector reforzado MPO SuperTap\u00ae para terminales de servicio multipuerto (LB-MPOC) - Technetix EMEA<\/title>\n<meta name=\"robots\" content=\"index, follow, max-snippet:-1, max-image-preview:large, max-video-preview:-1\" \/>\n<link rel=\"canonical\" href=\"https:\/\/emea.technetix.com\/es\/fiber-networks\/terminales-de-acceso-de-fibra\/conjuntos-de-cables-de-conector-reforzado-mpo-supertap-para-terminales-de-servicio-multipuerto-lb-mpoc\/\" \/>\n<meta property=\"og:locale\" content=\"es_ES\" \/>\n<meta property=\"og:type\" content=\"article\" \/>\n<meta property=\"og:title\" content=\"Conjuntos de cables de conector reforzado MPO SuperTap\u00ae para terminales de servicio multipuerto (LB-MPOC) - Technetix EMEA\" \/>\n<meta property=\"og:description\" content=\"Enlaces de inter\u00e9s\" \/>\n<meta property=\"og:url\" content=\"https:\/\/emea.technetix.com\/es\/fiber-networks\/terminales-de-acceso-de-fibra\/conjuntos-de-cables-de-conector-reforzado-mpo-supertap-para-terminales-de-servicio-multipuerto-lb-mpoc\/\" \/>\n<meta property=\"og:site_name\" content=\"Technetix EMEA\" \/>\n<meta property=\"article:modified_time\" content=\"2024-02-27T11:16:34+00:00\" \/>\n<meta property=\"og:image\" content=\"https:\/\/emea.technetix.com\/wp-content\/uploads\/sites\/2\/2023\/11\/SuperTap_12Fiber_MPO_to_SuperTap_12Fiber_MPO_cable-copy.png\" \/>\n<meta name=\"twitter:card\" content=\"summary_large_image\" \/>\n<meta name=\"twitter:site\" content=\"@technetixgroup\" \/>\n<meta name=\"twitter:label1\" content=\"Tiempo de lectura\" \/>\n\t<meta name=\"twitter:data1\" content=\"1 minuto\" \/>\n<script type=\"application\/ld+json\" class=\"yoast-schema-graph\">{\"@context\":\"https:\\\/\\\/schema.org\",\"@graph\":[{\"@type\":\"WebPage\",\"@id\":\"https:\\\/\\\/emea.technetix.com\\\/es\\\/fiber-networks\\\/terminales-de-acceso-de-fibra\\\/conjuntos-de-cables-de-conector-reforzado-mpo-supertap-para-terminales-de-servicio-multipuerto-lb-mpoc\\\/\",\"url\":\"https:\\\/\\\/emea.technetix.com\\\/es\\\/fiber-networks\\\/terminales-de-acceso-de-fibra\\\/conjuntos-de-cables-de-conector-reforzado-mpo-supertap-para-terminales-de-servicio-multipuerto-lb-mpoc\\\/\",\"name\":\"Conjuntos de cables de conector reforzado MPO SuperTap\u00ae para terminales de servicio multipuerto (LB-MPOC) - Technetix EMEA\",\"isPartOf\":{\"@id\":\"https:\\\/\\\/emea.technetix.com\\\/es\\\/#website\"},\"primaryImageOfPage\":{\"@id\":\"https:\\\/\\\/emea.technetix.com\\\/es\\\/fiber-networks\\\/terminales-de-acceso-de-fibra\\\/conjuntos-de-cables-de-conector-reforzado-mpo-supertap-para-terminales-de-servicio-multipuerto-lb-mpoc\\\/#primaryimage\"},\"image\":{\"@id\":\"https:\\\/\\\/emea.technetix.com\\\/es\\\/fiber-networks\\\/terminales-de-acceso-de-fibra\\\/conjuntos-de-cables-de-conector-reforzado-mpo-supertap-para-terminales-de-servicio-multipuerto-lb-mpoc\\\/#primaryimage\"},\"thumbnailUrl\":\"https:\\\/\\\/emea.technetix.com\\\/wp-content\\\/uploads\\\/sites\\\/2\\\/2023\\\/11\\\/SuperTap_12Fiber_MPO_to_SuperTap_12Fiber_MPO_cable-copy.png\",\"datePublished\":\"2023-11-08T11:38:28+00:00\",\"dateModified\":\"2024-02-27T11:16:34+00:00\",\"breadcrumb\":{\"@id\":\"https:\\\/\\\/emea.technetix.com\\\/es\\\/fiber-networks\\\/terminales-de-acceso-de-fibra\\\/conjuntos-de-cables-de-conector-reforzado-mpo-supertap-para-terminales-de-servicio-multipuerto-lb-mpoc\\\/#breadcrumb\"},\"inLanguage\":\"es\",\"potentialAction\":[{\"@type\":\"ReadAction\",\"target\":[\"https:\\\/\\\/emea.technetix.com\\\/es\\\/fiber-networks\\\/terminales-de-acceso-de-fibra\\\/conjuntos-de-cables-de-conector-reforzado-mpo-supertap-para-terminales-de-servicio-multipuerto-lb-mpoc\\\/\"]}]},{\"@type\":\"ImageObject\",\"inLanguage\":\"es\",\"@id\":\"https:\\\/\\\/emea.technetix.com\\\/es\\\/fiber-networks\\\/terminales-de-acceso-de-fibra\\\/conjuntos-de-cables-de-conector-reforzado-mpo-supertap-para-terminales-de-servicio-multipuerto-lb-mpoc\\\/#primaryimage\",\"url\":\"https:\\\/\\\/emea.technetix.com\\\/wp-content\\\/uploads\\\/sites\\\/2\\\/2023\\\/11\\\/SuperTap_12Fiber_MPO_to_SuperTap_12Fiber_MPO_cable-copy.png\",\"contentUrl\":\"https:\\\/\\\/emea.technetix.com\\\/wp-content\\\/uploads\\\/sites\\\/2\\\/2023\\\/11\\\/SuperTap_12Fiber_MPO_to_SuperTap_12Fiber_MPO_cable-copy.png\"},{\"@type\":\"BreadcrumbList\",\"@id\":\"https:\\\/\\\/emea.technetix.com\\\/es\\\/fiber-networks\\\/terminales-de-acceso-de-fibra\\\/conjuntos-de-cables-de-conector-reforzado-mpo-supertap-para-terminales-de-servicio-multipuerto-lb-mpoc\\\/#breadcrumb\",\"itemListElement\":[{\"@type\":\"ListItem\",\"position\":1,\"name\":\"Home\",\"item\":\"https:\\\/\\\/emea.technetix.com\\\/es\\\/\"},{\"@type\":\"ListItem\",\"position\":2,\"name\":\"Fibra\",\"item\":\"https:\\\/\\\/emea.technetix.com\\\/es\\\/fiber-networks\\\/\"},{\"@type\":\"ListItem\",\"position\":3,\"name\":\"Terminales de acceso de fibra\",\"item\":\"https:\\\/\\\/emea.technetix.com\\\/es\\\/fiber-networks\\\/terminales-de-acceso-de-fibra\\\/\"},{\"@type\":\"ListItem\",\"position\":4,\"name\":\"Conjuntos de cables de conector reforzado MPO SuperTap\u00ae para terminales de servicio multipuerto (LB-MPOC)\"}]},{\"@type\":\"WebSite\",\"@id\":\"https:\\\/\\\/emea.technetix.com\\\/es\\\/#website\",\"url\":\"https:\\\/\\\/emea.technetix.com\\\/es\\\/\",\"name\":\"Technetix\",\"description\":\"Next-generation broadband equipment engineering\",\"publisher\":{\"@id\":\"https:\\\/\\\/emea.technetix.com\\\/es\\\/#organization\"},\"potentialAction\":[{\"@type\":\"SearchAction\",\"target\":{\"@type\":\"EntryPoint\",\"urlTemplate\":\"https:\\\/\\\/emea.technetix.com\\\/es\\\/?s={search_term_string}\"},\"query-input\":{\"@type\":\"PropertyValueSpecification\",\"valueRequired\":true,\"valueName\":\"search_term_string\"}}],\"inLanguage\":\"es\"},{\"@type\":\"Organization\",\"@id\":\"https:\\\/\\\/emea.technetix.com\\\/es\\\/#organization\",\"name\":\"Technetix\",\"url\":\"https:\\\/\\\/emea.technetix.com\\\/es\\\/\",\"logo\":{\"@type\":\"ImageObject\",\"inLanguage\":\"es\",\"@id\":\"https:\\\/\\\/emea.technetix.com\\\/es\\\/#\\\/schema\\\/logo\\\/image\\\/\",\"url\":\"https:\\\/\\\/emea.technetix.com\\\/wp-content\\\/uploads\\\/sites\\\/2\\\/2023\\\/06\\\/logo-Technetix-1000x1000-1.png\",\"contentUrl\":\"https:\\\/\\\/emea.technetix.com\\\/wp-content\\\/uploads\\\/sites\\\/2\\\/2023\\\/06\\\/logo-Technetix-1000x1000-1.png\",\"width\":1000,\"height\":1000,\"caption\":\"Technetix\"},\"image\":{\"@id\":\"https:\\\/\\\/emea.technetix.com\\\/es\\\/#\\\/schema\\\/logo\\\/image\\\/\"},\"sameAs\":[\"https:\\\/\\\/x.com\\\/technetixgroup\",\"https:\\\/\\\/www.linkedin.com\\\/company\\\/technetix\\\/\",\"https:\\\/\\\/www.youtube.com\\\/c\\\/Technetix-group\"]}]}<\/script>\n<!-- \/ Yoast SEO Premium plugin. -->","yoast_head_json":{"title":"Conjuntos de cables de conector reforzado MPO SuperTap\u00ae para terminales de servicio multipuerto (LB-MPOC) - Technetix EMEA","robots":{"index":"index","follow":"follow","max-snippet":"max-snippet:-1","max-image-preview":"max-image-preview:large","max-video-preview":"max-video-preview:-1"},"canonical":"https:\/\/emea.technetix.com\/es\/fiber-networks\/terminales-de-acceso-de-fibra\/conjuntos-de-cables-de-conector-reforzado-mpo-supertap-para-terminales-de-servicio-multipuerto-lb-mpoc\/","og_locale":"es_ES","og_type":"article","og_title":"Conjuntos de cables de conector reforzado MPO SuperTap\u00ae para terminales de servicio multipuerto (LB-MPOC) - Technetix EMEA","og_description":"Enlaces de inter\u00e9s","og_url":"https:\/\/emea.technetix.com\/es\/fiber-networks\/terminales-de-acceso-de-fibra\/conjuntos-de-cables-de-conector-reforzado-mpo-supertap-para-terminales-de-servicio-multipuerto-lb-mpoc\/","og_site_name":"Technetix EMEA","article_modified_time":"2024-02-27T11:16:34+00:00","og_image":[{"url":"https:\/\/emea.technetix.com\/wp-content\/uploads\/sites\/2\/2023\/11\/SuperTap_12Fiber_MPO_to_SuperTap_12Fiber_MPO_cable-copy.png","type":"","width":"","height":""}],"twitter_card":"summary_large_image","twitter_site":"@technetixgroup","twitter_misc":{"Tiempo de lectura":"1 minuto"},"schema":{"@context":"https:\/\/schema.org","@graph":[{"@type":"WebPage","@id":"https:\/\/emea.technetix.com\/es\/fiber-networks\/terminales-de-acceso-de-fibra\/conjuntos-de-cables-de-conector-reforzado-mpo-supertap-para-terminales-de-servicio-multipuerto-lb-mpoc\/","url":"https:\/\/emea.technetix.com\/es\/fiber-networks\/terminales-de-acceso-de-fibra\/conjuntos-de-cables-de-conector-reforzado-mpo-supertap-para-terminales-de-servicio-multipuerto-lb-mpoc\/","name":"Conjuntos de cables de conector reforzado MPO SuperTap\u00ae para terminales de servicio multipuerto (LB-MPOC) - Technetix EMEA","isPartOf":{"@id":"https:\/\/emea.technetix.com\/es\/#website"},"primaryImageOfPage":{"@id":"https:\/\/emea.technetix.com\/es\/fiber-networks\/terminales-de-acceso-de-fibra\/conjuntos-de-cables-de-conector-reforzado-mpo-supertap-para-terminales-de-servicio-multipuerto-lb-mpoc\/#primaryimage"},"image":{"@id":"https:\/\/emea.technetix.com\/es\/fiber-networks\/terminales-de-acceso-de-fibra\/conjuntos-de-cables-de-conector-reforzado-mpo-supertap-para-terminales-de-servicio-multipuerto-lb-mpoc\/#primaryimage"},"thumbnailUrl":"https:\/\/emea.technetix.com\/wp-content\/uploads\/sites\/2\/2023\/11\/SuperTap_12Fiber_MPO_to_SuperTap_12Fiber_MPO_cable-copy.png","datePublished":"2023-11-08T11:38:28+00:00","dateModified":"2024-02-27T11:16:34+00:00","breadcrumb":{"@id":"https:\/\/emea.technetix.com\/es\/fiber-networks\/terminales-de-acceso-de-fibra\/conjuntos-de-cables-de-conector-reforzado-mpo-supertap-para-terminales-de-servicio-multipuerto-lb-mpoc\/#breadcrumb"},"inLanguage":"es","potentialAction":[{"@type":"ReadAction","target":["https:\/\/emea.technetix.com\/es\/fiber-networks\/terminales-de-acceso-de-fibra\/conjuntos-de-cables-de-conector-reforzado-mpo-supertap-para-terminales-de-servicio-multipuerto-lb-mpoc\/"]}]},{"@type":"ImageObject","inLanguage":"es","@id":"https:\/\/emea.technetix.com\/es\/fiber-networks\/terminales-de-acceso-de-fibra\/conjuntos-de-cables-de-conector-reforzado-mpo-supertap-para-terminales-de-servicio-multipuerto-lb-mpoc\/#primaryimage","url":"https:\/\/emea.technetix.com\/wp-content\/uploads\/sites\/2\/2023\/11\/SuperTap_12Fiber_MPO_to_SuperTap_12Fiber_MPO_cable-copy.png","contentUrl":"https:\/\/emea.technetix.com\/wp-content\/uploads\/sites\/2\/2023\/11\/SuperTap_12Fiber_MPO_to_SuperTap_12Fiber_MPO_cable-copy.png"},{"@type":"BreadcrumbList","@id":"https:\/\/emea.technetix.com\/es\/fiber-networks\/terminales-de-acceso-de-fibra\/conjuntos-de-cables-de-conector-reforzado-mpo-supertap-para-terminales-de-servicio-multipuerto-lb-mpoc\/#breadcrumb","itemListElement":[{"@type":"ListItem","position":1,"name":"Home","item":"https:\/\/emea.technetix.com\/es\/"},{"@type":"ListItem","position":2,"name":"Fibra","item":"https:\/\/emea.technetix.com\/es\/fiber-networks\/"},{"@type":"ListItem","position":3,"name":"Terminales de acceso de fibra","item":"https:\/\/emea.technetix.com\/es\/fiber-networks\/terminales-de-acceso-de-fibra\/"},{"@type":"ListItem","position":4,"name":"Conjuntos de cables de conector reforzado MPO SuperTap\u00ae para terminales de servicio multipuerto (LB-MPOC)"}]},{"@type":"WebSite","@id":"https:\/\/emea.technetix.com\/es\/#website","url":"https:\/\/emea.technetix.com\/es\/","name":"Technetix","description":"Next-generation broadband equipment engineering","publisher":{"@id":"https:\/\/emea.technetix.com\/es\/#organization"},"potentialAction":[{"@type":"SearchAction","target":{"@type":"EntryPoint","urlTemplate":"https:\/\/emea.technetix.com\/es\/?s={search_term_string}"},"query-input":{"@type":"PropertyValueSpecification","valueRequired":true,"valueName":"search_term_string"}}],"inLanguage":"es"},{"@type":"Organization","@id":"https:\/\/emea.technetix.com\/es\/#organization","name":"Technetix","url":"https:\/\/emea.technetix.com\/es\/","logo":{"@type":"ImageObject","inLanguage":"es","@id":"https:\/\/emea.technetix.com\/es\/#\/schema\/logo\/image\/","url":"https:\/\/emea.technetix.com\/wp-content\/uploads\/sites\/2\/2023\/06\/logo-Technetix-1000x1000-1.png","contentUrl":"https:\/\/emea.technetix.com\/wp-content\/uploads\/sites\/2\/2023\/06\/logo-Technetix-1000x1000-1.png","width":1000,"height":1000,"caption":"Technetix"},"image":{"@id":"https:\/\/emea.technetix.com\/es\/#\/schema\/logo\/image\/"},"sameAs":["https:\/\/x.com\/technetixgroup","https:\/\/www.linkedin.com\/company\/technetix\/","https:\/\/www.youtube.com\/c\/Technetix-group"]}]}},"acf":[],"publishpress_future_workflow_manual_trigger":{"enabledWorkflows":[]},"_links":{"self":[{"href":"https:\/\/emea.technetix.com\/es\/wp-json\/wp\/v2\/pages\/288480","targetHints":{"allow":["GET"]}}],"collection":[{"href":"https:\/\/emea.technetix.com\/es\/wp-json\/wp\/v2\/pages"}],"about":[{"href":"https:\/\/emea.technetix.com\/es\/wp-json\/wp\/v2\/types\/page"}],"author":[{"embeddable":true,"href":"https:\/\/emea.technetix.com\/es\/wp-json\/wp\/v2\/users\/21"}],"replies":[{"embeddable":true,"href":"https:\/\/emea.technetix.com\/es\/wp-json\/wp\/v2\/comments?post=288480"}],"version-history":[{"count":0,"href":"https:\/\/emea.technetix.com\/es\/wp-json\/wp\/v2\/pages\/288480\/revisions"}],"up":[{"embeddable":true,"href":"https:\/\/emea.technetix.com\/es\/wp-json\/wp\/v2\/pages\/287772"}],"wp:attachment":[{"href":"https:\/\/emea.technetix.com\/es\/wp-json\/wp\/v2\/media?parent=288480"}],"curies":[{"name":"wp","href":"https:\/\/api.w.org\/{rel}","templated":true}]}}