{"id":27991,"date":"2023-08-01T16:12:38","date_gmt":"2023-08-01T16:12:38","guid":{"rendered":"https:\/\/emea.technetix.com\/redes-hfc\/multitaps-y-pasivos-de-linea\/xfo\/"},"modified":"2026-04-08T15:23:58","modified_gmt":"2026-04-08T15:23:58","slug":"xfo","status":"publish","type":"page","link":"https:\/\/emea.technetix.com\/es\/redes-hfc\/multitaps-y-pasivos-de-linea\/xfo\/","title":{"rendered":"XFO"},"content":{"rendered":"<div class=\"gb-container gb-container-f86f3f4f gb-container-hero-banner\" id=\"banner\"><div class=\"gb-inside-container\">\n<h1 class=\"gb-headline gb-headline-e1547755 gb-headline-text gb-headline-hero-banner-title\">XFO<\/h1>\n<\/div><\/div><div class=\"gb-container gb-container-13985861 gb-container-inner-back-page-con\" id=\"content\">\n\n<h2 class=\"gb-headline gb-headline-7293c0e0 gb-headline-text\">Faceplate-only field upgrade to 1.8 GHz for original Motorola, Regal and Scientific Atlanta\/Cisco-style housings<\/h2>\n\n\n\n<p>The XFO series is a 1.8 GHz upgrade faceplate for legacy-style multitaps, such as Motorola, Regal or Scientific Atlanta\/Cisco-style. A straightforward faceplate-only swap negates the need for temporary RF and power shutdowns on coaxial lines, sustaining connectivity during upgrade without impacting online services.<\/p>\n\n\n\n<p>La capacidad de usar la carcasa preexistente acelera el proceso de instalaci\u00f3n y reduce el nivel de habilidad requerido, la mano de obra y las salidas de los t\u00e9cnicos para ejecutar la implementaci\u00f3n. Esto reduce significativamente los costes del operador y la asignaci\u00f3n de recursos.<\/p>\n\n\n\n<p>El dise\u00f1o de combinaci\u00f3n electromec\u00e1nico avanzado de XFO permite la conexi\u00f3n fiable de los antiguos agujeros del tornillo de entrada\/salida con la placa frontal de XFO, lo que da como resultado una respuesta plana de entrada\/salida y niveles aceptables de p\u00e9rdida de retorno en carcasas oficiales.<\/p>\n\n\n\n<div style=\"height:25px\" aria-hidden=\"true\" class=\"wp-block-spacer\"><\/div>\n\n\n\n<figure class=\"wp-block-video\"><video autoplay=\"\" controls=\"\" loop=\"\" muted=\"\" src=\"https:\/\/americas.technetix.com\/wp-content\/uploads\/sites\/7\/2025\/08\/2025_XFO-REGAL_SP-4_V2-1.mp4\"><\/video><\/figure>\n\n\n\n<div style=\"height:25px\" aria-hidden=\"true\" class=\"wp-block-spacer\"><\/div>\n\n\n\n<p>Beneficios de este producto:<\/p>\n\n\n\n<ul class=\"wp-block-list\">\n<li>One faceplate compatible with all original legacy Motorola, Regal or Scientific Atlanta\/Cisco-style housings<\/li>\n\n\n\n<li>Admite la opci\u00f3n de usar complementos de acondicionamiento de se\u00f1al<\/li>\n\n\n\n<li>Reduce la rotaci\u00f3n de clientes y el tiempo de inactividad de la red durante las actualizaciones de 1,8 GHz al garantizar la continuidad de RF en la l\u00ednea coaxial<\/li>\n\n\n\n<li>60 % m\u00e1s r\u00e1pido de instalar ya que se reutiliza la carcasa ajustada<\/li>\n\n\n\n<li>Ahorro de costes del 70 % para los operadores: elimina la necesidad de reemplazar la carcasa, los conectores y el termorretr\u00e1ctil, en comparaci\u00f3n con una instalaci\u00f3n completa de un multitap de 1,8 GHz<\/li>\n\n\n\n<li>Se requieren menos conocimientos y experiencia de los t\u00e9cnicos para ejecutar actualizaciones de 1,8 GHz<\/li>\n<\/ul>\n\n\n\n<figure class=\"wp-block-image size-full\"><a href=\"https:\/\/americas.technetix.com\/wp-content\/uploads\/sites\/7\/2024\/05\/CAROUSEL_XFO-LAUNCH-04.2024_1920X850-copy.webp\"><img decoding=\"async\" src=\"https:\/\/americas.technetix.com\/wp-content\/uploads\/sites\/7\/2024\/05\/CAROUSEL_XFO-LAUNCH-04.2024_1920X850-copy.webp\" alt=\"\" class=\"wp-image-12869\"\/><\/a><\/figure>\n\n<\/div><div class=\"gb-container gb-container-62cd28b7 gb-container-con-buttons-bottom\" id=\"buttons\">\n\n<h2 class=\"gb-headline gb-headline-23df1c81 gb-headline-text gb-headline-head-bottom-buttons\">Enlaces \u00fatiles<\/h2>\n\n\n<div class=\"gb-button-wrapper gb-button-wrapper-5300c273 gb-button-wrapper-after-con-buttons\">\n\n<a class=\"gb-button gb-button-622d81bf gb-button-text gb-button-bottom-button\" href=\"https:\/\/emea.technetix.com\/wp-content\/uploads\/sites\/2\/2025\/08\/XFO-OVERVIEW_V1_BRC_AE.pdf\">XFO brochure<\/a>\n\n\n\n<a class=\"gb-button gb-button-4c9466c6 gb-button-text gb-button-bottom-button\" href=\"https:\/\/emea.technetix.com\/latest-news\/a-triple-win-for-technetix\/\">DTR award press release<\/a>\n\n\n\n<a class=\"gb-button gb-button-3d9218ff gb-button-text gb-button-bottom-button\" href=\"https:\/\/docs.technetix.com\/datasheets\/19014914_XFOMZ-8-26_DS_AE.pdf\">XFO Motorola datasheet<\/a>\n\n\n\n<a class=\"gb-button gb-button-8617c822 gb-button-text gb-button-bottom-button\" href=\"https:\/\/docs.technetix.com\/datasheets\/19015208_XFORNZ-4-14_DS_AE.pdf\">XFO Regal datasheet (narrow)<\/a>\n\n\n\n<a class=\"gb-button gb-button-a4649172 gb-button-text gb-button-bottom-button\" href=\"https:\/\/docs.technetix.com\/datasheets\/19015183_XFORWZ-4-14_DS_AE.pdf\">XFO Regal datasheet (wide)<\/a>\n\n\n\n<a class=\"gb-button gb-button-71861c55 gb-button-text gb-button-bottom-button\" href=\"https:\/\/emea.technetix.com\/wp-content\/uploads\/sites\/2\/2026\/03\/19015215_XFOSWZ_V4_DS_AE.pdf\">XFO SA datasheet (wide)<\/a>\n\n\n\n<a class=\"gb-button gb-button-4968275f gb-button-text gb-button-bottom-button\" href=\"https:\/\/emea.technetix.com\/wp-content\/uploads\/sites\/2\/2026\/03\/19015252_XFOSNZ_V4_DS_AE.pdf\">XFO SA datasheet (narrow)<\/a>\n\n\n\n<a class=\"gb-button gb-button-ff3bad62 gb-button-text gb-button-bottom-button\" href=\"https:\/\/emea.technetix.com\/contact-us\/\">Contact us<\/a>\n\n<\/div>\n<\/div>\n<p><\/p>\n","protected":false},"excerpt":{"rendered":"<p>XFO Faceplate-only field upgrade to 1.8 GHz for original Motorola, Regal and Scientific Atlanta\/Cisco-style housings The XFO series is a 1.8 GHz upgrade faceplate for legacy-style multitaps, such as Motorola, Regal or Scientific Atlanta\/Cisco-style. A straightforward faceplate-only swap negates the need for temporary RF and power shutdowns on coaxial lines, sustaining connectivity during upgrade without &#8230; <a title=\"XFO\" class=\"read-more\" href=\"https:\/\/emea.technetix.com\/es\/redes-hfc\/multitaps-y-pasivos-de-linea\/xfo\/\" aria-label=\"Leer m\u00e1s sobre XFO\">Read more<\/a><\/p>\n","protected":false},"author":2,"featured_media":1103250,"parent":7128,"menu_order":0,"comment_status":"closed","ping_status":"closed","template":"","meta":{"_acf_changed":false,"_gspb_post_css":"","footnotes":""},"class_list":["post-27991","page","type-page","status-publish","has-post-thumbnail"],"yoast_head":"<!-- This site is optimized with the Yoast SEO Premium plugin v22.5 (Yoast SEO v27.3) - https:\/\/yoast.com\/product\/yoast-seo-premium-wordpress\/ -->\n<title>XFO - Technetix EMEA<\/title>\n<meta name=\"robots\" content=\"index, follow, max-snippet:-1, max-image-preview:large, max-video-preview:-1\" \/>\n<link rel=\"canonical\" href=\"https:\/\/emea.technetix.com\/es\/redes-hfc\/multitaps-y-pasivos-de-linea\/xfo\/\" \/>\n<meta property=\"og:locale\" content=\"es_ES\" \/>\n<meta property=\"og:type\" content=\"article\" \/>\n<meta property=\"og:title\" content=\"XFO - Technetix EMEA\" \/>\n<meta property=\"og:description\" content=\"XFO Faceplate-only field upgrade to 1.8 GHz for original Motorola, Regal and Scientific Atlanta\/Cisco-style housings The XFO series is a 1.8 GHz upgrade faceplate for legacy-style multitaps, such as Motorola, Regal or Scientific Atlanta\/Cisco-style. A straightforward faceplate-only swap negates the need for temporary RF and power shutdowns on coaxial lines, sustaining connectivity during upgrade without ... Read more\" \/>\n<meta property=\"og:url\" content=\"https:\/\/emea.technetix.com\/es\/redes-hfc\/multitaps-y-pasivos-de-linea\/xfo\/\" \/>\n<meta property=\"og:site_name\" content=\"Technetix EMEA\" \/>\n<meta property=\"article:modified_time\" content=\"2026-04-08T15:23:58+00:00\" \/>\n<meta property=\"og:image\" content=\"https:\/\/emea.technetix.com\/wp-content\/uploads\/sites\/2\/2025\/08\/LANDING-PAGE_LARGE_XFO-REGAL.webp\" \/>\n\t<meta property=\"og:image:width\" content=\"1920\" \/>\n\t<meta property=\"og:image:height\" content=\"450\" \/>\n\t<meta property=\"og:image:type\" content=\"image\/webp\" \/>\n<meta name=\"twitter:card\" content=\"summary_large_image\" \/>\n<meta name=\"twitter:site\" content=\"@technetixgroup\" \/>\n<meta name=\"twitter:label1\" content=\"Tiempo de lectura\" \/>\n\t<meta name=\"twitter:data1\" content=\"2 minutos\" \/>\n<script type=\"application\/ld+json\" class=\"yoast-schema-graph\">{\"@context\":\"https:\\\/\\\/schema.org\",\"@graph\":[{\"@type\":\"WebPage\",\"@id\":\"https:\\\/\\\/emea.technetix.com\\\/es\\\/redes-hfc\\\/multitaps-y-pasivos-de-linea\\\/xfo\\\/\",\"url\":\"https:\\\/\\\/emea.technetix.com\\\/es\\\/redes-hfc\\\/multitaps-y-pasivos-de-linea\\\/xfo\\\/\",\"name\":\"XFO - Technetix EMEA\",\"isPartOf\":{\"@id\":\"https:\\\/\\\/emea.technetix.com\\\/es\\\/#website\"},\"primaryImageOfPage\":{\"@id\":\"https:\\\/\\\/emea.technetix.com\\\/es\\\/redes-hfc\\\/multitaps-y-pasivos-de-linea\\\/xfo\\\/#primaryimage\"},\"image\":{\"@id\":\"https:\\\/\\\/emea.technetix.com\\\/es\\\/redes-hfc\\\/multitaps-y-pasivos-de-linea\\\/xfo\\\/#primaryimage\"},\"thumbnailUrl\":\"https:\\\/\\\/emea.technetix.com\\\/wp-content\\\/uploads\\\/sites\\\/2\\\/2025\\\/08\\\/LANDING-PAGE_LARGE_XFO-REGAL.webp\",\"datePublished\":\"2023-08-01T16:12:38+00:00\",\"dateModified\":\"2026-04-08T15:23:58+00:00\",\"breadcrumb\":{\"@id\":\"https:\\\/\\\/emea.technetix.com\\\/es\\\/redes-hfc\\\/multitaps-y-pasivos-de-linea\\\/xfo\\\/#breadcrumb\"},\"inLanguage\":\"es\",\"potentialAction\":[{\"@type\":\"ReadAction\",\"target\":[\"https:\\\/\\\/emea.technetix.com\\\/es\\\/redes-hfc\\\/multitaps-y-pasivos-de-linea\\\/xfo\\\/\"]}]},{\"@type\":\"ImageObject\",\"inLanguage\":\"es\",\"@id\":\"https:\\\/\\\/emea.technetix.com\\\/es\\\/redes-hfc\\\/multitaps-y-pasivos-de-linea\\\/xfo\\\/#primaryimage\",\"url\":\"https:\\\/\\\/emea.technetix.com\\\/wp-content\\\/uploads\\\/sites\\\/2\\\/2025\\\/08\\\/LANDING-PAGE_LARGE_XFO-REGAL.webp\",\"contentUrl\":\"https:\\\/\\\/emea.technetix.com\\\/wp-content\\\/uploads\\\/sites\\\/2\\\/2025\\\/08\\\/LANDING-PAGE_LARGE_XFO-REGAL.webp\",\"width\":1920,\"height\":450},{\"@type\":\"BreadcrumbList\",\"@id\":\"https:\\\/\\\/emea.technetix.com\\\/es\\\/redes-hfc\\\/multitaps-y-pasivos-de-linea\\\/xfo\\\/#breadcrumb\",\"itemListElement\":[{\"@type\":\"ListItem\",\"position\":1,\"name\":\"Home\",\"item\":\"https:\\\/\\\/emea.technetix.com\\\/es\\\/\"},{\"@type\":\"ListItem\",\"position\":2,\"name\":\"Banda ancha de cable\",\"item\":\"https:\\\/\\\/emea.technetix.com\\\/es\\\/redes-hfc\\\/\"},{\"@type\":\"ListItem\",\"position\":3,\"name\":\"Multitaps y pasivos de l\u00ednea\",\"item\":\"https:\\\/\\\/emea.technetix.com\\\/es\\\/redes-hfc\\\/multitaps-y-pasivos-de-linea\\\/\"},{\"@type\":\"ListItem\",\"position\":4,\"name\":\"XFO\"}]},{\"@type\":\"WebSite\",\"@id\":\"https:\\\/\\\/emea.technetix.com\\\/es\\\/#website\",\"url\":\"https:\\\/\\\/emea.technetix.com\\\/es\\\/\",\"name\":\"Technetix\",\"description\":\"Next-generation broadband equipment engineering\",\"publisher\":{\"@id\":\"https:\\\/\\\/emea.technetix.com\\\/es\\\/#organization\"},\"potentialAction\":[{\"@type\":\"SearchAction\",\"target\":{\"@type\":\"EntryPoint\",\"urlTemplate\":\"https:\\\/\\\/emea.technetix.com\\\/es\\\/?s={search_term_string}\"},\"query-input\":{\"@type\":\"PropertyValueSpecification\",\"valueRequired\":true,\"valueName\":\"search_term_string\"}}],\"inLanguage\":\"es\"},{\"@type\":\"Organization\",\"@id\":\"https:\\\/\\\/emea.technetix.com\\\/es\\\/#organization\",\"name\":\"Technetix\",\"url\":\"https:\\\/\\\/emea.technetix.com\\\/es\\\/\",\"logo\":{\"@type\":\"ImageObject\",\"inLanguage\":\"es\",\"@id\":\"https:\\\/\\\/emea.technetix.com\\\/es\\\/#\\\/schema\\\/logo\\\/image\\\/\",\"url\":\"https:\\\/\\\/emea.technetix.com\\\/wp-content\\\/uploads\\\/sites\\\/2\\\/2023\\\/06\\\/logo-Technetix-1000x1000-1.png\",\"contentUrl\":\"https:\\\/\\\/emea.technetix.com\\\/wp-content\\\/uploads\\\/sites\\\/2\\\/2023\\\/06\\\/logo-Technetix-1000x1000-1.png\",\"width\":1000,\"height\":1000,\"caption\":\"Technetix\"},\"image\":{\"@id\":\"https:\\\/\\\/emea.technetix.com\\\/es\\\/#\\\/schema\\\/logo\\\/image\\\/\"},\"sameAs\":[\"https:\\\/\\\/x.com\\\/technetixgroup\",\"https:\\\/\\\/www.linkedin.com\\\/company\\\/technetix\\\/\",\"https:\\\/\\\/www.youtube.com\\\/c\\\/Technetix-group\"]}]}<\/script>\n<!-- \/ Yoast SEO Premium plugin. -->","yoast_head_json":{"title":"XFO - Technetix EMEA","robots":{"index":"index","follow":"follow","max-snippet":"max-snippet:-1","max-image-preview":"max-image-preview:large","max-video-preview":"max-video-preview:-1"},"canonical":"https:\/\/emea.technetix.com\/es\/redes-hfc\/multitaps-y-pasivos-de-linea\/xfo\/","og_locale":"es_ES","og_type":"article","og_title":"XFO - Technetix EMEA","og_description":"XFO Faceplate-only field upgrade to 1.8 GHz for original Motorola, Regal and Scientific Atlanta\/Cisco-style housings The XFO series is a 1.8 GHz upgrade faceplate for legacy-style multitaps, such as Motorola, Regal or Scientific Atlanta\/Cisco-style. A straightforward faceplate-only swap negates the need for temporary RF and power shutdowns on coaxial lines, sustaining connectivity during upgrade without ... Read more","og_url":"https:\/\/emea.technetix.com\/es\/redes-hfc\/multitaps-y-pasivos-de-linea\/xfo\/","og_site_name":"Technetix EMEA","article_modified_time":"2026-04-08T15:23:58+00:00","og_image":[{"width":1920,"height":450,"url":"https:\/\/emea.technetix.com\/wp-content\/uploads\/sites\/2\/2025\/08\/LANDING-PAGE_LARGE_XFO-REGAL.webp","type":"image\/webp"}],"twitter_card":"summary_large_image","twitter_site":"@technetixgroup","twitter_misc":{"Tiempo de lectura":"2 minutos"},"schema":{"@context":"https:\/\/schema.org","@graph":[{"@type":"WebPage","@id":"https:\/\/emea.technetix.com\/es\/redes-hfc\/multitaps-y-pasivos-de-linea\/xfo\/","url":"https:\/\/emea.technetix.com\/es\/redes-hfc\/multitaps-y-pasivos-de-linea\/xfo\/","name":"XFO - Technetix EMEA","isPartOf":{"@id":"https:\/\/emea.technetix.com\/es\/#website"},"primaryImageOfPage":{"@id":"https:\/\/emea.technetix.com\/es\/redes-hfc\/multitaps-y-pasivos-de-linea\/xfo\/#primaryimage"},"image":{"@id":"https:\/\/emea.technetix.com\/es\/redes-hfc\/multitaps-y-pasivos-de-linea\/xfo\/#primaryimage"},"thumbnailUrl":"https:\/\/emea.technetix.com\/wp-content\/uploads\/sites\/2\/2025\/08\/LANDING-PAGE_LARGE_XFO-REGAL.webp","datePublished":"2023-08-01T16:12:38+00:00","dateModified":"2026-04-08T15:23:58+00:00","breadcrumb":{"@id":"https:\/\/emea.technetix.com\/es\/redes-hfc\/multitaps-y-pasivos-de-linea\/xfo\/#breadcrumb"},"inLanguage":"es","potentialAction":[{"@type":"ReadAction","target":["https:\/\/emea.technetix.com\/es\/redes-hfc\/multitaps-y-pasivos-de-linea\/xfo\/"]}]},{"@type":"ImageObject","inLanguage":"es","@id":"https:\/\/emea.technetix.com\/es\/redes-hfc\/multitaps-y-pasivos-de-linea\/xfo\/#primaryimage","url":"https:\/\/emea.technetix.com\/wp-content\/uploads\/sites\/2\/2025\/08\/LANDING-PAGE_LARGE_XFO-REGAL.webp","contentUrl":"https:\/\/emea.technetix.com\/wp-content\/uploads\/sites\/2\/2025\/08\/LANDING-PAGE_LARGE_XFO-REGAL.webp","width":1920,"height":450},{"@type":"BreadcrumbList","@id":"https:\/\/emea.technetix.com\/es\/redes-hfc\/multitaps-y-pasivos-de-linea\/xfo\/#breadcrumb","itemListElement":[{"@type":"ListItem","position":1,"name":"Home","item":"https:\/\/emea.technetix.com\/es\/"},{"@type":"ListItem","position":2,"name":"Banda ancha de cable","item":"https:\/\/emea.technetix.com\/es\/redes-hfc\/"},{"@type":"ListItem","position":3,"name":"Multitaps y pasivos de l\u00ednea","item":"https:\/\/emea.technetix.com\/es\/redes-hfc\/multitaps-y-pasivos-de-linea\/"},{"@type":"ListItem","position":4,"name":"XFO"}]},{"@type":"WebSite","@id":"https:\/\/emea.technetix.com\/es\/#website","url":"https:\/\/emea.technetix.com\/es\/","name":"Technetix","description":"Next-generation broadband equipment engineering","publisher":{"@id":"https:\/\/emea.technetix.com\/es\/#organization"},"potentialAction":[{"@type":"SearchAction","target":{"@type":"EntryPoint","urlTemplate":"https:\/\/emea.technetix.com\/es\/?s={search_term_string}"},"query-input":{"@type":"PropertyValueSpecification","valueRequired":true,"valueName":"search_term_string"}}],"inLanguage":"es"},{"@type":"Organization","@id":"https:\/\/emea.technetix.com\/es\/#organization","name":"Technetix","url":"https:\/\/emea.technetix.com\/es\/","logo":{"@type":"ImageObject","inLanguage":"es","@id":"https:\/\/emea.technetix.com\/es\/#\/schema\/logo\/image\/","url":"https:\/\/emea.technetix.com\/wp-content\/uploads\/sites\/2\/2023\/06\/logo-Technetix-1000x1000-1.png","contentUrl":"https:\/\/emea.technetix.com\/wp-content\/uploads\/sites\/2\/2023\/06\/logo-Technetix-1000x1000-1.png","width":1000,"height":1000,"caption":"Technetix"},"image":{"@id":"https:\/\/emea.technetix.com\/es\/#\/schema\/logo\/image\/"},"sameAs":["https:\/\/x.com\/technetixgroup","https:\/\/www.linkedin.com\/company\/technetix\/","https:\/\/www.youtube.com\/c\/Technetix-group"]}]}},"acf":[],"publishpress_future_workflow_manual_trigger":{"enabledWorkflows":[]},"_links":{"self":[{"href":"https:\/\/emea.technetix.com\/es\/wp-json\/wp\/v2\/pages\/27991","targetHints":{"allow":["GET"]}}],"collection":[{"href":"https:\/\/emea.technetix.com\/es\/wp-json\/wp\/v2\/pages"}],"about":[{"href":"https:\/\/emea.technetix.com\/es\/wp-json\/wp\/v2\/types\/page"}],"author":[{"embeddable":true,"href":"https:\/\/emea.technetix.com\/es\/wp-json\/wp\/v2\/users\/2"}],"replies":[{"embeddable":true,"href":"https:\/\/emea.technetix.com\/es\/wp-json\/wp\/v2\/comments?post=27991"}],"version-history":[{"count":3,"href":"https:\/\/emea.technetix.com\/es\/wp-json\/wp\/v2\/pages\/27991\/revisions"}],"predecessor-version":[{"id":1298142,"href":"https:\/\/emea.technetix.com\/es\/wp-json\/wp\/v2\/pages\/27991\/revisions\/1298142"}],"up":[{"embeddable":true,"href":"https:\/\/emea.technetix.com\/es\/wp-json\/wp\/v2\/pages\/7128"}],"wp:featuredmedia":[{"embeddable":true,"href":"https:\/\/emea.technetix.com\/es\/wp-json\/wp\/v2\/media\/1103250"}],"wp:attachment":[{"href":"https:\/\/emea.technetix.com\/es\/wp-json\/wp\/v2\/media?parent=27991"}],"curies":[{"name":"wp","href":"https:\/\/api.w.org\/{rel}","templated":true}]}}