{"id":270239,"date":"2023-10-12T10:43:56","date_gmt":"2023-10-12T10:43:56","guid":{"rendered":"https:\/\/emea.technetix.com\/dbt-1800-c3\/"},"modified":"2026-03-07T10:58:01","modified_gmt":"2026-03-07T10:58:01","slug":"dbt-1800-c3","status":"publish","type":"page","link":"https:\/\/emea.technetix.com\/es\/dbt-1800-smart-amplifier-series\/dbt-1800-c3\/","title":{"rendered":"DBT-1800-C3"},"content":{"rendered":"<div class=\"gb-container gb-container-a2efb66f gb-container-wide-back-page-con\" id=\"content\">\n<div class=\"gb-grid-wrapper gb-grid-wrapper-5efcc144\">\n<div class=\"gb-grid-column gb-grid-column-6e2f42ae\"><div class=\"gb-container gb-container-6e2f42ae\" id=\"image-col\"><div class=\"gb-inside-container\">\n\n<figure class=\"gb-block-image gb-block-image-61e35e7d\"><img loading=\"lazy\" decoding=\"async\" width=\"1000\" height=\"1000\" class=\"gb-image gb-image-61e35e7d\" src=\"https:\/\/emea.technetix.com\/wp-content\/uploads\/sites\/2\/2026\/01\/19015726_DBT-1800-C3_PRFL_10.png\" alt=\"\" title=\"19015726_DBT-1800-C3_PRFL_10\" srcset=\"https:\/\/emea.technetix.com\/wp-content\/uploads\/sites\/2\/2026\/01\/19015726_DBT-1800-C3_PRFL_10.png 1000w, https:\/\/emea.technetix.com\/wp-content\/uploads\/sites\/2\/2026\/01\/19015726_DBT-1800-C3_PRFL_10-300x300.png 300w, https:\/\/emea.technetix.com\/wp-content\/uploads\/sites\/2\/2026\/01\/19015726_DBT-1800-C3_PRFL_10-150x150.png 150w, https:\/\/emea.technetix.com\/wp-content\/uploads\/sites\/2\/2026\/01\/19015726_DBT-1800-C3_PRFL_10-768x768.png 768w, https:\/\/emea.technetix.com\/wp-content\/uploads\/sites\/2\/2026\/01\/19015726_DBT-1800-C3_PRFL_10-600x600.png 600w, https:\/\/emea.technetix.com\/wp-content\/uploads\/sites\/2\/2026\/01\/19015726_DBT-1800-C3_PRFL_10-100x100.png 100w\" sizes=\"auto, (max-width: 1000px) 100vw, 1000px\" \/><\/figure>\n\n<\/div><\/div><\/div>\n\n<div class=\"gb-grid-column gb-grid-column-cb46cc96\"><div class=\"gb-container gb-container-cb46cc96\" id=\"content-col\"><div class=\"gb-inside-container\">\n\n<h2 class=\"wp-block-heading\" id=\"h-dbt-1800-c3-amplificador-de-sistema-de-triple-salida-activa\">DBT-1800-C3 Amplificador de sistema de triple salida activa<\/h2>\n\n\n\n<p>El amplificador inteligente DBT-1800-C3 (HGTB) de alta ganancia triple balanceado de 1,8 GHz es compatible con amplificadores SA\/GainMaker\u00ae. El dise\u00f1o y las caracter\u00edsticas de \u00faltima generaci\u00f3n brindan a los operadores una actualizaci\u00f3n perfecta a 1,8 GHz manteniendo los niveles de se\u00f1al existentes. Nuestra experiencia de m\u00e1s de 10 a\u00f1os en capacidades de control por software, nos confirma que el tiempo necesario para actualizar la red se puede reducir en un 80 %. Utilizando el certificado de f\u00e1brica, es posible registrar, configurar, rastrear y documentar la red mientras se realiza la actualizaci\u00f3n   <\/p>\n\n\n\n<p>Caracter\u00edsticas:<\/p>\n\n\n\n<ul class=\"wp-block-list\">\n<li>Preparado para DOCSIS\u00ae 4.0 (1794 MHz\/684 MHz), compatible con el est\u00e1ndar SCTE 279 2022<\/li>\n\n\n\n<li>Configuraci\u00f3n y control inteligente electr\u00f3nico completo mediante herramientas de software unificadas Technetix<\/li>\n\n\n\n<li>Funcionalidad \u00e1gil AGC\/ALSC<\/li>\n\n\n\n<li>Alineaci\u00f3n autom\u00e1tica<\/li>\n\n\n\n<li>Monitorizaci\u00f3n y control remoto independiente del dispositivo <\/li>\n\n\n\n<li>Filtros diplexores conectables en campo para futuras actualizaciones del espectro<\/li>\n\n\n\n<li>Admite niveles de se\u00f1al existentes <\/li>\n\n\n\n<li>Reducci\u00f3n del consumo de energ\u00eda hasta un 15% en comparaci\u00f3n con el modelo anterior<\/li>\n<\/ul>\n\n<\/div><\/div><\/div>\n<\/div>\n<\/div>\n\n<div class=\"gb-container gb-container-e4a86c09 gb-container-con-buttons-bottom\" id=\"buttons\">\n\n<h2 class=\"gb-headline gb-headline-7ce6fa4b gb-headline-text gb-headline-head-bottom-buttons\">Enlaces de inter\u00e9s<\/h2>\n\n\n<div class=\"gb-button-wrapper gb-button-wrapper-5300c273 gb-button-wrapper-after-con-buttons\">\n\n<a class=\"gb-button gb-button-0d2d8c39 gb-button-text gb-button-bottom-button\" href=\"https:\/\/emea.technetix.com\/wp-content\/uploads\/sites\/2\/2026\/01\/19014946_DBT-1800_GAINMAKER_C3_TRUNK_V33_DS_AE.pdf\">Ficha de datos<\/a>\n\n\n\n<a class=\"gb-button gb-button-95818df1 gb-button-text gb-button-bottom-button\" href=\"https:\/\/emea.technetix.com\/wp-content\/uploads\/sites\/2\/2026\/03\/DBT-1800_V11_BRC_AE.pdf\">Folleto<\/a>\n\n\n\n<a class=\"gb-button gb-button-ff3bad62 gb-button-text gb-button-bottom-button\" href=\"https:\/\/emea.technetix.com\/es\/contactenos\/\" target=\"_blank\" rel=\"noopener noreferrer\">Cont\u00e1ctenos<\/a>\n\n<\/div>\n<\/div>","protected":false},"excerpt":{"rendered":"<p>Enlaces de inter\u00e9s<\/p>\n","protected":false},"author":3,"featured_media":0,"parent":270177,"menu_order":0,"comment_status":"closed","ping_status":"closed","template":"","meta":{"_acf_changed":false,"_gspb_post_css":"","footnotes":""},"class_list":["post-270239","page","type-page","status-publish"],"yoast_head":"<!-- This site is optimized with the Yoast SEO Premium plugin v22.5 (Yoast SEO v27.4) - https:\/\/yoast.com\/product\/yoast-seo-premium-wordpress\/ -->\n<title>DBT-1800-C3 - Technetix EMEA<\/title>\n<meta name=\"robots\" content=\"index, follow, max-snippet:-1, max-image-preview:large, max-video-preview:-1\" \/>\n<link rel=\"canonical\" href=\"https:\/\/emea.technetix.com\/es\/dbt-1800-smart-amplifier-series\/dbt-1800-c3\/\" \/>\n<meta property=\"og:locale\" content=\"es_ES\" \/>\n<meta property=\"og:type\" content=\"article\" \/>\n<meta property=\"og:title\" content=\"DBT-1800-C3 - Technetix EMEA\" \/>\n<meta property=\"og:description\" content=\"Enlaces de inter\u00e9s\" \/>\n<meta property=\"og:url\" content=\"https:\/\/emea.technetix.com\/es\/dbt-1800-smart-amplifier-series\/dbt-1800-c3\/\" \/>\n<meta property=\"og:site_name\" content=\"Technetix EMEA\" \/>\n<meta property=\"article:modified_time\" content=\"2026-03-07T10:58:01+00:00\" \/>\n<meta property=\"og:image\" content=\"https:\/\/emea.technetix.com\/wp-content\/uploads\/sites\/2\/2026\/01\/19015726_DBT-1800-C3_PRFL_10.png\" \/>\n<meta name=\"twitter:card\" content=\"summary_large_image\" \/>\n<meta name=\"twitter:site\" content=\"@technetixgroup\" \/>\n<meta name=\"twitter:label1\" content=\"Tiempo de lectura\" \/>\n\t<meta name=\"twitter:data1\" content=\"1 minuto\" \/>\n<script type=\"application\/ld+json\" class=\"yoast-schema-graph\">{\"@context\":\"https:\\\/\\\/schema.org\",\"@graph\":[{\"@type\":\"WebPage\",\"@id\":\"https:\\\/\\\/emea.technetix.com\\\/es\\\/dbt-1800-smart-amplifier-series\\\/dbt-1800-c3\\\/\",\"url\":\"https:\\\/\\\/emea.technetix.com\\\/es\\\/dbt-1800-smart-amplifier-series\\\/dbt-1800-c3\\\/\",\"name\":\"DBT-1800-C3 - Technetix EMEA\",\"isPartOf\":{\"@id\":\"https:\\\/\\\/emea.technetix.com\\\/es\\\/#website\"},\"primaryImageOfPage\":{\"@id\":\"https:\\\/\\\/emea.technetix.com\\\/es\\\/dbt-1800-smart-amplifier-series\\\/dbt-1800-c3\\\/#primaryimage\"},\"image\":{\"@id\":\"https:\\\/\\\/emea.technetix.com\\\/es\\\/dbt-1800-smart-amplifier-series\\\/dbt-1800-c3\\\/#primaryimage\"},\"thumbnailUrl\":\"https:\\\/\\\/emea.technetix.com\\\/wp-content\\\/uploads\\\/sites\\\/2\\\/2026\\\/01\\\/19015726_DBT-1800-C3_PRFL_10.png\",\"datePublished\":\"2023-10-12T10:43:56+00:00\",\"dateModified\":\"2026-03-07T10:58:01+00:00\",\"breadcrumb\":{\"@id\":\"https:\\\/\\\/emea.technetix.com\\\/es\\\/dbt-1800-smart-amplifier-series\\\/dbt-1800-c3\\\/#breadcrumb\"},\"inLanguage\":\"es\",\"potentialAction\":[{\"@type\":\"ReadAction\",\"target\":[\"https:\\\/\\\/emea.technetix.com\\\/es\\\/dbt-1800-smart-amplifier-series\\\/dbt-1800-c3\\\/\"]}]},{\"@type\":\"ImageObject\",\"inLanguage\":\"es\",\"@id\":\"https:\\\/\\\/emea.technetix.com\\\/es\\\/dbt-1800-smart-amplifier-series\\\/dbt-1800-c3\\\/#primaryimage\",\"url\":\"https:\\\/\\\/emea.technetix.com\\\/wp-content\\\/uploads\\\/sites\\\/2\\\/2026\\\/01\\\/19015726_DBT-1800-C3_PRFL_10.png\",\"contentUrl\":\"https:\\\/\\\/emea.technetix.com\\\/wp-content\\\/uploads\\\/sites\\\/2\\\/2026\\\/01\\\/19015726_DBT-1800-C3_PRFL_10.png\"},{\"@type\":\"BreadcrumbList\",\"@id\":\"https:\\\/\\\/emea.technetix.com\\\/es\\\/dbt-1800-smart-amplifier-series\\\/dbt-1800-c3\\\/#breadcrumb\",\"itemListElement\":[{\"@type\":\"ListItem\",\"position\":1,\"name\":\"Home\",\"item\":\"https:\\\/\\\/emea.technetix.com\\\/es\\\/\"},{\"@type\":\"ListItem\",\"position\":2,\"name\":\"DBT-1800 Serie de amplificadores inteligentes\",\"item\":\"https:\\\/\\\/emea.technetix.com\\\/es\\\/dbt-1800-smart-amplifier-series\\\/\"},{\"@type\":\"ListItem\",\"position\":3,\"name\":\"DBT-1800-C3\"}]},{\"@type\":\"WebSite\",\"@id\":\"https:\\\/\\\/emea.technetix.com\\\/es\\\/#website\",\"url\":\"https:\\\/\\\/emea.technetix.com\\\/es\\\/\",\"name\":\"Technetix\",\"description\":\"Next-generation broadband equipment engineering\",\"publisher\":{\"@id\":\"https:\\\/\\\/emea.technetix.com\\\/es\\\/#organization\"},\"potentialAction\":[{\"@type\":\"SearchAction\",\"target\":{\"@type\":\"EntryPoint\",\"urlTemplate\":\"https:\\\/\\\/emea.technetix.com\\\/es\\\/?s={search_term_string}\"},\"query-input\":{\"@type\":\"PropertyValueSpecification\",\"valueRequired\":true,\"valueName\":\"search_term_string\"}}],\"inLanguage\":\"es\"},{\"@type\":\"Organization\",\"@id\":\"https:\\\/\\\/emea.technetix.com\\\/es\\\/#organization\",\"name\":\"Technetix\",\"url\":\"https:\\\/\\\/emea.technetix.com\\\/es\\\/\",\"logo\":{\"@type\":\"ImageObject\",\"inLanguage\":\"es\",\"@id\":\"https:\\\/\\\/emea.technetix.com\\\/es\\\/#\\\/schema\\\/logo\\\/image\\\/\",\"url\":\"https:\\\/\\\/emea.technetix.com\\\/wp-content\\\/uploads\\\/sites\\\/2\\\/2023\\\/06\\\/logo-Technetix-1000x1000-1.png\",\"contentUrl\":\"https:\\\/\\\/emea.technetix.com\\\/wp-content\\\/uploads\\\/sites\\\/2\\\/2023\\\/06\\\/logo-Technetix-1000x1000-1.png\",\"width\":1000,\"height\":1000,\"caption\":\"Technetix\"},\"image\":{\"@id\":\"https:\\\/\\\/emea.technetix.com\\\/es\\\/#\\\/schema\\\/logo\\\/image\\\/\"},\"sameAs\":[\"https:\\\/\\\/x.com\\\/technetixgroup\",\"https:\\\/\\\/www.linkedin.com\\\/company\\\/technetix\\\/\",\"https:\\\/\\\/www.youtube.com\\\/c\\\/Technetix-group\"]}]}<\/script>\n<!-- \/ Yoast SEO Premium plugin. -->","yoast_head_json":{"title":"DBT-1800-C3 - Technetix EMEA","robots":{"index":"index","follow":"follow","max-snippet":"max-snippet:-1","max-image-preview":"max-image-preview:large","max-video-preview":"max-video-preview:-1"},"canonical":"https:\/\/emea.technetix.com\/es\/dbt-1800-smart-amplifier-series\/dbt-1800-c3\/","og_locale":"es_ES","og_type":"article","og_title":"DBT-1800-C3 - Technetix EMEA","og_description":"Enlaces de inter\u00e9s","og_url":"https:\/\/emea.technetix.com\/es\/dbt-1800-smart-amplifier-series\/dbt-1800-c3\/","og_site_name":"Technetix EMEA","article_modified_time":"2026-03-07T10:58:01+00:00","og_image":[{"url":"https:\/\/emea.technetix.com\/wp-content\/uploads\/sites\/2\/2026\/01\/19015726_DBT-1800-C3_PRFL_10.png","type":"","width":"","height":""}],"twitter_card":"summary_large_image","twitter_site":"@technetixgroup","twitter_misc":{"Tiempo de lectura":"1 minuto"},"schema":{"@context":"https:\/\/schema.org","@graph":[{"@type":"WebPage","@id":"https:\/\/emea.technetix.com\/es\/dbt-1800-smart-amplifier-series\/dbt-1800-c3\/","url":"https:\/\/emea.technetix.com\/es\/dbt-1800-smart-amplifier-series\/dbt-1800-c3\/","name":"DBT-1800-C3 - Technetix EMEA","isPartOf":{"@id":"https:\/\/emea.technetix.com\/es\/#website"},"primaryImageOfPage":{"@id":"https:\/\/emea.technetix.com\/es\/dbt-1800-smart-amplifier-series\/dbt-1800-c3\/#primaryimage"},"image":{"@id":"https:\/\/emea.technetix.com\/es\/dbt-1800-smart-amplifier-series\/dbt-1800-c3\/#primaryimage"},"thumbnailUrl":"https:\/\/emea.technetix.com\/wp-content\/uploads\/sites\/2\/2026\/01\/19015726_DBT-1800-C3_PRFL_10.png","datePublished":"2023-10-12T10:43:56+00:00","dateModified":"2026-03-07T10:58:01+00:00","breadcrumb":{"@id":"https:\/\/emea.technetix.com\/es\/dbt-1800-smart-amplifier-series\/dbt-1800-c3\/#breadcrumb"},"inLanguage":"es","potentialAction":[{"@type":"ReadAction","target":["https:\/\/emea.technetix.com\/es\/dbt-1800-smart-amplifier-series\/dbt-1800-c3\/"]}]},{"@type":"ImageObject","inLanguage":"es","@id":"https:\/\/emea.technetix.com\/es\/dbt-1800-smart-amplifier-series\/dbt-1800-c3\/#primaryimage","url":"https:\/\/emea.technetix.com\/wp-content\/uploads\/sites\/2\/2026\/01\/19015726_DBT-1800-C3_PRFL_10.png","contentUrl":"https:\/\/emea.technetix.com\/wp-content\/uploads\/sites\/2\/2026\/01\/19015726_DBT-1800-C3_PRFL_10.png"},{"@type":"BreadcrumbList","@id":"https:\/\/emea.technetix.com\/es\/dbt-1800-smart-amplifier-series\/dbt-1800-c3\/#breadcrumb","itemListElement":[{"@type":"ListItem","position":1,"name":"Home","item":"https:\/\/emea.technetix.com\/es\/"},{"@type":"ListItem","position":2,"name":"DBT-1800 Serie de amplificadores inteligentes","item":"https:\/\/emea.technetix.com\/es\/dbt-1800-smart-amplifier-series\/"},{"@type":"ListItem","position":3,"name":"DBT-1800-C3"}]},{"@type":"WebSite","@id":"https:\/\/emea.technetix.com\/es\/#website","url":"https:\/\/emea.technetix.com\/es\/","name":"Technetix","description":"Next-generation broadband equipment engineering","publisher":{"@id":"https:\/\/emea.technetix.com\/es\/#organization"},"potentialAction":[{"@type":"SearchAction","target":{"@type":"EntryPoint","urlTemplate":"https:\/\/emea.technetix.com\/es\/?s={search_term_string}"},"query-input":{"@type":"PropertyValueSpecification","valueRequired":true,"valueName":"search_term_string"}}],"inLanguage":"es"},{"@type":"Organization","@id":"https:\/\/emea.technetix.com\/es\/#organization","name":"Technetix","url":"https:\/\/emea.technetix.com\/es\/","logo":{"@type":"ImageObject","inLanguage":"es","@id":"https:\/\/emea.technetix.com\/es\/#\/schema\/logo\/image\/","url":"https:\/\/emea.technetix.com\/wp-content\/uploads\/sites\/2\/2023\/06\/logo-Technetix-1000x1000-1.png","contentUrl":"https:\/\/emea.technetix.com\/wp-content\/uploads\/sites\/2\/2023\/06\/logo-Technetix-1000x1000-1.png","width":1000,"height":1000,"caption":"Technetix"},"image":{"@id":"https:\/\/emea.technetix.com\/es\/#\/schema\/logo\/image\/"},"sameAs":["https:\/\/x.com\/technetixgroup","https:\/\/www.linkedin.com\/company\/technetix\/","https:\/\/www.youtube.com\/c\/Technetix-group"]}]}},"acf":[],"publishpress_future_workflow_manual_trigger":{"enabledWorkflows":[]},"_links":{"self":[{"href":"https:\/\/emea.technetix.com\/es\/wp-json\/wp\/v2\/pages\/270239","targetHints":{"allow":["GET"]}}],"collection":[{"href":"https:\/\/emea.technetix.com\/es\/wp-json\/wp\/v2\/pages"}],"about":[{"href":"https:\/\/emea.technetix.com\/es\/wp-json\/wp\/v2\/types\/page"}],"author":[{"embeddable":true,"href":"https:\/\/emea.technetix.com\/es\/wp-json\/wp\/v2\/users\/3"}],"replies":[{"embeddable":true,"href":"https:\/\/emea.technetix.com\/es\/wp-json\/wp\/v2\/comments?post=270239"}],"version-history":[{"count":3,"href":"https:\/\/emea.technetix.com\/es\/wp-json\/wp\/v2\/pages\/270239\/revisions"}],"predecessor-version":[{"id":1297978,"href":"https:\/\/emea.technetix.com\/es\/wp-json\/wp\/v2\/pages\/270239\/revisions\/1297978"}],"up":[{"embeddable":true,"href":"https:\/\/emea.technetix.com\/es\/wp-json\/wp\/v2\/pages\/270177"}],"wp:attachment":[{"href":"https:\/\/emea.technetix.com\/es\/wp-json\/wp\/v2\/media?parent=270239"}],"curies":[{"name":"wp","href":"https:\/\/api.w.org\/{rel}","templated":true}]}}