{"id":21677,"date":"2023-05-09T18:52:02","date_gmt":"2023-05-09T18:52:02","guid":{"rendered":"https:\/\/emea.technetix.com\/dbx-solucion-configurable-en-campo\/"},"modified":"2023-05-22T09:18:10","modified_gmt":"2023-05-22T09:18:10","slug":"dbx-solucion-configurable-en-campo","status":"publish","type":"page","link":"https:\/\/emea.technetix.com\/es\/dbx-solucion-configurable-en-campo\/","title":{"rendered":"DBx: soluci\u00f3n configurable en campo"},"content":{"rendered":"<div class=\"gb-container gb-container-f86f3f4f gb-container-hero-banner\" id=\"banner\"><div class=\"gb-inside-container\">\n<h1 class=\"gb-headline gb-headline-e1547755 gb-headline-text gb-headline-hero-banner-title\">DBx: soluci\u00f3n configurable en campo<\/h1>\n<\/div><\/div>\n\n<div class=\"gb-container gb-container-13985861 gb-container-inner-back-page-con\" id=\"content\">\n\n<h2 class=\"gb-headline gb-headline-db3c42e7 gb-headline-text\">Soluci\u00f3n de configuraci\u00f3n en campo via Wi-Fi para la plataforma Technetix DBx<\/h2>\n\n\n\n<h3 class=\"gb-headline gb-headline-cb32a9b7 gb-headline-text\">Caracter\u00edsticas clave:<\/h3>\n\n\n\n<ul class=\"wp-block-list\">\n<li>Dise\u00f1o ligero y robusto para uso en exteriores<\/li>\n\n\n\n<li>Resistente al agua<\/li>\n\n\n\n<li>Bater\u00eda recargable de 2600 mAh<\/li>\n\n\n\n<li>Lazo de amarre\/fijaci\u00f3n<\/li>\n\n\n\n<li>Conexi\u00f3n Wi-Fi segura<\/li>\n\n\n\n<li>Aplicaci\u00f3n web optimizada para interfaz t\u00e1ctil<\/li>\n\n\n\n<li>Asistente de configuraci\u00f3n<\/li>\n\n\n\n<li>Respaldo de configuraci\u00f3n y creaci\u00f3n de plantillas<\/li>\n<\/ul>\n\n\n<div class=\"wp-block-image\">\n<figure class=\"aligncenter size-full\"><a href=\"https:\/\/emea.technetix.com\/wp-content\/uploads\/sites\/2\/2023\/05\/problem_t-box.jpg\"><img loading=\"lazy\" decoding=\"async\" width=\"600\" height=\"600\" src=\"https:\/\/emea.technetix.com\/wp-content\/uploads\/sites\/2\/2023\/05\/problem_t-box.jpg\" alt=\"\" class=\"wp-image-20244\" srcset=\"https:\/\/emea.technetix.com\/wp-content\/uploads\/sites\/2\/2023\/05\/problem_t-box.jpg 600w, https:\/\/emea.technetix.com\/wp-content\/uploads\/sites\/2\/2023\/05\/problem_t-box-300x300.jpg 300w, https:\/\/emea.technetix.com\/wp-content\/uploads\/sites\/2\/2023\/05\/problem_t-box-150x150.jpg 150w, https:\/\/emea.technetix.com\/wp-content\/uploads\/sites\/2\/2023\/05\/problem_t-box-100x100.jpg 100w\" sizes=\"auto, (max-width: 600px) 100vw, 600px\" \/><\/a><\/figure>\n<\/div>\n\n\n<h3 class=\"gb-headline gb-headline-4b5789cf gb-headline-text\">Beneficios:<\/h3>\n\n\n\n<ul class=\"wp-block-list\">\n<li>Ligero, robusto, plug-and-play<\/li>\n\n\n\n<li>Ergon\u00f3mico, f\u00e1cil de usar<\/li>\n\n\n\n<li>Dise\u00f1ado para uso en exteriores<\/li>\n\n\n\n<li>Alimentado por bater\u00eda<\/li>\n\n\n\n<li>Excelente rango de Wi-Fi para configurar equipos montados en a\u00e9reo<\/li>\n\n\n\n<li>Se opera con cualquier smartphone, tablet o port\u00e1til<\/li>\n\n\n\n<li>Permite configuraciones r\u00e1pida y f\u00e1cilmente con copias de seguridad y plantillas<\/li>\n<\/ul>\n\n\n<div class=\"wp-block-image\">\n<figure class=\"aligncenter size-full\"><a href=\"https:\/\/emea.technetix.com\/wp-content\/uploads\/sites\/2\/2023\/05\/lifestyle_t-box.jpg\"><img loading=\"lazy\" decoding=\"async\" width=\"1400\" height=\"500\" src=\"https:\/\/emea.technetix.com\/wp-content\/uploads\/sites\/2\/2023\/05\/lifestyle_t-box.jpg\" alt=\"\" class=\"wp-image-20247\" srcset=\"https:\/\/emea.technetix.com\/wp-content\/uploads\/sites\/2\/2023\/05\/lifestyle_t-box.jpg 1400w, https:\/\/emea.technetix.com\/wp-content\/uploads\/sites\/2\/2023\/05\/lifestyle_t-box-300x107.jpg 300w, https:\/\/emea.technetix.com\/wp-content\/uploads\/sites\/2\/2023\/05\/lifestyle_t-box-1024x366.jpg 1024w, https:\/\/emea.technetix.com\/wp-content\/uploads\/sites\/2\/2023\/05\/lifestyle_t-box-768x274.jpg 768w, https:\/\/emea.technetix.com\/wp-content\/uploads\/sites\/2\/2023\/05\/lifestyle_t-box-600x214.jpg 600w\" sizes=\"auto, (max-width: 1400px) 100vw, 1400px\" \/><\/a><\/figure>\n<\/div>\n\n\n<p><\/p>\n\n\n\n<h2 class=\"gb-headline gb-headline-7949153f gb-headline-text\">El t-box permite a los operadores implementar y configurar r\u00e1pidamente los productos Technetix DBx en el campo<\/h2>\n\n\n\n<p>El t-box es el complemento perfecto para la gama Technetix DBx; es una unidad de configuraci\u00f3n habilitada para Wi-Fi ligera, peque\u00f1a, resistente y recargable. Permite a cualquier persona con un smartphone, tablet o port\u00e1til conectarse y configurar nodos y amplificadores DBx a trav\u00e9s de una aplicaci\u00f3n web optimizada para interfaz t\u00e1ctil.<\/p>\n\n\n\n<p>El t-box se conecta a cualquier m\u00f3dulo de control DBx a trav\u00e9s de una conexi\u00f3n USB. Una vez encendido, comienza a transmitir su propio SSID Wi-Fi seguro. Luego, solo se necesita ingresar las credenciales en la etiqueta del producto para iniciar sesi\u00f3n en la aplicaci\u00f3n web t-box. <\/p>\n\n\n\n<p>El asistente de configuraci\u00f3n, las plantillas y las funciones de respaldo aseguran que siempre pueda implementar modificaciones y nuevas configuraciones en amplificadores y nodos minutos despu\u00e9s de abrir el amplificador o nodo. Incluso cuando est\u00e1 montado en a\u00e9reo, el rango de Wi-Fi en el t-box le permite configurar el DBx desde la comodidad de su veh\u00edculo.<\/p>\n\n\n\n<h3 class=\"gb-headline gb-headline-f6a43784 gb-headline-text\">Ventajas frente a las aplicaciones m\u00f3viles<\/h3>\n\n\n\n<p>El software de los dispositivos m\u00f3viles cambia con frecuencia cuando se requiere confiabilidad y continuidad. El t-box ofrece esto, sin importar qu\u00e9 versi\u00f3n de Android, iOS o Windows est\u00e9 en uso. No es necesario realizar pruebas de integraci\u00f3n cada vez que hay una nueva actualizaci\u00f3n disponible.<\/p>\n\n\n\n<p>El asistente de configuraci\u00f3n de DBx, las funciones de copia de seguridad y plantilla permiten a los operadores preestablecer configuraciones para uso en campo, lo que permite que el personal de campo con diferentes niveles de habilidad implemente configuraciones de DBx en el sitio.<\/p>\n\n\n\n<p>El uso de t-box significa que su dispositivo port\u00e1til no necesita conectarse al hardware de la red. Un dise\u00f1o resistente a prueba de salpicaduras protege la unidad de los peligros del exterior.<\/p>\n\n\n\n<p>Los ingenieros pueden usar sus propios dispositivos personales para operar el t-box sin riesgo de violaciones de datos o privacidad, ya que todas las actividades y configuraciones se almacenan en el t-box y no en el dispositivo.<\/p>\n\n\n\n<h3 class=\"gb-headline gb-headline-9b51f2f1 gb-headline-text\">Compatibilidad<\/h3>\n\n\n\n<p>El t-box puede admitir y configurar todos nuestros m\u00f3dulos DBx actuales, incluidos los ajustes \u00f3pticos y de compensaci\u00f3n. La aplicaci\u00f3n web funciona con navegadores comunes como Mozilla Firefox, Google Chrome y Microsoft Edge (incluidas las versiones m\u00f3viles).<\/p>\n\n<\/div>\n\n<div class=\"wp-block-image\">\n<figure class=\"aligncenter size-full\"><a href=\"https:\/\/emea.technetix.com\/wp-content\/uploads\/sites\/2\/2023\/05\/solution_t-box.jpg\"><img loading=\"lazy\" decoding=\"async\" width=\"600\" height=\"600\" src=\"https:\/\/emea.technetix.com\/wp-content\/uploads\/sites\/2\/2023\/05\/solution_t-box.jpg\" alt=\"\" class=\"wp-image-20251\" srcset=\"https:\/\/emea.technetix.com\/wp-content\/uploads\/sites\/2\/2023\/05\/solution_t-box.jpg 600w, https:\/\/emea.technetix.com\/wp-content\/uploads\/sites\/2\/2023\/05\/solution_t-box-300x300.jpg 300w, https:\/\/emea.technetix.com\/wp-content\/uploads\/sites\/2\/2023\/05\/solution_t-box-150x150.jpg 150w, https:\/\/emea.technetix.com\/wp-content\/uploads\/sites\/2\/2023\/05\/solution_t-box-100x100.jpg 100w\" sizes=\"auto, (max-width: 600px) 100vw, 600px\" \/><\/a><\/figure>\n<\/div>\n\n<div class=\"gb-container gb-container-55a53e1e gb-container-con-buttons-bottom\" id=\"buttons\">\n\n<h2 class=\"gb-headline gb-headline-b8efc56f gb-headline-text gb-headline-head-bottom-buttons\">Enlaces de inter\u00e9s<\/h2>\n\n\n<div class=\"gb-button-wrapper gb-button-wrapper-5300c273 gb-button-wrapper-after-con-buttons\">\n\n<a class=\"gb-button gb-button-8874c883 gb-button-text gb-button-bottom-button\" href=\"https:\/\/docs.technetix.com\/user-manuals\/T-BOX_MAN_EN.pdf\" target=\"_blank\" rel=\"noopener noreferrer\">Manuales de usuario<\/a>\n\n\n\n<a class=\"gb-button gb-button-ff3bad62 gb-button-text gb-button-bottom-button\" href=\"https:\/\/emea.technetix.com\/es\/contactenos\/\">Cont\u00e1ctenos<\/a>\n\n<\/div>\n<\/div>","protected":false},"excerpt":{"rendered":"<p>DBx: soluci\u00f3n configurable en campo Soluci\u00f3n de configuraci\u00f3n en campo via Wi-Fi para la plataforma Technetix DBx Caracter\u00edsticas clave: Beneficios: El t-box permite a los operadores implementar y configurar r\u00e1pidamente los productos Technetix DBx en el campo El t-box es el complemento perfecto para la gama Technetix DBx; es una unidad de configuraci\u00f3n habilitada para &#8230; <a title=\"DBx: soluci\u00f3n configurable en campo\" class=\"read-more\" href=\"https:\/\/emea.technetix.com\/es\/dbx-solucion-configurable-en-campo\/\" aria-label=\"Leer m\u00e1s sobre DBx: soluci\u00f3n configurable en campo\">Read more<\/a><\/p>\n","protected":false},"author":1,"featured_media":20243,"parent":0,"menu_order":0,"comment_status":"open","ping_status":"closed","template":"","meta":{"_acf_changed":false,"_gspb_post_css":"","footnotes":""},"class_list":["post-21677","page","type-page","status-publish","has-post-thumbnail"],"yoast_head":"<!-- This site is optimized with the Yoast SEO Premium plugin v22.5 (Yoast SEO v27.4) - https:\/\/yoast.com\/product\/yoast-seo-premium-wordpress\/ -->\n<title>DBx: soluci\u00f3n configurable en campo - Technetix EMEA<\/title>\n<meta name=\"description\" content=\"Soluci\u00f3n de configuraci\u00f3n en campo via Wi-Fi para la plataforma Technetix DBx\" \/>\n<meta name=\"robots\" content=\"index, follow, max-snippet:-1, max-image-preview:large, max-video-preview:-1\" \/>\n<link rel=\"canonical\" href=\"https:\/\/emea.technetix.com\/es\/dbx-solucion-configurable-en-campo\/\" \/>\n<meta property=\"og:locale\" content=\"es_ES\" \/>\n<meta property=\"og:type\" content=\"article\" \/>\n<meta property=\"og:title\" content=\"DBx: soluci\u00f3n configurable en campo - Technetix EMEA\" \/>\n<meta property=\"og:description\" content=\"Soluci\u00f3n de configuraci\u00f3n en campo via Wi-Fi para la plataforma Technetix DBx\" \/>\n<meta property=\"og:url\" content=\"https:\/\/emea.technetix.com\/es\/dbx-solucion-configurable-en-campo\/\" \/>\n<meta property=\"og:site_name\" content=\"Technetix EMEA\" \/>\n<meta property=\"article:modified_time\" content=\"2023-05-22T09:18:10+00:00\" \/>\n<meta property=\"og:image\" content=\"https:\/\/emea.technetix.com\/wp-content\/uploads\/sites\/2\/2023\/05\/LANDING-PAGE_LARGE_T-BOX_FINAL.jpg\" \/>\n\t<meta property=\"og:image:width\" content=\"1920\" \/>\n\t<meta property=\"og:image:height\" content=\"450\" \/>\n\t<meta property=\"og:image:type\" content=\"image\/jpeg\" \/>\n<meta name=\"twitter:card\" content=\"summary_large_image\" \/>\n<meta name=\"twitter:site\" content=\"@technetixgroup\" \/>\n<meta name=\"twitter:label1\" content=\"Tiempo de lectura\" \/>\n\t<meta name=\"twitter:data1\" content=\"3 minutos\" \/>\n<script type=\"application\/ld+json\" class=\"yoast-schema-graph\">{\"@context\":\"https:\\\/\\\/schema.org\",\"@graph\":[{\"@type\":\"WebPage\",\"@id\":\"https:\\\/\\\/emea.technetix.com\\\/es\\\/dbx-solucion-configurable-en-campo\\\/\",\"url\":\"https:\\\/\\\/emea.technetix.com\\\/es\\\/dbx-solucion-configurable-en-campo\\\/\",\"name\":\"DBx: soluci\u00f3n configurable en campo - Technetix EMEA\",\"isPartOf\":{\"@id\":\"https:\\\/\\\/emea.technetix.com\\\/es\\\/#website\"},\"primaryImageOfPage\":{\"@id\":\"https:\\\/\\\/emea.technetix.com\\\/es\\\/dbx-solucion-configurable-en-campo\\\/#primaryimage\"},\"image\":{\"@id\":\"https:\\\/\\\/emea.technetix.com\\\/es\\\/dbx-solucion-configurable-en-campo\\\/#primaryimage\"},\"thumbnailUrl\":\"https:\\\/\\\/emea.technetix.com\\\/wp-content\\\/uploads\\\/sites\\\/2\\\/2023\\\/05\\\/LANDING-PAGE_LARGE_T-BOX_FINAL.jpg\",\"datePublished\":\"2023-05-09T18:52:02+00:00\",\"dateModified\":\"2023-05-22T09:18:10+00:00\",\"description\":\"Soluci\u00f3n de configuraci\u00f3n en campo via Wi-Fi para la plataforma Technetix DBx\",\"breadcrumb\":{\"@id\":\"https:\\\/\\\/emea.technetix.com\\\/es\\\/dbx-solucion-configurable-en-campo\\\/#breadcrumb\"},\"inLanguage\":\"es\",\"potentialAction\":[{\"@type\":\"ReadAction\",\"target\":[\"https:\\\/\\\/emea.technetix.com\\\/es\\\/dbx-solucion-configurable-en-campo\\\/\"]}]},{\"@type\":\"ImageObject\",\"inLanguage\":\"es\",\"@id\":\"https:\\\/\\\/emea.technetix.com\\\/es\\\/dbx-solucion-configurable-en-campo\\\/#primaryimage\",\"url\":\"https:\\\/\\\/emea.technetix.com\\\/wp-content\\\/uploads\\\/sites\\\/2\\\/2023\\\/05\\\/LANDING-PAGE_LARGE_T-BOX_FINAL.jpg\",\"contentUrl\":\"https:\\\/\\\/emea.technetix.com\\\/wp-content\\\/uploads\\\/sites\\\/2\\\/2023\\\/05\\\/LANDING-PAGE_LARGE_T-BOX_FINAL.jpg\",\"width\":1920,\"height\":450},{\"@type\":\"BreadcrumbList\",\"@id\":\"https:\\\/\\\/emea.technetix.com\\\/es\\\/dbx-solucion-configurable-en-campo\\\/#breadcrumb\",\"itemListElement\":[{\"@type\":\"ListItem\",\"position\":1,\"name\":\"Home\",\"item\":\"https:\\\/\\\/emea.technetix.com\\\/es\\\/\"},{\"@type\":\"ListItem\",\"position\":2,\"name\":\"DBx: soluci\u00f3n configurable en campo\"}]},{\"@type\":\"WebSite\",\"@id\":\"https:\\\/\\\/emea.technetix.com\\\/es\\\/#website\",\"url\":\"https:\\\/\\\/emea.technetix.com\\\/es\\\/\",\"name\":\"Technetix\",\"description\":\"Next-generation broadband equipment engineering\",\"publisher\":{\"@id\":\"https:\\\/\\\/emea.technetix.com\\\/es\\\/#organization\"},\"potentialAction\":[{\"@type\":\"SearchAction\",\"target\":{\"@type\":\"EntryPoint\",\"urlTemplate\":\"https:\\\/\\\/emea.technetix.com\\\/es\\\/?s={search_term_string}\"},\"query-input\":{\"@type\":\"PropertyValueSpecification\",\"valueRequired\":true,\"valueName\":\"search_term_string\"}}],\"inLanguage\":\"es\"},{\"@type\":\"Organization\",\"@id\":\"https:\\\/\\\/emea.technetix.com\\\/es\\\/#organization\",\"name\":\"Technetix\",\"url\":\"https:\\\/\\\/emea.technetix.com\\\/es\\\/\",\"logo\":{\"@type\":\"ImageObject\",\"inLanguage\":\"es\",\"@id\":\"https:\\\/\\\/emea.technetix.com\\\/es\\\/#\\\/schema\\\/logo\\\/image\\\/\",\"url\":\"https:\\\/\\\/emea.technetix.com\\\/wp-content\\\/uploads\\\/sites\\\/2\\\/2023\\\/06\\\/logo-Technetix-1000x1000-1.png\",\"contentUrl\":\"https:\\\/\\\/emea.technetix.com\\\/wp-content\\\/uploads\\\/sites\\\/2\\\/2023\\\/06\\\/logo-Technetix-1000x1000-1.png\",\"width\":1000,\"height\":1000,\"caption\":\"Technetix\"},\"image\":{\"@id\":\"https:\\\/\\\/emea.technetix.com\\\/es\\\/#\\\/schema\\\/logo\\\/image\\\/\"},\"sameAs\":[\"https:\\\/\\\/x.com\\\/technetixgroup\",\"https:\\\/\\\/www.linkedin.com\\\/company\\\/technetix\\\/\",\"https:\\\/\\\/www.youtube.com\\\/c\\\/Technetix-group\"]}]}<\/script>\n<!-- \/ Yoast SEO Premium plugin. -->","yoast_head_json":{"title":"DBx: soluci\u00f3n configurable en campo - Technetix EMEA","description":"Soluci\u00f3n de configuraci\u00f3n en campo via Wi-Fi para la plataforma Technetix DBx","robots":{"index":"index","follow":"follow","max-snippet":"max-snippet:-1","max-image-preview":"max-image-preview:large","max-video-preview":"max-video-preview:-1"},"canonical":"https:\/\/emea.technetix.com\/es\/dbx-solucion-configurable-en-campo\/","og_locale":"es_ES","og_type":"article","og_title":"DBx: soluci\u00f3n configurable en campo - Technetix EMEA","og_description":"Soluci\u00f3n de configuraci\u00f3n en campo via Wi-Fi para la plataforma Technetix DBx","og_url":"https:\/\/emea.technetix.com\/es\/dbx-solucion-configurable-en-campo\/","og_site_name":"Technetix EMEA","article_modified_time":"2023-05-22T09:18:10+00:00","og_image":[{"width":1920,"height":450,"url":"https:\/\/emea.technetix.com\/wp-content\/uploads\/sites\/2\/2023\/05\/LANDING-PAGE_LARGE_T-BOX_FINAL.jpg","type":"image\/jpeg"}],"twitter_card":"summary_large_image","twitter_site":"@technetixgroup","twitter_misc":{"Tiempo de lectura":"3 minutos"},"schema":{"@context":"https:\/\/schema.org","@graph":[{"@type":"WebPage","@id":"https:\/\/emea.technetix.com\/es\/dbx-solucion-configurable-en-campo\/","url":"https:\/\/emea.technetix.com\/es\/dbx-solucion-configurable-en-campo\/","name":"DBx: soluci\u00f3n configurable en campo - Technetix EMEA","isPartOf":{"@id":"https:\/\/emea.technetix.com\/es\/#website"},"primaryImageOfPage":{"@id":"https:\/\/emea.technetix.com\/es\/dbx-solucion-configurable-en-campo\/#primaryimage"},"image":{"@id":"https:\/\/emea.technetix.com\/es\/dbx-solucion-configurable-en-campo\/#primaryimage"},"thumbnailUrl":"https:\/\/emea.technetix.com\/wp-content\/uploads\/sites\/2\/2023\/05\/LANDING-PAGE_LARGE_T-BOX_FINAL.jpg","datePublished":"2023-05-09T18:52:02+00:00","dateModified":"2023-05-22T09:18:10+00:00","description":"Soluci\u00f3n de configuraci\u00f3n en campo via Wi-Fi para la plataforma Technetix DBx","breadcrumb":{"@id":"https:\/\/emea.technetix.com\/es\/dbx-solucion-configurable-en-campo\/#breadcrumb"},"inLanguage":"es","potentialAction":[{"@type":"ReadAction","target":["https:\/\/emea.technetix.com\/es\/dbx-solucion-configurable-en-campo\/"]}]},{"@type":"ImageObject","inLanguage":"es","@id":"https:\/\/emea.technetix.com\/es\/dbx-solucion-configurable-en-campo\/#primaryimage","url":"https:\/\/emea.technetix.com\/wp-content\/uploads\/sites\/2\/2023\/05\/LANDING-PAGE_LARGE_T-BOX_FINAL.jpg","contentUrl":"https:\/\/emea.technetix.com\/wp-content\/uploads\/sites\/2\/2023\/05\/LANDING-PAGE_LARGE_T-BOX_FINAL.jpg","width":1920,"height":450},{"@type":"BreadcrumbList","@id":"https:\/\/emea.technetix.com\/es\/dbx-solucion-configurable-en-campo\/#breadcrumb","itemListElement":[{"@type":"ListItem","position":1,"name":"Home","item":"https:\/\/emea.technetix.com\/es\/"},{"@type":"ListItem","position":2,"name":"DBx: soluci\u00f3n configurable en campo"}]},{"@type":"WebSite","@id":"https:\/\/emea.technetix.com\/es\/#website","url":"https:\/\/emea.technetix.com\/es\/","name":"Technetix","description":"Next-generation broadband equipment engineering","publisher":{"@id":"https:\/\/emea.technetix.com\/es\/#organization"},"potentialAction":[{"@type":"SearchAction","target":{"@type":"EntryPoint","urlTemplate":"https:\/\/emea.technetix.com\/es\/?s={search_term_string}"},"query-input":{"@type":"PropertyValueSpecification","valueRequired":true,"valueName":"search_term_string"}}],"inLanguage":"es"},{"@type":"Organization","@id":"https:\/\/emea.technetix.com\/es\/#organization","name":"Technetix","url":"https:\/\/emea.technetix.com\/es\/","logo":{"@type":"ImageObject","inLanguage":"es","@id":"https:\/\/emea.technetix.com\/es\/#\/schema\/logo\/image\/","url":"https:\/\/emea.technetix.com\/wp-content\/uploads\/sites\/2\/2023\/06\/logo-Technetix-1000x1000-1.png","contentUrl":"https:\/\/emea.technetix.com\/wp-content\/uploads\/sites\/2\/2023\/06\/logo-Technetix-1000x1000-1.png","width":1000,"height":1000,"caption":"Technetix"},"image":{"@id":"https:\/\/emea.technetix.com\/es\/#\/schema\/logo\/image\/"},"sameAs":["https:\/\/x.com\/technetixgroup","https:\/\/www.linkedin.com\/company\/technetix\/","https:\/\/www.youtube.com\/c\/Technetix-group"]}]}},"acf":[],"publishpress_future_workflow_manual_trigger":{"enabledWorkflows":[]},"_links":{"self":[{"href":"https:\/\/emea.technetix.com\/es\/wp-json\/wp\/v2\/pages\/21677","targetHints":{"allow":["GET"]}}],"collection":[{"href":"https:\/\/emea.technetix.com\/es\/wp-json\/wp\/v2\/pages"}],"about":[{"href":"https:\/\/emea.technetix.com\/es\/wp-json\/wp\/v2\/types\/page"}],"author":[{"embeddable":true,"href":"https:\/\/emea.technetix.com\/es\/wp-json\/wp\/v2\/users\/1"}],"replies":[{"embeddable":true,"href":"https:\/\/emea.technetix.com\/es\/wp-json\/wp\/v2\/comments?post=21677"}],"version-history":[{"count":0,"href":"https:\/\/emea.technetix.com\/es\/wp-json\/wp\/v2\/pages\/21677\/revisions"}],"wp:featuredmedia":[{"embeddable":true,"href":"https:\/\/emea.technetix.com\/es\/wp-json\/wp\/v2\/media\/20243"}],"wp:attachment":[{"href":"https:\/\/emea.technetix.com\/es\/wp-json\/wp\/v2\/media?parent=21677"}],"curies":[{"name":"wp","href":"https:\/\/api.w.org\/{rel}","templated":true}]}}