{"id":19272,"date":"2023-04-18T21:53:30","date_gmt":"2023-04-18T21:53:30","guid":{"rendered":"https:\/\/emea.technetix.com\/ottz-taps\/"},"modified":"2026-03-02T13:01:05","modified_gmt":"2026-03-02T13:01:05","slug":"ottz-taps","status":"publish","type":"page","link":"https:\/\/emea.technetix.com\/es\/redes-hfc\/multitaps-y-pasivos-de-linea\/ottz-taps\/","title":{"rendered":"OTTZ 1,8 GHz Multitaps"},"content":{"rendered":"<div class=\"gb-container gb-container-f86f3f4f gb-container-hero-banner\"><div class=\"gb-inside-container\">\n<h1 class=\"gb-headline gb-headline-e1547755 gb-headline-text gb-headline-hero-banner-title\">OTTZ 1,8 GHz Multitaps<\/h1>\n<\/div><\/div>\n\n<div class=\"gb-container gb-container-2848dbe4 gb-container-inner-back-page-con\">\n\n<h2 class=\"gb-headline gb-headline-d02c52e4 gb-headline-text\">La familia OTTZ son multitaps para exterior a 1,8 GHz de estilo tradicional con interruptor de derivaci\u00f3n y paso de alimentaci\u00f3n opcional. El dise\u00f1o incluye conectores de acondicionamiento de se\u00f1al y una carcasa de 3,0 GHz. <\/h2>\n\n\n\n<ul class=\"wp-block-list\">\n<li>Listo para DOCSIS 4.0 con placas frontales e insertables de 1,8 GHz<\/li>\n\n\n\n<li>Compatible con DOCSIS 4.1 con carcasa de 3,0 GHz y switch de paso de corriente<\/li>\n\n\n\n<li>Placas frontales tradicionales de 2, 4 y 8 v\u00edas con valores de dB est\u00e1ndar<\/li>\n\n\n\n<li>Dise\u00f1o de conector sin tornillos de entrada\/salida para una instalaci\u00f3n 4 veces m\u00e1s r\u00e1pida<\/li>\n<\/ul>\n\n\n\n<figure class=\"gb-block-image gb-block-image-7f173ec6\"><img loading=\"lazy\" decoding=\"async\" width=\"973\" height=\"725\" class=\"gb-image gb-image-7f173ec6\" src=\"https:\/\/emea.technetix.com\/wp-content\/uploads\/sites\/2\/2023\/04\/LP_OTTZ-img.png\" alt=\"\" srcset=\"https:\/\/emea.technetix.com\/wp-content\/uploads\/sites\/2\/2023\/04\/LP_OTTZ-img.png 973w, https:\/\/emea.technetix.com\/wp-content\/uploads\/sites\/2\/2023\/04\/LP_OTTZ-img-300x224.png 300w, https:\/\/emea.technetix.com\/wp-content\/uploads\/sites\/2\/2023\/04\/LP_OTTZ-img-768x572.png 768w, https:\/\/emea.technetix.com\/wp-content\/uploads\/sites\/2\/2023\/04\/LP_OTTZ-img-600x447.png 600w\" sizes=\"auto, (max-width: 973px) 100vw, 973px\" \/><\/figure>\n\n\n\n<p class=\"gb-headline gb-headline-b8e3a3d0 gb-headline-text\">Fichas t\u00e9cnicas:<\/p>\n\n\n\n<ul class=\"wp-block-list\">\n<li><a href=\"https:\/\/emea.technetix.com\/wp-content\/uploads\/sites\/2\/2025\/07\/19014593_OTTZ-2-xx_V2_DS_EN.pdf\">Technetix traditional outdoor taps 2-way 1.8 GHz (OTTZ-2-xx)<\/a><\/li>\n\n\n\n<li><a href=\"https:\/\/emea.technetix.com\/wp-content\/uploads\/sites\/2\/2025\/07\/19014602_OTTZ-4-xx_V2_DS_EN.pdf\">Technetix traditional outdoor taps 4-way 1.8 GHz (OTTZ-4-xx)<\/a><\/li>\n\n\n\n<li><a href=\"https:\/\/emea.technetix.com\/wp-content\/uploads\/sites\/2\/2025\/07\/19014610_OTTZ-8-xx_V2_DS_EN.pdf\">Technetix traditional outdoor taps 8-way 1.8 GHz (OTTZ-8-xx)<\/a><\/li>\n\n\n\n<li><a href=\"https:\/\/emea.technetix.com\/wp-content\/uploads\/sites\/2\/2023\/04\/19014812_TXPI-EQZ-02_DS_EN.pdf\" target=\"_blank\" rel=\"noreferrer noopener\">Technetix signal conditioning plug-ins for OTTZ (TXPI-xxx-xx)<\/a><\/li>\n<\/ul>\n\n<\/div>\n\n<div class=\"gb-container gb-container-dbeed0b8 gb-container-con-buttons-bottom\">\n\n<h2 class=\"gb-headline gb-headline-7ce6fa4b gb-headline-text gb-headline-head-bottom-buttons\">Enlaces de inter\u00e9s<\/h2>\n\n\n<div class=\"gb-button-wrapper gb-button-wrapper-5300c273 gb-button-wrapper-after-con-buttons\">\n\n<a class=\"gb-button gb-button-3eadfa91 gb-button-text gb-button-bottom-button\" href=\"https:\/\/emea.technetix.com\/wp-content\/uploads\/sites\/2\/2023\/04\/OTTZ_AE.pdf\" target=\"_blank\" rel=\"noopener noreferrer\">Manual de usuario<\/a>\n\n\n\n<a class=\"gb-button gb-button-74bfad52 gb-button-text gb-button-bottom-button\" href=\"https:\/\/emea.technetix.com\/es\/contactenos\/\">Cont\u00e1ctenos<\/a>\n\n<\/div>\n<\/div>","protected":false},"excerpt":{"rendered":"<p>OTTZ 1,8 GHz Multitaps La familia OTTZ son multitaps para exterior a 1,8 GHz de estilo tradicional con interruptor de derivaci\u00f3n y paso de alimentaci\u00f3n opcional. El dise\u00f1o incluye conectores de acondicionamiento de se\u00f1al y una carcasa de 3,0 GHz. Fichas t\u00e9cnicas: Enlaces de inter\u00e9s<\/p>\n","protected":false},"author":1,"featured_media":13477,"parent":7128,"menu_order":0,"comment_status":"closed","ping_status":"closed","template":"","meta":{"_acf_changed":false,"_gspb_post_css":"","footnotes":""},"class_list":["post-19272","page","type-page","status-publish","has-post-thumbnail"],"yoast_head":"<!-- This site is optimized with the Yoast SEO Premium plugin v22.5 (Yoast SEO v27.4) - https:\/\/yoast.com\/product\/yoast-seo-premium-wordpress\/ -->\n<title>OTTZ 1,8 GHz Multitaps - Technetix EMEA<\/title>\n<meta name=\"robots\" content=\"index, follow, max-snippet:-1, max-image-preview:large, max-video-preview:-1\" \/>\n<link rel=\"canonical\" href=\"https:\/\/emea.technetix.com\/es\/redes-hfc\/multitaps-y-pasivos-de-linea\/ottz-taps\/\" \/>\n<meta property=\"og:locale\" content=\"es_ES\" \/>\n<meta property=\"og:type\" content=\"article\" \/>\n<meta property=\"og:title\" content=\"OTTZ 1,8 GHz Multitaps - Technetix EMEA\" \/>\n<meta property=\"og:description\" content=\"OTTZ 1,8 GHz Multitaps La familia OTTZ son multitaps para exterior a 1,8 GHz de estilo tradicional con interruptor de derivaci\u00f3n y paso de alimentaci\u00f3n opcional. El dise\u00f1o incluye conectores de acondicionamiento de se\u00f1al y una carcasa de 3,0 GHz. Fichas t\u00e9cnicas: Enlaces de inter\u00e9s\" \/>\n<meta property=\"og:url\" content=\"https:\/\/emea.technetix.com\/es\/redes-hfc\/multitaps-y-pasivos-de-linea\/ottz-taps\/\" \/>\n<meta property=\"og:site_name\" content=\"Technetix EMEA\" \/>\n<meta property=\"article:modified_time\" content=\"2026-03-02T13:01:05+00:00\" \/>\n<meta property=\"og:image\" content=\"https:\/\/emea.technetix.com\/wp-content\/uploads\/sites\/2\/2023\/04\/LANDING_PAGE_LARGE_OTTZ_FINAL.jpeg\" \/>\n\t<meta property=\"og:image:width\" content=\"1920\" \/>\n\t<meta property=\"og:image:height\" content=\"450\" \/>\n\t<meta property=\"og:image:type\" content=\"image\/jpeg\" \/>\n<meta name=\"twitter:card\" content=\"summary_large_image\" \/>\n<meta name=\"twitter:site\" content=\"@technetixgroup\" \/>\n<meta name=\"twitter:label1\" content=\"Tiempo de lectura\" \/>\n\t<meta name=\"twitter:data1\" content=\"1 minuto\" \/>\n<script type=\"application\/ld+json\" class=\"yoast-schema-graph\">{\"@context\":\"https:\\\/\\\/schema.org\",\"@graph\":[{\"@type\":\"WebPage\",\"@id\":\"https:\\\/\\\/emea.technetix.com\\\/es\\\/redes-hfc\\\/multitaps-y-pasivos-de-linea\\\/ottz-taps\\\/\",\"url\":\"https:\\\/\\\/emea.technetix.com\\\/es\\\/redes-hfc\\\/multitaps-y-pasivos-de-linea\\\/ottz-taps\\\/\",\"name\":\"OTTZ 1,8 GHz Multitaps - Technetix EMEA\",\"isPartOf\":{\"@id\":\"https:\\\/\\\/emea.technetix.com\\\/es\\\/#website\"},\"primaryImageOfPage\":{\"@id\":\"https:\\\/\\\/emea.technetix.com\\\/es\\\/redes-hfc\\\/multitaps-y-pasivos-de-linea\\\/ottz-taps\\\/#primaryimage\"},\"image\":{\"@id\":\"https:\\\/\\\/emea.technetix.com\\\/es\\\/redes-hfc\\\/multitaps-y-pasivos-de-linea\\\/ottz-taps\\\/#primaryimage\"},\"thumbnailUrl\":\"https:\\\/\\\/emea.technetix.com\\\/wp-content\\\/uploads\\\/sites\\\/2\\\/2023\\\/04\\\/LANDING_PAGE_LARGE_OTTZ_FINAL.jpeg\",\"datePublished\":\"2023-04-18T21:53:30+00:00\",\"dateModified\":\"2026-03-02T13:01:05+00:00\",\"breadcrumb\":{\"@id\":\"https:\\\/\\\/emea.technetix.com\\\/es\\\/redes-hfc\\\/multitaps-y-pasivos-de-linea\\\/ottz-taps\\\/#breadcrumb\"},\"inLanguage\":\"es\",\"potentialAction\":[{\"@type\":\"ReadAction\",\"target\":[\"https:\\\/\\\/emea.technetix.com\\\/es\\\/redes-hfc\\\/multitaps-y-pasivos-de-linea\\\/ottz-taps\\\/\"]}]},{\"@type\":\"ImageObject\",\"inLanguage\":\"es\",\"@id\":\"https:\\\/\\\/emea.technetix.com\\\/es\\\/redes-hfc\\\/multitaps-y-pasivos-de-linea\\\/ottz-taps\\\/#primaryimage\",\"url\":\"https:\\\/\\\/emea.technetix.com\\\/wp-content\\\/uploads\\\/sites\\\/2\\\/2023\\\/04\\\/LANDING_PAGE_LARGE_OTTZ_FINAL.jpeg\",\"contentUrl\":\"https:\\\/\\\/emea.technetix.com\\\/wp-content\\\/uploads\\\/sites\\\/2\\\/2023\\\/04\\\/LANDING_PAGE_LARGE_OTTZ_FINAL.jpeg\",\"width\":1920,\"height\":450},{\"@type\":\"BreadcrumbList\",\"@id\":\"https:\\\/\\\/emea.technetix.com\\\/es\\\/redes-hfc\\\/multitaps-y-pasivos-de-linea\\\/ottz-taps\\\/#breadcrumb\",\"itemListElement\":[{\"@type\":\"ListItem\",\"position\":1,\"name\":\"Home\",\"item\":\"https:\\\/\\\/emea.technetix.com\\\/es\\\/\"},{\"@type\":\"ListItem\",\"position\":2,\"name\":\"Banda ancha de cable\",\"item\":\"https:\\\/\\\/emea.technetix.com\\\/es\\\/redes-hfc\\\/\"},{\"@type\":\"ListItem\",\"position\":3,\"name\":\"Multitaps y pasivos de l\u00ednea\",\"item\":\"https:\\\/\\\/emea.technetix.com\\\/es\\\/redes-hfc\\\/multitaps-y-pasivos-de-linea\\\/\"},{\"@type\":\"ListItem\",\"position\":4,\"name\":\"OTTZ 1,8 GHz Multitaps\"}]},{\"@type\":\"WebSite\",\"@id\":\"https:\\\/\\\/emea.technetix.com\\\/es\\\/#website\",\"url\":\"https:\\\/\\\/emea.technetix.com\\\/es\\\/\",\"name\":\"Technetix\",\"description\":\"Next-generation broadband equipment engineering\",\"publisher\":{\"@id\":\"https:\\\/\\\/emea.technetix.com\\\/es\\\/#organization\"},\"potentialAction\":[{\"@type\":\"SearchAction\",\"target\":{\"@type\":\"EntryPoint\",\"urlTemplate\":\"https:\\\/\\\/emea.technetix.com\\\/es\\\/?s={search_term_string}\"},\"query-input\":{\"@type\":\"PropertyValueSpecification\",\"valueRequired\":true,\"valueName\":\"search_term_string\"}}],\"inLanguage\":\"es\"},{\"@type\":\"Organization\",\"@id\":\"https:\\\/\\\/emea.technetix.com\\\/es\\\/#organization\",\"name\":\"Technetix\",\"url\":\"https:\\\/\\\/emea.technetix.com\\\/es\\\/\",\"logo\":{\"@type\":\"ImageObject\",\"inLanguage\":\"es\",\"@id\":\"https:\\\/\\\/emea.technetix.com\\\/es\\\/#\\\/schema\\\/logo\\\/image\\\/\",\"url\":\"https:\\\/\\\/emea.technetix.com\\\/wp-content\\\/uploads\\\/sites\\\/2\\\/2023\\\/06\\\/logo-Technetix-1000x1000-1.png\",\"contentUrl\":\"https:\\\/\\\/emea.technetix.com\\\/wp-content\\\/uploads\\\/sites\\\/2\\\/2023\\\/06\\\/logo-Technetix-1000x1000-1.png\",\"width\":1000,\"height\":1000,\"caption\":\"Technetix\"},\"image\":{\"@id\":\"https:\\\/\\\/emea.technetix.com\\\/es\\\/#\\\/schema\\\/logo\\\/image\\\/\"},\"sameAs\":[\"https:\\\/\\\/x.com\\\/technetixgroup\",\"https:\\\/\\\/www.linkedin.com\\\/company\\\/technetix\\\/\",\"https:\\\/\\\/www.youtube.com\\\/c\\\/Technetix-group\"]}]}<\/script>\n<!-- \/ Yoast SEO Premium plugin. -->","yoast_head_json":{"title":"OTTZ 1,8 GHz Multitaps - Technetix EMEA","robots":{"index":"index","follow":"follow","max-snippet":"max-snippet:-1","max-image-preview":"max-image-preview:large","max-video-preview":"max-video-preview:-1"},"canonical":"https:\/\/emea.technetix.com\/es\/redes-hfc\/multitaps-y-pasivos-de-linea\/ottz-taps\/","og_locale":"es_ES","og_type":"article","og_title":"OTTZ 1,8 GHz Multitaps - Technetix EMEA","og_description":"OTTZ 1,8 GHz Multitaps La familia OTTZ son multitaps para exterior a 1,8 GHz de estilo tradicional con interruptor de derivaci\u00f3n y paso de alimentaci\u00f3n opcional. El dise\u00f1o incluye conectores de acondicionamiento de se\u00f1al y una carcasa de 3,0 GHz. Fichas t\u00e9cnicas: Enlaces de inter\u00e9s","og_url":"https:\/\/emea.technetix.com\/es\/redes-hfc\/multitaps-y-pasivos-de-linea\/ottz-taps\/","og_site_name":"Technetix EMEA","article_modified_time":"2026-03-02T13:01:05+00:00","og_image":[{"width":1920,"height":450,"url":"https:\/\/emea.technetix.com\/wp-content\/uploads\/sites\/2\/2023\/04\/LANDING_PAGE_LARGE_OTTZ_FINAL.jpeg","type":"image\/jpeg"}],"twitter_card":"summary_large_image","twitter_site":"@technetixgroup","twitter_misc":{"Tiempo de lectura":"1 minuto"},"schema":{"@context":"https:\/\/schema.org","@graph":[{"@type":"WebPage","@id":"https:\/\/emea.technetix.com\/es\/redes-hfc\/multitaps-y-pasivos-de-linea\/ottz-taps\/","url":"https:\/\/emea.technetix.com\/es\/redes-hfc\/multitaps-y-pasivos-de-linea\/ottz-taps\/","name":"OTTZ 1,8 GHz Multitaps - Technetix EMEA","isPartOf":{"@id":"https:\/\/emea.technetix.com\/es\/#website"},"primaryImageOfPage":{"@id":"https:\/\/emea.technetix.com\/es\/redes-hfc\/multitaps-y-pasivos-de-linea\/ottz-taps\/#primaryimage"},"image":{"@id":"https:\/\/emea.technetix.com\/es\/redes-hfc\/multitaps-y-pasivos-de-linea\/ottz-taps\/#primaryimage"},"thumbnailUrl":"https:\/\/emea.technetix.com\/wp-content\/uploads\/sites\/2\/2023\/04\/LANDING_PAGE_LARGE_OTTZ_FINAL.jpeg","datePublished":"2023-04-18T21:53:30+00:00","dateModified":"2026-03-02T13:01:05+00:00","breadcrumb":{"@id":"https:\/\/emea.technetix.com\/es\/redes-hfc\/multitaps-y-pasivos-de-linea\/ottz-taps\/#breadcrumb"},"inLanguage":"es","potentialAction":[{"@type":"ReadAction","target":["https:\/\/emea.technetix.com\/es\/redes-hfc\/multitaps-y-pasivos-de-linea\/ottz-taps\/"]}]},{"@type":"ImageObject","inLanguage":"es","@id":"https:\/\/emea.technetix.com\/es\/redes-hfc\/multitaps-y-pasivos-de-linea\/ottz-taps\/#primaryimage","url":"https:\/\/emea.technetix.com\/wp-content\/uploads\/sites\/2\/2023\/04\/LANDING_PAGE_LARGE_OTTZ_FINAL.jpeg","contentUrl":"https:\/\/emea.technetix.com\/wp-content\/uploads\/sites\/2\/2023\/04\/LANDING_PAGE_LARGE_OTTZ_FINAL.jpeg","width":1920,"height":450},{"@type":"BreadcrumbList","@id":"https:\/\/emea.technetix.com\/es\/redes-hfc\/multitaps-y-pasivos-de-linea\/ottz-taps\/#breadcrumb","itemListElement":[{"@type":"ListItem","position":1,"name":"Home","item":"https:\/\/emea.technetix.com\/es\/"},{"@type":"ListItem","position":2,"name":"Banda ancha de cable","item":"https:\/\/emea.technetix.com\/es\/redes-hfc\/"},{"@type":"ListItem","position":3,"name":"Multitaps y pasivos de l\u00ednea","item":"https:\/\/emea.technetix.com\/es\/redes-hfc\/multitaps-y-pasivos-de-linea\/"},{"@type":"ListItem","position":4,"name":"OTTZ 1,8 GHz Multitaps"}]},{"@type":"WebSite","@id":"https:\/\/emea.technetix.com\/es\/#website","url":"https:\/\/emea.technetix.com\/es\/","name":"Technetix","description":"Next-generation broadband equipment engineering","publisher":{"@id":"https:\/\/emea.technetix.com\/es\/#organization"},"potentialAction":[{"@type":"SearchAction","target":{"@type":"EntryPoint","urlTemplate":"https:\/\/emea.technetix.com\/es\/?s={search_term_string}"},"query-input":{"@type":"PropertyValueSpecification","valueRequired":true,"valueName":"search_term_string"}}],"inLanguage":"es"},{"@type":"Organization","@id":"https:\/\/emea.technetix.com\/es\/#organization","name":"Technetix","url":"https:\/\/emea.technetix.com\/es\/","logo":{"@type":"ImageObject","inLanguage":"es","@id":"https:\/\/emea.technetix.com\/es\/#\/schema\/logo\/image\/","url":"https:\/\/emea.technetix.com\/wp-content\/uploads\/sites\/2\/2023\/06\/logo-Technetix-1000x1000-1.png","contentUrl":"https:\/\/emea.technetix.com\/wp-content\/uploads\/sites\/2\/2023\/06\/logo-Technetix-1000x1000-1.png","width":1000,"height":1000,"caption":"Technetix"},"image":{"@id":"https:\/\/emea.technetix.com\/es\/#\/schema\/logo\/image\/"},"sameAs":["https:\/\/x.com\/technetixgroup","https:\/\/www.linkedin.com\/company\/technetix\/","https:\/\/www.youtube.com\/c\/Technetix-group"]}]}},"acf":[],"publishpress_future_workflow_manual_trigger":{"enabledWorkflows":[]},"_links":{"self":[{"href":"https:\/\/emea.technetix.com\/es\/wp-json\/wp\/v2\/pages\/19272","targetHints":{"allow":["GET"]}}],"collection":[{"href":"https:\/\/emea.technetix.com\/es\/wp-json\/wp\/v2\/pages"}],"about":[{"href":"https:\/\/emea.technetix.com\/es\/wp-json\/wp\/v2\/types\/page"}],"author":[{"embeddable":true,"href":"https:\/\/emea.technetix.com\/es\/wp-json\/wp\/v2\/users\/1"}],"replies":[{"embeddable":true,"href":"https:\/\/emea.technetix.com\/es\/wp-json\/wp\/v2\/comments?post=19272"}],"version-history":[{"count":2,"href":"https:\/\/emea.technetix.com\/es\/wp-json\/wp\/v2\/pages\/19272\/revisions"}],"predecessor-version":[{"id":1297935,"href":"https:\/\/emea.technetix.com\/es\/wp-json\/wp\/v2\/pages\/19272\/revisions\/1297935"}],"up":[{"embeddable":true,"href":"https:\/\/emea.technetix.com\/es\/wp-json\/wp\/v2\/pages\/7128"}],"wp:featuredmedia":[{"embeddable":true,"href":"https:\/\/emea.technetix.com\/es\/wp-json\/wp\/v2\/media\/13477"}],"wp:attachment":[{"href":"https:\/\/emea.technetix.com\/es\/wp-json\/wp\/v2\/media?parent=19272"}],"curies":[{"name":"wp","href":"https:\/\/api.w.org\/{rel}","templated":true}]}}