{"id":13802,"date":"2023-01-20T17:37:31","date_gmt":"2023-01-20T17:37:31","guid":{"rendered":"https:\/\/emea.technetix.com\/?page_id=13802"},"modified":"2023-04-24T15:53:06","modified_gmt":"2023-04-24T15:53:06","slug":"responsabilidad-social-corporativa","status":"publish","type":"page","link":"https:\/\/emea.technetix.com\/es\/sobre-nosotros\/responsabilidad-social-corporativa\/","title":{"rendered":"Responsabilidad social corporativa"},"content":{"rendered":"<div class=\"gb-container gb-container-f86f3f4f gb-container-hero-banner\"><div class=\"gb-inside-container\">\n<h1 class=\"gb-headline gb-headline-e1547755 gb-headline-text gb-headline-hero-banner-title\">Responsabilidad social corporativa<\/h1>\n<\/div><\/div>\n\n<div class=\"gb-container gb-container-4f7d9de7 gb-container-inner-back-page-con\">\n\n<h2 class=\"gb-headline gb-headline-d02c52e4 gb-headline-text gb-headline-h2\">Technetix tiene un impacto en la comunidad m\u00e1s amplia en la que opera. Estamos comprometidos a asumir la responsabilidad de nuestras acciones y fomentar una contribuci\u00f3n positiva hacia la mejora de los est\u00e1ndares para nuestros clientes, empleados, proveedores y partes interesadas. <\/h2>\n\n\n\n<p class=\"gb-headline gb-headline-6656b5c3 gb-headline-text\">Al poner en pr\u00e1ctica una pol\u00edtica de responsabilidad social empresarial (RSE), nos comprometemos, siempre que sea posible, a:<\/p>\n\n\n\n<ul class=\"wp-block-list\">\n<li>Actuar de manera responsable y \u00e9tica.<\/li>\n\n\n\n<li>Crear un ambiente de trabajo positivo y solidario.<\/li>\n\n\n\n<li>Apoyar a las comunidades locales.<\/li>\n\n\n\n<li>Mejorar los niveles de servicio a los clientes.<\/li>\n\n\n\n<li>Actuar de manera justa en nuestras relaciones con los proveedores y las partes interesadas.<\/li>\n\n\n\n<li>Minimizar nuestro impacto en el medio ambiente.<\/li>\n<\/ul>\n\n\n\n<h2 class=\"gb-headline gb-headline-6b17d0fd gb-headline-text gb-headline-h2-in-content\">Comunicaci\u00f3n<\/h2>\n\n\n\n<p class=\"gb-headline gb-headline-623f5b86 gb-headline-text\">Comunicamos esta pol\u00edtica a nuestro personal, clientes, proveedores y otras partes interesadas a trav\u00e9s de nuestro sitio web y nuestras pol\u00edticas de personal. Technetix tiene un bolet\u00edn para el personal que mantiene a los empleados actualizados con los \u00faltimos desarrollos. Capacitamos a todos nuestros empleados en temas de responsabilidad social corporativa y buscamos activamente generar conciencia sobre los impactos negativos de nuestro negocio y los m\u00e9todos para reducirlos.  <\/p>\n\n\n\n<h2 class=\"gb-headline gb-headline-a1e85443 gb-headline-text gb-headline-h2-in-content\">Nuestros principios de CSR<\/h2>\n\n\n\n<h3 class=\"gb-headline gb-headline-cf024d75 gb-headline-text gb-headline-h2-in-content\">Nuestro personal<\/h3>\n\n\n\n<p class=\"gb-headline gb-headline-403bd652 gb-headline-text\">Technetix requiere los m\u00e1s altos est\u00e1ndares posibles de conducta profesional y \u00e9tica de todos sus empleados, contratistas, clientes, proveedores y otros terceros. Se espera que todos los empleados no act\u00faen de tal manera que comprometan la integridad de nuestra empresa. <\/p>\n\n\n\n<p class=\"gb-headline gb-headline-c98f8392 gb-headline-text\">Promovemos activamente el respeto entre los miembros de nuestro personal en su trato entre s\u00ed y con terceros.<\/p>\n\n\n\n<p class=\"gb-headline gb-headline-984faa63 gb-headline-text\">En Technetix, estamos muy orgullosos de nuestros empleados; creemos que las personas se encuentran en el coraz\u00f3n de nuestro negocio y se centran en reclutar y retener a personas destacadas.<\/p>\n\n\n\n<p class=\"gb-headline gb-headline-af1e420f gb-headline-text\">Ofrecemos a nuestro personal un entorno de trabajo positivo y saludable en el que todos los empleados son tratados con respeto y se les da la oportunidad de desarrollarse. Tenemos una cultura abierta, amigable e inclusiva que apoya el trabajo en equipo y empodera a las personas para que alcancen su potencial. <\/p>\n\n\n\n<p class=\"gb-headline gb-headline-c80ac6a7 gb-headline-text\">Aceptamos la diversidad y nos comprometemos a proporcionar un entorno en el que todo el personal sea tratado por igual independientemente de su grupo racial, color, origen \u00e9tnico o nacional, nacionalidad, religi\u00f3n o creencias, edad, g\u00e9nero, reasignaci\u00f3n de g\u00e9nero, orientaci\u00f3n sexual, discapacidad o estado civil. Consideramos que todos los miembros del personal son iguales y nuestro objetivo es crear un entorno de trabajo libre de discriminaci\u00f3n ilegal. Esto se expresa en nuestra <a href=\"https:\/\/emea.technetix.com\/wp-content\/uploads\/sites\/2\/2023\/03\/Technetix-Equality-Diversity-Policy.pdf\">Pol\u00edtica de Igualdad y Diversidad<\/a>.  <\/p>\n\n\n\n<h3 class=\"gb-headline gb-headline-4b572e45 gb-headline-text gb-headline-h2-in-content\">DELETE<\/h3>\n\n\n\n<p class=\"gb-headline gb-headline-c9b08205 gb-headline-text\">DELETE<\/p>\n\n\n\n<p class=\"gb-headline gb-headline-bc59fd60 gb-headline-text\">DELETE<\/p>\n\n<\/div>\n\n<div class=\"gb-container gb-container-31efa0d6\" id=\"Chestnut-Tree-House\"><div class=\"gb-inside-container\">\n<div class=\"gb-container gb-container-a6d7ad58 gb-container-back-page\"><div class=\"gb-inside-container\">\n<div class=\"gb-grid-wrapper gb-grid-wrapper-eae54bc3\">\n<div class=\"gb-grid-column gb-grid-column-af7ccfa3\"><div class=\"gb-container gb-container-af7ccfa3\"><div class=\"gb-inside-container\">\n\n<figure class=\"gb-block-image gb-block-image-ed0c3143\"><img loading=\"lazy\" decoding=\"async\" width=\"1200\" height=\"800\" class=\"gb-image gb-image-ed0c3143\" src=\"https:\/\/emea.technetix.com\/wp-content\/uploads\/sites\/2\/2023\/01\/ChestnutTreeHouse_1200px-2.jpeg\" alt=\"DELETE\" srcset=\"https:\/\/emea.technetix.com\/wp-content\/uploads\/sites\/2\/2023\/01\/ChestnutTreeHouse_1200px-2.jpeg 1200w, https:\/\/emea.technetix.com\/wp-content\/uploads\/sites\/2\/2023\/01\/ChestnutTreeHouse_1200px-2-300x200.jpeg 300w, https:\/\/emea.technetix.com\/wp-content\/uploads\/sites\/2\/2023\/01\/ChestnutTreeHouse_1200px-2-1024x683.jpeg 1024w, https:\/\/emea.technetix.com\/wp-content\/uploads\/sites\/2\/2023\/01\/ChestnutTreeHouse_1200px-2-768x512.jpeg 768w, https:\/\/emea.technetix.com\/wp-content\/uploads\/sites\/2\/2023\/01\/ChestnutTreeHouse_1200px-2-600x400.jpeg 600w\" sizes=\"auto, (max-width: 1200px) 100vw, 1200px\" \/><\/figure>\n\n<\/div><\/div><\/div>\n\n<div class=\"gb-grid-column gb-grid-column-ac79aa6c\"><div class=\"gb-container gb-container-ac79aa6c\"><div class=\"gb-inside-container\">\n\n<h3 class=\"gb-headline gb-headline-bb2241bc gb-headline-text\">DELETE<\/h3>\n\n\n\n<p class=\"gb-headline gb-headline-227b6ebb gb-headline-text\">DELETE  <\/p>\n\n\n\n<p class=\"gb-headline gb-headline-7c620d4e gb-headline-text\">DELETE  <\/p>\n\n\n\n<p class=\"gb-headline gb-headline-b759ddfa gb-headline-text\">DELETE<\/p>\n\n<\/div><\/div><\/div>\n<\/div>\n<\/div><\/div>\n<\/div><\/div>\n\n<div class=\"gb-container gb-container-f03396cb gb-container-inner-back-page-con\">\n\n<h2 class=\"gb-headline gb-headline-e3742336 gb-headline-text gb-headline-h2-in-content\">Nuestros clientes<\/h2>\n\n\n\n<p class=\"gb-headline gb-headline-399aa230 gb-headline-text\">En Technetix estamos comprometidos en proporcionar un alto nivel de servicio a todos nuestros clientes. Esto est\u00e1 integrado en nuestro sistema de gesti\u00f3n certificado <a href=\"https:\/\/emea.technetix.com\/wp-content\/uploads\/sites\/2\/2023\/03\/ISO9001.pdf\">ISO 9001:2015<\/a>. <\/p>\n\n\n\n<p class=\"gb-headline gb-headline-70d87ccc gb-headline-text\">Escuchamos atentamente a nuestros clientes y trabajamos con ellos para desarrollar soluciones innovadoras que brinden los mejores resultados posibles.<\/p>\n\n\n\n<p class=\"gb-headline gb-headline-4a01a747 gb-headline-text\">Supervisamos con atenci\u00f3n las entregas de nuestros clientes y el desempe\u00f1o de la calidad, buscando resolver cualquier problema.<\/p>\n\n\n\n<p class=\"gb-headline gb-headline-6cc2173c gb-headline-text\">Valoramos los comentarios de nuestros clientes para ayudarnos a impulsar la mejora continua de nuestros productos y servicios.<\/p>\n\n\n\n<p class=\"gb-headline gb-headline-70f00484 gb-headline-text\">Nos esforzamos por ofrecer un servicio constante, profesional y cort\u00e9s.<\/p>\n\n<\/div>\n\n<div class=\"gb-container gb-container-2eb1c940\" id=\"virgin-media\"><div class=\"gb-inside-container\">\n<div class=\"gb-container gb-container-1b4e40bf gb-container-back-page\"><div class=\"gb-inside-container\">\n\n<p class=\"gb-headline gb-headline-a2b7a3d4 gb-headline-text\"><em>DELETE<\/em><\/p>\n\n\n\n<p class=\"gb-headline gb-headline-4753fb21 gb-headline-text\">DELETE<\/p>\n\n<\/div><\/div>\n<\/div><\/div>\n\n<div class=\"gb-container gb-container-16bde8ce gb-container-inner-back-page-con\">\n\n<h2 class=\"gb-headline gb-headline-b795df0b gb-headline-text gb-headline-h2-in-content\">Nuestros proveedores<\/h2>\n\n\n\n<p class=\"gb-headline gb-headline-f937ceec gb-headline-text\">Estamos comprometidos con la eliminaci\u00f3n de la discriminaci\u00f3n ilegal y con la promoci\u00f3n de la igualdad y la diversidad en nuestro trato profesional con proveedores y terceros. Estamos comprometidos a trabajar solo con socios comerciales cuyos est\u00e1ndares sean consistentes con los nuestros y que respeten nuestros principios. Todos los socios de Technetix deben cumplir como m\u00ednimo lo siguiente:  <\/p>\n\n\n\n<ul class=\"wp-block-list\">\n<li>Derechos laborales: garantizar condiciones laborales justas, en particular abstenerse de la discriminaci\u00f3n en el empleo, respetar los derechos de los empleados a asociarse libremente y negociar colectivamente, no tolerar ni utilizar el trabajo infantil, no utilizar ning\u00fan trabajo forzoso, compensar a los empleados de manera justa y garantizar que las horas de trabajo no exceda los requisitos legales aplicables. Esto se describe en su totalidad en nuestra <a href=\"https:\/\/emea.technetix.com\/es\/declaracion-sobre-la-esclavitud-y-trata-de-personas\/\">Declaraci\u00f3n sobre la esclavitud y la trata de personas<\/a>. <\/li>\n\n\n\n<li>Salud, seguridad y medio ambiente: proporcionar un lugar de trabajo seguro y saludable para todos los empleados. Realizar negocios de una manera ambientalmente sostenible.<\/li>\n\n\n\n<li>\u00c9tica empresarial: todas las transacciones deben realizarse de manera \u00e9tica, transparente y justa. Todos nuestros socios deben cumplir con la Pol\u00edtica Antisoborno de Technetix y \/ o demostrar que se implementan y hacen cumplir pol\u00edticas similares. <\/li>\n\n\n\n<li>Cumplimiento de materiales y minerales conflictivos: El cliente debe cumplir con los requisitos reglamentarios respecto a la prohibici\u00f3n y restricci\u00f3n de sustancias, incluidas las sustancias peligrosas y los minerales conflictivos.<\/li>\n<\/ul>\n\n\n\n<p class=\"gb-headline gb-headline-100aca2b gb-headline-text\">Esto se expresa plenamente en nuestro <a href=\"https:\/\/emea.technetix.com\/es\/technetix-codigo-de-conducta-del-proveedor\/\">C\u00f3digo de conducta para proveedores<\/a>. Nos esforzamos por celebrar contratos claros y justos con nuestros proveedores. Siempre que sea posible, nuestro objetivo es apoyar la econom\u00eda local mediante la contrataci\u00f3n de proveedores locales. <\/p>\n\n\n\n<h2 class=\"gb-headline gb-headline-3e0d2224 gb-headline-text gb-headline-h2-in-content\">El medio ambiente<\/h2>\n\n\n\n<p class=\"gb-headline gb-headline-0bbad939 gb-headline-text\">Estamos comprometidos a minimizar nuestro impacto en el medio ambiente y a mejorar continuamente nuestro desempe\u00f1o ambiental. Nuestro objetivo es lograr esto mediante: <\/p>\n\n\n\n<ul class=\"wp-block-list\">\n<li>Minimizar los residuos producidos en nuestros sitios y fomentar altos niveles de reciclaje.<\/li>\n\n\n\n<li>Reducci\u00f3n del pl\u00e1stico utilizado en nuestros envases. Revisamos continuamente nuestras l\u00edneas de productos y pr\u00e1cticas de trabajo para minimizar los pl\u00e1sticos de un solo uso en la cadena de suministro. Technetix trabaja en estrecha colaboraci\u00f3n con los clientes para reducir nuestro impacto en el medio ambiente.  <\/li>\n\n\n\n<li>Reducir la emisi\u00f3n de carbono de nuestras operaciones, incluido el abastecimiento de nuestra energ\u00eda a trav\u00e9s de proveedores ecol\u00f3gicos, monitorear nuestro uso de energ\u00eda, instalar equipos de eficiencia energ\u00e9tica en nuestros sitios y garantizar que los equipos electr\u00f3nicos est\u00e9n apagados cuando no est\u00e9n en uso.<\/li>\n\n\n\n<li>Mejorar el dise\u00f1o de nuestro producto para reducir el impacto ambiental de los ciclos de vida de nuestros productos y mejorar la eficiencia de las redes de nuestros clientes. Technetix desarrolla continuamente soluciones que minimizan el uso de energ\u00eda mientras mantienen el m\u00e1ximo rendimiento del producto. <\/li>\n\n\n\n<li>Adoptar y mantener un sistema de gesti\u00f3n ambiental certificado seg\u00fan la norma internacional <a href=\"https:\/\/emea.technetix.com\/wp-content\/uploads\/sites\/2\/2023\/03\/ISO14001-2015.pdf\" target=\"_blank\" rel=\"noreferrer noopener\">ISO 14001:2015<\/a>.<\/li>\n\n\n\n<li>Seleccionar socios de fabricaci\u00f3n que tambi\u00e9n cuentan con la certificaci\u00f3n ISO 14001: 2015, lo que nos da la confianza de que nuestra cadena de suministro se est\u00e1 impulsando continuamente para mejorar su desempe\u00f1o ambiental.<\/li>\n\n\n\n<li>Alentar al personal a caminar, usar el transporte p\u00fablico, ir en bicicleta al trabajo o compartir autom\u00f3vil cuando sea posible y usar reuniones en l\u00ednea para evitar viajes de negocios innecesarios.<\/li>\n<\/ul>\n\n<\/div>\n\n<div class=\"gb-container gb-container-693c8074 gb-container-con-buttons-bottom\">\n\n<h2 class=\"gb-headline gb-headline-7ce6fa4b gb-headline-text gb-headline-head-bottom-buttons\">Enlaces de inter\u00e9s<\/h2>\n\n\n<div class=\"gb-button-wrapper gb-button-wrapper-5300c273 gb-button-wrapper-after-con-buttons\">\n\n<a class=\"gb-button gb-button-ff3bad62 gb-button-text gb-button-bottom-button\" href=\"https:\/\/emea.technetix.com\/wp-content\/uploads\/sites\/2\/2023\/01\/Tx0_6-Environment_Policy_v8.pdf\" target=\"_blank\" rel=\"noopener noreferrer\">Pol\u00edtica medioambiental<\/a>\n\n\n\n<a class=\"gb-button gb-button-e7a0fe73 gb-button-text gb-button-bottom-button\" href=\"https:\/\/emea.technetix.com\/wp-content\/uploads\/sites\/2\/2023\/01\/Tx0-1_quality-policy_v7.pdf\" target=\"_blank\" rel=\"noopener noreferrer\">Pol\u00edtica de calidad<\/a>\n\n\n\n<a class=\"gb-button gb-button-74bfad52 gb-button-text gb-button-bottom-button\" href=\"https:\/\/emea.technetix.com\/es\/contactenos\/\">Cont\u00e1ctenos<\/a>\n\n<\/div>\n<\/div>","protected":false},"excerpt":{"rendered":"<p>Responsabilidad social corporativa Technetix tiene un impacto en la comunidad m\u00e1s amplia en la que opera. Estamos comprometidos a asumir la responsabilidad de nuestras acciones y fomentar una contribuci\u00f3n positiva hacia la mejora de los est\u00e1ndares para nuestros clientes, empleados, proveedores y partes interesadas. Al poner en pr\u00e1ctica una pol\u00edtica de responsabilidad social empresarial (RSE), &#8230; <a title=\"Responsabilidad social corporativa\" class=\"read-more\" href=\"https:\/\/emea.technetix.com\/es\/sobre-nosotros\/responsabilidad-social-corporativa\/\" aria-label=\"Leer m\u00e1s sobre Responsabilidad social corporativa\">Read more<\/a><\/p>\n","protected":false},"author":1,"featured_media":951,"parent":7168,"menu_order":0,"comment_status":"open","ping_status":"closed","template":"","meta":{"_acf_changed":false,"_gspb_post_css":"","footnotes":""},"class_list":["post-13802","page","type-page","status-publish","has-post-thumbnail"],"yoast_head":"<!-- This site is optimized with the Yoast SEO Premium plugin v22.5 (Yoast SEO v27.4) - https:\/\/yoast.com\/product\/yoast-seo-premium-wordpress\/ -->\n<title>Responsabilidad social corporativa - Technetix EMEA<\/title>\n<meta name=\"robots\" content=\"index, follow, max-snippet:-1, max-image-preview:large, max-video-preview:-1\" \/>\n<link rel=\"canonical\" href=\"https:\/\/emea.technetix.com\/es\/sobre-nosotros\/responsabilidad-social-corporativa\/\" \/>\n<meta property=\"og:locale\" content=\"es_ES\" \/>\n<meta property=\"og:type\" content=\"article\" \/>\n<meta property=\"og:title\" content=\"Responsabilidad social corporativa - Technetix EMEA\" \/>\n<meta property=\"og:description\" content=\"Responsabilidad social corporativa Technetix tiene un impacto en la comunidad m\u00e1s amplia en la que opera. Estamos comprometidos a asumir la responsabilidad de nuestras acciones y fomentar una contribuci\u00f3n positiva hacia la mejora de los est\u00e1ndares para nuestros clientes, empleados, proveedores y partes interesadas. Al poner en pr\u00e1ctica una pol\u00edtica de responsabilidad social empresarial (RSE), ... Read more\" \/>\n<meta property=\"og:url\" content=\"https:\/\/emea.technetix.com\/es\/sobre-nosotros\/responsabilidad-social-corporativa\/\" \/>\n<meta property=\"og:site_name\" content=\"Technetix EMEA\" \/>\n<meta property=\"article:modified_time\" content=\"2023-04-24T15:53:06+00:00\" \/>\n<meta property=\"og:image\" content=\"https:\/\/emea.technetix.com\/wp-content\/uploads\/sites\/2\/2023\/01\/ABOUT_LARGE_CSR_FINAL.jpg\" \/>\n\t<meta property=\"og:image:width\" content=\"1920\" \/>\n\t<meta property=\"og:image:height\" content=\"450\" \/>\n\t<meta property=\"og:image:type\" content=\"image\/jpeg\" \/>\n<meta name=\"twitter:card\" content=\"summary_large_image\" \/>\n<meta name=\"twitter:site\" content=\"@technetixgroup\" \/>\n<meta name=\"twitter:label1\" content=\"Tiempo de lectura\" \/>\n\t<meta name=\"twitter:data1\" content=\"5 minutos\" \/>\n<script type=\"application\/ld+json\" class=\"yoast-schema-graph\">{\"@context\":\"https:\\\/\\\/schema.org\",\"@graph\":[{\"@type\":\"WebPage\",\"@id\":\"https:\\\/\\\/emea.technetix.com\\\/es\\\/sobre-nosotros\\\/responsabilidad-social-corporativa\\\/\",\"url\":\"https:\\\/\\\/emea.technetix.com\\\/es\\\/sobre-nosotros\\\/responsabilidad-social-corporativa\\\/\",\"name\":\"Responsabilidad social corporativa - Technetix EMEA\",\"isPartOf\":{\"@id\":\"https:\\\/\\\/emea.technetix.com\\\/es\\\/#website\"},\"primaryImageOfPage\":{\"@id\":\"https:\\\/\\\/emea.technetix.com\\\/es\\\/sobre-nosotros\\\/responsabilidad-social-corporativa\\\/#primaryimage\"},\"image\":{\"@id\":\"https:\\\/\\\/emea.technetix.com\\\/es\\\/sobre-nosotros\\\/responsabilidad-social-corporativa\\\/#primaryimage\"},\"thumbnailUrl\":\"https:\\\/\\\/emea.technetix.com\\\/wp-content\\\/uploads\\\/sites\\\/2\\\/2023\\\/01\\\/ABOUT_LARGE_CSR_FINAL.jpg\",\"datePublished\":\"2023-01-20T17:37:31+00:00\",\"dateModified\":\"2023-04-24T15:53:06+00:00\",\"breadcrumb\":{\"@id\":\"https:\\\/\\\/emea.technetix.com\\\/es\\\/sobre-nosotros\\\/responsabilidad-social-corporativa\\\/#breadcrumb\"},\"inLanguage\":\"es\",\"potentialAction\":[{\"@type\":\"ReadAction\",\"target\":[\"https:\\\/\\\/emea.technetix.com\\\/es\\\/sobre-nosotros\\\/responsabilidad-social-corporativa\\\/\"]}]},{\"@type\":\"ImageObject\",\"inLanguage\":\"es\",\"@id\":\"https:\\\/\\\/emea.technetix.com\\\/es\\\/sobre-nosotros\\\/responsabilidad-social-corporativa\\\/#primaryimage\",\"url\":\"https:\\\/\\\/emea.technetix.com\\\/wp-content\\\/uploads\\\/sites\\\/2\\\/2023\\\/01\\\/ABOUT_LARGE_CSR_FINAL.jpg\",\"contentUrl\":\"https:\\\/\\\/emea.technetix.com\\\/wp-content\\\/uploads\\\/sites\\\/2\\\/2023\\\/01\\\/ABOUT_LARGE_CSR_FINAL.jpg\",\"width\":1920,\"height\":450},{\"@type\":\"BreadcrumbList\",\"@id\":\"https:\\\/\\\/emea.technetix.com\\\/es\\\/sobre-nosotros\\\/responsabilidad-social-corporativa\\\/#breadcrumb\",\"itemListElement\":[{\"@type\":\"ListItem\",\"position\":1,\"name\":\"Home\",\"item\":\"https:\\\/\\\/emea.technetix.com\\\/es\\\/\"},{\"@type\":\"ListItem\",\"position\":2,\"name\":\"Sobre nosotros\",\"item\":\"https:\\\/\\\/emea.technetix.com\\\/es\\\/sobre-nosotros\\\/\"},{\"@type\":\"ListItem\",\"position\":3,\"name\":\"Responsabilidad social corporativa\"}]},{\"@type\":\"WebSite\",\"@id\":\"https:\\\/\\\/emea.technetix.com\\\/es\\\/#website\",\"url\":\"https:\\\/\\\/emea.technetix.com\\\/es\\\/\",\"name\":\"Technetix\",\"description\":\"Next-generation broadband equipment engineering\",\"publisher\":{\"@id\":\"https:\\\/\\\/emea.technetix.com\\\/es\\\/#organization\"},\"potentialAction\":[{\"@type\":\"SearchAction\",\"target\":{\"@type\":\"EntryPoint\",\"urlTemplate\":\"https:\\\/\\\/emea.technetix.com\\\/es\\\/?s={search_term_string}\"},\"query-input\":{\"@type\":\"PropertyValueSpecification\",\"valueRequired\":true,\"valueName\":\"search_term_string\"}}],\"inLanguage\":\"es\"},{\"@type\":\"Organization\",\"@id\":\"https:\\\/\\\/emea.technetix.com\\\/es\\\/#organization\",\"name\":\"Technetix\",\"url\":\"https:\\\/\\\/emea.technetix.com\\\/es\\\/\",\"logo\":{\"@type\":\"ImageObject\",\"inLanguage\":\"es\",\"@id\":\"https:\\\/\\\/emea.technetix.com\\\/es\\\/#\\\/schema\\\/logo\\\/image\\\/\",\"url\":\"https:\\\/\\\/emea.technetix.com\\\/wp-content\\\/uploads\\\/sites\\\/2\\\/2023\\\/06\\\/logo-Technetix-1000x1000-1.png\",\"contentUrl\":\"https:\\\/\\\/emea.technetix.com\\\/wp-content\\\/uploads\\\/sites\\\/2\\\/2023\\\/06\\\/logo-Technetix-1000x1000-1.png\",\"width\":1000,\"height\":1000,\"caption\":\"Technetix\"},\"image\":{\"@id\":\"https:\\\/\\\/emea.technetix.com\\\/es\\\/#\\\/schema\\\/logo\\\/image\\\/\"},\"sameAs\":[\"https:\\\/\\\/x.com\\\/technetixgroup\",\"https:\\\/\\\/www.linkedin.com\\\/company\\\/technetix\\\/\",\"https:\\\/\\\/www.youtube.com\\\/c\\\/Technetix-group\"]}]}<\/script>\n<!-- \/ Yoast SEO Premium plugin. -->","yoast_head_json":{"title":"Responsabilidad social corporativa - Technetix EMEA","robots":{"index":"index","follow":"follow","max-snippet":"max-snippet:-1","max-image-preview":"max-image-preview:large","max-video-preview":"max-video-preview:-1"},"canonical":"https:\/\/emea.technetix.com\/es\/sobre-nosotros\/responsabilidad-social-corporativa\/","og_locale":"es_ES","og_type":"article","og_title":"Responsabilidad social corporativa - Technetix EMEA","og_description":"Responsabilidad social corporativa Technetix tiene un impacto en la comunidad m\u00e1s amplia en la que opera. Estamos comprometidos a asumir la responsabilidad de nuestras acciones y fomentar una contribuci\u00f3n positiva hacia la mejora de los est\u00e1ndares para nuestros clientes, empleados, proveedores y partes interesadas. Al poner en pr\u00e1ctica una pol\u00edtica de responsabilidad social empresarial (RSE), ... Read more","og_url":"https:\/\/emea.technetix.com\/es\/sobre-nosotros\/responsabilidad-social-corporativa\/","og_site_name":"Technetix EMEA","article_modified_time":"2023-04-24T15:53:06+00:00","og_image":[{"width":1920,"height":450,"url":"https:\/\/emea.technetix.com\/wp-content\/uploads\/sites\/2\/2023\/01\/ABOUT_LARGE_CSR_FINAL.jpg","type":"image\/jpeg"}],"twitter_card":"summary_large_image","twitter_site":"@technetixgroup","twitter_misc":{"Tiempo de lectura":"5 minutos"},"schema":{"@context":"https:\/\/schema.org","@graph":[{"@type":"WebPage","@id":"https:\/\/emea.technetix.com\/es\/sobre-nosotros\/responsabilidad-social-corporativa\/","url":"https:\/\/emea.technetix.com\/es\/sobre-nosotros\/responsabilidad-social-corporativa\/","name":"Responsabilidad social corporativa - Technetix EMEA","isPartOf":{"@id":"https:\/\/emea.technetix.com\/es\/#website"},"primaryImageOfPage":{"@id":"https:\/\/emea.technetix.com\/es\/sobre-nosotros\/responsabilidad-social-corporativa\/#primaryimage"},"image":{"@id":"https:\/\/emea.technetix.com\/es\/sobre-nosotros\/responsabilidad-social-corporativa\/#primaryimage"},"thumbnailUrl":"https:\/\/emea.technetix.com\/wp-content\/uploads\/sites\/2\/2023\/01\/ABOUT_LARGE_CSR_FINAL.jpg","datePublished":"2023-01-20T17:37:31+00:00","dateModified":"2023-04-24T15:53:06+00:00","breadcrumb":{"@id":"https:\/\/emea.technetix.com\/es\/sobre-nosotros\/responsabilidad-social-corporativa\/#breadcrumb"},"inLanguage":"es","potentialAction":[{"@type":"ReadAction","target":["https:\/\/emea.technetix.com\/es\/sobre-nosotros\/responsabilidad-social-corporativa\/"]}]},{"@type":"ImageObject","inLanguage":"es","@id":"https:\/\/emea.technetix.com\/es\/sobre-nosotros\/responsabilidad-social-corporativa\/#primaryimage","url":"https:\/\/emea.technetix.com\/wp-content\/uploads\/sites\/2\/2023\/01\/ABOUT_LARGE_CSR_FINAL.jpg","contentUrl":"https:\/\/emea.technetix.com\/wp-content\/uploads\/sites\/2\/2023\/01\/ABOUT_LARGE_CSR_FINAL.jpg","width":1920,"height":450},{"@type":"BreadcrumbList","@id":"https:\/\/emea.technetix.com\/es\/sobre-nosotros\/responsabilidad-social-corporativa\/#breadcrumb","itemListElement":[{"@type":"ListItem","position":1,"name":"Home","item":"https:\/\/emea.technetix.com\/es\/"},{"@type":"ListItem","position":2,"name":"Sobre nosotros","item":"https:\/\/emea.technetix.com\/es\/sobre-nosotros\/"},{"@type":"ListItem","position":3,"name":"Responsabilidad social corporativa"}]},{"@type":"WebSite","@id":"https:\/\/emea.technetix.com\/es\/#website","url":"https:\/\/emea.technetix.com\/es\/","name":"Technetix","description":"Next-generation broadband equipment engineering","publisher":{"@id":"https:\/\/emea.technetix.com\/es\/#organization"},"potentialAction":[{"@type":"SearchAction","target":{"@type":"EntryPoint","urlTemplate":"https:\/\/emea.technetix.com\/es\/?s={search_term_string}"},"query-input":{"@type":"PropertyValueSpecification","valueRequired":true,"valueName":"search_term_string"}}],"inLanguage":"es"},{"@type":"Organization","@id":"https:\/\/emea.technetix.com\/es\/#organization","name":"Technetix","url":"https:\/\/emea.technetix.com\/es\/","logo":{"@type":"ImageObject","inLanguage":"es","@id":"https:\/\/emea.technetix.com\/es\/#\/schema\/logo\/image\/","url":"https:\/\/emea.technetix.com\/wp-content\/uploads\/sites\/2\/2023\/06\/logo-Technetix-1000x1000-1.png","contentUrl":"https:\/\/emea.technetix.com\/wp-content\/uploads\/sites\/2\/2023\/06\/logo-Technetix-1000x1000-1.png","width":1000,"height":1000,"caption":"Technetix"},"image":{"@id":"https:\/\/emea.technetix.com\/es\/#\/schema\/logo\/image\/"},"sameAs":["https:\/\/x.com\/technetixgroup","https:\/\/www.linkedin.com\/company\/technetix\/","https:\/\/www.youtube.com\/c\/Technetix-group"]}]}},"acf":[],"publishpress_future_workflow_manual_trigger":{"enabledWorkflows":[]},"_links":{"self":[{"href":"https:\/\/emea.technetix.com\/es\/wp-json\/wp\/v2\/pages\/13802","targetHints":{"allow":["GET"]}}],"collection":[{"href":"https:\/\/emea.technetix.com\/es\/wp-json\/wp\/v2\/pages"}],"about":[{"href":"https:\/\/emea.technetix.com\/es\/wp-json\/wp\/v2\/types\/page"}],"author":[{"embeddable":true,"href":"https:\/\/emea.technetix.com\/es\/wp-json\/wp\/v2\/users\/1"}],"replies":[{"embeddable":true,"href":"https:\/\/emea.technetix.com\/es\/wp-json\/wp\/v2\/comments?post=13802"}],"version-history":[{"count":0,"href":"https:\/\/emea.technetix.com\/es\/wp-json\/wp\/v2\/pages\/13802\/revisions"}],"up":[{"embeddable":true,"href":"https:\/\/emea.technetix.com\/es\/wp-json\/wp\/v2\/pages\/7168"}],"wp:featuredmedia":[{"embeddable":true,"href":"https:\/\/emea.technetix.com\/es\/wp-json\/wp\/v2\/media\/951"}],"wp:attachment":[{"href":"https:\/\/emea.technetix.com\/es\/wp-json\/wp\/v2\/media?parent=13802"}],"curies":[{"name":"wp","href":"https:\/\/api.w.org\/{rel}","templated":true}]}}