{"id":13793,"date":"2023-01-20T17:31:43","date_gmt":"2023-01-20T17:31:43","guid":{"rendered":"https:\/\/emea.technetix.com\/cadena-de-suministro-y-logistica\/"},"modified":"2024-08-15T09:11:40","modified_gmt":"2024-08-15T09:11:40","slug":"cadena-de-suministro-y-logistica","status":"publish","type":"page","link":"https:\/\/emea.technetix.com\/es\/cadena-de-suministro-y-logistica\/","title":{"rendered":"Cadena de suministro y log\u00edstica"},"content":{"rendered":"<div class=\"gb-container gb-container-f86f3f4f gb-container-hero-banner\"><div class=\"gb-inside-container\">\n<h1 class=\"gb-headline gb-headline-e1547755 gb-headline-text gb-headline-hero-banner-title\">Cadena de suministro y log\u00edstica<\/h1>\n<\/div><\/div>\n\n<div class=\"gb-container gb-container-246538ae gb-container-inner-back-page-con\">\n\n<h2 class=\"gb-headline gb-headline-d02c52e4 gb-headline-text\">\u200eOfrecemos productos de vanguardia y un servicio completo de cadena de suministro, lo que le permite centrarse en su negocio principal.\u200e<\/h2>\n\n\n\n<p class=\"gb-headline gb-headline-6656b5c3 gb-headline-text\">\u200eTechnetix est\u00e1 en el centro de la innovaci\u00f3n en tecnolog\u00eda de banda ancha y, a trav\u00e9s de su alcance global, ha establecido centros log\u00edsticos en ubicaciones clave de todo el mundo. Nuestras operaciones basadas en 20 pa\u00edses, incluidos los Estados Unidos, los Pa\u00edses Bajos y el Reino Unido, nos posicionan para ofrecer gesti\u00f3n log\u00edstica y un servicio completo de cadena de suministro a Am\u00e9rica del Norte, Am\u00e9rica Latina y Europa. <\/p>\n\n\n\n<p class=\"gb-headline gb-headline-fd56e9e9 gb-headline-text\">\u200eTechnetix utiliza un sistema avanzado de planificaci\u00f3n de recursos empresariales (ERP) para planificar y gestionar el cumplimiento de existencias a fin de cumplir con los estrictos acuerdos de nivel de servicio de los principales operadores de cable de banda ancha del mundo.\u200e\u200e<\/p>\n\n\n\n<p class=\"gb-headline gb-headline-a43e9ab2 gb-headline-text\">\u200eNuestras tres oficinas principales estrat\u00e9gicamente ubicadas supervisan una red de centros en todo el mundo.\u200e<\/p>\n\n\n\n<h2 class=\"gb-headline gb-headline-6b17d0fd gb-headline-text gb-headline-h2-in-content\">\u200eLas Am\u00e9ricas\u200e<\/h2>\n\n\n\n<p class=\"gb-headline gb-headline-623f5b86 gb-headline-text\">\u200eNuestra sede regional en Englewood, CO USA, proporciona stock centralizado para su distribuci\u00f3n en los mercados de EE. UU., Canad\u00e1 y CaLA.\u200e<\/p>\n\n\n\n<h2 class=\"gb-headline gb-headline-4b572e45 gb-headline-text gb-headline-h2-in-content\">Europa<\/h2>\n\n\n\n<p class=\"gb-headline gb-headline-c9b08205 gb-headline-text\">\u200eNuestra oficina central del Reino Unido en West Sussex, y nuestra sede regional en Veenendaal, Pa\u00edses Bajos, albergan existencias para su distribuci\u00f3n en toda Europa. Estas instalaciones atienden a clientes directamente en los principales mercados europeos, con el apoyo de almacenes de suministro locales operados por Technetix en Dubl\u00edn (Irlanda), Zaragoza (Espa\u00f1a), Pristina (Kosovo) y Bucarest (Rumania). Las operaciones tienen una capacidad de almacenamiento combinada de 20.000 palets.\u200e  <\/p>\n\n\n\n<p class=\"gb-headline gb-headline-c0ecb95b gb-headline-text\">\u200eTechnetix puede adquirir productos que van directamente a su almac\u00e9n o reponer sus existencias de nuestras propias instalaciones de acuerdo con las reglas de gesti\u00f3n de inventario previamente acordadas. Tambi\u00e9n suministramos directamente a los clientes finales y t\u00e9cnicos de nuestros clientes.\u200e <\/p>\n\n\n\n<h2 class=\"gb-headline gb-headline-e3742336 gb-headline-text gb-headline-h2-in-content\">\u200eUn portal en l\u00ednea administrado\u200e<\/h2>\n\n\n\n<p class=\"gb-headline gb-headline-399aa230 gb-headline-text\">\u200ePara diferenciarnos en el mercado, utilizamos un sistema ERP de \u00faltima generaci\u00f3n y un software de planificaci\u00f3n de stock para procesar todas las funciones de la cadena de suministro dentro de la empresa. Un portal de clientes especialmente dise\u00f1ado proporciona transparencia de extremo a extremo, para que los clientes puedan disfrutar de tranquilidad en cada paso de la cadena de suministro.\u200e <\/p>\n\n\n\n<p class=\"gb-headline gb-headline-37660b83 gb-headline-text\">\u200eEl portal ofrece informaci\u00f3n sobre Technetix y los productos de terceros que suministramos. Si es necesario, puede ofrecer alternativas, aprobadas por sus propios ingenieros, para cada producto que compre. Creemos que esto presenta una forma m\u00e1s de reducir los costos al tiempo que protege o mejora el rendimiento de su red. \u200e  <\/p>\n\n\n\n<p class=\"gb-headline gb-headline-88f7d01a gb-headline-text\">\u200eEl sistema se puede personalizar para proporcionar \u00abpaneles\u00bb en l\u00ednea e informes convenientes, incluida una vista centralizada de la disponibilidad de existencias, el procesamiento de pedidos de ventas, las previsiones de los clientes y los inventarios de existencias por SKU.\u200e<\/p>\n\n\n\n<p class=\"gb-headline gb-headline-20fa9b88 gb-headline-text\">\u200eSi suministramos stock para su almac\u00e9n, el portal proporciona informaci\u00f3n sobre el progreso de los pedidos abiertos hasta la facturaci\u00f3n. Puede ver qu\u00e9 productos est\u00e1n en tr\u00e1nsito y cu\u00e1les se est\u00e1n fabricando. Los paneles resaltan cualquier problema potencial con los niveles de existencias y puede profundizar para obtener informaci\u00f3n que lo ayudar\u00e1 a administrar esos problemas, evitando problemas antes de que ocurran. Si proporcionamos stock bajo contrato desde nuestro propio almac\u00e9n, a\u00fan tiene una visibilidad completa de sus niveles de inventario a trav\u00e9s del portal en l\u00ednea.\u200e   <\/p>\n\n\n\n<h2 class=\"gb-headline gb-headline-aaf9d944 gb-headline-text gb-headline-h2-in-content\">\u200eEnfoque probado y comprobado\u200e<\/h2>\n\n\n\n<p class=\"gb-headline gb-headline-d84bc6ae gb-headline-text\">\u200eOperar un servicio exitoso de la cadena de suministro a escala global requiere una excelente gesti\u00f3n del tiempo, una comunicaci\u00f3n eficiente y un compromiso con los plazos; Technetix ha estado proporcionando gesti\u00f3n de la cadena de suministro a compa\u00f1\u00edas de cable de todo el mundo durante los \u00faltimos 15 a\u00f1os. Nuestro servicio de cadena de suministro y log\u00edstica le ofrece la facilidad y eficiencia de tratar con un solo proveedor, adem\u00e1s de la flexibilidad para satisfacer sus requisitos individuales.\u200e <\/p>\n\n\n\n<p class=\"gb-headline gb-headline-5211d4c7 gb-headline-text\">\u200ePermitir que Technetix administre su inventario le permite reducir los gastos generales asociados con el procesamiento de entrada, la planificaci\u00f3n de la demanda, la previsi\u00f3n y la adquisici\u00f3n; cumplimos con los requisitos de su producto en funci\u00f3n de los niveles aprobados, los niveles m\u00ednimos de existencias de env\u00edo y las tendencias de pron\u00f3stico que observamos a lo largo del tiempo. Al utilizar nuestro servicio para reducir la cantidad de existencias en sus propios almacenes, tambi\u00e9n puede mejorar el flujo de caja, liberando m\u00e1s recursos para su uso en las \u00e1reas centrales de su negocio.\u200e <\/p>\n\n\n\n<p class=\"gb-headline gb-headline-7ee5264d gb-headline-text\">\u200eSolo en los Estados Unidos, Technetix ha administrado varios inventarios de productos, entregando a ubicaciones en la mayor\u00eda de los estados, desde la costa oeste hasta la costa este desde 2008. Con el fin de ofrecer gesti\u00f3n de inventario en todo Estados Unidos, nuestros equipos de compras y servicio al cliente est\u00e1n posicionados para adaptarse a m\u00faltiples zonas horarias.\u200e <\/p>\n\n\n\n<h2 class=\"gb-headline gb-headline-14fa9ab6 gb-headline-text gb-headline-h2-in-content\">\u200eRelaci\u00f3n calidad-precio\u200e<\/h2>\n\n\n\n<p class=\"gb-headline gb-headline-82a608bb gb-headline-text\">\u200eEn Technetix, nuestros precios son transparentes. Cuando establece un acuerdo de suministro a largo plazo con nosotros, la distribuci\u00f3n de nuestros propios productos es gratuita y los productos de terceros se suministran con un costo m\u00e1s un margen porcentual fijo. Al eliminar las distracciones y reducir el costo de administrar su cadena de suministro, Technetix le permite enfocarse m\u00e1s claramente en servir a sus clientes.\u200e  <\/p>\n\n\n\n<p class=\"gb-headline gb-headline-53c193a1 gb-headline-text\">Si est\u00e1 interesado en nuestro servicio de cadena de suministro, hable con su contacto de <a href=\"https:\/\/emea.technetix.com\/es\/contactenos\/\">ventas local.<\/a><\/p>\n\n<\/div>\n\n<div class=\"gb-container gb-container-ac5c20f9 gb-container-con-buttons-bottom\">\n\n<h2 class=\"gb-headline gb-headline-7ce6fa4b gb-headline-text gb-headline-head-bottom-buttons\">Enlaces de inter\u00e9s<\/h2>\n\n\n<div class=\"gb-button-wrapper gb-button-wrapper-5300c273 gb-button-wrapper-after-con-buttons\">\n\n<a class=\"gb-button gb-button-74bfad52 gb-button-text gb-button-bottom-button\" href=\"https:\/\/emea.technetix.com\/es\/contactenos\/\">Cont\u00e1ctenos<\/a>\n\n\n\n<a class=\"gb-button gb-button-4ceed201 gb-button-text gb-button-bottom-button\" href=\"https:\/\/emea.technetix.com\/es\/servicios-de-soporte\/\">Servicios de soporte<\/a>\n\n<\/div>\n<\/div>","protected":false},"excerpt":{"rendered":"<p>Cadena de suministro y log\u00edstica \u200eOfrecemos productos de vanguardia y un servicio completo de cadena de suministro, lo que le permite centrarse en su negocio principal.\u200e \u200eTechnetix est\u00e1 en el centro de la innovaci\u00f3n en tecnolog\u00eda de banda ancha y, a trav\u00e9s de su alcance global, ha establecido centros log\u00edsticos en ubicaciones clave de todo &#8230; <a title=\"Cadena de suministro y log\u00edstica\" class=\"read-more\" href=\"https:\/\/emea.technetix.com\/es\/cadena-de-suministro-y-logistica\/\" aria-label=\"Leer m\u00e1s sobre Cadena de suministro y log\u00edstica\">Read more<\/a><\/p>\n","protected":false},"author":1,"featured_media":936,"parent":0,"menu_order":0,"comment_status":"closed","ping_status":"closed","template":"","meta":{"_acf_changed":false,"_gspb_post_css":"","footnotes":""},"class_list":["post-13793","page","type-page","status-publish","has-post-thumbnail"],"yoast_head":"<!-- This site is optimized with the Yoast SEO Premium plugin v22.5 (Yoast SEO v27.4) - https:\/\/yoast.com\/product\/yoast-seo-premium-wordpress\/ -->\n<title>Cadena de suministro y log\u00edstica - Technetix EMEA<\/title>\n<meta name=\"robots\" content=\"index, follow, max-snippet:-1, max-image-preview:large, max-video-preview:-1\" \/>\n<link rel=\"canonical\" href=\"https:\/\/emea.technetix.com\/es\/cadena-de-suministro-y-logistica\/\" \/>\n<meta property=\"og:locale\" content=\"es_ES\" \/>\n<meta property=\"og:type\" content=\"article\" \/>\n<meta property=\"og:title\" content=\"Cadena de suministro y log\u00edstica - Technetix EMEA\" \/>\n<meta property=\"og:description\" content=\"Cadena de suministro y log\u00edstica \u200eOfrecemos productos de vanguardia y un servicio completo de cadena de suministro, lo que le permite centrarse en su negocio principal.\u200e \u200eTechnetix est\u00e1 en el centro de la innovaci\u00f3n en tecnolog\u00eda de banda ancha y, a trav\u00e9s de su alcance global, ha establecido centros log\u00edsticos en ubicaciones clave de todo ... Read more\" \/>\n<meta property=\"og:url\" content=\"https:\/\/emea.technetix.com\/es\/cadena-de-suministro-y-logistica\/\" \/>\n<meta property=\"og:site_name\" content=\"Technetix EMEA\" \/>\n<meta property=\"article:modified_time\" content=\"2024-08-15T09:11:40+00:00\" \/>\n<meta property=\"og:image\" content=\"https:\/\/emea.technetix.com\/wp-content\/uploads\/sites\/2\/2023\/01\/SERVICES_LARGE_LOGISTICS_FINAL.jpg\" \/>\n\t<meta property=\"og:image:width\" content=\"1920\" \/>\n\t<meta property=\"og:image:height\" content=\"450\" \/>\n\t<meta property=\"og:image:type\" content=\"image\/jpeg\" \/>\n<meta name=\"twitter:card\" content=\"summary_large_image\" \/>\n<meta name=\"twitter:site\" content=\"@technetixgroup\" \/>\n<meta name=\"twitter:label1\" content=\"Tiempo de lectura\" \/>\n\t<meta name=\"twitter:data1\" content=\"4 minutos\" \/>\n<script type=\"application\/ld+json\" class=\"yoast-schema-graph\">{\"@context\":\"https:\\\/\\\/schema.org\",\"@graph\":[{\"@type\":\"WebPage\",\"@id\":\"https:\\\/\\\/emea.technetix.com\\\/es\\\/cadena-de-suministro-y-logistica\\\/\",\"url\":\"https:\\\/\\\/emea.technetix.com\\\/es\\\/cadena-de-suministro-y-logistica\\\/\",\"name\":\"Cadena de suministro y log\u00edstica - Technetix EMEA\",\"isPartOf\":{\"@id\":\"https:\\\/\\\/emea.technetix.com\\\/es\\\/#website\"},\"primaryImageOfPage\":{\"@id\":\"https:\\\/\\\/emea.technetix.com\\\/es\\\/cadena-de-suministro-y-logistica\\\/#primaryimage\"},\"image\":{\"@id\":\"https:\\\/\\\/emea.technetix.com\\\/es\\\/cadena-de-suministro-y-logistica\\\/#primaryimage\"},\"thumbnailUrl\":\"https:\\\/\\\/emea.technetix.com\\\/wp-content\\\/uploads\\\/sites\\\/2\\\/2023\\\/01\\\/SERVICES_LARGE_LOGISTICS_FINAL.jpg\",\"datePublished\":\"2023-01-20T17:31:43+00:00\",\"dateModified\":\"2024-08-15T09:11:40+00:00\",\"breadcrumb\":{\"@id\":\"https:\\\/\\\/emea.technetix.com\\\/es\\\/cadena-de-suministro-y-logistica\\\/#breadcrumb\"},\"inLanguage\":\"es\",\"potentialAction\":[{\"@type\":\"ReadAction\",\"target\":[\"https:\\\/\\\/emea.technetix.com\\\/es\\\/cadena-de-suministro-y-logistica\\\/\"]}]},{\"@type\":\"ImageObject\",\"inLanguage\":\"es\",\"@id\":\"https:\\\/\\\/emea.technetix.com\\\/es\\\/cadena-de-suministro-y-logistica\\\/#primaryimage\",\"url\":\"https:\\\/\\\/emea.technetix.com\\\/wp-content\\\/uploads\\\/sites\\\/2\\\/2023\\\/01\\\/SERVICES_LARGE_LOGISTICS_FINAL.jpg\",\"contentUrl\":\"https:\\\/\\\/emea.technetix.com\\\/wp-content\\\/uploads\\\/sites\\\/2\\\/2023\\\/01\\\/SERVICES_LARGE_LOGISTICS_FINAL.jpg\",\"width\":1920,\"height\":450},{\"@type\":\"BreadcrumbList\",\"@id\":\"https:\\\/\\\/emea.technetix.com\\\/es\\\/cadena-de-suministro-y-logistica\\\/#breadcrumb\",\"itemListElement\":[{\"@type\":\"ListItem\",\"position\":1,\"name\":\"Home\",\"item\":\"https:\\\/\\\/emea.technetix.com\\\/es\\\/\"},{\"@type\":\"ListItem\",\"position\":2,\"name\":\"Cadena de suministro y log\u00edstica\"}]},{\"@type\":\"WebSite\",\"@id\":\"https:\\\/\\\/emea.technetix.com\\\/es\\\/#website\",\"url\":\"https:\\\/\\\/emea.technetix.com\\\/es\\\/\",\"name\":\"Technetix\",\"description\":\"Next-generation broadband equipment engineering\",\"publisher\":{\"@id\":\"https:\\\/\\\/emea.technetix.com\\\/es\\\/#organization\"},\"potentialAction\":[{\"@type\":\"SearchAction\",\"target\":{\"@type\":\"EntryPoint\",\"urlTemplate\":\"https:\\\/\\\/emea.technetix.com\\\/es\\\/?s={search_term_string}\"},\"query-input\":{\"@type\":\"PropertyValueSpecification\",\"valueRequired\":true,\"valueName\":\"search_term_string\"}}],\"inLanguage\":\"es\"},{\"@type\":\"Organization\",\"@id\":\"https:\\\/\\\/emea.technetix.com\\\/es\\\/#organization\",\"name\":\"Technetix\",\"url\":\"https:\\\/\\\/emea.technetix.com\\\/es\\\/\",\"logo\":{\"@type\":\"ImageObject\",\"inLanguage\":\"es\",\"@id\":\"https:\\\/\\\/emea.technetix.com\\\/es\\\/#\\\/schema\\\/logo\\\/image\\\/\",\"url\":\"https:\\\/\\\/emea.technetix.com\\\/wp-content\\\/uploads\\\/sites\\\/2\\\/2023\\\/06\\\/logo-Technetix-1000x1000-1.png\",\"contentUrl\":\"https:\\\/\\\/emea.technetix.com\\\/wp-content\\\/uploads\\\/sites\\\/2\\\/2023\\\/06\\\/logo-Technetix-1000x1000-1.png\",\"width\":1000,\"height\":1000,\"caption\":\"Technetix\"},\"image\":{\"@id\":\"https:\\\/\\\/emea.technetix.com\\\/es\\\/#\\\/schema\\\/logo\\\/image\\\/\"},\"sameAs\":[\"https:\\\/\\\/x.com\\\/technetixgroup\",\"https:\\\/\\\/www.linkedin.com\\\/company\\\/technetix\\\/\",\"https:\\\/\\\/www.youtube.com\\\/c\\\/Technetix-group\"]}]}<\/script>\n<!-- \/ Yoast SEO Premium plugin. -->","yoast_head_json":{"title":"Cadena de suministro y log\u00edstica - Technetix EMEA","robots":{"index":"index","follow":"follow","max-snippet":"max-snippet:-1","max-image-preview":"max-image-preview:large","max-video-preview":"max-video-preview:-1"},"canonical":"https:\/\/emea.technetix.com\/es\/cadena-de-suministro-y-logistica\/","og_locale":"es_ES","og_type":"article","og_title":"Cadena de suministro y log\u00edstica - Technetix EMEA","og_description":"Cadena de suministro y log\u00edstica \u200eOfrecemos productos de vanguardia y un servicio completo de cadena de suministro, lo que le permite centrarse en su negocio principal.\u200e \u200eTechnetix est\u00e1 en el centro de la innovaci\u00f3n en tecnolog\u00eda de banda ancha y, a trav\u00e9s de su alcance global, ha establecido centros log\u00edsticos en ubicaciones clave de todo ... Read more","og_url":"https:\/\/emea.technetix.com\/es\/cadena-de-suministro-y-logistica\/","og_site_name":"Technetix EMEA","article_modified_time":"2024-08-15T09:11:40+00:00","og_image":[{"width":1920,"height":450,"url":"https:\/\/emea.technetix.com\/wp-content\/uploads\/sites\/2\/2023\/01\/SERVICES_LARGE_LOGISTICS_FINAL.jpg","type":"image\/jpeg"}],"twitter_card":"summary_large_image","twitter_site":"@technetixgroup","twitter_misc":{"Tiempo de lectura":"4 minutos"},"schema":{"@context":"https:\/\/schema.org","@graph":[{"@type":"WebPage","@id":"https:\/\/emea.technetix.com\/es\/cadena-de-suministro-y-logistica\/","url":"https:\/\/emea.technetix.com\/es\/cadena-de-suministro-y-logistica\/","name":"Cadena de suministro y log\u00edstica - Technetix EMEA","isPartOf":{"@id":"https:\/\/emea.technetix.com\/es\/#website"},"primaryImageOfPage":{"@id":"https:\/\/emea.technetix.com\/es\/cadena-de-suministro-y-logistica\/#primaryimage"},"image":{"@id":"https:\/\/emea.technetix.com\/es\/cadena-de-suministro-y-logistica\/#primaryimage"},"thumbnailUrl":"https:\/\/emea.technetix.com\/wp-content\/uploads\/sites\/2\/2023\/01\/SERVICES_LARGE_LOGISTICS_FINAL.jpg","datePublished":"2023-01-20T17:31:43+00:00","dateModified":"2024-08-15T09:11:40+00:00","breadcrumb":{"@id":"https:\/\/emea.technetix.com\/es\/cadena-de-suministro-y-logistica\/#breadcrumb"},"inLanguage":"es","potentialAction":[{"@type":"ReadAction","target":["https:\/\/emea.technetix.com\/es\/cadena-de-suministro-y-logistica\/"]}]},{"@type":"ImageObject","inLanguage":"es","@id":"https:\/\/emea.technetix.com\/es\/cadena-de-suministro-y-logistica\/#primaryimage","url":"https:\/\/emea.technetix.com\/wp-content\/uploads\/sites\/2\/2023\/01\/SERVICES_LARGE_LOGISTICS_FINAL.jpg","contentUrl":"https:\/\/emea.technetix.com\/wp-content\/uploads\/sites\/2\/2023\/01\/SERVICES_LARGE_LOGISTICS_FINAL.jpg","width":1920,"height":450},{"@type":"BreadcrumbList","@id":"https:\/\/emea.technetix.com\/es\/cadena-de-suministro-y-logistica\/#breadcrumb","itemListElement":[{"@type":"ListItem","position":1,"name":"Home","item":"https:\/\/emea.technetix.com\/es\/"},{"@type":"ListItem","position":2,"name":"Cadena de suministro y log\u00edstica"}]},{"@type":"WebSite","@id":"https:\/\/emea.technetix.com\/es\/#website","url":"https:\/\/emea.technetix.com\/es\/","name":"Technetix","description":"Next-generation broadband equipment engineering","publisher":{"@id":"https:\/\/emea.technetix.com\/es\/#organization"},"potentialAction":[{"@type":"SearchAction","target":{"@type":"EntryPoint","urlTemplate":"https:\/\/emea.technetix.com\/es\/?s={search_term_string}"},"query-input":{"@type":"PropertyValueSpecification","valueRequired":true,"valueName":"search_term_string"}}],"inLanguage":"es"},{"@type":"Organization","@id":"https:\/\/emea.technetix.com\/es\/#organization","name":"Technetix","url":"https:\/\/emea.technetix.com\/es\/","logo":{"@type":"ImageObject","inLanguage":"es","@id":"https:\/\/emea.technetix.com\/es\/#\/schema\/logo\/image\/","url":"https:\/\/emea.technetix.com\/wp-content\/uploads\/sites\/2\/2023\/06\/logo-Technetix-1000x1000-1.png","contentUrl":"https:\/\/emea.technetix.com\/wp-content\/uploads\/sites\/2\/2023\/06\/logo-Technetix-1000x1000-1.png","width":1000,"height":1000,"caption":"Technetix"},"image":{"@id":"https:\/\/emea.technetix.com\/es\/#\/schema\/logo\/image\/"},"sameAs":["https:\/\/x.com\/technetixgroup","https:\/\/www.linkedin.com\/company\/technetix\/","https:\/\/www.youtube.com\/c\/Technetix-group"]}]}},"acf":[],"publishpress_future_workflow_manual_trigger":{"enabledWorkflows":[]},"_links":{"self":[{"href":"https:\/\/emea.technetix.com\/es\/wp-json\/wp\/v2\/pages\/13793","targetHints":{"allow":["GET"]}}],"collection":[{"href":"https:\/\/emea.technetix.com\/es\/wp-json\/wp\/v2\/pages"}],"about":[{"href":"https:\/\/emea.technetix.com\/es\/wp-json\/wp\/v2\/types\/page"}],"author":[{"embeddable":true,"href":"https:\/\/emea.technetix.com\/es\/wp-json\/wp\/v2\/users\/1"}],"replies":[{"embeddable":true,"href":"https:\/\/emea.technetix.com\/es\/wp-json\/wp\/v2\/comments?post=13793"}],"version-history":[{"count":0,"href":"https:\/\/emea.technetix.com\/es\/wp-json\/wp\/v2\/pages\/13793\/revisions"}],"wp:featuredmedia":[{"embeddable":true,"href":"https:\/\/emea.technetix.com\/es\/wp-json\/wp\/v2\/media\/936"}],"wp:attachment":[{"href":"https:\/\/emea.technetix.com\/es\/wp-json\/wp\/v2\/media?parent=13793"}],"curies":[{"name":"wp","href":"https:\/\/api.w.org\/{rel}","templated":true}]}}