{"id":13782,"date":"2023-01-20T17:20:32","date_gmt":"2023-01-20T17:20:32","guid":{"rendered":"https:\/\/emea.technetix.com\/nuestra-vision\/redes-definidas-por-software\/"},"modified":"2024-02-08T10:20:25","modified_gmt":"2024-02-08T10:20:25","slug":"redes-definidas-por-software","status":"publish","type":"page","link":"https:\/\/emea.technetix.com\/es\/nuestra-vision\/redes-definidas-por-software\/","title":{"rendered":"\u200eRedes definidas por software\u200e"},"content":{"rendered":"<div class=\"gb-container gb-container-f86f3f4f gb-container-hero-banner\"><div class=\"gb-inside-container\"><\/div><\/div>\n\n<div class=\"gb-container gb-container-2b362058 gb-container-inner-back-page-con\">\n<h1 class=\"gb-headline gb-headline-e1547755 gb-headline-text\">\u200eRedes definidas por software\u200e<\/h1>\n\n\n<h2 class=\"gb-headline gb-headline-d02c52e4 gb-headline-text\">Redes sin limitaciones<\/h2>\n\n\n\n<p class=\"gb-headline gb-headline-6656b5c3 gb-headline-text\">Hist\u00f3ricamente, los MSO envian a un ingeniero a la ubicaci\u00f3n de los elementos activos en una red para cambiar la configuraci\u00f3n del equipo. La introducci\u00f3n de redes definidas por software ha mejorado las redes con: <\/p>\n\n\n\n<ul class=\"wp-block-list\">\n<li>Flexibilidad mejorada<\/li>\n\n\n\n<li>Aumento de la capacidad<\/li>\n\n\n\n<li>Servicio al cliente mejorado<\/li>\n\n\n\n<li>Menor costo de propiedad<\/li>\n<\/ul>\n\n\n\n<figure class=\"gb-block-image gb-block-image-61e35e7d\"><img loading=\"lazy\" decoding=\"async\" width=\"1616\" height=\"477\" class=\"gb-image gb-image-61e35e7d\" src=\"https:\/\/emea.technetix.com\/wp-content\/uploads\/sites\/2\/2023\/01\/SDN_01_1.png\" alt=\"\" srcset=\"https:\/\/emea.technetix.com\/wp-content\/uploads\/sites\/2\/2023\/01\/SDN_01_1.png 1616w, https:\/\/emea.technetix.com\/wp-content\/uploads\/sites\/2\/2023\/01\/SDN_01_1-300x89.png 300w, https:\/\/emea.technetix.com\/wp-content\/uploads\/sites\/2\/2023\/01\/SDN_01_1-1024x302.png 1024w, https:\/\/emea.technetix.com\/wp-content\/uploads\/sites\/2\/2023\/01\/SDN_01_1-768x227.png 768w, https:\/\/emea.technetix.com\/wp-content\/uploads\/sites\/2\/2023\/01\/SDN_01_1-1536x453.png 1536w, https:\/\/emea.technetix.com\/wp-content\/uploads\/sites\/2\/2023\/01\/SDN_01_1-600x177.png 600w\" sizes=\"auto, (max-width: 1616px) 100vw, 1616px\" \/><\/figure>\n\n\n\n<h2 class=\"gb-headline gb-headline-6b17d0fd gb-headline-text gb-headline-h2-in-content\">\u00bfQu\u00e9 es una red definida por software?<\/h2>\n\n\n\n<p class=\"gb-headline gb-headline-623f5b86 gb-headline-text\">El mercado se est\u00e1 moviendo hacia una Arquitectura de Acceso Distribuido (DAA) donde parte de la inteligencia del CMTS se traslada a una ubicaci\u00f3n m\u00e1s profunda en la red. El nodo \u00f3ptico tradicional es sustituido por un dispositivo PHY remoto (RPD) o un dispositivo MAC-PHY remoto (RMD). El CPE es tambi\u00e9n un elemento inteligente en la red.  <\/p>\n\n\n\n<p class=\"gb-headline gb-headline-f1b7d391 gb-headline-text\">Estos elementos pueden comunicarse para administrar el tr\u00e1fico de red. Como ejemplo, durante las horas de trabajo tradicionales, el tr\u00e1fico ascendente se vuelve m\u00e1s importante ya que las personas que trabajan de forma remota tienen que cargar elementos en un servidor, en su tiempo libre la gente quiere relajarse tal vez viendo una pel\u00edcula, por lo tanto, el tr\u00e1fico descendente se vuelve m\u00e1s importante. <\/p>\n\n\n\n<p class=\"gb-headline gb-headline-8b189d1d gb-headline-text\">El RPD y el CPE pueden definir ciertas horas para equilibrar la demanda en el ascendente y descendente. Como la red est\u00e1 definida por software, los cambios se pueden realizar de forma remota en lugar de cambiar f\u00edsicamente los filtros de diplex, lo que significa que no se incurre en costos de salidas de t\u00e9cnicos. <\/p>\n\n\n\n<figure class=\"gb-block-image gb-block-image-f5380205\"><img loading=\"lazy\" decoding=\"async\" width=\"1920\" height=\"475\" class=\"gb-image gb-image-f5380205\" src=\"https:\/\/emea.technetix.com\/wp-content\/uploads\/sites\/2\/2023\/01\/SDN_02_1.png\" alt=\"\" srcset=\"https:\/\/emea.technetix.com\/wp-content\/uploads\/sites\/2\/2023\/01\/SDN_02_1.png 1920w, https:\/\/emea.technetix.com\/wp-content\/uploads\/sites\/2\/2023\/01\/SDN_02_1-300x74.png 300w, https:\/\/emea.technetix.com\/wp-content\/uploads\/sites\/2\/2023\/01\/SDN_02_1-1024x253.png 1024w, https:\/\/emea.technetix.com\/wp-content\/uploads\/sites\/2\/2023\/01\/SDN_02_1-768x190.png 768w, https:\/\/emea.technetix.com\/wp-content\/uploads\/sites\/2\/2023\/01\/SDN_02_1-1536x380.png 1536w, https:\/\/emea.technetix.com\/wp-content\/uploads\/sites\/2\/2023\/01\/SDN_02_1-600x148.png 600w\" sizes=\"auto, (max-width: 1920px) 100vw, 1920px\" \/><\/figure>\n\n<\/div>\n\n<div class=\"gb-container gb-container-88ee2aff gb-container-con-buttons-bottom\">\n\n<h2 class=\"gb-headline gb-headline-7ce6fa4b gb-headline-text gb-headline-head-bottom-buttons\">Enlaces de inter\u00e9s<\/h2>\n\n\n<div class=\"gb-button-wrapper gb-button-wrapper-5300c273 gb-button-wrapper-after-con-buttons\">\n\n<a class=\"gb-button gb-button-ff3bad62 gb-button-text gb-button-bottom-button\" href=\"https:\/\/emea.technetix.com\/es\/consultoria-de-redes\/\">Consultor\u00eda de redes<\/a>\n\n\n\n<a class=\"gb-button gb-button-e7a0fe73 gb-button-text gb-button-bottom-button\" href=\"https:\/\/emea.technetix.com\/es\/technetix-academy\/\">Technetix Academy<\/a>\n\n\n\n<a class=\"gb-button gb-button-5e4e6530 gb-button-text gb-button-bottom-button\" href=\"https:\/\/emea.technetix.com\/hfc-networks\/access-amplifiers\/direction-neutral-amplifier\/\">DNA-1800<\/a>\n\n\n\n<a class=\"gb-button gb-button-3eadfa91 gb-button-text gb-button-bottom-button\" href=\"https:\/\/emea.technetix.com\/es\/descargas-de-software\/\">Descargas de software<\/a>\n\n\n\n<a class=\"gb-button gb-button-74bfad52 gb-button-text gb-button-bottom-button\" href=\"https:\/\/emea.technetix.com\/es\/contactenos\/\">Cont\u00e1ctenos<\/a>\n\n<\/div>\n<\/div>","protected":false},"excerpt":{"rendered":"<p>\u200eRedes definidas por software\u200e Redes sin limitaciones Hist\u00f3ricamente, los MSO envian a un ingeniero a la ubicaci\u00f3n de los elementos activos en una red para cambiar la configuraci\u00f3n del equipo. La introducci\u00f3n de redes definidas por software ha mejorado las redes con: \u00bfQu\u00e9 es una red definida por software? El mercado se est\u00e1 moviendo hacia &#8230; <a title=\"\u200eRedes definidas por software\u200e\" class=\"read-more\" href=\"https:\/\/emea.technetix.com\/es\/nuestra-vision\/redes-definidas-por-software\/\" aria-label=\"Leer m\u00e1s sobre \u200eRedes definidas por software\u200e\">Read more<\/a><\/p>\n","protected":false},"author":1,"featured_media":13784,"parent":7340,"menu_order":0,"comment_status":"closed","ping_status":"closed","template":"","meta":{"_acf_changed":false,"_gspb_post_css":"","footnotes":""},"class_list":["post-13782","page","type-page","status-publish","has-post-thumbnail"],"yoast_head":"<!-- This site is optimized with the Yoast SEO Premium plugin v22.5 (Yoast SEO v27.4) - https:\/\/yoast.com\/product\/yoast-seo-premium-wordpress\/ -->\n<title>\u200eRedes definidas por software\u200e - Technetix EMEA<\/title>\n<meta name=\"robots\" content=\"index, follow, max-snippet:-1, max-image-preview:large, max-video-preview:-1\" \/>\n<link rel=\"canonical\" href=\"https:\/\/emea.technetix.com\/es\/nuestra-vision\/redes-definidas-por-software\/\" \/>\n<meta property=\"og:locale\" content=\"es_ES\" \/>\n<meta property=\"og:type\" content=\"article\" \/>\n<meta property=\"og:title\" content=\"\u200eRedes definidas por software\u200e - Technetix EMEA\" \/>\n<meta property=\"og:description\" content=\"\u200eRedes definidas por software\u200e Redes sin limitaciones Hist\u00f3ricamente, los MSO envian a un ingeniero a la ubicaci\u00f3n de los elementos activos en una red para cambiar la configuraci\u00f3n del equipo. La introducci\u00f3n de redes definidas por software ha mejorado las redes con: \u00bfQu\u00e9 es una red definida por software? El mercado se est\u00e1 moviendo hacia ... Read more\" \/>\n<meta property=\"og:url\" content=\"https:\/\/emea.technetix.com\/es\/nuestra-vision\/redes-definidas-por-software\/\" \/>\n<meta property=\"og:site_name\" content=\"Technetix EMEA\" \/>\n<meta property=\"article:modified_time\" content=\"2024-02-08T10:20:25+00:00\" \/>\n<meta property=\"og:image\" content=\"https:\/\/emea.technetix.com\/wp-content\/uploads\/sites\/2\/2023\/04\/SOLUTIONS_LARGE_SDN_ES_FINAL_1.jpeg\" \/>\n\t<meta property=\"og:image:width\" content=\"1920\" \/>\n\t<meta property=\"og:image:height\" content=\"450\" \/>\n\t<meta property=\"og:image:type\" content=\"image\/jpeg\" \/>\n<meta name=\"twitter:card\" content=\"summary_large_image\" \/>\n<meta name=\"twitter:site\" content=\"@technetixgroup\" \/>\n<meta name=\"twitter:label1\" content=\"Tiempo de lectura\" \/>\n\t<meta name=\"twitter:data1\" content=\"2 minutos\" \/>\n<script type=\"application\/ld+json\" class=\"yoast-schema-graph\">{\"@context\":\"https:\\\/\\\/schema.org\",\"@graph\":[{\"@type\":\"WebPage\",\"@id\":\"https:\\\/\\\/emea.technetix.com\\\/es\\\/nuestra-vision\\\/redes-definidas-por-software\\\/\",\"url\":\"https:\\\/\\\/emea.technetix.com\\\/es\\\/nuestra-vision\\\/redes-definidas-por-software\\\/\",\"name\":\"\u200eRedes definidas por software\u200e - Technetix EMEA\",\"isPartOf\":{\"@id\":\"https:\\\/\\\/emea.technetix.com\\\/es\\\/#website\"},\"primaryImageOfPage\":{\"@id\":\"https:\\\/\\\/emea.technetix.com\\\/es\\\/nuestra-vision\\\/redes-definidas-por-software\\\/#primaryimage\"},\"image\":{\"@id\":\"https:\\\/\\\/emea.technetix.com\\\/es\\\/nuestra-vision\\\/redes-definidas-por-software\\\/#primaryimage\"},\"thumbnailUrl\":\"https:\\\/\\\/emea.technetix.com\\\/wp-content\\\/uploads\\\/sites\\\/2\\\/2023\\\/04\\\/SOLUTIONS_LARGE_SDN_ES_FINAL_1.jpeg\",\"datePublished\":\"2023-01-20T17:20:32+00:00\",\"dateModified\":\"2024-02-08T10:20:25+00:00\",\"breadcrumb\":{\"@id\":\"https:\\\/\\\/emea.technetix.com\\\/es\\\/nuestra-vision\\\/redes-definidas-por-software\\\/#breadcrumb\"},\"inLanguage\":\"es\",\"potentialAction\":[{\"@type\":\"ReadAction\",\"target\":[\"https:\\\/\\\/emea.technetix.com\\\/es\\\/nuestra-vision\\\/redes-definidas-por-software\\\/\"]}]},{\"@type\":\"ImageObject\",\"inLanguage\":\"es\",\"@id\":\"https:\\\/\\\/emea.technetix.com\\\/es\\\/nuestra-vision\\\/redes-definidas-por-software\\\/#primaryimage\",\"url\":\"https:\\\/\\\/emea.technetix.com\\\/wp-content\\\/uploads\\\/sites\\\/2\\\/2023\\\/04\\\/SOLUTIONS_LARGE_SDN_ES_FINAL_1.jpeg\",\"contentUrl\":\"https:\\\/\\\/emea.technetix.com\\\/wp-content\\\/uploads\\\/sites\\\/2\\\/2023\\\/04\\\/SOLUTIONS_LARGE_SDN_ES_FINAL_1.jpeg\",\"width\":1920,\"height\":450,\"caption\":\"Redes definidas por software\"},{\"@type\":\"BreadcrumbList\",\"@id\":\"https:\\\/\\\/emea.technetix.com\\\/es\\\/nuestra-vision\\\/redes-definidas-por-software\\\/#breadcrumb\",\"itemListElement\":[{\"@type\":\"ListItem\",\"position\":1,\"name\":\"Home\",\"item\":\"https:\\\/\\\/emea.technetix.com\\\/es\\\/\"},{\"@type\":\"ListItem\",\"position\":2,\"name\":\"Nuestra visi\u00f3n\",\"item\":\"https:\\\/\\\/emea.technetix.com\\\/es\\\/nuestra-vision\\\/\"},{\"@type\":\"ListItem\",\"position\":3,\"name\":\"\u200eRedes definidas por software\u200e\"}]},{\"@type\":\"WebSite\",\"@id\":\"https:\\\/\\\/emea.technetix.com\\\/es\\\/#website\",\"url\":\"https:\\\/\\\/emea.technetix.com\\\/es\\\/\",\"name\":\"Technetix\",\"description\":\"Next-generation broadband equipment engineering\",\"publisher\":{\"@id\":\"https:\\\/\\\/emea.technetix.com\\\/es\\\/#organization\"},\"potentialAction\":[{\"@type\":\"SearchAction\",\"target\":{\"@type\":\"EntryPoint\",\"urlTemplate\":\"https:\\\/\\\/emea.technetix.com\\\/es\\\/?s={search_term_string}\"},\"query-input\":{\"@type\":\"PropertyValueSpecification\",\"valueRequired\":true,\"valueName\":\"search_term_string\"}}],\"inLanguage\":\"es\"},{\"@type\":\"Organization\",\"@id\":\"https:\\\/\\\/emea.technetix.com\\\/es\\\/#organization\",\"name\":\"Technetix\",\"url\":\"https:\\\/\\\/emea.technetix.com\\\/es\\\/\",\"logo\":{\"@type\":\"ImageObject\",\"inLanguage\":\"es\",\"@id\":\"https:\\\/\\\/emea.technetix.com\\\/es\\\/#\\\/schema\\\/logo\\\/image\\\/\",\"url\":\"https:\\\/\\\/emea.technetix.com\\\/wp-content\\\/uploads\\\/sites\\\/2\\\/2023\\\/06\\\/logo-Technetix-1000x1000-1.png\",\"contentUrl\":\"https:\\\/\\\/emea.technetix.com\\\/wp-content\\\/uploads\\\/sites\\\/2\\\/2023\\\/06\\\/logo-Technetix-1000x1000-1.png\",\"width\":1000,\"height\":1000,\"caption\":\"Technetix\"},\"image\":{\"@id\":\"https:\\\/\\\/emea.technetix.com\\\/es\\\/#\\\/schema\\\/logo\\\/image\\\/\"},\"sameAs\":[\"https:\\\/\\\/x.com\\\/technetixgroup\",\"https:\\\/\\\/www.linkedin.com\\\/company\\\/technetix\\\/\",\"https:\\\/\\\/www.youtube.com\\\/c\\\/Technetix-group\"]}]}<\/script>\n<!-- \/ Yoast SEO Premium plugin. -->","yoast_head_json":{"title":"\u200eRedes definidas por software\u200e - Technetix EMEA","robots":{"index":"index","follow":"follow","max-snippet":"max-snippet:-1","max-image-preview":"max-image-preview:large","max-video-preview":"max-video-preview:-1"},"canonical":"https:\/\/emea.technetix.com\/es\/nuestra-vision\/redes-definidas-por-software\/","og_locale":"es_ES","og_type":"article","og_title":"\u200eRedes definidas por software\u200e - Technetix EMEA","og_description":"\u200eRedes definidas por software\u200e Redes sin limitaciones Hist\u00f3ricamente, los MSO envian a un ingeniero a la ubicaci\u00f3n de los elementos activos en una red para cambiar la configuraci\u00f3n del equipo. La introducci\u00f3n de redes definidas por software ha mejorado las redes con: \u00bfQu\u00e9 es una red definida por software? El mercado se est\u00e1 moviendo hacia ... Read more","og_url":"https:\/\/emea.technetix.com\/es\/nuestra-vision\/redes-definidas-por-software\/","og_site_name":"Technetix EMEA","article_modified_time":"2024-02-08T10:20:25+00:00","og_image":[{"width":1920,"height":450,"url":"https:\/\/emea.technetix.com\/wp-content\/uploads\/sites\/2\/2023\/04\/SOLUTIONS_LARGE_SDN_ES_FINAL_1.jpeg","type":"image\/jpeg"}],"twitter_card":"summary_large_image","twitter_site":"@technetixgroup","twitter_misc":{"Tiempo de lectura":"2 minutos"},"schema":{"@context":"https:\/\/schema.org","@graph":[{"@type":"WebPage","@id":"https:\/\/emea.technetix.com\/es\/nuestra-vision\/redes-definidas-por-software\/","url":"https:\/\/emea.technetix.com\/es\/nuestra-vision\/redes-definidas-por-software\/","name":"\u200eRedes definidas por software\u200e - Technetix EMEA","isPartOf":{"@id":"https:\/\/emea.technetix.com\/es\/#website"},"primaryImageOfPage":{"@id":"https:\/\/emea.technetix.com\/es\/nuestra-vision\/redes-definidas-por-software\/#primaryimage"},"image":{"@id":"https:\/\/emea.technetix.com\/es\/nuestra-vision\/redes-definidas-por-software\/#primaryimage"},"thumbnailUrl":"https:\/\/emea.technetix.com\/wp-content\/uploads\/sites\/2\/2023\/04\/SOLUTIONS_LARGE_SDN_ES_FINAL_1.jpeg","datePublished":"2023-01-20T17:20:32+00:00","dateModified":"2024-02-08T10:20:25+00:00","breadcrumb":{"@id":"https:\/\/emea.technetix.com\/es\/nuestra-vision\/redes-definidas-por-software\/#breadcrumb"},"inLanguage":"es","potentialAction":[{"@type":"ReadAction","target":["https:\/\/emea.technetix.com\/es\/nuestra-vision\/redes-definidas-por-software\/"]}]},{"@type":"ImageObject","inLanguage":"es","@id":"https:\/\/emea.technetix.com\/es\/nuestra-vision\/redes-definidas-por-software\/#primaryimage","url":"https:\/\/emea.technetix.com\/wp-content\/uploads\/sites\/2\/2023\/04\/SOLUTIONS_LARGE_SDN_ES_FINAL_1.jpeg","contentUrl":"https:\/\/emea.technetix.com\/wp-content\/uploads\/sites\/2\/2023\/04\/SOLUTIONS_LARGE_SDN_ES_FINAL_1.jpeg","width":1920,"height":450,"caption":"Redes definidas por software"},{"@type":"BreadcrumbList","@id":"https:\/\/emea.technetix.com\/es\/nuestra-vision\/redes-definidas-por-software\/#breadcrumb","itemListElement":[{"@type":"ListItem","position":1,"name":"Home","item":"https:\/\/emea.technetix.com\/es\/"},{"@type":"ListItem","position":2,"name":"Nuestra visi\u00f3n","item":"https:\/\/emea.technetix.com\/es\/nuestra-vision\/"},{"@type":"ListItem","position":3,"name":"\u200eRedes definidas por software\u200e"}]},{"@type":"WebSite","@id":"https:\/\/emea.technetix.com\/es\/#website","url":"https:\/\/emea.technetix.com\/es\/","name":"Technetix","description":"Next-generation broadband equipment engineering","publisher":{"@id":"https:\/\/emea.technetix.com\/es\/#organization"},"potentialAction":[{"@type":"SearchAction","target":{"@type":"EntryPoint","urlTemplate":"https:\/\/emea.technetix.com\/es\/?s={search_term_string}"},"query-input":{"@type":"PropertyValueSpecification","valueRequired":true,"valueName":"search_term_string"}}],"inLanguage":"es"},{"@type":"Organization","@id":"https:\/\/emea.technetix.com\/es\/#organization","name":"Technetix","url":"https:\/\/emea.technetix.com\/es\/","logo":{"@type":"ImageObject","inLanguage":"es","@id":"https:\/\/emea.technetix.com\/es\/#\/schema\/logo\/image\/","url":"https:\/\/emea.technetix.com\/wp-content\/uploads\/sites\/2\/2023\/06\/logo-Technetix-1000x1000-1.png","contentUrl":"https:\/\/emea.technetix.com\/wp-content\/uploads\/sites\/2\/2023\/06\/logo-Technetix-1000x1000-1.png","width":1000,"height":1000,"caption":"Technetix"},"image":{"@id":"https:\/\/emea.technetix.com\/es\/#\/schema\/logo\/image\/"},"sameAs":["https:\/\/x.com\/technetixgroup","https:\/\/www.linkedin.com\/company\/technetix\/","https:\/\/www.youtube.com\/c\/Technetix-group"]}]}},"acf":[],"publishpress_future_workflow_manual_trigger":{"enabledWorkflows":[]},"_links":{"self":[{"href":"https:\/\/emea.technetix.com\/es\/wp-json\/wp\/v2\/pages\/13782","targetHints":{"allow":["GET"]}}],"collection":[{"href":"https:\/\/emea.technetix.com\/es\/wp-json\/wp\/v2\/pages"}],"about":[{"href":"https:\/\/emea.technetix.com\/es\/wp-json\/wp\/v2\/types\/page"}],"author":[{"embeddable":true,"href":"https:\/\/emea.technetix.com\/es\/wp-json\/wp\/v2\/users\/1"}],"replies":[{"embeddable":true,"href":"https:\/\/emea.technetix.com\/es\/wp-json\/wp\/v2\/comments?post=13782"}],"version-history":[{"count":0,"href":"https:\/\/emea.technetix.com\/es\/wp-json\/wp\/v2\/pages\/13782\/revisions"}],"up":[{"embeddable":true,"href":"https:\/\/emea.technetix.com\/es\/wp-json\/wp\/v2\/pages\/7340"}],"wp:featuredmedia":[{"embeddable":true,"href":"https:\/\/emea.technetix.com\/es\/wp-json\/wp\/v2\/media\/13784"}],"wp:attachment":[{"href":"https:\/\/emea.technetix.com\/es\/wp-json\/wp\/v2\/media?parent=13782"}],"curies":[{"name":"wp","href":"https:\/\/api.w.org\/{rel}","templated":true}]}}