{"id":7301,"date":"2023-04-11T17:52:55","date_gmt":"2023-04-11T17:52:55","guid":{"rendered":"https:\/\/emea.technetix.com\/core-serie\/"},"modified":"2024-02-08T10:32:48","modified_gmt":"2024-02-08T10:32:48","slug":"core-serie","status":"publish","type":"page","link":"https:\/\/emea.technetix.com\/de\/hfc-netzwerke\/passive-komponenten-fur-den-inneneinsatz\/core-serie\/","title":{"rendered":"Die 1,8 GHz Core-Serie"},"content":{"rendered":"<div class=\"gb-container gb-container-f86f3f4f gb-container-hero-banner\"><div class=\"gb-inside-container\">\n<h1 class=\"gb-headline gb-headline-e1547755 gb-headline-text gb-headline-hero-banner-title\">Die 1,8 GHz Core-Serie<\/h1>\n<\/div><\/div>\n\n<div class=\"gb-container gb-container-2848dbe4 gb-container-inner-back-page-con\">\n\n<h2 class=\"gb-headline gb-headline-d02c52e4 gb-headline-text\">Die Core Serie 1,8 GHz ist die branchenweit beste Serie seiner Klasse zukunftssicherer Splitter und Taps von Technetix.<\/h2>\n\n\n\n<p class=\"gb-headline gb-headline-6656b5c3 gb-headline-text\">Hauptmerkmale:<\/p>\n\n\n\n<p class=\"gb-headline gb-headline-05c08209 gb-headline-text\">1. Klasse A++ ECM-Leistung (&gt;105 dB bei 1 GHz)<\/p>\n\n\n\n<p class=\"gb-headline gb-headline-8ae16e73 gb-headline-text\">Bietet hervorragenden Schutz gegen Einstrahlungen der st\u00e4ndig zunehmende 4G\/5G-Signale.<\/p>\n\n\n\n<p class=\"gb-headline gb-headline-db71ec52 gb-headline-text\">2. Intermodulationsleistung von -115 dBc nach 1 kV Spitzen an allen Ports<\/p>\n\n\n\n<p class=\"gb-headline gb-headline-df637b88 gb-headline-text\">Interferenzen von Upstream-Signalen in Downstream-Signale sind ein zunehmendes Problem, sobald man sich in h\u00f6here Bandsplits bewegt. Die Core-Serie hat die beste Intermodulationsleistung nach \u00dcberspannungen, die auf dem Markt erh\u00e4ltlich ist. <\/p>\n\n\n\n<p class=\"gb-headline gb-headline-a85318c8 gb-headline-text\">3. White bronze plating<\/p>\n\n\n\n<p class=\"gb-headline gb-headline-aa67841d gb-headline-text\">Eine White Bronze Beschichtung (anstelle von Zinn Nickel) eignet sich deutlich besser zum Verl\u00f6ten der hinteren Abdeckungen, was der Schl\u00fcssel f\u00fcr eine hervorragende EMV-Performance ist. Zus\u00e4tzlich verh\u00e4lt sich White Bronze farbneutral bei der Aufbringung auf Zink. <\/p>\n\n\n\n<p class=\"gb-headline gb-headline-73ce2b9a gb-headline-text\">4. \u00dcberlegener F-Anschluss<\/p>\n\n\n\n<p>Diese Core Serie verf\u00fcgt \u00fcber ein 1,8-GHz-Stecker-Verbindungsdesign mit stark verbesserter Haltekraft, um die Performance langfristig zu garantieren und Service Eins\u00e4tze zu reduzieren.<\/p>\n\n\n\n<ul class=\"wp-block-list\">\n<li>Nach zirkulierenden Innenleitern (0,7 &#8211; 1,2 &#8211; 0,7 &#8211; 1,2 &#8211; 0,7 mm) betr\u00e4gt die 0,7-Pin-Auszugskraft &gt;115 Gramm<\/li>\n\n\n\n<li>Innenkontakt mit BeCu silver Beschichtung<\/li>\n\n\n\n<li>Variable Aufnahme von Innenleitern mit 0,64 \u2013 1,30 mm Durchmesser<\/li>\n<\/ul>\n\n\n\n<p class=\"gb-headline gb-headline-09757075 gb-headline-text\">5. Modem Safe<sup>TM<\/sup><\/p>\n\n\n\n<p class=\"gb-headline gb-headline-0adde0c0 gb-headline-text\">Modem Safe bietet den hochwirksamen \u00dcberspannungsschutz gegen Hoch- und Niederspannungsimpulse an allen Ports. Sch\u00fctzt Ihre CPE-Ausr\u00fcstung vor Spannungsimpulsen aus dem Zugangsnetz und sch\u00fctzt das Zugangsnetz vor Impulsen aus der NE4.  Modem Safe verhindert, dass interne Ferrite magnetisiert werden, wodurch das Problem passiver Intermodulationen (PIM) vermieden wird. Diese Technologie verhindert kostspielige Eins\u00e4tze zur Behebung von St\u00f6rungen in der NE4. <\/p>\n\n\n\n<p class=\"gb-headline gb-headline-b8e3a3d0 gb-headline-text\">Datenbl\u00e4tter (auf Englisch):<\/p>\n\n\n\n<ul class=\"wp-block-list\">\n<li><a href=\"https:\/\/emea.technetix.com\/wp-content\/uploads\/sites\/2\/2023\/04\/PP0191_CSZ-xx_DS_EN.pdf\" target=\"_blank\" rel=\"noreferrer noopener\">Technetix Core series inline splitters 1.8 GHz<\/a><\/li>\n\n\n\n<li><a href=\"https:\/\/emea.technetix.com\/wp-content\/uploads\/sites\/2\/2023\/04\/PP0195_CTZ-1-xx_DS_EN.pdf\" target=\"_blank\" rel=\"noreferrer noopener\">Technetix Core series inline 1-way taps 1.8 GHz<\/a><\/li>\n\n\n\n<li><a href=\"https:\/\/emea.technetix.com\/wp-content\/uploads\/sites\/2\/2023\/04\/PP0175_CTZ-2-xx_DS_EN.pdf\" target=\"_blank\" rel=\"noreferrer noopener\">Technetix Core series inline 2-way taps 1.8 GHz<\/a><\/li>\n\n\n\n<li><a href=\"https:\/\/emea.technetix.com\/wp-content\/uploads\/sites\/2\/2023\/04\/PP0176_CTZ-3-xx_DS_EN.pdf\" target=\"_blank\" rel=\"noreferrer noopener\">Technetix Core series inline 3-way taps 1.8 GHz<\/a><\/li>\n\n\n\n<li><a href=\"https:\/\/emea.technetix.com\/wp-content\/uploads\/sites\/2\/2023\/04\/PP0177_CTZ-4-xx_DS_EN.pdf\" target=\"_blank\" rel=\"noreferrer noopener\">Technetix Core series inline 4-way taps 1.8 GHz<\/a><\/li>\n\n\n\n<li><a href=\"https:\/\/emea.technetix.com\/wp-content\/uploads\/sites\/2\/2023\/04\/PP0178_CTZ-8-xx_DS_EN.pdf\" target=\"_blank\" rel=\"noreferrer noopener\">Technetix Core series inline 8-way taps 1.8 GHz<\/a><\/li>\n\n\n\n<li><a href=\"https:\/\/emea.technetix.com\/wp-content\/uploads\/sites\/2\/2023\/04\/PP0190_CSTZ-xx_DS_EN.pdf\" target=\"_blank\" rel=\"noreferrer noopener\">Technetix Core series topless splitters 1.8 GHz<\/a><\/li>\n\n\n\n<li><a href=\"https:\/\/emea.technetix.com\/wp-content\/uploads\/sites\/2\/2023\/04\/PP0192_CTTZ-1-xx_DS_EN.pdf\" target=\"_blank\" rel=\"noreferrer noopener\">Technetix Core series topless 1-way taps 1.8 GHz<\/a><\/li>\n\n\n\n<li><a href=\"https:\/\/emea.technetix.com\/wp-content\/uploads\/sites\/2\/2023\/04\/PP0174_CTTZ-2-xx_DS_EN.pdf\" target=\"_blank\" rel=\"noreferrer noopener\">Technetix Core series topless 2-way taps 1.8 GHz<\/a><\/li>\n\n\n\n<li><a href=\"https:\/\/emea.technetix.com\/wp-content\/uploads\/sites\/2\/2023\/04\/PP0197_CTTZ-3-xx_DS_EN.pdf\" target=\"_blank\" rel=\"noreferrer noopener\">Technetix Core series topless 3-way taps 1.8 GHz<\/a><\/li>\n\n\n\n<li><a href=\"https:\/\/emea.technetix.com\/wp-content\/uploads\/sites\/2\/2023\/04\/PP0196_CTTZ-4-xx_DS_EN.pdf\" target=\"_blank\" rel=\"noreferrer noopener\">Technetix Core series topless 4-way taps 1.8 GHz<\/a><\/li>\n\n\n\n<li><a href=\"https:\/\/emea.technetix.com\/wp-content\/uploads\/sites\/2\/2023\/04\/19014156_CTTZ-6-14T_DS_EN.pdf\" target=\"_blank\" rel=\"noreferrer noopener\">Technetix Core series topless 6-way tap 1.8 GHz<\/a><\/li>\n\n\n\n<li><a href=\"https:\/\/emea.technetix.com\/wp-content\/uploads\/sites\/2\/2023\/04\/19014157_CTTZ-8-15T_DS_EN.pdf\" target=\"_blank\" rel=\"noreferrer noopener\">Technetix Core series topless 8-way tap 1.8 GHz<\/a><\/li>\n\n\n\n<li><a href=\"https:\/\/emea.technetix.com\/wp-content\/uploads\/sites\/2\/2023\/04\/19014656_CTVZ-6-16-21_DS_EN.pdf\" target=\"_blank\" rel=\"noreferrer noopener\">Technetix Core series vertical graded multitap 6-way 1.8 GHz<\/a><\/li>\n\n\n\n<li><a href=\"https:\/\/emea.technetix.com\/wp-content\/uploads\/sites\/2\/2023\/04\/19014657_CTVZ-8-16-23_DS_EN.pdf\" target=\"_blank\" rel=\"noreferrer noopener\">Technetix Core series vertical graded multitap 8-way 1.8 GHz<\/a><\/li>\n<\/ul>\n\n<\/div>\n\n<div class=\"gb-container gb-container-dbeed0b8 gb-container-con-buttons-bottom\">\n\n<h2 class=\"gb-headline gb-headline-7ce6fa4b gb-headline-text gb-headline-head-bottom-buttons\">N\u00fctzliche Links<\/h2>\n\n\n<div class=\"gb-button-wrapper gb-button-wrapper-5300c273 gb-button-wrapper-after-con-buttons\">\n\n<a class=\"gb-button gb-button-3eadfa91 gb-button-text gb-button-bottom-button\" href=\"https:\/\/emea.technetix.com\/de\/produkte\/breitband-technologie\/einbau-abzweiger-und-verteiler\/?swoof=1&amp;pa_style-sub-brand=core-series&amp;really_curr_tax=648-product_cat\">Durchsuchen<\/a>\n\n\n\n<a class=\"gb-button gb-button-74bfad52 gb-button-text gb-button-bottom-button\" href=\"https:\/\/emea.technetix.com\/de\/kontakt\/\">Kontakt<\/a>\n\n<\/div>\n<\/div>","protected":false},"excerpt":{"rendered":"<p>Die 1,8 GHz Core-Serie Die Core Serie 1,8 GHz ist die branchenweit beste Serie seiner Klasse zukunftssicherer Splitter und Taps von Technetix. Hauptmerkmale: 1. Klasse A++ ECM-Leistung (&gt;105 dB bei 1 GHz) Bietet hervorragenden Schutz gegen Einstrahlungen der st\u00e4ndig zunehmende 4G\/5G-Signale. 2. Intermodulationsleistung von -115 dBc nach 1 kV Spitzen an allen Ports Interferenzen von &#8230; <a title=\"Die 1,8 GHz Core-Serie\" class=\"read-more\" href=\"https:\/\/emea.technetix.com\/de\/hfc-netzwerke\/passive-komponenten-fur-den-inneneinsatz\/core-serie\/\" aria-label=\"Mehr Informationen \u00fcber Die 1,8 GHz Core-Serie\">Read more<\/a><\/p>\n","protected":false},"author":1,"featured_media":7243,"parent":6190,"menu_order":0,"comment_status":"closed","ping_status":"closed","template":"","meta":{"_acf_changed":false,"_gspb_post_css":"","footnotes":""},"class_list":["post-7301","page","type-page","status-publish","has-post-thumbnail"],"yoast_head":"<!-- This site is optimized with the Yoast SEO Premium plugin v22.5 (Yoast SEO v27.3) - https:\/\/yoast.com\/product\/yoast-seo-premium-wordpress\/ -->\n<title>Die 1,8 GHz Core-Serie - Technetix EMEA<\/title>\n<meta name=\"robots\" content=\"index, follow, max-snippet:-1, max-image-preview:large, max-video-preview:-1\" \/>\n<link rel=\"canonical\" href=\"https:\/\/emea.technetix.com\/de\/hfc-netzwerke\/passive-komponenten-fur-den-inneneinsatz\/core-serie\/\" \/>\n<meta property=\"og:locale\" content=\"de_DE\" \/>\n<meta property=\"og:type\" content=\"article\" \/>\n<meta property=\"og:title\" content=\"Die 1,8 GHz Core-Serie - Technetix EMEA\" \/>\n<meta property=\"og:description\" content=\"Die 1,8 GHz Core-Serie Die Core Serie 1,8 GHz ist die branchenweit beste Serie seiner Klasse zukunftssicherer Splitter und Taps von Technetix. Hauptmerkmale: 1. Klasse A++ ECM-Leistung (&gt;105 dB bei 1 GHz) Bietet hervorragenden Schutz gegen Einstrahlungen der st\u00e4ndig zunehmende 4G\/5G-Signale. 2. Intermodulationsleistung von -115 dBc nach 1 kV Spitzen an allen Ports Interferenzen von ... Read more\" \/>\n<meta property=\"og:url\" content=\"https:\/\/emea.technetix.com\/de\/hfc-netzwerke\/passive-komponenten-fur-den-inneneinsatz\/core-serie\/\" \/>\n<meta property=\"og:site_name\" content=\"Technetix EMEA\" \/>\n<meta property=\"article:modified_time\" content=\"2024-02-08T10:32:48+00:00\" \/>\n<meta property=\"og:image\" content=\"https:\/\/emea.technetix.com\/wp-content\/uploads\/sites\/2\/2023\/04\/LANDING_PAGE_LARGE_INDOOR_PASSIVES_FINAL.jpeg\" \/>\n\t<meta property=\"og:image:width\" content=\"1920\" \/>\n\t<meta property=\"og:image:height\" content=\"450\" \/>\n\t<meta property=\"og:image:type\" content=\"image\/jpeg\" \/>\n<meta name=\"twitter:card\" content=\"summary_large_image\" \/>\n<meta name=\"twitter:site\" content=\"@technetixgroup\" \/>\n<meta name=\"twitter:label1\" content=\"Gesch\u00e4tzte Lesezeit\" \/>\n\t<meta name=\"twitter:data1\" content=\"2\u00a0Minuten\" \/>\n<script type=\"application\/ld+json\" class=\"yoast-schema-graph\">{\"@context\":\"https:\\\/\\\/schema.org\",\"@graph\":[{\"@type\":\"WebPage\",\"@id\":\"https:\\\/\\\/emea.technetix.com\\\/de\\\/hfc-netzwerke\\\/passive-komponenten-fur-den-inneneinsatz\\\/core-serie\\\/\",\"url\":\"https:\\\/\\\/emea.technetix.com\\\/de\\\/hfc-netzwerke\\\/passive-komponenten-fur-den-inneneinsatz\\\/core-serie\\\/\",\"name\":\"Die 1,8 GHz Core-Serie - Technetix EMEA\",\"isPartOf\":{\"@id\":\"https:\\\/\\\/emea.technetix.com\\\/de\\\/#website\"},\"primaryImageOfPage\":{\"@id\":\"https:\\\/\\\/emea.technetix.com\\\/de\\\/hfc-netzwerke\\\/passive-komponenten-fur-den-inneneinsatz\\\/core-serie\\\/#primaryimage\"},\"image\":{\"@id\":\"https:\\\/\\\/emea.technetix.com\\\/de\\\/hfc-netzwerke\\\/passive-komponenten-fur-den-inneneinsatz\\\/core-serie\\\/#primaryimage\"},\"thumbnailUrl\":\"https:\\\/\\\/emea.technetix.com\\\/wp-content\\\/uploads\\\/sites\\\/2\\\/2023\\\/04\\\/LANDING_PAGE_LARGE_INDOOR_PASSIVES_FINAL.jpeg\",\"datePublished\":\"2023-04-11T17:52:55+00:00\",\"dateModified\":\"2024-02-08T10:32:48+00:00\",\"breadcrumb\":{\"@id\":\"https:\\\/\\\/emea.technetix.com\\\/de\\\/hfc-netzwerke\\\/passive-komponenten-fur-den-inneneinsatz\\\/core-serie\\\/#breadcrumb\"},\"inLanguage\":\"de\",\"potentialAction\":[{\"@type\":\"ReadAction\",\"target\":[\"https:\\\/\\\/emea.technetix.com\\\/de\\\/hfc-netzwerke\\\/passive-komponenten-fur-den-inneneinsatz\\\/core-serie\\\/\"]}]},{\"@type\":\"ImageObject\",\"inLanguage\":\"de\",\"@id\":\"https:\\\/\\\/emea.technetix.com\\\/de\\\/hfc-netzwerke\\\/passive-komponenten-fur-den-inneneinsatz\\\/core-serie\\\/#primaryimage\",\"url\":\"https:\\\/\\\/emea.technetix.com\\\/wp-content\\\/uploads\\\/sites\\\/2\\\/2023\\\/04\\\/LANDING_PAGE_LARGE_INDOOR_PASSIVES_FINAL.jpeg\",\"contentUrl\":\"https:\\\/\\\/emea.technetix.com\\\/wp-content\\\/uploads\\\/sites\\\/2\\\/2023\\\/04\\\/LANDING_PAGE_LARGE_INDOOR_PASSIVES_FINAL.jpeg\",\"width\":1920,\"height\":450,\"caption\":\"Die 1,8 GHz Core-Serie\"},{\"@type\":\"BreadcrumbList\",\"@id\":\"https:\\\/\\\/emea.technetix.com\\\/de\\\/hfc-netzwerke\\\/passive-komponenten-fur-den-inneneinsatz\\\/core-serie\\\/#breadcrumb\",\"itemListElement\":[{\"@type\":\"ListItem\",\"position\":1,\"name\":\"Home\",\"item\":\"https:\\\/\\\/emea.technetix.com\\\/de\\\/\"},{\"@type\":\"ListItem\",\"position\":2,\"name\":\"Breitband Kabel\",\"item\":\"https:\\\/\\\/emea.technetix.com\\\/de\\\/hfc-netzwerke\\\/\"},{\"@type\":\"ListItem\",\"position\":3,\"name\":\"Passive Komponenten f\u00fcr den Inneneinsatz\",\"item\":\"https:\\\/\\\/emea.technetix.com\\\/de\\\/hfc-netzwerke\\\/passive-komponenten-fur-den-inneneinsatz\\\/\"},{\"@type\":\"ListItem\",\"position\":4,\"name\":\"Die 1,8 GHz Core-Serie\"}]},{\"@type\":\"WebSite\",\"@id\":\"https:\\\/\\\/emea.technetix.com\\\/de\\\/#website\",\"url\":\"https:\\\/\\\/emea.technetix.com\\\/de\\\/\",\"name\":\"Technetix\",\"description\":\"Next-generation broadband equipment engineering\",\"publisher\":{\"@id\":\"https:\\\/\\\/emea.technetix.com\\\/de\\\/#organization\"},\"potentialAction\":[{\"@type\":\"SearchAction\",\"target\":{\"@type\":\"EntryPoint\",\"urlTemplate\":\"https:\\\/\\\/emea.technetix.com\\\/de\\\/?s={search_term_string}\"},\"query-input\":{\"@type\":\"PropertyValueSpecification\",\"valueRequired\":true,\"valueName\":\"search_term_string\"}}],\"inLanguage\":\"de\"},{\"@type\":\"Organization\",\"@id\":\"https:\\\/\\\/emea.technetix.com\\\/de\\\/#organization\",\"name\":\"Technetix\",\"url\":\"https:\\\/\\\/emea.technetix.com\\\/de\\\/\",\"logo\":{\"@type\":\"ImageObject\",\"inLanguage\":\"de\",\"@id\":\"https:\\\/\\\/emea.technetix.com\\\/de\\\/#\\\/schema\\\/logo\\\/image\\\/\",\"url\":\"https:\\\/\\\/emea.technetix.com\\\/wp-content\\\/uploads\\\/sites\\\/2\\\/2023\\\/06\\\/logo-Technetix-1000x1000-1.png\",\"contentUrl\":\"https:\\\/\\\/emea.technetix.com\\\/wp-content\\\/uploads\\\/sites\\\/2\\\/2023\\\/06\\\/logo-Technetix-1000x1000-1.png\",\"width\":1000,\"height\":1000,\"caption\":\"Technetix\"},\"image\":{\"@id\":\"https:\\\/\\\/emea.technetix.com\\\/de\\\/#\\\/schema\\\/logo\\\/image\\\/\"},\"sameAs\":[\"https:\\\/\\\/x.com\\\/technetixgroup\",\"https:\\\/\\\/www.linkedin.com\\\/company\\\/technetix\\\/\",\"https:\\\/\\\/www.youtube.com\\\/c\\\/Technetix-group\"]}]}<\/script>\n<!-- \/ Yoast SEO Premium plugin. -->","yoast_head_json":{"title":"Die 1,8 GHz Core-Serie - Technetix EMEA","robots":{"index":"index","follow":"follow","max-snippet":"max-snippet:-1","max-image-preview":"max-image-preview:large","max-video-preview":"max-video-preview:-1"},"canonical":"https:\/\/emea.technetix.com\/de\/hfc-netzwerke\/passive-komponenten-fur-den-inneneinsatz\/core-serie\/","og_locale":"de_DE","og_type":"article","og_title":"Die 1,8 GHz Core-Serie - Technetix EMEA","og_description":"Die 1,8 GHz Core-Serie Die Core Serie 1,8 GHz ist die branchenweit beste Serie seiner Klasse zukunftssicherer Splitter und Taps von Technetix. Hauptmerkmale: 1. Klasse A++ ECM-Leistung (&gt;105 dB bei 1 GHz) Bietet hervorragenden Schutz gegen Einstrahlungen der st\u00e4ndig zunehmende 4G\/5G-Signale. 2. Intermodulationsleistung von -115 dBc nach 1 kV Spitzen an allen Ports Interferenzen von ... Read more","og_url":"https:\/\/emea.technetix.com\/de\/hfc-netzwerke\/passive-komponenten-fur-den-inneneinsatz\/core-serie\/","og_site_name":"Technetix EMEA","article_modified_time":"2024-02-08T10:32:48+00:00","og_image":[{"width":1920,"height":450,"url":"https:\/\/emea.technetix.com\/wp-content\/uploads\/sites\/2\/2023\/04\/LANDING_PAGE_LARGE_INDOOR_PASSIVES_FINAL.jpeg","type":"image\/jpeg"}],"twitter_card":"summary_large_image","twitter_site":"@technetixgroup","twitter_misc":{"Gesch\u00e4tzte Lesezeit":"2\u00a0Minuten"},"schema":{"@context":"https:\/\/schema.org","@graph":[{"@type":"WebPage","@id":"https:\/\/emea.technetix.com\/de\/hfc-netzwerke\/passive-komponenten-fur-den-inneneinsatz\/core-serie\/","url":"https:\/\/emea.technetix.com\/de\/hfc-netzwerke\/passive-komponenten-fur-den-inneneinsatz\/core-serie\/","name":"Die 1,8 GHz Core-Serie - Technetix EMEA","isPartOf":{"@id":"https:\/\/emea.technetix.com\/de\/#website"},"primaryImageOfPage":{"@id":"https:\/\/emea.technetix.com\/de\/hfc-netzwerke\/passive-komponenten-fur-den-inneneinsatz\/core-serie\/#primaryimage"},"image":{"@id":"https:\/\/emea.technetix.com\/de\/hfc-netzwerke\/passive-komponenten-fur-den-inneneinsatz\/core-serie\/#primaryimage"},"thumbnailUrl":"https:\/\/emea.technetix.com\/wp-content\/uploads\/sites\/2\/2023\/04\/LANDING_PAGE_LARGE_INDOOR_PASSIVES_FINAL.jpeg","datePublished":"2023-04-11T17:52:55+00:00","dateModified":"2024-02-08T10:32:48+00:00","breadcrumb":{"@id":"https:\/\/emea.technetix.com\/de\/hfc-netzwerke\/passive-komponenten-fur-den-inneneinsatz\/core-serie\/#breadcrumb"},"inLanguage":"de","potentialAction":[{"@type":"ReadAction","target":["https:\/\/emea.technetix.com\/de\/hfc-netzwerke\/passive-komponenten-fur-den-inneneinsatz\/core-serie\/"]}]},{"@type":"ImageObject","inLanguage":"de","@id":"https:\/\/emea.technetix.com\/de\/hfc-netzwerke\/passive-komponenten-fur-den-inneneinsatz\/core-serie\/#primaryimage","url":"https:\/\/emea.technetix.com\/wp-content\/uploads\/sites\/2\/2023\/04\/LANDING_PAGE_LARGE_INDOOR_PASSIVES_FINAL.jpeg","contentUrl":"https:\/\/emea.technetix.com\/wp-content\/uploads\/sites\/2\/2023\/04\/LANDING_PAGE_LARGE_INDOOR_PASSIVES_FINAL.jpeg","width":1920,"height":450,"caption":"Die 1,8 GHz Core-Serie"},{"@type":"BreadcrumbList","@id":"https:\/\/emea.technetix.com\/de\/hfc-netzwerke\/passive-komponenten-fur-den-inneneinsatz\/core-serie\/#breadcrumb","itemListElement":[{"@type":"ListItem","position":1,"name":"Home","item":"https:\/\/emea.technetix.com\/de\/"},{"@type":"ListItem","position":2,"name":"Breitband Kabel","item":"https:\/\/emea.technetix.com\/de\/hfc-netzwerke\/"},{"@type":"ListItem","position":3,"name":"Passive Komponenten f\u00fcr den Inneneinsatz","item":"https:\/\/emea.technetix.com\/de\/hfc-netzwerke\/passive-komponenten-fur-den-inneneinsatz\/"},{"@type":"ListItem","position":4,"name":"Die 1,8 GHz Core-Serie"}]},{"@type":"WebSite","@id":"https:\/\/emea.technetix.com\/de\/#website","url":"https:\/\/emea.technetix.com\/de\/","name":"Technetix","description":"Next-generation broadband equipment engineering","publisher":{"@id":"https:\/\/emea.technetix.com\/de\/#organization"},"potentialAction":[{"@type":"SearchAction","target":{"@type":"EntryPoint","urlTemplate":"https:\/\/emea.technetix.com\/de\/?s={search_term_string}"},"query-input":{"@type":"PropertyValueSpecification","valueRequired":true,"valueName":"search_term_string"}}],"inLanguage":"de"},{"@type":"Organization","@id":"https:\/\/emea.technetix.com\/de\/#organization","name":"Technetix","url":"https:\/\/emea.technetix.com\/de\/","logo":{"@type":"ImageObject","inLanguage":"de","@id":"https:\/\/emea.technetix.com\/de\/#\/schema\/logo\/image\/","url":"https:\/\/emea.technetix.com\/wp-content\/uploads\/sites\/2\/2023\/06\/logo-Technetix-1000x1000-1.png","contentUrl":"https:\/\/emea.technetix.com\/wp-content\/uploads\/sites\/2\/2023\/06\/logo-Technetix-1000x1000-1.png","width":1000,"height":1000,"caption":"Technetix"},"image":{"@id":"https:\/\/emea.technetix.com\/de\/#\/schema\/logo\/image\/"},"sameAs":["https:\/\/x.com\/technetixgroup","https:\/\/www.linkedin.com\/company\/technetix\/","https:\/\/www.youtube.com\/c\/Technetix-group"]}]}},"acf":[],"publishpress_future_workflow_manual_trigger":{"enabledWorkflows":[]},"_links":{"self":[{"href":"https:\/\/emea.technetix.com\/de\/wp-json\/wp\/v2\/pages\/7301","targetHints":{"allow":["GET"]}}],"collection":[{"href":"https:\/\/emea.technetix.com\/de\/wp-json\/wp\/v2\/pages"}],"about":[{"href":"https:\/\/emea.technetix.com\/de\/wp-json\/wp\/v2\/types\/page"}],"author":[{"embeddable":true,"href":"https:\/\/emea.technetix.com\/de\/wp-json\/wp\/v2\/users\/1"}],"replies":[{"embeddable":true,"href":"https:\/\/emea.technetix.com\/de\/wp-json\/wp\/v2\/comments?post=7301"}],"version-history":[{"count":0,"href":"https:\/\/emea.technetix.com\/de\/wp-json\/wp\/v2\/pages\/7301\/revisions"}],"up":[{"embeddable":true,"href":"https:\/\/emea.technetix.com\/de\/wp-json\/wp\/v2\/pages\/6190"}],"wp:featuredmedia":[{"embeddable":true,"href":"https:\/\/emea.technetix.com\/de\/wp-json\/wp\/v2\/media\/7243"}],"wp:attachment":[{"href":"https:\/\/emea.technetix.com\/de\/wp-json\/wp\/v2\/media?parent=7301"}],"curies":[{"name":"wp","href":"https:\/\/api.w.org\/{rel}","templated":true}]}}