{"id":6417,"date":"2023-03-04T21:13:23","date_gmt":"2023-03-04T21:13:23","guid":{"rendered":"https:\/\/emea.technetix.com\/fttx-netzwerke\/hdoss-32\/"},"modified":"2025-06-03T11:39:12","modified_gmt":"2025-06-03T11:39:12","slug":"hdoss-32","status":"publish","type":"page","link":"https:\/\/emea.technetix.com\/de\/glasfasernetzwerk\/hdoss-32\/","title":{"rendered":"HDOSS-32"},"content":{"rendered":"<div class=\"gb-container gb-container-f86f3f4f\"><div class=\"gb-inside-container\">\n<h1 class=\"gb-headline gb-headline-e1547755 gb-headline-text\">HDOSS-32<\/h1>\n<\/div><\/div>\n\n<div class=\"gb-container gb-container-18c0750c gb-container-f2ce63f1\"><div class=\"gb-inside-container\">\n<div class=\"gb-container gb-container-ef0dd6de gb-container-back-page\"><div class=\"gb-inside-container\">\n\n<h2 class=\"gb-headline gb-headline-d02c52e4 gb-headline-text\">Maximieren Sie die Nutzung von OLT-Ports mit HDOSS<\/h2>\n\n\n\n<p class=\"gb-headline gb-headline-6656b5c3 gb-headline-text\">W\u00e4hrend Glasfaseranbieter Hochgeschwindigkeitsnetze ausbauen bleiben Faktoren wie optimale Leistung und Maximierung des Ertrags f\u00fcr alle PON-Zugangssysteme essentiell \u2212 insbesondere bei 10G PON, 25G PON und 50G PON. Technetix bietet nun mit dem HDOSS-32 (High Density Optical Splitter System) ein hochdichtes optisches Verteilersystem, das die Maximierung der optischen Netzwerkleistung in gro\u00dfen PON-Installationen unterst\u00fctzt und die Installation und Wartung in umfangreichen PON-Szenarien vereinfacht \u2013 vor allen Dingen in hochdichten st\u00e4dtischen FTTH\/P-Szenarien. <\/p>\n\n\n\n<div style=\"height:30px\" aria-hidden=\"true\" class=\"wp-block-spacer\"><\/div>\n\n\n\n<figure class=\"wp-block-embed is-type-video is-provider-youtube wp-block-embed-youtube wp-embed-aspect-16-9 wp-has-aspect-ratio\"><div class=\"wp-block-embed__wrapper\">\n<iframe loading=\"lazy\" title=\"Technetix HDOSS-32 for mass-scale PON deployment on minimal CapEx\" width=\"1200\" height=\"675\" src=\"https:\/\/www.youtube.com\/embed\/4qF6UnfHafM?start=3&#038;feature=oembed\" frameborder=\"0\" allow=\"accelerometer; autoplay; clipboard-write; encrypted-media; gyroscope; picture-in-picture; web-share\" referrerpolicy=\"strict-origin-when-cross-origin\" allowfullscreen><\/iframe>\n<\/div><\/figure>\n\n\n\n<div style=\"height:50px\" aria-hidden=\"true\" class=\"wp-block-spacer\"><\/div>\n\n\n\n<p class=\"gb-headline gb-headline-623f5b86 gb-headline-text\">Schnelles PON (10G und mehr) bietet ausreichend Kapazit\u00e4t f\u00fcr hohe Teilungsverh\u00e4ltnisse zur Versorgung von privaten und KMU\/SOHO-Kunden. Viele Netzbetreiber gestalten den PON-Zugangsbereich auf Basis von 1:32 oder 1:64 Teilungsverh\u00e4ltnissen sowie einer Kundenanschlussrate von 10 % bis 30 %. Ein h\u00f6heres Teilungsverh\u00e4ltnis ist w\u00e4hrend der initialen Serviceinbetriebnahme denkbar. Das HDOSS-32 bietet eine erste Aufteilungsebene, die mit dem PON-OLT kollokiert werden kann. HDOSS-32 ist eine kompakte, hochflexible Verteilerl\u00f6sung, die sich an wachsende Kunden\u00adzahlen und Bandbreitenanforderungen auf einfache Weise anpassen l\u00e4sst und einen einfachen \u00dcbergang zu kleineren Teilungsverh\u00e4ltnissen erm\u00f6glicht. Bei einem initialen PON-Ausbau kann ein Teilungsverh\u00e4ltnis von 1:64 genutzt werden. Dabei besteht die erste Ebene aus einer 1:2-Teilung direkt am OLT. Bei wachsendem Bedarf kann der Verteiler entfernt und die Glasfasern f\u00fcr jeden der 32 Hausanschl\u00fcsse mit einem dedizierten OLT-Port verbunden werden.     <\/p>\n\n\n\n<figure class=\"gb-block-image gb-block-image-f5380205\"><img loading=\"lazy\" decoding=\"async\" width=\"1000\" height=\"566\" class=\"gb-image gb-image-f5380205\" src=\"https:\/\/emea.technetix.com\/wp-content\/uploads\/sites\/2\/2023\/03\/HDOSS_CASSETTE_IMAGE_02.jpeg\" alt=\"HDOSS CASSETTE\" srcset=\"https:\/\/emea.technetix.com\/wp-content\/uploads\/sites\/2\/2023\/03\/HDOSS_CASSETTE_IMAGE_02.jpeg 1000w, https:\/\/emea.technetix.com\/wp-content\/uploads\/sites\/2\/2023\/03\/HDOSS_CASSETTE_IMAGE_02-300x170.jpeg 300w, https:\/\/emea.technetix.com\/wp-content\/uploads\/sites\/2\/2023\/03\/HDOSS_CASSETTE_IMAGE_02-768x435.jpeg 768w, https:\/\/emea.technetix.com\/wp-content\/uploads\/sites\/2\/2023\/03\/HDOSS_CASSETTE_IMAGE_02-600x340.jpeg 600w\" sizes=\"auto, (max-width: 1000px) 100vw, 1000px\" \/><\/figure>\n\n\n\n<p class=\"gb-headline gb-headline-c9b08205 gb-headline-text\">Das HDOSS-32 ist der ideale Begleiter f\u00fcr OLT mit hohen Portzahlen von 16 bis 256 Ports. Die OLT-Ports und die zugeh\u00f6rigen optischen Transceiver sind kostenaufw\u00e4ndige Komponenten, wenn sie nur durch wenige Kunden amortisiert werden. Das HDOSS-32 erm\u00f6glicht die effiziente und an steigende Kundenzahlen und Bandbreiten angepasste Nutzung jedes OLT-Ports und gew\u00e4hrleistet auf diese Weise die bestm\u00f6gliche Amortisation der Investitionen in PON OLT. <\/p>\n\n\n\n<p class=\"gb-headline gb-headline-3d0085f2 gb-headline-text\">Das HDOSS unterst\u00fctzt 32 Kassetten in einem 1,5 HE hohen 19\u201c-Gestell. Jede Kassette kann dabei zwei 1:2 oder einen 1:4 PLC-Verteiler aufnehmen und einzeln bedarfsorientiert hinzugef\u00fcgt werden. Das HDOSS-32 eignet sich ideal f\u00fcr PON FTTP-Anwendungen. Es kann mit OLT kollokiert werden und so eine erste Ebene der optischen Verteilung nahe dem OLT bieten. Mit einer Tiefe von 200 mm l\u00e4sst sich das HDOSS-32 in nahezu allen Stra\u00dfenverteilern einsetzen. Im Fall von XGS-PON OLT-Installationen k\u00f6nnen Netzbetreiber die 10G OLT-Nutzung w\u00e4hrend der Anfangsphasen eines FTTH\/P-Ausbaus maximieren und bei steigender Teilnehmerzahl und wachsendem Bandbreiten\u00adbedarf auf einen einfachen Migrationspfad zur Reduzierung des optischen Teilungsverh\u00e4ltnisses setzen.   <\/p>\n\n\n\n<p class=\"gb-headline gb-headline-43bde5b2 gb-headline-text\">Die Verteilerkassetten des HDOSS-32 beinhalten ein vorterminiertes Pigtail mit einer L\u00e4nge von bis zu 2,5 m f\u00fcr eine direkte Verbindung zum PON OLT. Es sind sowohl SC- als auch LC-Premiumsteckverbinder mit geringer D\u00e4mpfung verf\u00fcgbar. Die Gestaltung der HDOSS-Verteilerkassette ber\u00fccksichtigt das Glasfasermanagement f\u00fcr bis zu 50 % der Glasfaserl\u00e4nge (Wicklung innerhalb der Kassette). Das innovative Design der HDOSS-Kassette reduziert die D\u00e4mpfung durch eine geringere Anzahl von Steckverbindern und vereinfacht die Installation durch einen perfekt optimierten Glasfaserverlauf zu jedem OLT-Port.  <\/p>\n\n<\/div><\/div>\n\n<div class=\"gb-container gb-container-ff282592 gb-container-con-bottom-buttons\"><div class=\"gb-inside-container\">\n\n<h2 class=\"gb-headline gb-headline-7ce6fa4b gb-headline-text gb-headline-head-bottom-buttons\">N\u00fctzliche Links<\/h2>\n\n\n<div class=\"gb-button-wrapper gb-button-wrapper-5300c273 gb-button-wrapper-after-content-buttons\">\n\n<a class=\"gb-button gb-button-4ceed201 gb-button-text gb-button-bottom-button\" href=\"https:\/\/docs.technetix.com\/datasheets\/19014673_HDOSS-32_DS_EN.pdf\">Datenblatt<\/a>\n\n\n\n<a class=\"gb-button gb-button-65bdd01e gb-button-text gb-button-bottom-button\" href=\"https:\/\/emea.technetix.com\/wp-content\/uploads\/sites\/2\/2025\/02\/Virgin_Media_Ireland_HDOSS-32_Case_Study.pdf\">HDOSS-32 <br>Fallstudie<\/a>\n\n\n\n<a class=\"gb-button gb-button-296f217c gb-button-text gb-button-bottom-button\" href=\"https:\/\/emea.technetix.com\/wp-content\/uploads\/sites\/2\/2025\/06\/HDOSS-32_Application_Note.pdf\">HDOSS- 32 Anwendungshinweis<\/a>\n\n\n\n<a class=\"gb-button gb-button-74bfad52 gb-button-text gb-button-bottom-button\" href=\"https:\/\/emea.technetix.com\/de\/kontakt\/\">Kontakt<\/a>\n\n<\/div>\n<\/div><\/div>\n<\/div><\/div>","protected":false},"excerpt":{"rendered":"<p>HDOSS-32 Maximieren Sie die Nutzung von OLT-Ports mit HDOSS W\u00e4hrend Glasfaseranbieter Hochgeschwindigkeitsnetze ausbauen bleiben Faktoren wie optimale Leistung und Maximierung des Ertrags f\u00fcr alle PON-Zugangssysteme essentiell \u2212 insbesondere bei 10G PON, 25G PON und 50G PON. Technetix bietet nun mit dem HDOSS-32 (High Density Optical Splitter System) ein hochdichtes optisches Verteilersystem, das die Maximierung der &#8230; <a title=\"HDOSS-32\" class=\"read-more\" href=\"https:\/\/emea.technetix.com\/de\/glasfasernetzwerk\/hdoss-32\/\" aria-label=\"Mehr Informationen \u00fcber HDOSS-32\">Read more<\/a><\/p>\n","protected":false},"author":1,"featured_media":996943,"parent":6131,"menu_order":0,"comment_status":"closed","ping_status":"closed","template":"","meta":{"_acf_changed":false,"_gspb_post_css":"","footnotes":""},"class_list":["post-6417","page","type-page","status-publish","has-post-thumbnail"],"yoast_head":"<!-- This site is optimized with the Yoast SEO Premium plugin v22.5 (Yoast SEO v27.4) - https:\/\/yoast.com\/product\/yoast-seo-premium-wordpress\/ -->\n<title>HDOSS-32 - Technetix EMEA<\/title>\n<meta name=\"robots\" content=\"index, follow, max-snippet:-1, max-image-preview:large, max-video-preview:-1\" \/>\n<link rel=\"canonical\" href=\"https:\/\/emea.technetix.com\/de\/glasfasernetzwerk\/hdoss-32\/\" \/>\n<meta property=\"og:locale\" content=\"de_DE\" \/>\n<meta property=\"og:type\" content=\"article\" \/>\n<meta property=\"og:title\" content=\"HDOSS-32 - Technetix EMEA\" \/>\n<meta property=\"og:description\" content=\"HDOSS-32 Maximieren Sie die Nutzung von OLT-Ports mit HDOSS W\u00e4hrend Glasfaseranbieter Hochgeschwindigkeitsnetze ausbauen bleiben Faktoren wie optimale Leistung und Maximierung des Ertrags f\u00fcr alle PON-Zugangssysteme essentiell \u2212 insbesondere bei 10G PON, 25G PON und 50G PON. Technetix bietet nun mit dem HDOSS-32 (High Density Optical Splitter System) ein hochdichtes optisches Verteilersystem, das die Maximierung der ... Read more\" \/>\n<meta property=\"og:url\" content=\"https:\/\/emea.technetix.com\/de\/glasfasernetzwerk\/hdoss-32\/\" \/>\n<meta property=\"og:site_name\" content=\"Technetix EMEA\" \/>\n<meta property=\"article:modified_time\" content=\"2025-06-03T11:39:12+00:00\" \/>\n<meta property=\"og:image\" content=\"https:\/\/emea.technetix.com\/wp-content\/uploads\/sites\/2\/2025\/02\/CAROUSEL_DE_HDOSS-32_1920X850.webp\" \/>\n\t<meta property=\"og:image:width\" content=\"1920\" \/>\n\t<meta property=\"og:image:height\" content=\"850\" \/>\n\t<meta property=\"og:image:type\" content=\"image\/webp\" \/>\n<meta name=\"twitter:card\" content=\"summary_large_image\" \/>\n<meta name=\"twitter:site\" content=\"@technetixgroup\" \/>\n<meta name=\"twitter:label1\" content=\"Gesch\u00e4tzte Lesezeit\" \/>\n\t<meta name=\"twitter:data1\" content=\"3\u00a0Minuten\" \/>\n<script type=\"application\/ld+json\" class=\"yoast-schema-graph\">{\"@context\":\"https:\\\/\\\/schema.org\",\"@graph\":[{\"@type\":\"WebPage\",\"@id\":\"https:\\\/\\\/emea.technetix.com\\\/de\\\/glasfasernetzwerk\\\/hdoss-32\\\/\",\"url\":\"https:\\\/\\\/emea.technetix.com\\\/de\\\/glasfasernetzwerk\\\/hdoss-32\\\/\",\"name\":\"HDOSS-32 - Technetix EMEA\",\"isPartOf\":{\"@id\":\"https:\\\/\\\/emea.technetix.com\\\/de\\\/#website\"},\"primaryImageOfPage\":{\"@id\":\"https:\\\/\\\/emea.technetix.com\\\/de\\\/glasfasernetzwerk\\\/hdoss-32\\\/#primaryimage\"},\"image\":{\"@id\":\"https:\\\/\\\/emea.technetix.com\\\/de\\\/glasfasernetzwerk\\\/hdoss-32\\\/#primaryimage\"},\"thumbnailUrl\":\"https:\\\/\\\/emea.technetix.com\\\/wp-content\\\/uploads\\\/sites\\\/2\\\/2025\\\/02\\\/CAROUSEL_DE_HDOSS-32_1920X850.webp\",\"datePublished\":\"2023-03-04T21:13:23+00:00\",\"dateModified\":\"2025-06-03T11:39:12+00:00\",\"breadcrumb\":{\"@id\":\"https:\\\/\\\/emea.technetix.com\\\/de\\\/glasfasernetzwerk\\\/hdoss-32\\\/#breadcrumb\"},\"inLanguage\":\"de\",\"potentialAction\":[{\"@type\":\"ReadAction\",\"target\":[\"https:\\\/\\\/emea.technetix.com\\\/de\\\/glasfasernetzwerk\\\/hdoss-32\\\/\"]}]},{\"@type\":\"ImageObject\",\"inLanguage\":\"de\",\"@id\":\"https:\\\/\\\/emea.technetix.com\\\/de\\\/glasfasernetzwerk\\\/hdoss-32\\\/#primaryimage\",\"url\":\"https:\\\/\\\/emea.technetix.com\\\/wp-content\\\/uploads\\\/sites\\\/2\\\/2025\\\/02\\\/CAROUSEL_DE_HDOSS-32_1920X850.webp\",\"contentUrl\":\"https:\\\/\\\/emea.technetix.com\\\/wp-content\\\/uploads\\\/sites\\\/2\\\/2025\\\/02\\\/CAROUSEL_DE_HDOSS-32_1920X850.webp\",\"width\":1920,\"height\":850,\"caption\":\"Image of HDOSS-32\"},{\"@type\":\"BreadcrumbList\",\"@id\":\"https:\\\/\\\/emea.technetix.com\\\/de\\\/glasfasernetzwerk\\\/hdoss-32\\\/#breadcrumb\",\"itemListElement\":[{\"@type\":\"ListItem\",\"position\":1,\"name\":\"Home\",\"item\":\"https:\\\/\\\/emea.technetix.com\\\/de\\\/\"},{\"@type\":\"ListItem\",\"position\":2,\"name\":\"Glasfasernetzwerk\",\"item\":\"https:\\\/\\\/emea.technetix.com\\\/de\\\/glasfasernetzwerk\\\/\"},{\"@type\":\"ListItem\",\"position\":3,\"name\":\"HDOSS-32\"}]},{\"@type\":\"WebSite\",\"@id\":\"https:\\\/\\\/emea.technetix.com\\\/de\\\/#website\",\"url\":\"https:\\\/\\\/emea.technetix.com\\\/de\\\/\",\"name\":\"Technetix\",\"description\":\"Next-generation broadband equipment engineering\",\"publisher\":{\"@id\":\"https:\\\/\\\/emea.technetix.com\\\/de\\\/#organization\"},\"potentialAction\":[{\"@type\":\"SearchAction\",\"target\":{\"@type\":\"EntryPoint\",\"urlTemplate\":\"https:\\\/\\\/emea.technetix.com\\\/de\\\/?s={search_term_string}\"},\"query-input\":{\"@type\":\"PropertyValueSpecification\",\"valueRequired\":true,\"valueName\":\"search_term_string\"}}],\"inLanguage\":\"de\"},{\"@type\":\"Organization\",\"@id\":\"https:\\\/\\\/emea.technetix.com\\\/de\\\/#organization\",\"name\":\"Technetix\",\"url\":\"https:\\\/\\\/emea.technetix.com\\\/de\\\/\",\"logo\":{\"@type\":\"ImageObject\",\"inLanguage\":\"de\",\"@id\":\"https:\\\/\\\/emea.technetix.com\\\/de\\\/#\\\/schema\\\/logo\\\/image\\\/\",\"url\":\"https:\\\/\\\/emea.technetix.com\\\/wp-content\\\/uploads\\\/sites\\\/2\\\/2023\\\/06\\\/logo-Technetix-1000x1000-1.png\",\"contentUrl\":\"https:\\\/\\\/emea.technetix.com\\\/wp-content\\\/uploads\\\/sites\\\/2\\\/2023\\\/06\\\/logo-Technetix-1000x1000-1.png\",\"width\":1000,\"height\":1000,\"caption\":\"Technetix\"},\"image\":{\"@id\":\"https:\\\/\\\/emea.technetix.com\\\/de\\\/#\\\/schema\\\/logo\\\/image\\\/\"},\"sameAs\":[\"https:\\\/\\\/x.com\\\/technetixgroup\",\"https:\\\/\\\/www.linkedin.com\\\/company\\\/technetix\\\/\",\"https:\\\/\\\/www.youtube.com\\\/c\\\/Technetix-group\"]}]}<\/script>\n<!-- \/ Yoast SEO Premium plugin. -->","yoast_head_json":{"title":"HDOSS-32 - Technetix EMEA","robots":{"index":"index","follow":"follow","max-snippet":"max-snippet:-1","max-image-preview":"max-image-preview:large","max-video-preview":"max-video-preview:-1"},"canonical":"https:\/\/emea.technetix.com\/de\/glasfasernetzwerk\/hdoss-32\/","og_locale":"de_DE","og_type":"article","og_title":"HDOSS-32 - Technetix EMEA","og_description":"HDOSS-32 Maximieren Sie die Nutzung von OLT-Ports mit HDOSS W\u00e4hrend Glasfaseranbieter Hochgeschwindigkeitsnetze ausbauen bleiben Faktoren wie optimale Leistung und Maximierung des Ertrags f\u00fcr alle PON-Zugangssysteme essentiell \u2212 insbesondere bei 10G PON, 25G PON und 50G PON. Technetix bietet nun mit dem HDOSS-32 (High Density Optical Splitter System) ein hochdichtes optisches Verteilersystem, das die Maximierung der ... Read more","og_url":"https:\/\/emea.technetix.com\/de\/glasfasernetzwerk\/hdoss-32\/","og_site_name":"Technetix EMEA","article_modified_time":"2025-06-03T11:39:12+00:00","og_image":[{"width":1920,"height":850,"url":"https:\/\/emea.technetix.com\/wp-content\/uploads\/sites\/2\/2025\/02\/CAROUSEL_DE_HDOSS-32_1920X850.webp","type":"image\/webp"}],"twitter_card":"summary_large_image","twitter_site":"@technetixgroup","twitter_misc":{"Gesch\u00e4tzte Lesezeit":"3\u00a0Minuten"},"schema":{"@context":"https:\/\/schema.org","@graph":[{"@type":"WebPage","@id":"https:\/\/emea.technetix.com\/de\/glasfasernetzwerk\/hdoss-32\/","url":"https:\/\/emea.technetix.com\/de\/glasfasernetzwerk\/hdoss-32\/","name":"HDOSS-32 - Technetix EMEA","isPartOf":{"@id":"https:\/\/emea.technetix.com\/de\/#website"},"primaryImageOfPage":{"@id":"https:\/\/emea.technetix.com\/de\/glasfasernetzwerk\/hdoss-32\/#primaryimage"},"image":{"@id":"https:\/\/emea.technetix.com\/de\/glasfasernetzwerk\/hdoss-32\/#primaryimage"},"thumbnailUrl":"https:\/\/emea.technetix.com\/wp-content\/uploads\/sites\/2\/2025\/02\/CAROUSEL_DE_HDOSS-32_1920X850.webp","datePublished":"2023-03-04T21:13:23+00:00","dateModified":"2025-06-03T11:39:12+00:00","breadcrumb":{"@id":"https:\/\/emea.technetix.com\/de\/glasfasernetzwerk\/hdoss-32\/#breadcrumb"},"inLanguage":"de","potentialAction":[{"@type":"ReadAction","target":["https:\/\/emea.technetix.com\/de\/glasfasernetzwerk\/hdoss-32\/"]}]},{"@type":"ImageObject","inLanguage":"de","@id":"https:\/\/emea.technetix.com\/de\/glasfasernetzwerk\/hdoss-32\/#primaryimage","url":"https:\/\/emea.technetix.com\/wp-content\/uploads\/sites\/2\/2025\/02\/CAROUSEL_DE_HDOSS-32_1920X850.webp","contentUrl":"https:\/\/emea.technetix.com\/wp-content\/uploads\/sites\/2\/2025\/02\/CAROUSEL_DE_HDOSS-32_1920X850.webp","width":1920,"height":850,"caption":"Image of HDOSS-32"},{"@type":"BreadcrumbList","@id":"https:\/\/emea.technetix.com\/de\/glasfasernetzwerk\/hdoss-32\/#breadcrumb","itemListElement":[{"@type":"ListItem","position":1,"name":"Home","item":"https:\/\/emea.technetix.com\/de\/"},{"@type":"ListItem","position":2,"name":"Glasfasernetzwerk","item":"https:\/\/emea.technetix.com\/de\/glasfasernetzwerk\/"},{"@type":"ListItem","position":3,"name":"HDOSS-32"}]},{"@type":"WebSite","@id":"https:\/\/emea.technetix.com\/de\/#website","url":"https:\/\/emea.technetix.com\/de\/","name":"Technetix","description":"Next-generation broadband equipment engineering","publisher":{"@id":"https:\/\/emea.technetix.com\/de\/#organization"},"potentialAction":[{"@type":"SearchAction","target":{"@type":"EntryPoint","urlTemplate":"https:\/\/emea.technetix.com\/de\/?s={search_term_string}"},"query-input":{"@type":"PropertyValueSpecification","valueRequired":true,"valueName":"search_term_string"}}],"inLanguage":"de"},{"@type":"Organization","@id":"https:\/\/emea.technetix.com\/de\/#organization","name":"Technetix","url":"https:\/\/emea.technetix.com\/de\/","logo":{"@type":"ImageObject","inLanguage":"de","@id":"https:\/\/emea.technetix.com\/de\/#\/schema\/logo\/image\/","url":"https:\/\/emea.technetix.com\/wp-content\/uploads\/sites\/2\/2023\/06\/logo-Technetix-1000x1000-1.png","contentUrl":"https:\/\/emea.technetix.com\/wp-content\/uploads\/sites\/2\/2023\/06\/logo-Technetix-1000x1000-1.png","width":1000,"height":1000,"caption":"Technetix"},"image":{"@id":"https:\/\/emea.technetix.com\/de\/#\/schema\/logo\/image\/"},"sameAs":["https:\/\/x.com\/technetixgroup","https:\/\/www.linkedin.com\/company\/technetix\/","https:\/\/www.youtube.com\/c\/Technetix-group"]}]}},"acf":[],"publishpress_future_workflow_manual_trigger":{"enabledWorkflows":[]},"_links":{"self":[{"href":"https:\/\/emea.technetix.com\/de\/wp-json\/wp\/v2\/pages\/6417","targetHints":{"allow":["GET"]}}],"collection":[{"href":"https:\/\/emea.technetix.com\/de\/wp-json\/wp\/v2\/pages"}],"about":[{"href":"https:\/\/emea.technetix.com\/de\/wp-json\/wp\/v2\/types\/page"}],"author":[{"embeddable":true,"href":"https:\/\/emea.technetix.com\/de\/wp-json\/wp\/v2\/users\/1"}],"replies":[{"embeddable":true,"href":"https:\/\/emea.technetix.com\/de\/wp-json\/wp\/v2\/comments?post=6417"}],"version-history":[{"count":0,"href":"https:\/\/emea.technetix.com\/de\/wp-json\/wp\/v2\/pages\/6417\/revisions"}],"up":[{"embeddable":true,"href":"https:\/\/emea.technetix.com\/de\/wp-json\/wp\/v2\/pages\/6131"}],"wp:featuredmedia":[{"embeddable":true,"href":"https:\/\/emea.technetix.com\/de\/wp-json\/wp\/v2\/media\/996943"}],"wp:attachment":[{"href":"https:\/\/emea.technetix.com\/de\/wp-json\/wp\/v2\/media?parent=6417"}],"curies":[{"name":"wp","href":"https:\/\/api.w.org\/{rel}","templated":true}]}}