{"id":6405,"date":"2023-02-02T20:06:55","date_gmt":"2023-02-02T20:06:55","guid":{"rendered":"https:\/\/emea.technetix.com\/hfc-netzwerke\/mehrfachabzweiger-und-passive-leitungskomponenten\/xgt-abzweiger\/"},"modified":"2023-08-31T13:59:59","modified_gmt":"2023-08-31T13:59:59","slug":"xgt-abzweiger","status":"publish","type":"page","link":"https:\/\/emea.technetix.com\/de\/hfc-netzwerke\/mehrfachabzweiger-und-passive-leitungskomponenten\/xgt-abzweiger\/","title":{"rendered":"XGT-Abzweiger"},"content":{"rendered":"<div class=\"gb-container gb-container-f86f3f4f gb-container-hero-banner\"><div class=\"gb-inside-container\">\n<h1 class=\"gb-headline gb-headline-e1547755 gb-headline-text gb-headline-hero-banner-title\">XGT-Abzweiger<\/h1>\n<\/div><\/div>\n\n<div class=\"gb-container gb-container-1257a39d gb-container-inner-back-page-con\">\n\n<h2 class=\"gb-headline gb-headline-d02c52e4 gb-headline-text wp-embed-aspect-16-9 wp-has-aspect-ratio\">Die XGT-Serie umfasst einen neuen 1,8 GHz-Mehrfachabzweiger, der zur Erweiterung Ihres \u00e4u\u00dferen Netzwerks auf 10G heute und zuk\u00fcnftig 25G entworfen wurde.<\/h2>\n\n\n\n<ul type=\"video\" class=\"wp-embed-aspect-16-9 wp-has-aspect-ratio wp-block-list\">\n<li>Vorbereitet f\u00fcr DOCSIS 4.0 mit 1,8 GHz-Frontplatten und Kopplermodulen (Coupler Modules, CM) als Standard<\/li>\n\n\n\n<li>Die Geh\u00e4use sind f\u00fcr DOCSIS 4.1 vorbereitet und zeigen bis zu 3 GHz eine \u00fcberragende Leistung.<\/li>\n\n\n\n<li>Ein modularer Ansatz f\u00fchrt aufgrund der signifikanten Einsparungen im Inventarmanagement zu geringeren Gesamtbetriebskosten (Total Cost of Ownership, TCO) im Vergleich zu konventionellen Abzweigern.<\/li>\n<\/ul>\n\n\n\n<figure class=\"gb-block-image gb-block-image-61e35e7d\"><img loading=\"lazy\" decoding=\"async\" width=\"400\" height=\"255\" class=\"gb-image gb-image-61e35e7d wp-embed-aspect-16-9 wp-has-aspect-ratio\" src=\"https:\/\/emea.technetix.com\/wp-content\/uploads\/sites\/2\/2023\/02\/BTR21_DTR_4-1.jpeg\" alt=\"Vorbereitet f\u00fcr DOCSIS 4.0 mit 1,8 GHz-Frontplatten und Kopplermodulen (Coupler Modules, CM) als Standard\" srcset=\"https:\/\/emea.technetix.com\/wp-content\/uploads\/sites\/2\/2023\/02\/BTR21_DTR_4-1.jpeg 400w, https:\/\/emea.technetix.com\/wp-content\/uploads\/sites\/2\/2023\/02\/BTR21_DTR_4-1-300x191.jpeg 300w\" sizes=\"auto, (max-width: 400px) 100vw, 400px\" \/><\/figure>\n\n\n\n<figure class=\"gb-block-image gb-block-image-f5380205\"><img loading=\"lazy\" decoding=\"async\" width=\"900\" height=\"650\" class=\"gb-image gb-image-f5380205 wp-embed-aspect-16-9 wp-has-aspect-ratio\" src=\"https:\/\/emea.technetix.com\/wp-content\/uploads\/sites\/2\/2023\/02\/XGT_TAP_EXPLODED_900PX_web.jpeg\" alt=\"Die 1,8 GHz-Frontplatte kann ohne Unterbrechung der Stromversorgung oder der HF-Signale im Leitungsverlauf ausgetauscht werden\" srcset=\"https:\/\/emea.technetix.com\/wp-content\/uploads\/sites\/2\/2023\/02\/XGT_TAP_EXPLODED_900PX_web.jpeg 900w, https:\/\/emea.technetix.com\/wp-content\/uploads\/sites\/2\/2023\/02\/XGT_TAP_EXPLODED_900PX_web-300x217.jpeg 300w, https:\/\/emea.technetix.com\/wp-content\/uploads\/sites\/2\/2023\/02\/XGT_TAP_EXPLODED_900PX_web-768x555.jpeg 768w, https:\/\/emea.technetix.com\/wp-content\/uploads\/sites\/2\/2023\/02\/XGT_TAP_EXPLODED_900PX_web-600x433.jpeg 600w\" sizes=\"auto, (max-width: 900px) 100vw, 900px\" \/><\/figure>\n\n\n\n<figure class=\"wp-block-table wp-embed-aspect-16-9 wp-has-aspect-ratio is-style-regular\"><table><tbody><tr><td>1<\/td><td>Die 1,8 GHz-Frontplatte kann ohne Unterbrechung der Stromversorgung oder der HF-Signale im Leitungsverlauf ausgetauscht werden<\/td><\/tr><tr><td>2<\/td><td>Signalaufbereitungseinschub<\/td><\/tr><tr><td>3<\/td><td>Platzhalter f\u00fcr Kopplermodule (f\u00fcr schraubenlose Wartung)<\/td><\/tr><tr><td>4<\/td><td>3 GHz-Geh\u00e4use f\u00fcr k\u00fcnftige Aufr\u00fcstungen<\/td><\/tr><tr><td>5<\/td><td>Spezielle schraubenlose Gestaltung der Steckverbinder f\u00fcr eine hochqualitative Leistung bei 3 GHz und Eliminierung von CPD<\/td><\/tr><tr><td>6<\/td><td>\u201eNo Make before Break\u201c-Schalter, der die Unterbrechung der AC-Versorgung und einen m\u00f6glichen Neustart des RPD verhindert<\/td><\/tr><tr><td>7<\/td><td>1,8 GHz-Kopplermodul zur Einstellung des Abzweigwerts (aus 9 m\u00f6glichen Optionen)<\/td><\/tr><\/tbody><\/table><\/figure>\n\n\n\n<h2 class=\"gb-headline gb-headline-6b17d0fd gb-headline-text gb-headline-h2-in-content wp-embed-aspect-16-9 wp-has-aspect-ratio\">XGT 3 GHz-Steckverbinder \u2013 Schneller, Besser, Einfacher<\/h2>\n\n\n\n<ul type=\"video\" class=\"wp-embed-aspect-16-9 wp-has-aspect-ratio wp-block-list\">\n<li>75% schnellere Installation im Vergleich zu konventionellen IN- und OUT-Steckverbindern von Mehrfachabzweigern<\/li>\n\n\n\n<li>Montagefreundlich<\/li>\n\n\n\n<li>Signifikant verringertes CDP aufgrund der gr\u00f6\u00dferen Kontaktfl\u00e4che der inneren Leiter<\/li>\n\n\n\n<li>Schraubenloser Steckverbinder<\/li>\n\n\n\n<li>Anschlussm\u00f6glichkeit von 2 Seiten<\/li>\n<\/ul>\n\n\n<div class=\"gb-grid-wrapper gb-grid-wrapper-7c47a3bf wp-embed-aspect-16-9 wp-has-aspect-ratio\">\n<div class=\"gb-grid-column gb-grid-column-32ae082f\"><div class=\"gb-container gb-container-32ae082f\"><div class=\"gb-inside-container\">\n\n<figure class=\"gb-block-image gb-block-image-dd19386a\"><img loading=\"lazy\" decoding=\"async\" width=\"902\" height=\"454\" class=\"gb-image gb-image-dd19386a\" src=\"https:\/\/emea.technetix.com\/wp-content\/uploads\/sites\/2\/2023\/02\/XGT_OUT.png\" alt=\"XGT 3 GHz-Steckverbinder \u2013 Schneller, Besser, Einfacher\" srcset=\"https:\/\/emea.technetix.com\/wp-content\/uploads\/sites\/2\/2023\/02\/XGT_OUT.png 902w, https:\/\/emea.technetix.com\/wp-content\/uploads\/sites\/2\/2023\/02\/XGT_OUT-300x151.png 300w, https:\/\/emea.technetix.com\/wp-content\/uploads\/sites\/2\/2023\/02\/XGT_OUT-768x387.png 768w, https:\/\/emea.technetix.com\/wp-content\/uploads\/sites\/2\/2023\/02\/XGT_OUT-600x302.png 600w\" sizes=\"auto, (max-width: 902px) 100vw, 902px\" \/><\/figure>\n\n<\/div><\/div><\/div>\n\n<div class=\"gb-grid-column gb-grid-column-d3dfeb82\"><div class=\"gb-container gb-container-d3dfeb82\"><div class=\"gb-inside-container\">\n\n<figure class=\"gb-block-image gb-block-image-46a4f270\"><img loading=\"lazy\" decoding=\"async\" width=\"901\" height=\"454\" class=\"gb-image gb-image-46a4f270\" src=\"https:\/\/emea.technetix.com\/wp-content\/uploads\/sites\/2\/2023\/02\/XGT_IN.png\" alt=\"Einsparungem beim Inventar\" srcset=\"https:\/\/emea.technetix.com\/wp-content\/uploads\/sites\/2\/2023\/02\/XGT_IN.png 901w, https:\/\/emea.technetix.com\/wp-content\/uploads\/sites\/2\/2023\/02\/XGT_IN-300x151.png 300w, https:\/\/emea.technetix.com\/wp-content\/uploads\/sites\/2\/2023\/02\/XGT_IN-768x387.png 768w, https:\/\/emea.technetix.com\/wp-content\/uploads\/sites\/2\/2023\/02\/XGT_IN-600x302.png 600w\" sizes=\"auto, (max-width: 901px) 100vw, 901px\" \/><\/figure>\n\n<\/div><\/div><\/div>\n<\/div>\n\n\n<h2 class=\"gb-headline gb-headline-4b572e45 gb-headline-text wp-embed-aspect-16-9 wp-has-aspect-ratio\">Einsparungem beim Inventar<\/h2>\n\n\n\n<p class=\"gb-headline gb-headline-6656b5c3 gb-headline-text wp-embed-aspect-16-9 wp-has-aspect-ratio\">Das Konzept der Kopplermodule beinhaltet, dass der Richtkoppler von der Frontplatte separiert ist und diese zur Erreichung des gew\u00fcnschten Wertes kombiniert werden k\u00f6nnen. Hierdurch werden 60 % bis 80 % der Abzweiger-SKUs eliminiert, das Inventarmanagement vereinfacht und die Investition verringert. Die betriebliche Lieferkette von zentralen Warenlagern und Verteilzentren bis zu den Fahrzeugen der Techniker wird von dieser Reduzierung des Inventars profitieren. <\/p>\n\n\n\n<figure class=\"wp-block-table wp-embed-aspect-16-9 wp-has-aspect-ratio centered-columns-table is-style-regular\"><table><tbody><tr><td>Kopplermodule<\/td><td>mit 2-Wege-Frontplatte (dB)<\/td><td>mit 4-Wege-Frontplatte (dB)<\/td><td>mit 8-Wege-Frontplatte (dB)<\/td><\/tr><tr><td>XGT1800-CM0T<\/td><td>4T<\/td><td>8T<\/td><td>11T<\/td><\/tr><tr><td>XGT1800-CM04<\/td><td>8<\/td><td>11<\/td><td>14<\/td><\/tr><tr><td>XGT1800-CM07<\/td><td>11<\/td><td>14<\/td><td>17<\/td><\/tr><tr><td>XGT1800-CM10<\/td><td>14<\/td><td>17<\/td><td>20<\/td><\/tr><tr><td>XGT1800-CM13<\/td><td>17<\/td><td>20<\/td><td>23<\/td><\/tr><tr><td>XGT1800-CM16<\/td><td>20<\/td><td>23<\/td><td>26<\/td><\/tr><tr><td>XGT1800-CM19<\/td><td>23<\/td><td>26<\/td><td>29<\/td><\/tr><tr><td>XGT1800-CM22<\/td><td>26<\/td><td>29<\/td><td>32<\/td><\/tr><tr><td>XGT1800-CM25<\/td><td>29<\/td><td>32<\/td><td>35<\/td><\/tr><\/tbody><\/table><\/figure>\n\n\n\n<hr class=\"wp-block-separator has-text-color has-white-color has-alpha-channel-opacity has-white-background-color has-background wp-embed-aspect-16-9 wp-has-aspect-ratio\" \/>\n\n\n\n<figure class=\"wp-block-embed is-type-video is-provider-youtube wp-block-embed-youtube wp-embed-aspect-16-9 wp-has-aspect-ratio\"><div class=\"wp-block-embed__wrapper\">\n<iframe loading=\"lazy\" title=\"XGT gigabit modular outdoor multitaps\" width=\"1200\" height=\"675\" src=\"https:\/\/www.youtube.com\/embed\/xf1_d7Xo-0c?feature=oembed\" frameborder=\"0\" allow=\"accelerometer; autoplay; clipboard-write; encrypted-media; gyroscope; picture-in-picture; web-share\" referrerpolicy=\"strict-origin-when-cross-origin\" allowfullscreen><\/iframe>\n<\/div><\/figure>\n\n<\/div>\n\n<div class=\"gb-container gb-container-5e99f6e7 gb-container-con-buttons-bottom\">\n\n<h2 class=\"gb-headline gb-headline-7ce6fa4b gb-headline-text gb-headline-head-bottom-buttons\">N\u00fctzliche Links<\/h2>\n\n\n<div class=\"gb-button-wrapper gb-button-wrapper-12bd3953 gb-button-wrapper-after-con-buttons\">\n\n<a class=\"gb-button gb-button-2490a6f0 gb-button-text gb-button-bottom-button\" href=\"https:\/\/emea.technetix.com\/wp-content\/uploads\/sites\/2\/2023\/02\/PP0185_XGT-SERIES_DS_AE.pdf\" target=\"_blank\" rel=\"noopener noreferrer\">XGT-Mehrfachabzweiger \u2013 Datenblatt<\/a>\n\n\n\n<a class=\"gb-button gb-button-8f52b4e8 gb-button-text gb-button-bottom-button\" href=\"https:\/\/emea.technetix.com\/wp-content\/uploads\/sites\/2\/2023\/02\/XGT_MAN_AE.pdf\">Benutzerhandb\u00fccher<\/a>\n\n\n\n<a class=\"gb-button gb-button-e3ee3c25 gb-button-text gb-button-bottom-button\" href=\"https:\/\/emea.technetix.com\/wp-content\/uploads\/sites\/2\/2023\/08\/19013831_XGx_V12_DS_EN.pdf\" target=\"_blank\" rel=\"noopener noreferrer\">XGx Passive Komponenten \u2013 Datenblatt<\/a>\n\n\n\n<a class=\"gb-button gb-button-87bcd9b7 gb-button-text gb-button-bottom-button\" href=\"https:\/\/emea.technetix.com\/wp-content\/uploads\/sites\/2\/2023\/08\/19013856_XGT1200-CEXX_DS_AE_V3.pdf\" target=\"_blank\" rel=\"noopener noreferrer\">Signal-Konfigurations-Plugins<\/a>\n\n\n\n<a class=\"gb-button gb-button-bfb590dd gb-button-text gb-button-bottom-button\" href=\"https:\/\/emea.technetix.com\/de\/produkte\/breitband-technologie\/abzweiger-auseneinsatz\/?swoof=1&amp;pa_style-sub-brand=xg-series&amp;really_curr_tax=665-product_cat\">Durchsuchen<\/a>\n\n\n\n<a class=\"gb-button gb-button-d5281588 gb-button-text gb-button-bottom-button\" href=\"https:\/\/emea.technetix.com\/de\/kontakt\/\">Kontakt<\/a>\n\n<\/div>\n<\/div>","protected":false},"excerpt":{"rendered":"<p>XGT-Abzweiger Die XGT-Serie umfasst einen neuen 1,8 GHz-Mehrfachabzweiger, der zur Erweiterung Ihres \u00e4u\u00dferen Netzwerks auf 10G heute und zuk\u00fcnftig 25G entworfen wurde. 1 Die 1,8 GHz-Frontplatte kann ohne Unterbrechung der Stromversorgung oder der HF-Signale im Leitungsverlauf ausgetauscht werden 2 Signalaufbereitungseinschub 3 Platzhalter f\u00fcr Kopplermodule (f\u00fcr schraubenlose Wartung) 4 3 GHz-Geh\u00e4use f\u00fcr k\u00fcnftige Aufr\u00fcstungen 5 Spezielle &#8230; <a title=\"XGT-Abzweiger\" class=\"read-more\" href=\"https:\/\/emea.technetix.com\/de\/hfc-netzwerke\/mehrfachabzweiger-und-passive-leitungskomponenten\/xgt-abzweiger\/\" aria-label=\"Mehr Informationen \u00fcber XGT-Abzweiger\">Read more<\/a><\/p>\n","protected":false},"author":1,"featured_media":2448,"parent":6185,"menu_order":0,"comment_status":"open","ping_status":"closed","template":"","meta":{"_acf_changed":false,"_gspb_post_css":"","footnotes":""},"class_list":["post-6405","page","type-page","status-publish","has-post-thumbnail"],"yoast_head":"<!-- This site is optimized with the Yoast SEO Premium plugin v22.5 (Yoast SEO v27.4) - https:\/\/yoast.com\/product\/yoast-seo-premium-wordpress\/ -->\n<title>XGT-Abzweiger - Technetix EMEA<\/title>\n<meta name=\"robots\" content=\"index, follow, max-snippet:-1, max-image-preview:large, max-video-preview:-1\" \/>\n<link rel=\"canonical\" href=\"https:\/\/emea.technetix.com\/de\/hfc-netzwerke\/mehrfachabzweiger-und-passive-leitungskomponenten\/xgt-abzweiger\/\" \/>\n<meta property=\"og:locale\" content=\"de_DE\" \/>\n<meta property=\"og:type\" content=\"article\" \/>\n<meta property=\"og:title\" content=\"XGT-Abzweiger - Technetix EMEA\" \/>\n<meta property=\"og:description\" content=\"XGT-Abzweiger Die XGT-Serie umfasst einen neuen 1,8 GHz-Mehrfachabzweiger, der zur Erweiterung Ihres \u00e4u\u00dferen Netzwerks auf 10G heute und zuk\u00fcnftig 25G entworfen wurde. 1 Die 1,8 GHz-Frontplatte kann ohne Unterbrechung der Stromversorgung oder der HF-Signale im Leitungsverlauf ausgetauscht werden 2 Signalaufbereitungseinschub 3 Platzhalter f\u00fcr Kopplermodule (f\u00fcr schraubenlose Wartung) 4 3 GHz-Geh\u00e4use f\u00fcr k\u00fcnftige Aufr\u00fcstungen 5 Spezielle ... Read more\" \/>\n<meta property=\"og:url\" content=\"https:\/\/emea.technetix.com\/de\/hfc-netzwerke\/mehrfachabzweiger-und-passive-leitungskomponenten\/xgt-abzweiger\/\" \/>\n<meta property=\"og:site_name\" content=\"Technetix EMEA\" \/>\n<meta property=\"article:modified_time\" content=\"2023-08-31T13:59:59+00:00\" \/>\n<meta property=\"og:image\" content=\"https:\/\/emea.technetix.com\/wp-content\/uploads\/sites\/2\/2023\/02\/LANDING_PAGE_LARGE_XGT_FINAL.jpeg\" \/>\n\t<meta property=\"og:image:width\" content=\"1920\" \/>\n\t<meta property=\"og:image:height\" content=\"450\" \/>\n\t<meta property=\"og:image:type\" content=\"image\/jpeg\" \/>\n<meta name=\"twitter:card\" content=\"summary_large_image\" \/>\n<meta name=\"twitter:site\" content=\"@technetixgroup\" \/>\n<meta name=\"twitter:label1\" content=\"Gesch\u00e4tzte Lesezeit\" \/>\n\t<meta name=\"twitter:data1\" content=\"3\u00a0Minuten\" \/>\n<script type=\"application\/ld+json\" class=\"yoast-schema-graph\">{\"@context\":\"https:\\\/\\\/schema.org\",\"@graph\":[{\"@type\":\"WebPage\",\"@id\":\"https:\\\/\\\/emea.technetix.com\\\/de\\\/hfc-netzwerke\\\/mehrfachabzweiger-und-passive-leitungskomponenten\\\/xgt-abzweiger\\\/\",\"url\":\"https:\\\/\\\/emea.technetix.com\\\/de\\\/hfc-netzwerke\\\/mehrfachabzweiger-und-passive-leitungskomponenten\\\/xgt-abzweiger\\\/\",\"name\":\"XGT-Abzweiger - Technetix EMEA\",\"isPartOf\":{\"@id\":\"https:\\\/\\\/emea.technetix.com\\\/de\\\/#website\"},\"primaryImageOfPage\":{\"@id\":\"https:\\\/\\\/emea.technetix.com\\\/de\\\/hfc-netzwerke\\\/mehrfachabzweiger-und-passive-leitungskomponenten\\\/xgt-abzweiger\\\/#primaryimage\"},\"image\":{\"@id\":\"https:\\\/\\\/emea.technetix.com\\\/de\\\/hfc-netzwerke\\\/mehrfachabzweiger-und-passive-leitungskomponenten\\\/xgt-abzweiger\\\/#primaryimage\"},\"thumbnailUrl\":\"https:\\\/\\\/emea.technetix.com\\\/wp-content\\\/uploads\\\/sites\\\/2\\\/2023\\\/02\\\/LANDING_PAGE_LARGE_XGT_FINAL.jpeg\",\"datePublished\":\"2023-02-02T20:06:55+00:00\",\"dateModified\":\"2023-08-31T13:59:59+00:00\",\"breadcrumb\":{\"@id\":\"https:\\\/\\\/emea.technetix.com\\\/de\\\/hfc-netzwerke\\\/mehrfachabzweiger-und-passive-leitungskomponenten\\\/xgt-abzweiger\\\/#breadcrumb\"},\"inLanguage\":\"de\",\"potentialAction\":[{\"@type\":\"ReadAction\",\"target\":[\"https:\\\/\\\/emea.technetix.com\\\/de\\\/hfc-netzwerke\\\/mehrfachabzweiger-und-passive-leitungskomponenten\\\/xgt-abzweiger\\\/\"]}]},{\"@type\":\"ImageObject\",\"inLanguage\":\"de\",\"@id\":\"https:\\\/\\\/emea.technetix.com\\\/de\\\/hfc-netzwerke\\\/mehrfachabzweiger-und-passive-leitungskomponenten\\\/xgt-abzweiger\\\/#primaryimage\",\"url\":\"https:\\\/\\\/emea.technetix.com\\\/wp-content\\\/uploads\\\/sites\\\/2\\\/2023\\\/02\\\/LANDING_PAGE_LARGE_XGT_FINAL.jpeg\",\"contentUrl\":\"https:\\\/\\\/emea.technetix.com\\\/wp-content\\\/uploads\\\/sites\\\/2\\\/2023\\\/02\\\/LANDING_PAGE_LARGE_XGT_FINAL.jpeg\",\"width\":1920,\"height\":450},{\"@type\":\"BreadcrumbList\",\"@id\":\"https:\\\/\\\/emea.technetix.com\\\/de\\\/hfc-netzwerke\\\/mehrfachabzweiger-und-passive-leitungskomponenten\\\/xgt-abzweiger\\\/#breadcrumb\",\"itemListElement\":[{\"@type\":\"ListItem\",\"position\":1,\"name\":\"Home\",\"item\":\"https:\\\/\\\/emea.technetix.com\\\/de\\\/\"},{\"@type\":\"ListItem\",\"position\":2,\"name\":\"Breitband Kabel\",\"item\":\"https:\\\/\\\/emea.technetix.com\\\/de\\\/hfc-netzwerke\\\/\"},{\"@type\":\"ListItem\",\"position\":3,\"name\":\"Mehrfachabzweiger und passive Leitungskomponenten\",\"item\":\"https:\\\/\\\/emea.technetix.com\\\/de\\\/hfc-netzwerke\\\/mehrfachabzweiger-und-passive-leitungskomponenten\\\/\"},{\"@type\":\"ListItem\",\"position\":4,\"name\":\"XGT-Abzweiger\"}]},{\"@type\":\"WebSite\",\"@id\":\"https:\\\/\\\/emea.technetix.com\\\/de\\\/#website\",\"url\":\"https:\\\/\\\/emea.technetix.com\\\/de\\\/\",\"name\":\"Technetix\",\"description\":\"Next-generation broadband equipment engineering\",\"publisher\":{\"@id\":\"https:\\\/\\\/emea.technetix.com\\\/de\\\/#organization\"},\"potentialAction\":[{\"@type\":\"SearchAction\",\"target\":{\"@type\":\"EntryPoint\",\"urlTemplate\":\"https:\\\/\\\/emea.technetix.com\\\/de\\\/?s={search_term_string}\"},\"query-input\":{\"@type\":\"PropertyValueSpecification\",\"valueRequired\":true,\"valueName\":\"search_term_string\"}}],\"inLanguage\":\"de\"},{\"@type\":\"Organization\",\"@id\":\"https:\\\/\\\/emea.technetix.com\\\/de\\\/#organization\",\"name\":\"Technetix\",\"url\":\"https:\\\/\\\/emea.technetix.com\\\/de\\\/\",\"logo\":{\"@type\":\"ImageObject\",\"inLanguage\":\"de\",\"@id\":\"https:\\\/\\\/emea.technetix.com\\\/de\\\/#\\\/schema\\\/logo\\\/image\\\/\",\"url\":\"https:\\\/\\\/emea.technetix.com\\\/wp-content\\\/uploads\\\/sites\\\/2\\\/2023\\\/06\\\/logo-Technetix-1000x1000-1.png\",\"contentUrl\":\"https:\\\/\\\/emea.technetix.com\\\/wp-content\\\/uploads\\\/sites\\\/2\\\/2023\\\/06\\\/logo-Technetix-1000x1000-1.png\",\"width\":1000,\"height\":1000,\"caption\":\"Technetix\"},\"image\":{\"@id\":\"https:\\\/\\\/emea.technetix.com\\\/de\\\/#\\\/schema\\\/logo\\\/image\\\/\"},\"sameAs\":[\"https:\\\/\\\/x.com\\\/technetixgroup\",\"https:\\\/\\\/www.linkedin.com\\\/company\\\/technetix\\\/\",\"https:\\\/\\\/www.youtube.com\\\/c\\\/Technetix-group\"]}]}<\/script>\n<!-- \/ Yoast SEO Premium plugin. -->","yoast_head_json":{"title":"XGT-Abzweiger - Technetix EMEA","robots":{"index":"index","follow":"follow","max-snippet":"max-snippet:-1","max-image-preview":"max-image-preview:large","max-video-preview":"max-video-preview:-1"},"canonical":"https:\/\/emea.technetix.com\/de\/hfc-netzwerke\/mehrfachabzweiger-und-passive-leitungskomponenten\/xgt-abzweiger\/","og_locale":"de_DE","og_type":"article","og_title":"XGT-Abzweiger - Technetix EMEA","og_description":"XGT-Abzweiger Die XGT-Serie umfasst einen neuen 1,8 GHz-Mehrfachabzweiger, der zur Erweiterung Ihres \u00e4u\u00dferen Netzwerks auf 10G heute und zuk\u00fcnftig 25G entworfen wurde. 1 Die 1,8 GHz-Frontplatte kann ohne Unterbrechung der Stromversorgung oder der HF-Signale im Leitungsverlauf ausgetauscht werden 2 Signalaufbereitungseinschub 3 Platzhalter f\u00fcr Kopplermodule (f\u00fcr schraubenlose Wartung) 4 3 GHz-Geh\u00e4use f\u00fcr k\u00fcnftige Aufr\u00fcstungen 5 Spezielle ... Read more","og_url":"https:\/\/emea.technetix.com\/de\/hfc-netzwerke\/mehrfachabzweiger-und-passive-leitungskomponenten\/xgt-abzweiger\/","og_site_name":"Technetix EMEA","article_modified_time":"2023-08-31T13:59:59+00:00","og_image":[{"width":1920,"height":450,"url":"https:\/\/emea.technetix.com\/wp-content\/uploads\/sites\/2\/2023\/02\/LANDING_PAGE_LARGE_XGT_FINAL.jpeg","type":"image\/jpeg"}],"twitter_card":"summary_large_image","twitter_site":"@technetixgroup","twitter_misc":{"Gesch\u00e4tzte Lesezeit":"3\u00a0Minuten"},"schema":{"@context":"https:\/\/schema.org","@graph":[{"@type":"WebPage","@id":"https:\/\/emea.technetix.com\/de\/hfc-netzwerke\/mehrfachabzweiger-und-passive-leitungskomponenten\/xgt-abzweiger\/","url":"https:\/\/emea.technetix.com\/de\/hfc-netzwerke\/mehrfachabzweiger-und-passive-leitungskomponenten\/xgt-abzweiger\/","name":"XGT-Abzweiger - Technetix EMEA","isPartOf":{"@id":"https:\/\/emea.technetix.com\/de\/#website"},"primaryImageOfPage":{"@id":"https:\/\/emea.technetix.com\/de\/hfc-netzwerke\/mehrfachabzweiger-und-passive-leitungskomponenten\/xgt-abzweiger\/#primaryimage"},"image":{"@id":"https:\/\/emea.technetix.com\/de\/hfc-netzwerke\/mehrfachabzweiger-und-passive-leitungskomponenten\/xgt-abzweiger\/#primaryimage"},"thumbnailUrl":"https:\/\/emea.technetix.com\/wp-content\/uploads\/sites\/2\/2023\/02\/LANDING_PAGE_LARGE_XGT_FINAL.jpeg","datePublished":"2023-02-02T20:06:55+00:00","dateModified":"2023-08-31T13:59:59+00:00","breadcrumb":{"@id":"https:\/\/emea.technetix.com\/de\/hfc-netzwerke\/mehrfachabzweiger-und-passive-leitungskomponenten\/xgt-abzweiger\/#breadcrumb"},"inLanguage":"de","potentialAction":[{"@type":"ReadAction","target":["https:\/\/emea.technetix.com\/de\/hfc-netzwerke\/mehrfachabzweiger-und-passive-leitungskomponenten\/xgt-abzweiger\/"]}]},{"@type":"ImageObject","inLanguage":"de","@id":"https:\/\/emea.technetix.com\/de\/hfc-netzwerke\/mehrfachabzweiger-und-passive-leitungskomponenten\/xgt-abzweiger\/#primaryimage","url":"https:\/\/emea.technetix.com\/wp-content\/uploads\/sites\/2\/2023\/02\/LANDING_PAGE_LARGE_XGT_FINAL.jpeg","contentUrl":"https:\/\/emea.technetix.com\/wp-content\/uploads\/sites\/2\/2023\/02\/LANDING_PAGE_LARGE_XGT_FINAL.jpeg","width":1920,"height":450},{"@type":"BreadcrumbList","@id":"https:\/\/emea.technetix.com\/de\/hfc-netzwerke\/mehrfachabzweiger-und-passive-leitungskomponenten\/xgt-abzweiger\/#breadcrumb","itemListElement":[{"@type":"ListItem","position":1,"name":"Home","item":"https:\/\/emea.technetix.com\/de\/"},{"@type":"ListItem","position":2,"name":"Breitband Kabel","item":"https:\/\/emea.technetix.com\/de\/hfc-netzwerke\/"},{"@type":"ListItem","position":3,"name":"Mehrfachabzweiger und passive Leitungskomponenten","item":"https:\/\/emea.technetix.com\/de\/hfc-netzwerke\/mehrfachabzweiger-und-passive-leitungskomponenten\/"},{"@type":"ListItem","position":4,"name":"XGT-Abzweiger"}]},{"@type":"WebSite","@id":"https:\/\/emea.technetix.com\/de\/#website","url":"https:\/\/emea.technetix.com\/de\/","name":"Technetix","description":"Next-generation broadband equipment engineering","publisher":{"@id":"https:\/\/emea.technetix.com\/de\/#organization"},"potentialAction":[{"@type":"SearchAction","target":{"@type":"EntryPoint","urlTemplate":"https:\/\/emea.technetix.com\/de\/?s={search_term_string}"},"query-input":{"@type":"PropertyValueSpecification","valueRequired":true,"valueName":"search_term_string"}}],"inLanguage":"de"},{"@type":"Organization","@id":"https:\/\/emea.technetix.com\/de\/#organization","name":"Technetix","url":"https:\/\/emea.technetix.com\/de\/","logo":{"@type":"ImageObject","inLanguage":"de","@id":"https:\/\/emea.technetix.com\/de\/#\/schema\/logo\/image\/","url":"https:\/\/emea.technetix.com\/wp-content\/uploads\/sites\/2\/2023\/06\/logo-Technetix-1000x1000-1.png","contentUrl":"https:\/\/emea.technetix.com\/wp-content\/uploads\/sites\/2\/2023\/06\/logo-Technetix-1000x1000-1.png","width":1000,"height":1000,"caption":"Technetix"},"image":{"@id":"https:\/\/emea.technetix.com\/de\/#\/schema\/logo\/image\/"},"sameAs":["https:\/\/x.com\/technetixgroup","https:\/\/www.linkedin.com\/company\/technetix\/","https:\/\/www.youtube.com\/c\/Technetix-group"]}]}},"acf":[],"publishpress_future_workflow_manual_trigger":{"enabledWorkflows":[]},"_links":{"self":[{"href":"https:\/\/emea.technetix.com\/de\/wp-json\/wp\/v2\/pages\/6405","targetHints":{"allow":["GET"]}}],"collection":[{"href":"https:\/\/emea.technetix.com\/de\/wp-json\/wp\/v2\/pages"}],"about":[{"href":"https:\/\/emea.technetix.com\/de\/wp-json\/wp\/v2\/types\/page"}],"author":[{"embeddable":true,"href":"https:\/\/emea.technetix.com\/de\/wp-json\/wp\/v2\/users\/1"}],"replies":[{"embeddable":true,"href":"https:\/\/emea.technetix.com\/de\/wp-json\/wp\/v2\/comments?post=6405"}],"version-history":[{"count":0,"href":"https:\/\/emea.technetix.com\/de\/wp-json\/wp\/v2\/pages\/6405\/revisions"}],"up":[{"embeddable":true,"href":"https:\/\/emea.technetix.com\/de\/wp-json\/wp\/v2\/pages\/6185"}],"wp:featuredmedia":[{"embeddable":true,"href":"https:\/\/emea.technetix.com\/de\/wp-json\/wp\/v2\/media\/2448"}],"wp:attachment":[{"href":"https:\/\/emea.technetix.com\/de\/wp-json\/wp\/v2\/media?parent=6405"}],"curies":[{"name":"wp","href":"https:\/\/api.w.org\/{rel}","templated":true}]}}