{"id":6401,"date":"2023-02-02T21:40:15","date_gmt":"2023-02-02T21:40:15","guid":{"rendered":"https:\/\/emea.technetix.com\/hfc-netzwerke\/komponenten-fur-hausnetzwerke\/rla\/"},"modified":"2023-05-06T19:54:19","modified_gmt":"2023-05-06T19:54:19","slug":"rla","status":"publish","type":"page","link":"https:\/\/emea.technetix.com\/de\/hfc-netzwerke\/komponenten-fur-hausnetzwerke\/rla\/","title":{"rendered":"RLA++ Antennenkabel"},"content":{"rendered":"<div class=\"gb-container gb-container-f86f3f4f gb-container-hero-banner\"><div class=\"gb-inside-container\">\n<h1 class=\"gb-headline gb-headline-e1547755 gb-headline-text gb-headline-hero-banner-title\">RLA++ Antennenkabel<\/h1>\n<\/div><\/div>\n\n<div class=\"gb-container gb-container-eba9ca6e gb-container-inner-back-page-con\">\n\n<h2 class=\"gb-headline gb-headline-d02c52e4 gb-headline-text\">Die Qualit\u00e4t ist entscheidend<\/h2>\n\n\n\n<ul class=\"wp-block-list\">\n<li>LTE-gesch\u00fctzt, Abschirmungseffektivit\u00e4t Class A++ Ende-zu-Ende<\/li>\n\n\n\n<li>Ein Push-On-Steckverbinder gew\u00e4hrleistet eine sichere HF-Verbindung<\/li>\n\n\n\n<li>Werkzeuglose Installation beim Kunden<\/li>\n<\/ul>\n\n\n\n<p class=\"gb-headline gb-headline-6656b5c3 gb-headline-text\">Die Signal Performance eines Netzbetreibers kann nur so gut sein, wie das schw\u00e4chste Glied in der Kette. Aus diesem Grund ist die Qualit\u00e4t und Zuverl\u00e4ssigkeit der Antennenkabel genauso wichtig wie die der weiteren Komponenten eines Kabelsystems. Die intensive Pr\u00fcfung der Materialspezifikation sowie der Konstruktions- und Leistungseigenschaften gew\u00e4hrleistet eine optimale Kundenzufriedenheit von der Installation bis hin zu einer langen Betriebsdauer.  <\/p>\n\n\n\n<p class=\"gb-headline gb-headline-27ae2a35 gb-headline-text\">Die Steckverbinder sind sicher mit den Kabeln verbunden und gew\u00e4hrleisten so eine gute Zugfestigkeit. Die inneren Leiter der Kabel werden zum Zweck einer exzellenten elektrischen und mechanischen Leistung mit den inneren Anschl\u00fcssen verl\u00f6tet (und nicht nur gecrimpt). Garantierte \u00dcbertragungsleistung zwischen 5 und 2400 MHz wodurch die RLA++ Antennenkabel kompatibel zu DOCSIS 4.0 sind.  <\/p>\n\n\n\n<figure class=\"gb-block-image gb-block-image-61e35e7d\"><img loading=\"lazy\" decoding=\"async\" width=\"600\" height=\"600\" class=\"gb-image gb-image-61e35e7d\" src=\"https:\/\/emea.technetix.com\/wp-content\/uploads\/sites\/2\/2023\/02\/problem_rla.jpeg\" alt=\"LTE-gesch\u00fctzt, Abschirmungseffektivit\u00e4t Class A++ Ende-zu-Ende\" srcset=\"https:\/\/emea.technetix.com\/wp-content\/uploads\/sites\/2\/2023\/02\/problem_rla.jpeg 600w, https:\/\/emea.technetix.com\/wp-content\/uploads\/sites\/2\/2023\/02\/problem_rla-300x300.jpeg 300w, https:\/\/emea.technetix.com\/wp-content\/uploads\/sites\/2\/2023\/02\/problem_rla-150x150.jpeg 150w, https:\/\/emea.technetix.com\/wp-content\/uploads\/sites\/2\/2023\/02\/problem_rla-100x100.jpeg 100w\" sizes=\"auto, (max-width: 600px) 100vw, 600px\" \/><\/figure>\n\n\n\n<h2 class=\"gb-headline gb-headline-6b17d0fd gb-headline-text gb-headline-h2-in-content\">Vierfache Abschirmung f\u00fcr eine \u00fcberlegene St\u00f6rstrahlungsfestigkeit<\/h2>\n\n\n\n<p class=\"gb-headline gb-headline-623f5b86 gb-headline-text\">Die im Haus vorhandene elektromagnetische Interferenz-Strahlung wird durch viele externe Quellen verursacht, insbesondere LTE und 5G-Mobiltelefone, die im Frequenzbereich von 663 bis 915 MHz senden. Die Abschirmung eines Kabels muss daher die unterschiedlichen Bedingungen sowohl der Abstrahlung als auch der Einstrahlung unerw\u00fcnschter Signale d\u00e4mpfen. Zur Erf\u00fcllung dieser Anforderung \u00fcberschreitet die HF-Spezifikation der Technetix-Antennenkabel durch die Verwendung einer vierfachen Folien- und Geflecht-Abschirmung die Abschirmeffizienz der Klasse A++ im gesamten Frequenzbereich.  <\/p>\n\n<\/div>\n\n<div class=\"gb-container gb-container-f76116c9\"><div class=\"gb-inside-container\">\n\n<figure class=\"gb-block-image gb-block-image-ce509f07\"><img loading=\"lazy\" decoding=\"async\" width=\"1400\" height=\"400\" class=\"gb-image gb-image-ce509f07\" src=\"https:\/\/emea.technetix.com\/wp-content\/uploads\/sites\/2\/2023\/02\/lifestyle_rla.jpeg\" alt=\"Vierfache Abschirmung f\u00fcr eine \u00fcberlegene St\u00f6rstrahlungsfestigkeit\" srcset=\"https:\/\/emea.technetix.com\/wp-content\/uploads\/sites\/2\/2023\/02\/lifestyle_rla.jpeg 1400w, https:\/\/emea.technetix.com\/wp-content\/uploads\/sites\/2\/2023\/02\/lifestyle_rla-300x86.jpeg 300w, https:\/\/emea.technetix.com\/wp-content\/uploads\/sites\/2\/2023\/02\/lifestyle_rla-1024x293.jpeg 1024w, https:\/\/emea.technetix.com\/wp-content\/uploads\/sites\/2\/2023\/02\/lifestyle_rla-768x219.jpeg 768w, https:\/\/emea.technetix.com\/wp-content\/uploads\/sites\/2\/2023\/02\/lifestyle_rla-600x171.jpeg 600w\" sizes=\"auto, (max-width: 1400px) 100vw, 1400px\" \/><\/figure>\n\n<\/div><\/div>\n\n<div class=\"gb-container gb-container-10d2090b gb-container-inner-back-page-con\">\n\n<h2 class=\"gb-headline gb-headline-cbd6fa86 gb-headline-text gb-headline-h2-in-content\">Die Erfolgsquote bei der Selbstinstallation<\/h2>\n\n\n\n<p class=\"gb-headline gb-headline-6a45ac49 gb-headline-text\">Die Selbstinstallation durch den Teilnehmer ohne eines Techniker- Vor-Ort Einsatzes spielte in der Gewinnung neuer Kunden eine Schl\u00fcsselrolle. Zur Erzielung eines garantiert rauscharmen Ingresses bzw. zur Vermeidung von Mobil-Interferenzen erfordern die steckbaren F-Verbinder keinen Schraubenschl\u00fcsseleinsatz durch den Kunden \u2212 und erh\u00f6hen so die Erfolgsquote der Selbstinstallationen und verringern die Kosten bei der Neukundengewinnung. Die RLA++ Serie kann kundenspezifisch gestaltet werden: es sind alle L\u00e4ngen, Steckverbinderkombinationen und Kabelfarben f\u00fcr Ihre Selbstinstallationskits oder einen beliebigen anderen Zweck verf\u00fcgbar.  <\/p>\n\n\n\n<figure class=\"gb-block-image gb-block-image-4586c52f\"><img loading=\"lazy\" decoding=\"async\" width=\"600\" height=\"600\" class=\"gb-image gb-image-4586c52f\" src=\"https:\/\/emea.technetix.com\/wp-content\/uploads\/sites\/2\/2023\/02\/solution_rla-new.jpeg\" alt=\"Die Erfolgsquote bei der Selbstinstallation\" srcset=\"https:\/\/emea.technetix.com\/wp-content\/uploads\/sites\/2\/2023\/02\/solution_rla-new.jpeg 600w, https:\/\/emea.technetix.com\/wp-content\/uploads\/sites\/2\/2023\/02\/solution_rla-new-300x300.jpeg 300w, https:\/\/emea.technetix.com\/wp-content\/uploads\/sites\/2\/2023\/02\/solution_rla-new-150x150.jpeg 150w, https:\/\/emea.technetix.com\/wp-content\/uploads\/sites\/2\/2023\/02\/solution_rla-new-100x100.jpeg 100w\" sizes=\"auto, (max-width: 600px) 100vw, 600px\" \/><\/figure>\n\n\n\n<figure class=\"gb-block-image gb-block-image-a55371d1\"><img loading=\"lazy\" decoding=\"async\" width=\"300\" height=\"169\" class=\"gb-image gb-image-a55371d1\" src=\"https:\/\/emea.technetix.com\/wp-content\/uploads\/sites\/2\/2023\/02\/f-safe_300px-10fps.gif\" alt=\"Die RLA++ Serie kann kundenspezifisch gestaltet werden: es sind alle L\u00e4ngen, Steckverbinderkombinationen und Kabelfarben f\u00fcr Ihre Selbstinstallationskits oder einen beliebigen anderen Zweck verf\u00fcgbar\" title=\"Die RLA++ Serie kann kundenspezifisch gestaltet werden: es sind alle L\u00e4ngen, Steckverbinderkombinationen und Kabelfarben f\u00fcr Ihre Selbstinstallationskits oder einen beliebigen anderen Zweck verf\u00fcgbar\"\/><\/figure>\n\n<\/div>\n\n<div class=\"gb-container gb-container-21788e07 gb-container-con-buttons-bottom\">\n\n<h2 class=\"gb-headline gb-headline-ff6231f4 gb-headline-text gb-headline-head-bottom-buttons\">N\u00fctzliche Links<\/h2>\n\n\n<div class=\"gb-button-wrapper gb-button-wrapper-9ccb3c2c gb-button-wrapper-after-con-buttons\">\n\n<a class=\"gb-button gb-button-312db0d3 gb-button-text gb-button-bottom-button\" href=\"https:\/\/emea.technetix.com\/de\/produkte\/breitband-technologie\/hf-in-home-konnektivitat\/\">\u00dcberblick \u00fcber die Serie<\/a>\n\n\n\n<a class=\"gb-button gb-button-df21d661 gb-button-text gb-button-bottom-button\" href=\"https:\/\/emea.technetix.com\/wp-content\/uploads\/sites\/2\/2023\/02\/NextGenFlyLeads_BRC_EN.pdf\" target=\"_blank\" rel=\"noopener noreferrer\">White paper<\/a>\n\n\n\n<a class=\"gb-button gb-button-630ff88a gb-button-text gb-button-bottom-button\" href=\"https:\/\/emea.technetix.com\/wp-content\/uploads\/sites\/2\/2023\/02\/19014194_RLA-40-15BA_DS_EN.pdf\" target=\"_blank\" rel=\"noopener noreferrer\">Datenblatt<\/a>\n\n\n\n<a class=\"gb-button gb-button-89973003 gb-button-text gb-button-bottom-button\" href=\"https:\/\/emea.technetix.com\/de\/kontakt\/\">Kontakt<\/a>\n\n<\/div>\n<\/div>","protected":false},"excerpt":{"rendered":"<p>RLA++ Antennenkabel Die Qualit\u00e4t ist entscheidend Die Signal Performance eines Netzbetreibers kann nur so gut sein, wie das schw\u00e4chste Glied in der Kette. Aus diesem Grund ist die Qualit\u00e4t und Zuverl\u00e4ssigkeit der Antennenkabel genauso wichtig wie die der weiteren Komponenten eines Kabelsystems. Die intensive Pr\u00fcfung der Materialspezifikation sowie der Konstruktions- und Leistungseigenschaften gew\u00e4hrleistet eine optimale &#8230; <a title=\"RLA++ Antennenkabel\" class=\"read-more\" href=\"https:\/\/emea.technetix.com\/de\/hfc-netzwerke\/komponenten-fur-hausnetzwerke\/rla\/\" aria-label=\"Mehr Informationen \u00fcber RLA++ Antennenkabel\">Read more<\/a><\/p>\n","protected":false},"author":1,"featured_media":2508,"parent":6195,"menu_order":0,"comment_status":"closed","ping_status":"closed","template":"","meta":{"_acf_changed":false,"_gspb_post_css":"","footnotes":""},"class_list":["post-6401","page","type-page","status-publish","has-post-thumbnail"],"yoast_head":"<!-- This site is optimized with the Yoast SEO Premium plugin v22.5 (Yoast SEO v27.3) - https:\/\/yoast.com\/product\/yoast-seo-premium-wordpress\/ -->\n<title>RLA++ Antennenkabel - Technetix EMEA<\/title>\n<meta name=\"robots\" content=\"index, follow, max-snippet:-1, max-image-preview:large, max-video-preview:-1\" \/>\n<link rel=\"canonical\" href=\"https:\/\/emea.technetix.com\/de\/hfc-netzwerke\/komponenten-fur-hausnetzwerke\/rla\/\" \/>\n<meta property=\"og:locale\" content=\"de_DE\" \/>\n<meta property=\"og:type\" content=\"article\" \/>\n<meta property=\"og:title\" content=\"RLA++ Antennenkabel - Technetix EMEA\" \/>\n<meta property=\"og:description\" content=\"RLA++ Antennenkabel Die Qualit\u00e4t ist entscheidend Die Signal Performance eines Netzbetreibers kann nur so gut sein, wie das schw\u00e4chste Glied in der Kette. Aus diesem Grund ist die Qualit\u00e4t und Zuverl\u00e4ssigkeit der Antennenkabel genauso wichtig wie die der weiteren Komponenten eines Kabelsystems. Die intensive Pr\u00fcfung der Materialspezifikation sowie der Konstruktions- und Leistungseigenschaften gew\u00e4hrleistet eine optimale ... Read more\" \/>\n<meta property=\"og:url\" content=\"https:\/\/emea.technetix.com\/de\/hfc-netzwerke\/komponenten-fur-hausnetzwerke\/rla\/\" \/>\n<meta property=\"og:site_name\" content=\"Technetix EMEA\" \/>\n<meta property=\"article:modified_time\" content=\"2023-05-06T19:54:19+00:00\" \/>\n<meta property=\"og:image\" content=\"https:\/\/emea.technetix.com\/wp-content\/uploads\/sites\/2\/2023\/02\/LANDING_PAGE_LARGE_RLApp_FINAL.jpeg\" \/>\n\t<meta property=\"og:image:width\" content=\"1920\" \/>\n\t<meta property=\"og:image:height\" content=\"450\" \/>\n\t<meta property=\"og:image:type\" content=\"image\/jpeg\" \/>\n<meta name=\"twitter:card\" content=\"summary_large_image\" \/>\n<meta name=\"twitter:site\" content=\"@technetixgroup\" \/>\n<meta name=\"twitter:label1\" content=\"Gesch\u00e4tzte Lesezeit\" \/>\n\t<meta name=\"twitter:data1\" content=\"3\u00a0Minuten\" \/>\n<script type=\"application\/ld+json\" class=\"yoast-schema-graph\">{\"@context\":\"https:\\\/\\\/schema.org\",\"@graph\":[{\"@type\":\"WebPage\",\"@id\":\"https:\\\/\\\/emea.technetix.com\\\/de\\\/hfc-netzwerke\\\/komponenten-fur-hausnetzwerke\\\/rla\\\/\",\"url\":\"https:\\\/\\\/emea.technetix.com\\\/de\\\/hfc-netzwerke\\\/komponenten-fur-hausnetzwerke\\\/rla\\\/\",\"name\":\"RLA++ Antennenkabel - Technetix EMEA\",\"isPartOf\":{\"@id\":\"https:\\\/\\\/emea.technetix.com\\\/de\\\/#website\"},\"primaryImageOfPage\":{\"@id\":\"https:\\\/\\\/emea.technetix.com\\\/de\\\/hfc-netzwerke\\\/komponenten-fur-hausnetzwerke\\\/rla\\\/#primaryimage\"},\"image\":{\"@id\":\"https:\\\/\\\/emea.technetix.com\\\/de\\\/hfc-netzwerke\\\/komponenten-fur-hausnetzwerke\\\/rla\\\/#primaryimage\"},\"thumbnailUrl\":\"https:\\\/\\\/emea.technetix.com\\\/wp-content\\\/uploads\\\/sites\\\/2\\\/2023\\\/02\\\/LANDING_PAGE_LARGE_RLApp_FINAL.jpeg\",\"datePublished\":\"2023-02-02T21:40:15+00:00\",\"dateModified\":\"2023-05-06T19:54:19+00:00\",\"breadcrumb\":{\"@id\":\"https:\\\/\\\/emea.technetix.com\\\/de\\\/hfc-netzwerke\\\/komponenten-fur-hausnetzwerke\\\/rla\\\/#breadcrumb\"},\"inLanguage\":\"de\",\"potentialAction\":[{\"@type\":\"ReadAction\",\"target\":[\"https:\\\/\\\/emea.technetix.com\\\/de\\\/hfc-netzwerke\\\/komponenten-fur-hausnetzwerke\\\/rla\\\/\"]}]},{\"@type\":\"ImageObject\",\"inLanguage\":\"de\",\"@id\":\"https:\\\/\\\/emea.technetix.com\\\/de\\\/hfc-netzwerke\\\/komponenten-fur-hausnetzwerke\\\/rla\\\/#primaryimage\",\"url\":\"https:\\\/\\\/emea.technetix.com\\\/wp-content\\\/uploads\\\/sites\\\/2\\\/2023\\\/02\\\/LANDING_PAGE_LARGE_RLApp_FINAL.jpeg\",\"contentUrl\":\"https:\\\/\\\/emea.technetix.com\\\/wp-content\\\/uploads\\\/sites\\\/2\\\/2023\\\/02\\\/LANDING_PAGE_LARGE_RLApp_FINAL.jpeg\",\"width\":1920,\"height\":450},{\"@type\":\"BreadcrumbList\",\"@id\":\"https:\\\/\\\/emea.technetix.com\\\/de\\\/hfc-netzwerke\\\/komponenten-fur-hausnetzwerke\\\/rla\\\/#breadcrumb\",\"itemListElement\":[{\"@type\":\"ListItem\",\"position\":1,\"name\":\"Home\",\"item\":\"https:\\\/\\\/emea.technetix.com\\\/de\\\/\"},{\"@type\":\"ListItem\",\"position\":2,\"name\":\"Breitband Kabel\",\"item\":\"https:\\\/\\\/emea.technetix.com\\\/de\\\/hfc-netzwerke\\\/\"},{\"@type\":\"ListItem\",\"position\":3,\"name\":\"Komponenten f\u00fcr Hausnetzwerke\",\"item\":\"https:\\\/\\\/emea.technetix.com\\\/de\\\/hfc-netzwerke\\\/komponenten-fur-hausnetzwerke\\\/\"},{\"@type\":\"ListItem\",\"position\":4,\"name\":\"RLA++ Antennenkabel\"}]},{\"@type\":\"WebSite\",\"@id\":\"https:\\\/\\\/emea.technetix.com\\\/de\\\/#website\",\"url\":\"https:\\\/\\\/emea.technetix.com\\\/de\\\/\",\"name\":\"Technetix\",\"description\":\"Next-generation broadband equipment engineering\",\"publisher\":{\"@id\":\"https:\\\/\\\/emea.technetix.com\\\/de\\\/#organization\"},\"potentialAction\":[{\"@type\":\"SearchAction\",\"target\":{\"@type\":\"EntryPoint\",\"urlTemplate\":\"https:\\\/\\\/emea.technetix.com\\\/de\\\/?s={search_term_string}\"},\"query-input\":{\"@type\":\"PropertyValueSpecification\",\"valueRequired\":true,\"valueName\":\"search_term_string\"}}],\"inLanguage\":\"de\"},{\"@type\":\"Organization\",\"@id\":\"https:\\\/\\\/emea.technetix.com\\\/de\\\/#organization\",\"name\":\"Technetix\",\"url\":\"https:\\\/\\\/emea.technetix.com\\\/de\\\/\",\"logo\":{\"@type\":\"ImageObject\",\"inLanguage\":\"de\",\"@id\":\"https:\\\/\\\/emea.technetix.com\\\/de\\\/#\\\/schema\\\/logo\\\/image\\\/\",\"url\":\"https:\\\/\\\/emea.technetix.com\\\/wp-content\\\/uploads\\\/sites\\\/2\\\/2023\\\/06\\\/logo-Technetix-1000x1000-1.png\",\"contentUrl\":\"https:\\\/\\\/emea.technetix.com\\\/wp-content\\\/uploads\\\/sites\\\/2\\\/2023\\\/06\\\/logo-Technetix-1000x1000-1.png\",\"width\":1000,\"height\":1000,\"caption\":\"Technetix\"},\"image\":{\"@id\":\"https:\\\/\\\/emea.technetix.com\\\/de\\\/#\\\/schema\\\/logo\\\/image\\\/\"},\"sameAs\":[\"https:\\\/\\\/x.com\\\/technetixgroup\",\"https:\\\/\\\/www.linkedin.com\\\/company\\\/technetix\\\/\",\"https:\\\/\\\/www.youtube.com\\\/c\\\/Technetix-group\"]}]}<\/script>\n<!-- \/ Yoast SEO Premium plugin. -->","yoast_head_json":{"title":"RLA++ Antennenkabel - Technetix EMEA","robots":{"index":"index","follow":"follow","max-snippet":"max-snippet:-1","max-image-preview":"max-image-preview:large","max-video-preview":"max-video-preview:-1"},"canonical":"https:\/\/emea.technetix.com\/de\/hfc-netzwerke\/komponenten-fur-hausnetzwerke\/rla\/","og_locale":"de_DE","og_type":"article","og_title":"RLA++ Antennenkabel - Technetix EMEA","og_description":"RLA++ Antennenkabel Die Qualit\u00e4t ist entscheidend Die Signal Performance eines Netzbetreibers kann nur so gut sein, wie das schw\u00e4chste Glied in der Kette. Aus diesem Grund ist die Qualit\u00e4t und Zuverl\u00e4ssigkeit der Antennenkabel genauso wichtig wie die der weiteren Komponenten eines Kabelsystems. Die intensive Pr\u00fcfung der Materialspezifikation sowie der Konstruktions- und Leistungseigenschaften gew\u00e4hrleistet eine optimale ... Read more","og_url":"https:\/\/emea.technetix.com\/de\/hfc-netzwerke\/komponenten-fur-hausnetzwerke\/rla\/","og_site_name":"Technetix EMEA","article_modified_time":"2023-05-06T19:54:19+00:00","og_image":[{"width":1920,"height":450,"url":"https:\/\/emea.technetix.com\/wp-content\/uploads\/sites\/2\/2023\/02\/LANDING_PAGE_LARGE_RLApp_FINAL.jpeg","type":"image\/jpeg"}],"twitter_card":"summary_large_image","twitter_site":"@technetixgroup","twitter_misc":{"Gesch\u00e4tzte Lesezeit":"3\u00a0Minuten"},"schema":{"@context":"https:\/\/schema.org","@graph":[{"@type":"WebPage","@id":"https:\/\/emea.technetix.com\/de\/hfc-netzwerke\/komponenten-fur-hausnetzwerke\/rla\/","url":"https:\/\/emea.technetix.com\/de\/hfc-netzwerke\/komponenten-fur-hausnetzwerke\/rla\/","name":"RLA++ Antennenkabel - Technetix EMEA","isPartOf":{"@id":"https:\/\/emea.technetix.com\/de\/#website"},"primaryImageOfPage":{"@id":"https:\/\/emea.technetix.com\/de\/hfc-netzwerke\/komponenten-fur-hausnetzwerke\/rla\/#primaryimage"},"image":{"@id":"https:\/\/emea.technetix.com\/de\/hfc-netzwerke\/komponenten-fur-hausnetzwerke\/rla\/#primaryimage"},"thumbnailUrl":"https:\/\/emea.technetix.com\/wp-content\/uploads\/sites\/2\/2023\/02\/LANDING_PAGE_LARGE_RLApp_FINAL.jpeg","datePublished":"2023-02-02T21:40:15+00:00","dateModified":"2023-05-06T19:54:19+00:00","breadcrumb":{"@id":"https:\/\/emea.technetix.com\/de\/hfc-netzwerke\/komponenten-fur-hausnetzwerke\/rla\/#breadcrumb"},"inLanguage":"de","potentialAction":[{"@type":"ReadAction","target":["https:\/\/emea.technetix.com\/de\/hfc-netzwerke\/komponenten-fur-hausnetzwerke\/rla\/"]}]},{"@type":"ImageObject","inLanguage":"de","@id":"https:\/\/emea.technetix.com\/de\/hfc-netzwerke\/komponenten-fur-hausnetzwerke\/rla\/#primaryimage","url":"https:\/\/emea.technetix.com\/wp-content\/uploads\/sites\/2\/2023\/02\/LANDING_PAGE_LARGE_RLApp_FINAL.jpeg","contentUrl":"https:\/\/emea.technetix.com\/wp-content\/uploads\/sites\/2\/2023\/02\/LANDING_PAGE_LARGE_RLApp_FINAL.jpeg","width":1920,"height":450},{"@type":"BreadcrumbList","@id":"https:\/\/emea.technetix.com\/de\/hfc-netzwerke\/komponenten-fur-hausnetzwerke\/rla\/#breadcrumb","itemListElement":[{"@type":"ListItem","position":1,"name":"Home","item":"https:\/\/emea.technetix.com\/de\/"},{"@type":"ListItem","position":2,"name":"Breitband Kabel","item":"https:\/\/emea.technetix.com\/de\/hfc-netzwerke\/"},{"@type":"ListItem","position":3,"name":"Komponenten f\u00fcr Hausnetzwerke","item":"https:\/\/emea.technetix.com\/de\/hfc-netzwerke\/komponenten-fur-hausnetzwerke\/"},{"@type":"ListItem","position":4,"name":"RLA++ Antennenkabel"}]},{"@type":"WebSite","@id":"https:\/\/emea.technetix.com\/de\/#website","url":"https:\/\/emea.technetix.com\/de\/","name":"Technetix","description":"Next-generation broadband equipment engineering","publisher":{"@id":"https:\/\/emea.technetix.com\/de\/#organization"},"potentialAction":[{"@type":"SearchAction","target":{"@type":"EntryPoint","urlTemplate":"https:\/\/emea.technetix.com\/de\/?s={search_term_string}"},"query-input":{"@type":"PropertyValueSpecification","valueRequired":true,"valueName":"search_term_string"}}],"inLanguage":"de"},{"@type":"Organization","@id":"https:\/\/emea.technetix.com\/de\/#organization","name":"Technetix","url":"https:\/\/emea.technetix.com\/de\/","logo":{"@type":"ImageObject","inLanguage":"de","@id":"https:\/\/emea.technetix.com\/de\/#\/schema\/logo\/image\/","url":"https:\/\/emea.technetix.com\/wp-content\/uploads\/sites\/2\/2023\/06\/logo-Technetix-1000x1000-1.png","contentUrl":"https:\/\/emea.technetix.com\/wp-content\/uploads\/sites\/2\/2023\/06\/logo-Technetix-1000x1000-1.png","width":1000,"height":1000,"caption":"Technetix"},"image":{"@id":"https:\/\/emea.technetix.com\/de\/#\/schema\/logo\/image\/"},"sameAs":["https:\/\/x.com\/technetixgroup","https:\/\/www.linkedin.com\/company\/technetix\/","https:\/\/www.youtube.com\/c\/Technetix-group"]}]}},"acf":[],"publishpress_future_workflow_manual_trigger":{"enabledWorkflows":[]},"_links":{"self":[{"href":"https:\/\/emea.technetix.com\/de\/wp-json\/wp\/v2\/pages\/6401","targetHints":{"allow":["GET"]}}],"collection":[{"href":"https:\/\/emea.technetix.com\/de\/wp-json\/wp\/v2\/pages"}],"about":[{"href":"https:\/\/emea.technetix.com\/de\/wp-json\/wp\/v2\/types\/page"}],"author":[{"embeddable":true,"href":"https:\/\/emea.technetix.com\/de\/wp-json\/wp\/v2\/users\/1"}],"replies":[{"embeddable":true,"href":"https:\/\/emea.technetix.com\/de\/wp-json\/wp\/v2\/comments?post=6401"}],"version-history":[{"count":0,"href":"https:\/\/emea.technetix.com\/de\/wp-json\/wp\/v2\/pages\/6401\/revisions"}],"up":[{"embeddable":true,"href":"https:\/\/emea.technetix.com\/de\/wp-json\/wp\/v2\/pages\/6195"}],"wp:featuredmedia":[{"embeddable":true,"href":"https:\/\/emea.technetix.com\/de\/wp-json\/wp\/v2\/media\/2508"}],"wp:attachment":[{"href":"https:\/\/emea.technetix.com\/de\/wp-json\/wp\/v2\/media?parent=6401"}],"curies":[{"name":"wp","href":"https:\/\/api.w.org\/{rel}","templated":true}]}}