{"id":6399,"date":"2023-02-02T22:08:22","date_gmt":"2023-02-02T22:08:22","guid":{"rendered":"https:\/\/emea.technetix.com\/hfc-netzwerke\/komponenten-fur-hausnetzwerke\/hdmi-kabel\/"},"modified":"2023-05-06T19:54:21","modified_gmt":"2023-05-06T19:54:21","slug":"hdmi-kabel","status":"publish","type":"page","link":"https:\/\/emea.technetix.com\/de\/hfc-netzwerke\/komponenten-fur-hausnetzwerke\/hdmi-kabel\/","title":{"rendered":"HDMI-Kabel"},"content":{"rendered":"<div class=\"gb-container gb-container-f86f3f4f gb-container-hero-banner\"><div class=\"gb-inside-container\">\n<h1 class=\"gb-headline gb-headline-e1547755 gb-headline-text gb-headline-hero-banner-title\">HDMI-Kabel<\/h1>\n<\/div><\/div>\n\n<div class=\"gb-container gb-container-5874dbc5 gb-container-inner-back-page-con\">\n\n<h2 class=\"gb-headline gb-headline-d02c52e4 gb-headline-text\">Die finale Verbindung HDMI-Kabel \u2212 f\u00fcr das perfekte Bild. <\/h2>\n\n\n\n<ul class=\"wp-block-list\">\n<li>Unterst\u00fctzt die neuesten 4K UHD, ARC und 3D-Technologien<\/li>\n\n\n\n<li>Garantierte zertifizierte Leistung entsprechend v1.4, v2.0 oder v2.1<\/li>\n\n\n\n<li>Anpassbare(s) Spezifikation &amp; Design f\u00fcr ma\u00dfgeschneiderte L\u00f6sungen<\/li>\n<\/ul>\n\n\n\n<p class=\"gb-headline gb-headline-6656b5c3 gb-headline-text\">Ihre HF-Signale wurden perfekt in das Haus geliefert und von der Set-Top-Box dekodiert \u2212 nun m\u00fcssen sie in gleicher Qualit\u00e4t noch den Fernseher erreichen. Das passende HDMI-Kabel ist nat\u00fcrlich der beste Weg daf\u00fcr. Es wird jedoch h\u00e4ufig vergessen, dass ein Standard-HDMI-Kabel mit den 4K-Bildschirmen, mit den heutigem Standard und einem gewaltigen Anspruch bei der Verf\u00fcgbarkeit echter 4K-Inhalte, HDR-Materialien und hochaufl\u00f6senden Audioformaten dies nicht immer bew\u00e4ltigen kann. <\/p>\n\n\n\n<figure class=\"gb-block-image gb-block-image-61e35e7d\"><img loading=\"lazy\" decoding=\"async\" width=\"1920\" height=\"992\" class=\"gb-image gb-image-61e35e7d\" src=\"https:\/\/emea.technetix.com\/wp-content\/uploads\/sites\/2\/2023\/02\/hdmi-diagram.jpeg\" alt=\"Unterst\u00fctzt die neuesten 4K UHD, ARC und 3D-Technologien\" srcset=\"https:\/\/emea.technetix.com\/wp-content\/uploads\/sites\/2\/2023\/02\/hdmi-diagram.jpeg 1920w, https:\/\/emea.technetix.com\/wp-content\/uploads\/sites\/2\/2023\/02\/hdmi-diagram-300x155.jpeg 300w, https:\/\/emea.technetix.com\/wp-content\/uploads\/sites\/2\/2023\/02\/hdmi-diagram-1024x529.jpeg 1024w, https:\/\/emea.technetix.com\/wp-content\/uploads\/sites\/2\/2023\/02\/hdmi-diagram-768x397.jpeg 768w, https:\/\/emea.technetix.com\/wp-content\/uploads\/sites\/2\/2023\/02\/hdmi-diagram-1536x794.jpeg 1536w, https:\/\/emea.technetix.com\/wp-content\/uploads\/sites\/2\/2023\/02\/hdmi-diagram-600x310.jpeg 600w\" sizes=\"auto, (max-width: 1920px) 100vw, 1920px\" \/><\/figure>\n\n\n\n<h2 class=\"gb-headline gb-headline-6b17d0fd gb-headline-text gb-headline-h2-in-content\">Perfekte Bilder \u2212 garantiert<\/h2>\n\n\n\n<p class=\"gb-headline gb-headline-623f5b86 gb-headline-text\">HDMI-Kabel von Technetix werden unter Verwendung sorgf\u00e4ltig ausgesuchter Materialien gefertigt und erf\u00fcllen alle Anforderungen der neuesten Hardware-Generation. Sie erf\u00fcllen vollumf\u00e4nglich die vom HDMI Licensing Administrator (HDMI.org) gesetzten Standards. Wir arbeiten nur mit freigegebenen Steckverbinderlieferanten zusammen. Unsere Fertigungseinrichtungen sind offizielle Anwender des HDMI.org-Entwicklungsprogramms. Unsere Kabel durchlaufen w\u00e4hrend der Fertigung einen rigorosen Qualit\u00e4tssicherungsprozess und werden vor dem Versand zu 100 % getestet.   <\/p>\n\n\n\n<p class=\"gb-headline gb-headline-c9b08205 gb-headline-text\">HDMI-Kabel sind entsprechend der Definition von HDMI.org in drei Hauptkategorien verf\u00fcgbar:<\/p>\n\n\n\n<ul class=\"wp-block-list\">\n<li>High Speed: Empfohlen f\u00fcr Signale bis zu 1080p<\/li>\n\n\n\n<li>Premium High Speed: Perfekt f\u00fcr jede Hardware mit 4K-Aufl\u00f6sung<\/li>\n\n\n\n<li>Ultra High Speed: Essentiell f\u00fcr Spiele mit extremen 8K- und 10K-Aufl\u00f6sungen<\/li>\n<\/ul>\n\n\n\n<p class=\"gb-headline gb-headline-7d9b84a1 gb-headline-text\">Unsere Kabel unterst\u00fctzen die neuesten Technologien. Dies umfasst auch Deep Colour, 3D, ARC und Ethernet Channel, was perfekt zu allen Applikationen passt. Wir k\u00f6nnen eine Vielzahl von Anpassungen bez\u00fcglich L\u00e4ngen, Farben, Steckergeh\u00e4usen, Kabeldurchmessern und Verpackungsoptionen realisieren. Wir k\u00f6nnen sogar kundenspezifische Logos und Designs auf und in die Steckergeh\u00e4use einbringen und so ein ma\u00dfgeschneidertes Produkt f\u00fcr Ihre Anforderungen bereitstellen und dabei garantieren, dass das Kabel perfekt zur Hardware passt.  <\/p>\n\n\n\n<p class=\"gb-headline gb-headline-712dbc3d gb-headline-text\">Ganz gleich ob Sie ein besonderes Slimline-Kabel mit Premium-Leistung oder ein konventionelles 2m-HDMI-Kabel ben\u00f6tigen \u2212 Technetix kann die L\u00f6sung bereitstellen. Die Handelsverpackungsoptionen reichen von einfachen h\u00e4ngenden Tr\u00e4gern bis zu folienbeschrifteten Boxen und sind durchweg optionale Zusatzausstattungen f\u00fcr Ihr Produkt. <\/p>\n\n\n\n<p class=\"gb-headline gb-headline-1ec254a9 gb-headline-text\">Kontaktieren Sie uns und gew\u00e4hrleisten Sie, dass Ihre Kunden die Leistung erhalten, die sie verdienen \u2212 garantiert!<\/p>\n\n\n\n<figure class=\"gb-block-image gb-block-image-6c544550\"><img loading=\"lazy\" decoding=\"async\" width=\"1000\" height=\"1000\" class=\"gb-image gb-image-6c544550\" src=\"https:\/\/emea.technetix.com\/wp-content\/uploads\/sites\/2\/2023\/02\/HDMIwithPaperTies.jpeg\" alt=\"HDMI-Kabel - Perfekte Bilder \u2212 garantiert\" srcset=\"https:\/\/emea.technetix.com\/wp-content\/uploads\/sites\/2\/2023\/02\/HDMIwithPaperTies.jpeg 1000w, https:\/\/emea.technetix.com\/wp-content\/uploads\/sites\/2\/2023\/02\/HDMIwithPaperTies-300x300.jpeg 300w, https:\/\/emea.technetix.com\/wp-content\/uploads\/sites\/2\/2023\/02\/HDMIwithPaperTies-150x150.jpeg 150w, https:\/\/emea.technetix.com\/wp-content\/uploads\/sites\/2\/2023\/02\/HDMIwithPaperTies-768x768.jpeg 768w, https:\/\/emea.technetix.com\/wp-content\/uploads\/sites\/2\/2023\/02\/HDMIwithPaperTies-600x600.jpeg 600w, https:\/\/emea.technetix.com\/wp-content\/uploads\/sites\/2\/2023\/02\/HDMIwithPaperTies-100x100.jpeg 100w\" sizes=\"auto, (max-width: 1000px) 100vw, 1000px\" \/><\/figure>\n\n<\/div>\n\n<div class=\"gb-container gb-container-d2a8dd60 gb-container-con-buttons-bottom\">\n\n<h2 class=\"gb-headline gb-headline-7ce6fa4b gb-headline-text gb-headline-head-bottom-buttons\">N\u00fctzliche Links<\/h2>\n\n\n<div class=\"gb-button-wrapper gb-button-wrapper-5300c273 gb-button-wrapper-after-con-buttons\">\n\n<a class=\"gb-button gb-button-3eadfa91 gb-button-text gb-button-bottom-button\" href=\"https:\/\/emea.technetix.com\/wp-content\/uploads\/sites\/2\/2023\/02\/19008246_HDMI-LGI-2P_DS_EN.pdf\" target=\"_blank\" rel=\"noopener noreferrer\">Datenblatt<\/a>\n\n\n\n<a class=\"gb-button gb-button-4ceed201 gb-button-text gb-button-bottom-button\" href=\"https:\/\/emea.technetix.com\/de\/produkte\/breitband-technologie\/cpe-peripherie\/\">\u00dcberblick \u00fcber die Serie<\/a>\n\n\n\n<a class=\"gb-button gb-button-74bfad52 gb-button-text gb-button-bottom-button\" href=\"https:\/\/emea.technetix.com\/de\/kontakt\/\">Kontakt<\/a>\n\n<\/div>\n<\/div>","protected":false},"excerpt":{"rendered":"<p>HDMI-Kabel Die finale Verbindung HDMI-Kabel \u2212 f\u00fcr das perfekte Bild. Ihre HF-Signale wurden perfekt in das Haus geliefert und von der Set-Top-Box dekodiert \u2212 nun m\u00fcssen sie in gleicher Qualit\u00e4t noch den Fernseher erreichen. Das passende HDMI-Kabel ist nat\u00fcrlich der beste Weg daf\u00fcr. Es wird jedoch h\u00e4ufig vergessen, dass ein Standard-HDMI-Kabel mit den 4K-Bildschirmen, mit &#8230; <a title=\"HDMI-Kabel\" class=\"read-more\" href=\"https:\/\/emea.technetix.com\/de\/hfc-netzwerke\/komponenten-fur-hausnetzwerke\/hdmi-kabel\/\" aria-label=\"Mehr Informationen \u00fcber HDMI-Kabel\">Read more<\/a><\/p>\n","protected":false},"author":1,"featured_media":2514,"parent":6195,"menu_order":0,"comment_status":"open","ping_status":"closed","template":"","meta":{"_acf_changed":false,"_gspb_post_css":"","footnotes":""},"class_list":["post-6399","page","type-page","status-publish","has-post-thumbnail"],"yoast_head":"<!-- This site is optimized with the Yoast SEO Premium plugin v22.5 (Yoast SEO v27.3) - https:\/\/yoast.com\/product\/yoast-seo-premium-wordpress\/ -->\n<title>HDMI-Kabel - Technetix EMEA<\/title>\n<meta name=\"robots\" content=\"index, follow, max-snippet:-1, max-image-preview:large, max-video-preview:-1\" \/>\n<link rel=\"canonical\" href=\"https:\/\/emea.technetix.com\/de\/hfc-netzwerke\/komponenten-fur-hausnetzwerke\/hdmi-kabel\/\" \/>\n<meta property=\"og:locale\" content=\"de_DE\" \/>\n<meta property=\"og:type\" content=\"article\" \/>\n<meta property=\"og:title\" content=\"HDMI-Kabel - Technetix EMEA\" \/>\n<meta property=\"og:description\" content=\"HDMI-Kabel Die finale Verbindung HDMI-Kabel \u2212 f\u00fcr das perfekte Bild. Ihre HF-Signale wurden perfekt in das Haus geliefert und von der Set-Top-Box dekodiert \u2212 nun m\u00fcssen sie in gleicher Qualit\u00e4t noch den Fernseher erreichen. Das passende HDMI-Kabel ist nat\u00fcrlich der beste Weg daf\u00fcr. Es wird jedoch h\u00e4ufig vergessen, dass ein Standard-HDMI-Kabel mit den 4K-Bildschirmen, mit ... Read more\" \/>\n<meta property=\"og:url\" content=\"https:\/\/emea.technetix.com\/de\/hfc-netzwerke\/komponenten-fur-hausnetzwerke\/hdmi-kabel\/\" \/>\n<meta property=\"og:site_name\" content=\"Technetix EMEA\" \/>\n<meta property=\"article:modified_time\" content=\"2023-05-06T19:54:21+00:00\" \/>\n<meta property=\"og:image\" content=\"https:\/\/emea.technetix.com\/wp-content\/uploads\/sites\/2\/2023\/02\/LANDING_PAGE_LARGE_HDMI_FINAL.jpeg\" \/>\n\t<meta property=\"og:image:width\" content=\"1920\" \/>\n\t<meta property=\"og:image:height\" content=\"450\" \/>\n\t<meta property=\"og:image:type\" content=\"image\/jpeg\" \/>\n<meta name=\"twitter:card\" content=\"summary_large_image\" \/>\n<meta name=\"twitter:site\" content=\"@technetixgroup\" \/>\n<meta name=\"twitter:label1\" content=\"Gesch\u00e4tzte Lesezeit\" \/>\n\t<meta name=\"twitter:data1\" content=\"2\u00a0Minuten\" \/>\n<script type=\"application\/ld+json\" class=\"yoast-schema-graph\">{\"@context\":\"https:\\\/\\\/schema.org\",\"@graph\":[{\"@type\":\"WebPage\",\"@id\":\"https:\\\/\\\/emea.technetix.com\\\/de\\\/hfc-netzwerke\\\/komponenten-fur-hausnetzwerke\\\/hdmi-kabel\\\/\",\"url\":\"https:\\\/\\\/emea.technetix.com\\\/de\\\/hfc-netzwerke\\\/komponenten-fur-hausnetzwerke\\\/hdmi-kabel\\\/\",\"name\":\"HDMI-Kabel - Technetix EMEA\",\"isPartOf\":{\"@id\":\"https:\\\/\\\/emea.technetix.com\\\/de\\\/#website\"},\"primaryImageOfPage\":{\"@id\":\"https:\\\/\\\/emea.technetix.com\\\/de\\\/hfc-netzwerke\\\/komponenten-fur-hausnetzwerke\\\/hdmi-kabel\\\/#primaryimage\"},\"image\":{\"@id\":\"https:\\\/\\\/emea.technetix.com\\\/de\\\/hfc-netzwerke\\\/komponenten-fur-hausnetzwerke\\\/hdmi-kabel\\\/#primaryimage\"},\"thumbnailUrl\":\"https:\\\/\\\/emea.technetix.com\\\/wp-content\\\/uploads\\\/sites\\\/2\\\/2023\\\/02\\\/LANDING_PAGE_LARGE_HDMI_FINAL.jpeg\",\"datePublished\":\"2023-02-02T22:08:22+00:00\",\"dateModified\":\"2023-05-06T19:54:21+00:00\",\"breadcrumb\":{\"@id\":\"https:\\\/\\\/emea.technetix.com\\\/de\\\/hfc-netzwerke\\\/komponenten-fur-hausnetzwerke\\\/hdmi-kabel\\\/#breadcrumb\"},\"inLanguage\":\"de\",\"potentialAction\":[{\"@type\":\"ReadAction\",\"target\":[\"https:\\\/\\\/emea.technetix.com\\\/de\\\/hfc-netzwerke\\\/komponenten-fur-hausnetzwerke\\\/hdmi-kabel\\\/\"]}]},{\"@type\":\"ImageObject\",\"inLanguage\":\"de\",\"@id\":\"https:\\\/\\\/emea.technetix.com\\\/de\\\/hfc-netzwerke\\\/komponenten-fur-hausnetzwerke\\\/hdmi-kabel\\\/#primaryimage\",\"url\":\"https:\\\/\\\/emea.technetix.com\\\/wp-content\\\/uploads\\\/sites\\\/2\\\/2023\\\/02\\\/LANDING_PAGE_LARGE_HDMI_FINAL.jpeg\",\"contentUrl\":\"https:\\\/\\\/emea.technetix.com\\\/wp-content\\\/uploads\\\/sites\\\/2\\\/2023\\\/02\\\/LANDING_PAGE_LARGE_HDMI_FINAL.jpeg\",\"width\":1920,\"height\":450},{\"@type\":\"BreadcrumbList\",\"@id\":\"https:\\\/\\\/emea.technetix.com\\\/de\\\/hfc-netzwerke\\\/komponenten-fur-hausnetzwerke\\\/hdmi-kabel\\\/#breadcrumb\",\"itemListElement\":[{\"@type\":\"ListItem\",\"position\":1,\"name\":\"Home\",\"item\":\"https:\\\/\\\/emea.technetix.com\\\/de\\\/\"},{\"@type\":\"ListItem\",\"position\":2,\"name\":\"Breitband Kabel\",\"item\":\"https:\\\/\\\/emea.technetix.com\\\/de\\\/hfc-netzwerke\\\/\"},{\"@type\":\"ListItem\",\"position\":3,\"name\":\"Komponenten f\u00fcr Hausnetzwerke\",\"item\":\"https:\\\/\\\/emea.technetix.com\\\/de\\\/hfc-netzwerke\\\/komponenten-fur-hausnetzwerke\\\/\"},{\"@type\":\"ListItem\",\"position\":4,\"name\":\"HDMI-Kabel\"}]},{\"@type\":\"WebSite\",\"@id\":\"https:\\\/\\\/emea.technetix.com\\\/de\\\/#website\",\"url\":\"https:\\\/\\\/emea.technetix.com\\\/de\\\/\",\"name\":\"Technetix\",\"description\":\"Next-generation broadband equipment engineering\",\"publisher\":{\"@id\":\"https:\\\/\\\/emea.technetix.com\\\/de\\\/#organization\"},\"potentialAction\":[{\"@type\":\"SearchAction\",\"target\":{\"@type\":\"EntryPoint\",\"urlTemplate\":\"https:\\\/\\\/emea.technetix.com\\\/de\\\/?s={search_term_string}\"},\"query-input\":{\"@type\":\"PropertyValueSpecification\",\"valueRequired\":true,\"valueName\":\"search_term_string\"}}],\"inLanguage\":\"de\"},{\"@type\":\"Organization\",\"@id\":\"https:\\\/\\\/emea.technetix.com\\\/de\\\/#organization\",\"name\":\"Technetix\",\"url\":\"https:\\\/\\\/emea.technetix.com\\\/de\\\/\",\"logo\":{\"@type\":\"ImageObject\",\"inLanguage\":\"de\",\"@id\":\"https:\\\/\\\/emea.technetix.com\\\/de\\\/#\\\/schema\\\/logo\\\/image\\\/\",\"url\":\"https:\\\/\\\/emea.technetix.com\\\/wp-content\\\/uploads\\\/sites\\\/2\\\/2023\\\/06\\\/logo-Technetix-1000x1000-1.png\",\"contentUrl\":\"https:\\\/\\\/emea.technetix.com\\\/wp-content\\\/uploads\\\/sites\\\/2\\\/2023\\\/06\\\/logo-Technetix-1000x1000-1.png\",\"width\":1000,\"height\":1000,\"caption\":\"Technetix\"},\"image\":{\"@id\":\"https:\\\/\\\/emea.technetix.com\\\/de\\\/#\\\/schema\\\/logo\\\/image\\\/\"},\"sameAs\":[\"https:\\\/\\\/x.com\\\/technetixgroup\",\"https:\\\/\\\/www.linkedin.com\\\/company\\\/technetix\\\/\",\"https:\\\/\\\/www.youtube.com\\\/c\\\/Technetix-group\"]}]}<\/script>\n<!-- \/ Yoast SEO Premium plugin. -->","yoast_head_json":{"title":"HDMI-Kabel - Technetix EMEA","robots":{"index":"index","follow":"follow","max-snippet":"max-snippet:-1","max-image-preview":"max-image-preview:large","max-video-preview":"max-video-preview:-1"},"canonical":"https:\/\/emea.technetix.com\/de\/hfc-netzwerke\/komponenten-fur-hausnetzwerke\/hdmi-kabel\/","og_locale":"de_DE","og_type":"article","og_title":"HDMI-Kabel - Technetix EMEA","og_description":"HDMI-Kabel Die finale Verbindung HDMI-Kabel \u2212 f\u00fcr das perfekte Bild. Ihre HF-Signale wurden perfekt in das Haus geliefert und von der Set-Top-Box dekodiert \u2212 nun m\u00fcssen sie in gleicher Qualit\u00e4t noch den Fernseher erreichen. Das passende HDMI-Kabel ist nat\u00fcrlich der beste Weg daf\u00fcr. Es wird jedoch h\u00e4ufig vergessen, dass ein Standard-HDMI-Kabel mit den 4K-Bildschirmen, mit ... Read more","og_url":"https:\/\/emea.technetix.com\/de\/hfc-netzwerke\/komponenten-fur-hausnetzwerke\/hdmi-kabel\/","og_site_name":"Technetix EMEA","article_modified_time":"2023-05-06T19:54:21+00:00","og_image":[{"width":1920,"height":450,"url":"https:\/\/emea.technetix.com\/wp-content\/uploads\/sites\/2\/2023\/02\/LANDING_PAGE_LARGE_HDMI_FINAL.jpeg","type":"image\/jpeg"}],"twitter_card":"summary_large_image","twitter_site":"@technetixgroup","twitter_misc":{"Gesch\u00e4tzte Lesezeit":"2\u00a0Minuten"},"schema":{"@context":"https:\/\/schema.org","@graph":[{"@type":"WebPage","@id":"https:\/\/emea.technetix.com\/de\/hfc-netzwerke\/komponenten-fur-hausnetzwerke\/hdmi-kabel\/","url":"https:\/\/emea.technetix.com\/de\/hfc-netzwerke\/komponenten-fur-hausnetzwerke\/hdmi-kabel\/","name":"HDMI-Kabel - Technetix EMEA","isPartOf":{"@id":"https:\/\/emea.technetix.com\/de\/#website"},"primaryImageOfPage":{"@id":"https:\/\/emea.technetix.com\/de\/hfc-netzwerke\/komponenten-fur-hausnetzwerke\/hdmi-kabel\/#primaryimage"},"image":{"@id":"https:\/\/emea.technetix.com\/de\/hfc-netzwerke\/komponenten-fur-hausnetzwerke\/hdmi-kabel\/#primaryimage"},"thumbnailUrl":"https:\/\/emea.technetix.com\/wp-content\/uploads\/sites\/2\/2023\/02\/LANDING_PAGE_LARGE_HDMI_FINAL.jpeg","datePublished":"2023-02-02T22:08:22+00:00","dateModified":"2023-05-06T19:54:21+00:00","breadcrumb":{"@id":"https:\/\/emea.technetix.com\/de\/hfc-netzwerke\/komponenten-fur-hausnetzwerke\/hdmi-kabel\/#breadcrumb"},"inLanguage":"de","potentialAction":[{"@type":"ReadAction","target":["https:\/\/emea.technetix.com\/de\/hfc-netzwerke\/komponenten-fur-hausnetzwerke\/hdmi-kabel\/"]}]},{"@type":"ImageObject","inLanguage":"de","@id":"https:\/\/emea.technetix.com\/de\/hfc-netzwerke\/komponenten-fur-hausnetzwerke\/hdmi-kabel\/#primaryimage","url":"https:\/\/emea.technetix.com\/wp-content\/uploads\/sites\/2\/2023\/02\/LANDING_PAGE_LARGE_HDMI_FINAL.jpeg","contentUrl":"https:\/\/emea.technetix.com\/wp-content\/uploads\/sites\/2\/2023\/02\/LANDING_PAGE_LARGE_HDMI_FINAL.jpeg","width":1920,"height":450},{"@type":"BreadcrumbList","@id":"https:\/\/emea.technetix.com\/de\/hfc-netzwerke\/komponenten-fur-hausnetzwerke\/hdmi-kabel\/#breadcrumb","itemListElement":[{"@type":"ListItem","position":1,"name":"Home","item":"https:\/\/emea.technetix.com\/de\/"},{"@type":"ListItem","position":2,"name":"Breitband Kabel","item":"https:\/\/emea.technetix.com\/de\/hfc-netzwerke\/"},{"@type":"ListItem","position":3,"name":"Komponenten f\u00fcr Hausnetzwerke","item":"https:\/\/emea.technetix.com\/de\/hfc-netzwerke\/komponenten-fur-hausnetzwerke\/"},{"@type":"ListItem","position":4,"name":"HDMI-Kabel"}]},{"@type":"WebSite","@id":"https:\/\/emea.technetix.com\/de\/#website","url":"https:\/\/emea.technetix.com\/de\/","name":"Technetix","description":"Next-generation broadband equipment engineering","publisher":{"@id":"https:\/\/emea.technetix.com\/de\/#organization"},"potentialAction":[{"@type":"SearchAction","target":{"@type":"EntryPoint","urlTemplate":"https:\/\/emea.technetix.com\/de\/?s={search_term_string}"},"query-input":{"@type":"PropertyValueSpecification","valueRequired":true,"valueName":"search_term_string"}}],"inLanguage":"de"},{"@type":"Organization","@id":"https:\/\/emea.technetix.com\/de\/#organization","name":"Technetix","url":"https:\/\/emea.technetix.com\/de\/","logo":{"@type":"ImageObject","inLanguage":"de","@id":"https:\/\/emea.technetix.com\/de\/#\/schema\/logo\/image\/","url":"https:\/\/emea.technetix.com\/wp-content\/uploads\/sites\/2\/2023\/06\/logo-Technetix-1000x1000-1.png","contentUrl":"https:\/\/emea.technetix.com\/wp-content\/uploads\/sites\/2\/2023\/06\/logo-Technetix-1000x1000-1.png","width":1000,"height":1000,"caption":"Technetix"},"image":{"@id":"https:\/\/emea.technetix.com\/de\/#\/schema\/logo\/image\/"},"sameAs":["https:\/\/x.com\/technetixgroup","https:\/\/www.linkedin.com\/company\/technetix\/","https:\/\/www.youtube.com\/c\/Technetix-group"]}]}},"acf":[],"publishpress_future_workflow_manual_trigger":{"enabledWorkflows":[]},"_links":{"self":[{"href":"https:\/\/emea.technetix.com\/de\/wp-json\/wp\/v2\/pages\/6399","targetHints":{"allow":["GET"]}}],"collection":[{"href":"https:\/\/emea.technetix.com\/de\/wp-json\/wp\/v2\/pages"}],"about":[{"href":"https:\/\/emea.technetix.com\/de\/wp-json\/wp\/v2\/types\/page"}],"author":[{"embeddable":true,"href":"https:\/\/emea.technetix.com\/de\/wp-json\/wp\/v2\/users\/1"}],"replies":[{"embeddable":true,"href":"https:\/\/emea.technetix.com\/de\/wp-json\/wp\/v2\/comments?post=6399"}],"version-history":[{"count":0,"href":"https:\/\/emea.technetix.com\/de\/wp-json\/wp\/v2\/pages\/6399\/revisions"}],"up":[{"embeddable":true,"href":"https:\/\/emea.technetix.com\/de\/wp-json\/wp\/v2\/pages\/6195"}],"wp:featuredmedia":[{"embeddable":true,"href":"https:\/\/emea.technetix.com\/de\/wp-json\/wp\/v2\/media\/2514"}],"wp:attachment":[{"href":"https:\/\/emea.technetix.com\/de\/wp-json\/wp\/v2\/media?parent=6399"}],"curies":[{"name":"wp","href":"https:\/\/api.w.org\/{rel}","templated":true}]}}